{"id":43140,"date":"2023-08-21T17:32:01","date_gmt":"2023-08-21T21:32:01","guid":{"rendered":"https:\/\/www.sisinternational.com\/?page_id=43140"},"modified":"2026-01-26T19:01:44","modified_gmt":"2026-01-27T00:01:44","slug":"marktforschung-zur-hotelsanierung","status":"publish","type":"page","link":"https:\/\/www.sisinternational.com\/de\/sachverstand\/marktforschung-zur-hotelsanierung\/","title":{"rendered":"Marktforschung zur Hotelsanierung"},"content":{"rendered":"<h1 class=\"wp-block-heading\">Marktforschung zur Hotelsanierung<\/h1>\n\n\n\n<figure class=\"gb-block-image gb-block-image-f8720860\"><img loading=\"lazy\" decoding=\"async\" width=\"1456\" height=\"816\" class=\"gb-image gb-image-f8720860\" src=\"https:\/\/www.sisinternational.com\/wp-content\/uploads\/2025\/08\/hotel-22.jpg\" alt=\"SIS International Marktforschung &amp; Strategie\" title=\"hotel (22)\" srcset=\"https:\/\/www.sisinternational.com\/wp-content\/uploads\/2025\/08\/hotel-22.jpg 1456w, https:\/\/www.sisinternational.com\/wp-content\/uploads\/2025\/08\/hotel-22-300x168.jpg 300w, https:\/\/www.sisinternational.com\/wp-content\/uploads\/2025\/08\/hotel-22-1024x574.jpg 1024w, https:\/\/www.sisinternational.com\/wp-content\/uploads\/2025\/08\/hotel-22-768x430.jpg 768w, https:\/\/www.sisinternational.com\/wp-content\/uploads\/2025\/08\/hotel-22-18x10.jpg 18w\" sizes=\"auto, (max-width: 1456px) 100vw, 1456px\"><\/figure>\n\n\n\n<p><\/p>\n\n\n\n<p>In der sich st\u00e4ndig weiterentwickelnden Landschaft der Hotelbranche ist es von entscheidender Bedeutung, sicherzustellen, dass die Infrastruktur und Dienstleistungen von Hotels vollst\u00e4ndig auf die zeitgen\u00f6ssischen Anforderungen abgestimmt sind. Und die Marktforschung zur Sanierung von Hotels ist das beste Instrument, um veraltete und leistungsschwache Anlagen in dynamische, gewinnbringende Einheiten umzuwandeln.<\/p>\n\n\n\n<p>Diese Untersuchung gibt nicht nur Aufschluss \u00fcber die Richtung und den Umfang von Sanierungsprojekten, sondern misst auch den potenziellen Erfolg des Vorhabens. Sie bietet Hoteliers eine Blaupause f\u00fcr die Neugestaltung und Revitalisierung ihrer Hotels, indem sie unter anderem demografische Daten, Verbraucherpr\u00e4ferenzen, technologische Trends und Wettbewerbsanalysen analysiert.<\/p>\n\n\n\n<h2 class=\"wp-block-heading\">Vorteile der Marktforschung zur Hotelsanierung<\/h2>\n\n\n\n<p>Investing time and resources into <a href=\"https:\/\/www.sisinternational.com\/de\/sachverstand\/branchen\/chief-investment-officer-cio-fur-marktforschung\/\" title=\"Chief Investment Officer (CIO) Marktforschung\"  data-wpil-monitor-id=\"5111\">Marktforschung zur Hotelsanierung<\/a> can be a game-changer since staying ahead of the curve is vital for ensuring a hotel&#8217;s long-term viability and profitability. Here are the key benefits this research offers:<\/p>\n\n\n\n<ul class=\"wp-block-list\">\n<li><strong>Informierte Entscheidungsfindung:<\/strong> Mit genauen und umfassenden Daten k\u00f6nnen Hoteliers Entscheidungen auf der Grundlage konkreter Beweise treffen, anstatt sich auf Intuition oder Annahmen zu verlassen. Dadurch wird das Risiko fehlgeleiteter Investitionen drastisch reduziert.<\/li>\n\n\n\n<li><strong>Verbraucherpr\u00e4ferenzen verstehen:<\/strong> <a href=\"https:\/\/www.sisinternational.com\/de\/sachverstand\/branchen\/marktforschung-fur-hotelmobel\/\" title=\"Marktforschung f\u00fcr Hotelm\u00f6bel\"  data-wpil-monitor-id=\"7199\">Hotel redevelopment market research<\/a> delves into the current tastes, expectations, and requirements of travelers. This ensures that any redevelopment initiatives are in sync with what the market demands, ensuring higher occupancy and guest satisfaction rates.<\/li>\n\n\n\n<li><strong>Wettbewerbsanalyse:<\/strong> Indem es sich dar\u00fcber im Klaren wird, was die Konkurrenz bietet und wo ihre Schw\u00e4chen liegen, kann sich ein saniertes Hotel positionieren und eine F\u00fchrungsposition in seinem Segment einnehmen.<\/li>\n\n\n\n<li><strong>Finanzprognosen:<\/strong> Marktforschung zur Sanierung von Hotels hilft dabei, realistische Budgets f\u00fcr Sanierungsprojekte festzulegen und Einnahmequellen nach der Sanierung vorherzusagen.<\/li>\n\n\n\n<li><strong>Einblicke in Recht und Compliance:<\/strong> Redeveloping might come with zoning restrictions, environmental considerations, and other legal hurdles. <a href=\"https:\/\/www.sisinternational.com\/de\/losungen\/b2b-markenbekanntheitsmarktforschung\/\" title=\"B2B-Marktforschung zur Markenbekanntheit\"  data-wpil-monitor-id=\"10180\">Market research ensures hoteliers are aware<\/a> of these and can plan accordingly.<\/li>\n\n\n\n<li><strong>Nachhaltigkeitsplanung:<\/strong> With a growing emphasis on eco-friendliness, <a href=\"https:\/\/www.sisinternational.com\/de\/biokraftstoffe-in-der-luftfahrtindustrie\/\" title=\"Marktforschung zur Nachhaltigkeit bei Fluggesellschaften\"  data-wpil-monitor-id=\"10179\">market research can inform hoteliers about sustainable<\/a> practices that are both environmentally responsible and appealing to guests.<\/li>\n\n\n\n<li><strong>Maximierter ROI:<\/strong> Indem sie ihre Sanierungsbem\u00fchungen an den Bed\u00fcrfnissen und Anforderungen des Marktes ausrichten, k\u00f6nnen Hotels einen h\u00f6heren ROI erzielen, sodass die Sanierung nicht nur eine Notwendigkeit, sondern ein rentables Unterfangen ist.<\/li>\n\n\n\n<li><strong>Branding und Positionierung:<\/strong> Marktforschung im Zusammenhang mit der Sanierung von Hotels kann als Orientierung f\u00fcr die Markenbildungsbem\u00fchungen dienen und dabei helfen, das Hotel auf eine Weise zu positionieren, die bei der beabsichtigten Zielgruppe Anklang findet, ganz gleich, ob es sich um Luxusreisende, Gesch\u00e4ftskunden oder preisbewusste Touristen handelt.<\/li>\n<\/ul>\n\n\n\n<h2 class=\"wp-block-heading\">M\u00f6glichkeiten der Marktforschung zur Hotelsanierung<\/h2>\n\n\n\n<figure class=\"gb-block-image gb-block-image-d7896e44\"><img loading=\"lazy\" decoding=\"async\" width=\"1456\" height=\"816\" class=\"gb-image gb-image-d7896e44\" src=\"https:\/\/www.sisinternational.com\/wp-content\/uploads\/2025\/08\/hotel-23.jpg\" alt=\"SIS International Marktforschung &amp; Strategie\" title=\"hotel (23)\" srcset=\"https:\/\/www.sisinternational.com\/wp-content\/uploads\/2025\/08\/hotel-23.jpg 1456w, https:\/\/www.sisinternational.com\/wp-content\/uploads\/2025\/08\/hotel-23-300x168.jpg 300w, https:\/\/www.sisinternational.com\/wp-content\/uploads\/2025\/08\/hotel-23-1024x574.jpg 1024w, https:\/\/www.sisinternational.com\/wp-content\/uploads\/2025\/08\/hotel-23-768x430.jpg 768w, https:\/\/www.sisinternational.com\/wp-content\/uploads\/2025\/08\/hotel-23-18x10.jpg 18w\" sizes=\"auto, (max-width: 1456px) 100vw, 1456px\"><\/figure>\n\n\n\n<p><\/p>\n\n\n\n<p>The hotel redevelopment sector is booming and taking advantage of these opportunities can lead to transformative growth and unique <a href=\"https:\/\/www.sisinternational.com\/de\/losungen\/branding-und-kundenforschungslosungen\/marktforschung-zur-markenpositionierung\/\" title=\"Marktforschung zur Markenpositionierung\"  data-wpil-monitor-id=\"10182\">positioning in the market<\/a>.<\/p>\n\n\n\n<ul class=\"wp-block-list\">\n<li><strong>Aufkommende Technologien:<\/strong> Von virtueller Realit\u00e4t bis hin zu KI-gest\u00fctzter Analytik bieten neue Technologien innovative M\u00f6glichkeiten, Erkenntnisse zu gewinnen. Hotels k\u00f6nnen VR nutzen, um neue Designs oder Layouts mit potenziellen G\u00e4sten zu simulieren und zu testen und so Feedback zu sammeln, noch bevor mit der eigentlichen Umgestaltung begonnen wird.<\/li>\n\n\n\n<li><strong>Lokale Zusammenarbeit:<\/strong> Die Zusammenarbeit mit lokalen Handwerkern, K\u00f6chen oder Historikern kann authentische Einblicke in die Kultur der Region bieten. Dies bietet einen einzigartigen Sanierungsansatz und verwandelt Hotels in authentische Repr\u00e4sentationen ihres Ortes.<\/li>\n\n\n\n<li><strong>Gesundheits- und Wellness-Nische:<\/strong> Die zunehmende Betonung von Gesundheit und Wohlbefinden bietet eine lukrative Nische. Marktforschung zur Sanierung von Hotels kann als Orientierung f\u00fcr Sanierungsstrategien dienen, die sich auf Wellness-Zentren, biologische kulinarische Erlebnisse und Programme zur psychischen Gesundheit konzentrieren.<\/li>\n\n\n\n<li><strong>Flexible Raumnutzung:<\/strong> <a href=\"https:\/\/www.sisinternational.com\/de\/sis-bringt-neue-digitale-forschungslosungen-auf-den-markt\/\" title=\"SIS f\u00fchrt neue Digital Research-L\u00f6sungen ein\"  data-wpil-monitor-id=\"10172\">Research can lead to innovative<\/a> space utilization strategies, such as transformable rooms or multi-purpose areas, catering to diverse guest needs ranging from business meetings to wellness retreats.<\/li>\n\n\n\n<li><strong>Kultureller Tourismus:<\/strong> With more travelers seeking authentic cultural experiences, there is an <a href=\"https:\/\/www.sisinternational.com\/de\/losungen\/strategieberatung\/markteintrittschancenforschung\/\" title=\"Markteintritts- und Opportunit\u00e4tsforschung\"  data-wpil-monitor-id=\"10181\">opportunity to research<\/a> and develop themes, events, or experiences centered around local festivals, art forms, or traditions.<\/li>\n\n\n\n<li><strong>Adaptives Wiederverwendungspotenzial:<\/strong> Anstatt neue Geb\u00e4ude zu errichten, werden bestehende Strukturen zunehmend wiederverwendet, um Kosten zu sparen und vorhandene Ressourcen zu nutzen. Durch Forschung lassen sich solche potenziellen Eigenschaften identifizieren, die eine Mischung aus Nostalgie und Neuheit bieten.<\/li>\n<\/ul>\n\n\n\n<h2 class=\"wp-block-heading\">Herausforderungen in der Marktforschung zur Hotelsanierung<\/h2>\n\n\n\n<p>Marktforschung zur Sanierung von Hotels ist f\u00fcr die Umgestaltung alternder Hotelimmobilien von entscheidender Bedeutung. Der Prozess der Erfassung, Analyse und Umsetzung dieser Forschungsergebnisse bringt jedoch einige Herausforderungen mit sich, wie zum Beispiel:<\/p>\n\n\n\n<ul class=\"wp-block-list\">\n<li><strong>Ver\u00e4nderte Verbraucherpr\u00e4ferenzen:<\/strong> Da sich Reisetrends insbesondere im digitalen Zeitalter rasch \u00e4ndern, stellt es eine gro\u00dfe Herausforderung dar, mit den st\u00e4ndig wechselnden Anforderungen der Verbraucher Schritt zu halten.<\/li>\n\n\n\n<li><strong>Wirtschaftliche und politische Unsicherheit:<\/strong> Globale Ereignisse, wirtschaftliche Abschw\u00fcnge oder politische Instabilit\u00e4t k\u00f6nnen Reisetrends beeinflussen. Diese Ver\u00e4nderungen vorherzusagen und ihre langfristigen Auswirkungen auf die Neuentwicklung zu verstehen, kann schwierig sein.<\/li>\n\n\n\n<li><strong>Kulturelle Empfindlichkeiten:<\/strong> Beim Einbeziehen lokaler \u00c4sthetik oder Erfahrungen ist die Grenze zwischen Wertsch\u00e4tzung und Aneignung schmal. Echte lokale Einblicke zu erhalten, ohne zu verallgemeinern oder zu stereotypisieren, ist eine Herausforderung.<\/li>\n\n\n\n<li><strong>Budgetbeschr\u00e4nkungen:<\/strong> Comprehensive <a href=\"https:\/\/www.sisinternational.com\/de\/sachverstand\/branchen\/marktforschung-zu-naturlichen-ressourcen\/\" title=\"Marktforschung f\u00fcr nat\u00fcrliche Ressourcen\"  data-wpil-monitor-id=\"10177\">market research requires significant resources<\/a>. Smaller hotels or those already facing financial strains might find it challenging to invest adequately in research.<\/li>\n\n\n\n<li><strong>Wettbewerbss\u00e4ttigung:<\/strong> As more <a href=\"https:\/\/www.sisinternational.com\/de\/losungen\/reise-tourismus-und-gastgewerbeberatung\/hotelmanagementunternehmen-marktforschung-strategieberatung\/\" title=\"Marktforschung und Strategieberatung f\u00fcr Hotelmanagementunternehmen\"  data-wpil-monitor-id=\"10174\">hotels turn to similar market research strategies<\/a>, there&#8217;s a risk of the industry becoming homogenized. Standing out while still catering to identified trends becomes a paradoxical challenge.<\/li>\n<\/ul>\n\n\n\n<h2 class=\"wp-block-heading\">Ausblick: Trends, die bei der Sanierung von Hotels zu beachten sind<\/h2>\n\n\n\n<figure class=\"gb-block-image gb-block-image-ee20f69a\"><img loading=\"lazy\" decoding=\"async\" width=\"1456\" height=\"816\" class=\"gb-image gb-image-ee20f69a\" src=\"https:\/\/www.sisinternational.com\/wp-content\/uploads\/2025\/08\/hotel-18.jpg\" alt=\"SIS International Marktforschung &amp; Strategie\" title=\"hotel (18)\" srcset=\"https:\/\/www.sisinternational.com\/wp-content\/uploads\/2025\/08\/hotel-18.jpg 1456w, https:\/\/www.sisinternational.com\/wp-content\/uploads\/2025\/08\/hotel-18-300x168.jpg 300w, https:\/\/www.sisinternational.com\/wp-content\/uploads\/2025\/08\/hotel-18-1024x574.jpg 1024w, https:\/\/www.sisinternational.com\/wp-content\/uploads\/2025\/08\/hotel-18-768x430.jpg 768w, https:\/\/www.sisinternational.com\/wp-content\/uploads\/2025\/08\/hotel-18-18x10.jpg 18w\" sizes=\"auto, (max-width: 1456px) 100vw, 1456px\"><\/figure>\n\n\n\n<p><\/p>\n\n\n\n<p>Durch die Nutzung von Erkenntnissen aus der Marktforschung zur Sanierung von Hotels k\u00f6nnen Hotels einige Trends erkennen, die die Zukunft dieses Sektors beeinflussen werden. Im Folgenden sind einige Trends aufgef\u00fchrt, die die Zukunft dieser Branche beeinflussen werden:<\/p>\n\n\n\n<ul class=\"wp-block-list\">\n<li><strong>Nachhaltigkeit ist der Schl\u00fcssel:<\/strong> Da das globale Bewusstsein f\u00fcr Umweltbelange w\u00e4chst, treffen Reisende bewusstere Entscheidungen. Hotels werden zunehmend nachhaltige Designs, gr\u00fcne Technologien und umweltfreundliche Praktiken integrieren. Marktforschung zur Sanierung von Hotels wird der Schl\u00fcssel zur Ermittlung der besten Praktiken sein, die bei umweltbewussten Reisenden Anklang finden.<\/li>\n\n\n\n<li><strong>Lokalisierte Erfahrungen:<\/strong> Das Hotelerlebnis weicht Unterk\u00fcnften, die die lokale Kultur, das Erbe und die Kunst widerspiegeln. Zuk\u00fcnftige Sanierungsprojekte werden sich darauf konzentrieren, ein Gef\u00fchl f\u00fcr den Ort zu schaffen und Reisenden einen authentischen Eindruck ihres Reiseziels zu vermitteln.<\/li>\n\n\n\n<li><strong>Hybridanlagen:<\/strong> Von Hotels wird erwartet, dass sie R\u00e4ume schaffen, die all diesen Bed\u00fcrfnissen gerecht werden. Erwarten Sie mehr Co-Working-Spaces, Freizeitzonen und Entspannungsecken auf dem Hotelgel\u00e4nde, angetrieben von Erkenntnissen aus der Marktforschung zur Hotelsanierung.<\/li>\n\n\n\n<li><a href=\"https:\/\/www.sisinternational.com\/de\/losungen\/reise-tourismus-und-gastgewerbeberatung\/beratung-zu-intelligenter-hoteltechnologie\/\" title=\"Beratung zu intelligenter Hoteltechnologie\"  data-wpil-monitor-id=\"10176\">Smart Hotels: Technology<\/a> will be deeply embedded in the hotel experience. From AI-driven concierge services to IoT-powered rooms, technological advancements will redefine luxury and convenience in accommodations.<\/li>\n\n\n\n<li><strong>Community-Integration:<\/strong> Statt isolierte Geb\u00e4ude zu sein, streben die sanierten Hotels eine st\u00e4rkere Integration in die lokale Gemeinschaft an, indem sie R\u00e4umlichkeiten f\u00fcr lokale Veranstaltungen, M\u00e4rkte oder Zusammenk\u00fcnfte bieten und so das Gemeinschaftsgef\u00fchl f\u00f6rdern.<\/li>\n\n\n\n<li><strong>Erlebnisangebote:<\/strong> Auf Grundlage von Marktforschungsergebnissen zur Sanierung von Hotels k\u00f6nnen Hotels einzigartige Erlebnisse f\u00fcr ihre G\u00e4ste organisieren, sei es in Form kulinarischer Abenteuer, Kunstworkshops oder lokaler Touren, und so den Wert ihres Aufenthalts steigern.<\/li>\n\n\n\n<li><strong>Adaptive Wiederverwendung:<\/strong> Anstatt neue Geb\u00e4ude zu errichten, wird es einen wachsenden Trend geben, alte Geb\u00e4ude, Lagerh\u00e4user oder historische St\u00e4tten in einzigartige Hotelimmobilien umzuwandeln und so Geschichte mit Moderne zu verbinden.<\/li>\n<\/ul>","protected":false},"excerpt":{"rendered":"<p>Die Marktforschung zur Sanierung von Hotels ist das beste Instrument, um veraltete und leistungsschwache Anlagen in dynamische, gewinnbringende Einheiten umzuwandeln.<\/p>","protected":false},"author":1,"featured_media":63522,"parent":14514,"menu_order":331,"comment_status":"closed","ping_status":"closed","template":"","meta":{"footnotes":""},"class_list":["post-43140","page","type-page","status-publish","has-post-thumbnail"],"_links":{"self":[{"href":"https:\/\/www.sisinternational.com\/de\/wp-json\/wp\/v2\/pages\/43140","targetHints":{"allow":["GET"]}}],"collection":[{"href":"https:\/\/www.sisinternational.com\/de\/wp-json\/wp\/v2\/pages"}],"about":[{"href":"https:\/\/www.sisinternational.com\/de\/wp-json\/wp\/v2\/types\/page"}],"author":[{"embeddable":true,"href":"https:\/\/www.sisinternational.com\/de\/wp-json\/wp\/v2\/users\/1"}],"replies":[{"embeddable":true,"href":"https:\/\/www.sisinternational.com\/de\/wp-json\/wp\/v2\/comments?post=43140"}],"version-history":[{"count":6,"href":"https:\/\/www.sisinternational.com\/de\/wp-json\/wp\/v2\/pages\/43140\/revisions"}],"predecessor-version":[{"id":81682,"href":"https:\/\/www.sisinternational.com\/de\/wp-json\/wp\/v2\/pages\/43140\/revisions\/81682"}],"up":[{"embeddable":true,"href":"https:\/\/www.sisinternational.com\/de\/wp-json\/wp\/v2\/pages\/14514"}],"wp:featuredmedia":[{"embeddable":true,"href":"https:\/\/www.sisinternational.com\/de\/wp-json\/wp\/v2\/media\/63522"}],"wp:attachment":[{"href":"https:\/\/www.sisinternational.com\/de\/wp-json\/wp\/v2\/media?parent=43140"}],"curies":[{"name":"wp","href":"https:\/\/api.w.org\/{rel}","templated":true}]}}