{"id":43137,"date":"2023-08-21T16:56:11","date_gmt":"2023-08-21T20:56:11","guid":{"rendered":"https:\/\/www.sisinternational.com\/?page_id=43137"},"modified":"2026-02-15T16:49:52","modified_gmt":"2026-02-15T21:49:52","slug":"marktforschung-zur-neugestaltung-des-hotelangebots","status":"publish","type":"page","link":"https:\/\/www.sisinternational.com\/de\/sachverstand\/marktforschung-zur-neugestaltung-des-hotelangebots\/","title":{"rendered":"Marktforschung zur Hotel-Rebranding"},"content":{"rendered":"<h1 class=\"wp-block-heading\">Marktforschung zur Hotel-Rebranding<\/h1>\n\n\n\n<figure class=\"gb-block-image gb-block-image-f1da408e\"><img loading=\"lazy\" decoding=\"async\" width=\"1456\" height=\"816\" class=\"gb-image gb-image-f1da408e\" src=\"https:\/\/www.sisinternational.com\/wp-content\/uploads\/2025\/08\/Hotel-furniture-11.jpg\" alt=\"SIS International Marktforschung &amp; Strategie\" title=\"Hotel furniture (11)\" srcset=\"https:\/\/www.sisinternational.com\/wp-content\/uploads\/2025\/08\/Hotel-furniture-11.jpg 1456w, https:\/\/www.sisinternational.com\/wp-content\/uploads\/2025\/08\/Hotel-furniture-11-300x168.jpg 300w, https:\/\/www.sisinternational.com\/wp-content\/uploads\/2025\/08\/Hotel-furniture-11-1024x574.jpg 1024w, https:\/\/www.sisinternational.com\/wp-content\/uploads\/2025\/08\/Hotel-furniture-11-768x430.jpg 768w, https:\/\/www.sisinternational.com\/wp-content\/uploads\/2025\/08\/Hotel-furniture-11-18x10.jpg 18w\" sizes=\"auto, (max-width: 1456px) 100vw, 1456px\"><\/figure>\n\n\n\n<p><\/p>\n\n\n\n<hr class=\"wp-block-separator has-alpha-channel-opacity is-style-dots\"\/>\n\n\n\n<p>Bei der Neugestaltung eines Hotels geht es um mehr als nur ein neu gestaltetes Logo. Es handelt sich um eine strategische Transformation, um die Marke wettbewerbsf\u00e4higer und attraktiver f\u00fcr ihre Kunden zu machen. Hier kommt die entscheidende Rolle der Marktforschung zur Neugestaltung von Hotels zum Tragen.<\/p>\n\n\n\n<p>Marktforschung zum Rebranding von Hotels unterst\u00fctzt globale Unternehmen dabei, ihre Marke zu modernisieren und mit einem Redesign, das es ihnen erm\u00f6glicht, mit den Neuigkeiten des Marktes Schritt zu halten, ein neues Publikum anzusprechen.<\/p>\n\n\n\n<h2 class=\"wp-block-heading\">Warum ist Marktforschung bei der Neugestaltung von Hotels so wichtig?<\/h2>\n\n\n\n<figure class=\"gb-block-image gb-block-image-ed76ab28\"><img loading=\"lazy\" decoding=\"async\" width=\"1456\" height=\"816\" class=\"gb-image gb-image-ed76ab28\" src=\"https:\/\/www.sisinternational.com\/wp-content\/uploads\/2025\/08\/hotel-24.jpg\" alt=\"SIS International Marktforschung &amp; Strategie\" title=\"hotel (24)\" srcset=\"https:\/\/www.sisinternational.com\/wp-content\/uploads\/2025\/08\/hotel-24.jpg 1456w, https:\/\/www.sisinternational.com\/wp-content\/uploads\/2025\/08\/hotel-24-300x168.jpg 300w, https:\/\/www.sisinternational.com\/wp-content\/uploads\/2025\/08\/hotel-24-1024x574.jpg 1024w, https:\/\/www.sisinternational.com\/wp-content\/uploads\/2025\/08\/hotel-24-768x430.jpg 768w, https:\/\/www.sisinternational.com\/wp-content\/uploads\/2025\/08\/hotel-24-18x10.jpg 18w\" sizes=\"auto, (max-width: 1456px) 100vw, 1456px\"><\/figure>\n\n\n\n<p><\/p>\n\n\n\n<p>Bei der Neugestaltung eines Hotels handelt es sich um eine strategische Umgestaltung, bei der die Identit\u00e4t eines Hotels an die aktuelle Marktdynamik, k\u00fcnftige Ziele und sich entwickelnde Erwartungen der G\u00e4ste angepasst werden soll.<\/p>\n\n\n\n<p>However, beneath this transformation lies several considerations, risks, and opportunities, each of which holds the power to shape the trajectory and outcome of the rebranding endeavor. This is where hotel <a class=\"wpil_keyword_link\" href=\"https:\/\/www.sisinternational.com\/de\/losungen\/branding-und-kundenforschungslosungen\/rebranding-marktforschung\/\" title=\"Rebranding Marktforschung\" data-wpil-keyword-link=\"linked\" data-wpil-monitor-id=\"336\">Rebranding Marktforschung<\/a> becomes an irreplaceable resource to take into account before making any modifications to the brand.<\/p>\n\n\n\n<p>Some of the elements that make hotel <a href=\"https:\/\/www.sisinternational.com\/de\/sachverstand\/branchen\/marktforschung-zur-markenneupositionierung-von-motorradern\/\" title=\"Marktforschung zur Markenneugestaltung f\u00fcr Motorr\u00e4der\" data-wpil-monitor-id=\"4700\">Rebranding Marktforschung<\/a> an indispensable tool include:<\/p>\n\n\n\n<ul class=\"wp-block-list\">\n<li><strong>Demografischer Wandel:<\/strong> As the generational composition of travelers changes, so do their preferences, values, and expectations. <a href=\"https:\/\/www.sisinternational.com\/de\/sachverstand\/branchen\/marktforschung-fur-hotelmobel\/\" title=\"Marktforschung f\u00fcr Hotelm\u00f6bel\" data-wpil-monitor-id=\"7202\">Hotel rebranding market research<\/a> provides valuable perspectives into these evolving dynamics, ensuring that rebranding resonates with both existing and emerging customer segments.<\/li>\n\n\n\n<li><strong>R\u00fcckkopplungsschleife:<\/strong> Ehemalige G\u00e4ste geben wertvolles Feedback dar\u00fcber, was ihnen gefallen hat und was ihnen an ihrem Aufenthalt im Hotel gefehlt hat. Dieses Feedback bildet die Grundlage f\u00fcr die Formulierung von Rebranding-Strategien in der Marktforschung.<\/li>\n\n\n\n<li><strong>Positionierung:<\/strong> Understanding where the hotel currently stands in the market compared to competitors is crucial. <a href=\"https:\/\/www.sisinternational.com\/de\/losungen\/reise-tourismus-und-gastgewerbeberatung\/rebranding-eines-boutique-hotels\/\" title=\"Rebranding eines Boutique-Hotels\" data-wpil-monitor-id=\"2904\">hotel<\/a> rebranding market research can also spotlight areas where competitors are underperforming, providing an opportunity for the hotel to fill those gaps through its rebranding efforts.<\/li>\n\n\n\n<li><strong>Informierte Entscheidungsfindung:<\/strong> Rather than relying on intuition, decisions backed by concrete data minimize risks of missteps or oversights during the rebranding process. <\/li>\n\n\n\n<li><strong>Priorisierung:<\/strong> Marktforschung zur Neugestaltung von Hotels hilft dabei, klare Priorit\u00e4ten zu setzen und sicherzustellen, dass die wirkungsvollsten Elemente des Rebranding-Prozesses zuerst in Angriff genommen werden. Wenn man wei\u00df, welche Aspekte der Marke grundlegend \u00fcberarbeitet werden m\u00fcssen und welche nur geringf\u00fcgig angepasst werden m\u00fcssen, kann man die Ressourcen optimal verteilen.<\/li>\n\n\n\n<li><strong>Konsistenz:<\/strong> Eine umfassende Marktforschung zum Thema Hotel-Rebranding stellt sicher, dass alle Elemente des Rebrandings, von visuellen Elementen bis hin zum G\u00e4steerlebnis, eine konsistente und stimmige Markenbotschaft vermitteln.<\/li>\n<\/ul>\n\n\n\n<p><\/p>","protected":false},"excerpt":{"rendered":"<p>Bei der Neugestaltung eines Hotels handelt es sich um eine strategische Umgestaltung, bei der die Identit\u00e4t eines Hotels an die Marktdynamik, die Ziele und die Erwartungen der G\u00e4ste angepasst wird.<\/p>","protected":false},"author":1,"featured_media":63584,"parent":14514,"menu_order":330,"comment_status":"closed","ping_status":"closed","template":"","meta":{"footnotes":""},"class_list":["post-43137","page","type-page","status-publish","has-post-thumbnail"],"_links":{"self":[{"href":"https:\/\/www.sisinternational.com\/de\/wp-json\/wp\/v2\/pages\/43137","targetHints":{"allow":["GET"]}}],"collection":[{"href":"https:\/\/www.sisinternational.com\/de\/wp-json\/wp\/v2\/pages"}],"about":[{"href":"https:\/\/www.sisinternational.com\/de\/wp-json\/wp\/v2\/types\/page"}],"author":[{"embeddable":true,"href":"https:\/\/www.sisinternational.com\/de\/wp-json\/wp\/v2\/users\/1"}],"replies":[{"embeddable":true,"href":"https:\/\/www.sisinternational.com\/de\/wp-json\/wp\/v2\/comments?post=43137"}],"version-history":[{"count":10,"href":"https:\/\/www.sisinternational.com\/de\/wp-json\/wp\/v2\/pages\/43137\/revisions"}],"predecessor-version":[{"id":82701,"href":"https:\/\/www.sisinternational.com\/de\/wp-json\/wp\/v2\/pages\/43137\/revisions\/82701"}],"up":[{"embeddable":true,"href":"https:\/\/www.sisinternational.com\/de\/wp-json\/wp\/v2\/pages\/14514"}],"wp:featuredmedia":[{"embeddable":true,"href":"https:\/\/www.sisinternational.com\/de\/wp-json\/wp\/v2\/media\/63584"}],"wp:attachment":[{"href":"https:\/\/www.sisinternational.com\/de\/wp-json\/wp\/v2\/media?parent=43137"}],"curies":[{"name":"wp","href":"https:\/\/api.w.org\/{rel}","templated":true}]}}