{"id":43132,"date":"2023-08-21T16:15:21","date_gmt":"2023-08-21T20:15:21","guid":{"rendered":"https:\/\/www.sisinternational.com\/?page_id=43132"},"modified":"2026-03-12T22:38:10","modified_gmt":"2026-03-13T02:38:10","slug":"marktforschung-zur-hausrenovierung","status":"publish","type":"page","link":"https:\/\/www.sisinternational.com\/de\/construction-market-research-solutions\/marktforschung-zur-hausrenovierung\/","title":{"rendered":"Marktforschung zur Hausrenovierung"},"content":{"rendered":"<h1 class=\"wp-block-heading\">Marktforschung zur Hausrenovierung<\/h1>\n\n\n\n<figure class=\"gb-block-image gb-block-image-7b60054c\"><img loading=\"lazy\" decoding=\"async\" width=\"1456\" height=\"816\" class=\"gb-image gb-image-7b60054c\" src=\"https:\/\/www.sisinternational.com\/wp-content\/uploads\/2025\/08\/Home-Remodeling-3.jpg\" alt=\"SIS International Marktforschung &amp; Strategie\" title=\"Home Remodeling (3)\" srcset=\"https:\/\/www.sisinternational.com\/wp-content\/uploads\/2025\/08\/Home-Remodeling-3.jpg 1456w, https:\/\/www.sisinternational.com\/wp-content\/uploads\/2025\/08\/Home-Remodeling-3-300x168.jpg 300w, https:\/\/www.sisinternational.com\/wp-content\/uploads\/2025\/08\/Home-Remodeling-3-1024x574.jpg 1024w, https:\/\/www.sisinternational.com\/wp-content\/uploads\/2025\/08\/Home-Remodeling-3-768x430.jpg 768w, https:\/\/www.sisinternational.com\/wp-content\/uploads\/2025\/08\/Home-Remodeling-3-18x10.jpg 18w\" sizes=\"auto, (max-width: 1456px) 100vw, 1456px\"><\/figure>\n\n\n\n<p><\/p>\n\n\n\n<p>In der Welt der Immobilien und der Innenarchitektur gibt es die Branche der Hausrenovierung. Eine Branche, die gesellschaftliche Werte, wirtschaftliche Ver\u00e4nderungen und pers\u00f6nliche Bestrebungen widerspiegelt \u2013 und heute versuchen Hausbesitzer, ihre Wohnr\u00e4ume nicht nur aus \u00e4sthetischen Gr\u00fcnden, sondern auch aus Gr\u00fcnden der Funktionalit\u00e4t, Nachhaltigkeit und sogar des Wohlbefindens umzugestalten.<\/p>\n\n\n\n<p>Basierend auf diesem Trend erweist sich die Marktforschung im Bereich der Eigenheimrenovierung als bemerkenswertes Instrument zur Erkennung der Kundenbed\u00fcrfnisse in diesem sich st\u00e4ndig weiterentwickelnden Markt.<\/p>\n\n\n\n<h2 class=\"wp-block-heading\">Warum ist die Marktforschung im Bereich Eigenheimrenovierung heute so wichtig?<\/h2>\n\n\n\n<p>In today&#8217;s rapidly evolving socio-economic landscape, the dynamics of the home remodeling industry are shifting at an unprecedented rate. The importance of <a href=\"https:\/\/www.sisinternational.com\/de\/alternative-forschungsmethoden-und-hausbesuche\/\" title=\"Alternative Forschungsmethoden und Hausbesuche\u00a0\"  data-wpil-monitor-id=\"849\">Marktforschung zur Hausrenovierung<\/a> has become even more pronounced, and here&#8217;s why:<\/p>\n\n\n\n<ul class=\"wp-block-list\">\n<li><strong>Die Verbraucherpr\u00e4ferenzen entwickeln sich:<\/strong> The modern homeowner is influenced by <a class=\"wpil_keyword_link\" href=\"https:\/\/www.sisinternational.com\/de\/machen-uns-digitale-medien-buchstablich-dumm-ein-wissenschaftler-aus-der-zukunft-ausert-sich\/\"   title=\"Machen uns digitale Medien im wahrsten Sinne des Wortes dumm? Ein Wissenschaftler aus der Zukunft \u00e4u\u00dfert sich\" data-wpil-keyword-link=\"linked\"  data-wpil-monitor-id=\"672\">digital media<\/a>, lifestyle shifts, sustainability, and personalization. <a href=\"https:\/\/www.sisinternational.com\/de\/sachverstand\/branchen\/baumarkt-marktforschung\/\" title=\"Marktforschung f\u00fcr Baum\u00e4rkte und Heimwerkerbedarf\"  data-wpil-monitor-id=\"5919\">Home remodeling market research<\/a> offers insights into these ever-evolving preferences, adapting to the growing needs of consumers.<\/li>\n\n\n\n<li><strong>\u00d6konomische Faktoren:<\/strong> Angesichts wirtschaftlicher Schwankungen und der Unberechenbarkeit des Immobilienmarktes entscheiden sich Eigenheimbesitzer h\u00e4ufig f\u00fcr einen Umbau statt f\u00fcr einen Umzug. F\u00fcr Unternehmen in diesem Sektor ist es von gr\u00f6\u00dfter Bedeutung, diesen Wandel und seine Folgen zu verstehen.<\/li>\n\n\n\n<li><strong>Technologische Fortschritte:<\/strong> The rise of smart homes, advanced design software, and virtual reality tools for remodeling previews has revolutionized the industry. <a href=\"https:\/\/www.sisinternational.com\/de\/sachverstand\/branchen\/marktforschung-fur-haushaltsgerate\/\" title=\"Marktforschung f\u00fcr Haushaltsger\u00e4te\"  data-wpil-monitor-id=\"6592\">Home remodeling market research<\/a> provides insights into how technology is being adopted and what the future might hold.<\/li>\n\n\n\n<li><strong>Nachhaltigkeit und Umweltbewusstsein:<\/strong> Da Nachhaltigkeit weltweit immer mehr im Vordergrund steht, suchen Eigenheimbesitzer nach umweltfreundlichen Umbaum\u00f6glichkeiten. Marktforschung beleuchtet diese Trends, von nachhaltigen Materialien bis hin zu energiesparenden L\u00f6sungen.<\/li>\n\n\n\n<li><strong>\u00c4nderungen bei Vorschriften und Compliance:<\/strong> Bauvorschriften, Zonenregelungen und Umweltrichtlinien k\u00f6nnen sich \u00e4ndern und dies wirkt sich auf die Renovierungsbranche aus. Indem Unternehmen durch Marktforschung im Bereich der Hausrenovierung auf dem Laufenden bleiben, k\u00f6nnen sie sicherstellen, dass sie die Vorschriften einhalten und informiert bleiben.<\/li>\n<\/ul>\n\n\n\n<h2 class=\"wp-block-heading\">Wichtige Akteure auf dem Markt f\u00fcr Eigenheimrenovierungen<\/h2>\n\n\n\n<figure class=\"gb-block-image gb-block-image-b4ea77d6\"><img loading=\"lazy\" decoding=\"async\" width=\"1456\" height=\"816\" class=\"gb-image gb-image-b4ea77d6\" src=\"https:\/\/www.sisinternational.com\/wp-content\/uploads\/2025\/08\/Home-Remodeling-4.jpg\" alt=\"SIS International Marktforschung &amp; Strategie\" title=\"Home Remodeling (4)\" srcset=\"https:\/\/www.sisinternational.com\/wp-content\/uploads\/2025\/08\/Home-Remodeling-4.jpg 1456w, https:\/\/www.sisinternational.com\/wp-content\/uploads\/2025\/08\/Home-Remodeling-4-300x168.jpg 300w, https:\/\/www.sisinternational.com\/wp-content\/uploads\/2025\/08\/Home-Remodeling-4-1024x574.jpg 1024w, https:\/\/www.sisinternational.com\/wp-content\/uploads\/2025\/08\/Home-Remodeling-4-768x430.jpg 768w, https:\/\/www.sisinternational.com\/wp-content\/uploads\/2025\/08\/Home-Remodeling-4-18x10.jpg 18w\" sizes=\"auto, (max-width: 1456px) 100vw, 1456px\"><\/figure>\n\n\n\n<p><\/p>\n\n\n\n<p>Die Branche der Hausrenovierung ist ein vielschichtiger Sektor, der eine Vielzahl von Unternehmen und Interessenvertretern umfasst, die alle einen wesentlichen Beitrag zur Gesamtlandschaft leisten. Hier ist ein Blick auf einige der wichtigsten Akteure, die die Richtung, Trends und Innovationen in diesem dynamischen Markt bestimmen:<\/p>\n\n\n\n<ul class=\"wp-block-list\">\n<li><strong>Der Home Depot:<\/strong> Ein amerikanischer Einzelhandelsriese, der auf Heimwerkerbedarf spezialisiert ist.<\/li>\n\n\n\n<li><strong>Lowe&#039;s:<\/strong> Ein weiterer wichtiger Akteur im US-amerikanischen Baumarkt-Einzelhandel.<\/li>\n\n\n\n<li><strong>Menards:<\/strong> Die \u00fcberwiegend im Mittleren Westen vertretene Kette bietet ein breites Sortiment an Heimwerkerartikeln an.<\/li>\n\n\n\n<li><strong>Sherwin-Williams:<\/strong> A global leader in the paint and <a class=\"wpil_keyword_link\" href=\"https:\/\/www.sisinternational.com\/de\/sachverstand\/branchen\/marktforschung-fur-farben-lacke-und-druckfarben\/\"   title=\"Marktforschung f\u00fcr Farben, Lacke und Druckfarben\" data-wpil-keyword-link=\"linked\"  data-wpil-monitor-id=\"337\">coatings<\/a> industry.<\/li>\n\n\n\n<li><strong>IKEA:<\/strong> Der schwedische multinationale Konzern bietet eine Reihe erschwinglicher Einrichtungsprodukte an und beeinflusst damit Umbautrends.<\/li>\n\n\n\n<li><strong>Houzz:<\/strong> Eine Plattform, die Hausbesitzer mit Umbauexperten verbindet und Designinspirationen bietet.<\/li>\n\n\n\n<li><strong>HomeAdvisor:<\/strong> Ein Online-Marktplatz, der Hausbesitzer mit vertrauensw\u00fcrdigen Servicefachleuten verbindet.<\/li>\n<\/ul>\n\n\n\n<h2 class=\"wp-block-heading\">Technologien revolutionieren die Marktforschung zur Eigenheimrenovierung<\/h2>\n\n\n\n<p>The intersection of technology and home remodeling has created several opportunities, both for those seeking to transform their living spaces and for businesses looking to understand and tap into emerging market trends. As the thirst for data-driven insights grows, here&#8217;s a look at the technologies reshaping the landscape of <a href=\"https:\/\/www.sisinternational.com\/de\/sachverstand\/branchen\/medizintechnik-medtech-marktforschung\/\" title=\"Marktforschung f\u00fcr Medizintechnik (Med Tech)\"  data-wpil-monitor-id=\"4200\">Marktforschung zur Hausrenovierung<\/a>:<\/p>\n\n\n\n<ul class=\"wp-block-list\">\n<li><strong>Virtuelle Realit\u00e4t (VR) und Erweiterte Realit\u00e4t (AR):<\/strong> Mit VR-Headsets k\u00f6nnen Hausbesitzer ihre umgebauten R\u00e4ume \u201ebegehen\u201c, bevor mit den eigentlichen Arbeiten begonnen wird. Mit AR-Apps auf Smartphones oder Tablets k\u00f6nnen Benutzer visualisieren, wie verschiedene Produkte (wie M\u00f6bel oder Einrichtungsgegenst\u00e4nde) in ihren tats\u00e4chlichen R\u00e4umen aussehen w\u00fcrden.<\/li>\n\n\n\n<li><strong>Big Data und Advanced Analytics:<\/strong> Aggregierte Daten von Online-Plattformen wie sozialen Medien oder Renovierungs-Websites bieten Einblicke in Verbraucherpr\u00e4ferenzen und neue Trends. Dar\u00fcber hinaus k\u00f6nnen fortschrittliche Algorithmen anhand von Daten aus der Vergangenheit zuk\u00fcnftige Renovierungstrends vorhersagen, sodass Unternehmen immer einen Schritt voraus sind.<\/li>\n\n\n\n<li><strong>3d Drucken:<\/strong> Der 3D-Druck erm\u00f6glicht ma\u00dfgeschneiderte Designs f\u00fcr Einrichtungsgegenst\u00e4nde oder sogar architektonische Elemente, basierend auf spezifischen Marktanforderungen. Anstelle traditioneller Ausstellungsr\u00e4ume k\u00f6nnen Unternehmen auf Anfrage Muster drucken, die die Kunden visualisieren und anfassen k\u00f6nnen.<\/li>\n\n\n\n<li><strong>Internet der Dinge (IoT):<\/strong> Da immer mehr Hausbesitzer Smart-Home-Ger\u00e4te integrieren m\u00f6chten, ist es f\u00fcr Umgestalter von entscheidender Bedeutung, die IoT-Landschaft zu verstehen. Vernetzte Ger\u00e4te liefern Nutzungsdaten in Echtzeit und bieten Einblicke in das Verhalten und die Vorlieben der Hausbesitzer.<\/li>\n<\/ul>\n\n\n\n<h2 class=\"wp-block-heading\">Neue Trends in der Marktforschung zur Eigenheimrenovierung<\/h2>\n\n\n\n<figure class=\"gb-block-image gb-block-image-e8e949ba\"><img loading=\"lazy\" decoding=\"async\" width=\"1456\" height=\"816\" class=\"gb-image gb-image-e8e949ba\" src=\"https:\/\/www.sisinternational.com\/wp-content\/uploads\/2025\/08\/Home-Remodeling-1.jpg\" alt=\"SIS International Marktforschung &amp; Strategie\" title=\"Home Remodeling (1)\" srcset=\"https:\/\/www.sisinternational.com\/wp-content\/uploads\/2025\/08\/Home-Remodeling-1.jpg 1456w, https:\/\/www.sisinternational.com\/wp-content\/uploads\/2025\/08\/Home-Remodeling-1-300x168.jpg 300w, https:\/\/www.sisinternational.com\/wp-content\/uploads\/2025\/08\/Home-Remodeling-1-1024x574.jpg 1024w, https:\/\/www.sisinternational.com\/wp-content\/uploads\/2025\/08\/Home-Remodeling-1-768x430.jpg 768w, https:\/\/www.sisinternational.com\/wp-content\/uploads\/2025\/08\/Home-Remodeling-1-18x10.jpg 18w\" sizes=\"auto, (max-width: 1456px) 100vw, 1456px\"><\/figure>\n\n\n\n<ul class=\"wp-block-list\">\n<li><strong>Der Aufstieg des biophilen Designs:<\/strong> Hausbesitzer suchen in ihren Wohnr\u00e4umen zunehmend nach einem Bezug zur Natur. Marktforschungen f\u00fcr die Renovierung von H\u00e4usern zeigen, dass nat\u00fcrliches Licht, Zimmerpflanzen, Wasserspiele und organische Materialien bevorzugt werden, was ein ganzheitliches Wohlbefinden betont.<\/li>\n\n\n\n<li><strong>Technisch integrierte H\u00e4user:<\/strong> \u00dcber intelligente Lautsprecher oder Sicherheitssysteme hinaus w\u00e4chst die Nachfrage nach vollst\u00e4ndig integrierten Smart Homes. Dazu geh\u00f6ren fortschrittliche Hausautomation, Energiemanagementsysteme und IoT-f\u00e4hige Ger\u00e4te.<\/li>\n\n\n\n<li><strong>Flexible Wohnr\u00e4ume:<\/strong> Da die Arbeit von zu Hause aus immer h\u00e4ufiger vorkommt, m\u00fcssen sich auch die Haushalte anpassen. Marktforschungen f\u00fcr die Renovierung von H\u00e4usern zeigen, dass die Nachfrage nach Mehrzweckr\u00e4umen, beweglichen Trennw\u00e4nden und dedizierten Heimb\u00fcros steigt.<\/li>\n\n\n\n<li><strong>Lokalisierte und kulturelle Designs:<\/strong> W\u00e4hrend globale Designeinfl\u00fcsse weiterhin stark sind, gibt es einen steigenden Trend bei Eigenheimbesitzern, die nach lokalen oder kulturell ansprechenden Designs suchen. Marktforschung befasst sich mit regionalen \u00e4sthetischen Vorlieben und traditionellen Designelementen.<\/li>\n\n\n\n<li><strong>Renovierungen f\u00fcr altersgerechtes Wohnen:<\/strong> Angesichts der Alterung der Weltbev\u00f6lkerung m\u00fcssen Wohnungen barrierefreier gestaltet werden. Es besteht eine wachsende Nachfrage nach einst\u00f6ckigen Bauweisen, breiteren T\u00fcren, Rampeninstallationen und anderen Barrierefreiheitsfunktionen.<\/li>\n\n\n\n<li><strong>Vorgefertigte und modulare L\u00f6sungen:<\/strong> Vorgefertigte und modulare Designl\u00f6sungen gewinnen aufgrund ihrer Kosteneffizienz, verk\u00fcrzten Bauzeiten und Nachhaltigkeitsfaktoren an Bedeutung.<\/li>\n<\/ul>\n\n\n\n<h2 class=\"wp-block-heading\">Zukunftsaussichten der Marktforschung zur Eigenheimrenovierung<\/h2>\n\n\n\n<p>W\u00e4hrend sich die globale Landschaft ver\u00e4ndert, ist auch die Branche der Hausrenovierungen nicht weit davon entfernt, eine Welle des Wandels zu erleben. Die Kombination aus Datenanalyse und einer sich st\u00e4ndig weiterentwickelnden Verbraucherbasis stellt sicher, dass die Marktforschung auch weiterhin eine Schl\u00fcsselrolle bei der Gestaltung der Zukunft des Sektors spielen wird.<\/p>\n\n\n\n<ul class=\"wp-block-list\">\n<li><strong>Nachhaltigkeit:<\/strong> Umweltbewusstes Renovieren wird nicht nur ein Trend sein, sondern eine tragende S\u00e4ule. Die Marktforschung im Bereich Hausrenovierung wird sich darauf konzentrieren, die Vorlieben der Verbraucher f\u00fcr nachhaltige Materialien, energiesparende L\u00f6sungen und umweltfreundliche Bautechniken zu verstehen.<\/li>\n\n\n\n<li><strong>Digital Natives beeinflussen den Markt:<\/strong> Da Millennials und die Generation Z zu Erstbesitzern von Eigenheimen werden, wird ihr digitaler Ansatz die Vorlieben bei Renovierungen ver\u00e4ndern. Die Marktforschung f\u00fcr Hausrenovierungen wird sich mit der Verschmelzung von Smart-Home-Technologie mit Renovierungen und der zunehmenden Pr\u00e4ferenz f\u00fcr Online-Beratungen und virtuelle Designvorschauen befassen.<\/li>\n\n\n\n<li><strong>Globale Designeinfl\u00fcsse:<\/strong> Da die Welt immer vernetzter wird, sind Designeinfl\u00fcssen keine Grenzen mehr gesetzt. Marktforschungen im Bereich der Hausrenovierung werden globale Designtrends verfolgen und sicherstellen, dass Unternehmen eine kosmopolitische Kundschaft bedienen k\u00f6nnen.<\/li>\n\n\n\n<li><strong>Resilienz im Design:<\/strong> In the face of changing climates and natural disasters, future homes will prioritize resilience. Market <a href=\"https:\/\/www.sisinternational.com\/de\/sachverstand\/branchen\/marktforschung-fur-strukturierte-verkabelung\/\" title=\"Marktforschung f\u00fcr strukturierte Verkabelung\"  data-wpil-monitor-id=\"7193\">Forschung<\/a> will focus on understanding the demand for features like storm-resistant structures, flood barriers, and fire-resistant materials.<\/li>\n\n\n\n<li><strong>Diversifizierung des DIY-Segments:<\/strong> Der Heimwerkermarkt wird weiter wachsen. Die Forschung konzentriert sich dabei auf die Vorlieben, Ausgabegewohnheiten und Herausforderungen dieses Segments. Dies wird auch zu einem Anstieg von Produkten und Dienstleistungen f\u00fchren, die Heimwerker unterst\u00fctzen.<\/li>\n<\/ul>","protected":false},"excerpt":{"rendered":"<p>Die Schnittstellen zwischen Hausrenovierung und Technologie er\u00f6ffnen Hausbesitzern und Unternehmen die M\u00f6glichkeit, neue Markttrends zu nutzen.<\/p>","protected":false},"author":1,"featured_media":64880,"parent":84498,"menu_order":329,"comment_status":"closed","ping_status":"closed","template":"","meta":{"footnotes":""},"class_list":["post-43132","page","type-page","status-publish","has-post-thumbnail"],"_links":{"self":[{"href":"https:\/\/www.sisinternational.com\/de\/wp-json\/wp\/v2\/pages\/43132","targetHints":{"allow":["GET"]}}],"collection":[{"href":"https:\/\/www.sisinternational.com\/de\/wp-json\/wp\/v2\/pages"}],"about":[{"href":"https:\/\/www.sisinternational.com\/de\/wp-json\/wp\/v2\/types\/page"}],"author":[{"embeddable":true,"href":"https:\/\/www.sisinternational.com\/de\/wp-json\/wp\/v2\/users\/1"}],"replies":[{"embeddable":true,"href":"https:\/\/www.sisinternational.com\/de\/wp-json\/wp\/v2\/comments?post=43132"}],"version-history":[{"count":10,"href":"https:\/\/www.sisinternational.com\/de\/wp-json\/wp\/v2\/pages\/43132\/revisions"}],"predecessor-version":[{"id":80755,"href":"https:\/\/www.sisinternational.com\/de\/wp-json\/wp\/v2\/pages\/43132\/revisions\/80755"}],"up":[{"embeddable":true,"href":"https:\/\/www.sisinternational.com\/de\/wp-json\/wp\/v2\/pages\/84498"}],"wp:featuredmedia":[{"embeddable":true,"href":"https:\/\/www.sisinternational.com\/de\/wp-json\/wp\/v2\/media\/64880"}],"wp:attachment":[{"href":"https:\/\/www.sisinternational.com\/de\/wp-json\/wp\/v2\/media?parent=43132"}],"curies":[{"name":"wp","href":"https:\/\/api.w.org\/{rel}","templated":true}]}}