{"id":43119,"date":"2023-08-21T12:58:19","date_gmt":"2023-08-21T16:58:19","guid":{"rendered":"https:\/\/www.sisinternational.com\/?page_id=43119"},"modified":"2026-03-25T01:20:43","modified_gmt":"2026-03-25T05:20:43","slug":"lebensmittelsensorik-marktforschung","status":"publish","type":"page","link":"https:\/\/www.sisinternational.com\/de\/losungen\/marktforschung-fur-die-lebensmittel-und-getrankeindustrie\/lebensmittelsensorik-marktforschung\/","title":{"rendered":"Sensorische Lebensmittel- und Getr\u00e4nkeforschung Marktforschung"},"content":{"rendered":"<h1 class=\"wp-block-heading\">Sensorische Marktforschung f\u00fcr Lebensmittel und Getr\u00e4nke<\/h1>\n\n\n\n<figure class=\"gb-block-image gb-block-image-ff47fa21\"><img loading=\"lazy\" decoding=\"async\" width=\"1456\" height=\"816\" class=\"gb-image gb-image-ff47fa21\" src=\"https:\/\/www.sisinternational.com\/wp-content\/uploads\/2025\/08\/Food-taste-testing-5.jpg\" alt=\"SIS International Marktforschung &amp; Strategie\" title=\"Food taste testing (5)\" srcset=\"https:\/\/www.sisinternational.com\/wp-content\/uploads\/2025\/08\/Food-taste-testing-5.jpg 1456w, https:\/\/www.sisinternational.com\/wp-content\/uploads\/2025\/08\/Food-taste-testing-5-300x168.jpg 300w, https:\/\/www.sisinternational.com\/wp-content\/uploads\/2025\/08\/Food-taste-testing-5-1024x574.jpg 1024w, https:\/\/www.sisinternational.com\/wp-content\/uploads\/2025\/08\/Food-taste-testing-5-768x430.jpg 768w, https:\/\/www.sisinternational.com\/wp-content\/uploads\/2025\/08\/Food-taste-testing-5-18x10.jpg 18w\" sizes=\"auto, (max-width: 1456px) 100vw, 1456px\"><\/figure>\n\n\n\n<p><\/p>\n\n\n\n<p>Marktforschung zur sensorischen Analyse von Lebensmitteln und Getr\u00e4nken ist f\u00fcr Marktforscher ein wichtiges Instrument, um die L\u00fccke zwischen den Produkteigenschaften und der Wahrnehmung des Verbrauchers zu schlie\u00dfen.<\/p>\n\n\n\n<p>Diese Forschungstechnik befasst sich eingehend mit dem Sinneserlebnis, das Lebensmittel vermitteln, und analysiert Aspekte wie Geschmack, Aroma, Textur und Aussehen. Angesichts einer sich st\u00e4ndig weiterentwickelnden Verbraucherbasis und rasch wechselnder Ern\u00e4hrungsvorlieben ist es wichtiger denn je, sich auf die Marktforschung im Lebensmittel- und Getr\u00e4nkebereich zu verlassen.<\/p>\n\n\n\n<h2 class=\"wp-block-heading\">\u00dcberblick \u00fcber die sensorische Marktforschung f\u00fcr Lebensmittel und Getr\u00e4nke<\/h2>\n\n\n\n<p>Die sensorische Analyse ist die wissenschaftliche Disziplin, die menschliche Reaktionen auf die Eigenschaften von Lebensmitteln und Materialien hervorruft, misst, analysiert und interpretiert, wie sie durch die Sinne Sehen, Riechen, Schmecken, Tasten und H\u00f6ren wahrgenommen werden. Ihre Anwendung ist weitreichend und reicht von der Produktentwicklungsphase bis hin zu Bewertungen nach der Markteinf\u00fchrung, um sicherzustellen, dass das Lebensmittelprodukt den Erwartungen der Verbraucher entspricht.<\/p>\n\n\n\n<p>Historisch gesehen lassen sich die ersten Ans\u00e4tze der sensorischen Analyse auf antike Zivilisationen zur\u00fcckf\u00fchren, wo die Auswahl von Nahrungsmitteln in erster Linie auf sensorischen Eigenschaften basierte. Allerdings begann die sensorische Analyse erst im 20. Jahrhundert eine strukturierte Form anzunehmen. Mit dem Aufkommen von Konsumg\u00fctern und der Industrialisierung der Lebensmittelindustrie war es absolut notwendig, die Verbraucherpr\u00e4ferenzen zu verstehen und zu quantifizieren, um dem Markt immer bessere Produkte anbieten zu k\u00f6nnen.<\/p>\n\n\n\n<p>Currently, <a href=\"https:\/\/www.sisinternational.com\/de\/losungen\/qsr-lebensmittelmarktforschung\/\" title=\"QSR Food Marktforschung\"  data-wpil-monitor-id=\"2306\">food and beverage market research<\/a> has become a highly sophisticated discipline \u2013 and as the global food market grows increasingly competitive, the spotlight on sensory analysis becomes brighter, marking its significance not just as a research tool, but as a vital component in a brand&#8217;s success strategy.<\/p>\n\n\n\n<h2 class=\"wp-block-heading\">Die Bedeutung der sensorischen Marktforschung f\u00fcr Lebensmittel und Getr\u00e4nke heute<\/h2>\n\n\n\n<figure class=\"gb-block-image gb-block-image-929ede74\"><img loading=\"lazy\" decoding=\"async\" width=\"1456\" height=\"816\" class=\"gb-image gb-image-929ede74\" src=\"https:\/\/www.sisinternational.com\/wp-content\/uploads\/2025\/08\/Food-taste-testing-3.jpg\" alt=\"SIS International Marktforschung &amp; Strategie\" title=\"Food taste testing (3)\" srcset=\"https:\/\/www.sisinternational.com\/wp-content\/uploads\/2025\/08\/Food-taste-testing-3.jpg 1456w, https:\/\/www.sisinternational.com\/wp-content\/uploads\/2025\/08\/Food-taste-testing-3-300x168.jpg 300w, https:\/\/www.sisinternational.com\/wp-content\/uploads\/2025\/08\/Food-taste-testing-3-1024x574.jpg 1024w, https:\/\/www.sisinternational.com\/wp-content\/uploads\/2025\/08\/Food-taste-testing-3-768x430.jpg 768w, https:\/\/www.sisinternational.com\/wp-content\/uploads\/2025\/08\/Food-taste-testing-3-18x10.jpg 18w\" sizes=\"auto, (max-width: 1456px) 100vw, 1456px\"><\/figure>\n\n\n\n<p><\/p>\n\n\n\n<p>Understanding and satisfying consumer demands is a requirement in the competitive marketplace of the food industry. Therefore, food and beverage <a class=\"wpil_keyword_link\" href=\"https:\/\/www.sisinternational.com\/de\/sachverstand\/branchen\/sensorische-marktforschung-2\/\"   title=\"Sensorische Marktforschung\" data-wpil-keyword-link=\"linked\"  data-wpil-monitor-id=\"338\">Sensorische Marktforschung<\/a> has become a cornerstone of modern business strategies, ensuring alignment between product offerings and consumer expectations.<\/p>\n\n\n\n<p>Zu den wichtigsten Vorteilen f\u00fcr Unternehmen geh\u00f6ren:<\/p>\n\n\n\n<ul class=\"wp-block-list\">\n<li><strong>Detaillierte Verbrauchereinblicke:<\/strong> Today\u2019s consumers are not just concerned with the basic attributes of taste and texture. They are also heavily influenced by elements such as aroma, appearance, and even the sound of the food product. <a href=\"https:\/\/www.sisinternational.com\/de\/sachverstand\/branchen\/marktforschung-fur-tiefkuhlkost\/\" title=\"Marktforschung f\u00fcr Tiefk\u00fchlkost\"  data-wpil-monitor-id=\"3116\">Food and beverage market research<\/a> helps companies understand these elements, offering insights that are often intangible and complex to enable brands to craft products that resonate deeply with their target audience.<\/li>\n\n\n\n<li><strong>Wettbewerbsdifferenzierung:<\/strong> Der Lebensmittelmarkt ist \u00fcberschwemmt mit einer Vielzahl \u00e4hnlicher Produkte. Die sensorische Analyse bietet ein Differenzierungsmerkmal, mit dem Unternehmen einzigartige Produkteigenschaften identifizieren und hervorheben und sich so eine eindeutige Marktposition erarbeiten k\u00f6nnen. Durch die Betonung dieser sensorischen Differenzierungsmerkmale k\u00f6nnen Marken einen Wettbewerbsvorteil erzielen, Loyalit\u00e4t f\u00f6rdern und Wiederholungsk\u00e4ufe f\u00f6rdern.<\/li>\n\n\n\n<li><strong>Steigerung des Markenwerts:<\/strong> Verbraucher assoziieren positive Sinneserlebnisse h\u00e4ufig mit Markenqualit\u00e4t. Wenn ein Produkt konsequent seine sensorischen Versprechen einh\u00e4lt, steigert dies den wahrgenommenen Wert der Marke. Mit der Zeit kann dieses verbesserte Markenimage zu Premiumpreisen f\u00fchren und so die Rentabilit\u00e4t steigern.<\/li>\n\n\n\n<li><strong>Risikominderung bei der Entwicklung neuer Produkte:<\/strong> Die Markteinf\u00fchrung eines neuen Produkts ist sowohl teuer als auch riskant. Die sensorische Analyse dient als Kompass, der den Produktentwicklungsprozess leitet und potenzielle Fallstricke aufzeigt. Dadurch wird das Risiko von Produktfehlern nach der Markteinf\u00fchrung drastisch reduziert.<\/li>\n\n\n\n<li><strong>Feedbackschleife zur kontinuierlichen Verbesserung:<\/strong> Consumer preferences evolve, influenced by factors like cultural shifts, dietary trends, and innovations in food technology. Thus, <a href=\"https:\/\/www.sisinternational.com\/de\/sachverstand\/branchen\/marktforschung-fur-fast-food-franchises\/\" title=\"Marktforschung f\u00fcr Fast-Food-Franchises\"  data-wpil-monitor-id=\"3995\">food and beverage sensory analysis market research<\/a> offers an ongoing feedback mechanism, allowing businesses to adapt and evolve in tandem with market dynamics.<\/li>\n<\/ul>\n\n\n\n<h2 class=\"wp-block-heading\">Globale Trends in der Lebensmittel- und Getr\u00e4nkesensorik-Marktforschung<\/h2>\n\n\n\n<p>Der <a href=\"https:\/\/www.sisinternational.com\/de\/sachverstand\/branchen\/marktforschung-zu-diatnahrung-und-gewichtsverlust\/\" title=\"Marktforschung f\u00fcr Di\u00e4tnahrung und Gewichtsabnahme\"  data-wpil-monitor-id=\"5656\">food and beverage sensory market research<\/a> domain has experienced significant evolution over the years, propelled by technological advancements, changing consumer behaviors, and the intensified competitive landscape in the food industry \u2013 and some of the most notorious market trends are:<\/p>\n\n\n\n<ul class=\"wp-block-list\">\n<li><strong>KI und maschinelles Lernen:<\/strong> Diese Technologien werden zunehmend eingesetzt, um riesige Mengen sensorischer Daten zu analysieren, Muster zu erkennen und sogar auf Grundlage historischer Daten die Vorlieben der Verbraucher vorherzusagen.<\/li>\n\n\n\n<li><strong>Personalisiertes sensorisches Profiling:<\/strong> With the rise of personalized nutrition and wellness trends, brands are leveraging <a href=\"https:\/\/www.sisinternational.com\/de\/sachverstand\/branchen\/markenmarktforschung\/\" title=\"Markenmarktforschung\"  data-wpil-monitor-id=\"7089\">food and beverage market research<\/a> to craft products tailored to niche market segments \u2013 or even individual preferences.<\/li>\n\n\n\n<li><strong>Ganzheitliche Sinneserlebnisse:<\/strong> \u00dcber Geschmack und Textur hinaus legen die Marken Wert auf das gesamte Sinneserlebnis und ber\u00fccksichtigen Faktoren wie Verpackungs\u00e4sthetik, Ger\u00e4usche \u2013 und sogar das taktile Erlebnis beim Anfassen eines Produkts.<\/li>\n\n\n\n<li><strong>Nachhaltigkeit und Sensorik:<\/strong> As sustainability becomes a major consumer demand, <a href=\"https:\/\/www.sisinternational.com\/de\/sachverstand\/branchen\/abendessen-essen-getranke-marktforschung\/\" title=\"Marktforschung f\u00fcr Speisen und Getr\u00e4nke zum Abendessen\"  data-wpil-monitor-id=\"7165\">food and beverage market research<\/a> is increasingly ensuring that its products are eco-friendly and meet consumer sensory expectations.<\/li>\n\n\n\n<li><strong>Globalisierte Gaumen und regionale Sensorik-Panels:<\/strong> Da der globale Handel und das Reisen den Verbrauchern unz\u00e4hlige kulinarische Erlebnisse bieten, richten globale Marken regionale Sensorikpanels ein, um sicherzustellen, dass die Produkteigenschaften mit den lokalen Geschm\u00e4ckern und kulturellen Nuancen \u00fcbereinstimmen.<\/li>\n\n\n\n<li><strong>Integration mit neurowissenschaftlichen Techniken:<\/strong> Die Neurogastronomie gewinnt an Bedeutung und Marken erkunden die Integration dieses Wissens, um besser auf die Reaktionen ihrer Verbraucher einzugehen und die Reaktion des Gehirns auf unterschiedliche Nahrungsmittelreize zu verstehen.<\/li>\n\n\n\n<li><strong>Fokus auf Gesundheit und Wohlbefinden:<\/strong> With health and wellness trends at the forefront, food sensory <a href=\"https:\/\/www.sisinternational.com\/de\/losungen\/qualitative-quantitative-forschungslosungen\/clusteranalyse-marktforschung\/\" title=\"Clusteranalyse Marktforschung\"  data-wpil-monitor-id=\"7045\">analysis market research<\/a> is being used to reformulate products, reducing sugar, salt, or fat without compromising on taste and overall sensory appeal.<\/li>\n\n\n\n<li><strong>Aufstieg nicht-traditioneller Produktkategorien:<\/strong> Angesichts des Booms alternativer Nahrungsmittel wie im Labor gez\u00fcchtetem Fleisch oder Insektenproteinen spielt die sensorische Analyse eine entscheidende Rolle, um sicherzustellen, dass diese neuartigen Produkte den sensorischen Erwartungen der Verbraucher entsprechen.<\/li>\n<\/ul>\n\n\n\n<h2 class=\"wp-block-heading\">Chancen und Herausforderungen der sensorischen Marktforschung f\u00fcr Lebensmittel und Getr\u00e4nke<\/h2>\n\n\n\n<figure class=\"gb-block-image gb-block-image-fced0f21\"><img loading=\"lazy\" decoding=\"async\" width=\"1456\" height=\"816\" class=\"gb-image gb-image-fced0f21\" src=\"https:\/\/www.sisinternational.com\/wp-content\/uploads\/2025\/08\/Food-taste-testing-20.jpg\" alt=\"SIS International Marktforschung &amp; Strategie\" title=\"Food taste testing (20)\" srcset=\"https:\/\/www.sisinternational.com\/wp-content\/uploads\/2025\/08\/Food-taste-testing-20.jpg 1456w, https:\/\/www.sisinternational.com\/wp-content\/uploads\/2025\/08\/Food-taste-testing-20-300x168.jpg 300w, https:\/\/www.sisinternational.com\/wp-content\/uploads\/2025\/08\/Food-taste-testing-20-1024x574.jpg 1024w, https:\/\/www.sisinternational.com\/wp-content\/uploads\/2025\/08\/Food-taste-testing-20-768x430.jpg 768w, https:\/\/www.sisinternational.com\/wp-content\/uploads\/2025\/08\/Food-taste-testing-20-18x10.jpg 18w\" sizes=\"auto, (max-width: 1456px) 100vw, 1456px\"><\/figure>\n\n\n\n<p><\/p>\n\n\n\n<p>Die sich ver\u00e4ndernde Landschaft der Lebensmittelindustrie hat einer Marktstudie zur sensorischen Lebensmittelanalyse sowohl Herausforderungen als auch Chancen beschert. Diese Dynamik pr\u00e4gt die Strategien und Methoden, die Unternehmen anwenden, und weist ihnen den Weg zu Erfolg und Innovation.<\/p>\n\n\n\n<h3 class=\"wp-block-heading\">Gelegenheiten:<\/h3>\n\n\n\n<ul class=\"wp-block-list\">\n<li><strong>Technologische Fortschritte:<\/strong> Mit dem Aufkommen von KI, maschinellem Lernen und anderen fortschrittlichen Analysetools haben Unternehmen eine beispiellose Chance, tiefere Erkenntnisse aus Sensordaten zu gewinnen, Verbraucherpr\u00e4ferenzen vorherzusagen und Produktentwicklungsprozesse zu optimieren.<\/li>\n\n\n\n<li><strong>Globalisierte Marktexpansion:<\/strong> Brands expanding into new international <a href=\"https:\/\/www.sisinternational.com\/de\/losungen\/marktforschung-fur-die-lebensmittel-und-getrankeindustrie\/marktforschung-fur-trinkfertige-getranke\/\" title=\"Marktforschung f\u00fcr trinkfertige Getr\u00e4nke (RTD)\"  data-wpil-monitor-id=\"11494\">markets can leverage food and beverage market research<\/a> to adapt products to local tastes and preferences, ensuring successful market entry and consumer acceptance.<\/li>\n\n\n\n<li><strong>Vom Verbraucher getriebene Produktinnovationen:<\/strong> Durch unmittelbare Feedbackschleifen aus der Sensorikanalyse k\u00f6nnen Unternehmen ihre Produkte schnell iterieren und erneuern und sie an die sich entwickelnden Bed\u00fcrfnisse der Verbraucher anpassen.<\/li>\n\n\n\n<li><strong>Fokus auf Nachhaltigkeit und Gesundheit:<\/strong> Durch sensorische Analysen kann bei der Entwicklung nachhaltiger und gesundheitsf\u00f6rdernder Produkte geholfen werden. So wird sichergestellt, dass die Produkte zwar umweltfreundlicher oder ges\u00fcnder sind, aber weder beim Geschmack noch bei der sensorischen Attraktivit\u00e4t Abstriche gemacht werden.<\/li>\n\n\n\n<li><strong>Integration mit anderen Datenstr\u00f6men:<\/strong> In Kombination mit anderen Verbraucher-Feedbackmechanismen wie Online-Bewertungen oder Verkaufsdaten k\u00f6nnen Sensordaten eine 360-Grad-Ansicht der Produktleistung bieten.<\/li>\n<\/ul>\n\n\n\n<h3 class=\"wp-block-heading\">Herausforderungen:<\/h3>\n\n\n\n<ul class=\"wp-block-list\">\n<li><strong>Aufrechterhaltung der Panelkonsistenz:<\/strong> Es kann eine Herausforderung sein, sicherzustellen, dass Sensorikpanels im Laufe der Zeit konsistent und unvoreingenommen bleiben, und erfordert kontinuierliche Schulung und Kalibrierung.<\/li>\n\n\n\n<li><strong>Hohe Kosten:<\/strong> Fortgeschrittene Sensoriktechniken und -werkzeuge, insbesondere solche, die Technologie oder Spezialausr\u00fcstung erfordern, k\u00f6nnen f\u00fcr kleine Unternehmen kostspielig sein.<\/li>\n\n\n\n<li><strong>Sich rasch entwickelnde Verbraucherpr\u00e4ferenzen:<\/strong> Die Geschwindigkeit, mit der sich die Verbraucherpr\u00e4ferenzen \u00e4ndern und die von Faktoren wie sozialen Medien und globalen Trends beeinflusst wird, stellt f\u00fcr Unternehmen, die immer einen Schritt voraus sein wollen, eine Herausforderung dar.<\/li>\n\n\n\n<li><strong>Kulturelle und regionale Nuancen:<\/strong> F\u00fcr globale Marken kann das Verst\u00e4ndnis und die Ber\u00fccksichtigung komplexer kultureller und regionaler Sinnespr\u00e4ferenzen trotz des technischen Fortschritts und der Weiterentwicklung von Datenerfassungstechniken eine komplexe Aufgabe sein und erfordert tiefgehende Marktkenntnisse.<\/li>\n<\/ul>","protected":false},"excerpt":{"rendered":"<p>Die sensorische Marktforschung f\u00fcr Lebensmittel und Getr\u00e4nke ist die wissenschaftliche Untersuchung der sensorischen Reaktion des Menschen auf Nahrungsmittel und Materialien.<\/p>","protected":false},"author":1,"featured_media":64708,"parent":22018,"menu_order":328,"comment_status":"closed","ping_status":"closed","template":"","meta":{"footnotes":""},"class_list":["post-43119","page","type-page","status-publish","has-post-thumbnail"],"_links":{"self":[{"href":"https:\/\/www.sisinternational.com\/de\/wp-json\/wp\/v2\/pages\/43119","targetHints":{"allow":["GET"]}}],"collection":[{"href":"https:\/\/www.sisinternational.com\/de\/wp-json\/wp\/v2\/pages"}],"about":[{"href":"https:\/\/www.sisinternational.com\/de\/wp-json\/wp\/v2\/types\/page"}],"author":[{"embeddable":true,"href":"https:\/\/www.sisinternational.com\/de\/wp-json\/wp\/v2\/users\/1"}],"replies":[{"embeddable":true,"href":"https:\/\/www.sisinternational.com\/de\/wp-json\/wp\/v2\/comments?post=43119"}],"version-history":[{"count":13,"href":"https:\/\/www.sisinternational.com\/de\/wp-json\/wp\/v2\/pages\/43119\/revisions"}],"predecessor-version":[{"id":85102,"href":"https:\/\/www.sisinternational.com\/de\/wp-json\/wp\/v2\/pages\/43119\/revisions\/85102"}],"up":[{"embeddable":true,"href":"https:\/\/www.sisinternational.com\/de\/wp-json\/wp\/v2\/pages\/22018"}],"wp:featuredmedia":[{"embeddable":true,"href":"https:\/\/www.sisinternational.com\/de\/wp-json\/wp\/v2\/media\/64708"}],"wp:attachment":[{"href":"https:\/\/www.sisinternational.com\/de\/wp-json\/wp\/v2\/media?parent=43119"}],"curies":[{"name":"wp","href":"https:\/\/api.w.org\/{rel}","templated":true}]}}