{"id":43035,"date":"2023-08-10T18:53:29","date_gmt":"2023-08-10T22:53:29","guid":{"rendered":"https:\/\/www.sisinternational.com\/?page_id=43035"},"modified":"2026-01-27T16:38:50","modified_gmt":"2026-01-27T21:38:50","slug":"was-ist-strategieberatung","status":"publish","type":"page","link":"https:\/\/www.sisinternational.com\/de\/losungen\/strategieberatung\/was-ist-strategieberatung\/","title":{"rendered":"Was ist Strategieberatung?"},"content":{"rendered":"<h1 class=\"wp-block-heading\">Was ist Strategieberatung?<\/h1>\n\n\n\n<figure class=\"gb-block-image gb-block-image-0f87a777\"><img loading=\"lazy\" decoding=\"async\" width=\"1456\" height=\"816\" class=\"gb-image gb-image-0f87a777\" src=\"https:\/\/www.sisinternational.com\/wp-content\/uploads\/2025\/10\/Strategy-consulting-1.jpg\" alt=\"SIS International Marktforschung &amp; Strategie\" title=\"Strategy consulting (1)\" srcset=\"https:\/\/www.sisinternational.com\/wp-content\/uploads\/2025\/10\/Strategy-consulting-1.jpg 1456w, https:\/\/www.sisinternational.com\/wp-content\/uploads\/2025\/10\/Strategy-consulting-1-300x168.jpg 300w, https:\/\/www.sisinternational.com\/wp-content\/uploads\/2025\/10\/Strategy-consulting-1-1024x574.jpg 1024w, https:\/\/www.sisinternational.com\/wp-content\/uploads\/2025\/10\/Strategy-consulting-1-768x430.jpg 768w, https:\/\/www.sisinternational.com\/wp-content\/uploads\/2025\/10\/Strategy-consulting-1-18x10.jpg 18w\" sizes=\"auto, (max-width: 1456px) 100vw, 1456px\"><\/figure>\n\n\n\n<p><\/p>\n\n\n\n<p>Durch Strategieberatung werden Unternehmen bei der Entwicklung und Implementierung robuster Strategien unterst\u00fctzt, die Abl\u00e4ufe optimieren, die Leistung steigern und Gesch\u00e4ftsziele erreichen.<\/p>\n\n\n\n<p>Das Unternehmen sticht in der Beratungsbranche durch seinen spezifischen Fokus auf die Unterst\u00fctzung von Unternehmen bei hochrangigen Entscheidungsprozessen hervor, die ihre Marktentwicklung definieren und ihnen helfen, alle Herausforderungen zu bew\u00e4ltigen, denen sie w\u00e4hrend ihres Wachstums gegen\u00fcberstehen k\u00f6nnen, insbesondere in Zeiten wirtschaftlicher Rezession und instabiler M\u00e4rkte.<\/p>\n\n\n\n<h2 class=\"wp-block-heading\">Strategieberatung verstehen<\/h2>\n\n\n\n<p>Strategieberatung ist eine professionelle Dienstleistung, die Organisationen bei der Entscheidungsfindung auf hoher Ebene unterst\u00fctzt.<\/p>\n\n\n\n<p>These decisions often involve defining the company&#8217;s direction, identifying potential growth opportunities, understanding market dynamics, and aligning business operations with strategic goals. In corporate strategy, for instance, <a href=\"https:\/\/www.sisinternational.com\/de\/sachverstand\/branchen\/franchise-marktforschungsberatungsunternehmen\/\" title=\"Franchise-Marktforschungs- und Beratungsunternehmen\"  data-wpil-monitor-id=\"9793\">consultants might help a company<\/a> determine which markets to enter or how to allocate resources effectively. In digital strategy, they might guide a firm on how to leverage technology for growth or optimize its digital presence.<\/p>\n\n\n\n<p>Was die Strategieberatung von anderen Beratungsformen unterscheidet, ist ihr Fokus auf hochrangige, langfristige Planung. Anstatt sich mit spezifischen funktionalen Problemen oder unmittelbaren Herausforderungen zu befassen, konzentrieren sich Strategieberater auf das Gesamtbild und entwickeln Strategien, die die Zukunft eines Unternehmens gestalten k\u00f6nnen.<\/p>\n\n\n\n<h2 class=\"wp-block-heading\">Die Schl\u00fcsselrolle eines Strategieberaters<\/h2>\n\n\n\n<p>A <a href=\"https:\/\/www.sisinternational.com\/de\/losungen\/fintech-strategieberatung-forschung\/betriebsunterbrechungsversicherung-marktforschung-strategieberatung\/\" title=\"Marktforschung und Strategieberatung zur Betriebsunterbrechungsversicherung\"  data-wpil-monitor-id=\"9788\">strategy consultant<\/a> assists organizations in analyzing their business models, identifying areas for improvement, and formulating strategies that align with their objectives and market dynamics.<\/p>\n\n\n\n<p>Sie f\u00fchren gr\u00fcndliche Analysen verschiedener Faktoren durch, beispielsweise der aktuellen Strategien des Unternehmens, seiner Marktposition, der Konkurrenz und der Branchentrends. Dazu geh\u00f6rt das Sammeln und Untersuchen von Daten, das Befragen von Mitarbeitern des Unternehmens \u2013 und m\u00f6glicherweise auch die Kontaktaufnahme mit Kunden oder Lieferanten.<\/p>\n\n\n\n<p>Once they have a comprehensive understanding of the client&#8217;s business, <a href=\"https:\/\/www.sisinternational.com\/de\/losungen\/strategieberatung\/szenarioplanung\/\" title=\"Szenarioplanung Strategieberatung\"  data-wpil-monitor-id=\"7096\">strategy consultants formulate strategic plans<\/a> designed to achieve specific goals, such as market penetration, cost reduction, revenue growth, or digital transformation.<\/p>\n\n\n\n<h2 class=\"wp-block-heading\">Die F\u00e4higkeiten eines Strategieberaters<\/h2>\n\n\n\n<figure class=\"gb-block-image gb-block-image-1b02ca92\"><img loading=\"lazy\" decoding=\"async\" width=\"1456\" height=\"816\" class=\"gb-image gb-image-1b02ca92\" src=\"https:\/\/www.sisinternational.com\/wp-content\/uploads\/2025\/08\/Strategy-consulting-6.jpg\" alt=\"SIS International Marktforschung &amp; Strategie\" title=\"Strategy consulting (6)\" srcset=\"https:\/\/www.sisinternational.com\/wp-content\/uploads\/2025\/08\/Strategy-consulting-6.jpg 1456w, https:\/\/www.sisinternational.com\/wp-content\/uploads\/2025\/08\/Strategy-consulting-6-300x168.jpg 300w, https:\/\/www.sisinternational.com\/wp-content\/uploads\/2025\/08\/Strategy-consulting-6-1024x574.jpg 1024w, https:\/\/www.sisinternational.com\/wp-content\/uploads\/2025\/08\/Strategy-consulting-6-768x430.jpg 768w, https:\/\/www.sisinternational.com\/wp-content\/uploads\/2025\/08\/Strategy-consulting-6-18x10.jpg 18w\" sizes=\"auto, (max-width: 1456px) 100vw, 1456px\"><\/figure>\n\n\n\n<p><\/p>\n\n\n\n<p>Ein erfolgreicher Strategieberater ben\u00f6tigt eine Reihe ausgepr\u00e4gter F\u00e4higkeiten, zu denen unter anderem analytisches Denken, Probleml\u00f6sungsf\u00e4higkeiten, hervorragende Kommunikation und ein tiefes Verst\u00e4ndnis der Gesch\u00e4fts- und Marktdynamik geh\u00f6ren.<\/p>\n\n\n\n<p>Zu den wichtigsten F\u00e4higkeiten eines Strategieberaters z\u00e4hlen:<\/p>\n\n\n\n<ul class=\"wp-block-list\">\n<li><strong>Interessengruppen Verwaltung:<\/strong> F\u00e4higkeit, Beziehungen auf verschiedenen Ebenen einer Organisation aufzubauen und zu verwalten, von der F\u00fchrungsebene bis hin zu operativen Teams.<\/li>\n\n\n\n<li><strong>Projektmanagement:<\/strong> Koordinieren Sie verschiedene Aspekte eines Strategieprojekts und stellen Sie sicher, dass Zeitpl\u00e4ne eingehalten und Ressourcen effektiv genutzt werden.<\/li>\n\n\n\n<li><strong>Zwischenmenschliche F\u00e4higkeiten:<\/strong> F\u00e4higkeit, in vielf\u00e4ltigen Teams zu arbeiten, unterschiedliche Perspektiven zu verstehen und Teammitglieder zu motivieren.<\/li>\n\n\n\n<li><strong>Anpassungsf\u00e4higkeit und Flexibilit\u00e4t:<\/strong> Angesichts der Schnelllebigkeit und Dynamik in der Gesch\u00e4ftswelt ist die F\u00e4higkeit, sich an ver\u00e4nderte Bedingungen anzupassen und Strategien entsprechend anzupassen, von entscheidender Bedeutung.<\/li>\n\n\n\n<li><strong>Ethisches Urteilsverm\u00f6gen und Integrit\u00e4t:<\/strong> Geben Sie unvoreingenommene Empfehlungen ab, die sowohl mit den Zielen des Kunden als auch mit ethischen \u00dcberlegungen im Einklang stehen.<\/li>\n\n\n\n<li><strong>Finanziellen Scharfsinn:<\/strong> Verstehen Sie Jahresabschl\u00fcsse, erstellen Sie Finanzmodelle und interpretieren Sie Finanzkennzahlen als Grundlage f\u00fcr strategische Entscheidungen.<\/li>\n\n\n\n<li><strong>Technologische Kompetenz:<\/strong> Vertrautheit mit den neuesten Analysetools, Software und Plattformen, die bei der Datenerfassung, -analyse und -pr\u00e4sentation helfen.<\/li>\n\n\n\n<li><strong>Fortlaufendes Lernen:<\/strong> Bleiben Sie \u00fcber die neuesten Branchentrends, Marktver\u00e4nderungen und neuen Technologien auf dem Laufenden, um fundierte Empfehlungen geben zu k\u00f6nnen.<\/li>\n\n\n\n<li><strong>Verhandlungsgeschick:<\/strong> F\u00e4higkeit, mit Meinungsverschiedenheiten oder Konflikten umzugehen und f\u00fcr beide Seiten vorteilhafte L\u00f6sungen zu finden.<\/li>\n\n\n\n<li><strong>Kreativit\u00e4t und Innovation:<\/strong> \u00dcber die Analyse von Daten und bestehenden Prozessen hinaus m\u00fcssen Strategieberater oft \u00fcber den Tellerrand hinausblicken, um neue L\u00f6sungen oder Wachstumsm\u00f6glichkeiten zu finden.<\/li>\n\n\n\n<li><strong>Kulturbewusstsein:<\/strong> F\u00fcr Berater, die mit internationalen Kunden oder in unterschiedlichen Umgebungen arbeiten, kann das Verst\u00e4ndnis kultureller Nuancen und Empfindlichkeiten von entscheidender Bedeutung sein.<\/li>\n<\/ul>\n\n\n\n<h2 class=\"wp-block-heading\">Vorteile der Strategieberatung<\/h2>\n\n\n\n<p>Zu den wertvollsten Vorteilen der Strategieberatung geh\u00f6rt die F\u00e4higkeit, fundierte strategische Entscheidungen zu treffen, die auf den langfristigen Erfolg des Unternehmens ausgerichtet sind und eine betr\u00e4chtliche Kapitalrendite erwirtschaften.<\/p>\n\n\n\n<ul class=\"wp-block-list\">\n<li>Die Strategieberatung liefert Erkenntnisse, die intern aufgrund betriebswirtschaftlicher Voreingenommenheit oder fehlender Ressourcen m\u00f6glicherweise \u00fcbersehen werden.<\/li>\n\n\n\n<li>Another benefit is the potential for improved business performance. By identifying gaps in current strategies and proposing optimal solutions, <a href=\"https:\/\/www.sisinternational.com\/de\/abdeckung\/die-amerikaner\/marktforschung-in-der-karibik\/strategieberatungsunternehmen-in-der-karibik\/\" title=\"Karibisches Strategieberatungsunternehmen\"  data-wpil-monitor-id=\"9779\">strategy consultants can help companies<\/a> enhance their operations, increase efficiency, and boost profitability. For instance, a well-devised <a href=\"https:\/\/www.sisinternational.com\/de\/sachverstand\/branchen\/digitale-identitat-marktforschung-strategieberatung\/\" title=\"Marktforschung und Strategieberatung f\u00fcr digitale Identit\u00e4ten\"  data-wpil-monitor-id=\"9791\">digital strategy<\/a> could lead to more effective online marketing, resulting in increased sales and customer engagement.<\/li>\n\n\n\n<li>Strategieberatung kann auch Innovationen f\u00f6rdern. Indem Berater neue Perspektiven einbringen und ihr umfassendes Wissen \u00fcber verschiedene Branchen und M\u00e4rkte anwenden, k\u00f6nnen sie innovatives Denken anregen, das zu neuen Produkten, Dienstleistungen oder Gesch\u00e4ftsmodellen f\u00fchrt.<\/li>\n\n\n\n<li>Es kann bei der Bew\u00e4ltigung von Ver\u00e4nderungen helfen. Unabh\u00e4ngig davon, ob ein Unternehmen eine Fusion, eine \u00dcbernahme oder eine bedeutende \u00c4nderung seines Gesch\u00e4ftsmodells durchl\u00e4uft, k\u00f6nnen Berater Anleitungen geben, wie diese \u00dcberg\u00e4nge reibungslos und erfolgreich bew\u00e4ltigt werden k\u00f6nnen.<\/li>\n<\/ul>\n\n\n\n<h2 class=\"wp-block-heading\">Herausforderungen in der Strategieberatung<\/h2>\n\n\n\n<figure class=\"gb-block-image gb-block-image-9c0b4665\"><img loading=\"lazy\" decoding=\"async\" width=\"1456\" height=\"816\" class=\"gb-image gb-image-9c0b4665\" src=\"https:\/\/www.sisinternational.com\/wp-content\/uploads\/2025\/08\/Strategy-consulting-31.jpg\" alt=\"SIS International Marktforschung &amp; Strategie\" title=\"Strategy consulting (31)\" srcset=\"https:\/\/www.sisinternational.com\/wp-content\/uploads\/2025\/08\/Strategy-consulting-31.jpg 1456w, https:\/\/www.sisinternational.com\/wp-content\/uploads\/2025\/08\/Strategy-consulting-31-300x168.jpg 300w, https:\/\/www.sisinternational.com\/wp-content\/uploads\/2025\/08\/Strategy-consulting-31-1024x574.jpg 1024w, https:\/\/www.sisinternational.com\/wp-content\/uploads\/2025\/08\/Strategy-consulting-31-768x430.jpg 768w, https:\/\/www.sisinternational.com\/wp-content\/uploads\/2025\/08\/Strategy-consulting-31-18x10.jpg 18w\" sizes=\"auto, (max-width: 1456px) 100vw, 1456px\"><\/figure>\n\n\n\n<ul class=\"wp-block-list\">\n<li>Die Umsetzung strategischer Pl\u00e4ne. Selbst die durchdachtesten Strategien k\u00f6nnen scheitern, wenn sie nicht richtig umgesetzt werden. Dies kann auf verschiedene Faktoren zur\u00fcckzuf\u00fchren sein, wie etwa mangelnde Zustimmung wichtiger Stakeholder, unzureichende Ressourcen oder unvorhergesehene Marktver\u00e4nderungen.<\/li>\n\n\n\n<li>Eine weitere Herausforderung ist <a href=\"https:\/\/www.sisinternational.com\/de\/losungen\/fintech-strategieberatung-forschung\/finanzdienstleistungs-change-management-marktforschungsstrategieberatung\/\" title=\"Financial Service Change Management Marktforschung und Strategieberatung\"  data-wpil-monitor-id=\"9781\">managing the complexity of strategy consulting<\/a>. Formulating strategic plans often requires dealing with a high degree of uncertainty and making decisions based on incomplete information. Furthermore, consultants must consider a wide range of factors and potential scenarios, making the task complex and demanding.<\/li>\n\n\n\n<li>Auch die Wahrung der Objektivit\u00e4t kann eine Herausforderung darstellen. Strategieberater sind zwar au\u00dferhalb der Organisation t\u00e4tig und im Idealfall unvoreingenommen, k\u00f6nnen aber durch ihre bisherigen Erfahrungen oder vorgefassten Meinungen beeinflusst sein.<\/li>\n<\/ul>\n\n\n\n<h2 class=\"wp-block-heading\">Strategieberatung: Aktuelle Trends<\/h2>\n\n\n\n<p>Die Welt der Strategieberatung ist nicht statisch, sondern entwickelt sich als Reaktion auf Ver\u00e4nderungen im Gesch\u00e4ftsumfeld kontinuierlich weiter. Mehrere aktuelle Trends pr\u00e4gen das Feld, beispielsweise:<\/p>\n\n\n\n<ul class=\"wp-block-list\">\n<li><strong>Digitale Transformation:<\/strong> Businesses across industries are leveraging digital technologies to improve their operations, customer experiences, and competitive positioning. Strategy consultants are increasingly helping companies navigate their digital transformation journeys, advising on the use of <a href=\"https:\/\/www.sisinternational.com\/de\/losungen\/ai-marktforschung-und-strategieberatung\/technologie-industrie-automatisierung-kunstliche-intelligenz-beratung\/\" title=\"Beratung zur Automatisierung der Technologiebranche und zu k\u00fcnstlicher Intelligenz\"  data-wpil-monitor-id=\"9783\">technologies such as artificial intelligence<\/a>, data analytics, cloud computing, and blockchain.<\/li>\n\n\n\n<li><strong>Beratung zu Nachhaltigkeit und Umwelt, Sozialem und Unternehmensf\u00fchrung (ESG):<\/strong> As the importance of ESG factors gains recognition, companies are seeking strategic guidance on integrating sustainability into their business models. <a href=\"https:\/\/www.sisinternational.com\/de\/nachhaltigkeitsstrategien-fur-unternehmen-eine-fallstudie-von-siemens\/\" title=\"Nachhaltigkeitsstrategien f\u00fcr Unternehmen: Eine Siemens-Fallstudie\"  data-wpil-monitor-id=\"7500\">Strategy consultants<\/a> are offering ESG consulting to help businesses improve their sustainability performance and capitalize on related opportunities.<\/li>\n\n\n\n<li><strong>Datengesteuerte Strategien:<\/strong> Durch die Einf\u00fchrung von Big Data und fortschrittlichen Analysetools k\u00f6nnen Unternehmen ihre Strategien auf genauere und detailliertere Erkenntnisse st\u00fctzen. Berater helfen Unternehmen dabei, diese Tools zu nutzen, um datengesteuerte Strategien zu entwickeln, die besser auf die Marktdynamik reagieren.<\/li>\n\n\n\n<li><strong>Erh\u00f6hte Spezialisierung:<\/strong> Die Strategieberatung spezialisiert sich immer mehr: Berater bieten fachkundige Beratung in Nischenbereichen wie Digitalstrategie, Lieferkettenstrategie oder branchenspezifischen Strategien.<\/li>\n<\/ul>\n\n\n\n<h2 class=\"wp-block-heading\">Die Zukunft der Strategieberatung<\/h2>\n\n\n\n<figure class=\"gb-block-image gb-block-image-7a0578b4\"><img loading=\"lazy\" decoding=\"async\" width=\"1456\" height=\"816\" class=\"gb-image gb-image-7a0578b4\" src=\"https:\/\/www.sisinternational.com\/wp-content\/uploads\/2025\/10\/AI-Strategy-Consulting-3.jpg\" alt=\"SIS International Marktforschung &amp; Strategie\" title=\"AI Strategy Consulting (3)\" srcset=\"https:\/\/www.sisinternational.com\/wp-content\/uploads\/2025\/10\/AI-Strategy-Consulting-3.jpg 1456w, https:\/\/www.sisinternational.com\/wp-content\/uploads\/2025\/10\/AI-Strategy-Consulting-3-300x168.jpg 300w, https:\/\/www.sisinternational.com\/wp-content\/uploads\/2025\/10\/AI-Strategy-Consulting-3-1024x574.jpg 1024w, https:\/\/www.sisinternational.com\/wp-content\/uploads\/2025\/10\/AI-Strategy-Consulting-3-768x430.jpg 768w, https:\/\/www.sisinternational.com\/wp-content\/uploads\/2025\/10\/AI-Strategy-Consulting-3-18x10.jpg 18w\" sizes=\"auto, (max-width: 1456px) 100vw, 1456px\"><\/figure>\n\n\n\n<p><\/p>\n\n\n\n<p>Die Zukunft der Strategieberatung sieht dynamisch aus. Neue Trends und technologische Fortschritte werden dieses Feld in vielerlei Hinsicht pr\u00e4gen.<\/p>\n\n\n\n<p>One such trend is the increasing emphasis on digital transformation. As technology becomes more integrated into business operations, strategy consultants will play a critical role in guiding firms through digital strategy formulation and implementation. This could involve everything from advising on <a href=\"https:\/\/www.sisinternational.com\/de\/losungen\/strategieberatung\/datenanalyse\/\" title=\"Datenanalyse-Unternehmen\"  data-wpil-monitor-id=\"9786\">Datenanalyse<\/a> for strategic decision-making to guiding companies on the use of AI or blockchain in their operations.<\/p>\n\n\n\n<p>Sustainability is another area that is likely to feature prominently in future strategy consulting. As businesses face growing pressure to reduce their environmental footprint, consultants will need to help them devise <a href=\"https:\/\/www.sisinternational.com\/de\/best-practices-im-einzelhandel\/\" title=\"Best Practices im Einzelhandel\"  data-wpil-monitor-id=\"9776\">strategies<\/a> that not only improve their sustainability performance but also capitalize on the opportunities that green practices can offer.<\/p>\n\n\n\n<p>Auch in der Strategieberatung wird die Bedeutung von Daten zunehmen. Mit dem Aufkommen von Big Data und fortschrittlicher Analytik werden Strategieberater bei der Formulierung ihrer Empfehlungen immer st\u00e4rker auf datenbasierte Erkenntnisse angewiesen sein. Dies erfordert von ihnen die Entwicklung ausgepr\u00e4gter Datenanalysef\u00e4higkeiten und eines umfassenden Verst\u00e4ndnisses von Analysetools.<\/p>\n\n\n\n<p>Und schlie\u00dflich muss die Strategieberatung angesichts der zunehmenden Vernetzung der Weltwirtschaft eine globalere Perspektive einnehmen. Das bedeutet, dass sie die Nuancen verschiedener M\u00e4rkte verstehen und Unternehmen dabei helfen muss, die Komplexit\u00e4t internationaler Gesch\u00e4ftst\u00e4tigkeiten zu meistern.<\/p>","protected":false},"excerpt":{"rendered":"<p>Durch Strategieberatung werden Unternehmen bei der Implementierung von Strategien unterst\u00fctzt, die Abl\u00e4ufe optimieren, die Leistung steigern und Gesch\u00e4ftsziele erreichen.<\/p>","protected":false},"author":1,"featured_media":71983,"parent":14567,"menu_order":28,"comment_status":"closed","ping_status":"closed","template":"","meta":{"footnotes":""},"class_list":["post-43035","page","type-page","status-publish","has-post-thumbnail"],"_links":{"self":[{"href":"https:\/\/www.sisinternational.com\/de\/wp-json\/wp\/v2\/pages\/43035","targetHints":{"allow":["GET"]}}],"collection":[{"href":"https:\/\/www.sisinternational.com\/de\/wp-json\/wp\/v2\/pages"}],"about":[{"href":"https:\/\/www.sisinternational.com\/de\/wp-json\/wp\/v2\/types\/page"}],"author":[{"embeddable":true,"href":"https:\/\/www.sisinternational.com\/de\/wp-json\/wp\/v2\/users\/1"}],"replies":[{"embeddable":true,"href":"https:\/\/www.sisinternational.com\/de\/wp-json\/wp\/v2\/comments?post=43035"}],"version-history":[{"count":6,"href":"https:\/\/www.sisinternational.com\/de\/wp-json\/wp\/v2\/pages\/43035\/revisions"}],"predecessor-version":[{"id":81626,"href":"https:\/\/www.sisinternational.com\/de\/wp-json\/wp\/v2\/pages\/43035\/revisions\/81626"}],"up":[{"embeddable":true,"href":"https:\/\/www.sisinternational.com\/de\/wp-json\/wp\/v2\/pages\/14567"}],"wp:featuredmedia":[{"embeddable":true,"href":"https:\/\/www.sisinternational.com\/de\/wp-json\/wp\/v2\/media\/71983"}],"wp:attachment":[{"href":"https:\/\/www.sisinternational.com\/de\/wp-json\/wp\/v2\/media?parent=43035"}],"curies":[{"name":"wp","href":"https:\/\/api.w.org\/{rel}","templated":true}]}}