{"id":43018,"date":"2023-08-10T17:06:30","date_gmt":"2023-08-10T21:06:30","guid":{"rendered":"https:\/\/www.sisinternational.com\/?page_id=43018"},"modified":"2026-01-26T17:09:23","modified_gmt":"2026-01-26T22:09:23","slug":"polyurethan-marktforschung","status":"publish","type":"page","link":"https:\/\/www.sisinternational.com\/de\/sachverstand\/polyurethan-marktforschung\/","title":{"rendered":"Polyurethan-Marktforschung"},"content":{"rendered":"<h1 class=\"wp-block-heading\">Polyurethan-Marktforschung<\/h1>\n\n\n\n<figure class=\"gb-block-image gb-block-image-04c2adf3\"><img loading=\"lazy\" decoding=\"async\" width=\"1456\" height=\"816\" class=\"gb-image gb-image-04c2adf3\" src=\"https:\/\/www.sisinternational.com\/wp-content\/uploads\/2025\/09\/Chemicals-2-1.jpg\" alt=\"SIS International Marktforschung &amp; Strategie\" title=\"Chemicals (2)\" srcset=\"https:\/\/www.sisinternational.com\/wp-content\/uploads\/2025\/09\/Chemicals-2-1.jpg 1456w, https:\/\/www.sisinternational.com\/wp-content\/uploads\/2025\/09\/Chemicals-2-1-300x168.jpg 300w, https:\/\/www.sisinternational.com\/wp-content\/uploads\/2025\/09\/Chemicals-2-1-1024x574.jpg 1024w, https:\/\/www.sisinternational.com\/wp-content\/uploads\/2025\/09\/Chemicals-2-1-768x430.jpg 768w, https:\/\/www.sisinternational.com\/wp-content\/uploads\/2025\/09\/Chemicals-2-1-18x10.jpg 18w\" sizes=\"auto, (max-width: 1456px) 100vw, 1456px\"><\/figure>\n\n\n\n<p><\/p>\n\n\n\n<p>Polyurethan ist ein Polymer, das aufgrund seiner vielf\u00e4ltigen Anwendungsm\u00f6glichkeiten aus zahlreichen Branchen nicht mehr wegzudenken ist. Da sich dieser dynamische Markt st\u00e4ndig weiterentwickelt, ist es von entscheidender Bedeutung, durch Marktforschung im Bereich Polyurethan Erkenntnisse zu gewinnen.<\/p>\n\n\n\n<p>Aus diesem Grund erm\u00f6glicht die Marktforschung im Bereich Polyurethan den Beteiligten der Branche, aktuelle Trends zu verstehen, Herausforderungen vorherzusehen und zuk\u00fcnftiges Wachstum vorherzusehen, um ein nachhaltiges Unternehmenswachstum sicherzustellen und zum richtigen Zeitpunkt in den richtigen Markt zu investieren.<\/p>\n\n\n\n<h2 class=\"wp-block-heading\">Polyurethan und seine Anwendungen verstehen<\/h2>\n\n\n\n<p>Polyurethane is an exceptionally versatile material with several applications. In the automotive industry, it is used to make lightweight components, insulation materials, and <a class=\"wpil_keyword_link\" href=\"https:\/\/www.sisinternational.com\/de\/sachverstand\/branchen\/marktforschung-fur-farben-lacke-und-druckfarben\/\"   title=\"Marktforschung f\u00fcr Farben, Lacke und Druckfarben\" data-wpil-keyword-link=\"linked\"  data-wpil-monitor-id=\"340\">coatings<\/a>. The construction sector uses polyurethane for insulation in walls and roofs, sealants, and flooring materials. It is also used in the manufacture of furniture, notably in foam cushions for chairs, sofas, and mattresses. In the electronics industry, polyurethane serves as a protective layer for printed circuit boards.<\/p>\n\n\n\n<p>Heutzutage erweitern sich seine Einsatzm\u00f6glichkeiten st\u00e4ndig, da sich Forschung und Technologie st\u00e4ndig weiterentwickeln, was Polyurethan zu einem Material von erheblichem Interesse und Bedeutung auf dem Weltmarkt macht.<\/p>\n\n\n\n<h2 class=\"wp-block-heading\">Aktueller Stand des globalen Polyurethanmarktes<\/h2>\n\n\n\n<p>Der <a href=\"https:\/\/www.sisinternational.com\/de\/billigflieger-in-der-luftfahrtindustrie\/\" title=\"Marktforschung f\u00fcr Billigflieger\"  data-wpil-monitor-id=\"9941\">global polyurethane market<\/a> is experiencing significant growth due to the material&#8217;s versatility and increasing demand across various industries.<\/p>\n\n\n\n<p>Countries like China and India are major consumers, primarily due to their expansive construction and automotive sectors. North America and <a href=\"https:\/\/www.sisinternational.com\/de\/abdeckung\/europa\/osteuropa-marktforschung\/\" title=\"Marktforschung f\u00fcr Osteuropa\"  data-wpil-monitor-id=\"6435\">Europe also hold substantial market<\/a> shares, fueled by advanced manufacturing sectors and robust demand in the automotive and construction industries.<\/p>\n\n\n\n<p>Key players in the <a href=\"https:\/\/www.sisinternational.com\/de\/unterschiede-meistern-globale-marktforschungsprojekte\/\" title=\"Kulturelle Unterschiede in der globalen Marktforschung\"  data-wpil-monitor-id=\"9946\">global polyurethane market<\/a> include Covestro, BASF SE, Dow Inc., Huntsman Corporation, and Wanhua Chemical Group, among others. These companies are investing heavily in <a href=\"https:\/\/www.sisinternational.com\/de\/sis-bringt-neue-digitale-forschungslosungen-auf-den-markt\/\" title=\"SIS f\u00fchrt neue Digital Research-L\u00f6sungen ein\"  data-wpil-monitor-id=\"9942\">research and development activities to introduce innovative<\/a> polyurethane-based products and improve their market positioning.<\/p>\n\n\n\n<p>W\u00e4hrend der Markt vielversprechendes Wachstum zeigt, deckt die Polyurethan-Marktforschung Trends und Chancen auf, die m\u00f6glicherweise \u00fcbersehen werden oder pl\u00f6tzlich auf den M\u00e4rkten auftauchen. So konzentriert man sich beispielsweise zunehmend auf die Herstellung biobasierter Polyurethane, um die mit herk\u00f6mmlichen Polyurethanen verbundenen Umweltprobleme zu l\u00f6sen. Dar\u00fcber hinaus ebnen technologische Fortschritte den Weg f\u00fcr neue Anwendungen von Polyurethan und treiben das Marktwachstum weiter voran.<\/p>\n\n\n\n<h2 class=\"wp-block-heading\">Faktoren, die den Polyurethan-Markt antreiben<\/h2>\n\n\n\n<p>Several factors are propelling the <a href=\"https:\/\/www.sisinternational.com\/de\/global-beverage-market\/\" title=\"Global Beverage Market: Market Dynamics, Growth Projections &amp; Consumer Insights\"  data-wpil-monitor-id=\"9945\">growth of the global polyurethane market<\/a>. Polyurethane market research identifies these as key drivers:<\/p>\n\n\n\n<ul class=\"wp-block-list\">\n<li><strong>Industrielles Wachstum:<\/strong> The rapid growth of various end-use <a href=\"https:\/\/www.sisinternational.com\/de\/sachverstand\/lebenslaufe\/lebenslauf-mit-erfahrungen-in-der-automobilindustrie\/\" title=\"Marktforschungsunternehmen f\u00fcr die Automobilindustrie\"  data-wpil-monitor-id=\"9947\">industries such as automotive<\/a>, construction, and electronics, especially in emerging economies, is a major factor driving the demand for polyurethane. For example, the construction industry&#8217;s need for insulation and sealing materials fuels the demand for polyurethane.<\/li>\n\n\n\n<li><strong>Technologische Fortschritte:<\/strong> Technologische Innovationen f\u00fchren zu neuen Anwendungen von Polyurethan, was zum Marktwachstum beitr\u00e4gt. Entwicklungen im Bereich biobasiertes Polyurethan und anderer nachhaltiger Optionen sind besonders bedeutsam.<\/li>\n\n\n\n<li><strong>Eigenschaften von Polyurethan:<\/strong> Die inh\u00e4renten Eigenschaften von Polyurethan wie Haltbarkeit, Flexibilit\u00e4t, Verschlei\u00dffestigkeit und Isolierqualit\u00e4ten machen es zu einer bevorzugten Wahl f\u00fcr zahlreiche Anwendungsbereiche und treiben daher seine Nachfrage voran.<\/li>\n\n\n\n<li><strong>Urbanisierung und Infrastrukturentwicklung:<\/strong> Urbanisierungs- und Infrastrukturentwicklungsaktivit\u00e4ten auf der ganzen Welt erfordern langlebige und effiziente Materialien, was die Nachfrage nach Polyurethan steigert.<\/li>\n\n\n\n<li><strong>Regulierungsrichtlinien:<\/strong> In einigen Regionen f\u00fchrt die staatliche F\u00f6rderung energieeffizienter Geb\u00e4ude zu einer verst\u00e4rkten Verwendung von Polyurethan als Isoliermaterial und f\u00f6rdert so das Marktwachstum.<\/li>\n<\/ul>\n\n\n\n<h2 class=\"wp-block-heading\">Chancen in der Polyurethan-Marktforschung<\/h2>\n\n\n\n<ul class=\"wp-block-list\">\n<li><strong>Wachstum im Bau- und Wohnungsbau:<\/strong> Mit der weltweit rasanten Urbanisierung steigt auch die Nachfrage nach effizienten Baumaterialien. Polyurethan ist ein unverzichtbares Material und umfassende Marktstudien zu seiner Anwendung im modernen Bauwesen k\u00f6nnen von unsch\u00e4tzbarem Wert sein.<\/li>\n\n\n\n<li><strong>Die Automobilrevolution:<\/strong> Die Automobilindustrie befindet sich mitten in einem Wandel hin zu leichteren, effizienteren Materialien. Hier bietet sich die Gelegenheit f\u00fcr eine detaillierte Polyurethan-Marktforschung.<\/li>\n\n\n\n<li><strong>Medizinische Innovationen:<\/strong> The medical industry is poised for rapid innovation. Given polyurethane&#8217;s biocompatibility, <a href=\"https:\/\/www.sisinternational.com\/de\/erweiterung-der-marktreichweite-durch-eine-vielschichtige-marketingstrategie\/\" title=\"Erweiterung der Marktreichweite durch eine vielschichtige Marketingstrategie\"  data-wpil-monitor-id=\"9948\">market studies exploring its expanded<\/a> use in medical devices can offer lucrative insights.<\/li>\n\n\n\n<li><strong>Eintauchen in das CASE-Segment:<\/strong> Der CASE-Sektor (Beschichtungen, Klebstoffe, Dichtungsmittel und Elastomere) bietet eine F\u00fclle von M\u00f6glichkeiten. Unternehmen k\u00f6nnen von der umfassenden Forschung zu neuen Formulierungen, Anwendungen und Markttrends in diesem Segment profitieren.<\/li>\n\n\n\n<li><strong>Der Aufstieg der Kreislaufwirtschaft:<\/strong> Da das Modell der Kreislaufwirtschaft immer mehr an Bedeutung gewinnt, steigt der Bedarf an Forschung zu Recyclingmethoden, Wiederverwendungsm\u00f6glichkeiten und Lebenszyklusanalysen f\u00fcr Polyurethanprodukte.<\/li>\n\n\n\n<li><strong>Geographical <\/strong><a href=\"https:\/\/www.sisinternational.com\/de\/losungen\/fintech-strategieberatung-forschung\/finanzielle-inklusion-in-schwellenlandern-marktforschungsberatung\/\" title=\"Marktforschung und Beratung zur finanziellen Inklusion in Schwellenl\u00e4ndern\"  data-wpil-monitor-id=\"9943\">Market Penetration Studies: Emerging economies<\/a>, with their growing middle class and rapid industrialization, present untapped potential. Detailed market penetration studies focusing on these regions can guide businesses in making informed expansion decisions.<\/li>\n\n\n\n<li><strong>Technologische Fortschritte und Innovationen:<\/strong> Die Schnittstelle zwischen Technologie und Materialwissenschaft ist eine Goldgrube an M\u00f6glichkeiten. Polyurethan-Marktforschung in Bereichen wie nanostrukturierten Polyurethanen oder intelligenten, reaktiven Polyurethanen kann Unternehmen an die Spitze der Branchenentwicklung bringen.<\/li>\n\n\n\n<li><strong>Studien zum Verbraucherverhalten und zur Markenbildung:<\/strong> Da Polyurethan seinen Weg in Alltagsprodukte findet, von Mode bis zu M\u00f6beln, ist es von entscheidender Bedeutung, die Wahrnehmung und das Verhalten der Verbraucher zu verstehen. Umfassende Polyurethan-Marktforschung in diesem Bereich kann die Produktentwicklung und Markenstrategien leiten.<\/li>\n<\/ul>\n\n\n\n<h2 class=\"wp-block-heading\">Herausforderungen im Polyurethan-Markt<\/h2>\n\n\n\n<p>Obwohl der Polyurethan-Markt vielversprechendes Wachstum zeigt, steht er auch vor mehreren Herausforderungen. Die Polyurethan-Marktforschung zeigt, dass dies die wichtigsten H\u00fcrden sind:<\/p>\n\n\n\n<ul class=\"wp-block-list\">\n<li><strong>Umweltsorgen:<\/strong> Herk\u00f6mmliches Polyurethan wird aus nicht erneuerbaren Ressourcen gewonnen und sein Produktionsprozess kann negative Auswirkungen auf die Umwelt haben. Dar\u00fcber hinaus ist es nicht biologisch abbaubar, was zu Problemen bei der Abfallbewirtschaftung f\u00fchrt.<\/li>\n\n\n\n<li><strong>Gesetzliche Beschr\u00e4nkungen:<\/strong> In verschiedenen Regionen gelten strenge Vorschriften f\u00fcr die Herstellung und Verwendung bestimmter Polyurethantypen, vor allem aufgrund ihrer potenziellen Auswirkungen auf Umwelt und Gesundheit. Die Einhaltung dieser Vorschriften kann f\u00fcr Hersteller eine Herausforderung darstellen und mit hohen Kosten verbunden sein.<\/li>\n\n\n\n<li><strong>Volatile Rohstoffpreise:<\/strong> Die Kosten der bei der Polyurethan-Produktion verwendeten Rohstoffe wie Isocyanate und Polyole schwanken h\u00e4ufig aufgrund von Faktoren wie Unterbrechungen der Lieferkette oder \u00c4nderungen des Roh\u00f6lpreises.<\/li>\n\n\n\n<li><strong>Gesundheitsrisiken:<\/strong> Einige Polyurethanarten k\u00f6nnen bei unsachgem\u00e4\u00dfer Handhabung gesundheitliche Risiken bergen, beispielsweise Atemwegserkrankungen.<\/li>\n<\/ul>\n\n\n\n<h2 class=\"wp-block-heading\">Zukunft des Polyurethan-Marktes<\/h2>\n\n\n\n<p>Die Polyurethan-Marktforschung prognostiziert mehrere Trends und Entwicklungen, die diese Zukunft pr\u00e4gen k\u00f6nnten:<\/p>\n\n\n\n<ul class=\"wp-block-list\">\n<li><strong>Nachhaltigkeit und Innovation:<\/strong> Angesichts der zunehmenden Bedeutung von Nachhaltigkeit ist zu erwarten, dass die Entwicklung biobasierter und recycelbarer Polyurethan-Alternativen an Bedeutung gewinnen wird. Diese Innovation k\u00f6nnte dazu beitragen, Umweltbedenken und regulatorische Einschr\u00e4nkungen im Zusammenhang mit herk\u00f6mmlichen Polyurethanen auszur\u00e4umen.<\/li>\n\n\n\n<li><a href=\"https:\/\/www.sisinternational.com\/de\/so-setzen-sie-ihre-expansion-in-den-schwellenmarkten-in-dieser-rezession-fort\/\" title=\"So setzen Sie Ihre Expansion in den Schwellenm\u00e4rkten trotz der Rezession fort\"  data-wpil-monitor-id=\"9944\">Emerging Markets: With continuing<\/a> industrial growth in emerging economies, regions like Asia-Pacific and Latin America are likely to offer significant growth opportunities for the polyurethane market.<\/li>\n\n\n\n<li><strong>Neue Anwendungen:<\/strong> Laufende Forschung und technologische Fortschritte werden auch weiterhin neue Einsatzm\u00f6glichkeiten f\u00fcr Polyurethan erschlie\u00dfen und so m\u00f6glicherweise das weitere Marktwachstum vorantreiben.<\/li>\n\n\n\n<li><strong>Nachfrage nach Hochleistungsmaterialien:<\/strong> Da die Industrie weiterhin nach langlebigen, leichten und effizienten Materialien verlangt, wird erwartet, dass die Nachfrage nach Hochleistungsprodukten aus Polyurethan steigen wird.<\/li>\n<\/ul>","protected":false},"excerpt":{"rendered":"<p>Polyurethan ist ein wichtiger Kunststoff, der in zahlreichen Industriezweigen verwendet wird. In der Marktforschung werden potenzielle Trends und Weiterentwicklungen untersucht.<\/p>","protected":false},"author":1,"featured_media":67291,"parent":14514,"menu_order":322,"comment_status":"closed","ping_status":"closed","template":"","meta":{"footnotes":""},"class_list":["post-43018","page","type-page","status-publish","has-post-thumbnail"],"_links":{"self":[{"href":"https:\/\/www.sisinternational.com\/de\/wp-json\/wp\/v2\/pages\/43018","targetHints":{"allow":["GET"]}}],"collection":[{"href":"https:\/\/www.sisinternational.com\/de\/wp-json\/wp\/v2\/pages"}],"about":[{"href":"https:\/\/www.sisinternational.com\/de\/wp-json\/wp\/v2\/types\/page"}],"author":[{"embeddable":true,"href":"https:\/\/www.sisinternational.com\/de\/wp-json\/wp\/v2\/users\/1"}],"replies":[{"embeddable":true,"href":"https:\/\/www.sisinternational.com\/de\/wp-json\/wp\/v2\/comments?post=43018"}],"version-history":[{"count":6,"href":"https:\/\/www.sisinternational.com\/de\/wp-json\/wp\/v2\/pages\/43018\/revisions"}],"predecessor-version":[{"id":81649,"href":"https:\/\/www.sisinternational.com\/de\/wp-json\/wp\/v2\/pages\/43018\/revisions\/81649"}],"up":[{"embeddable":true,"href":"https:\/\/www.sisinternational.com\/de\/wp-json\/wp\/v2\/pages\/14514"}],"wp:featuredmedia":[{"embeddable":true,"href":"https:\/\/www.sisinternational.com\/de\/wp-json\/wp\/v2\/media\/67291"}],"wp:attachment":[{"href":"https:\/\/www.sisinternational.com\/de\/wp-json\/wp\/v2\/media?parent=43018"}],"curies":[{"name":"wp","href":"https:\/\/api.w.org\/{rel}","templated":true}]}}