{"id":42970,"date":"2023-08-09T15:08:18","date_gmt":"2023-08-09T19:08:18","guid":{"rendered":"https:\/\/www.sisinternational.com\/?page_id=42970"},"modified":"2026-01-26T18:21:35","modified_gmt":"2026-01-26T23:21:35","slug":"aluminium-marktforschung","status":"publish","type":"page","link":"https:\/\/www.sisinternational.com\/de\/sachverstand\/aluminium-marktforschung\/","title":{"rendered":"Aluminium-Marktforschung"},"content":{"rendered":"<h1 class=\"wp-block-heading\">Aluminium-Marktforschung<\/h1>\n\n\n\n<figure class=\"gb-block-image gb-block-image-48cead7f\"><img loading=\"lazy\" decoding=\"async\" width=\"1456\" height=\"816\" class=\"gb-image gb-image-48cead7f\" src=\"https:\/\/www.sisinternational.com\/wp-content\/uploads\/2025\/08\/Aluminium-2.jpg\" alt=\"SIS International Marktforschung &amp; Strategie\" title=\"Aluminium (2)\" srcset=\"https:\/\/www.sisinternational.com\/wp-content\/uploads\/2025\/08\/Aluminium-2.jpg 1456w, https:\/\/www.sisinternational.com\/wp-content\/uploads\/2025\/08\/Aluminium-2-300x168.jpg 300w, https:\/\/www.sisinternational.com\/wp-content\/uploads\/2025\/08\/Aluminium-2-1024x574.jpg 1024w, https:\/\/www.sisinternational.com\/wp-content\/uploads\/2025\/08\/Aluminium-2-768x430.jpg 768w, https:\/\/www.sisinternational.com\/wp-content\/uploads\/2025\/08\/Aluminium-2-18x10.jpg 18w\" sizes=\"auto, (max-width: 1456px) 100vw, 1456px\"><\/figure>\n\n\n\n<p><\/p>\n\n\n\n<hr class=\"wp-block-separator has-alpha-channel-opacity is-style-dots\"\/>\n\n\n\n<p>Aluminium ist ein wichtiger Bestandteil in vielen Branchen, von der Automobil- und Luftfahrtindustrie bis hin zur Bau- und Verpackungsindustrie. Dies macht Aluminium zu einem unverzichtbaren Produkt f\u00fcr die moderne Infrastruktur \u2013 und das Verst\u00e4ndnis seines Potenzials und seiner aktuellen Auswirkungen ist ein Wettbewerbsvorteil, den Unternehmen durch eingehende Untersuchung des Aluminiummarktes erlangen k\u00f6nnen.<\/p>\n\n\n\n<p>Die Marktforschung f\u00fcr Aluminium liefert wichtige Informationen zu Angebots- und Nachfragedynamik, Preistrends, wichtigen Akteuren und Zukunftsaussichten f\u00fcr dieses Metall sowie weitere wichtige Erkenntnisse, um auf diesem Markt erfolgreich zu sein. Sie stattet Unternehmen und Interessengruppen mit dem notwendigen Wissen aus, um die Marktlandschaft effektiv zu analysieren und sich an die Ver\u00e4nderungen in diesem wichtigen Sektor anzupassen.<\/p>\n\n\n\n<p><\/p>\n\n\n\n<div class=\"wp-block-columns has-global-color-9-color has-text-color has-background has-link-color wp-elements-38b4ab378156d631bb4b010aab0f2cb8 is-layout-flex wp-container-core-columns-is-layout-9d6595d7 wp-block-columns-is-layout-flex\" style=\"background-color:#f7f9fa6e\">\n<div class=\"wp-block-column is-layout-flow wp-block-column-is-layout-flow\" style=\"flex-basis:18%\"><\/div>\n\n\n\n<div class=\"wp-block-column is-vertically-aligned-center is-layout-flow wp-block-column-is-layout-flow\" style=\"flex-basis:71.28%\">\n<div class=\"wp-block-rank-math-toc-block aligncenter has-global-color-9-color has-text-color has-link-color wp-elements-ea5a7a37cbbe9dd82dc61ab093db8c8f\" style=\"font-size:16px\" id=\"rank-math-toc\"><h2><br><strong>T<\/strong>able of Contents<\/h2><nav><ul><li class=\"\"><a href=\"#the-state-of-the-global-aluminum-market\">Der Zustand des globalen Aluminiummarktes<\/a><\/li><li class=\"\"><a href=\"#factors-driving-the-aluminum-market\">Faktoren, die den Aluminiummarkt antreiben<\/a><\/li><li class=\"\"><a href=\"#why-is-aluminum-market-research-so-important\">Warum ist die Marktforschung f\u00fcr Aluminium so wichtig?<\/a><\/li><li class=\"\"><a href=\"#opportunities\">Gelegenheiten<\/a><\/li><li class=\"\"><a href=\"#challenges\">Herausforderungen<\/a><\/li><li class=\"\"><a href=\"#future-of-the-aluminum-market-research\">Zukunft der Aluminiummarktforschung<\/a><\/li><\/ul><\/nav><\/div>\n<\/div>\n<\/div>\n\n\n\n<p><\/p>\n\n\n\n<h2 class=\"wp-block-heading\" id=\"the-state-of-the-global-aluminum-market\">Der Zustand des globalen Aluminiummarktes<\/h2>\n\n\n\n<p>Der globale Aluminiummarkt weist eine gro\u00dfe Bandbreite an Teilnehmern und schwankende Marktbedingungen auf. Derzeit wird der Markt von gro\u00dfen Akteuren wie Alcoa Corporation, Rio Tinto und der China Hongqiao Group dominiert. Diese Unternehmen (unter anderem) bestimmen die Produktionslandschaft und tragen einen erheblichen Teil zur weltweiten Aluminiumproduktion bei.<\/p>\n\n\n\n<p>Im Bereich der Produktion ist China unangefochtener Spitzenreiter und f\u00fcr mehr als die H\u00e4lfte der weltweiten Aluminiumproduktion verantwortlich. Danach folgen L\u00e4nder wie Indien, Russland und Kanada. Auf der Verbrauchsseite geh\u00f6ren die USA, China und Indien zu den gr\u00f6\u00dften Verbrauchern. Die Nachfrage in diesen L\u00e4ndern wird haupts\u00e4chlich von ihren gro\u00dfen Fertigungs- und Bausektoren getrieben, die trotz ihrer etablierten M\u00e4rkte weiterhin schnell wachsen.<\/p>\n\n\n\n<p>Unter den besonderen F\u00e4llen stechen China und Indien als Aluminiumverbraucher hervor, die vor allem durch ein robustes industrielles Wachstum angetrieben werden. Die raschen Urbanisierungs- und Industrialisierungsprozesse dieser L\u00e4nder erfordern gro\u00dfe Mengen Aluminium und pr\u00e4gen somit die regionale Marktdynamik.<\/p>\n\n\n\n<h2 class=\"wp-block-heading\" id=\"factors-driving-the-aluminum-market\">Faktoren, die den Aluminiummarkt antreiben<\/h2>\n\n\n\n<p>Es gibt mehrere Schl\u00fcsselfaktoren, die zum Wachstum und zur Expansion des globalen Aluminiummarktes beitragen.<\/p>\n\n\n\n<p>Der Automobilsektor nutzt Aluminium wegen seiner Leichtbauweise, die zur Verbesserung der Kraftstoffeffizienz und zur Reduzierung der Kohlenstoffemissionen beitr\u00e4gt. Auch die Bauindustrie verwendet Aluminium in Anwendungen von Strukturkomponenten bis hin zu Fensterrahmen und sch\u00e4tzt seine Haltbarkeit und Korrosionsbest\u00e4ndigkeit.<\/p>\n\n\n\n<p>Auch der technologische Fortschritt treibt den Aluminiummarkt voran. Innovationen in der Entwicklung von Aluminiumlegierungen und in den Herstellungsprozessen haben das Anwendungsspektrum dieses Metalls erweitert und in verschiedenen Sektoren neue M\u00f6glichkeiten er\u00f6ffnet.<\/p>\n\n\n\n<p>Recycling and sustainability trends are also major factors according to <a href=\"https:\/\/www.sisinternational.com\/de\/biokraftstoffe-in-der-luftfahrtindustrie\/\" title=\"Marktforschung zur Nachhaltigkeit bei Fluggesellschaften\"  data-wpil-monitor-id=\"6847\">Aluminium-Marktforschung<\/a>. With rising environmental concerns, the emphasis on recycling aluminum, a process more energy-efficient than producing new aluminum, has grown.<\/p>\n\n\n\n<h2 class=\"wp-block-heading\" id=\"why-is-aluminum-market-research-so-important\">Warum ist die Marktforschung f\u00fcr Aluminium so wichtig?<\/h2>\n\n\n\n<figure class=\"gb-block-image gb-block-image-b9d532d3\"><img loading=\"lazy\" decoding=\"async\" width=\"1456\" height=\"816\" class=\"gb-image gb-image-b9d532d3\" src=\"https:\/\/www.sisinternational.com\/wp-content\/uploads\/2025\/08\/Aluminium-5.jpg\" alt=\"SIS International Marktforschung &amp; Strategie\" title=\"Aluminium (5)\" srcset=\"https:\/\/www.sisinternational.com\/wp-content\/uploads\/2025\/08\/Aluminium-5.jpg 1456w, https:\/\/www.sisinternational.com\/wp-content\/uploads\/2025\/08\/Aluminium-5-300x168.jpg 300w, https:\/\/www.sisinternational.com\/wp-content\/uploads\/2025\/08\/Aluminium-5-1024x574.jpg 1024w, https:\/\/www.sisinternational.com\/wp-content\/uploads\/2025\/08\/Aluminium-5-768x430.jpg 768w, https:\/\/www.sisinternational.com\/wp-content\/uploads\/2025\/08\/Aluminium-5-18x10.jpg 18w\" sizes=\"auto, (max-width: 1456px) 100vw, 1456px\"><\/figure>\n\n\n\n<p><\/p>\n\n\n\n<p>Die Aluminiummarktforschung bietet eine detaillierte Untersuchung von Trends, Nachfragemustern und Branchenanforderungen und verdeutlicht die Faktoren, die das Wachstum des Aluminiummarktes vorantreiben. Dar\u00fcber hinaus erleichtert sie die Identifizierung potenzieller Chancen, sodass sich Unternehmen effektiv auf dem Markt positionieren k\u00f6nnen.<\/p>\n\n\n\n<p>Dar\u00fcber hinaus hilft es, die m\u00f6glichen Auswirkungen wirtschaftlicher und \u00f6kologischer Faktoren auf die Produktion einzusch\u00e4tzen, Nachfrageverschiebungen vorherzusehen und Wachstumschancen in aufstrebenden Sektoren zu erkennen. Aus diesem Grund k\u00f6nnen Unternehmen und Interessengruppen die Zukunft des Aluminiummarktes mit gr\u00f6\u00dferer Zuversicht angehen, indem sie die Erkenntnisse aus der Aluminiummarktforschung nutzen.<\/p>\n\n\n\n<h2 class=\"wp-block-heading\" id=\"opportunities\">Gelegenheiten<\/h2>\n\n\n\n<p>Trotz seines reifen Status wimmelt es auf dem globalen Aluminiummarkt von Wachstumschancen, die durch Aluminiummarktforschung genutzt werden k\u00f6nnen.<\/p>\n\n\n\n<ul class=\"wp-block-list\">\n<li>Eine der gr\u00f6\u00dften Chancen bieten die Schwellenm\u00e4rkte. L\u00e4nder wie Indien, Brasilien und mehrere afrikanische M\u00e4rkte verzeichnen ein industrielles Wachstum, was zu einer erh\u00f6hten Nachfrage nach Aluminium in den Bereichen Bau, Fertigung und Transport f\u00fchrt.<\/li>\n\n\n\n<li>Innovative Anwendungen von Aluminium stellen einen weiteren vielversprechenden Ansatz dar. Die Expansion von Sektoren wie Elektrofahrzeugen, erneuerbaren Energien und Hightech-Industrien bietet neue Einsatzm\u00f6glichkeiten f\u00fcr Aluminium. Beispielsweise f\u00f6rdert der Bedarf an Leichtbaumaterialien in Elektrofahrzeugen oder K\u00fchlk\u00f6rpern in der Elektronik die Verwendung von Aluminium.<\/li>\n\n\n\n<li>Es gibt einen steigenden Trend zu gr\u00fcnen und nachhaltigen Initiativen. Der Vorsto\u00df zu einer Kreislaufwirtschaft, in der die Recyclingf\u00e4higkeit von Aluminium genutzt werden kann, bietet M\u00f6glichkeiten f\u00fcr nachhaltige Gesch\u00e4ftsmodelle. Unternehmen k\u00f6nnen umweltbewusste Kunden ansprechen, indem sie Produkte aus recyceltem Aluminium f\u00f6rdern oder umweltfreundliche Herstellungsverfahren implementieren.<\/li>\n<\/ul>\n\n\n\n<h2 class=\"wp-block-heading\" id=\"challenges\">Herausforderungen<\/h2>\n\n\n\n<figure class=\"gb-block-image gb-block-image-1d29d7cc\"><img loading=\"lazy\" decoding=\"async\" width=\"1456\" height=\"816\" class=\"gb-image gb-image-1d29d7cc\" src=\"https:\/\/www.sisinternational.com\/wp-content\/uploads\/2025\/08\/Aluminium-3.jpg\" alt=\"SIS International Marktforschung &amp; Strategie\" title=\"Aluminium (3)\" srcset=\"https:\/\/www.sisinternational.com\/wp-content\/uploads\/2025\/08\/Aluminium-3.jpg 1456w, https:\/\/www.sisinternational.com\/wp-content\/uploads\/2025\/08\/Aluminium-3-300x168.jpg 300w, https:\/\/www.sisinternational.com\/wp-content\/uploads\/2025\/08\/Aluminium-3-1024x574.jpg 1024w, https:\/\/www.sisinternational.com\/wp-content\/uploads\/2025\/08\/Aluminium-3-768x430.jpg 768w, https:\/\/www.sisinternational.com\/wp-content\/uploads\/2025\/08\/Aluminium-3-18x10.jpg 18w\" sizes=\"auto, (max-width: 1456px) 100vw, 1456px\"><\/figure>\n\n\n\n<p><\/p>\n\n\n\n<p>Despite its potential, the global aluminum market is not without its challenges, but these are objections that can be overcome with <a href=\"https:\/\/www.sisinternational.com\/de\/losungen\/ai-marktforschung-und-strategieberatung\/objekterkennung-ki-marktforschung\/\" title=\"Marktforschung zur Objekterkennung mit KI\"  data-wpil-monitor-id=\"2397\">Aluminium-Marktforschung<\/a>.<\/p>\n\n\n\n<ul class=\"wp-block-list\">\n<li>Ein gro\u00dfes Hindernis sind die Schwankungen bei den Rohstoffpreisen. Bauxit, die wichtigste Aluminiumquelle, unterliegt aufgrund geopolitischer Probleme, Ungleichgewichten zwischen Angebot und Nachfrage sowie Umweltauflagen starken Preisschwankungen, die sich auf die Produktionskosten und letztlich auf die Marktpreise auswirken k\u00f6nnen.<\/li>\n\n\n\n<li>Eine weitere gro\u00dfe Herausforderung sind die mit der Aluminiumproduktion verbundenen Umweltauswirkungen. Der Prozess der Aluminiumgewinnung aus Bauxit ist energieintensiv und erzeugt erhebliche Treibhausgasemissionen. Da die Welt umweltbewusster wird, werden diese Faktoren immer genauer unter die Lupe genommen.<\/li>\n\n\n\n<li>Auch der regulatorische Druck stellt eine Herausforderung dar. Weltweit erlassen Regierungen strengere Vorschriften in Bezug auf \u00f6kologische Nachhaltigkeit, Energieverbrauch und Abfallmanagement. Die Einhaltung dieser Vorschriften kann f\u00fcr Unternehmen der Aluminiumindustrie zu h\u00f6heren Betriebskosten f\u00fchren.<\/li>\n<\/ul>\n\n\n\n<p><\/p>\n\n\n\n<!DOCTYPE html>\n<html lang=\"en\">\n<head>\n    <meta charset=\"UTF-8\">\n    <meta name=\"viewport\" content=\"width=device-width, initial-scale=1.0\">\n    <title>AI Blog Banner<\/title>\n    <style>\n        * {\n            margin: 0;\n            padding: 0;\n            box-sizing: border-box;\n        }\n\n        .banner {\n            position: relative;\n            width: 100%;\n            height: 350px;\n            overflow: hidden;\n            display: flex;\n            align-items: center;\n            justify-content: center;\n            font-family: 'Arial', sans-serif;\n            border-radius: 25px;\n        }\n\n        .animated-background {\n            position: absolute;\n            top: 0;\n            left: 0;\n            width: 100%;\n            height: 100%;\n            background: linear-gradient(45deg, #003f6b, #2d5a7b, #003f6b, #2d5a7b);\n            background-size: 400% 400%;\n            animation: gradientMove 8s ease-in-out infinite;\n        }\n\n        .ai-pattern {\n            position: absolute;\n            top: 0;\n            left: 0;\n            width: 100%;\n            height: 100%;\n            opacity: 0.1;\n            background-image: \n                radial-gradient(circle at 20% 20%, rgba(255,255,255,0.3) 2px, transparent 2px),\n                radial-gradient(circle at 80% 80%, rgba(255,255,255,0.2) 1px, transparent 1px),\n                radial-gradient(circle at 40% 60%, rgba(255,255,255,0.15) 1.5px, transparent 1.5px),\n                radial-gradient(circle at 60% 20%, rgba(255,255,255,0.25) 1px, transparent 1px),\n                radial-gradient(circle at 80% 40%, rgba(255,255,255,0.2) 2px, transparent 2px);\n            background-size: 100px 100px, 150px 150px, 80px 80px, 120px 120px, 90px 90px;\n            animation: patternFloat 12s linear infinite;\n        }\n\n        .neural-network {\n            position: absolute;\n            top: 0;\n            left: 0;\n            width: 100%;\n            height: 100%;\n            opacity: 0.08;\n        }\n\n        .neural-line {\n            position: absolute;\n            height: 1px;\n            background: linear-gradient(90deg, transparent, rgba(255,255,255,0.5), transparent);\n            animation: neuralPulse 6s ease-in-out infinite;\n        }\n\n        .neural-line:nth-child(1) {\n            top: 30%;\n            left: 0;\n            width: 60%;\n            animation-delay: 0s;\n        }\n\n        .neural-line:nth-child(2) {\n            top: 50%;\n            right: 0;\n            width: 70%;\n            animation-delay: 2s;\n        }\n\n        .neural-line:nth-child(3) {\n            top: 70%;\n            left: 20%;\n            width: 50%;\n            animation-delay: 4s;\n        }\n\n        .content {\n            position: relative;\n            z-index: 10;\n            text-align: center;\n            color: white !important;\n            max-width: 800px;\n            padding: 30px;\n        }\n\n        .content * {\n            color: white !important;\n        }\n\n        .cta-text {\n            font-size: 1.9rem;\n            font-weight: 700;\n            margin-bottom: 15px;\n            color: white !important;\n            background: linear-gradient(90deg, rgba(255,255,255,0.6), rgba(255,255,255,1), rgba(230,230,230,1), rgba(255,255,255,1), rgba(240,240,240,0.8), rgba(255,255,255,0.6));\n            background-size: 200% 100%;\n            -webkit-background-clip: text;\n            -webkit-text-fill-color: transparent;\n            background-clip: text;\n            animation: shineEffect 10s ease-in-out infinite;\n            line-height: 1.3;\n        }\n\n        .cta-subheading {\n            font-size: 1rem;\n            font-weight: 400;\n            margin-bottom: 25px;\n            color: white !important;\n            line-height: 1.6;\n            opacity: 0.95;\n        }\n\n        .cta-button {\n            background: linear-gradient(135deg, #8a6b0f, #bd9013, #d4a519);\n            border: 2px solid #8a6b0f;\n            color: white !important;\n            padding: 18px 40px;\n            font-size: 1.2rem;\n            font-weight: 600;\n            border-radius: 50px;\n            cursor: pointer;\n            transition: all 0.3s ease;\n            text-decoration: none;\n            display: inline-block;\n            position: relative;\n            overflow: hidden;\n        }\n\n        .cta-button::before {\n            content: '';\n            position: absolute;\n            top: 0;\n            left: -100%;\n            width: 100%;\n            height: 100%;\n            background: linear-gradient(90deg, \n                transparent 0%, \n                rgba(255, 255, 255, 0.3) 25%,\n                rgba(255, 255, 255, 0.6) 50%,\n                rgba(255, 255, 255, 0.3) 75%,\n                transparent 100%);\n            animation: shine 3s ease-in-out infinite;\n        }\n\n        .cta-button:hover {\n            transform: translateY(-3px);\n            box-shadow: 0 10px 25px rgba(0,0,0,0.2);\n            border-color: #bd9013;\n            background: linear-gradient(135deg, #bd9013, #d4a519, #e6b61f);\n        }\n\n        .floating-elements {\n            position: absolute;\n            top: 0;\n            left: 0;\n            width: 100%;\n            height: 100%;\n            pointer-events: none;\n        }\n\n        .floating-circle {\n            position: absolute;\n            border-radius: 50%;\n            background: rgba(255,255,255,0.1);\n            animation: float 8s ease-in-out infinite;\n        }\n\n        .floating-circle:nth-child(1) {\n            width: 80px;\n            height: 80px;\n            top: 20%;\n            left: 10%;\n            animation-delay: 0s;\n        }\n\n        .floating-circle:nth-child(2) {\n            width: 60px;\n            height: 60px;\n            top: 60%;\n            right: 15%;\n            animation-delay: 3s;\n        }\n\n        .floating-circle:nth-child(3) {\n            width: 40px;\n            height: 40px;\n            top: 80%;\n            left: 80%;\n            animation-delay: 6s;\n        }\n\n        .floating-circle:nth-child(4) {\n            width: 70px;\n            height: 70px;\n            top: 10%;\n            right: 20%;\n            animation-delay: 1.5s;\n        }\n\n        .floating-circle:nth-child(5) {\n            width: 50px;\n            height: 50px;\n            top: 75%;\n            left: 30%;\n            animation-delay: 4.5s;\n        }\n\n        @keyframes gradientMove {\n            0% { background-position: 0% 50%; }\n            25% { background-position: 100% 50%; }\n            50% { background-position: 100% 100%; }\n            75% { background-position: 0% 100%; }\n            100% { background-position: 0% 50%; }\n        }\n\n        @keyframes patternFloat {\n            0% { transform: translateX(0) translateY(0); }\n            33% { transform: translateX(30px) translateY(-20px); }\n            66% { transform: translateX(-20px) translateY(10px); }\n            100% { transform: translateX(0) translateY(0); }\n        }\n\n        @keyframes neuralPulse {\n            0%, 100% { opacity: 0.08; }\n            50% { opacity: 0.2; }\n        }\n\n        @keyframes shineEffect {\n            0% { background-position: 200% 0; }\n            100% { background-position: -200% 0; }\n        }\n\n        @keyframes shine {\n            0% {\n                left: -100%;\n            }\n            20%, 100% {\n                left: 100%;\n            }\n        }\n\n        @keyframes float {\n            0%, 100% { transform: translateY(0px) rotate(0deg); }\n            33% { transform: translateY(-30px) rotate(120deg); }\n            66% { transform: translateY(15px) rotate(240deg); }\n        }\n\n        @media (max-width: 768px) {\n            .banner {\n                height: 320px;\n                padding: 30px 0;\n            }\n            \n            .content {\n                padding: 40px 20px;\n            }\n            \n            .cta-text {\n                font-size: 1.3rem;\n                margin-bottom: 12px;\n            }\n            \n            .cta-subheading {\n                font-size: 0.85rem;\n                margin-bottom: 20px;\n            }\n            \n            .cta-button {\n                padding: 14px 28px;\n                font-size: 0.95rem;\n            }\n        }\n    <\/style>\n<\/head>\n<body>\n    <div class=\"banner\">\n        <div class=\"animated-background\"><\/div>\n        \n        <div class=\"ai-pattern\"><\/div>\n        \n        <div class=\"neural-network\">\n            <div class=\"neural-line\"><\/div>\n            <div class=\"neural-line\"><\/div>\n            <div class=\"neural-line\"><\/div>\n        <\/div>\n        \n        <div class=\"floating-elements\">\n            <div class=\"floating-circle\"><\/div>\n            <div class=\"floating-circle\"><\/div>\n            <div class=\"floating-circle\"><\/div>\n            <div class=\"floating-circle\"><\/div>\n            <div class=\"floating-circle\"><\/div>\n        <\/div>\n        \n        <div class=\"content\">\n            <div class=\"cta-text\">Ready to explore the insights that drive smarter decisions?<\/div>\n            <div class=\"cta-subheading\">Contact our Research experts today.<\/div>\n            <a href=\"mailto:Research@sisinternational.com\" class=\"cta-button\">Contact us now!<\/a>\n        <\/div>\n    <\/div>\n<\/body>\n<\/html>\n\n\n\n<p><\/p>\n\n\n\n<h2 class=\"wp-block-heading\" id=\"future-of-the-aluminum-market-research\">Zukunft der Aluminiummarktforschung<\/h2>\n\n\n\n<p>Die Marktforschung zum Thema Aluminium zeigt, dass eine Reihe von Faktoren \u2013 vom technologischen Fortschritt bis hin zu aufstrebenden M\u00e4rkten und neuartigen Anwendungen \u2013 die Landschaft umgestalten werden.<\/p>\n\n\n\n<ul class=\"wp-block-list\">\n<li>Die Marktforschung f\u00fcr Aluminium prognostiziert ein anhaltendes Nachfragewachstum, insbesondere in Entwicklungsl\u00e4ndern, die eine schnelle Industrialisierung durchlaufen. Der Aufstieg von Sektoren wie Elektrofahrzeugen, erneuerbaren Energien und Hightech-Industrien d\u00fcrfte ebenfalls zu einem erh\u00f6hten Aluminiumverbrauch f\u00fchren.<\/li>\n\n\n\n<li>Trends in den Bereichen Nachhaltigkeit und Kreislaufwirtschaft werden wahrscheinlich eine immer gr\u00f6\u00dfere Rolle spielen. Da der gesellschaftliche und regulatorische Druck zu umweltfreundlichen Praktiken zunimmt, wird die Aluminiumindustrie voraussichtlich mehr in Recyclinginitiativen und umweltfreundliche Fertigungstechnologien investieren.<\/li>\n\n\n\n<li>Auch technologische Fortschritte werden den Aluminiummarkt ver\u00e4ndern. Innovationen in der Legierungsentwicklung, den Produktionsprozessen und Recyclingtechniken k\u00f6nnten neue Einsatzm\u00f6glichkeiten f\u00fcr Aluminium er\u00f6ffnen und die Effizienz der Branche insgesamt verbessern.<\/li>\n\n\n\n<li>Ebenso k\u00f6nnte der Bau immer effizienterer und leichterer Fahrzeuge den Aluminiumverbrauch in Branchen wie der Automobil- und Luftfahrtindustrie erh\u00f6hen. So hat die Luft- und Raumfahrtindustrie beispielsweise Aluminium-Lithium-Legierungen aufgrund ihres besseren Verh\u00e4ltnisses von Festigkeit zu Gewicht im Auge, was zu leichteren, treibstoffeffizienteren Flugzeugen f\u00fchren k\u00f6nnte. \u00dcber die traditionellen Anwendungen in der Automobil- und Luftfahrtindustrie hinaus greift auch die Schifffahrtsindustrie auf Aluminium zur\u00fcck, um das Gewicht von Schiffen zu reduzieren, die Treibstoffeffizienz zu verbessern und die Treibhausgasemissionen zu verringern. Hinzu kommt der Trend hin zu Elektrofahrzeugen (EVs).<\/li>\n<\/ul>\n\n\n<h2>Unser Standort in New York<\/h2>\n<p><!-- \/wp:post-content --> <!-- wp:html --> <iframe loading=\"lazy\" src=\"https:\/\/www.google.com\/maps\/embed?pb=!1m18!1m12!1m3!1d3022.976188376966!2d-73.99130312499956!3d40.740549471389315!2m3!1f0!2f0!3f0!3m2!1i1024!2i768!4f13.1!3m3!1m2!1s0x89c259a15798c731%3A0xd695d09bdd495f25!2s11%20E%2022nd%20St%20FL%202%2C%20New%20York%2C%20NY%2010010%2C%20USA!5e0!3m2!1sen!2spe!4v1726171763526!5m2!1sen!2spe\" width=\"600\" height=\"450\" allowfullscreen=\"allowfullscreen\" data-mce-fragment=\"1\"><\/iframe> <!-- \/wp:html --> <!-- wp:paragraph --><\/p>\n<h3 class=\"wp-block-heading\">11 E 22nd Street, Floor 2, New York, NY 10010 T: +1(212) 505-6805<\/h3>\n<hr \/>\n<h2><span style=\"font-weight: 400;\">\u00dcber SIS International<\/span><\/h2>\n<p><a href=\"https:\/\/www.sisinternational.com\/de\/\"><span style=\"font-weight: 400;\">SIS International<\/span><\/a><span style=\"font-weight: 400;\"> bietet quantitative, qualitative und strategische Forschung an. Wir liefern Daten, Tools, Strategien, Berichte und Erkenntnisse zur Entscheidungsfindung. Wir f\u00fchren auch Interviews, Umfragen, Fokusgruppen und andere Methoden und Ans\u00e4tze der Marktforschung durch.<\/span><a href=\"https:\/\/www.sisinternational.com\/de\/uber-sis-international-research\/contact-sis-international-market-research\/\"><span style=\"font-weight: 400;\"> Kontakt<\/span><\/a><span style=\"font-weight: 400;\"> f\u00fcr Ihr n\u00e4chstes Marktforschungsprojekt.<\/span><\/p>","protected":false},"excerpt":{"rendered":"<p>Die Marktforschung f\u00fcr Aluminium bietet wichtige Informationen zu Angebot, Nachfrage, Preisgestaltung, Akteuren der Branche und zuk\u00fcnftigen M\u00f6glichkeiten.<\/p>","protected":false},"author":1,"featured_media":63252,"parent":14514,"menu_order":316,"comment_status":"closed","ping_status":"closed","template":"","meta":{"footnotes":""},"class_list":["post-42970","page","type-page","status-publish","has-post-thumbnail"],"_links":{"self":[{"href":"https:\/\/www.sisinternational.com\/de\/wp-json\/wp\/v2\/pages\/42970","targetHints":{"allow":["GET"]}}],"collection":[{"href":"https:\/\/www.sisinternational.com\/de\/wp-json\/wp\/v2\/pages"}],"about":[{"href":"https:\/\/www.sisinternational.com\/de\/wp-json\/wp\/v2\/types\/page"}],"author":[{"embeddable":true,"href":"https:\/\/www.sisinternational.com\/de\/wp-json\/wp\/v2\/users\/1"}],"replies":[{"embeddable":true,"href":"https:\/\/www.sisinternational.com\/de\/wp-json\/wp\/v2\/comments?post=42970"}],"version-history":[{"count":10,"href":"https:\/\/www.sisinternational.com\/de\/wp-json\/wp\/v2\/pages\/42970\/revisions"}],"predecessor-version":[{"id":80423,"href":"https:\/\/www.sisinternational.com\/de\/wp-json\/wp\/v2\/pages\/42970\/revisions\/80423"}],"up":[{"embeddable":true,"href":"https:\/\/www.sisinternational.com\/de\/wp-json\/wp\/v2\/pages\/14514"}],"wp:featuredmedia":[{"embeddable":true,"href":"https:\/\/www.sisinternational.com\/de\/wp-json\/wp\/v2\/media\/63252"}],"wp:attachment":[{"href":"https:\/\/www.sisinternational.com\/de\/wp-json\/wp\/v2\/media?parent=42970"}],"curies":[{"name":"wp","href":"https:\/\/api.w.org\/{rel}","templated":true}]}}