{"id":42915,"date":"2023-07-26T12:00:52","date_gmt":"2023-07-26T16:00:52","guid":{"rendered":"https:\/\/www.sisinternational.com\/?page_id=42915"},"modified":"2025-10-29T17:35:22","modified_gmt":"2025-10-29T21:35:22","slug":"marktforschung-naples-florida","status":"publish","type":"page","link":"https:\/\/www.sisinternational.com\/de\/abdeckung\/north-america\/usa-berichterstattung\/marktforschung-naples-florida\/","title":{"rendered":"Marktforschung in Naples, Florida"},"content":{"rendered":"<h1 class=\"wp-block-heading\">Marktforschung in Naples, Florida<\/h1>\n\n\n\n<figure class=\"gb-block-image gb-block-image-b35bdb69\"><img loading=\"lazy\" decoding=\"async\" width=\"1456\" height=\"816\" class=\"gb-image gb-image-b35bdb69\" src=\"https:\/\/www.sisinternational.com\/wp-content\/uploads\/2025\/09\/Naples-Florida-4.jpg\" alt=\"SIS International Marktforschung &amp; Strategie\" title=\"Naples, Florida (4)\" srcset=\"https:\/\/www.sisinternational.com\/wp-content\/uploads\/2025\/09\/Naples-Florida-4.jpg 1456w, https:\/\/www.sisinternational.com\/wp-content\/uploads\/2025\/09\/Naples-Florida-4-300x168.jpg 300w, https:\/\/www.sisinternational.com\/wp-content\/uploads\/2025\/09\/Naples-Florida-4-1024x574.jpg 1024w, https:\/\/www.sisinternational.com\/wp-content\/uploads\/2025\/09\/Naples-Florida-4-768x430.jpg 768w, https:\/\/www.sisinternational.com\/wp-content\/uploads\/2025\/09\/Naples-Florida-4-18x10.jpg 18w\" sizes=\"auto, (max-width: 1456px) 100vw, 1456px\"><\/figure>\n\n\n\n<p><\/p>\n\n\n\n<hr class=\"wp-block-separator has-alpha-channel-opacity is-style-dots\"\/>\n\n\n\n<p>Die Landschaft der Gesch\u00e4ftsstrategien und Entscheidungsfindung wird zunehmend datengesteuert \u2013 und Naples, Florida, bildet hier keine Ausnahme.<\/p>\n\n\n\n<p>Von lokalen KMUs bis hin zu globalen Konglomeraten wissen Unternehmen, wie wichtig es ist, den Markt zu analysieren, um seine Komplexit\u00e4t zu meistern. Aus diesem Grund ist Marktforschung in Neapel mehr als nur ein n\u00fctzliches strategisches Instrument geworden \u2013 sie ist heute ein wesentlicher Bestandteil jedes soliden Gesch\u00e4ftsplans.<\/p>\n\n\n\n<p><\/p>\n\n\n\n<div class=\"wp-block-columns has-global-color-9-color has-text-color has-background has-link-color wp-elements-6256118dcc002a9f44d8a3fbd925de12 is-layout-flex wp-container-core-columns-is-layout-9d6595d7 wp-block-columns-is-layout-flex\" style=\"background-color:#f7f9fa6e\">\n<div class=\"wp-block-column is-layout-flow wp-block-column-is-layout-flow\" style=\"flex-basis:18%\"><\/div>\n\n\n\n<div class=\"wp-block-column is-vertically-aligned-center is-layout-flow wp-block-column-is-layout-flow\" style=\"flex-basis:71.28%\">\n<div class=\"wp-block-rank-math-toc-block aligncenter has-global-color-9-color has-text-color has-link-color wp-elements-1263cee8700e281a83730e501110397b\" style=\"font-size:16px\" id=\"rank-math-toc\"><h2><br><strong>T<\/strong>able of Contents<\/h2><nav><ul><li class=\"\"><a href=\"#overview-of-naples-economy\">\u00dcberblick \u00fcber die Wirtschaft von Neapel<\/a><\/li><li class=\"\"><a href=\"#why-is-it-crucial-to-conduct-market-research-in-naples\">Warum ist es wichtig, Marktforschung in Neapel durchzuf\u00fchren?<\/a><\/li><li class=\"\"><a href=\"#market-research-in-naples-its-current-trends\">Marktforschung in Neapel: Aktuelle Trends<\/a><\/li><li class=\"\"><a href=\"#opportunities-and-challenges-in-conducting-market-research-in-naples\">Chancen und Herausforderungen bei der Durchf\u00fchrung von Marktforschung in Neapel<\/a><\/li><li class=\"\"><a href=\"#future-prospects-of-market-research-in-naples\">Zukunftsaussichten der Marktforschung in Neapel<\/a><\/li><\/ul><\/nav><\/div>\n<\/div>\n<\/div>\n\n\n\n<p><\/p>\n\n\n\n<h2 class=\"wp-block-heading\" id=\"overview-of-naples-economy\">\u00dcberblick \u00fcber die Wirtschaft von Neapel<\/h2>\n\n\n\n<p>Einer der wichtigsten Bestandteile der Wirtschaftsstruktur der Stadt ist die Tourismusbranche. Naples\u2018 einzigartige und beliebte Str\u00e4nde, Golfpl\u00e4tze und Luxus-Shopping machen die Stadt zu einem beliebten Reiseziel f\u00fcr Touristen. Das saisonale Bev\u00f6lkerungswachstum, das mit diesem Tourismus einhergeht, hat gro\u00dfe Auswirkungen auf die lokale Wirtschaft und beeinflusst das Verbraucherverhalten.<\/p>\n\n\n\n<p>Naples ist auch die Heimat einer wachsenden Zahl von Rentnern. Diese alternde Bev\u00f6lkerung hat erhebliche Auswirkungen auf die Gesundheitsbranche, die ein weiterer wichtiger Sektor der Stadt ist. Gesundheitsdienstleister, von Krankenh\u00e4usern bis hin zu h\u00e4uslichen Pflegediensten, machen einen erheblichen Teil der lokalen Wirtschaft aus.<\/p>\n\n\n\n<p>Similarly, real estate is another significant contributor to Naples&#8217; economy, fueled by the city&#8217;s attractiveness as a retirement destination and a vacation hotspot. The high-end <a href=\"https:\/\/www.sisinternational.com\/de\/sachverstand\/branchen\/marktforschung-fur-gewerbeimmobilien\/\" title=\"Marktforschung f\u00fcr Gewerbeimmobilien\"  data-wpil-monitor-id=\"9798\">real estate market<\/a> caters to affluent residents and second-home buyers, influencing the retail sector, particularly luxury goods and services.<\/p>\n\n\n\n<h2 class=\"wp-block-heading\" id=\"why-is-it-crucial-to-conduct-market-research-in-naples\">Warum ist es wichtig, Marktforschung in Neapel durchzuf\u00fchren?<\/h2>\n\n\n\n<figure class=\"gb-block-image gb-block-image-d62b6d00\"><img loading=\"lazy\" decoding=\"async\" width=\"1456\" height=\"816\" class=\"gb-image gb-image-d62b6d00\" src=\"https:\/\/www.sisinternational.com\/wp-content\/uploads\/2025\/09\/Naples-Florida-2.jpg\" alt=\"SIS International Marktforschung &amp; Strategie\" title=\"Naples, Florida (2)\" srcset=\"https:\/\/www.sisinternational.com\/wp-content\/uploads\/2025\/09\/Naples-Florida-2.jpg 1456w, https:\/\/www.sisinternational.com\/wp-content\/uploads\/2025\/09\/Naples-Florida-2-300x168.jpg 300w, https:\/\/www.sisinternational.com\/wp-content\/uploads\/2025\/09\/Naples-Florida-2-1024x574.jpg 1024w, https:\/\/www.sisinternational.com\/wp-content\/uploads\/2025\/09\/Naples-Florida-2-768x430.jpg 768w, https:\/\/www.sisinternational.com\/wp-content\/uploads\/2025\/09\/Naples-Florida-2-18x10.jpg 18w\" sizes=\"auto, (max-width: 1456px) 100vw, 1456px\"><\/figure>\n\n\n\n<p><\/p>\n\n\n\n<p>Marktforschung ist unerl\u00e4sslich, um die Gesch\u00e4ftslandschaft einer Stadt vollst\u00e4ndig zu verstehen. In Neapel ist sie aus mehreren Gr\u00fcnden jedoch noch wichtiger:<\/p>\n\n\n\n<ul class=\"wp-block-list\">\n<li><strong>Die Kundenpr\u00e4ferenzen von Naples verstehen:<\/strong> Mit einer Wirtschaft, die von wohlhabenden Einheimischen, einer betr\u00e4chtlichen Zahl von Rentnern und Saisontouristen gepr\u00e4gt ist, verf\u00fcgt Naples \u00fcber einen einzigartigen Verbrauchermix. Deshalb ist Marktforschung in Naples von entscheidender Bedeutung, um die unterschiedlichen Vorlieben, Verhaltensweisen und Bed\u00fcrfnisse dieser verschiedenen Kundensegmente zu verstehen.<\/li>\n\n\n\n<li><strong>Navigieren im Wettbewerbsumfeld:<\/strong> Angesichts der vielf\u00e4ltigen Branchen in Neapel \u2013 von Gesundheitswesen und Immobilien bis hin zu Tourismus und Technologie \u2013 sind Unternehmen mit Wettbewerb aus verschiedenen Richtungen konfrontiert. Marktforschung in Neapel hilft Unternehmen jedoch dabei, ihre Konkurrenten zu verstehen, ihre Alleinstellungsmerkmale zu identifizieren und ihre Marktpositionierung zu bestimmen.<\/li>\n\n\n\n<li><strong>Enhancing <\/strong><a href=\"https:\/\/www.sisinternational.com\/de\/sachverstand\/branchen\/marktforschung-zu-stimme-des-kunden-im-lebensmittel-und-getrankebereich\/\" title=\"Marktforschung zur Stimme des Kunden im Lebensmittel- und Getr\u00e4nkebereich\"  data-wpil-monitor-id=\"9801\">Customer Satisfaction: Through market research<\/a>, businesses can gain a deeper understanding of their customer&#8217;s needs and preferences. This knowledge can guide efforts to improve product offerings, customer service, and overall customer experience, leading to increased customer satisfaction and loyalty.<\/li>\n\n\n\n<li><strong>Informierte Gesch\u00e4ftsentscheidungen treffen:<\/strong> By providing robust and reliable data, market research can support informed decision-making. Whether it&#8217;s determining the viability of a new product or choosing the best location for a new store, <a href=\"https:\/\/www.sisinternational.com\/de\/veroffentlichungen\/skalierbare-geschaftsmarktforschung-7-moglichkeiten-zum-aufbau-eines-skalierbaren-geschafts\/\" title=\"Marktforschung f\u00fcr skalierbare Unternehmen: 7 M\u00f6glichkeiten zum Aufbau eines skalierbaren Unternehmens\"  data-wpil-monitor-id=\"9802\">market research can help businesses<\/a> make decisions that are grounded in data rather than guesswork.<\/li>\n<\/ul>\n\n\n\n<p><\/p>\n\n\n\n<!DOCTYPE html>\n<html lang=\"en\">\n<head>\n    <meta charset=\"UTF-8\">\n    <meta name=\"viewport\" content=\"width=device-width, initial-scale=1.0\">\n    <title>Naples, FL Market Data<\/title>\n    <style>\n        \/* Responsive Table & SIS International-inspired Styling\n          - Uses a corporate blue and clean, sans-serif fonts.\n          - Fully responsive with horizontal scroll on small screens to prevent page distortion.\n        *\/\n        \n        .sis-table-container {\n            font-family: -apple-system, BlinkMacSystemFont, \"Segoe UI\", Roboto, Helvetica, Arial, sans-serif;\n            margin: 2em 0;\n            width: 100%;\n            \/* Allows horizontal scroll on small screens if needed *\/\n            overflow-x: auto;\n            -webkit-overflow-scrolling: touch; \/* Smooth scrolling on iOS *\/\n        }\n\n        .sis-table-container h3 {\n            font-size: 1.5rem; \/* 24px *\/\n            font-weight: 600;\n            color: #333;\n            margin-bottom: 0.75em;\n            padding: 0;\n        }\n\n        .sis-table {\n            width: 100%;\n            border-collapse: collapse;\n            min-width: 550px; \/* Ensures layout preservation, container scrolls if needed *\/\n        }\n\n        .sis-table th,\n        .sis-table td {\n            padding: 12px 15px;\n            text-align: left;\n            line-height: 1.5;\n        }\n\n        \/* Header Styling *\/\n        .sis-table thead th {\n            background-color: #005cbf; \/* SIS corporate blue *\/\n            color: #ffffff;\n            font-weight: 600;\n            font-size: 0.9rem; \/* 14.4px *\/\n            text-transform: uppercase;\n            letter-spacing: 0.5px;\n        }\n\n        \/* Body Styling *\/\n        .sis-table tbody tr {\n            border-bottom: 1px solid #ddd;\n        }\n\n        .sis-table tbody tr:nth-of-type(even) {\n            background-color: #f8f8f8; \/* Light gray alternate rows *\/\n        }\n\n        .sis-table tbody tr:last-of-type {\n            border-bottom: 2px solid #005cbf; \/* Match header blue *\/\n        }\n\n        .sis-table td {\n            color: #444;\n            font-size: 0.95rem; \/* 15.2px *\/\n            vertical-align: top;\n        }\n        \n        \/* Align data cells *\/\n        .sis-table td:nth-child(2) {\n            text-align: right;\n            white-space: nowrap;\n        }\n         .sis-table th:nth-child(2) {\n            text-align: right;\n        }\n\n\n        .sis-table-container .source-caption {\n            margin-top: 10px;\n            font-size: 0.85rem; \/* 13.6px *\/\n            color: #555;\n            font-style: italic;\n        }\n\n        .sis-table-container .source-caption a {\n            color: #005cbf; \/* Match brand blue *\/\n            text-decoration: none;\n        }\n\n        .sis-table-container .source-caption a:hover {\n            text-decoration: underline;\n        }\n    <\/style>\n<\/head>\n<body>\n\n    <!-- \n      HTML for WordPress:\n      Copy and paste the code from .sis-table-container start to end into a Custom HTML block.\n    -->\n    <div class=\"sis-table-container\">\n        \n        <h3>Naples, Florida (Collier County) Key Market Demographics<\/h3>\n\n        <table class=\"sis-table\">\n            <thead>\n                <tr>\n                    <th>Indicator<\/th>\n                    <th>Value (Recent Estimate)<\/th>\n                <\/tr>\n            <\/thead>\n            <tbody>\n                <tr>\n                    <td>County Population (Collier)<\/td>\n                    <td>~390,000<\/td>\n                <\/tr>\n                <tr>\n                    <td>Median Household Income<\/td>\n                    <td>~$81,000<\/td>\n                <\/tr>\n                <tr>\n                    <td>Median Home Value<\/td>\n                    <td>~$410,000<\/td>\n                <\/tr>\n                 <tr>\n                    <td>Population aged 65 years and over<\/td>\n                    <td>~30%<\/td>\n                <\/tr>\n                 <tr>\n                    <td>Unemployment Rate (Collier County)<\/td>\n                    <td>~3.5%<\/td>\n                <\/tr>\n            <\/tbody>\n        <\/table>\n\n        <p class=\"source-caption\">\n             Source: Data derived from the <a href=\"https:\/\/www.census.gov\/quickfacts\/fact\/table\/colliercountyflorida\/PST045223\" target=\"_blank\" rel=\"noopener noreferrer\">U.S. Census Bureau QuickFacts<\/a> Und <a href=\"https:\/\/www.bls.gov\/eag\/eag.fl_naples_md.htm\" target=\"_blank\" rel=\"noopener noreferrer\">Bureau of Labor Statistics (BLS)<\/a>, covering recent years.\n        <\/p>\n\n    <\/div>\n\n<\/body>\n<\/html>\n\n\n\n\n<p><\/p>\n\n\n\n<h2 class=\"wp-block-heading\" id=\"market-research-in-naples-its-current-trends\">Marktforschung in Neapel: Aktuelle Trends<\/h2>\n\n\n\n<p>Da sich die Gesch\u00e4ftslandschaft von Naples st\u00e4ndig weiterentwickelt, nutzen Unternehmen diese Trends, um tiefere Einblicke in ihre Kunden, M\u00e4rkte und Wettbewerber zu gewinnen. Hier sind einige der aktuellen Trends in der Marktforschung in Naples:<\/p>\n\n\n\n<ul class=\"wp-block-list\">\n<li><strong>Digitalisierung:<\/strong> Da die digitale Technologie immer mehr in alle Gesch\u00e4ftsbereiche vordringt, wird auch die Marktforschung in Naples zunehmend digitalisiert. Unternehmen nutzen digitale Tools f\u00fcr Umfragen, Meinungsumfragen und Social Media Listening, um Erkenntnisse \u00fcber das Kundenverhalten und Markttrends zu gewinnen.<\/li>\n\n\n\n<li><strong>Pr\u00e4diktive Analyse:<\/strong> Mithilfe von Daten und fortschrittlicher Analytik k\u00f6nnen Unternehmen zuk\u00fcnftige Trends und Kundenverhalten vorhersagen. Dieser vorausschauende Ansatz erm\u00f6glicht es Unternehmen, proaktiv zu sein und strategische Entscheidungen auf der Grundlage von Zukunftsprognosen zu treffen.<\/li>\n\n\n\n<li><strong><a href=\"https:\/\/www.sisinternational.com\/de\/der-stationare-einzelhandel-und-die-mobile-revolution\/\" title=\"Marktforschung f\u00fcr den mobilen Einzelhandel\" data-wpil-monitor-id=\"9800\">mobile market research<\/a>:<\/strong> Da die meisten Internetaktivit\u00e4ten heute \u00fcber Mobilger\u00e4te erfolgen, nimmt die mobile Marktforschung zu. Unternehmen nutzen mobile Umfragen, standortbasierte Forschung und mobile Nutzungsdaten, um Einblicke in das Kundenverhalten zu gewinnen.<\/li>\n<\/ul>\n\n\n\n<h2 class=\"wp-block-heading\" id=\"opportunities-and-challenges-in-conducting-market-research-in-naples\">Chancen und Herausforderungen bei der Durchf\u00fchrung von Marktforschung in Neapel<\/h2>\n\n\n\n<figure class=\"gb-block-image gb-block-image-65ef9f55\"><img loading=\"lazy\" decoding=\"async\" width=\"1456\" height=\"816\" class=\"gb-image gb-image-65ef9f55\" src=\"https:\/\/www.sisinternational.com\/wp-content\/uploads\/2025\/09\/Naples-Florida-1.jpg\" alt=\"SIS International Marktforschung &amp; Strategie\" title=\"Naples, Florida (1)\" srcset=\"https:\/\/www.sisinternational.com\/wp-content\/uploads\/2025\/09\/Naples-Florida-1.jpg 1456w, https:\/\/www.sisinternational.com\/wp-content\/uploads\/2025\/09\/Naples-Florida-1-300x168.jpg 300w, https:\/\/www.sisinternational.com\/wp-content\/uploads\/2025\/09\/Naples-Florida-1-1024x574.jpg 1024w, https:\/\/www.sisinternational.com\/wp-content\/uploads\/2025\/09\/Naples-Florida-1-768x430.jpg 768w, https:\/\/www.sisinternational.com\/wp-content\/uploads\/2025\/09\/Naples-Florida-1-18x10.jpg 18w\" sizes=\"auto, (max-width: 1456px) 100vw, 1456px\"><\/figure>\n\n\n\n<p><\/p>\n\n\n\n<p>Wie jede Gesch\u00e4ftst\u00e4tigkeit bringt auch die Durchf\u00fchrung von Marktforschung in Neapel ihre ganz eigenen Herausforderungen und Chancen mit sich.<\/p>\n\n\n\n<h3 class=\"wp-block-heading\">Gelegenheiten:<\/h3>\n\n\n\n<ul class=\"wp-block-list\">\n<li><strong>Bl\u00fchende Gesch\u00e4ftslandschaft:<\/strong> Naples ist die Heimat einer bl\u00fchenden Gesch\u00e4ftslandschaft mit einem breiten Spektrum an Branchen. Dies bietet Unternehmen zahlreiche M\u00f6glichkeiten, sich an verschiedenen Arten der Marktforschung zu beteiligen.<\/li>\n\n\n\n<li><strong>Zunehmende Betonung des Kundenerlebnisses:<\/strong> Da sich Unternehmen in Naples zunehmend auf die Verbesserung des Kundenerlebnisses konzentrieren, ergeben sich M\u00f6glichkeiten f\u00fcr eine eingehendere und spezialisiertere kundenorientierte Marktforschung.<\/li>\n\n\n\n<li><strong>Zugriff auf eine F\u00fclle von Daten:<\/strong> Durch die Verbreitung digitaler Technologien haben Unternehmen Zugriff auf eine F\u00fclle von Daten und k\u00f6nnen so umfassendere und detailliertere Marktforschung betreiben.<\/li>\n<\/ul>\n\n\n\n<h3 class=\"wp-block-heading\">Herausforderungen:<\/h3>\n\n\n\n<ul class=\"wp-block-list\">\n<li><strong>Saisonale Bev\u00f6lkerungs\u00e4nderungen:<\/strong> Naples is known for its fluctuating population, with a significant increase in residents during the winter months. This presents a challenge for <a href=\"https:\/\/www.sisinternational.com\/de\/b2b-market-research-strategies-and-techniques\/\" title=\"B2B Market Research Strategies and Techniques\" data-wpil-monitor-id=\"9803\">market research as it requires strategies<\/a> to accurately account for these variations.<\/li>\n\n\n\n<li><strong>Vielf\u00e4ltige Demografie:<\/strong> Naples ist ein Ort mit einer vielf\u00e4ltigen Bev\u00f6lkerungsschicht, von Rentnern \u00fcber junge Familien bis hin zu Berufst\u00e4tigen. Die unterschiedlichen Bed\u00fcrfnisse und Vorlieben dieser unterschiedlichen Gruppen zu verstehen, kann schwierig sein.<\/li>\n\n\n\n<li><strong>Schnelle Marktver\u00e4nderungen:<\/strong> Da die Technologiebranche w\u00e4chst und sich die Verbrauchergewohnheiten schnell \u00e4ndern, m\u00fcssen Unternehmen auf dem Laufenden bleiben und sich schnell anpassen. Dies erfordert kontinuierliche und aktuelle Marktforschung.<\/li>\n<\/ul>\n\n\n\n<h2 class=\"wp-block-heading\" id=\"future-prospects-of-market-research-in-naples\">Zukunftsaussichten der Marktforschung in Neapel<\/h2>\n\n\n\n<figure class=\"gb-block-image gb-block-image-61384dc3\"><img loading=\"lazy\" decoding=\"async\" width=\"1456\" height=\"816\" class=\"gb-image gb-image-61384dc3\" src=\"https:\/\/www.sisinternational.com\/wp-content\/uploads\/2025\/09\/Naples-Florida-5.jpg\" alt=\"SIS International Marktforschung &amp; Strategie\" title=\"Naples, Florida (5)\" srcset=\"https:\/\/www.sisinternational.com\/wp-content\/uploads\/2025\/09\/Naples-Florida-5.jpg 1456w, https:\/\/www.sisinternational.com\/wp-content\/uploads\/2025\/09\/Naples-Florida-5-300x168.jpg 300w, https:\/\/www.sisinternational.com\/wp-content\/uploads\/2025\/09\/Naples-Florida-5-1024x574.jpg 1024w, https:\/\/www.sisinternational.com\/wp-content\/uploads\/2025\/09\/Naples-Florida-5-768x430.jpg 768w, https:\/\/www.sisinternational.com\/wp-content\/uploads\/2025\/09\/Naples-Florida-5-18x10.jpg 18w\" sizes=\"auto, (max-width: 1456px) 100vw, 1456px\"><\/figure>\n\n\n\n<p><\/p>\n\n\n\n<p>Die Marktforschung in Neapel ist auf dem besten Weg, ihren Wachstums- und Innovationskurs fortzusetzen. Angetrieben durch technologische Fortschritte, ver\u00e4ndertes Verbraucherverhalten und den Bedarf an umsetzbaren Erkenntnissen bietet die Zukunft der Marktforschung in dieser Region eine Reihe vielversprechender Aussichten:<\/p>\n\n\n\n<ul class=\"wp-block-list\">\n<li><strong>Integration von KI und maschinellem Lernen:<\/strong> AI and machine learning will increasingly become a part of <a href=\"https:\/\/www.sisinternational.com\/de\/losungen\/ai-marktforschung-und-strategieberatung\/verarbeitung-naturlicher-sprache-ki-marktforschung\/\" title=\"Marktforschung zur Verarbeitung nat\u00fcrlicher Sprache\" data-wpil-monitor-id=\"9799\">market research processes<\/a>, from data collection to analysis. These technologies can process large data sets quickly, recognize patterns, and offer predictive insights, all of which can dramatically enhance the quality of market research outcomes.<\/li>\n\n\n\n<li><strong>Schwerpunkt auf dem Kundenerlebnis:<\/strong> As businesses seek to differentiate themselves in a crowded marketplace, there will be a growing focus on improving the customer experience. Market research in Naples is essential to understand local customer needs and preferences, <a href=\"https:\/\/www.sisinternational.com\/de\/losungen\/branding-und-kundenforschungslosungen\/abbildung-der-customer-journey\/\" title=\"Kundenreise-Mapping\" data-wpil-monitor-id=\"9796\">mapping customer journeys<\/a>, and enhancing customer satisfaction.<\/li>\n\n\n\n<li><strong>Multichannel-Forschung:<\/strong> Da Kunden \u00fcber verschiedene Kan\u00e4le mit Unternehmen interagieren, wird der Bedarf an Multichannel-Forschung steigen. Diese Art der Forschung bietet einen ganzheitlichen \u00dcberblick \u00fcber das Kundenerlebnis an allen Kontaktpunkten und hilft Unternehmen, ihre Gesamtstrategie zu verbessern.<\/li>\n\n\n\n<li><strong>Fokus auf Nachhaltigkeit:<\/strong> Da sich die Gesellschaft der Bedeutung von Nachhaltigkeit immer st\u00e4rker bewusst wird, nutzen Unternehmen Marktforschung, um die Einstellung der Kunden gegen\u00fcber umweltfreundlichen Praktiken und Produkten zu verstehen. Diese Informationen werden Unternehmen bei der Entwicklung nachhaltigerer Praktiken und Produkte unterst\u00fctzen.<\/li>\n<\/ul>\n\n\n<h2>Unser Standort in New York<\/h2>\n<p><!-- \/wp:post-content --> <!-- wp:html --> <iframe loading=\"lazy\" src=\"https:\/\/www.google.com\/maps\/embed?pb=!1m18!1m12!1m3!1d3022.976188376966!2d-73.99130312499956!3d40.740549471389315!2m3!1f0!2f0!3f0!3m2!1i1024!2i768!4f13.1!3m3!1m2!1s0x89c259a15798c731%3A0xd695d09bdd495f25!2s11%20E%2022nd%20St%20FL%202%2C%20New%20York%2C%20NY%2010010%2C%20USA!5e0!3m2!1sen!2spe!4v1726171763526!5m2!1sen!2spe\" width=\"600\" height=\"450\" allowfullscreen=\"allowfullscreen\" data-mce-fragment=\"1\"><\/iframe> <!-- \/wp:html --> <!-- wp:paragraph --><\/p>\n<h3 class=\"wp-block-heading\">11 E 22nd Street, Floor 2, New York, NY 10010 T: +1(212) 505-6805<\/h3>\n<hr \/>\n<h2><span style=\"font-weight: 400;\">\u00dcber SIS International<\/span><\/h2>\n<p><a href=\"https:\/\/www.sisinternational.com\/de\/\"><span style=\"font-weight: 400;\">SIS International<\/span><\/a><span style=\"font-weight: 400;\"> offers Quantitative, Qualitative, and Strategy Research. We provide data, tools, strategies, reports, and insights for decision-making. We also conduct interviews, surveys, focus groups, and other <a href=\"https:\/\/www.sisinternational.com\/de\/quantitative-market-research-methods-and-techniques\/\" title=\"Quantitative Market Research Methods and Techniques\" data-wpil-monitor-id=\"9797\">Market Research methods<\/a> and approaches.<\/span><a href=\"https:\/\/www.sisinternational.com\/de\/uber-sis-international-research\/contact-sis-international-market-research\/\"><span style=\"font-weight: 400;\"> Kontakt<\/span><\/a><span style=\"font-weight: 400;\"> f\u00fcr Ihr n\u00e4chstes Marktforschungsprojekt.<\/span><\/p>\n<p><!-- wp:heading --><\/p>\n<h2 id=\"about-sis-international\" class=\"wp-block-heading\">\u00a0<\/h2>\n\n<!-- \/wp:heading -->","protected":false},"excerpt":{"rendered":"<p>Marktforschung in Neapel zeigt gl\u00e4nzende Aussichten f\u00fcr Wachstum und Innovation. Technologie, Verbraucherverhalten und Erkenntnisse pr\u00e4gen Neapels Zukunft.<\/p>","protected":false},"author":1,"featured_media":66682,"parent":19303,"menu_order":63,"comment_status":"closed","ping_status":"closed","template":"","meta":{"footnotes":""},"class_list":["post-42915","page","type-page","status-publish","has-post-thumbnail"],"_links":{"self":[{"href":"https:\/\/www.sisinternational.com\/de\/wp-json\/wp\/v2\/pages\/42915","targetHints":{"allow":["GET"]}}],"collection":[{"href":"https:\/\/www.sisinternational.com\/de\/wp-json\/wp\/v2\/pages"}],"about":[{"href":"https:\/\/www.sisinternational.com\/de\/wp-json\/wp\/v2\/types\/page"}],"author":[{"embeddable":true,"href":"https:\/\/www.sisinternational.com\/de\/wp-json\/wp\/v2\/users\/1"}],"replies":[{"embeddable":true,"href":"https:\/\/www.sisinternational.com\/de\/wp-json\/wp\/v2\/comments?post=42915"}],"version-history":[{"count":5,"href":"https:\/\/www.sisinternational.com\/de\/wp-json\/wp\/v2\/pages\/42915\/revisions"}],"predecessor-version":[{"id":81629,"href":"https:\/\/www.sisinternational.com\/de\/wp-json\/wp\/v2\/pages\/42915\/revisions\/81629"}],"up":[{"embeddable":true,"href":"https:\/\/www.sisinternational.com\/de\/wp-json\/wp\/v2\/pages\/19303"}],"wp:featuredmedia":[{"embeddable":true,"href":"https:\/\/www.sisinternational.com\/de\/wp-json\/wp\/v2\/media\/66682"}],"wp:attachment":[{"href":"https:\/\/www.sisinternational.com\/de\/wp-json\/wp\/v2\/media?parent=42915"}],"curies":[{"name":"wp","href":"https:\/\/api.w.org\/{rel}","templated":true}]}}