{"id":42898,"date":"2023-07-20T21:24:06","date_gmt":"2023-07-21T01:24:06","guid":{"rendered":"https:\/\/www.sisinternational.com\/?page_id=42898"},"modified":"2026-01-27T16:35:02","modified_gmt":"2026-01-27T21:35:02","slug":"karibisches-marktforschungsunternehmen","status":"publish","type":"page","link":"https:\/\/www.sisinternational.com\/de\/abdeckung\/marktforschung-in-der-karibik\/karibisches-marktforschungsunternehmen\/","title":{"rendered":"Karibisches Marktforschungsunternehmen"},"content":{"rendered":"<h1 class=\"wp-block-heading\">Karibisches Marktforschungsunternehmen<\/h1>\n\n\n\n<figure class=\"gb-block-image gb-block-image-2a7df5bf\"><img loading=\"lazy\" decoding=\"async\" width=\"1456\" height=\"816\" class=\"gb-image gb-image-2a7df5bf\" src=\"https:\/\/www.sisinternational.com\/wp-content\/uploads\/2025\/09\/Dutch-Caribbean-1.jpg\" alt=\"SIS International Marktforschung &amp; Strategie\" title=\"Dutch Caribbean (1)\" srcset=\"https:\/\/www.sisinternational.com\/wp-content\/uploads\/2025\/09\/Dutch-Caribbean-1.jpg 1456w, https:\/\/www.sisinternational.com\/wp-content\/uploads\/2025\/09\/Dutch-Caribbean-1-300x168.jpg 300w, https:\/\/www.sisinternational.com\/wp-content\/uploads\/2025\/09\/Dutch-Caribbean-1-1024x574.jpg 1024w, https:\/\/www.sisinternational.com\/wp-content\/uploads\/2025\/09\/Dutch-Caribbean-1-768x430.jpg 768w, https:\/\/www.sisinternational.com\/wp-content\/uploads\/2025\/09\/Dutch-Caribbean-1-18x10.jpg 18w\" sizes=\"auto, (max-width: 1456px) 100vw, 1456px\"><\/figure>\n\n\n\n<p><\/p>\n\n\n\n<hr class=\"wp-block-separator has-alpha-channel-opacity is-style-dots\"\/>\n\n\n\n<p>Die Karibik bietet Unternehmen einzigartige M\u00f6glichkeiten. Um diese Chancen zu nutzen, ist jedoch ein tiefes und differenziertes Verst\u00e4ndnis der Marktdynamik der Region erforderlich, das nur die engagierten Mitarbeiter eines karibischen Marktforschungsunternehmens bieten k\u00f6nnen.<\/p>\n\n\n\n<p>Mit qualifizierter Unterst\u00fctzung kann sich ein globales Unternehmen wichtige Kenntnisse \u00fcber den karibischen Markt verschaffen, die auf systematischer, objektiver und umfassender Forschung basieren.<\/p>\n\n\n\n<h2 class=\"wp-block-heading\">Was macht ein karibisches Marktforschungsunternehmen?<\/h2>\n\n\n\n<p>A <a href=\"https:\/\/www.sisinternational.com\/de\/abdeckung\/die-amerikaner\/marktforschung-in-der-karibik\/marktforschung-niederlandische-karibik\/\" title=\"Marktforschung in der niederl\u00e4ndischen Karibik\"  data-wpil-monitor-id=\"5818\">Karibische Marktforschung<\/a> Company provides customized services that enable businesses to understand the region&#8217;s complex market environment, with an emphasis on the markets that best fit the company&#8217;s needs and have the greatest potential for future growth.<\/p>\n\n\n\n<p>Durch die Durchf\u00fchrung gr\u00fcndlicher und ma\u00dfgeschneiderter Untersuchungen liefern diese Unternehmen wertvolle Einblicke in das Verbraucherverhalten, die Markttrends, die Wettbewerbslandschaft und die f\u00fcr die Karibik spezifischen regulatorischen Nuancen.<\/p>\n\n\n\n<h2 class=\"wp-block-heading\">Die Bedeutung der Marktforschung in der Karibik<\/h2>\n\n\n\n<figure class=\"gb-block-image gb-block-image-a03178db\"><img loading=\"lazy\" decoding=\"async\" width=\"1456\" height=\"816\" class=\"gb-image gb-image-a03178db\" src=\"https:\/\/www.sisinternational.com\/wp-content\/uploads\/2025\/09\/Dutch-Caribbean-4.jpg\" alt=\"SIS International Marktforschung &amp; Strategie\" title=\"Dutch Caribbean (4)\" srcset=\"https:\/\/www.sisinternational.com\/wp-content\/uploads\/2025\/09\/Dutch-Caribbean-4.jpg 1456w, https:\/\/www.sisinternational.com\/wp-content\/uploads\/2025\/09\/Dutch-Caribbean-4-300x168.jpg 300w, https:\/\/www.sisinternational.com\/wp-content\/uploads\/2025\/09\/Dutch-Caribbean-4-1024x574.jpg 1024w, https:\/\/www.sisinternational.com\/wp-content\/uploads\/2025\/09\/Dutch-Caribbean-4-768x430.jpg 768w, https:\/\/www.sisinternational.com\/wp-content\/uploads\/2025\/09\/Dutch-Caribbean-4-18x10.jpg 18w\" sizes=\"auto, (max-width: 1456px) 100vw, 1456px\"><\/figure>\n\n\n\n<p><\/p>\n\n\n\n<p>Market research is a fundamental pillar for any business seeking to succeed in a competitive environment \u2013 and the Caribbean region is no exception. A Caribbean <a href=\"https:\/\/www.sisinternational.com\/de\/abdeckung\/die-amerikaner\/usa-berichterstattung\/marktforschungsunternehmen-atlanta\/\" title=\"Marktforschungsunternehmen in Atlanta\"  data-wpil-monitor-id=\"6418\">Market Research Company<\/a> plays an essential role in helping businesses understand the intricacies of this diverse market.<\/p>\n\n\n\n<h3 class=\"wp-block-heading\">Zu den wichtigsten Elementen, die ein Unternehmen erhalten kann, geh\u00f6ren beispielsweise die folgenden:<\/h3>\n\n\n\n<ul class=\"wp-block-list\">\n<li><strong>Tiefes Verst\u00e4ndnis des Marktes:<\/strong> Ein karibisches Marktforschungsunternehmen liefert Unternehmen ein klares Bild dieser einzigartigen M\u00e4rkte. Es identifiziert wichtige demografische und sozio\u00f6konomische Merkmale, Verbraucherpr\u00e4ferenzen und Trends, die die Marktdynamik beeinflussen.<\/li>\n\n\n\n<li><strong>Leitende Gesch\u00e4ftsstrategie:<\/strong> The insights <a href=\"https:\/\/www.sisinternational.com\/de\/losungen\/ai-marktforschung-und-strategieberatung\/generative-ki-marktforschung\/\" title=\"Generative KI-Marktforschung\"  data-wpil-monitor-id=\"2044\">generated by a Caribbean Market Research<\/a> Company can significantly influence a business&#8217;s strategic decisions. These insights can guide aspects like product development, pricing, marketing and sales strategies \u2013 and even business expansion plans in the Caribbean region.<\/li>\n\n\n\n<li><strong>Minderung von Risiken:<\/strong> Der Eintritt in einen neuen Markt oder die Markteinf\u00fchrung eines neuen Produkts ist immer mit Risiken verbunden. Umfassende Marktforschung kann daher dazu beitragen, diese Risiken zu mindern, indem sie datengest\u00fctzte Erkenntnisse zu potenziellen Herausforderungen und Chancen liefert. Sie kann globalen Unternehmen helfen, das Wettbewerbsumfeld, das regulatorische Umfeld und potenzielle Markteintrittsbarrieren zu verstehen.<\/li>\n\n\n\n<li><strong>Chancen erkennen:<\/strong> Ein karibisches Marktforschungsunternehmen kann Marktchancen identifizieren und quantifizieren, die Unternehmen m\u00f6glicherweise \u00fcbersehen. Dazu geh\u00f6ren neue Kundensegmente, unerschlossene geografische Gebiete, Nischenm\u00e4rkte und aufkommende Trends, die f\u00fcr Wachstum genutzt werden k\u00f6nnten.<\/li>\n\n\n\n<li><strong>Kundenverst\u00e4ndnis aufbauen:<\/strong> Das Verst\u00e4ndnis von Kundenverhalten, -pr\u00e4ferenzen und -bed\u00fcrfnissen ist der Schl\u00fcssel zum Angebot von Produkten und Dienstleistungen, die bei den Zielgruppen in jedem karibischen Markt Anklang finden. Marktforschungsunternehmen liefern detaillierte Informationen \u00fcber Kunden, ihren Kaufprozess und die Faktoren, die ihre Kaufentscheidungen beeinflussen.<\/li>\n\n\n\n<li><strong>\u00dcberwachung von Marktver\u00e4nderungen:<\/strong> Like any other, the Caribbean market is dynamic and subject to change. Regular market <a href=\"https:\/\/www.sisinternational.com\/de\/sachverstand\/lebenslaufe\/markenforschung\/\" title=\"Markenforschungsunternehmen\"  data-wpil-monitor-id=\"6315\">research helps companies<\/a> keep track of market trends, competitors&#8217; strategies, changes in consumer behavior, and other factors that could affect the business, ensuring positive long-term performance.<\/li>\n<\/ul>\n\n\n\n<h2 class=\"wp-block-heading\">Chancen und Herausforderungen f\u00fcr ein karibisches Marktforschungsunternehmen<\/h2>\n\n\n\n<h3 class=\"wp-block-heading\">Gelegenheiten:<\/h3>\n\n\n\n<ul class=\"wp-block-list\">\n<li><strong>Vielf\u00e4ltiger Markt:<\/strong> Der vielf\u00e4ltige Markt der Karibik bietet zahlreiche Investitionsm\u00f6glichkeiten, insbesondere in Sektoren wie Finanzen und Tourismus, aber auch in anderen Sektoren, die ihr volles Potenzial noch nicht ausgesch\u00f6pft haben und durch Digitalisierung und betriebliche Automatisierung gro\u00dfe Wachstumschancen bieten.<\/li>\n\n\n\n<li><strong>Tourismus Industrie:<\/strong> Die starke Tourismusbranche der Region bietet M\u00f6glichkeiten f\u00fcr Marktforschung im Zusammenhang mit dem Verhalten, den Vorlieben und den Ausgabemustern der Touristen. Das Verst\u00e4ndnis dieser Dynamiken kann f\u00fcr Unternehmen, die in dieser Branche t\u00e4tig sind oder diese anstreben, von entscheidender Bedeutung sein.<\/li>\n\n\n\n<li><strong>Neue Sektoren:<\/strong> Mit der Weiterentwicklung der karibischen Wirtschaft er\u00f6ffnen aufstrebende Sektoren wie erneuerbare Energien, digitale Dienste und Agrarindustrie neue Wege f\u00fcr Forschung und Analyse.<\/li>\n<\/ul>\n\n\n\n<p><\/p>\n\n\n\n<!DOCTYPE html>\n<html lang=\"en\">\n<head>\n    <meta charset=\"UTF-8\">\n    <meta name=\"viewport\" content=\"width=device-width, initial-scale=1.0\">\n    <title>Caribbean Key Market Sector Data<\/title>\n    <style>\n        \/* Responsive Table & SIS International-inspired Styling\n          - Uses a corporate blue and clean, sans-serif fonts.\n          - Fully responsive with horizontal scroll on small screens to prevent page distortion.\n        *\/\n        \n        .sis-table-container {\n            font-family: -apple-system, BlinkMacSystemFont, \"Segoe UI\", Roboto, Helvetica, Arial, sans-serif;\n            margin: 2em 0;\n            width: 100%;\n            \/* Allows horizontal scroll on small screens *\/\n            overflow-x: auto;\n            -webkit-overflow-scrolling: touch; \/* Smooth scrolling on iOS *\/\n        }\n\n        .sis-table-container h3 {\n            font-size: 1.5rem; \/* 24px *\/\n            font-weight: 600;\n            color: #333;\n            margin-bottom: 0.75em;\n            padding: 0;\n        }\n\n        .sis-table {\n            width: 100%;\n            border-collapse: collapse;\n            min-width: 650px; \/* Ensures layout preservation, container scrolls if needed *\/\n        }\n\n        .sis-table th,\n        .sis-table td {\n            padding: 12px 15px;\n            text-align: left;\n            line-height: 1.5;\n        }\n        \n        \/* Make country names visible without wrapping on mobile *\/\n        .sis-table td:first-child,\n        .sis-table th:first-child {\n            white-space: nowrap; \n        }\n\n        \/* Header Styling *\/\n        .sis-table thead th {\n            background-color: #005cbf; \/* SIS corporate blue *\/\n            color: #ffffff;\n            font-weight: 600;\n            font-size: 0.9rem; \/* 14.4px *\/\n            text-transform: uppercase;\n            letter-spacing: 0.5px;\n        }\n\n        \/* Body Styling *\/\n        .sis-table tbody tr {\n            border-bottom: 1px solid #ddd;\n        }\n\n        .sis-table tbody tr:nth-of-type(even) {\n            background-color: #f8f8f8; \/* Light gray alternate rows *\/\n        }\n\n        .sis-table tbody tr:last-of-type {\n            border-bottom: 2px solid #005cbf; \/* Match header blue *\/\n        }\n\n        .sis-table td {\n            color: #444;\n            font-size: 0.95rem; \/* 15.2px *\/\n            vertical-align: top;\n        }\n        \n        \/* Center-align data for better comparison *\/\n        .sis-table td:not(:first-child) {\n            text-align: center;\n        }\n        .sis-table th:not(:first-child) {\n            text-align: center;\n        }\n\n\n        .sis-table-container .source-caption {\n            margin-top: 10px;\n            font-size: 0.85rem; \/* 13.6px *\/\n            color: #555;\n            font-style: italic;\n        }\n\n        .sis-table-container .source-caption a {\n            color: #005cbf; \/* Match brand blue *\/\n            text-decoration: none;\n        }\n\n        .sis-table-container .source-caption a:hover {\n            text-decoration: underline;\n        }\n    <\/style>\n<\/head>\n<body>\n\n    <!-- \n      HTML for WordPress:\n      Copy and paste the code from .sis-table-container start to end into a Custom HTML block.\n    -->\n    <div class=\"sis-table-container\">\n        \n        <h3>Economic Sector Dependence in Major Caribbean Markets<\/h3>\n\n        <table class=\"sis-table\">\n            <thead>\n                <tr>\n                    <th>Major Economic Sector<\/th>\n                    <th>Barbados (Tourism-Led)<\/th>\n                    <th>Jamaica (Diversifying Economy)<\/th> \n                    <th><a href=\"https:\/\/www.sisinternational.com\/de\/abdeckung\/die-amerikaner\/marktforschung-in-der-karibik\/marktforschung-trinidad-und-tobago\/\" title=\"Marktforschung in Trinidad und Tobago\"  data-wpil-monitor-id=\"6200\">Trinidad &#038; Tobago<\/a> (Energy-Led)<\/th> \n                <\/tr>\n            <\/thead>\n            <tbody>\n                <tr>\n                    <td>Tourism &#038; Travel Contribution to GDP<\/td>\n                    <td>Very High (Over 35% direct\/indirect)<\/td>\n                    <td>High (Approx. 20-25% direct\/indirect)<\/td>\n                    <td>Low (Under 8%)<\/td>\n                <\/tr>\n                <tr>\n                    <td>Financial &#038; Business Services<\/td>\n                    <td>Medium (Key offshore sector)<\/td>\n                    <td>Medium (Focus on BPOs and logistics)<\/td>\n                    <td>Medium (Regional banking hub)<\/td>\n                <\/tr>\n                <tr>\n                    <td>Hydrocarbons (Oil &#038; Gas)<\/td>\n                    <td>Minimal (Focus on renewables)<\/td>\n                    <td>Minimal<\/td>\n                    <td>Very High (Dominant sector)<\/td>\n                <\/tr>\n                <tr>\n                    <td>Manufacturing &#038; Industry<\/td>\n                    <td>Low<\/td>\n                    <td>Medium (Food processing, construction)<\/td>\n                    <td>High (Petrochemicals, steel)<\/td>\n                <\/tr>\n            <\/tbody>\n        <\/table>\n\n        <p class=\"source-caption\">\n             Source: Data derived from recent economic assessments by the <a href=\"https:\/\/www.worldbank.org\/\" target=\"_blank\" rel=\"noopener noreferrer\">Weltbank<\/a> und das <a href=\"https:\/\/www.caribank.org\/\" target=\"_blank\" rel=\"noopener noreferrer\">Caribbean Development Bank (CDB)<\/a> on GDP sectoral contributions and national account statistics.\n        <\/p>\n\n    <\/div>\n\n<\/body>\n<\/html>\n\n\n\n\n<p><\/p>\n\n\n\n<h3 class=\"wp-block-heading\">Herausforderungen:<\/h3>\n\n\n\n<ul class=\"wp-block-list\">\n<li><strong>Marktfragmentierung:<\/strong> The Caribbean is formed by several independent nations, each with its own characteristics. This fragmentation of the <a href=\"https:\/\/www.sisinternational.com\/de\/sachverstand\/branchen\/butan-marktforschung\/\" title=\"Butan-Marktforschung\" data-wpil-monitor-id=\"3038\">market can make comprehensive research<\/a> more complex and time-consuming. In addition, the multiplicity of languages and cultures spoken in the Caribbean can make successful market entry difficult.<\/li>\n\n\n\n<li><strong>Datenzugriff:<\/strong> Es kann manchmal schwierig sein, zuverl\u00e4ssige und aktuelle Daten zu beschaffen. Dies gilt insbesondere f\u00fcr kleinere Inseln und weniger entwickelte Gebiete, wo die Daten nicht h\u00e4ufig aktualisiert werden oder die \u00f6ffentlichen Informationen nicht ganz zuverl\u00e4ssig sind.<\/li>\n\n\n\n<li><strong>Digitale Kluft:<\/strong> Obwohl die digitale Transformation neue Forschungsinstrumente bietet, besteht in einigen Teilen der Karibik immer noch eine digitale Kluft. Dies kann die Reichweite und Wirksamkeit digitaler Forschungsmethoden einschr\u00e4nken.<\/li>\n<\/ul>\n\n\n\n<h2 class=\"wp-block-heading\">Schl\u00fcsselm\u00e4rkte f\u00fcr die Forschung<\/h2>\n\n\n\n<ul class=\"wp-block-list\">\n<li><strong>Britische Jungferninseln:<\/strong> The British Virgin Islands boast an economy driven predominantly by tourism and financial services, contributing the largest shares of the territory&#8217;s GDP. The British Virgin Islands also have a growing offshore incorporation sector, attracting international businesses. Therefore, a Caribbean <a href=\"https:\/\/www.sisinternational.com\/de\/welt-autismus-tag\/\" title=\"Marktforschungsstudien zum Thema Autismus\" data-wpil-monitor-id=\"7439\">Market Research Company could focus on studying<\/a> trends and behaviors related to these sectors.<\/li>\n\n\n\n<li><strong>Cayman Inseln:<\/strong> Die Cayman Islands gelten als f\u00fchrende globale Steueroase und verf\u00fcgen \u00fcber einen hochentwickelten Finanzdienstleistungssektor sowie eine florierende Tourismusbranche. Die Marktforschung k\u00f6nnte sich hier auf Trends im Finanzdienstleistungsbereich konzentrieren, darunter Investmentfonds, Banken und Versicherungen.<\/li>\n\n\n\n<li><strong>Niederl\u00e4ndische Karibik:<\/strong> Die niederl\u00e4ndische Karibik, zu der M\u00e4rkte wie Aruba, Bonaire und Cura\u00e7ao geh\u00f6ren, bietet eine Reihe von M\u00f6glichkeiten f\u00fcr Marktforschung. Jede Insel hat ihre eigenen Besonderheiten, aber Tourismus, Schifffahrt und \u00d6lraffination sind in der gesamten Region g\u00e4ngige Sektoren. M\u00e4rkte wie Cura\u00e7ao sind beispielsweise auf Finanzdienstleistungen spezialisiert, w\u00e4hrend Aruba ein Schwergewicht im Tourismussektor ist. Expertendaten und -einblicke vor Ort k\u00f6nnen den Unterschied zwischen einem erfolgreichen Markteintritt und einer erfolglosen Investition ausmachen.<\/li>\n\n\n\n<li><strong>Turks- und Caicosinseln:<\/strong> Die Wirtschaft der Turks- und Caicosinseln h\u00e4ngt stark vom Tourismus, der Immobilienentwicklung und Offshore-Finanzdienstleistungen ab. Marktforschung kann in diesem Zusammenhang die Untersuchung des Verhaltens von Touristen und Immobilieninvestoren, Trends im Bausektor und Offshore-Banking-Praktiken umfassen. Die Inseln erleben auch einen Anstieg des Luxustourismus, was dies zu einem lohnenden Gebiet f\u00fcr die Erforschung macht.<\/li>\n\n\n\n<li><strong>US Jungferninseln:<\/strong> Der Tourismus ist ein wichtiger Sektor auf den US-amerikanischen Jungferninseln, aber auch die verarbeitende Industrie, darunter Erd\u00f6lraffination und Rumherstellung, spielt eine wichtige Rolle. Ein karibisches Marktforschungsunternehmen kann unterschiedliche Bereiche erforschen: von Tourismustrends und Verhaltensweisen in der Hotelbranche bis hin zu Praktiken und Marktdynamiken in der verarbeitenden Industrie.<\/li>\n\n\n\n<li><strong>Trinidad und Tobago:<\/strong> Die Wirtschaft von Trinidad und Tobago ist eine der vielf\u00e4ltigsten in der Karibik, mit starken Sektoren in den Bereichen \u00d6l und Gas, Fertigung, Tourismus und Kreativwirtschaft. Die Marktforschung kann hier von der Untersuchung von Trends in der \u00d6l- und Gasindustrie bis hin zum Verst\u00e4ndnis der Dynamik des Fertigungsmarktes, des Touristenverhaltens und des aufkeimenden Kreativ- und Kultursektors reichen.<\/li>\n<\/ul>\n\n\n\n<h2 class=\"wp-block-heading\">Zukunftsaussichten f\u00fcr ein karibisches Marktforschungsunternehmen<\/h2>\n\n\n\n<figure class=\"gb-block-image gb-block-image-152e925c\"><img loading=\"lazy\" decoding=\"async\" width=\"1456\" height=\"816\" class=\"gb-image gb-image-152e925c\" src=\"https:\/\/www.sisinternational.com\/wp-content\/uploads\/2025\/09\/Dutch-Caribbean-4-1.jpg\" alt=\"SIS International Marktforschung &amp; Strategie\" title=\"Dutch Caribbean 4\" srcset=\"https:\/\/www.sisinternational.com\/wp-content\/uploads\/2025\/09\/Dutch-Caribbean-4-1.jpg 1456w, https:\/\/www.sisinternational.com\/wp-content\/uploads\/2025\/09\/Dutch-Caribbean-4-1-300x168.jpg 300w, https:\/\/www.sisinternational.com\/wp-content\/uploads\/2025\/09\/Dutch-Caribbean-4-1-1024x574.jpg 1024w, https:\/\/www.sisinternational.com\/wp-content\/uploads\/2025\/09\/Dutch-Caribbean-4-1-768x430.jpg 768w, https:\/\/www.sisinternational.com\/wp-content\/uploads\/2025\/09\/Dutch-Caribbean-4-1-18x10.jpg 18w\" sizes=\"auto, (max-width: 1456px) 100vw, 1456px\"><\/figure>\n\n\n\n<ul class=\"wp-block-list\">\n<li><strong>Steigende Nachfrage nach Markteinblicken:<\/strong> Da immer mehr Unternehmen das Potenzial des karibischen Marktes erkennen, wird die Nachfrage nach detaillierten Markteinblicken steigen. Unternehmen aller Branchen werden versuchen, die besonderen Aspekte des karibischen Marktes zu verstehen und so das Wachstum f\u00fcr Marktforschungsunternehmen in der Region voranzutreiben.<\/li>\n\n\n\n<li><strong>Digitale Transformation:<\/strong> Die zunehmende Geschwindigkeit der digitalen Transformation in der Karibik bietet eine gro\u00dfe Chance. Immer mehr Verbraucher gehen online, und damit stehen eine F\u00fclle von Daten zur Analyse zur Verf\u00fcgung. Digitale Forschungsmethoden werden immer wichtiger, da sie umfassende Echtzeiteinblicke in das Verbraucherverhalten und Markttrends liefern.<\/li>\n\n\n\n<li><strong>Schwellenm\u00e4rkte und Sektoren:<\/strong> The Caribbean economy is diversifying, with sectors such as renewable energy, digital services, and agri-business showing strong growth potential. As a result, a Caribbean Market <a href=\"https:\/\/www.sisinternational.com\/de\/fmcg-markt-in-vietnam\/\" title=\"FMCG-Markt in Vietnam\" data-wpil-monitor-id=\"2446\">Research Company<\/a> helps in understanding these emerging markets and guiding businesses to tap into these opportunities.<\/li>\n<\/ul>","protected":false},"excerpt":{"rendered":"<p>Ein karibisches Marktforschungsunternehmen unterst\u00fctzt Unternehmen dabei, ihre einzigartigen und komplexen Zielm\u00e4rkte f\u00fcr die zuk\u00fcnftige Expansion zu verstehen.<\/p>","protected":false},"author":1,"featured_media":66255,"parent":33287,"menu_order":24,"comment_status":"closed","ping_status":"closed","template":"","meta":{"footnotes":""},"class_list":["post-42898","page","type-page","status-publish","has-post-thumbnail"],"_links":{"self":[{"href":"https:\/\/www.sisinternational.com\/de\/wp-json\/wp\/v2\/pages\/42898","targetHints":{"allow":["GET"]}}],"collection":[{"href":"https:\/\/www.sisinternational.com\/de\/wp-json\/wp\/v2\/pages"}],"about":[{"href":"https:\/\/www.sisinternational.com\/de\/wp-json\/wp\/v2\/types\/page"}],"author":[{"embeddable":true,"href":"https:\/\/www.sisinternational.com\/de\/wp-json\/wp\/v2\/users\/1"}],"replies":[{"embeddable":true,"href":"https:\/\/www.sisinternational.com\/de\/wp-json\/wp\/v2\/comments?post=42898"}],"version-history":[{"count":12,"href":"https:\/\/www.sisinternational.com\/de\/wp-json\/wp\/v2\/pages\/42898\/revisions"}],"predecessor-version":[{"id":81070,"href":"https:\/\/www.sisinternational.com\/de\/wp-json\/wp\/v2\/pages\/42898\/revisions\/81070"}],"up":[{"embeddable":true,"href":"https:\/\/www.sisinternational.com\/de\/wp-json\/wp\/v2\/pages\/33287"}],"wp:featuredmedia":[{"embeddable":true,"href":"https:\/\/www.sisinternational.com\/de\/wp-json\/wp\/v2\/media\/66255"}],"wp:attachment":[{"href":"https:\/\/www.sisinternational.com\/de\/wp-json\/wp\/v2\/media?parent=42898"}],"curies":[{"name":"wp","href":"https:\/\/api.w.org\/{rel}","templated":true}]}}