{"id":42893,"date":"2023-07-20T20:43:58","date_gmt":"2023-07-21T00:43:58","guid":{"rendered":"https:\/\/www.sisinternational.com\/?page_id=42893"},"modified":"2026-01-26T16:47:54","modified_gmt":"2026-01-26T21:47:54","slug":"karibisches-management-beratungsunternehmen","status":"publish","type":"page","link":"https:\/\/www.sisinternational.com\/de\/abdeckung\/marktforschung-in-der-karibik\/karibisches-management-beratungsunternehmen\/","title":{"rendered":"Karibisches Management-Beratungsunternehmen"},"content":{"rendered":"<h1 class=\"wp-block-heading\">Karibisches Management-Beratungsunternehmen<\/h1>\n\n\n\n<figure class=\"gb-block-image gb-block-image-60aca058\"><img loading=\"lazy\" decoding=\"async\" width=\"1456\" height=\"816\" class=\"gb-image gb-image-60aca058\" src=\"https:\/\/www.sisinternational.com\/wp-content\/uploads\/2025\/09\/Dutch-Caribbean-2.jpg\" alt=\"SIS International Marktforschung &amp; Strategie\" title=\"Dutch Caribbean (2)\" srcset=\"https:\/\/www.sisinternational.com\/wp-content\/uploads\/2025\/09\/Dutch-Caribbean-2.jpg 1456w, https:\/\/www.sisinternational.com\/wp-content\/uploads\/2025\/09\/Dutch-Caribbean-2-300x168.jpg 300w, https:\/\/www.sisinternational.com\/wp-content\/uploads\/2025\/09\/Dutch-Caribbean-2-1024x574.jpg 1024w, https:\/\/www.sisinternational.com\/wp-content\/uploads\/2025\/09\/Dutch-Caribbean-2-768x430.jpg 768w, https:\/\/www.sisinternational.com\/wp-content\/uploads\/2025\/09\/Dutch-Caribbean-2-18x10.jpg 18w\" sizes=\"auto, (max-width: 1456px) 100vw, 1456px\"><\/figure>\n\n\n\n<p><\/p>\n\n\n\n<hr class=\"wp-block-separator has-alpha-channel-opacity is-style-dots\"\/>\n\n\n\n<p>Mit ihrer einzigartigen Mischung aus aufstrebenden und etablierten M\u00e4rkten bietet die Karibik zahlreiche Chancen f\u00fcr Unternehmen, die bereit sind, sich in der unverwechselbaren wirtschaftlichen, kulturellen und regulatorischen Landschaft zurechtzufinden.<\/p>\n\n\n\n<p>Um diese Chancen zu nutzen und die damit verbundenen Herausforderungen zu meistern, ben\u00f6tigen Unternehmen jedoch h\u00e4ufig die Unterst\u00fctzung eines erfahrenen Partners, der die Komplexit\u00e4t dieser dynamischen Region versteht. Aus diesem Grund kann ein Partner wie ein erfahrenes karibisches Management-Beratungsunternehmen den Unterschied zwischen einem stabilen Gesch\u00e4ft in der Region oder einem gescheiterten Einstieg in einen dieser M\u00e4rkte ausmachen.<\/p>\n\n\n\n<div class=\"wp-block-columns has-global-color-9-color has-text-color has-background has-link-color wp-elements-74a36e93fa5bf71a7063821cfc357653 is-layout-flex wp-container-core-columns-is-layout-9d6595d7 wp-block-columns-is-layout-flex\" style=\"background-color:#f7f9fa6e\">\n<div class=\"wp-block-column is-layout-flow wp-block-column-is-layout-flow\" style=\"flex-basis:18%\"><\/div>\n\n\n\n<div class=\"wp-block-column is-vertically-aligned-center is-layout-flow wp-block-column-is-layout-flow\" style=\"flex-basis:71.28%\">\n<div class=\"wp-block-rank-math-toc-block aligncenter has-global-color-9-color has-text-color has-link-color wp-elements-74bafc36ad6b0773fda60c2e0b78f1bc\" style=\"font-size:16px\" id=\"rank-math-toc\"><h2><br><strong>T<\/strong>able of Contents<\/h2><nav><ul><li class=\"\"><a href=\"#the-significance-of-a-caribbean-management-consulting-company\">Die Bedeutung eines karibischen Management-Beratungsunternehmens<\/a><\/li><li class=\"\"><a href=\"#what-kind-of-services-does-a-caribbean-management-consulting-company-provide\">Welche Art von Dienstleistungen bietet ein karibisches Management-Beratungsunternehmen an?<\/a><\/li><li class=\"\"><a href=\"#leveraging-opportunities-in-the-caribbean\">Chancen in der Karibik nutzen<\/a><\/li><li class=\"\"><a href=\"#challenges-of-the-caribbean-markets\">Herausforderungen der karibischen M\u00e4rkte<\/a><\/li><\/ul><\/nav><\/div>\n<\/div>\n<\/div>\n\n\n\n<h2 class=\"wp-block-heading\" id=\"the-significance-of-a-caribbean-management-consulting-company\">Die Bedeutung eines karibischen Management-Beratungsunternehmens<\/h2>\n\n\n\n<figure class=\"gb-block-image gb-block-image-18a7d35c\"><img loading=\"lazy\" decoding=\"async\" width=\"1456\" height=\"816\" class=\"gb-image gb-image-18a7d35c\" src=\"https:\/\/www.sisinternational.com\/wp-content\/uploads\/2025\/09\/Caribbran-5.jpg\" alt=\"SIS International Marktforschung &amp; Strategie\" title=\"Caribbran (5)\" srcset=\"https:\/\/www.sisinternational.com\/wp-content\/uploads\/2025\/09\/Caribbran-5.jpg 1456w, https:\/\/www.sisinternational.com\/wp-content\/uploads\/2025\/09\/Caribbran-5-300x168.jpg 300w, https:\/\/www.sisinternational.com\/wp-content\/uploads\/2025\/09\/Caribbran-5-1024x574.jpg 1024w, https:\/\/www.sisinternational.com\/wp-content\/uploads\/2025\/09\/Caribbran-5-768x430.jpg 768w, https:\/\/www.sisinternational.com\/wp-content\/uploads\/2025\/09\/Caribbran-5-18x10.jpg 18w\" sizes=\"auto, (max-width: 1456px) 100vw, 1456px\"><\/figure>\n\n\n\n<p><\/p>\n\n\n\n<p class=\"p1\">Da die Gesch\u00e4ftswelt immer globaler wird, ist es wichtig, m\u00f6glichst viele lokale Einblicke zu gewinnen, um Produkte und Dienstleistungen an lokale Standards anzupassen. Hier kommt ein karibisches Management-Beratungsunternehmen ins Spiel.<\/p>\n\n\n\n<p>Ein karibisches Management-Beratungsunternehmen bietet Unternehmen strategische Beratung und umsetzbare L\u00f6sungen, die auf die einzigartigen Gegebenheiten der Region zugeschnitten sind. Ihre Dienstleistungen reichen von der Entwicklung von Gesch\u00e4ftsstrategien und der Verbesserung der Betriebseffizienz bis hin zu Technologie- und Digitalstrategien \u2013 alles mit dem Ziel, Unternehmen zu erm\u00f6glichen, auf den karibischen M\u00e4rkten erfolgreich zu sein.<\/p>\n\n\n\n<p>Da sich die karibische Wirtschaft diversifiziert und neue Sektoren entstehen, wenden sich Unternehmen an Unternehmensberatungen, die ihnen bei der Erschlie\u00dfung dieser neuen M\u00f6glichkeiten helfen sollen. Und eine Unternehmensberatung in der Karibik verf\u00fcgt \u00fcber die erforderliche Expertise, um potenzielle Wachstumsfelder zu identifizieren, Risiken einzusch\u00e4tzen und Markteintritts- bzw. Expansionsstrategien zu entwerfen.<\/p>\n\n\n\n<h2 class=\"wp-block-heading\" id=\"what-kind-of-services-does-a-caribbean-management-consulting-company-provide\">Welche Art von Dienstleistungen bietet ein karibisches Management-Beratungsunternehmen an?<\/h2>\n\n\n\n<p>Die Dienstleistungen eines karibischen Management-Beratungsunternehmens sind vielf\u00e4ltig und umfassen verschiedene Aspekte des Gesch\u00e4ftsbetriebs, der Strategie und des Managements. Ziel ist es, umfassende, ma\u00dfgeschneiderte L\u00f6sungen bereitzustellen, die den spezifischen Anforderungen und Herausforderungen des Gesch\u00e4ftsbetriebs in der Karibik gerecht werden.<\/p>\n\n\n\n<p><\/p>\n\n\n\n<!DOCTYPE html>\n<html lang=\"en\">\n<head>\n    <meta charset=\"UTF-8\">\n    <meta name=\"viewport\" content=\"width=device-width, initial-scale=1.0\">\n    <title>Caribbean Economic &#038; Investment Indicators<\/title>\n    <style>\n        \/* Responsive Table & SIS International-inspired Styling\n          - Uses a corporate blue and clean, sans-serif fonts.\n          - Fully responsive with horizontal scroll on small screens to prevent page distortion.\n        *\/\n        \n        .sis-table-container {\n            font-family: -apple-system, BlinkMacSystemFont, \"Segoe UI\", Roboto, Helvetica, Arial, sans-serif;\n            margin: 2em 0;\n            width: 100%;\n            \/* Allows horizontal scroll on small screens *\/\n            overflow-x: auto;\n            -webkit-overflow-scrolling: touch; \/* Smooth scrolling on iOS *\/\n        }\n\n        .sis-table-container h3 {\n            font-size: 1.5rem; \/* 24px *\/\n            font-weight: 600;\n            color: #333;\n            margin-bottom: 0.75em;\n            padding: 0;\n        }\n\n        .sis-table {\n            width: 100%;\n            border-collapse: collapse;\n            min-width: 600px; \/* Ensures layout preservation, container scrolls if needed *\/\n        }\n\n        .sis-table th,\n        .sis-table td {\n            padding: 12px 15px;\n            text-align: left;\n            line-height: 1.5;\n             \/* Prevent line breaks within cells *\/\n            white-space: nowrap;\n        }\n\n        \/* Header Styling *\/\n        .sis-table thead th {\n            background-color: #005cbf; \/* SIS corporate blue *\/\n            color: #ffffff;\n            font-weight: 600;\n            font-size: 0.9rem; \/* 14.4px *\/\n            text-transform: uppercase;\n            letter-spacing: 0.5px;\n        }\n\n        \/* Body Styling *\/\n        .sis-table tbody tr {\n            border-bottom: 1px solid #ddd;\n        }\n\n        .sis-table tbody tr:nth-of-type(even) {\n            background-color: #f8f8f8; \/* Light gray alternate rows *\/\n        }\n\n        .sis-table tbody tr:last-of-type {\n            border-bottom: 2px solid #005cbf; \/* Match header blue *\/\n        }\n\n        .sis-table td {\n            color: #444;\n            font-size: 0.95rem; \/* 15.2px *\/\n        }\n        \n        \/* Right-align numerical data *\/\n        .sis-table td:nth-child(2),\n        .sis-table td:nth-child(3) {\n            text-align: right;\n        }\n         .sis-table th:nth-child(2),\n         .sis-table th:nth-child(3) {\n            text-align: right;\n        }\n\n\n        .sis-table-container .source-caption {\n            margin-top: 10px;\n            font-size: 0.85rem; \/* 13.6px *\/\n            color: #555;\n            font-style: italic;\n        }\n\n        .sis-table-container .source-caption a {\n            color: #005cbf; \/* Match brand blue *\/\n            text-decoration: none;\n        }\n\n        .sis-table-container .source-caption a:hover {\n            text-decoration: underline;\n        }\n    <\/style>\n<\/head>\n<body>\n\n    <!-- \n      HTML for WordPress:\n      Copy and paste the code from .sis-table-container start to end into a Custom HTML block.\n    -->\n    <div class=\"sis-table-container\">\n        \n        <h3>Caribbean Economic Growth &#038; Investment Indicators<\/h3>\n\n        <table class=\"sis-table\">\n            <thead>\n                <tr>\n                    <th>Country<\/th>\n                    <th>Recent GDP Growth (Annual %)<\/th>\n                    <th>FDI, Net Inflows (% of GDP)<\/th> \n                <\/tr>\n            <\/thead>\n            <tbody>\n                <tr>\n                    <td>Dominican Republic<\/td>\n                    <td>2.4%<\/td>\n                    <td>3.5%<\/td>\n                <\/tr>\n                <tr>\n                    <td>Jamaika<\/td>\n                    <td>1.9%<\/td>\n                    <td>4.1%<\/td>\n                <\/tr>\n                <tr>\n                    <td>Die Bahamas<\/td>\n                    <td>4.3%<\/td>\n                    <td>3.9%<\/td>\n                <\/tr>\n                 <tr>\n                    <td><a href=\"https:\/\/www.sisinternational.com\/de\/abdeckung\/die-amerikaner\/marktforschung-in-der-karibik\/marktforschung-trinidad-und-tobago\/\" title=\"Marktforschung in Trinidad und Tobago\"  data-wpil-monitor-id=\"6208\">Trinidad und Tobago<\/a><\/td>\n                    <td>2.1%<\/td>\n                    <td>2.8%<\/td>\n                <\/tr>\n                 <tr>\n                    <td>Barbados<\/td>\n                    <td>4.4%<\/td>\n                    <td>3.1%<\/td>\n                <\/tr>\n            <\/tbody>\n        <\/table>\n\n        <p class=\"source-caption\">\n             Note: Data reflects figures for 2023. Source: <a href=\"https:\/\/data.worldbank.org\/indicator\/\" target=\"_blank\" rel=\"noopener noreferrer\">World Bank Data<\/a> (Indicators: NY.GDP.MKTP.KD.ZG, BX.KLT.DINV.WD.GD.ZS), accessed October 2025.\n        <\/p>\n\n    <\/div>\n\n<\/body>\n<\/html>\n\n\n\n\n<p><\/p>\n\n\n\n<h3 class=\"wp-block-heading\">Hier sind einige der wichtigsten Dienstleistungen, die diese Unternehmen anbieten:<\/h3>\n\n\n\n<ul class=\"wp-block-list\">\n<li><strong>Entwicklung einer Gesch\u00e4ftsstrategie:<\/strong> Dieser Service umfasst die Entwicklung solider Gesch\u00e4ftsstrategien, die mit den Zielen eines Unternehmens und den Realit\u00e4ten des karibischen Marktes \u00fcbereinstimmen. Dazu k\u00f6nnen Wettbewerbsanalysen, Marktsegmentierung, Wachstumsstrategien und Notfallplanungen geh\u00f6ren, die darauf abzielen, die Chancen und Herausforderungen des spezifischen Marktes, auf den das Unternehmen abzielt, zu nutzen.<\/li>\n\n\n\n<li><strong>Verbesserungen der Betriebseffizienz:<\/strong> Ein karibisches Management-Beratungsunternehmen unterst\u00fctzt Unternehmen bei der Rationalisierung ihrer Betriebsabl\u00e4ufe, um Effizienz und Produktivit\u00e4t zu steigern. Dabei st\u00fctzt es sich auf umfassende Kenntnisse der lokalen Kultur und der Verbraucherpr\u00e4ferenzen. Dies kann Prozessneugestaltung, Lieferkettenmanagement, Kostensenkungsstrategien und Qualit\u00e4tskontrollma\u00dfnahmen unter Einhaltung aller lokalen Vorschriften umfassen.<\/li>\n\n\n\n<li><strong>Personalmanagement:<\/strong> Ein karibisches Management-Beratungsunternehmen bietet Strategien f\u00fcr ein effektives Personalmanagement und erkennt dabei an, dass die karibischen M\u00e4rkte viel kleiner sind als das Angebot der gro\u00dfen M\u00e4rkte der Welt. Deshalb sind spezielles Know-how und Fachwissen erforderlich, um spezialisierte Talente zu gewinnen, die der globalen Belegschaft gerecht werden.<\/li>\n\n\n\n<li><strong>Technologie und Digitalstrategie:<\/strong> In einer \u00c4ra der schnellen digitalen Transformation hilft ein karibisches Management-Beratungsunternehmen globalen Unternehmen, Technologien zur Verbesserung ihrer Betriebsabl\u00e4ufe zu nutzen. Zu den Dienstleistungen k\u00f6nnen Bewertungen der digitalen Bereitschaft, Strategien zur digitalen Transformation, Planung der IT-Infrastruktur und Ma\u00dfnahmen zur Cybersicherheit geh\u00f6ren.<\/li>\n\n\n\n<li><strong>Risikomanagement:<\/strong> Angesichts der Volatilit\u00e4t des globalen Gesch\u00e4ftsumfelds bieten karibische Managementberatungsunternehmen Dienstleistungen zur Risikoidentifizierung, -bewertung und -minimierungsstrategien an. Dies umfasst verschiedene Arten von Risiken, darunter finanzielle, betriebliche, politische und Reputationsrisiken. Es wird auch sichergestellt, dass die gew\u00e4hlten Strategien langfristig tragf\u00e4hig sind und die Herausforderungen bew\u00e4ltigen k\u00f6nnen, die auf den karibischen M\u00e4rkten auftreten.<\/li>\n\n\n\n<li><strong>Einhaltung gesetzlicher Vorschriften:<\/strong> Angesichts der unterschiedlichen Bestimmungen in den karibischen L\u00e4ndern unterst\u00fctzen diese Beratungsfirmen die Unternehmen bei der Einhaltung der Vorschriften und mindern so die rechtlichen Risiken.<\/li>\n<\/ul>\n\n\n\n<h2 class=\"wp-block-heading\" id=\"leveraging-opportunities-in-the-caribbean\">Chancen in der Karibik nutzen<\/h2>\n\n\n\n<ul class=\"wp-block-list\">\n<li><strong>Tourismus und Gastronomie:<\/strong> Die nat\u00fcrliche Sch\u00f6nheit und der kulturelle Reichtum der Karibik machen sie zu einem beliebten Reiseziel. Neue Trends wie \u00d6kotourismus, Kulturtourismus und Wellnesstourismus bieten M\u00f6glichkeiten zur Diversifizierung und Innovation innerhalb dieses Sektors, die viele globale Unternehmen nutzen k\u00f6nnen, um ihre Gesch\u00e4fte in der Karibik zu diversifizieren.<\/li>\n\n\n\n<li><strong>Finanzdienstleistungen:<\/strong> Viele karibische L\u00e4nder gelten als wichtige Offshore-Finanzzentren. Unternehmen, die sich in diesem komplexen Sektor zurechtfinden m\u00f6chten, k\u00f6nnen von der branchenspezifischen Expertise eines karibischen Managementberatungsunternehmens profitieren, insbesondere in M\u00e4rkten wie den Virgin Islands oder den Bahamas, die g\u00fcnstige Finanzvorschriften f\u00fcr Offshore-Investoren haben.<\/li>\n\n\n\n<li><strong>Digitale Transformation:<\/strong> Die Karibik erlebt derzeit einen rasanten digitalen Wandel in verschiedenen Sektoren, von E-Commerce und Fintech bis hin zu digitaler Gesundheitsversorgung und Telearbeit. Dieser Wandel bietet Unternehmen die M\u00f6glichkeit, in einer Region mit starkem Wachstumspotenzial innovativ zu sein, neue Kunden zu erreichen und ihre Betriebsabl\u00e4ufe zu rationalisieren.<\/li>\n\n\n\n<li><strong>Gr\u00fcne Energie:<\/strong> Mit reichlich Sonnenschein und Wind verf\u00fcgt die Karibik \u00fcber ein enormes Potenzial f\u00fcr erneuerbare Energien. Da sich der globale Trend in Richtung Nachhaltigkeit verlagert, ergeben sich f\u00fcr Unternehmen, die Solar-, Wind- und andere Technologien f\u00fcr erneuerbare Energien nutzen, gro\u00dfe Chancen auf einem nahezu unerforschten Markt.<\/li>\n\n\n\n<li><strong>Landwirtschaft:<\/strong> Das vielf\u00e4ltige Klima und der fruchtbare Boden der Karibik machen sie f\u00fcr eine Vielzahl landwirtschaftlicher Aktivit\u00e4ten geeignet. In Bereichen wie \u00f6kologischer Landwirtschaft, Spezialkulturen und Agrarverarbeitung besteht Potenzial f\u00fcr Wachstum und Innovation.<\/li>\n\n\n\n<li><strong>Herstellung und Export:<\/strong> Caribbean countries offer opportunities for manufacturing, particularly in sectors like textiles, food processing, and pharmaceuticals. The proximity to major <a href=\"https:\/\/www.sisinternational.com\/de\/abdeckung\/marktforschung-afrika\/marktforschung-in-sudafrika\/\" title=\"Marktforschung in S\u00fcdafrika\" data-wpil-monitor-id=\"6835\">markets in North and South<\/a> America is an advantage for companies seeking to manufacture products for export at reasonable prices.<\/li>\n<\/ul>\n\n\n\n<h2 class=\"wp-block-heading\" id=\"challenges-of-the-caribbean-markets\">Herausforderungen der karibischen M\u00e4rkte<\/h2>\n\n\n\n<figure class=\"gb-block-image gb-block-image-b13420ff\"><img loading=\"lazy\" decoding=\"async\" width=\"1456\" height=\"816\" class=\"gb-image gb-image-b13420ff\" src=\"https:\/\/www.sisinternational.com\/wp-content\/uploads\/2025\/09\/Dutch-Caribbean-5.jpg\" alt=\"SIS International Marktforschung &amp; Strategie\" title=\"Dutch Caribbean (5)\" srcset=\"https:\/\/www.sisinternational.com\/wp-content\/uploads\/2025\/09\/Dutch-Caribbean-5.jpg 1456w, https:\/\/www.sisinternational.com\/wp-content\/uploads\/2025\/09\/Dutch-Caribbean-5-300x168.jpg 300w, https:\/\/www.sisinternational.com\/wp-content\/uploads\/2025\/09\/Dutch-Caribbean-5-1024x574.jpg 1024w, https:\/\/www.sisinternational.com\/wp-content\/uploads\/2025\/09\/Dutch-Caribbean-5-768x430.jpg 768w, https:\/\/www.sisinternational.com\/wp-content\/uploads\/2025\/09\/Dutch-Caribbean-5-18x10.jpg 18w\" sizes=\"auto, (max-width: 1456px) 100vw, 1456px\"><\/figure>\n\n\n\n<p><\/p>\n\n\n\n<p>Die Karibik birgt zwar ein enormes Gesch\u00e4ftspotenzial, stellt aber auch eine Reihe einzigartiger Herausforderungen dar, die Unternehmen meistern m\u00fcssen, um erfolgreich zu sein. Ein karibisches Management-Beratungsunternehmen spielt eine entscheidende Rolle dabei, Unternehmen dabei zu helfen, diese Herausforderungen effektiv zu bew\u00e4ltigen, wie zum Beispiel:<\/p>\n\n\n\n<ul class=\"wp-block-list\">\n<li><strong>Regulatorisches Umfeld:<\/strong> Die Karibik besteht aus vielen unabh\u00e4ngigen Staaten, von denen jeder seine eigene Regulierungslandschaft hat. Diese Beratungsfirmen k\u00f6nnen Unternehmen durch dieses komplexe Regulierungsgeflecht f\u00fchren, die Einhaltung der Vorschriften sicherstellen und gleichzeitig die betriebliche Effizienz optimieren. Sie k\u00f6nnen beispielsweise dabei helfen, politische Ver\u00e4nderungen wie den Austritt mehrerer dieser Staaten aus dem Commonwealth zu bew\u00e4ltigen oder die damit verbundenen politischen und wirtschaftlichen Ver\u00e4nderungen zu bew\u00e4ltigen und dabei alle sich dabei ergebenden Investitionsm\u00f6glichkeiten zu nutzen.<\/li>\n\n\n\n<li><strong>Logistik und Infrastruktur:<\/strong> Eine eingeschr\u00e4nkte Infrastruktur und Logistik kann Lieferketten und Abl\u00e4ufe vor Herausforderungen stellen. Die meisten dieser M\u00e4rkte verf\u00fcgen \u00fcber eine unterentwickelte Infrastruktur, die den Betrieb behindern kann. Diese Beratungsfirmen helfen Unternehmen bei der Entwicklung innovativer L\u00f6sungen und Strategien zur Bew\u00e4ltigung dieser Herausforderungen.<\/li>\n\n\n\n<li><strong>Klimaanf\u00e4lligkeit:<\/strong> Die Anf\u00e4lligkeit der Karibik f\u00fcr Naturkatastrophen wie Hurrikane kann den Gesch\u00e4ftsbetrieb beeintr\u00e4chtigen. Mit strategischer Planung und Risikomanagement unterst\u00fctzen diese Beratungsunternehmen Unternehmen bei der Entwicklung von Resilienz- und Kontinuit\u00e4tspl\u00e4nen.<\/li>\n\n\n\n<li><strong>Personalmanagement:<\/strong> In einigen karibischen Regionen kann es schwierig sein, Talente zu gewinnen und zu halten. Diese Firmen bieten Strategien f\u00fcr ein effektives Personalmanagement, von der Talentgewinnung bis hin zur Entwicklung und Bindung.<\/li>\n\n\n\n<li><strong>Nachhaltigkeit und CSR:<\/strong> Von Unternehmen wird zunehmend soziale Verantwortung und Nachhaltigkeit erwartet. Dies gilt insbesondere f\u00fcr die M\u00e4rkte in der Karibik, wo die Armutsrate hoch ist und die Bev\u00f6lkerung eine ausgepr\u00e4gte CSR erwartet.\u00a0<\/li>\n<\/ul>\n\n\n\n<p><\/p>\n\n\n<h2>Unser Standort in New York<\/h2>\n<p><!-- \/wp:post-content --> <!-- wp:html --> <iframe loading=\"lazy\" src=\"https:\/\/www.google.com\/maps\/embed?pb=!1m18!1m12!1m3!1d3022.976188376966!2d-73.99130312499956!3d40.740549471389315!2m3!1f0!2f0!3f0!3m2!1i1024!2i768!4f13.1!3m3!1m2!1s0x89c259a15798c731%3A0xd695d09bdd495f25!2s11%20E%2022nd%20St%20FL%202%2C%20New%20York%2C%20NY%2010010%2C%20USA!5e0!3m2!1sen!2spe!4v1726171763526!5m2!1sen!2spe\" width=\"600\" height=\"450\" allowfullscreen=\"allowfullscreen\" data-mce-fragment=\"1\"><\/iframe> <!-- \/wp:html --> <!-- wp:paragraph --><\/p>\n<h3 class=\"wp-block-heading\">11 E 22nd Street, Floor 2, New York, NY 10010 T: +1(212) 505-6805<\/h3>\n<hr \/>\n<h2><span style=\"font-weight: 400;\">\u00dcber SIS International<\/span><\/h2>\n<p><a href=\"https:\/\/www.sisinternational.com\/de\/\"><span style=\"font-weight: 400;\">SIS International<\/span><\/a><span style=\"font-weight: 400;\"> bietet quantitative, qualitative und strategische Forschung an. Wir liefern Daten, Tools, Strategien, Berichte und Erkenntnisse zur Entscheidungsfindung. Wir f\u00fchren auch Interviews, Umfragen, Fokusgruppen und andere Methoden und Ans\u00e4tze der Marktforschung durch.<\/span><a href=\"https:\/\/www.sisinternational.com\/de\/uber-sis-international-research\/contact-sis-international-market-research\/\"><span style=\"font-weight: 400;\"> Kontakt<\/span><\/a><span style=\"font-weight: 400;\"> f\u00fcr Ihr n\u00e4chstes Marktforschungsprojekt.<\/span><\/p>\n<p><!-- wp:heading --><\/p>\n<h2 id=\"about-sis-international\" class=\"wp-block-heading\">\u00a0<\/h2><!-- \/wp:heading -->","protected":false},"excerpt":{"rendered":"<p>Ein karibisches Management-Beratungsunternehmen bietet ma\u00dfgeschneiderte Strategie-, Betriebs-, Technologie- und digitale Beratung, um regionale Unternehmen zu unterst\u00fctzen.<\/p>","protected":false},"author":1,"featured_media":66256,"parent":33287,"menu_order":23,"comment_status":"closed","ping_status":"closed","template":"","meta":{"footnotes":""},"class_list":["post-42893","page","type-page","status-publish","has-post-thumbnail"],"_links":{"self":[{"href":"https:\/\/www.sisinternational.com\/de\/wp-json\/wp\/v2\/pages\/42893","targetHints":{"allow":["GET"]}}],"collection":[{"href":"https:\/\/www.sisinternational.com\/de\/wp-json\/wp\/v2\/pages"}],"about":[{"href":"https:\/\/www.sisinternational.com\/de\/wp-json\/wp\/v2\/types\/page"}],"author":[{"embeddable":true,"href":"https:\/\/www.sisinternational.com\/de\/wp-json\/wp\/v2\/users\/1"}],"replies":[{"embeddable":true,"href":"https:\/\/www.sisinternational.com\/de\/wp-json\/wp\/v2\/comments?post=42893"}],"version-history":[{"count":8,"href":"https:\/\/www.sisinternational.com\/de\/wp-json\/wp\/v2\/pages\/42893\/revisions"}],"predecessor-version":[{"id":80411,"href":"https:\/\/www.sisinternational.com\/de\/wp-json\/wp\/v2\/pages\/42893\/revisions\/80411"}],"up":[{"embeddable":true,"href":"https:\/\/www.sisinternational.com\/de\/wp-json\/wp\/v2\/pages\/33287"}],"wp:featuredmedia":[{"embeddable":true,"href":"https:\/\/www.sisinternational.com\/de\/wp-json\/wp\/v2\/media\/66256"}],"wp:attachment":[{"href":"https:\/\/www.sisinternational.com\/de\/wp-json\/wp\/v2\/media?parent=42893"}],"curies":[{"name":"wp","href":"https:\/\/api.w.org\/{rel}","templated":true}]}}