{"id":42861,"date":"2023-05-25T02:59:04","date_gmt":"2023-05-25T06:59:04","guid":{"rendered":"https:\/\/www.sisinternational.com\/?page_id=42861"},"modified":"2026-01-25T19:13:24","modified_gmt":"2026-01-26T00:13:24","slug":"politische-meinungsumfragen-marktforschung","status":"publish","type":"page","link":"https:\/\/www.sisinternational.com\/de\/sachverstand\/politische-meinungsumfragen-marktforschung\/","title":{"rendered":"Politische Meinungsumfragen Marktforschung"},"content":{"rendered":"<h1 class=\"wp-block-heading\">Politische Meinungsumfragen Marktforschung<\/h1>\n\n\n\n<figure class=\"gb-block-image gb-block-image-52e000fd\"><img loading=\"lazy\" decoding=\"async\" width=\"1456\" height=\"816\" class=\"gb-image gb-image-52e000fd\" src=\"https:\/\/www.sisinternational.com\/wp-content\/uploads\/2025\/08\/Political-polling-vote-3.jpg\" alt=\"SIS International Marktforschung &amp; Strategie\" title=\"Political polling vote (3)\" srcset=\"https:\/\/www.sisinternational.com\/wp-content\/uploads\/2025\/08\/Political-polling-vote-3.jpg 1456w, https:\/\/www.sisinternational.com\/wp-content\/uploads\/2025\/08\/Political-polling-vote-3-300x168.jpg 300w, https:\/\/www.sisinternational.com\/wp-content\/uploads\/2025\/08\/Political-polling-vote-3-1024x574.jpg 1024w, https:\/\/www.sisinternational.com\/wp-content\/uploads\/2025\/08\/Political-polling-vote-3-768x430.jpg 768w, https:\/\/www.sisinternational.com\/wp-content\/uploads\/2025\/08\/Political-polling-vote-3-18x10.jpg 18w\" sizes=\"auto, (max-width: 1456px) 100vw, 1456px\"><\/figure>\n\n\n\n<p><\/p>\n\n\n\n<p>Moderne Demokratien verlassen sich in hohem Ma\u00dfe auf die Meinungsforschung im politischen Bereich, um wichtige Erkenntnisse \u00fcber die \u00f6ffentliche Meinung zu gewinnen.<\/p>\n\n\n\n<p>Die Auswirkungen dieser Umfragen sind jedoch weitreichend, da sie die \u00f6ffentliche Meinung beeinflussen, politischen Entscheidungstr\u00e4gern helfen, die Macht der Politiker einschr\u00e4nken \u2013 und sogar den Ausgang von Wahlen vorhersagen k\u00f6nnen. Deshalb ist die Marktforschung im Bereich der politischen Meinungsumfragen f\u00fcr die heutigen Demokratien von entscheidender Bedeutung, und ihre st\u00e4ndig wachsende Bedeutung macht sie zu einem unverzichtbaren Instrument zur Beurteilung der Wahrnehmung der Demokratie auf der ganzen Welt.<\/p>\n\n\n\n<h2 class=\"wp-block-heading\">Was ist politische Meinungsforschung?<\/h2>\n\n\n\n<p>Bei der Marktforschung zu politischen Meinungsumfragen handelt es sich um eine spezialisierte Untersuchung, die durchgef\u00fchrt wird, um die Meinungen und Gedanken der \u00d6ffentlichkeit zu politischen Themen zu verstehen. Der Umfang dieser Untersuchung kann sehr breit sein und die \u00f6ffentliche Einstellung zu Politik, \u00f6ffentlichen Ma\u00dfnahmen und Steuern, Migration, Armut, Inflation und vielen anderen Themen umfassen.<\/p>\n\n\n\n<p>Ziel ist es, sicherzustellen, dass die Ansichten der B\u00fcrger von den Autorit\u00e4tspersonen geh\u00f6rt und ber\u00fccksichtigt werden. Dar\u00fcber hinaus bietet es eine Methode zur Beobachtung der vorherrschenden \u00f6ffentlichen Meinung \u00fcber einen l\u00e4ngeren Zeitraum, die es Analysten erm\u00f6glicht, Verschiebungen und Ver\u00e4nderungen in der politischen Einstellung sowie neu entstehende Trends zu erkennen.<\/p>\n\n\n\n<h2 class=\"wp-block-heading\">Warum ist politische Meinungsforschung heute wichtig?<\/h2>\n\n\n\n<figure class=\"gb-block-image gb-block-image-df3291fa\"><img loading=\"lazy\" decoding=\"async\" width=\"1456\" height=\"816\" class=\"gb-image gb-image-df3291fa\" src=\"https:\/\/www.sisinternational.com\/wp-content\/uploads\/2025\/08\/Political-polling-vote-1.jpg\" alt=\"SIS International Marktforschung &amp; Strategie\" title=\"Political polling vote (1)\" srcset=\"https:\/\/www.sisinternational.com\/wp-content\/uploads\/2025\/08\/Political-polling-vote-1.jpg 1456w, https:\/\/www.sisinternational.com\/wp-content\/uploads\/2025\/08\/Political-polling-vote-1-300x168.jpg 300w, https:\/\/www.sisinternational.com\/wp-content\/uploads\/2025\/08\/Political-polling-vote-1-1024x574.jpg 1024w, https:\/\/www.sisinternational.com\/wp-content\/uploads\/2025\/08\/Political-polling-vote-1-768x430.jpg 768w, https:\/\/www.sisinternational.com\/wp-content\/uploads\/2025\/08\/Political-polling-vote-1-18x10.jpg 18w\" sizes=\"auto, (max-width: 1456px) 100vw, 1456px\"><\/figure>\n\n\n\n<p><\/p>\n\n\n\n<p>In einer zunehmend globalisierten Welt, in der die Rolle der Demokratien aufgrund der globalen Auswirkungen, die die Politik eines Landes auf den Rest der Welt haben kann, sorgf\u00e4ltig beurteilt wird, ist die Marktforschung auf der Grundlage politischer Meinungsumfragen von entscheidender Bedeutung geworden.<\/p>\n\n\n\n<p>Dar\u00fcber hinaus sind verschiedene Branchen am Markt f\u00fcr politische Meinungsumfragen beteiligt, beispielsweise politische Parteien, Kandidaten, Regierungsstellen, unabh\u00e4ngige Forschungsgruppen und akademische Forscher.<\/p>\n\n\n\n<p>Insbesondere aufgrund der folgenden Faktoren ist die Marktforschung im Bereich der politischen Meinungsumfragen von Bedeutung:<\/p>\n\n\n\n<p><strong>Gestaltung politischer Strategien<\/strong><\/p>\n\n\n\n<p>Politische Umfragen helfen Politikern, die Pr\u00e4ferenzen der Bev\u00f6lkerung zu verstehen und ihre Wahlkampfstrategien an aktuelle kulturelle und gesellschaftliche Trends anzupassen. Wenn ein Politiker beispielsweise feststellt, dass die Bev\u00f6lkerung Migration positiv gegen\u00fcbersteht, nimmt er dieses Thema in der Regel in seinen Wahlvorschlag auf, um die Gunst einer gr\u00f6\u00dferen Zahl von W\u00e4hlern zu gewinnen.<\/p>\n\n\n\n<p><strong>Vorhersage von Wahlergebnissen:<\/strong><\/p>\n\n\n\n<p>Obwohl politische Meinungsumfragen mit Ungenauigkeiten verbunden sind, k\u00f6nnen Forscher damit zuverl\u00e4ssige Prognosen f\u00fcr Wahlergebnisse erstellen. Daher kann die Analyse der aktuellen Trends und Ver\u00e4nderungen der \u00f6ffentlichen Meinung Aufschluss \u00fcber m\u00f6gliche Auswirkungen auf Wahlergebnisse geben.<\/p>\n\n\n\n<p><strong>Politikgestaltung<\/strong><\/p>\n\n\n\n<p>Die Marktforschung zu politischen Meinungsumfragen ist f\u00fcr politische Entscheidungstr\u00e4ger ein n\u00fctzliches Instrument, um ihre Ma\u00dfnahmen zu priorisieren und angemessen auf die Meinungen der \u00d6ffentlichkeit zu reagieren. Sie erm\u00f6glicht die Analyse der Themen, die die Bev\u00f6lkerung besch\u00e4ftigen, und Politiker k\u00f6nnen die Themen priorisieren, die ihre Popularit\u00e4t steigern w\u00fcrden.<\/p>\n\n\n\n<p><strong>Demokratische Rechenschaftspflicht<\/strong><\/p>\n\n\n\n<p>Um die volle Funktionsf\u00e4higkeit der Demokratie zu gew\u00e4hrleisten, m\u00fcssen alle politischen Akteure regelm\u00e4\u00dfig Meinungsumfragen durchf\u00fchren. So k\u00f6nnen die Politiker \u00fcber die \u00f6ffentliche Meinung informiert bleiben und ermutigt werden, im Sinne ihrer W\u00e4hler zu regieren.<\/p>\n\n\n\n<p><strong>Medienberichterstattung<\/strong><\/p>\n\n\n\n<p>Die Ergebnisse politischer Umfragen sind f\u00fcr die Medien eine verl\u00e4ssliche Quelle f\u00fcr die Berichterstattung \u00fcber die \u00f6ffentliche Meinung und die Verfolgung politischer Entwicklungen. Sie pr\u00e4gen die \u00f6ffentliche Meinung zu einem Thema und spielen eine wichtige Rolle bei der Schaffung politischer Narrative und der Beeinflussung von Diskussionen dar\u00fcber.<\/p>\n\n\n\n<h2 class=\"wp-block-heading\">Chancen und Herausforderungen der politischen Meinungsforschung<\/h2>\n\n\n\n<p>Die Dynamik der Politik sowie technologische Innovationen und gesellschaftliche Ver\u00e4nderungen stellen sowohl Chancen als auch Hindernisse f\u00fcr die Marktforschung im Bereich der politischen Meinungsumfragen dar. Diese Ver\u00e4nderungen werden dazu f\u00fchren, dass sich die Forschung in diesem Bereich in den kommenden Jahren mit dem Aufkommen neuer Technologien und dem Bev\u00f6lkerungswandel erheblich ver\u00e4ndern wird.<\/p>\n\n\n\n<h3 class=\"wp-block-heading\">Gelegenheiten<\/h3>\n\n\n\n<ul class=\"wp-block-list\">\n<li><strong>Big Data-Analyse:<\/strong> Der bemerkenswerte Anstieg der zug\u00e4nglichen Informationen bietet Forschern die M\u00f6glichkeit, Big-Data-Analysen in politische Meinungsumfragen zu implementieren und in Echtzeit tiefere Einblicke in die \u00f6ffentliche Stimmung zu gewinnen, was die politische Forschung deutlich effektiver machen wird.<\/li>\n\n\n\n<li><strong>K\u00fcnstliche Intelligenz (KI) und maschinelles Lernen (ML):<\/strong> Die Analyse komplizierter Umfragen wird einfacher durch die Nutzung von <a href=\"https:\/\/azure.microsoft.com\/en-us\/resources\/cloud-computing-dictionary\/artificial-intelligence-vs-machine-learning\/#introduction\" target=\"_blank\" rel=\"noopener\">KI- und ML-Technologien<\/a>. Sie werden Forschern helfen, verborgene Muster aufzudecken und zuk\u00fcnftige Entwicklungen genauer vorherzusagen.<\/li>\n\n\n\n<li><strong>Online- und Mobile-Umfragen:<\/strong> Da die weltweite Nutzung des Internets und mobiler Ger\u00e4te rasant zunimmt, ist es wahrscheinlicher, dass durch Online- und mobile Umfragen unterschiedliche Teile der Bev\u00f6lkerung angesprochen werden. Durch den Einsatz dieser Methoden k\u00f6nnen Forscher m\u00f6glicherweise die Antwortraten verbessern und gleichzeitig sofortiges Feedback erhalten.<\/li>\n\n\n\n<li><strong>Transnationale Vergleiche:<\/strong> Durch die zunehmende Globalisierung politischer Meinungsumfragen ergeben sich mehr M\u00f6glichkeiten, die \u00f6ffentliche Meinung weltweit zu vergleichen und den Einfluss internationaler Ereignisse auf die Innenpolitik sowie weltweite politische Trends zu erfassen.<\/li>\n<\/ul>\n\n\n\n<h2 class=\"wp-block-heading\">Herausforderungen der politischen Meinungsforschung<\/h2>\n\n\n\n<figure class=\"gb-block-image gb-block-image-0f87b44a\"><img loading=\"lazy\" decoding=\"async\" width=\"1456\" height=\"816\" class=\"gb-image gb-image-0f87b44a\" src=\"https:\/\/www.sisinternational.com\/wp-content\/uploads\/2025\/08\/Political-polling-vote-2.jpg\" alt=\"SIS International Marktforschung &amp; Strategie\" title=\"Political polling vote (2)\" srcset=\"https:\/\/www.sisinternational.com\/wp-content\/uploads\/2025\/08\/Political-polling-vote-2.jpg 1456w, https:\/\/www.sisinternational.com\/wp-content\/uploads\/2025\/08\/Political-polling-vote-2-300x168.jpg 300w, https:\/\/www.sisinternational.com\/wp-content\/uploads\/2025\/08\/Political-polling-vote-2-1024x574.jpg 1024w, https:\/\/www.sisinternational.com\/wp-content\/uploads\/2025\/08\/Political-polling-vote-2-768x430.jpg 768w, https:\/\/www.sisinternational.com\/wp-content\/uploads\/2025\/08\/Political-polling-vote-2-18x10.jpg 18w\" sizes=\"auto, (max-width: 1456px) 100vw, 1456px\"><\/figure>\n\n\n\n<p><\/p>\n\n\n\n<p><strong>Repr\u00e4sentative Probenahme:<\/strong> Die Erstellung einer repr\u00e4sentativen Stichprobe, die die Vielfalt der Bev\u00f6lkerung genau widerspiegelt, bleibt weiterhin eine Herausforderung und die Verwendung gr\u00f6\u00dferer Stichproben kann f\u00fcr die meisten in dieser Branche t\u00e4tigen Unternehmen kostspielig sein.<\/p>\n\n\n\n<p><strong>Antwortverzerrung:<\/strong> Die Antworten der Befragten k\u00f6nnen eher soziale Erw\u00fcnschtheit als echte Einstellungen widerspiegeln. Dies f\u00fchrt zu ungenauen Antworten. Dar\u00fcber hinaus k\u00f6nnen die W\u00e4hler ihre Meinung innerhalb kurzer Zeit \u00e4ndern, was die Ergebnisse der Umfrage v\u00f6llig beeinflusst.<\/p>\n\n\n\n<p><strong>Interpretation und Berichterstattung:<\/strong> Die Interpretation und Berichterstattung von Umfrageergebnissen hat erhebliche Auswirkungen auf die \u00f6ffentliche Wahrnehmung, und die Sensationsmache und Vereinfachung von Fakten wirkt sich auf die Art und Weise aus, wie die Menschen die Ergebnisse verstehen, insbesondere in Fernsehsendungen und Boulevardbl\u00e4ttern.<\/p>\n\n\n\n<p><strong>Einschr\u00e4nkungen bei der Vorhersage:<\/strong> Umfragen liefern nicht immer eine genaue Vorhersage des Wahlergebnisses. Die Ergebnisse politischer Umfragen werden weiterhin ein allgemeines Bild der W\u00e4hlerwahrnehmung liefern und keine genaue Vorhersage der Zukunft.<\/p>\n\n\n\n<h2 class=\"wp-block-heading\">Die Zukunft der politischen Meinungsforschung<\/h2>\n\n\n\n<p>Societal changes are transforming the <a href=\"https:\/\/www.sisinternational.com\/de\/sachverstand\/branchen\/marktforschung-zum-klimawandel\/\" title=\"Marktforschung zum Klimawandel\" data-wpil-monitor-id=\"4985\">politische Meinungsumfragen Marktforschung<\/a> space with cutting-edge techniques using emerging technologies. In any case, some of the trends expected in the coming years are:<\/p>\n\n\n\n<p><strong>Ein deutlicher Anstieg der KI:<\/strong> Es wird erwartet, dass die Anwendung von KI in der politischen Meinungsforschung zunehmen wird. Durch die Untersuchung digitaler Fu\u00dfabdr\u00fccke wie der Nutzung sozialer Medien und des Online-Verhaltens k\u00f6nnen Forscher n\u00fctzliche Einblicke in die \u00f6ffentliche Meinung gewinnen und Daten in Echtzeit analysieren, um schneller als je zuvor wertvolle Erkenntnisse zu gewinnen.<\/p>\n\n\n\n<p><strong>Globale Zusammenarbeit:<\/strong> Die weltweite Zusammenarbeit bei politischen Meinungsumfragen ist zu einem neuen Trend geworden, und der Vergleich von Umfrageergebnissen verschiedener L\u00e4nder kann wertvolle Erkenntnisse \u00fcber globale politische Trends und den Einfluss internationaler Ereignisse auf die Innenpolitik liefern.<\/p>\n\n\n\n<p><strong>Mehr Transparenz und Rechenschaftspflicht:<\/strong> Da die Bev\u00f6lkerung immer besser \u00fcber die politische Welt informiert ist und mehr Online-Datenschutz fordert, ist m\u00f6glicherweise auch eine st\u00e4rkere Forderung nach Transparenz hinsichtlich der Durchf\u00fchrung von Umfragen zu erkennen, was zu besseren Methoden und einem verantwortungsvolleren Umgang mit den Umfragedaten f\u00fchren k\u00f6nnte.<\/p>\n\n\n\n<h2 class=\"wp-block-heading\">Wichtigste L\u00e4nder f\u00fcr politische Meinungsforschung<\/h2>\n\n\n\n<p>Political polling market research is a global industry, but certain countries and regions stand out due to their vibrant political landscapes and advanced <a class=\"wpil_keyword_link\" href=\"https:\/\/www.sisinternational.com\/de\/sachverstand\/branchen\/\" title=\"Branchen\" data-wpil-keyword-link=\"linked\" data-wpil-monitor-id=\"344\">Marktforschungsbranche<\/a>. Here are a few of them that stand out in the global political landscape:<\/p>\n\n\n\n<h3 class=\"wp-block-heading\">Nordamerika und die Karibik<\/h3>\n\n\n\n<p><strong>vereinigte Staaten von Amerika<\/strong><\/p>\n\n\n\n<p>In den USA hilft die Marktforschung den wichtigsten politischen Kr\u00e4ften des Landes, wie der Republikanischen und der Demokratischen Partei, die Hauptsorgen ihrer W\u00e4hler aufzudecken und ihre Reden an diese Erwartungen anzupassen. Ebenso hilft sie den Forschern, eine st\u00e4ndige Analyse von Themen von nationalem Interesse aufrechtzuerhalten, die die Akzeptanz von Politikern und ihrer Politik beeinflussen, wie etwa Einwanderung, Inflation und innere Sicherheit.<\/p>\n\n\n\n<p>Deshalb nutzen Parteien, Kandidaten und Interessengruppen regelm\u00e4\u00dfig Meinungsumfragen, um die Stimmung der W\u00e4hler, ihre politischen Pr\u00e4ferenzen und Wahlwahrscheinlichkeiten zu ermitteln. Sie spielen daher eine entscheidende Rolle bei der Formulierung von Wahlkampfstrategien, politischen Vorschl\u00e4gen und dem Verst\u00e4ndnis der allgemeinen Stimmung der W\u00e4hlerschaft.<\/p>\n\n\n\n<p><strong>Kanada<\/strong><\/p>\n\n\n\n<p>Angesichts der vielf\u00e4ltigen Bev\u00f6lkerung des Landes und der weitreichenden regionalen Interessen ist eine genaue Marktforschung im Bereich der politischen Meinungsumfragen von entscheidender Bedeutung, um das Wahlverhalten verschiedener demografischer Gruppen zu verstehen. Daher verlassen sich politische Parteien, Kandidaten und politische Entscheidungstr\u00e4ger auf diese Daten, um Wahlkampfstrategien und \u00f6ffentliche Ma\u00dfnahmen zu formulieren und die \u00f6ffentliche Meinung zu verschiedenen Themen zu verstehen.<\/p>\n\n\n\n<p>Kanada hat im Vergleich zu den Vereinigten Staaten eine ruhigere politische Landschaft, da es keinen gro\u00dfen Einfluss der extremen Linken und der extremen Rechten gibt. Dar\u00fcber hinaus verf\u00fcgt Kanada als konstitutionelle Monarchie mit einer starken Kultur, die Gleichheit betont, \u00fcber eine stabile politische Meinungsumfragebranche.<\/p>\n\n\n\n<p>This kind of research provides clues about the <a href=\"https:\/\/www.sisinternational.com\/de\/abdeckung\/die-amerikaner\/marktforschung-kanada\/marktforschung-quebec-kanada\/\" title=\"Marktforschung in Qu\u00e9bec, Kanada\" data-wpil-monitor-id=\"4826\">political<\/a> impact of major issues in Canada such as abortion laws, affordable housing, freedom of speech, and the impact of the Emergency Act, among other issues.<\/p>\n\n\n\n<p><strong>Barbados<\/strong><\/p>\n\n\n\n<p>Obwohl dieses kleine karibische Land keinen globalen Einfluss hat, wurde es erst 2021 eine Republik, als der gew\u00e4hlte Pr\u00e4sident die britische Monarchin als Staatsoberhaupt abl\u00f6ste.<\/p>\n\n\n\n<p>Barbados hat einen symbolischen Schritt zur Abkopplung vom ehemaligen britischen Empire unternommen und nun planen auch andere karibische L\u00e4nder wie Jamaika, Grenada, Antigua und Barbuda sowie St. Kitts und Nevis, in den n\u00e4chsten Jahren Republiken zu werden und die Monarchie zu verlassen.<\/p>\n\n\n\n<p>Dies k\u00f6nnte die politische Landschaft des Commonwealth ver\u00e4ndern und angesichts der wachsenden Minderheitenrechtsbewegungen wahrscheinlich die Trennung dieser L\u00e4nder vertiefen.<\/p>\n\n\n\n<p><strong>Bahamas<\/strong><\/p>\n\n\n\n<p>Die Bahamas hatten ihre Absicht angek\u00fcndigt, sich in eine Republik zu verwandeln, dies jedoch noch nicht formal umgesetzt.<\/p>\n\n\n\n<p>Das bedeutet, dass die Bahamas den britischen Monarchen nicht mehr als Staatsoberhaupt anerkennen und dieses Amt durch einen lokal gew\u00e4hlten Pr\u00e4sidenten ersetzen w\u00fcrden. Es ist jedoch wichtig klarzustellen, dass die Umwandlung in eine Republik nicht unbedingt bedeutet, dass die Bahamas den Commonwealth sofort verlassen w\u00fcrden. Viele Republiken, wie Indien und S\u00fcdafrika, bleiben Mitglieder des Commonwealth und erkennen den britischen Monarchen als Oberhaupt dieses Zusammenschlusses ehemaliger britischer Kolonien an.<\/p>\n\n\n\n<h3 class=\"wp-block-heading\">Europa<\/h3>\n\n\n\n<p><strong>Gro\u00dfbritannien<\/strong><\/p>\n\n\n\n<p>Political polling <a class=\"wpil_keyword_link\" href=\"https:\/\/www.sisinternational.com\/de\/abdeckung\/europa\/marktforschung-vereinigtes-konigreich\/\" title=\"Marktforschung im Vereinigten K\u00f6nigreich\" data-wpil-keyword-link=\"linked\" data-wpil-monitor-id=\"343\">market research in the United Kingdom<\/a> is an established and vital facet of the nation&#8217;s political landscape. It includes regular local and national elections and significant events such as the Brexit Referendum, or the 2014 Scottish Independence Referendum.<\/p>\n\n\n\n<p>Dar\u00fcber hinaus spielen Umfragen in Gro\u00dfbritannien auch eine wichtige Rolle bei der Gestaltung politischer Debatten und beim Verst\u00e4ndnis von Ver\u00e4nderungen gesellschaftlicher Trends, insbesondere angesichts der Tatsache, dass es in den letzten Jahren in Gro\u00dfbritannien mehrere Premierminister und so viele personelle Wechsel in der Regierung gab.<\/p>\n\n\n\n<p><strong>Deutschland<\/strong><\/p>\n\n\n\n<p>Political polling <a class=\"wpil_keyword_link\" href=\"https:\/\/www.sisinternational.com\/de\/abdeckung\/europa\/market-research-in-germany-2\/\" title=\"Marktforschung in Deutschland\" data-wpil-keyword-link=\"linked\" data-wpil-monitor-id=\"345\">market research in Germany<\/a> holds a crucial position in the nation&#8217;s democratic process. With its federal structure and diverse political landscape, the demand for accurate and timely polling data is high, particularly in times of change after periods of stability led by Angela Merkel.<\/p>\n\n\n\n<p>Angesichts des Krieges in der Ukraine und der steigenden Gaspreise kann die Wahrnehmung von Politikern auf nationaler und lokaler Ebene erheblich schwanken. Daher sind Umfragen im Vorfeld von Wahlen ein wichtiges Instrument, um die \u00f6ffentliche Meinung gegen\u00fcber verschiedenen politischen Parteien und einzelnen Kandidaten zu ermitteln.<\/p>\n\n\n\n<p>\u00dcber den Wahlkontext hinaus spielen Umfragen in Deutschland jedoch eine entscheidende Rolle f\u00fcr das Verst\u00e4ndnis der \u00f6ffentlichen Meinung zu verschiedenen politischen Themen, die von der Energiewende und der Bildungsreform des Landes bis hin zur Einwanderungspolitik und den Beziehungen zur Europ\u00e4ischen Union reichen.<\/p>\n\n\n\n<h3 class=\"wp-block-heading\">Asien-Pazifik<\/h3>\n\n\n\n<figure class=\"gb-block-image gb-block-image-9d5d849d\"><img loading=\"lazy\" decoding=\"async\" width=\"1456\" height=\"816\" class=\"gb-image gb-image-9d5d849d\" src=\"https:\/\/www.sisinternational.com\/wp-content\/uploads\/2025\/08\/Political-polling-vote-4.jpg\" alt=\"SIS International Marktforschung &amp; Strategie\" title=\"Political polling vote (4)\" srcset=\"https:\/\/www.sisinternational.com\/wp-content\/uploads\/2025\/08\/Political-polling-vote-4.jpg 1456w, https:\/\/www.sisinternational.com\/wp-content\/uploads\/2025\/08\/Political-polling-vote-4-300x168.jpg 300w, https:\/\/www.sisinternational.com\/wp-content\/uploads\/2025\/08\/Political-polling-vote-4-1024x574.jpg 1024w, https:\/\/www.sisinternational.com\/wp-content\/uploads\/2025\/08\/Political-polling-vote-4-768x430.jpg 768w, https:\/\/www.sisinternational.com\/wp-content\/uploads\/2025\/08\/Political-polling-vote-4-18x10.jpg 18w\" sizes=\"auto, (max-width: 1456px) 100vw, 1456px\"><\/figure>\n\n\n\n<p><strong>Japan<\/strong><\/p>\n\n\n\n<p>Die politische Meinungsumfrage- und Marktforschungslandschaft in Japan spiegelt die Komplexit\u00e4t seiner Politik und Wirtschaft wider. Japans vielschichtige politische Landschaft besteht aus alteingesessenen Parteien wie der Liberaldemokratischen Partei, der Verfassungsdemokratischen Partei und der Japanischen Innovationspartei sowie neu entstehenden Parteien, die neue Ideen in den politischen Raum bringen.<\/p>\n\n\n\n<p>In jedem Fall wird die Marktforschung stark von Japans fortschrittlicher Technologie angetrieben. Digitale Tools wie Online-Umfragen, Datenanalyse und Social-Media-Monitoring werden umfassend eingesetzt und erm\u00f6glichen eine schnelle und umfassende Datenerfassung und -analyse. Diese High-Tech-Ans\u00e4tze haben genauere, tiefere und zeitnahe Einblicke in das Verhalten der \u00f6ffentlichen Meinung zu Themen erm\u00f6glicht, die die Bev\u00f6lkerung beunruhigen k\u00f6nnten, wie etwa Bev\u00f6lkerungsr\u00fcckgang oder angespannte Beziehungen zu China.<\/p>\n\n\n\n<p><strong>S\u00fcdkorea<\/strong><\/p>\n\n\n\n<p>Das lebendige demokratische System des Landes, das durch h\u00e4ufige Wahlen und lebhafte politische Debatten gekennzeichnet ist, legt gro\u00dfen Wert auf die \u00f6ffentliche Meinung. Parteien aus dem gesamten politischen Spektrum nutzen Umfragedaten, um die Stimmung und Trends der W\u00e4hler zu verstehen und ihre Botschaften und politischen Vorschl\u00e4ge zu verfeinern.<\/p>\n\n\n\n<p>In den letzten Jahren haben Umfragen Informationen zu Problemen geliefert, die in der s\u00fcdkoreanischen Politik aufgetaucht sind. Dazu geh\u00f6ren etwa die Korruptionsskandale, die sogar mit einer Gef\u00e4ngnisstrafe f\u00fcr die ehemalige Pr\u00e4sidentin Park Geun Hye endeten, die angespannten Beziehungen zu Nordkorea sowie die \u00dcberalterung der Gesellschaft und die niedrige Geburtenrate.<\/p>\n\n\n\n<p>Technology also plays a significant role in <a href=\"https:\/\/www.sisinternational.com\/de\/abdeckung\/die-amerikaner\/usa-berichterstattung\/marktforschung-in-south-dakota\/\" title=\"Marktforschung in South Dakota\" data-wpil-monitor-id=\"5485\">South Korea&#8217;s market research<\/a> scene. As one of the most digitally connected countries globally, online surveys and digital data analysis are widely utilized. Social media platforms, in particular, are a valuable resource for gauging public opinion and consumer behavior, thanks to the high level of social media engagement in the country. Advanced data analytics, AI, and machine learning are increasingly being used to process and interpret the vast amounts of data collected.<\/p>\n\n\n\n<p><\/p>","protected":false},"excerpt":{"rendered":"<p>Die Marktforschung zu politischen Meinungsumfragen ist eine globale Branche, doch in bestimmten L\u00e4ndern und Regionen herrscht eine dynamische politische Landschaft.<\/p>","protected":false},"author":1,"featured_media":64434,"parent":14514,"menu_order":315,"comment_status":"closed","ping_status":"closed","template":"","meta":{"footnotes":""},"class_list":["post-42861","page","type-page","status-publish","has-post-thumbnail"],"_links":{"self":[{"href":"https:\/\/www.sisinternational.com\/de\/wp-json\/wp\/v2\/pages\/42861","targetHints":{"allow":["GET"]}}],"collection":[{"href":"https:\/\/www.sisinternational.com\/de\/wp-json\/wp\/v2\/pages"}],"about":[{"href":"https:\/\/www.sisinternational.com\/de\/wp-json\/wp\/v2\/types\/page"}],"author":[{"embeddable":true,"href":"https:\/\/www.sisinternational.com\/de\/wp-json\/wp\/v2\/users\/1"}],"replies":[{"embeddable":true,"href":"https:\/\/www.sisinternational.com\/de\/wp-json\/wp\/v2\/comments?post=42861"}],"version-history":[{"count":7,"href":"https:\/\/www.sisinternational.com\/de\/wp-json\/wp\/v2\/pages\/42861\/revisions"}],"predecessor-version":[{"id":79258,"href":"https:\/\/www.sisinternational.com\/de\/wp-json\/wp\/v2\/pages\/42861\/revisions\/79258"}],"up":[{"embeddable":true,"href":"https:\/\/www.sisinternational.com\/de\/wp-json\/wp\/v2\/pages\/14514"}],"wp:featuredmedia":[{"embeddable":true,"href":"https:\/\/www.sisinternational.com\/de\/wp-json\/wp\/v2\/media\/64434"}],"wp:attachment":[{"href":"https:\/\/www.sisinternational.com\/de\/wp-json\/wp\/v2\/media?parent=42861"}],"curies":[{"name":"wp","href":"https:\/\/api.w.org\/{rel}","templated":true}]}}