{"id":42840,"date":"2023-05-08T13:58:14","date_gmt":"2023-05-08T17:58:14","guid":{"rendered":"https:\/\/www.sisinternational.com\/?page_id=42840"},"modified":"2026-01-26T18:50:41","modified_gmt":"2026-01-26T23:50:41","slug":"garnelen-marktforschung","status":"publish","type":"page","link":"https:\/\/www.sisinternational.com\/de\/sachverstand\/garnelen-marktforschung\/","title":{"rendered":"Garnelen-Marktforschung"},"content":{"rendered":"<h1 class=\"wp-block-heading\">Garnelen-Marktforschung<\/h1>\n\n\n\n<figure class=\"gb-block-image gb-block-image-81e2307a\"><img loading=\"lazy\" decoding=\"async\" width=\"1456\" height=\"816\" class=\"gb-image gb-image-81e2307a\" src=\"https:\/\/www.sisinternational.com\/wp-content\/uploads\/2025\/08\/Shrimp-9.jpg\" alt=\"SIS International Marktforschung &amp; Strategie\" title=\"Shrimp (9)\" srcset=\"https:\/\/www.sisinternational.com\/wp-content\/uploads\/2025\/08\/Shrimp-9.jpg 1456w, https:\/\/www.sisinternational.com\/wp-content\/uploads\/2025\/08\/Shrimp-9-300x168.jpg 300w, https:\/\/www.sisinternational.com\/wp-content\/uploads\/2025\/08\/Shrimp-9-1024x574.jpg 1024w, https:\/\/www.sisinternational.com\/wp-content\/uploads\/2025\/08\/Shrimp-9-768x430.jpg 768w, https:\/\/www.sisinternational.com\/wp-content\/uploads\/2025\/08\/Shrimp-9-18x10.jpg 18w\" sizes=\"auto, (max-width: 1456px) 100vw, 1456px\"><\/figure>\n\n\n\n<p><\/p>\n\n\n\n<p>Die Marktforschung f\u00fcr Garnelen untersucht eingehend die Marktdynamik von Angebot und Nachfrage, das Verbraucherverhalten, die Produktions- und Vertriebssysteme, das Wettbewerbsumfeld und das regulatorische Umfeld der Garnelenindustrie. Ziel der Studie ist es, Daten und Strategien f\u00fcr die Marktforschung f\u00fcr Garnelen zu sammeln, die Unternehmen dabei helfen, fundierte Entscheidungen \u00fcber Marketing, Produktentwicklung, Preisstrategien und die allgemeine Gesch\u00e4ftsplanung in der Garnelenindustrie zu treffen. Diese Forschung kann mithilfe verschiedener Methoden durchgef\u00fchrt werden, darunter Umfragen, Interviews und die Analyse sekund\u00e4rer Datenquellen.<\/p>\n\n\n\n<h2 class=\"wp-block-heading\">Markt\u00fcbersicht<\/h2>\n\n\n\n<p>Shrimp is a famous shellfish in high demand worldwide due to its exquisite flavor and nutritional content. As a result, the shrimp market is a thriving industry that will continue to expand in the following years. Market research provides insights into factors driving the shrimp market include rising consumer health awareness, increased seafood demand, and expansion of aquaculture. The Asia-Pacific area leads the shrimp industry, with key producers and exporters including China, Thailand, and Indonesia. Other regions with significant market shares in the <a href=\"https:\/\/www.sisinternational.com\/de\/abdeckung\/europa\/marktforschung-jersey-europa\/\" title=\"Marktforschung in Jersey, Europa\"  data-wpil-monitor-id=\"7076\">shrimp<\/a> industry include North America and Europe.<\/p>\n\n\n\n<h2 class=\"wp-block-heading\">Marktforschungssegmente<\/h2>\n\n\n\n<h3 class=\"wp-block-heading\">Garnelen werden in der Garnelenindustrie je nach Gr\u00f6\u00dfe, Art und Verarbeitung in zahlreiche Kategorien eingeteilt. Im Folgenden sind einige der am weitesten verbreiteten Garnelenarten aufgef\u00fchrt:<\/h3>\n\n\n\n<ul class=\"wp-block-list\">\n<li>Garnelen werden danach kategorisiert, ob sie im S\u00fc\u00df- oder Salzwasser gefangen werden.<\/li>\n\n\n\n<li>Garnelen k\u00f6nnen in freier Wildbahn gefangen oder in Farmen gez\u00fcchtet werden und werden nach der Produktionsmethode klassifiziert.<\/li>\n\n\n\n<li>Je nach Verbrauchervorliebe und Marktnachfrage k\u00f6nnen Garnelen mit oder ohne Kopf angeboten werden.<\/li>\n\n\n\n<li>Garnelen k\u00f6nnen roh oder gekocht vermarktet werden und werden je nach Methode normalerweise unterschiedlich verarbeitet und verpackt.<\/li>\n\n\n\n<li>Je nach Verbrauchervorliebe und Marktnachfrage k\u00f6nnen Garnelen mit oder ohne Schale angeboten werden.<\/li>\n\n\n\n<li>Garnelen werden auch nach ihrer Gr\u00f6\u00dfe kategorisiert, wobei die Jumbogarnele die gr\u00f6\u00dfte und die Zwerggarnele die kleinste ist.<\/li>\n<\/ul>\n\n\n\n<h2 class=\"wp-block-heading\">Markttreiber in der Garnelenindustrie<\/h2>\n\n\n\n<figure class=\"gb-block-image gb-block-image-4b435443\"><img loading=\"lazy\" decoding=\"async\" width=\"1456\" height=\"816\" class=\"gb-image gb-image-4b435443\" src=\"https:\/\/www.sisinternational.com\/wp-content\/uploads\/2025\/08\/Shrimp-2.jpg\" alt=\"SIS International Marktforschung &amp; Strategie\" title=\"Shrimp (2)\" srcset=\"https:\/\/www.sisinternational.com\/wp-content\/uploads\/2025\/08\/Shrimp-2.jpg 1456w, https:\/\/www.sisinternational.com\/wp-content\/uploads\/2025\/08\/Shrimp-2-300x168.jpg 300w, https:\/\/www.sisinternational.com\/wp-content\/uploads\/2025\/08\/Shrimp-2-1024x574.jpg 1024w, https:\/\/www.sisinternational.com\/wp-content\/uploads\/2025\/08\/Shrimp-2-768x430.jpg 768w, https:\/\/www.sisinternational.com\/wp-content\/uploads\/2025\/08\/Shrimp-2-18x10.jpg 18w\" sizes=\"auto, (max-width: 1456px) 100vw, 1456px\"><\/figure>\n\n\n\n<p><\/p>\n\n\n\n<h3 class=\"wp-block-heading\">Verschiedene Faktoren beeinflussen Angebot und Nachfrage in der Garnelenindustrie. Zu den Markttreibern z\u00e4hlen:<\/h3>\n\n\n\n<ul class=\"wp-block-list\">\n<li><strong>Gesundheitliche Vorteile \u2013<\/strong> Garnelen sind ein kalorienarmer, proteinreicher Snack mit Mineralien wie Vitamin D, Selen und Omega-3-Fetts\u00e4uren. Daher gelten sie als nahrhaftes Lebensmittel, das gesundheitsbewusste Verbraucher anspricht.<\/li>\n\n\n\n<li><strong>Steigende Nachfrage -<\/strong> Die Nachfrage steigt. Bev\u00f6lkerungswachstum, steigende Einkommen und sich ver\u00e4ndernde kulinarische Vorlieben treiben die weltweite Nachfrage nach Garnelen an.<\/li>\n\n\n\n<li><strong>Aquakulturindustrie \u2013<\/strong> Die Aquakultur ist ein wachsender Sektor. Mit dem Wachstum der Aquakulturbranche hat auch die Garnelenproduktion zugenommen, wodurch sie f\u00fcr die Kunden leichter verf\u00fcgbar und erschwinglicher geworden sind.<\/li>\n\n\n\n<li><strong>Nachhaltigkeit -<\/strong> Die Garnelenindustrie wird umweltfreundlicher, da die Unternehmen verantwortungsbewusste Beschaffungs-, R\u00fcckverfolgbarkeits- und Abfallminimierungsmethoden anwenden.<\/li>\n<\/ul>\n\n\n\n<p>Da sich die Branche weiterentwickelt, m\u00fcssen Unternehmen \u00fcber die neuesten Trends und Entwicklungen auf dem Laufenden bleiben, um wettbewerbsf\u00e4hig zu bleiben.<\/p>\n\n\n\n<h2 class=\"wp-block-heading\">Durchf\u00fchrung einer Marktforschung zu Garnelen<\/h2>\n\n\n\n<h3 class=\"wp-block-heading\">Es gibt zwei Ans\u00e4tze zum Sammeln von Daten und Strategien in der Garnelenmarktforschung: quantitative und qualitative Forschungsmethoden.<\/h3>\n\n\n\n<p>Quantitative Forschung ist ein organisierter und objektiver Ansatz, der Trends, Muster und Beziehungen anhand statistischer und numerischer Daten analysiert. Umfragen, Meinungsumfragen und statistische Analysen werden h\u00e4ufig verwendet, um Kundenverhalten, Meinungen und Vorlieben zu messen und zu quantifizieren. Eine quantitative Forschungsmethode kann beispielsweise verwendet werden, um die Gr\u00f6\u00dfe des Garnelenmarkts zu bewerten, das Zielmarktsegment zu definieren oder die Kundenzufriedenheit mit Garnelenprodukten zu beurteilen.<\/p>\n\n\n\n<p>Im Gegensatz dazu ist qualitative Forschung eine subjektive und explorative Strategie, die nicht numerische Daten verwendet, um Erkenntnisse und ein Verst\u00e4ndnis des Kundenverhaltens zu gewinnen. Fokusgruppen, Interviews und Beobachtung sind g\u00e4ngige Ans\u00e4tze, um detaillierte Informationen \u00fcber die Wahrnehmung, Einstellung und Erfahrungen der Verbraucher zu sammeln. Eine qualitative Forschungsmethode kann beispielsweise verwendet werden, um zu untersuchen, warum Kunden bestimmte Garnelenprodukte bevorzugen, den kulturellen Wert von Garnelen in einem bestimmten Markt zu verstehen oder die Hindernisse f\u00fcr die Akzeptanz neuer Garnelenprodukte zu identifizieren.<\/p>\n\n\n\n<p>To acquire a full insight into the market, both quantitative and qualitative research methodologies can be used when doing <a href=\"https:\/\/www.sisinternational.com\/de\/abdeckung\/marktforschung-asien\/marktforschung-in-timor\/\" title=\"Marktforschung in Timor\"  data-wpil-monitor-id=\"4733\">shrimp<\/a> market research. A quantitative research approach, for example, can be used to gather numerical data on the size of the shrimp market, whilst a qualitative research method can be used to get insights into customer attitudes and preferences regarding shrimp products. Online surveys or market reports are further instances of quantitative <a href=\"https:\/\/www.sisinternational.com\/de\/sachverstand\/branchen\/metaverse-marktforschung\/\" title=\"Metaverse-Marktforschung\"  data-wpil-monitor-id=\"4759\">Forschung<\/a> methods in shrimp market research, whereas focus groups or in-depth interviews with shrimp industry specialists are examples of qualitative research methods.<\/p>\n\n\n\n<h2 class=\"wp-block-heading\">Vorteile<\/h2>\n\n\n\n<figure class=\"gb-block-image gb-block-image-86abf324\"><img loading=\"lazy\" decoding=\"async\" width=\"1456\" height=\"816\" class=\"gb-image gb-image-86abf324\" src=\"https:\/\/www.sisinternational.com\/wp-content\/uploads\/2025\/08\/Shrimp-3.jpg\" alt=\"SIS International Marktforschung &amp; Strategie\" title=\"Shrimp (3)\" srcset=\"https:\/\/www.sisinternational.com\/wp-content\/uploads\/2025\/08\/Shrimp-3.jpg 1456w, https:\/\/www.sisinternational.com\/wp-content\/uploads\/2025\/08\/Shrimp-3-300x168.jpg 300w, https:\/\/www.sisinternational.com\/wp-content\/uploads\/2025\/08\/Shrimp-3-1024x574.jpg 1024w, https:\/\/www.sisinternational.com\/wp-content\/uploads\/2025\/08\/Shrimp-3-768x430.jpg 768w, https:\/\/www.sisinternational.com\/wp-content\/uploads\/2025\/08\/Shrimp-3-18x10.jpg 18w\" sizes=\"auto, (max-width: 1456px) 100vw, 1456px\"><\/figure>\n\n\n\n<p><\/p>\n\n\n\n<p>Marktforschung ist ein wichtiges Instrument f\u00fcr Unternehmen in der Garnelenindustrie. Hier sind die Gr\u00fcnde, warum jeder gro\u00dfe Akteur oder jeder, der am Garnelenmarkt teilnehmen m\u00f6chte, Marktforschung betreiben sollte:<\/p>\n\n\n\n<ul class=\"wp-block-list\">\n<li>Identifizieren Sie die Marktgr\u00f6\u00dfe und das Wachstumspotenzial. Marktforschung zu Garnelen kann Unternehmen dabei helfen, die Gr\u00f6\u00dfe des Marktes, das Wachstumspotenzial und die wichtigsten Wachstumstreiber oder -hemmnisse zu verstehen.<\/li>\n\n\n\n<li>Erkennen Sie das Verhalten und die Vorlieben der Verbraucher. Marktforschung liefert Einblicke in die Einstellungen, Verhaltensweisen und Vorlieben der Verbraucher in Bezug auf Garnelenprodukte, sodass Unternehmen ihre Angebote an die Anforderungen und W\u00fcnsche ihrer Kunden anpassen k\u00f6nnen.<\/li>\n\n\n\n<li>Recognize and capitalize on market trends and opportunities. Businesses may remain ahead of their competitors and capitalize on new <a href=\"https:\/\/www.sisinternational.com\/de\/sachverstand\/branchen\/butan-marktforschung\/\" title=\"Butan-Marktforschung\"  data-wpil-monitor-id=\"3041\">market niches by researching<\/a> market trends and recognizing emerging possibilities.<\/li>\n\n\n\n<li>Untersuchen Sie die Wettbewerbsf\u00e4higkeit auf dem Markt. Marktforschung kann Unternehmen dabei helfen, die St\u00e4rken, Schw\u00e4chen und Pl\u00e4ne ihrer Konkurrenten zu verstehen und effektive Marketing- und Markenstrategien zu entwickeln, um sich von der Konkurrenz abzuheben.<\/li>\n\n\n\n<li>Preis- und Werbetechniken sollten evaluiert werden. Unternehmen k\u00f6nnen durch die Untersuchung von Preis- und Werbemethoden die effektivsten Preistaktiken und Werbeaktivit\u00e4ten finden, um Umsatz und Rentabilit\u00e4t zu maximieren.<\/li>\n\n\n\n<li>Erstellen Sie innovative Produkte und Dienstleistungen. Marktforschung bietet Einblicke in die Anforderungen und Vorlieben der Verbraucher und erm\u00f6glicht es Unternehmen, neue Produkte und Dienstleistungen zu entwickeln, die den sich \u00e4ndernden Bed\u00fcrfnissen ihrer Kunden entsprechen.<\/li>\n\n\n\n<li>Bestimmen Sie die Vertriebskan\u00e4le. Marktforschung kann Unternehmen dabei helfen, die erfolgreichsten Vertriebsmethoden f\u00fcr ihre Produkte zu bestimmen, z. B. Online- oder physische Gesch\u00e4fte, Gro\u00dfh\u00e4ndler oder Direktkan\u00e4le zum Verbraucher.<\/li>\n\n\n\n<li>Machen Sie Pl\u00e4ne f\u00fcr die zuk\u00fcnftige Expansion. Unternehmen k\u00f6nnen durch die Analyse von Marktdynamik und Trends zuk\u00fcnftiges Wachstum planen, fundierte Investitionsentscheidungen treffen und langfristige strategische Strategien entwickeln.<\/li>\n<\/ul>\n\n\n\n<h2 class=\"wp-block-heading\">\u00dcber Shrimp Market Research<\/h2>\n\n\n\n<p>Shrimp market research is the act of collecting and evaluating data and strategies in shrimp market research in order to get insights into market trends, customer behavior, and competition. Surveys, focus groups, and data analysis are examples of quantitative and qualitative research methodologies. Shrimp market research is done&nbsp;to assist businesses in making informed decisions based on trustworthy data, identifying new opportunities, and remaining competitive in the industry. Businesses may build efficient marketing and branding strategies, introduce new products and services, and plan for future growth by investing in shrimp market research.<\/p>","protected":false},"excerpt":{"rendered":"<p>Die Marktforschung f\u00fcr Garnelen analysiert Angebot und Nachfrage, Verbraucherverhalten, Produktion, Vertrieb, Wettbewerb und Vorschriften der Branche.<\/p>","protected":false},"author":1,"featured_media":64538,"parent":14514,"menu_order":314,"comment_status":"closed","ping_status":"closed","template":"","meta":{"footnotes":""},"class_list":["post-42840","page","type-page","status-publish","has-post-thumbnail"],"_links":{"self":[{"href":"https:\/\/www.sisinternational.com\/de\/wp-json\/wp\/v2\/pages\/42840","targetHints":{"allow":["GET"]}}],"collection":[{"href":"https:\/\/www.sisinternational.com\/de\/wp-json\/wp\/v2\/pages"}],"about":[{"href":"https:\/\/www.sisinternational.com\/de\/wp-json\/wp\/v2\/types\/page"}],"author":[{"embeddable":true,"href":"https:\/\/www.sisinternational.com\/de\/wp-json\/wp\/v2\/users\/1"}],"replies":[{"embeddable":true,"href":"https:\/\/www.sisinternational.com\/de\/wp-json\/wp\/v2\/comments?post=42840"}],"version-history":[{"count":8,"href":"https:\/\/www.sisinternational.com\/de\/wp-json\/wp\/v2\/pages\/42840\/revisions"}],"predecessor-version":[{"id":80639,"href":"https:\/\/www.sisinternational.com\/de\/wp-json\/wp\/v2\/pages\/42840\/revisions\/80639"}],"up":[{"embeddable":true,"href":"https:\/\/www.sisinternational.com\/de\/wp-json\/wp\/v2\/pages\/14514"}],"wp:featuredmedia":[{"embeddable":true,"href":"https:\/\/www.sisinternational.com\/de\/wp-json\/wp\/v2\/media\/64538"}],"wp:attachment":[{"href":"https:\/\/www.sisinternational.com\/de\/wp-json\/wp\/v2\/media?parent=42840"}],"curies":[{"name":"wp","href":"https:\/\/api.w.org\/{rel}","templated":true}]}}