{"id":42836,"date":"2023-05-08T13:15:26","date_gmt":"2023-05-08T17:15:26","guid":{"rendered":"https:\/\/www.sisinternational.com\/?page_id=42836"},"modified":"2026-01-27T15:19:56","modified_gmt":"2026-01-27T20:19:56","slug":"marktforschung-fur-salzige-snacks","status":"publish","type":"page","link":"https:\/\/www.sisinternational.com\/de\/sachverstand\/marktforschung-fur-salzige-snacks\/","title":{"rendered":"Marktforschung f\u00fcr salzige Snacks"},"content":{"rendered":"<h1 class=\"wp-block-heading\">Marktforschung f\u00fcr salzige Snacks<\/h1>\n\n\n\n<figure class=\"gb-block-image gb-block-image-e5c7f0ef\"><img loading=\"lazy\" decoding=\"async\" width=\"1456\" height=\"816\" class=\"gb-image gb-image-e5c7f0ef\" src=\"https:\/\/www.sisinternational.com\/wp-content\/uploads\/2025\/08\/Snacks-4.jpg\" alt=\"SIS International Marktforschung &amp; Strategie\" title=\"Snacks (4)\" srcset=\"https:\/\/www.sisinternational.com\/wp-content\/uploads\/2025\/08\/Snacks-4.jpg 1456w, https:\/\/www.sisinternational.com\/wp-content\/uploads\/2025\/08\/Snacks-4-300x168.jpg 300w, https:\/\/www.sisinternational.com\/wp-content\/uploads\/2025\/08\/Snacks-4-1024x574.jpg 1024w, https:\/\/www.sisinternational.com\/wp-content\/uploads\/2025\/08\/Snacks-4-768x430.jpg 768w, https:\/\/www.sisinternational.com\/wp-content\/uploads\/2025\/08\/Snacks-4-18x10.jpg 18w\" sizes=\"auto, (max-width: 1456px) 100vw, 1456px\"><\/figure>\n\n\n\n<p><\/p>\n\n\n\n<p>Bei der Marktforschung f\u00fcr salzige Snacks geht es um die Erfassung und Analyse von Informationen \u00fcber die Branche f\u00fcr salzige Snacks, wie Kundenpr\u00e4ferenzen, Markttrends, Aktivit\u00e4ten von Wettbewerbern und andere Aspekte, die sich auf die Branche auswirken k\u00f6nnen. Unternehmen k\u00f6nnen sich durch den Einsatz zahlreicher Forschungsmethoden ein umfassenderes und genaueres Verst\u00e4ndnis der Branche verschaffen, was dazu beitragen kann, Gesch\u00e4ftsentscheidungen zu beeinflussen und das Risiko kostspieliger Fehler zu verringern.<\/p>\n\n\n\n<h2 class=\"wp-block-heading\">Markt\u00fcbersicht<\/h2>\n\n\n\n<p>Der Markt f\u00fcr salzige Snacks ist eine \u00e4u\u00dferst wettbewerbsintensive und dynamische Branche, die von einer Kombination aus sich \u00e4ndernden Verbraucherpr\u00e4ferenzen, Innovationen und Marketingstrategien angetrieben wird. Dieser Markt besteht aus einer vielf\u00e4ltigen Palette von Produkten, die als Snacks konsumiert werden und typischerweise einen hohen Natrium- und Fettgehalt aufweisen. Diese Produkte sind zu einem festen Bestandteil des Alltags vieler Verbraucher geworden und stellen damit eine Schl\u00fcsselkomponente der gesamten Lebensmittelindustrie dar.<\/p>\n\n\n\n<h2 class=\"wp-block-heading\">Produkte im Markt f\u00fcr salzige Snacks<\/h2>\n\n\n\n<h3 class=\"wp-block-heading\">Verbraucher k\u00f6nnen aus verschiedenen Produkten der Salty Snacks-Industrie w\u00e4hlen. Zu den beliebtesten Artikeln z\u00e4hlen:<\/h3>\n\n\n\n<ul class=\"wp-block-list\">\n<li>Kartoffelchips sind d\u00fcnn geschnittene, knusprig frittierte Kartoffeln und sind in vielen Geschmacksrichtungen erh\u00e4ltlich, darunter Natur, gesalzen, Barbecue sowie mit Sauerrahm und Zwiebeln.<\/li>\n\n\n\n<li>Tortillachips werden meist mit Salsa, Guacamole oder K\u00e4sedip gegessen und aus Maistortillas hergestellt. Sie sind in verschiedenen Formen und Geschmacksrichtungen erh\u00e4ltlich.<\/li>\n\n\n\n<li>Popcorn ist eine Maissorte, die beim Erhitzen aufquillt und aufquillt. Es ist ein beliebter Snack, der in verschiedenen Geschmacksrichtungen wie Butter, K\u00e4se und Karamell angeboten wird.<\/li>\n\n\n\n<li>Brezeln sind gebackene Brotprodukte, die normalerweise eine knotenartige Struktur aufweisen und in verschiedenen Geschmacksrichtungen erh\u00e4ltlich sind, unter anderem gesalzen, Knoblauch und Honig-Senf.<\/li>\n\n\n\n<li>Cracker sind d\u00fcnne, knusprige Kekse, die haupts\u00e4chlich aus Mehl, Wasser und \u00d6l bestehen und in verschiedenen Sorten erh\u00e4ltlich sind, darunter Natur, K\u00e4se und Sesam.<\/li>\n\n\n\n<li>N\u00fcsse sind ein Lebensmittel, das viel Eiwei\u00df und gute Fette enth\u00e4lt. Zu diesen salzigen Snacks geh\u00f6ren Erdn\u00fcsse, Mandeln und Cashewn\u00fcsse.<\/li>\n<\/ul>\n\n\n\n<h2 class=\"wp-block-heading\">Methodik der Marktforschung<\/h2>\n\n\n\n<figure class=\"gb-block-image gb-block-image-1b681ca9\"><img loading=\"lazy\" decoding=\"async\" width=\"1456\" height=\"816\" class=\"gb-image gb-image-1b681ca9\" src=\"https:\/\/www.sisinternational.com\/wp-content\/uploads\/2025\/08\/Snacks-3.jpg\" alt=\"SIS International Marktforschung &amp; Strategie\" title=\"Snacks (3)\" srcset=\"https:\/\/www.sisinternational.com\/wp-content\/uploads\/2025\/08\/Snacks-3.jpg 1456w, https:\/\/www.sisinternational.com\/wp-content\/uploads\/2025\/08\/Snacks-3-300x168.jpg 300w, https:\/\/www.sisinternational.com\/wp-content\/uploads\/2025\/08\/Snacks-3-1024x574.jpg 1024w, https:\/\/www.sisinternational.com\/wp-content\/uploads\/2025\/08\/Snacks-3-768x430.jpg 768w, https:\/\/www.sisinternational.com\/wp-content\/uploads\/2025\/08\/Snacks-3-18x10.jpg 18w\" sizes=\"auto, (max-width: 1456px) 100vw, 1456px\"><\/figure>\n\n\n\n<p><\/p>\n\n\n\n<p>Using various methods to perform Salty <a class=\"wpil_keyword_link\" href=\"https:\/\/www.sisinternational.com\/de\/sachverstand\/branchen\/snacks-marktforschung\/\"   title=\"Snacks Marktforschung\" data-wpil-keyword-link=\"linked\"  data-wpil-monitor-id=\"346\">Snacks Marktforschung<\/a> provides insights into a more comprehensive and precise market overview. Each research method has advantages and disadvantages, and combining techniques can help overcome any single approach&#8217;s limitations.<\/p>\n\n\n\n<h3 class=\"wp-block-heading\">Hier sind einige Beispiele f\u00fcr Forschungsmethoden, die zum Sammeln von Daten und Strategien in der Marktforschung f\u00fcr salzige Snacks verwendet werden:<\/h3>\n\n\n\n<p><strong>Quantitative Forschungsmethoden<\/strong><\/p>\n\n\n\n<ul class=\"wp-block-list\">\n<li>Mithilfe quantitativer Forschungsmethoden k\u00f6nnen Umfragen gro\u00dfe Datenmengen aus einer Stichprobe der Zielbev\u00f6lkerung sammeln. Ein Hersteller von salzigen Snacks k\u00f6nnte beispielsweise eine Umfrage durchf\u00fchren, um mehr \u00fcber die Vorlieben der Verbraucher zu erfahren, wie etwa bevorzugte Geschmacksrichtungen, Verpackungen und Preise.<\/li>\n\n\n\n<li>Die Umsatzprognose ist eine quantitative Forschungsstrategie, die historische Daten und statistische Modelle verwendet, um zuk\u00fcnftige Ums\u00e4tze vorherzusagen. Ein Hersteller von salzigen Snacks k\u00f6nnte die Umsatzprognose nutzen, um die Nachfrage nach einem neuen Produkt vorherzusagen.<\/li>\n\n\n\n<li>Quantitative Daten zu Kundeneinstellungen und -verhalten k\u00f6nnen durch Social-Media-Analysen gesammelt werden. Ein Unternehmen k\u00f6nnte beispielsweise Social-Media-Analysen nutzen, um die Anzahl der Erw\u00e4hnungen und die positive oder negative Stimmung gegen\u00fcber seiner Marke oder seinen Produkten zu verfolgen.<\/li>\n\n\n\n<li>Mithilfe von Experimenten k\u00f6nnen Hypothesen getestet und die Auswirkungen verschiedener Variablen auf das Verbraucherverhalten beurteilt werden. Unternehmen k\u00f6nnen Experimente durchf\u00fchren, um zu sehen, wie sich das Verpackungsdesign auf die Kaufentscheidungen der Verbraucher auswirkt.<\/li>\n<\/ul>\n\n\n\n<p><strong>Qualitative Forschungsmethoden<\/strong><\/p>\n\n\n\n<ul class=\"wp-block-list\">\n<li>Bei ausf\u00fchrlichen Interviews handelt es sich um Einzelinterviews mit Verbrauchern, um umfassende Einblicke in ihre \u00dcberzeugungen und Verhaltensweisen zu erhalten. Unternehmen k\u00f6nnen ausf\u00fchrliche Interviews mit Verbrauchern f\u00fchren, um mehr \u00fcber ihre Essgewohnheiten und Vorlieben zu erfahren.<\/li>\n\n\n\n<li>Qualitative Daten zu Kundenpr\u00e4ferenzen und -verhalten k\u00f6nnen \u00fcber Online-Foren und -Communitys gesammelt werden. Ein Hersteller von salzigen Snacks kann beispielsweise Internetforen und -Communitys beobachten, um Erkenntnisse \u00fcber die Einstellung der Verbraucher zu seinen Produkten zu gewinnen oder neue Trends zu erkennen.<\/li>\n\n\n\n<li>Bei der In-Store-Beobachtung werden Kunden im Einzelhandel beobachtet, um qualitative Daten zu ihrem Verhalten und ihren Vorlieben zu erhalten. Ein Unternehmen k\u00f6nnte beispielsweise In-Store-Beobachtungen durchf\u00fchren, um besser zu verstehen, wie Kunden mit seinen Produkten umgehen, und um Bereiche zu identifizieren, in denen Verbesserungen m\u00f6glich sind.<\/li>\n\n\n\n<li>Bei der ethnografischen Forschung geht es darum, Verbraucher in ihrem nat\u00fcrlichen Umfeld zu beobachten und mit ihnen zu interagieren, um mehr \u00fcber ihr Verhalten und ihre Vorlieben zu erfahren. Ein Hersteller salziger Snacks k\u00f6nnte ethnografische Forschung betreiben, indem er Verbraucher in einem Convenience-Store beobachtet, um zu sehen, wie sie Kaufentscheidungen f\u00fcr salzige Snacks treffen.<\/li>\n<\/ul>\n\n\n\n<p>Combining these methods can help to triangulate the findings and provide a more nuanced understanding of the market. Additionally, using multiple methods can help validate the findings and ensure the data and strategies in <a href=\"https:\/\/www.sisinternational.com\/de\/alternative-forschungsmethoden-und-hausbesuche\/\" title=\"Alternative Forschungsmethoden und Hausbesuche\u00a0\"  data-wpil-monitor-id=\"853\">Marktforschung f\u00fcr salzige Snacks<\/a> are reliable and accurate.<\/p>\n\n\n\n<h2 class=\"wp-block-heading\">Wer muss die Marktforschung zu salzigen Snacks durchf\u00fchren?<\/h2>\n\n\n\n<figure class=\"gb-block-image gb-block-image-3d53b0ae\"><img loading=\"lazy\" decoding=\"async\" width=\"1456\" height=\"816\" class=\"gb-image gb-image-3d53b0ae\" src=\"https:\/\/www.sisinternational.com\/wp-content\/uploads\/2025\/08\/Snacks-1.jpg\" alt=\"SIS International Marktforschung &amp; Strategie\" title=\"Snacks (1)\" srcset=\"https:\/\/www.sisinternational.com\/wp-content\/uploads\/2025\/08\/Snacks-1.jpg 1456w, https:\/\/www.sisinternational.com\/wp-content\/uploads\/2025\/08\/Snacks-1-300x168.jpg 300w, https:\/\/www.sisinternational.com\/wp-content\/uploads\/2025\/08\/Snacks-1-1024x574.jpg 1024w, https:\/\/www.sisinternational.com\/wp-content\/uploads\/2025\/08\/Snacks-1-768x430.jpg 768w, https:\/\/www.sisinternational.com\/wp-content\/uploads\/2025\/08\/Snacks-1-18x10.jpg 18w\" sizes=\"auto, (max-width: 1456px) 100vw, 1456px\"><\/figure>\n\n\n\n<ul class=\"wp-block-list\">\n<li>Hersteller und Produzenten salziger Snackprodukte, die den Geschmack der Verbraucher und die Markttrends verstehen m\u00fcssen, um neue Produkte zu entwickeln und bestehende zu verbessern.<\/li>\n\n\n\n<li>Durch Marktforschung erhalten Gro\u00df- und Einzelh\u00e4ndler von salzigen Snackprodukten Einblicke in die Nachfrage nach unterschiedlichen Snacksorten und k\u00f6nnen so ihre Lagerbest\u00e4nde und Preisstrategien optimieren.<\/li>\n\n\n\n<li>Marketing- und Werbefirmen, die salzige Snacks vermarkten, m\u00fcssen das Verhalten und den Geschmack der Verbraucher verstehen, um wirksame Kampagnen zu entwickeln.<\/li>\n\n\n\n<li>Packaging firms that build packaging for <a href=\"https:\/\/www.sisinternational.com\/de\/losungen\/strategieberatung\/techniken-zur-lead-generierung\/\" title=\"Unternehmen zur Lead-Generierung\"  data-wpil-monitor-id=\"6754\">salty snack<\/a> goods must understand consumer preferences and industry trends in order to generate new and appealing packaging designs.<\/li>\n\n\n\n<li>Lieferanten von Rohstoffen und Zutaten f\u00fcr salzige Snackprodukte, die die Nachfrage und Preise f\u00fcr verschiedene Arten von Komponenten bewerten m\u00fcssen, um ihre Lieferkette zu verbessern.<\/li>\n\n\n\n<li>Regulierungsbeh\u00f6rden, die f\u00fcr die Sicherheit und Kennzeichnung salziger Snackprodukte zust\u00e4ndig sind, m\u00fcssen die Branchenpraktiken und Verbrauchertrends verstehen, um entsprechende Vorschriften und Standards formulieren zu k\u00f6nnen.<\/li>\n\n\n\n<li>Investoren und Aktion\u00e4re im Gesch\u00e4ft mit salzigen Snacks, die durch das Verst\u00e4ndnis von Markttrends und Verbraucherverhalten fundierte Anlageentscheidungen treffen m\u00f6chten.<\/li>\n<\/ul>\n\n\n\n<h2 class=\"wp-block-heading\">\u00dcber Salty Snacks Market Research<\/h2>\n\n\n\n<p>Conducting Salty Snacks Market Research can provide numerous advantages to businesses in the industry. Companies can produce goods that better match the needs of their target market by acquiring a better understanding of consumer preferences and behavior. Data and <a href=\"https:\/\/www.sisinternational.com\/de\/so-konnen-sie-ihr-geschaft-ausbauen\/\" title=\"So k\u00f6nnen Sie Ihr Gesch\u00e4ft ausbauen\"  data-wpil-monitor-id=\"7272\">strategies in salty snacks market research<\/a> can also assist businesses in identifying new trends and staying ahead of the competition. Furthermore, market research can guide pricing and marketing strategies, allowing businesses to maximize sales and profits.<\/p>\n\n\n\n<p>In der heutigen hart umk\u00e4mpften Gesch\u00e4ftswelt ist es f\u00fcr Unternehmen von entscheidender Bedeutung, an der Spitze zu bleiben und schnell auf Marktver\u00e4nderungen zu reagieren. Die Marktforschung f\u00fcr salzige Snacks bietet Erkenntnisse, die Unternehmen dabei helfen k\u00f6nnen. Durch Marktforschung k\u00f6nnen Unternehmen die Bed\u00fcrfnisse und Vorlieben der Verbraucher besser verstehen und ihre Produkte und Dienstleistungen entsprechend anpassen.<\/p>","protected":false},"excerpt":{"rendered":"<p>Wir analysieren Kundenpr\u00e4ferenzen, Markttrends und Aktivit\u00e4ten der Konkurrenz, um Marktforschung im Bereich salzige Snacks zu betreiben.<\/p>","protected":false},"author":1,"featured_media":63861,"parent":14514,"menu_order":313,"comment_status":"closed","ping_status":"closed","template":"","meta":{"footnotes":""},"class_list":["post-42836","page","type-page","status-publish","has-post-thumbnail"],"_links":{"self":[{"href":"https:\/\/www.sisinternational.com\/de\/wp-json\/wp\/v2\/pages\/42836","targetHints":{"allow":["GET"]}}],"collection":[{"href":"https:\/\/www.sisinternational.com\/de\/wp-json\/wp\/v2\/pages"}],"about":[{"href":"https:\/\/www.sisinternational.com\/de\/wp-json\/wp\/v2\/types\/page"}],"author":[{"embeddable":true,"href":"https:\/\/www.sisinternational.com\/de\/wp-json\/wp\/v2\/users\/1"}],"replies":[{"embeddable":true,"href":"https:\/\/www.sisinternational.com\/de\/wp-json\/wp\/v2\/comments?post=42836"}],"version-history":[{"count":7,"href":"https:\/\/www.sisinternational.com\/de\/wp-json\/wp\/v2\/pages\/42836\/revisions"}],"predecessor-version":[{"id":80919,"href":"https:\/\/www.sisinternational.com\/de\/wp-json\/wp\/v2\/pages\/42836\/revisions\/80919"}],"up":[{"embeddable":true,"href":"https:\/\/www.sisinternational.com\/de\/wp-json\/wp\/v2\/pages\/14514"}],"wp:featuredmedia":[{"embeddable":true,"href":"https:\/\/www.sisinternational.com\/de\/wp-json\/wp\/v2\/media\/63861"}],"wp:attachment":[{"href":"https:\/\/www.sisinternational.com\/de\/wp-json\/wp\/v2\/media?parent=42836"}],"curies":[{"name":"wp","href":"https:\/\/api.w.org\/{rel}","templated":true}]}}