{"id":42833,"date":"2023-05-08T12:54:20","date_gmt":"2023-05-08T16:54:20","guid":{"rendered":"https:\/\/www.sisinternational.com\/?page_id=42833"},"modified":"2026-01-27T15:25:52","modified_gmt":"2026-01-27T20:25:52","slug":"marktforschung-fur-gebratenes-huhnchen","status":"publish","type":"page","link":"https:\/\/www.sisinternational.com\/de\/sachverstand\/marktforschung-fur-gebratenes-huhnchen\/","title":{"rendered":"Marktforschung f\u00fcr Brath\u00e4hnchen"},"content":{"rendered":"<h1 class=\"wp-block-heading\">Marktforschung f\u00fcr Brath\u00e4hnchen<\/h1>\n\n\n\n<figure class=\"gb-block-image gb-block-image-448d0dfe\"><img loading=\"lazy\" decoding=\"async\" width=\"1456\" height=\"816\" class=\"gb-image gb-image-448d0dfe\" src=\"https:\/\/www.sisinternational.com\/wp-content\/uploads\/2025\/08\/Fried-chicken-2.jpg\" alt=\"SIS International Marktforschung &amp; Strategie\" title=\"Fried chicken (2)\" srcset=\"https:\/\/www.sisinternational.com\/wp-content\/uploads\/2025\/08\/Fried-chicken-2.jpg 1456w, https:\/\/www.sisinternational.com\/wp-content\/uploads\/2025\/08\/Fried-chicken-2-300x168.jpg 300w, https:\/\/www.sisinternational.com\/wp-content\/uploads\/2025\/08\/Fried-chicken-2-1024x574.jpg 1024w, https:\/\/www.sisinternational.com\/wp-content\/uploads\/2025\/08\/Fried-chicken-2-768x430.jpg 768w, https:\/\/www.sisinternational.com\/wp-content\/uploads\/2025\/08\/Fried-chicken-2-18x10.jpg 18w\" sizes=\"auto, (max-width: 1456px) 100vw, 1456px\"><\/figure>\n\n\n\n<p><\/p>\n\n\n\n<p>Bei der Marktforschung f\u00fcr Brath\u00e4hnchen handelt es sich um eine besondere Art der Marktforschung, bei der Daten und Erkenntnisse zu Kundenpr\u00e4ferenzen, Gewohnheiten und Trends auf dem Brath\u00e4hnchenmarkt gesammelt werden, um Unternehmen bei ihren Entscheidungen hinsichtlich der Produktentwicklung, Marketingstrategien und allgemeinen Marktpositionierung zu unterst\u00fctzen.<\/p>\n\n\n\n<p>Gebratenes H\u00fchnchen ist ein beliebtes Gericht, das seit Generationen von vielen Menschen genossen wird. Es ist ein Gericht, das in Restaurants, Fast-Food-Ketten und sogar in Privatk\u00fcchen zu finden ist. Der Markt f\u00fcr gebratenes H\u00fchnchen hat in den letzten Jahren ein enormes Wachstum erlebt, da die Verbraucher mehr Optionen und Sorten von gebratenem H\u00fchnchen verlangen. Der Markt f\u00fcr gebratenes H\u00fchnchen hat auch von der Popularit\u00e4t von Fast-Food-Ketten und der Bequemlichkeit, die sie bieten, profitiert.<\/p>\n\n\n\n<h2 class=\"wp-block-heading\">Marktsegment<\/h2>\n\n\n\n<p>Der Markt f\u00fcr Brath\u00e4hnchen kann nach Produkttyp, Vertriebskanal und Region segmentiert werden. Basierend auf dem Produkttyp kann der Markt in Originalrezept, scharf und w\u00fcrzig und andere eingeteilt werden. Das Originalrezept ist die beliebteste Art von Brath\u00e4hnchen. Scharf und w\u00fcrzig ist die zweitbeliebteste Art von Brath\u00e4hnchen.<\/p>\n\n\n\n<p>Basierend auf dem Vertriebskanal kann der Markt f\u00fcr Brath\u00e4hnchen in Schnellrestaurants (QSRs), Full-Service-Restaurants und andere unterteilt werden. Fastfood-Restaurants machen den gr\u00f6\u00dften Marktanteil aus, gefolgt von Full-Service-Restaurants.<\/p>\n\n\n\n<p><strong>Produktangebote<\/strong><\/p>\n\n\n\n<p>Der Markt f\u00fcr gebratenes H\u00fchnchen bietet eine Vielzahl von Produkten, darunter Chicken Wings, Chicken Tenders, Chicken Sandwiches und mehr. Chicken Wings sind das beliebteste Produkt, gefolgt von Chicken Tenders. Auch gebratene H\u00fchnchensandwiches werden immer beliebter, da viele Fast-Food-Ketten neue und innovative Sandwiches in ihre Speisekarten aufnehmen.<\/p>\n\n\n\n<h2 class=\"wp-block-heading\">Treiber der Marktforschung f\u00fcr gebratenes H\u00fchnchen<\/h2>\n\n\n\n<figure class=\"gb-block-image gb-block-image-c2d4c4fe\"><img loading=\"lazy\" decoding=\"async\" width=\"1456\" height=\"816\" class=\"gb-image gb-image-c2d4c4fe\" src=\"https:\/\/www.sisinternational.com\/wp-content\/uploads\/2025\/08\/Fried-chicken-4.jpg\" alt=\"SIS International Marktforschung &amp; Strategie\" title=\"Fried chicken (4)\" srcset=\"https:\/\/www.sisinternational.com\/wp-content\/uploads\/2025\/08\/Fried-chicken-4.jpg 1456w, https:\/\/www.sisinternational.com\/wp-content\/uploads\/2025\/08\/Fried-chicken-4-300x168.jpg 300w, https:\/\/www.sisinternational.com\/wp-content\/uploads\/2025\/08\/Fried-chicken-4-1024x574.jpg 1024w, https:\/\/www.sisinternational.com\/wp-content\/uploads\/2025\/08\/Fried-chicken-4-768x430.jpg 768w, https:\/\/www.sisinternational.com\/wp-content\/uploads\/2025\/08\/Fried-chicken-4-18x10.jpg 18w\" sizes=\"auto, (max-width: 1456px) 100vw, 1456px\"><\/figure>\n\n\n\n<p><\/p>\n\n\n\n<h3 class=\"wp-block-heading\">Die Marktforschung f\u00fcr Brath\u00e4hnchen liefert Einblicke in die zahlreichen Faktoren, die das Wachstum der Branche beeinflussen. Dazu geh\u00f6ren die folgenden:<\/h3>\n\n\n\n<ul class=\"wp-block-list\">\n<li>Verbraucher sind auf der Suche nach praktischeren und leicht zu verzehrenden Lebensmitteln, und gebratenes H\u00fchnchen erf\u00fcllt diese Anforderung.<\/li>\n\n\n\n<li>Angesichts des steigenden verf\u00fcgbaren Einkommens sind die Verbraucher bereit, mehr f\u00fcr Lebensmittel auszugeben, was zu einem Wachstum des Marktes f\u00fcr Brath\u00e4hnchen gef\u00fchrt hat.<\/li>\n\n\n\n<li>Der Markt f\u00fcr Brath\u00e4hnchen ist hart umk\u00e4mpft und die Unternehmen entwickeln st\u00e4ndig Neuerungen, um Kunden anzulocken.<\/li>\n\n\n\n<li>Viele Fast-Food-Ketten haben neue und innovative Produkte in ihre Speisekarten aufgenommen, beispielsweise H\u00fchnchensandwiches mit einzigartigen Bel\u00e4gen und Saucen.<\/li>\n<\/ul>\n\n\n\n<p>Da der Markt weiter w\u00e4chst, erwarten wir die Einf\u00fchrung neuer und innovativer Produkte, um den ver\u00e4nderten Bed\u00fcrfnissen der Verbraucher gerecht zu werden.<\/p>\n\n\n\n<h2 class=\"wp-block-heading\">Methodik der Marktforschung<\/h2>\n\n\n\n<p><strong>Quantitative Forschungsmethoden<\/strong><\/p>\n\n\n\n<p>Quantitative research is about collecting and analyzing numerical data. This type of research typically involves surveys, experiments, or the analysis of large datasets to identify trends and patterns. Quantitative research is beneficial for <a href=\"https:\/\/www.sisinternational.com\/de\/sachverstand\/branchen\/nudeln-marktforschung\/\" title=\"Marktforschung f\u00fcr Nudeln\"  data-wpil-monitor-id=\"3047\">market<\/a> research as it allows businesses to collect large amounts of data quickly and efficiently, which can help them make data-driven decisions about their product offerings, pricing, and marketing strategies.<\/p>\n\n\n\n<p><strong>Nachfolgend einige Beispiele:<\/strong><\/p>\n\n\n\n<p>Auf dem Markt f\u00fcr Brath\u00e4hnchen kann eine Umfrage durchgef\u00fchrt werden, um die H\u00e4ufigkeit des Konsums, bevorzugte Marken, Geschmacksvorlieben, Preissensibilit\u00e4t und andere Faktoren zu ermitteln, die die Kaufentscheidung der Verbraucher beeinflussen. Beispielsweise kann eine Umfrage unter Verbrauchern in einer bestimmten Stadt oder Region durchgef\u00fchrt werden, um ihre Konsumgewohnheiten f\u00fcr Brath\u00e4hnchen zu verstehen.<\/p>\n\n\n\n<p>Mithilfe der Analyse von Verkaufsdaten k\u00f6nnen Unternehmen das Verkaufsvolumen, den Umsatz und die Rentabilit\u00e4t verschiedener Produkte, Marken und Standorte ermitteln. Mithilfe der Analyse von Verkaufsdaten k\u00f6nnen Unternehmen die meistverkauften H\u00e4hnchenprodukte und die beliebteste Tageszeit oder den beliebtesten Wochentag f\u00fcr den Verkauf von H\u00e4hnchen ermitteln.<\/p>\n\n\n\n<p>Mithilfe experimenteller Forschung kann der Einfluss verschiedener Faktoren wie Preis, Verpackung und Werbung auf das Verbraucherverhalten untersucht werden. Ein Experiment kann durchgef\u00fchrt werden, um zu verstehen, wie Verbraucher auf unterschiedliche Preisstrategien f\u00fcr Brath\u00e4hnchenprodukte reagieren.<\/p>\n\n\n\n<p><strong>Qualitative Forschungsmethoden<\/strong><\/p>\n\n\n\n<p>Qualitative research is a method that involves collecting and analyzing non-numerical data, such as personal experiences, opinions, and attitudes. Qualitative research is beneficial for <a href=\"https:\/\/www.sisinternational.com\/de\/sachverstand\/branchen\/kunststoff-marktforschung\/\" title=\"Kunststoffmarktforschung\"  data-wpil-monitor-id=\"3079\">market<\/a> research as it allows businesses to gain a deeper understanding of consumer preferences and attitudes, which can inform their product development and marketing strategies. Below are some examples:<\/p>\n\n\n\n<ul class=\"wp-block-list\">\n<li>Fokusgruppen k\u00f6nnen eingesetzt werden, um die Vorlieben, Wahrnehmungen und Einstellungen der Verbraucher gegen\u00fcber frittierten H\u00e4hnchenprodukten zu verstehen. Beispielsweise kann eine Fokusgruppe durchgef\u00fchrt werden, um herauszufinden, warum Verbraucher bestimmte Arten von frittiertem H\u00e4hnchen bevorzugen, beispielsweise scharf oder mild.<\/li>\n\n\n\n<li>Daten und Strategien f\u00fcr die Marktforschung zu Brath\u00e4hnchen k\u00f6nnen durch Interviews gesammelt werden. In ausf\u00fchrlichen Interviews k\u00f6nnen die Vorlieben von Konsumenten, die h\u00e4ufig Brath\u00e4hnchen essen, besser verstanden werden. Diese Interviews k\u00f6nnen mit Konsumenten durchgef\u00fchrt werden, die mehr als einmal pro Woche Brath\u00e4hnchen kaufen, um herauszufinden, warum sie Brath\u00e4hnchen anderen Lebensmitteln vorziehen.<\/li>\n\n\n\n<li>Durch Beobachtung l\u00e4sst sich verstehen, wie Verbraucher in Restaurants oder Fast-Food-Ketten mit Brath\u00e4hnchenprodukten interagieren.<\/li>\n\n\n\n<li>In einer Fast-Food-Kette k\u00f6nnen Beobachtungen durchgef\u00fchrt werden, um herauszufinden, wie Kunden ihre H\u00fchnchenprodukte ausw\u00e4hlen, ob sie bestimmte So\u00dfen oder Beilagen bevorzugen und wie sie ihr H\u00fchnchen verzehren.<\/li>\n<\/ul>\n\n\n\n<h2 class=\"wp-block-heading\">Vorteile<\/h2>\n\n\n\n<figure class=\"gb-block-image gb-block-image-4def258f\"><img loading=\"lazy\" decoding=\"async\" width=\"1456\" height=\"816\" class=\"gb-image gb-image-4def258f\" src=\"https:\/\/www.sisinternational.com\/wp-content\/uploads\/2025\/08\/Fried-chicken-1.jpg\" alt=\"SIS International Marktforschung &amp; Strategie\" title=\"Fried chicken (1)\" srcset=\"https:\/\/www.sisinternational.com\/wp-content\/uploads\/2025\/08\/Fried-chicken-1.jpg 1456w, https:\/\/www.sisinternational.com\/wp-content\/uploads\/2025\/08\/Fried-chicken-1-300x168.jpg 300w, https:\/\/www.sisinternational.com\/wp-content\/uploads\/2025\/08\/Fried-chicken-1-1024x574.jpg 1024w, https:\/\/www.sisinternational.com\/wp-content\/uploads\/2025\/08\/Fried-chicken-1-768x430.jpg 768w, https:\/\/www.sisinternational.com\/wp-content\/uploads\/2025\/08\/Fried-chicken-1-18x10.jpg 18w\" sizes=\"auto, (max-width: 1456px) 100vw, 1456px\"><\/figure>\n\n\n\n<p><\/p>\n\n\n\n<h3 class=\"wp-block-heading\">Hier sind zehn Hauptgr\u00fcnde, warum jeder, der in der H\u00fchnerindustrie t\u00e4tig ist, eine Marktforschung zum Thema Brath\u00e4hnchen durchf\u00fchren sollte:<\/h3>\n\n\n\n<ul class=\"wp-block-list\">\n<li>Market research provides insights into current <a href=\"https:\/\/www.sisinternational.com\/de\/koreanische-pop-marktforschung-k-pop\/\" title=\"Koreanische Pop-Marktforschung | K-Pop\"  data-wpil-monitor-id=\"2645\">fried chicken market trends and consumer<\/a> preferences.<\/li>\n\n\n\n<li>Erkennen Sie Ihre Konkurrenten und wie diese ihre Brath\u00e4hnchen-Angebote pr\u00e4sentieren.<\/li>\n\n\n\n<li>Entdecken Sie, welche Marketingmethoden f\u00fcr die Werbung f\u00fcr Brath\u00e4hnchenprodukte am effizientesten sind.<\/li>\n\n\n\n<li>Finden Sie heraus, welche Wachstumsaussichten im Brath\u00e4hnchensektor bestehen.<\/li>\n\n\n\n<li>Finden Sie heraus, welche H\u00e4hnchenprodukte am beliebtesten sind und warum.<\/li>\n\n\n\n<li>Data and <a href=\"https:\/\/www.sisinternational.com\/de\/so-konnen-sie-ihr-geschaft-ausbauen\/\" title=\"So k\u00f6nnen Sie Ihr Gesch\u00e4ft ausbauen\"  data-wpil-monitor-id=\"7275\">strategies in fried chicken market research<\/a> can help determine potential hurdles when getting into the fried chicken business.<\/li>\n\n\n\n<li>Finden Sie die effektivsten Vertriebswege f\u00fcr den Verkauf von Brath\u00e4hnchenprodukten.<\/li>\n\n\n\n<li>Verstehen Sie, wie sich neue Technologien und Innovationen auf den Markt f\u00fcr Brath\u00e4hnchen auswirken.<\/li>\n\n\n\n<li>Entwickeln Sie Strategien zur Optimierung des Produktangebots, um den Bed\u00fcrfnissen der Verbraucher besser gerecht zu werden.<\/li>\n\n\n\n<li>Informieren Sie sich \u00fcber m\u00f6gliche Gefahren und Herausforderungen f\u00fcr den Brath\u00e4hnchenmarkt, wie etwa Bedenken hinsichtlich der Lebensmittelsicherheit oder regulatorische \u00c4nderungen.<\/li>\n<\/ul>\n\n\n\n<h2 class=\"wp-block-heading\">\u00dcber Fried Chicken Market Research<\/h2>\n\n\n\n<figure class=\"gb-block-image gb-block-image-3abecc54\"><img loading=\"lazy\" decoding=\"async\" width=\"1456\" height=\"816\" class=\"gb-image gb-image-3abecc54\" src=\"https:\/\/www.sisinternational.com\/wp-content\/uploads\/2025\/08\/Fried-chicken-5.jpg\" alt=\"SIS International Marktforschung &amp; Strategie\" title=\"Fried chicken (5)\" srcset=\"https:\/\/www.sisinternational.com\/wp-content\/uploads\/2025\/08\/Fried-chicken-5.jpg 1456w, https:\/\/www.sisinternational.com\/wp-content\/uploads\/2025\/08\/Fried-chicken-5-300x168.jpg 300w, https:\/\/www.sisinternational.com\/wp-content\/uploads\/2025\/08\/Fried-chicken-5-1024x574.jpg 1024w, https:\/\/www.sisinternational.com\/wp-content\/uploads\/2025\/08\/Fried-chicken-5-768x430.jpg 768w, https:\/\/www.sisinternational.com\/wp-content\/uploads\/2025\/08\/Fried-chicken-5-18x10.jpg 18w\" sizes=\"auto, (max-width: 1456px) 100vw, 1456px\"><\/figure>\n\n\n\n<p><\/p>\n\n\n\n<p>Marktforschung f\u00fcr Brath\u00e4hnchen liefert Erkenntnisse und ist ein wichtiges Instrument f\u00fcr Unternehmen in der Branche, um die Bed\u00fcrfnisse, Vorlieben und Verhaltensweisen der Verbraucher besser zu verstehen. Durch die Durchf\u00fchrung von Forschung k\u00f6nnen Unternehmen aktuelle Trends auf dem Markt erkennen, gezielte Marketingstrategien entwickeln, neue Produkte entwickeln und fundierte Entscheidungen \u00fcber Preisgestaltung und Lieferkettenmanagement treffen.<\/p>\n\n\n\n<p>Quantitative research methods, such as surveys and sales data analysis, can provide valuable insights into consumer behavior, while qualitative research methods, such as focus groups and in-depth interviews, can help businesses&#8217; data and <a href=\"https:\/\/www.sisinternational.com\/de\/mehrere-wahlergruppen-indirekte-einflussnehmer-bei-verbraucherkaufen\/\" title=\"Mehrere Einflussfaktoren beim Verbrauchereinkauf\"  data-wpil-monitor-id=\"7375\">strategies in fried chicken market research<\/a> and gain a deeper understanding of consumer motivations and attitudes. Ultimately, businesses can better position themselves to meet the needs of their customers, improve their bottom line, and stay competitive in a rapidly evolving industry.<\/p>","protected":false},"excerpt":{"rendered":"<p>Der Markt f\u00fcr Brath\u00e4hnchen hat in den letzten Jahren ein enormes Wachstum erlebt, da die Verbraucher eine gr\u00f6\u00dfere Auswahl und Vielfalt an Brath\u00e4hnchen fordern.<\/p>","protected":false},"author":1,"featured_media":63823,"parent":14514,"menu_order":312,"comment_status":"closed","ping_status":"closed","template":"","meta":{"footnotes":""},"class_list":["post-42833","page","type-page","status-publish","has-post-thumbnail"],"_links":{"self":[{"href":"https:\/\/www.sisinternational.com\/de\/wp-json\/wp\/v2\/pages\/42833","targetHints":{"allow":["GET"]}}],"collection":[{"href":"https:\/\/www.sisinternational.com\/de\/wp-json\/wp\/v2\/pages"}],"about":[{"href":"https:\/\/www.sisinternational.com\/de\/wp-json\/wp\/v2\/types\/page"}],"author":[{"embeddable":true,"href":"https:\/\/www.sisinternational.com\/de\/wp-json\/wp\/v2\/users\/1"}],"replies":[{"embeddable":true,"href":"https:\/\/www.sisinternational.com\/de\/wp-json\/wp\/v2\/comments?post=42833"}],"version-history":[{"count":8,"href":"https:\/\/www.sisinternational.com\/de\/wp-json\/wp\/v2\/pages\/42833\/revisions"}],"predecessor-version":[{"id":81019,"href":"https:\/\/www.sisinternational.com\/de\/wp-json\/wp\/v2\/pages\/42833\/revisions\/81019"}],"up":[{"embeddable":true,"href":"https:\/\/www.sisinternational.com\/de\/wp-json\/wp\/v2\/pages\/14514"}],"wp:featuredmedia":[{"embeddable":true,"href":"https:\/\/www.sisinternational.com\/de\/wp-json\/wp\/v2\/media\/63823"}],"wp:attachment":[{"href":"https:\/\/www.sisinternational.com\/de\/wp-json\/wp\/v2\/media?parent=42833"}],"curies":[{"name":"wp","href":"https:\/\/api.w.org\/{rel}","templated":true}]}}