{"id":42701,"date":"2023-05-03T21:54:13","date_gmt":"2023-05-04T01:54:13","guid":{"rendered":"https:\/\/www.sisinternational.com\/?page_id=42701"},"modified":"2026-01-27T15:22:06","modified_gmt":"2026-01-27T20:22:06","slug":"triaden-vs-fokusgruppen-marktforschung","status":"publish","type":"page","link":"https:\/\/www.sisinternational.com\/de\/sachverstand\/triaden-vs-fokusgruppen-marktforschung\/","title":{"rendered":"Triaden vs. Fokusgruppen Marktforschung"},"content":{"rendered":"<h1 class=\"wp-block-heading\">Triaden vs. Fokusgruppen Marktforschung<\/h1>\n\n\n\n<figure class=\"gb-block-image gb-block-image-c917177e\"><img loading=\"lazy\" decoding=\"async\" width=\"1456\" height=\"816\" class=\"gb-image gb-image-c917177e\" src=\"https:\/\/www.sisinternational.com\/wp-content\/uploads\/2025\/09\/Focus-group-recruitment-13.jpg\" alt=\"SIS International Marktforschung &amp; Strategie\" title=\"Focus group recruitment (13)\" srcset=\"https:\/\/www.sisinternational.com\/wp-content\/uploads\/2025\/09\/Focus-group-recruitment-13.jpg 1456w, https:\/\/www.sisinternational.com\/wp-content\/uploads\/2025\/09\/Focus-group-recruitment-13-300x168.jpg 300w, https:\/\/www.sisinternational.com\/wp-content\/uploads\/2025\/09\/Focus-group-recruitment-13-1024x574.jpg 1024w, https:\/\/www.sisinternational.com\/wp-content\/uploads\/2025\/09\/Focus-group-recruitment-13-768x430.jpg 768w, https:\/\/www.sisinternational.com\/wp-content\/uploads\/2025\/09\/Focus-group-recruitment-13-18x10.jpg 18w\" sizes=\"auto, (max-width: 1456px) 100vw, 1456px\"><\/figure>\n\n\n\n<p><\/p>\n\n\n\n<p>Das Verbraucherverhalten zu verstehen ist entscheidend, bevor ein Produkt oder eine Dienstleistung auf den Markt gebracht wird. Der Unterschied zwischen pr\u00e4zisen und ungenauen Ergebnissen liegt jedoch in der Wahl einer geeigneten Forschungsmethode. Um durch qualitative Forschungsmethoden Einblicke in die Einstellungen und Meinungen der Verbraucher zu gewinnen, greifen Forscher h\u00e4ufig auf beliebte Techniken wie Triaden oder Fokusgruppen zur\u00fcck, und beide Methoden haben ihre eigenen Vor- und Nachteile. Daher h\u00e4ngt die Entscheidung zwischen Marktforschung mit Triaden oder Fokusgruppen weitgehend von den Forschungszielen und dem verf\u00fcgbaren Budget ab.<\/p>\n\n\n\n<h2 class=\"wp-block-heading\">Triaden vs. Fokusgruppen Marktforschung: Ein \u00dcberblick<\/h2>\n\n\n\n<p>Um Erkenntnisse aus kleinen Teilnehmergruppen zu gewinnen, wenden Forscher h\u00e4ufig entweder Triaden- oder Fokusgruppenmethoden an. Beide weisen jedoch einige Unterschiede auf, die sie f\u00fcr bestimmte Situationen n\u00fctzlicher machen. Einige davon sind die folgenden:<\/p>\n\n\n\n<h3 class=\"wp-block-heading\">Dreikl\u00e4nge:<\/h3>\n\n\n\n<p>Bei der Verwendung von Triaden in der qualitativen Forschung diskutieren drei Personen unter professioneller Moderation \u00fcber bestimmte Themen.<\/p>\n\n\n\n<p>In Dreiergruppen ist es einfacher, tiefer in die besprochenen Themen einzutauchen, denn eine kleinere Gruppengr\u00f6\u00dfe erm\u00f6glicht es den Forschern, komplizierte oder heikle Themen zu untersuchen, die einer st\u00e4rkeren pers\u00f6nlichen Aufmerksamkeit und Beteiligung der Teilnehmer bed\u00fcrfen.<\/p>\n\n\n\n<ul class=\"wp-block-list\">\n<li><strong>Zusammensetzung und Struktur:<\/strong> In Dreiergruppen gibt es drei Teilnehmer und einen geschulten Moderator, der dabei hilft, eine kleinere und pers\u00f6nlichere Gruppendynamik zu schaffen. Sie sind in der Regel um vorgegebene Themen oder Fragen herum strukturiert.<\/li>\n\n\n\n<li><strong>Zweck und Anwendungen:<\/strong> Triaden sind besonders n\u00fctzlich, um komplexe oder sensible Themen zu untersuchen, die m\u00f6glicherweise ein h\u00f6heres Ma\u00df an individueller Aufmerksamkeit erfordern. Sie werden h\u00e4ufig f\u00fcr Konzepttests, Produktbewertungen und die eingehende Untersuchung der Motivationen und Vorlieben der Verbraucher eingesetzt.<\/li>\n<\/ul>\n\n\n\n<p><strong>Vorteile von Dreikl\u00e4ngen:<\/strong><\/p>\n\n\n\n<p>Triads offer several advantages as a <a href=\"https:\/\/www.sisinternational.com\/de\/sampling-techniques-in-qualitative-research-the-complete-guide-to-choosing-the-right-method\/\" title=\"Sampling Techniques in Qualitative Research: The Complete Guide to Choosing the Right Method\"  data-wpil-monitor-id=\"9806\">qualitative research method<\/a>, particularly when in-depth and focused discussions are desired. Some of the key benefits of triads include:<\/p>\n\n\n\n<ul class=\"wp-block-list\">\n<li><strong>Erh\u00f6hte Diskussionstiefe:<\/strong> Eine kleinere Gruppengr\u00f6\u00dfe erm\u00f6glicht vertraulichere und detailliertere Gespr\u00e4che. In solchen Situationen, in denen Raum f\u00fcr Gespr\u00e4che jenseits oberfl\u00e4chlicher Themen besteht, f\u00fchlen sich die Teilnehmer frei genug, alles auszusprechen, was w\u00e4hrend solcher Sitzungen zur Sprache kommt.<\/li>\n\n\n\n<li><strong>Mehr Flexibilit\u00e4t bei der Teilnehmerauswahl:<\/strong> Wenn wir den Auswahlprozess f\u00fcr Teilnehmer betrachten, bietet die Nutzung kleinerer Dreiersitzungen ein h\u00f6heres Ma\u00df an Anpassungsf\u00e4higkeit als gro\u00df angelegte, fokussierte Gruppentreffen. Da f\u00fcr jede Sitzung nur drei Teilnehmer erforderlich sind, wird es einfacher, sie zu rekrutieren, was zu einer breiteren Perspektive aufgrund der unterschiedlichen Hintergr\u00fcnde f\u00fchrt, aus denen sie kommen.<\/li>\n\n\n\n<li><strong>H\u00f6here Wirtschaftlichkeit:<\/strong> Die geringere Stichprobengr\u00f6\u00dfe und die k\u00fcrzere Sitzungsdauer in Triaden machen sie zu einer budgetfreundlicheren Alternative gegen\u00fcber gr\u00f6\u00dferen Fokusgruppen. Dies ist f\u00fcr Unternehmen und Studien mit finanziellen Einschr\u00e4nkungen \u00e4u\u00dferst vorteilhaft.<\/li>\n\n\n\n<li><strong>Verbesserte Genauigkeit und Zuverl\u00e4ssigkeit der Ergebnisse:<\/strong> Um Gruppendenken zu vermeiden, das zu Voreingenommenheit und Konformit\u00e4t unter den Teilnehmern f\u00fchrt, k\u00f6nnen Triaden eingesetzt werden, da sie dazu beitragen, derartige Risiken zu mindern.<\/li>\n\n\n\n<li><strong>Einfacheres Management sensibler Themen:<\/strong> Um ein besseres Verst\u00e4ndnis heikler oder komplizierter Themen zu gew\u00e4hrleisten, die eine pers\u00f6nlichere Betreuung erfordern, wird die Verwendung von Dreiergespr\u00e4chen dringend empfohlen. Kleinere Gruppengr\u00f6\u00dfen f\u00fchren dazu, dass sich die Teilnehmer wohler f\u00fchlen, wenn sie ihre Gedanken und Erfahrungen teilen, was zu qualitativ hochwertigem Feedback f\u00fchrt.<\/li>\n<\/ul>\n\n\n\n<h3 class=\"wp-block-heading\">Schwerpunktgruppen:<\/h3>\n\n\n\n<figure class=\"gb-block-image gb-block-image-37839aa9\"><img loading=\"lazy\" decoding=\"async\" width=\"1456\" height=\"816\" class=\"gb-image gb-image-37839aa9\" src=\"https:\/\/www.sisinternational.com\/wp-content\/uploads\/2025\/09\/Focus-group-recruitment-6.jpg\" alt=\"SIS International Marktforschung &amp; Strategie\" title=\"Focus group recruitment (6)\" srcset=\"https:\/\/www.sisinternational.com\/wp-content\/uploads\/2025\/09\/Focus-group-recruitment-6.jpg 1456w, https:\/\/www.sisinternational.com\/wp-content\/uploads\/2025\/09\/Focus-group-recruitment-6-300x168.jpg 300w, https:\/\/www.sisinternational.com\/wp-content\/uploads\/2025\/09\/Focus-group-recruitment-6-1024x574.jpg 1024w, https:\/\/www.sisinternational.com\/wp-content\/uploads\/2025\/09\/Focus-group-recruitment-6-768x430.jpg 768w, https:\/\/www.sisinternational.com\/wp-content\/uploads\/2025\/09\/Focus-group-recruitment-6-18x10.jpg 18w\" sizes=\"auto, (max-width: 1456px) 100vw, 1456px\"><\/figure>\n\n\n\n<p><\/p>\n\n\n\n<p>An Fokusgruppen nehmen in der Regel mehr Personen teil als an Einzelinterviews oder Umfragen. Fokusgruppen bestehen aus etwa 6 bis 12 Mitgliedern, die von Fachleuten moderiert werden.<\/p>\n\n\n\n<p>By encouraging group discussions and interactions, focus groups seek to generate a diverse array of perspectives and opinions. It helps <a href=\"https:\/\/www.sisinternational.com\/de\/losungen\/internationale-verbraucherforschung\/\" title=\"Internationale Verbraucherforschung\"  data-wpil-monitor-id=\"9810\">researchers to evaluate general consumer<\/a> preferences while also exploring broader themes and identifying patterns in their behavior.<\/p>\n\n\n\n<ul class=\"wp-block-list\">\n<li><strong>Zusammensetzung und Struktur:<\/strong> <a href=\"https:\/\/www.sisinternational.com\/de\/losungen\/schwerpunktgruppen\/nehmen-sie-an-fokusgruppen-teil\/\" title=\"Nehmen Sie an Fokusgruppen teil\"  data-wpil-monitor-id=\"9804\">Schwerpunktgruppen<\/a> are generally led by a trained moderator with participation ranging from six to twelve individuals in the group. By guiding conversations through open-ended questioning techniques while also prompting for additional information when necessary, the moderator aims to encourage dialogue among participants during these discussions.<\/li>\n\n\n\n<li><strong>Zweck und Anwendungen:<\/strong> Durch den Einsatz von Fokusgruppen gewinnen Forscher neue Perspektiven und Meinungen und erkennen Trends und Muster im Verbraucherverhalten. Der Einsatz von Fokusgruppen erstreckt sich auch auf die Bewertung von Werbekampagnen und das Verst\u00e4ndnis der Einstellung der Kunden gegen\u00fcber verschiedenen Produkten oder Marken.<\/li>\n<\/ul>\n\n\n\n<p><strong>Vorteile von Fokusgruppen:<\/strong><\/p>\n\n\n\n<p><a href=\"https:\/\/www.sisinternational.com\/de\/abdeckung\/marktforschung-asien\/fokusgruppen-marktforschung-in-japan\/\" title=\"Fokusgruppen-Marktforschung in Japan\"  data-wpil-monitor-id=\"9809\">Schwerpunktgruppen<\/a> are a widely used qualitative research method that offers several advantages, particularly when the objective is to gather diverse perspectives and opinions. Some of the key benefits of focus groups include:<\/p>\n\n\n\n<ul class=\"wp-block-list\">\n<li><strong>Umfangreichere Perspektiven:<\/strong> With their capability to include numerous people at once. Focus groups offer an expansive selection and diversity of opinions. It helps <a href=\"https:\/\/www.sisinternational.com\/de\/veroffentlichungen\/kauferverhalten-nach-corona-neue-verbraucher\/\" title=\"K\u00e4uferverhalten nach Corona \u2013 Verbrauchermarktforschung\"  data-wpil-monitor-id=\"9811\">researchers understand consumer preferences and behavioral<\/a> tendencies comprehensively.<\/li>\n\n\n\n<li><strong>Beobachtung von Gruppeninteraktionen:<\/strong> Die gruppendynamische Beobachtung bietet erhebliche Vorteile. Forscher k\u00f6nnen wertvolle Erkenntnisse \u00fcber soziale Einfl\u00fcsse auf Meinungen und Entscheidungsprozesse gewinnen, indem sie untersuchen, wie sich die Teilnehmer gegenseitig auf ihr Verhalten auswirken.<\/li>\n\n\n\n<li><strong>Efficient <\/strong><a href=\"https:\/\/www.sisinternational.com\/de\/abdeckung\/europa\/marktforschung-liverpool-grosbritannien\/\" title=\"Marktforschung in Liverpool | Fokusgruppen und Datenerfassung in Gro\u00dfbritannien\"  data-wpil-monitor-id=\"9805\">data collection: Group<\/a> interactions can uncover fresh ideas and perspectives that might not arise in individual interviews or small-group conversations.<\/li>\n\n\n\n<li><strong>M\u00f6glichkeit f\u00fcr Moderatoreingriffe in Echtzeit:<\/strong> Moderatoren von Fokusgruppen haben die M\u00f6glichkeit, w\u00e4hrend einer Sitzung einzugreifen, um Gespr\u00e4che mit bohrenden Fragen oder der Kl\u00e4rung von Punkten zu lenken, wenn diese auftreten. Die Sitzung deckt alle relevanten Themen ab und f\u00f6rdert dynamische Diskussionen.<\/li>\n\n\n\n<li><strong>Konzepte testen und verfeinern:<\/strong> <a href=\"https:\/\/www.sisinternational.com\/de\/losungen\/fokusgruppen-marktforschung\/\" title=\"Fokusgruppe Marktforschung\"  data-wpil-monitor-id=\"9807\">Focus groups enable researchers<\/a> to test and refine new product ideas or marketing messages effectively.<\/li>\n\n\n\n<li><strong>Trends und Gemeinsamkeiten erkennen:<\/strong> Recognizing commonalities along with trends and patterns among consumer opinions and behavior becomes less challenging when there are larger group sizes present during <a href=\"https:\/\/www.sisinternational.com\/de\/losungen\/schwerpunktgruppen\/focus-groups-in-the-uk\/\" title=\"Focus Groups in the uk\"  data-wpil-monitor-id=\"1358\">focus<\/a> groups.<\/li>\n<\/ul>\n\n\n\n<h2 class=\"wp-block-heading\">Die Wahl zwischen Triaden und Fokusgruppen Marktforschung<\/h2>\n\n\n\n<figure class=\"gb-block-image gb-block-image-d508271f\"><img loading=\"lazy\" decoding=\"async\" width=\"1456\" height=\"816\" class=\"gb-image gb-image-d508271f\" src=\"https:\/\/www.sisinternational.com\/wp-content\/uploads\/2025\/09\/Focus-group-recruitment-1.jpg\" alt=\"SIS International Marktforschung &amp; Strategie\" title=\"Focus group recruitment (1)\" srcset=\"https:\/\/www.sisinternational.com\/wp-content\/uploads\/2025\/09\/Focus-group-recruitment-1.jpg 1456w, https:\/\/www.sisinternational.com\/wp-content\/uploads\/2025\/09\/Focus-group-recruitment-1-300x168.jpg 300w, https:\/\/www.sisinternational.com\/wp-content\/uploads\/2025\/09\/Focus-group-recruitment-1-1024x574.jpg 1024w, https:\/\/www.sisinternational.com\/wp-content\/uploads\/2025\/09\/Focus-group-recruitment-1-768x430.jpg 768w, https:\/\/www.sisinternational.com\/wp-content\/uploads\/2025\/09\/Focus-group-recruitment-1-18x10.jpg 18w\" sizes=\"auto, (max-width: 1456px) 100vw, 1456px\"><\/figure>\n\n\n\n<p><\/p>\n\n\n\n<p>Die Entscheidung zwischen Marktforschung mit Triaden oder Fokusgruppen h\u00e4ngt von mehreren Faktoren ab, unter anderem von den Forschungszielen, dem Budget, zeitlichen Einschr\u00e4nkungen und den Eigenschaften der Zielgruppe.<\/p>\n\n\n\n<p>Nachfolgend finden Sie einige Richtlinien, die Ihnen dabei helfen k\u00f6nnen, zu ermitteln, ob sich Triaden oder Fokusgruppen am besten f\u00fcr das Forschungsprojekt eignen:<\/p>\n\n\n\n<ul class=\"wp-block-list\">\n<li><strong>Forschungsschwerpunkte:<\/strong> Um umfassende Diskussionen zu komplizierten Themen zu f\u00fchren oder heikle Angelegenheiten m\u00fchelos anzugehen, empfiehlt es sich, Dreiergruppen zu w\u00e4hlen, da diese eine vertraulichere Umgebung mit weniger Teilnehmern erm\u00f6glichen und so zu einer st\u00e4rkeren Beteiligung f\u00fchren. Um unterschiedliche Perspektiven zu erhalten oder Konzepte mit einem breiteren Publikum zu bewerten und zu verbessern, sollten Unternehmen stattdessen die Verwendung von Fokusgruppen in Betracht ziehen.<\/li>\n\n\n\n<li><strong>Budget- und Zeitbeschr\u00e4nkungen:<\/strong> Ein Grund, warum viele Forscher die Verwendung triadischer Forschungsmethoden bevorzugen, liegt darin, dass diese typischerweise weniger Mittel erfordern und schnellere Bearbeitungszeiten erm\u00f6glichen.<\/li>\n\n\n\n<li><strong>Erforderliche Tiefe und Detailliertheit:<\/strong> Depending on how much depth and detail is required in the insights obtained, triads are suitable for concentrated and refined discussions, while <a href=\"https:\/\/www.sisinternational.com\/de\/focus-groups-that-deliver-real-voices-real-insight-real-advantage\/\" title=\"Focus Groups That Deliver Real Voices, Real Insight, Real Advantage\"  data-wpil-monitor-id=\"9808\">focus groups can deliver<\/a> an extensive array of outlooks and thoughts.<\/li>\n<\/ul>\n\n\n\n<p>As a result, choosing between triads vs focus groups <a href=\"https:\/\/www.sisinternational.com\/de\/losungen\/ai-marktforschung-und-strategieberatung\/objekterkennung-ki-marktforschung\/\" title=\"Marktforschung zur Objekterkennung mit KI\"  data-wpil-monitor-id=\"7309\">market research only depends on the objective<\/a> of the research, and neither methodology is better than the other in itself. One methodology is perfect for obtaining results with in-depth perspectives, while the other can obtain more general results.<\/p>","protected":false},"excerpt":{"rendered":"<p>Die Entscheidung zwischen Marktforschung in Triaden oder Fokusgruppen h\u00e4ngt weitgehend von den Forschungszielen und dem verf\u00fcgbaren Budget ab.<\/p>","protected":false},"author":1,"featured_media":66939,"parent":14514,"menu_order":311,"comment_status":"closed","ping_status":"closed","template":"","meta":{"footnotes":""},"class_list":["post-42701","page","type-page","status-publish","has-post-thumbnail"],"_links":{"self":[{"href":"https:\/\/www.sisinternational.com\/de\/wp-json\/wp\/v2\/pages\/42701","targetHints":{"allow":["GET"]}}],"collection":[{"href":"https:\/\/www.sisinternational.com\/de\/wp-json\/wp\/v2\/pages"}],"about":[{"href":"https:\/\/www.sisinternational.com\/de\/wp-json\/wp\/v2\/types\/page"}],"author":[{"embeddable":true,"href":"https:\/\/www.sisinternational.com\/de\/wp-json\/wp\/v2\/users\/1"}],"replies":[{"embeddable":true,"href":"https:\/\/www.sisinternational.com\/de\/wp-json\/wp\/v2\/comments?post=42701"}],"version-history":[{"count":6,"href":"https:\/\/www.sisinternational.com\/de\/wp-json\/wp\/v2\/pages\/42701\/revisions"}],"predecessor-version":[{"id":81630,"href":"https:\/\/www.sisinternational.com\/de\/wp-json\/wp\/v2\/pages\/42701\/revisions\/81630"}],"up":[{"embeddable":true,"href":"https:\/\/www.sisinternational.com\/de\/wp-json\/wp\/v2\/pages\/14514"}],"wp:featuredmedia":[{"embeddable":true,"href":"https:\/\/www.sisinternational.com\/de\/wp-json\/wp\/v2\/media\/66939"}],"wp:attachment":[{"href":"https:\/\/www.sisinternational.com\/de\/wp-json\/wp\/v2\/media?parent=42701"}],"curies":[{"name":"wp","href":"https:\/\/api.w.org\/{rel}","templated":true}]}}