{"id":42696,"date":"2023-05-03T21:23:06","date_gmt":"2023-05-04T01:23:06","guid":{"rendered":"https:\/\/www.sisinternational.com\/?page_id=42696"},"modified":"2026-01-24T20:52:43","modified_gmt":"2026-01-25T01:52:43","slug":"marktforschung-zur-lieferantenvielfalt","status":"publish","type":"page","link":"https:\/\/www.sisinternational.com\/de\/sachverstand\/marktforschung-zur-lieferantenvielfalt\/","title":{"rendered":"Marktforschung zur Lieferantenvielfalt"},"content":{"rendered":"<h1 class=\"wp-block-heading\">Marktforschung zur Lieferantenvielfalt<\/h1>\n\n\n\n<figure class=\"gb-block-image gb-block-image-48311580\"><img loading=\"lazy\" decoding=\"async\" width=\"1456\" height=\"816\" class=\"gb-image gb-image-48311580\" src=\"https:\/\/www.sisinternational.com\/wp-content\/uploads\/2025\/08\/Retail-18.jpg\" alt=\"SIS International Marktforschung &amp; Strategie\" title=\"Retail (18)\" srcset=\"https:\/\/www.sisinternational.com\/wp-content\/uploads\/2025\/08\/Retail-18.jpg 1456w, https:\/\/www.sisinternational.com\/wp-content\/uploads\/2025\/08\/Retail-18-300x168.jpg 300w, https:\/\/www.sisinternational.com\/wp-content\/uploads\/2025\/08\/Retail-18-1024x574.jpg 1024w, https:\/\/www.sisinternational.com\/wp-content\/uploads\/2025\/08\/Retail-18-768x430.jpg 768w, https:\/\/www.sisinternational.com\/wp-content\/uploads\/2025\/08\/Retail-18-18x10.jpg 18w\" sizes=\"auto, (max-width: 1456px) 100vw, 1456px\"><\/figure>\n\n\n\n<p><\/p>\n\n\n\n<p>An organization&#8217;s supplier sourcing process should prioritize the inclusion of diverse suppliers. Companies that take this approach engage with suppliers from diverse backgrounds, including minority-owned businesses and women-owned businesses, among others. Incorporating diverse suppliers into business operations enhances organizational competitiveness while demonstrating corporate social responsibility. In addition, it helps <a href=\"https:\/\/www.sisinternational.com\/de\/losungen\/reise-tourismus-und-gastgewerbeberatung\/marktforschung-fur-reiseleiterunternehmen\/\" title=\"Marktforschung f\u00fcr Reiseleiterunternehmen\"  data-wpil-monitor-id=\"9815\">companies tap into previously overlooked markets<\/a>. This requires an exhaustive study with Supplier <a class=\"wpil_keyword_link\" href=\"https:\/\/www.sisinternational.com\/de\/sachverstand\/branchen\/diversity-marktforschung\/\"   title=\"Diversity-Marktforschung\" data-wpil-keyword-link=\"linked\"  data-wpil-monitor-id=\"347\">Diversity-Marktforschung<\/a>, focusing on all elements, including product\/service offerings from varied supplier groups.<\/p>\n\n\n\n<h2 class=\"wp-block-heading\">Was ist Marktforschung zur Lieferantenvielfalt?<\/h2>\n\n\n\n<p>Supplier diversity market research involves procuring goods and services from businesses that are operated by individuals belonging to underrepresented groups like women or veterans. By <a href=\"https:\/\/www.sisinternational.com\/de\/how-to-conduct-effective-quantitative-market-research\/\" title=\"How to Conduct Effective Quantitative Market Research\"  data-wpil-monitor-id=\"9819\">conducting this research<\/a> on potential suppliers, businesses ensure they adhere to ethical business practices and have a good reputation to mitigate supplier risks.<\/p>\n\n\n\n<p>Im Allgemeinen werden solche Untersuchungen durchgef\u00fchrt, um soziale Verantwortung zu demonstrieren und bei zuk\u00fcnftigen Kunden einen tadellosen Ruf zu wahren.<\/p>\n\n\n\n<h2 class=\"wp-block-heading\">Bedeutung der Marktforschung zur Lieferantenvielfalt f\u00fcr Unternehmen<\/h2>\n\n\n\n<h3 class=\"wp-block-heading\">Marktforschung zur Lieferantenvielfalt ist ein wichtiger Bestandteil eines erfolgreichen Lieferantenvielfaltsprogramms f\u00fcr Unternehmen. Hier sind einige Gr\u00fcnde daf\u00fcr:<\/h3>\n\n\n\n<p><strong>Identifizierung potenzieller vielf\u00e4ltiger Lieferanten:<\/strong> Durch Marktforschung k\u00f6nnen unterschiedliche Anbieter identifiziert werden, die einzigartige Produkte oder Dienstleistungen anbieten. Sie hilft Unternehmen, einen Wettbewerbsvorteil auf dem Markt zu erlangen und innovative\/differenzierte Produkte in ihr Angebot aufzunehmen.<\/p>\n\n\n\n<p><strong>Minimierung von Lieferantenrisiken:<\/strong> Die Identifizierung potenzieller Risiken, die mit vielf\u00e4ltigen Lieferanten verbunden sind, kann Unternehmen dabei helfen, Lieferantenrisiken durch Marktforschung zur Lieferantenvielfalt zu mindern. Sie \u00fcberpr\u00fcft die finanzielle Stabilit\u00e4t potenzieller Lieferanten und stellt sicher, dass sie ethische Gesch\u00e4ftspraktiken einhalten.<\/p>\n\n\n\n<p><strong>Compliance with regulations and <\/strong><a href=\"https:\/\/www.sisinternational.com\/de\/venezuela-oil-mining-industry-potential-strategic-forecast-2026-2036\/\" title=\"Venezuela Oil &amp; Mining Industry Potential: Strategic Forecast 2026-2036\"  data-wpil-monitor-id=\"9817\">industry standards: To prevent potential<\/a> legal and reputational risks, businesses should conduct market research and comply with the new business standards regarding diversity.<\/p>\n\n\n\n<p><strong>Verst\u00e4rkte soziale Verantwortung des Unternehmens:<\/strong> Das Engagement eines Unternehmens zur F\u00f6rderung von Vielfalt und Inklusion kann durch Lieferantenvielfaltsprogramme unter Beweis gestellt werden, die f\u00fcr Verbraucher und Investoren immer wichtiger werden. Daher ist eine umfassende Marktforschung zu Lieferantenvielfaltspraktiken f\u00fcr Unternehmen von entscheidender Bedeutung, die ihr aktuelles Programm verbessern und gleichzeitig einen wesentlichen Beitrag zu ihren Bem\u00fchungen um soziale Verantwortung leisten m\u00f6chten.<\/p>\n\n\n\n<h2 class=\"wp-block-heading\">Die Vorteile der Marktforschung zur Lieferantenvielfalt<\/h2>\n\n\n\n<figure class=\"gb-block-image gb-block-image-a947d54e\"><img loading=\"lazy\" decoding=\"async\" width=\"1456\" height=\"816\" class=\"gb-image gb-image-a947d54e\" src=\"https:\/\/www.sisinternational.com\/wp-content\/uploads\/2025\/08\/Retail-19.jpg\" alt=\"SIS International Marktforschung &amp; Strategie\" title=\"Retail (19)\" srcset=\"https:\/\/www.sisinternational.com\/wp-content\/uploads\/2025\/08\/Retail-19.jpg 1456w, https:\/\/www.sisinternational.com\/wp-content\/uploads\/2025\/08\/Retail-19-300x168.jpg 300w, https:\/\/www.sisinternational.com\/wp-content\/uploads\/2025\/08\/Retail-19-1024x574.jpg 1024w, https:\/\/www.sisinternational.com\/wp-content\/uploads\/2025\/08\/Retail-19-768x430.jpg 768w, https:\/\/www.sisinternational.com\/wp-content\/uploads\/2025\/08\/Retail-19-18x10.jpg 18w\" sizes=\"auto, (max-width: 1456px) 100vw, 1456px\"><\/figure>\n\n\n\n<p><\/p>\n\n\n\n<h3 class=\"wp-block-heading\">Marktforschung zur Lieferantenvielfalt bietet Unternehmen, die Vielfalt und Inklusion in ihrem Lieferantenstamm f\u00f6rdern m\u00f6chten, mehrere Vorteile. Zu den wichtigsten Vorteilen geh\u00f6ren:<\/h3>\n\n\n\n<ul class=\"wp-block-list\">\n<li><strong>Besseres Verst\u00e4ndnis von Markttrends und Chancen:<\/strong> By conducting <a href=\"https:\/\/www.sisinternational.com\/de\/how-to-conduct-effective-quantitative-market-research\/\" title=\"How to Conduct Effective Quantitative Market Research\"  data-wpil-monitor-id=\"9813\">Marktforschung<\/a>, businesses can enhance their comprehension of the latest trends and opportunities within their respective industries. <a href=\"https:\/\/www.sisinternational.com\/de\/losungen\/qualitative-quantitative-forschungslosungen\/chaid-analyse-marktforschung\/\" title=\"CHAID Analyse Marktforschung\"  data-wpil-monitor-id=\"9816\">Market data analysis<\/a> provides businesses with the opportunity to identify previously unnoticed suppliers and target markets. This particular resource offers companies an opportunity not only to keep up but also to surpass their competition.<\/li>\n\n\n\n<li><strong>Identifizierung potenzieller vielf\u00e4ltiger Lieferanten:<\/strong> Durch Marktforschung zur Lieferantenvielfalt k\u00f6nnen Unternehmen unterschiedliche Lieferanten mit unterschiedlichen Produkten oder Dienstleistungen identifizieren. Mit dieser Funktion k\u00f6nnen Unternehmen unterschiedliche Kulturen unterst\u00fctzen und sie gleichzeitig auf allen Lieferantenebenen f\u00f6rdern.<\/li>\n\n\n\n<li><strong>Einhaltung von Vorschriften und Industriestandards:<\/strong> Supplier diversity regulations and industry standards are growing rapidly. Therefore, meeting these requirements while avoiding any possible legal or reputational risks is achievable through conducting <a href=\"https:\/\/www.sisinternational.com\/de\/losungen\/legal-market-research\/\" title=\"Legal Market Research\"  data-wpil-monitor-id=\"2975\">Marktforschung<\/a>.<\/li>\n\n\n\n<li><strong>Verst\u00e4rkte soziale Verantwortung des Unternehmens:<\/strong> Das Engagement eines Unternehmens f\u00fcr die F\u00f6rderung von Inklusivit\u00e4t und vielf\u00e4ltiger Repr\u00e4sentation zu demonstrieren, ist heute ein Schl\u00fcsselfaktor f\u00fcr Verbraucher und Investoren. Marktforschung zur Lieferantenvielfalt hilft Unternehmen dabei, ihre Lieferantenvielfaltsprogramme zu verbessern und ihren Verpflichtungen zur sozialen Verantwortung nachzukommen, w\u00e4hrend gleichzeitig das Ansehen des Unternehmens in der \u00f6ffentlichen Wahrnehmung verbessert wird.<\/li>\n<\/ul>\n\n\n\n<h2 class=\"wp-block-heading\">Gelegenheiten<\/h2>\n\n\n\n<h3 class=\"wp-block-heading\">Zu den wichtigsten M\u00f6glichkeiten geh\u00f6ren:<\/h3>\n\n\n\n<p><strong>Zugang zu neuen M\u00e4rkten:<\/strong> Von <a href=\"https:\/\/www.sisinternational.com\/de\/how-to-conduct-effective-desk-research\/\" title=\"How to Conduct Effective Desk Research\"  data-wpil-monitor-id=\"9814\">conducting market research<\/a>, businesses can uncover potential new suppliers and previously overlooked target markets.<\/p>\n\n\n\n<p><strong>Wettbewerbsvorteil:<\/strong> Diverse supplier identification could provide companies with an opportunity to outcompete others within their industry. By innovating and differentiating their products or services <a href=\"https:\/\/www.sisinternational.com\/de\/abdeckung\/marktforschung-asien\/asiatisches-unternehmen-fur-wettbewerbsanalyse\/\" title=\"Asiatisches Unternehmen f\u00fcr Wettbewerbsanalyse\"  data-wpil-monitor-id=\"9818\">companies can increase their competitiveness<\/a>.<\/p>\n\n\n\n<p><strong>Verbesserte Belastbarkeit der Lieferkette:<\/strong> Um Alternativen zur Beschaffung von Materialien oder Produkten von einzelnen Anbietern zu bieten, ist die Diversifizierung der Lieferantenbasis von entscheidender Bedeutung und kann Unternehmen dabei helfen, unvorhergesehene Umst\u00e4nde im Betriebsablauf zu bew\u00e4ltigen.<\/p>\n\n\n\n<p><strong>Verbesserte Innovation und Kreativit\u00e4t:<\/strong> Lieferantenvielfalt kann zu mehr Innovation und Kreativit\u00e4t in einem Unternehmen f\u00fchren. Vielf\u00e4ltige Lieferanten k\u00f6nnen neue Ideen und Perspektiven einbringen, die zu neuen und innovativen Produkten oder Dienstleistungen f\u00fchren.<\/p>\n\n\n\n<h2 class=\"wp-block-heading\">Herausforderungen<\/h2>\n\n\n\n<h3 class=\"wp-block-heading\">Marktforschung bietet zwar viele Vorteile, bringt aber auch einige Herausforderungen mit sich, denen sich Unternehmen stellen m\u00fcssen. Zu den wichtigsten Herausforderungen der Marktforschung zur Lieferantenvielfalt geh\u00f6ren:<\/h3>\n\n\n\n<p><strong>Eingeschr\u00e4nkte Lieferantendaten:<\/strong> Aufgrund unzureichender Daten zu vielf\u00e4ltigen Lieferanten stehen Marketingforscher im Bereich Lieferantenvielfalt vor erheblichen Herausforderungen bei der Identifizierung vielversprechender H\u00e4ndler und der gleichzeitigen Untersuchung der Erfahrungen der H\u00e4ndler.<\/p>\n\n\n\n<p><strong>Fehlende standardisierte Berichterstattung:<\/strong> Der Marktforschung zur Lieferantenvielfalt mangelt es an standardisierten Berichtsmethoden, und die Bewertung der Vielfalt der Lieferantenleistungen stellt f\u00fcr die meisten Unternehmen h\u00e4ufig eine schwierige Aufgabe dar.<\/p>\n\n\n\n<p><strong>Schwierigkeiten bei der Messung des ROI:<\/strong> Die Messung des ROI f\u00fcr Lieferantenvielfaltsprogramme kann f\u00fcr Unternehmen eine Herausforderung darstellen, da die Unternehmen dieser Lieferanten unter Umst\u00e4nden kleiner sind.<\/p>\n\n\n\n<p><strong>Lieferantenwiderstand:<\/strong> Lieferantenvielfaltsprogramme k\u00f6nnen auf Widerstand bestimmter Interessengruppen sto\u00dfen, die sie als zus\u00e4tzliche Verantwortung und nicht als potenziell profitable Aktivit\u00e4t betrachten. Herausforderungen k\u00f6nnen auch durch interne Interessengruppen entstehen, die sich Ver\u00e4nderungen im Unternehmen widersetzen und so die Vielfaltsprogramme verz\u00f6gern, die die Rentabilit\u00e4t langfristig erheblich steigern k\u00f6nnten.<\/p>\n\n\n\n<h2 class=\"wp-block-heading\">Zukunftsausblick<\/h2>\n\n\n\n<figure class=\"gb-block-image gb-block-image-a065f548\"><img loading=\"lazy\" decoding=\"async\" width=\"1456\" height=\"816\" class=\"gb-image gb-image-a065f548\" src=\"https:\/\/www.sisinternational.com\/wp-content\/uploads\/2025\/08\/Retail-20.jpg\" alt=\"SIS International Marktforschung &amp; Strategie\" title=\"Retail (20)\" srcset=\"https:\/\/www.sisinternational.com\/wp-content\/uploads\/2025\/08\/Retail-20.jpg 1456w, https:\/\/www.sisinternational.com\/wp-content\/uploads\/2025\/08\/Retail-20-300x168.jpg 300w, https:\/\/www.sisinternational.com\/wp-content\/uploads\/2025\/08\/Retail-20-1024x574.jpg 1024w, https:\/\/www.sisinternational.com\/wp-content\/uploads\/2025\/08\/Retail-20-768x430.jpg 768w, https:\/\/www.sisinternational.com\/wp-content\/uploads\/2025\/08\/Retail-20-18x10.jpg 18w\" sizes=\"auto, (max-width: 1456px) 100vw, 1456px\"><\/figure>\n\n\n\n<p><\/p>\n\n\n\n<p>Die Marktforschung zur Lieferantenvielfalt scheint eine rosige Zukunft vor sich zu haben, da Unternehmen und Organisationen weltweit die Bedeutung vielf\u00e4ltiger Lieferketten erkennen.<\/p>\n\n\n\n<p>Dieser Zweig der Marktforschung wird erheblich von technologischen Fortschritten profitieren, die zu fortschrittlichen Tools und Plattformen f\u00fchren, die die Effizienz der Datenerfassung verbessern und gleichzeitig die Analyse- und \u00dcberwachungsfunktionen verbessern, sowie von Unternehmen, die k\u00fcnstliche Intelligenz (KI), maschinelles Lernen (ML) und Big Data-Analysen nutzen.<\/p>\n\n\n\n<p>To navigate the complexities of <a href=\"https:\/\/www.sisinternational.com\/de\/losungen\/sis-globales-wachstum\/entwicklung-globaler-lieferketten\/\" title=\"Globale Supply Chain Beratung\"  data-wpil-monitor-id=\"9812\">global supply chains<\/a> resulting from expanding international business operations and cross-border collaborations, it is increasingly important to conduct supplier diversity market research to foster cross-border collaboration and promote inclusive growth on a global scale.<\/p>\n\n\n\n<p>Aufgrund der zunehmenden Bedeutung von Nachhaltigkeit und sozialer Auswirkung zur Verringerung sozio\u00f6konomischer Ungleichheiten wird es auch weiterhin notwendig sein, Marktforschung zur Anbietervielfalt zu betreiben.<\/p>","protected":false},"excerpt":{"rendered":"<p>Bei der Marktforschung zur Lieferantenvielfalt geht es um die Beschaffung von Waren und Dienstleistungen von Unternehmen, die von Personen aus unterrepr\u00e4sentierten Gruppen gef\u00fchrt werden.<\/p>","protected":false},"author":1,"featured_media":62493,"parent":14514,"menu_order":310,"comment_status":"closed","ping_status":"closed","template":"","meta":{"footnotes":""},"class_list":["post-42696","page","type-page","status-publish","has-post-thumbnail"],"_links":{"self":[{"href":"https:\/\/www.sisinternational.com\/de\/wp-json\/wp\/v2\/pages\/42696","targetHints":{"allow":["GET"]}}],"collection":[{"href":"https:\/\/www.sisinternational.com\/de\/wp-json\/wp\/v2\/pages"}],"about":[{"href":"https:\/\/www.sisinternational.com\/de\/wp-json\/wp\/v2\/types\/page"}],"author":[{"embeddable":true,"href":"https:\/\/www.sisinternational.com\/de\/wp-json\/wp\/v2\/users\/1"}],"replies":[{"embeddable":true,"href":"https:\/\/www.sisinternational.com\/de\/wp-json\/wp\/v2\/comments?post=42696"}],"version-history":[{"count":6,"href":"https:\/\/www.sisinternational.com\/de\/wp-json\/wp\/v2\/pages\/42696\/revisions"}],"predecessor-version":[{"id":81631,"href":"https:\/\/www.sisinternational.com\/de\/wp-json\/wp\/v2\/pages\/42696\/revisions\/81631"}],"up":[{"embeddable":true,"href":"https:\/\/www.sisinternational.com\/de\/wp-json\/wp\/v2\/pages\/14514"}],"wp:featuredmedia":[{"embeddable":true,"href":"https:\/\/www.sisinternational.com\/de\/wp-json\/wp\/v2\/media\/62493"}],"wp:attachment":[{"href":"https:\/\/www.sisinternational.com\/de\/wp-json\/wp\/v2\/media?parent=42696"}],"curies":[{"name":"wp","href":"https:\/\/api.w.org\/{rel}","templated":true}]}}