{"id":42693,"date":"2023-05-03T20:52:04","date_gmt":"2023-05-04T00:52:04","guid":{"rendered":"https:\/\/www.sisinternational.com\/?page_id=42693"},"modified":"2026-01-25T16:37:05","modified_gmt":"2026-01-25T21:37:05","slug":"marktforschung-fur-intelligente-sensoren","status":"publish","type":"page","link":"https:\/\/www.sisinternational.com\/de\/sachverstand\/marktforschung-fur-intelligente-sensoren\/","title":{"rendered":"Marktforschung f\u00fcr intelligente Sensoren"},"content":{"rendered":"<h1 class=\"wp-block-heading\">Marktforschung f\u00fcr intelligente Sensoren<\/h1>\n\n\n\n<figure class=\"gb-block-image gb-block-image-6cc9a0b6\"><img loading=\"lazy\" decoding=\"async\" width=\"1456\" height=\"816\" class=\"gb-image gb-image-6cc9a0b6\" src=\"https:\/\/www.sisinternational.com\/wp-content\/uploads\/2025\/08\/Smart-sensor-2.jpg\" alt=\"SIS International Marktforschung &amp; Strategie\" title=\"Smart sensor (2)\" srcset=\"https:\/\/www.sisinternational.com\/wp-content\/uploads\/2025\/08\/Smart-sensor-2.jpg 1456w, https:\/\/www.sisinternational.com\/wp-content\/uploads\/2025\/08\/Smart-sensor-2-300x168.jpg 300w, https:\/\/www.sisinternational.com\/wp-content\/uploads\/2025\/08\/Smart-sensor-2-1024x574.jpg 1024w, https:\/\/www.sisinternational.com\/wp-content\/uploads\/2025\/08\/Smart-sensor-2-768x430.jpg 768w, https:\/\/www.sisinternational.com\/wp-content\/uploads\/2025\/08\/Smart-sensor-2-18x10.jpg 18w\" sizes=\"auto, (max-width: 1456px) 100vw, 1456px\"><\/figure>\n\n\n\n<p><\/p>\n\n\n\n<p>Die Einf\u00fchrung neuer Technologien und Ger\u00e4te auf dem Markt nimmt weiter zu, angetrieben durch Wettbewerb und Notwendigkeit. Folglich wirkte sich dies positiv auf die Fertigungsindustrie aus, die f\u00fcr die Herstellung spezifischer Teile f\u00fcr jedes Ger\u00e4t verantwortlich ist. Ein Markt, der positiv beeinflusst wurde, ist der Markt f\u00fcr intelligente Sensoren. Da Innovation weiterhin ein wichtiger Wachstumsfaktor in der Technologie ist, folgt auch die Nachfrage nach intelligenten Sensoren. Damit wird in den n\u00e4chsten f\u00fcnf Jahren ein Wachstum von mehr als 10% erwartet.<\/p>\n\n\n\n<p>The need for smart sensors and <a href=\"https:\/\/www.sisinternational.com\/de\/marktforschung-fur-intelligente-mobilitat\/\" title=\"Marktforschung f\u00fcr intelligente Mobilit\u00e4t\"  data-wpil-monitor-id=\"1915\">Marktforschung f\u00fcr intelligente Sensoren<\/a> exists not only in IT but also in security, weather forecasting, water resource management, agriculture, and others.<\/p>\n\n\n\n<p>Intelligente Sensoren revolutionieren alle Branchen, indem sie Aufgaben vereinfachen und allen Benutzern Komfort bieten. Mit der vorherrschenden Nutzung intelligenter Sensoren wird auch der Bedarf an Wartung und Reparatur steigen.<\/p>\n\n\n\n<p>However, despite unprecedented growth, the <a href=\"https:\/\/www.sisinternational.com\/de\/sachverstand\/branchen\/smart-city-marktforschung\/\" title=\"Smart City Marktforschung\"  data-wpil-monitor-id=\"3408\">smart sensor market<\/a> also faces challenges.<\/p>\n\n\n\n<h2 class=\"wp-block-heading\">Was sind intelligente Sensoren<\/h2>\n\n\n\n<p>Intelligente Sensoren sind technische Ger\u00e4te, die mithilfe von Wandlern bestimmte Informationen aus einer physischen Umgebung erfassen. Die erfassten Daten werden von den intelligenten Sensoren verwendet, um anhand dieser Informationen eine bestimmte Aufgabe auszuf\u00fchren. Das Ergebnis wird \u00fcber eine Netzwerkverbindung \u00fcbertragen, wobei die physikalischen Eigenschaften der Daten in berechenbare elektrische Signale umgewandelt werden.<\/p>\n\n\n\n<h3 class=\"wp-block-heading\">Es gibt verschiedene intelligente Sensoren auf dem Markt:<\/h3>\n\n\n\n<ul class=\"wp-block-list\">\n<li><strong>F\u00fcllstandssensor:<\/strong> Verwenden Sie ein elektrisches Signal, um die Aufrechterhaltung und Messung des Fl\u00fcssigkeitsstands zu unterst\u00fctzen.<\/li>\n\n\n\n<li><strong>Drucksensor:<\/strong> Ein Ger\u00e4t, das mechanischen Druck in ein elektrisches Signal umwandelt und \u00fcblicherweise in Rohrleitungen verwendet wird.<\/li>\n\n\n\n<li><strong>Temperatursensor:<\/strong> Wie der Name schon sagt, misst es die Temperatur von Luft, Fl\u00fcssigkeiten und Feststoffen.<\/li>\n\n\n\n<li><strong>N\u00e4herungssensor:<\/strong> Nutzen Sie es zur Erkennung, ohne vorhandene Objekte im Nahbereich physisch zu ber\u00fchren.<\/li>\n\n\n\n<li><strong>Infrarotsensor:<\/strong> Nimmt Objekte wahr, misst sie und erkennt Bewegungen in seiner Umgebung durch Aussenden von Licht<\/li>\n\n\n\n<li><strong>Intelligenter Klimasensor:<\/strong> Sammelt Informationen zu Luftdruck, Luftfeuchtigkeit und Temperatur, die zur Beurteilung der Wetterbedingungen hilfreich sind.<\/li>\n\n\n\n<li><strong>Intelligenter Pflanzensensor:<\/strong> Dient zur Bereitstellung von Daten zur Pflege und Ern\u00e4hrung einer Pflanze.<\/li>\n\n\n\n<li><strong>Bewegungssensor:<\/strong> Wird h\u00e4ufig in Haushalten verwendet, um Bewegungen im Innen- und Au\u00dfenbereich zu erkennen und dann dem Benutzer ein Signal zu geben.<\/li>\n\n\n\n<li><strong>Sensor zur Erkennung der Luftqualit\u00e4t:<\/strong> \u00dcberwacht und erkennt die Luftqualit\u00e4t in der n\u00e4heren Umgebung.<\/li>\n<\/ul>\n\n\n\n<h3 class=\"wp-block-heading\">Auf dem Markt sind speziellere Typen intelligenter Sensoren erh\u00e4ltlich. Im Folgenden sind die gebr\u00e4uchlichsten und beliebtesten aufgef\u00fchrt.<\/h3>\n\n\n\n<figure class=\"gb-block-image gb-block-image-860bed0c\"><img loading=\"lazy\" decoding=\"async\" width=\"1456\" height=\"816\" class=\"gb-image gb-image-860bed0c\" src=\"https:\/\/www.sisinternational.com\/wp-content\/uploads\/2025\/08\/Smart-sensor-6.jpg\" alt=\"SIS International Marktforschung &amp; Strategie\" title=\"Smart sensor (6)\" srcset=\"https:\/\/www.sisinternational.com\/wp-content\/uploads\/2025\/08\/Smart-sensor-6.jpg 1456w, https:\/\/www.sisinternational.com\/wp-content\/uploads\/2025\/08\/Smart-sensor-6-300x168.jpg 300w, https:\/\/www.sisinternational.com\/wp-content\/uploads\/2025\/08\/Smart-sensor-6-1024x574.jpg 1024w, https:\/\/www.sisinternational.com\/wp-content\/uploads\/2025\/08\/Smart-sensor-6-768x430.jpg 768w, https:\/\/www.sisinternational.com\/wp-content\/uploads\/2025\/08\/Smart-sensor-6-18x10.jpg 18w\" sizes=\"auto, (max-width: 1456px) 100vw, 1456px\"><\/figure>\n\n\n\n<p><\/p>\n\n\n\n<h2 class=\"wp-block-heading\">Wichtige Marktteilnehmer<\/h2>\n\n\n\n<p>Valued in tens of billions, the <a href=\"https:\/\/www.sisinternational.com\/de\/marktforschung-fur-intelligente-fertigung\/\" title=\"Marktforschung f\u00fcr Smart Manufacturing\"  data-wpil-monitor-id=\"3617\">smart sensors market<\/a> attracted a ton of market players. In a decade, it is expected to hit hundreds of billions in compound annual growth (CAGR).<\/p>\n\n\n\n<h2 class=\"wp-block-heading\">Lernen Sie die wichtigsten Marktteilnehmer kennen, die die globale Branche anf\u00fchren:<\/h2>\n\n\n\n<ul class=\"wp-block-list\">\n<li><strong>ABB Ltd.:<\/strong> Dieses schwedische Unternehmen m\u00f6chte innovative L\u00f6sungen mithilfe von Robotertechnologie, Maschinenautomatisierung und digitalen Diensten anbieten. Ihr Ability Smart Sensor verwandelt herk\u00f6mmliche Motoren in intelligente drahtlose Ger\u00e4te f\u00fcr eine bessere \u00dcberwachung und optimierte Effizienz.<\/li>\n\n\n\n<li><strong>Analog Device Inc.:<\/strong> Dieses in den USA gegr\u00fcndete Halbleiterunternehmen konzentriert sich auf Energiemanagement, Signalverarbeitung und Datenkonvertierungstechnologie. Sie verwenden ihre iSensor MEMS-Subsysteme zur Integration in eine Vielzahl von Ger\u00e4ten, wie Gyroskopen und Drucksensoren.<\/li>\n\n\n\n<li><strong>Honeywell International Inc.:<\/strong> Dieser Mischkonzern ist in vier Sektoren t\u00e4tig: Geb\u00e4udetechnologien, Hochleistungsmaterialien und -technologien sowie Sicherheits- und Produktivit\u00e4tsl\u00f6sungen. Er bietet eine Vielzahl von Sensoren an, von Luftqualit\u00e4tssensoren bis hin zu W\u00e4rmemeldern.<\/li>\n\n\n\n<li><strong>Texas Instruments Inc.:<\/strong> Texas Instruments entwickelt und fertigt Halbleiter und integrierte Schaltkreise. Da das Unternehmen \u00fcber mehrere Produktionsstandorte auf der ganzen Welt verf\u00fcgt, kann es zahlreiche Sensortypen herstellen, beispielsweise Magnetsensoren, Lichtsensoren und Temperatursensoren.<\/li>\n\n\n\n<li><strong>Yokogawa Electric Corporation:<\/strong> Dieses japanische Unternehmen arbeitet haupts\u00e4chlich an Software und Elektrotechnik. Es unterscheidet sich von den anderen Anbietern durch seine intelligenten SENCOM-Sensoren. Yokogawa behauptet, dass sein intelligenter SENCOM-Sensor die Wartung des Ger\u00e4ts vor Ort vereinfacht, die Konfigurationszeit verk\u00fcrzt und die Kalibrierung verbessert.<\/li>\n<\/ul>\n\n\n\n<p>Neben den folgenden gibt es noch weitere wichtige Akteure auf dem Markt. Sie tragen ebenfalls Millionen von Dollar zum Markt bei und bringen jeweils ihr ganz eigenes Design intelligenter Sensoren auf den Markt.<\/p>\n\n\n\n<h2 class=\"wp-block-heading\">Entwicklung und Trends im Markt f\u00fcr intelligente Sensoren<\/h2>\n\n\n\n<figure class=\"gb-block-image gb-block-image-0d674e79\"><img loading=\"lazy\" decoding=\"async\" width=\"1456\" height=\"816\" class=\"gb-image gb-image-0d674e79\" src=\"https:\/\/www.sisinternational.com\/wp-content\/uploads\/2025\/08\/Smart-sensor-3.jpg\" alt=\"SIS International Marktforschung &amp; Strategie\" title=\"Smart sensor (3)\" srcset=\"https:\/\/www.sisinternational.com\/wp-content\/uploads\/2025\/08\/Smart-sensor-3.jpg 1456w, https:\/\/www.sisinternational.com\/wp-content\/uploads\/2025\/08\/Smart-sensor-3-300x168.jpg 300w, https:\/\/www.sisinternational.com\/wp-content\/uploads\/2025\/08\/Smart-sensor-3-1024x574.jpg 1024w, https:\/\/www.sisinternational.com\/wp-content\/uploads\/2025\/08\/Smart-sensor-3-768x430.jpg 768w, https:\/\/www.sisinternational.com\/wp-content\/uploads\/2025\/08\/Smart-sensor-3-18x10.jpg 18w\" sizes=\"auto, (max-width: 1456px) 100vw, 1456px\"><\/figure>\n\n\n\n<p><\/p>\n\n\n\n<p>The smart sensor market maintains its growth with new opportunities based on <a href=\"https:\/\/www.sisinternational.com\/de\/intelligente-gesundheit\/\" title=\"Smart Health Marktforschung\"  data-wpil-monitor-id=\"1946\">innovative<\/a> designs and the Internet of Things that rely on them. All of this help innovate the smart sensor landscape and improve automation.<\/p>\n\n\n\n<h3 class=\"wp-block-heading\">Einige dieser Entwicklungen und Trends sind wie folgt:<\/h3>\n\n\n\n<ul class=\"wp-block-list\">\n<li><strong>Mikroelektromechanische Systeme (MEMS) dominieren den Markt:<\/strong> Auf MEMS-Technologie basierende Sensoren machen den Gro\u00dfteil des Marktes f\u00fcr intelligente Sensoren aus. Regelm\u00e4\u00dfig werden schnell wachsende Technologien eingef\u00fchrt, die die Dominanz der MEMS in den kommenden Jahren sicherstellen. MEMS festigt seine Position auch durch seine vorteilhaften Einsatzm\u00f6glichkeiten, wie verbesserte Genauigkeit, hohe Zuverl\u00e4ssigkeit, schnelle Bedienung, einfache Wartung und minimaler Energieverbrauch.<\/li>\n\n\n\n<li><strong>Nachfrage nach tragbaren Ger\u00e4ten mit intelligenten Sensoren:<\/strong> Verbraucher nutzen immer mehr tragbare Ger\u00e4te, um ihre biometrischen Daten zu verfolgen, insbesondere f\u00fcr Fitness- und medizinische Zwecke. Diese intelligenten Sensoren werden auch in andere Objekte wie Schuhe, Uhren und Datenbrillen integriert.<\/li>\n\n\n\n<li><strong>CO2-Sensoren und Gassensoren von Infineon:<\/strong> Infineon stellte seine neuen CO2-Sensoren vor, eine innovative L\u00f6sung, um der Nachfrage nach pr\u00e4ziser Raumluftqualit\u00e4t gerecht zu werden. Au\u00dferdem arbeitet das Unternehmen mit Rainforest Connection (RFXc) zusammen, um mithilfe der Gassensoren von Infineon die Artenvielfalt zu sch\u00fctzen und zu \u00fcberwachen.<\/li>\n\n\n\n<li><strong>Wachstum auf dem Markt f\u00fcr Unterhaltungselektronik:<\/strong> Der Elektronikmarkt wird von Unterhaltungselektronik dominiert, zu der Smartphones, Laptops und PCs geh\u00f6ren. Es werden jedoch neue Entwicklungen eingef\u00fchrt, um den Markt zu diversifizieren, wie z. B. Smart-TV und Smart-Home-Ger\u00e4te, die beide den Einsatz intelligenter Sensoren erfordern.<\/li>\n<\/ul>\n\n\n\n<h2 class=\"wp-block-heading\">Herausforderungen und Probleme mit dem Markt f\u00fcr intelligente Sensoren<\/h2>\n\n\n\n<figure class=\"gb-block-image gb-block-image-e08b0226\"><img loading=\"lazy\" decoding=\"async\" width=\"1456\" height=\"816\" class=\"gb-image gb-image-e08b0226\" src=\"https:\/\/www.sisinternational.com\/wp-content\/uploads\/2025\/08\/Smart-sensor-8.jpg\" alt=\"SIS International Marktforschung &amp; Strategie\" title=\"Smart sensor (8)\" srcset=\"https:\/\/www.sisinternational.com\/wp-content\/uploads\/2025\/08\/Smart-sensor-8.jpg 1456w, https:\/\/www.sisinternational.com\/wp-content\/uploads\/2025\/08\/Smart-sensor-8-300x168.jpg 300w, https:\/\/www.sisinternational.com\/wp-content\/uploads\/2025\/08\/Smart-sensor-8-1024x574.jpg 1024w, https:\/\/www.sisinternational.com\/wp-content\/uploads\/2025\/08\/Smart-sensor-8-768x430.jpg 768w, https:\/\/www.sisinternational.com\/wp-content\/uploads\/2025\/08\/Smart-sensor-8-18x10.jpg 18w\" sizes=\"auto, (max-width: 1456px) 100vw, 1456px\"><\/figure>\n\n\n\n<p><\/p>\n\n\n\n<h3 class=\"wp-block-heading\">Die folgenden Herausforderungen k\u00f6nnten dem Markt f\u00fcr intelligente Sensoren im Wege stehen:<\/h3>\n\n\n\n<ul class=\"wp-block-list\">\n<li><strong>Eine entscheidende Voraussetzung f\u00fcr die genaue Leistung intelligenter Sensoren:<\/strong> Intelligente Sensoren sind aufgrund ihrer pr\u00e4zisen Messungen \u00e4u\u00dferst wertvoll. Automatisierte Industrien sind in hohem Ma\u00dfe auf ihre Wirksamkeit angewiesen, daher wird Pr\u00e4zision als \u00e4u\u00dferst wichtig angesehen. Jeder Fehltritt oder jede Fehlkalkulation des intelligenten Sensors kann einen kostspieligen Fehler verursachen.<\/li>\n\n\n\n<li><strong>Wettlauf um Preis-, Energie- und Gr\u00f6\u00dfenreduzierung:<\/strong> <a href=\"https:\/\/www.sisinternational.com\/de\/globaler-markt-fur-automobilsensoren\/\" title=\"Marktforschung f\u00fcr Automobilsensoren\"  data-wpil-monitor-id=\"7520\">Researchers aim to make smart sensors<\/a> more accessible. Efforts are made to create ones at the nanoscale while improving device performance. To achieve this, it was already proposed to use 0D, 1D, and 2D materials with bio-inspired concepts.<\/li>\n\n\n\n<li><strong>Die Schwierigkeit, die Entwicklung in Echtzeit vorherzusagen:<\/strong> Manufacturers are challenged to expect and foresee the trends. Many industries are affected by the smart sensor market, and to cater to each of these industries&#8217; needs might require more than hindsight with <a href=\"https:\/\/www.sisinternational.com\/de\/intelligente-einzelhandelsmarktforschung\/\" title=\"Smart Retail Marktforschung\"  data-wpil-monitor-id=\"2535\">Marktforschung f\u00fcr intelligente Sensoren<\/a>.<\/li>\n<\/ul>","protected":false},"excerpt":{"rendered":"<p>Da Innovation im Technologiebereich weiterhin ein wichtiger Wachstumsfaktor ist, steigt auch die Nachfrage nach intelligenten Sensoren.<\/p>","protected":false},"author":1,"featured_media":64571,"parent":14514,"menu_order":309,"comment_status":"closed","ping_status":"closed","template":"","meta":{"footnotes":""},"class_list":["post-42693","page","type-page","status-publish","has-post-thumbnail"],"_links":{"self":[{"href":"https:\/\/www.sisinternational.com\/de\/wp-json\/wp\/v2\/pages\/42693","targetHints":{"allow":["GET"]}}],"collection":[{"href":"https:\/\/www.sisinternational.com\/de\/wp-json\/wp\/v2\/pages"}],"about":[{"href":"https:\/\/www.sisinternational.com\/de\/wp-json\/wp\/v2\/types\/page"}],"author":[{"embeddable":true,"href":"https:\/\/www.sisinternational.com\/de\/wp-json\/wp\/v2\/users\/1"}],"replies":[{"embeddable":true,"href":"https:\/\/www.sisinternational.com\/de\/wp-json\/wp\/v2\/comments?post=42693"}],"version-history":[{"count":9,"href":"https:\/\/www.sisinternational.com\/de\/wp-json\/wp\/v2\/pages\/42693\/revisions"}],"predecessor-version":[{"id":81146,"href":"https:\/\/www.sisinternational.com\/de\/wp-json\/wp\/v2\/pages\/42693\/revisions\/81146"}],"up":[{"embeddable":true,"href":"https:\/\/www.sisinternational.com\/de\/wp-json\/wp\/v2\/pages\/14514"}],"wp:featuredmedia":[{"embeddable":true,"href":"https:\/\/www.sisinternational.com\/de\/wp-json\/wp\/v2\/media\/64571"}],"wp:attachment":[{"href":"https:\/\/www.sisinternational.com\/de\/wp-json\/wp\/v2\/media?parent=42693"}],"curies":[{"name":"wp","href":"https:\/\/api.w.org\/{rel}","templated":true}]}}