{"id":42688,"date":"2023-05-03T16:21:11","date_gmt":"2023-05-03T20:21:11","guid":{"rendered":"https:\/\/www.sisinternational.com\/?page_id=42688"},"modified":"2026-01-25T18:15:24","modified_gmt":"2026-01-25T23:15:24","slug":"marktforschung-zur-produktuberlegenheit","status":"publish","type":"page","link":"https:\/\/www.sisinternational.com\/de\/sachverstand\/marktforschung-zur-produktuberlegenheit\/","title":{"rendered":"Marktforschung zur Produkt\u00fcberlegenheit"},"content":{"rendered":"<h1 class=\"wp-block-heading\">Marktforschung zur Produkt\u00fcberlegenheit<\/h1>\n\n\n\n<figure class=\"gb-block-image gb-block-image-4d8211a6\"><img loading=\"lazy\" decoding=\"async\" width=\"1456\" height=\"816\" class=\"gb-image gb-image-4d8211a6\" src=\"https:\/\/www.sisinternational.com\/wp-content\/uploads\/2025\/09\/Beauty-product-3.jpg\" alt=\"SIS International Marktforschung &amp; Strategie\" title=\"Beauty product (3)\" srcset=\"https:\/\/www.sisinternational.com\/wp-content\/uploads\/2025\/09\/Beauty-product-3.jpg 1456w, https:\/\/www.sisinternational.com\/wp-content\/uploads\/2025\/09\/Beauty-product-3-300x168.jpg 300w, https:\/\/www.sisinternational.com\/wp-content\/uploads\/2025\/09\/Beauty-product-3-1024x574.jpg 1024w, https:\/\/www.sisinternational.com\/wp-content\/uploads\/2025\/09\/Beauty-product-3-768x430.jpg 768w, https:\/\/www.sisinternational.com\/wp-content\/uploads\/2025\/09\/Beauty-product-3-18x10.jpg 18w\" sizes=\"auto, (max-width: 1456px) 100vw, 1456px\"><\/figure>\n\n\n\n<p><\/p>\n\n\n\n<p>Mithilfe von Marktforschung zur Produkt\u00fcberlegenheit k\u00f6nnen Unternehmen ihre k\u00fchnen Behauptungen und Aussagen in der modernen Gesch\u00e4ftslandschaft mit Daten untermauern.<\/p>\n\n\n\n<p>Um ihre Marktf\u00fchrerschaft zu untermauern, nutzen Unternehmen Marktforschung zur Produkt\u00fcberlegenheit, um ihre Produkte mit zuverl\u00e4ssigen Forschungsdaten zu untermauern.<\/p>\n\n\n\n<h2 class=\"wp-block-heading\">Was ist Marktforschung zur Produkt\u00fcberlegenheit?<\/h2>\n\n\n\n<p>The act of studying the competition and assessing its own performance against competitors while sustaining product superiority with accurate data constitutes product superiority market research. By doing this, companies can acquire valuable insights into their own strengths and weaknesses and improve their <a href=\"https:\/\/www.sisinternational.com\/de\/losungen\/reise-tourismus-und-gastgewerbeberatung\/hotelmanagementunternehmen-marktforschung-strategieberatung\/\" title=\"Marktforschung und Strategieberatung f\u00fcr Hotelmanagementunternehmen\"  data-wpil-monitor-id=\"9498\">Marketing Strategien<\/a> to outperform competitors.<\/p>\n\n\n\n<p>Dar\u00fcber hinaus k\u00f6nnen Unternehmen ihre Vertrauensw\u00fcrdigkeit erheblich steigern, indem sie ihre Behauptungen, warum ihre Produkte auf dem Markt \u00fcberlegen sind, mit Daten untermauern.<\/p>\n\n\n\n<p>Customer preferences and behavior may also be revealed through product superiority market research. Similarly, companies can improve their understanding of the target audience and customize their offerings by analyzing the competition and their own products. Therefore, this method has the potential to <a href=\"https:\/\/www.sisinternational.com\/de\/kundenzufriedenheitsanalyse\/\" title=\"8 M\u00f6glichkeiten zur Steigerung der Kundenzufriedenheit im Einzelhandel\"  data-wpil-monitor-id=\"9493\">boost customer satisfaction<\/a> and loyalty for companies, which can translate into increased earnings.<\/p>\n\n\n\n<p>Dar\u00fcber hinaus k\u00f6nnen mithilfe von Marktforschung neue Trends innerhalb ihrer Branche aufgezeigt werden. Um in einem sich schnell entwickelnden Markt wettbewerbsf\u00e4hig zu bleiben, k\u00f6nnen Unternehmen diese Informationen nutzen, um ihre Strategien und Angebote anzupassen, sich als Branchenf\u00fchrer zu positionieren und einen Wettbewerbsvorteil zu erlangen.<\/p>\n\n\n\n<h2 class=\"wp-block-heading\">Vorteile der Durchf\u00fchrung von Marktforschung zur Produkt\u00fcberlegenheit<\/h2>\n\n\n\n<ul class=\"wp-block-list\">\n<li>Product superiority market research provides companies with a competitive advantage, offering valuable insights and facilitating informed decision-making about their products and the reasons why they lead the <a href=\"https:\/\/www.sisinternational.com\/de\/losungen\/marktforschung-fur-schonheitsprodukte\/babyboomer-wellness-marktforschung\/\" title=\"Baby-Boomer-Wellness-Marktforschung\"  data-wpil-monitor-id=\"9500\">market and perform so well<\/a> for their consumers.<\/li>\n\n\n\n<li>Reliable data and insights enable businesses to make better decisions regarding <a href=\"https:\/\/www.sisinternational.com\/de\/losungen\/strategieberatung\/produkthaftung-marktforschung-strategieberatung\/\" title=\"Produkthaftung Marktforschung und Strategieberatung\"  data-wpil-monitor-id=\"9495\">product development and marketing strategies<\/a> as well as pricing and expansion into new markets.<\/li>\n\n\n\n<li>Die Entwicklung von Produkten und Dienstleistungen, die auf die Zielgruppe zugeschnitten sind, ist durch das Verst\u00e4ndnis der Bed\u00fcrfnisse und Vorlieben der Kunden m\u00f6glich. Um langfristigen Erfolg zu erzielen, sind eine h\u00f6here Kundenzufriedenheit und -treue erforderlich.<\/li>\n\n\n\n<li>Unternehmen k\u00f6nnen mit den Kundenpr\u00e4ferenzen und Markttrends Schritt halten, indem sie Marktforschung zur Produkt\u00fcberlegenheit betreiben und ihre Marketingkampagnen sowohl f\u00fcr bestehende Produkte als auch f\u00fcr zuk\u00fcnftige Markteinf\u00fchrungen verbessern.<\/li>\n\n\n\n<li>Es liefert Erkenntnisse zu neuen Trends und technologischen Fortschritten sowie zu Kundenpr\u00e4ferenzen. Diese k\u00f6nnen genutzt werden, um Innovationen voranzutreiben und Unternehmen dabei zu helfen, sich von der Konkurrenz abzuheben. So entstehen einzigartige Ideen, an die Forscher wahrscheinlich noch gar nicht gedacht haben.<\/li>\n\n\n\n<li>Unternehmen k\u00f6nnen ihre Erfolgschancen erh\u00f6hen, indem sie datenbasierte Strategien entwickeln und Erkenntnisse in die strategische Planung einbeziehen. Eine effektive Ressourcenzuweisung sorgt f\u00fcr eine optimierte Kapitalrendite.<\/li>\n<\/ul>\n\n\n\n<h2 class=\"wp-block-heading\">Herausforderungen<\/h2>\n\n\n\n<p>Diese Art der Forschung kann Unternehmen zwar wertvolle Erkenntnisse liefern, ist jedoch auch mit einigen Herausforderungen verbunden. Hier sind einige der Herausforderungen bei der Durchf\u00fchrung von Marktforschung zur Produkt\u00fcberlegenheit:<\/p>\n\n\n\n<ul class=\"wp-block-list\">\n<li>Obtaining accurate and reliable data can be challenging, particularly when evaluating multiple products across different categories. If the research includes subjective factors like user <a href=\"https:\/\/www.sisinternational.com\/de\/qualitative-research-to-enhance-customer-experience\/\" title=\"Qualitative Research to Enhance Customer Experience\"  data-wpil-monitor-id=\"9499\">experience and customer<\/a> satisfaction, it can become even more complex.<\/li>\n\n\n\n<li>Die Auswahl geeigneter Wettbewerber zum Vergleich kann schwierig sein, da es auf dem Markt mehrere \u00e4hnliche oder unterschiedliche Produkte gibt. Es kann eine Herausforderung sein, zu entscheiden, welche Produkte verglichen werden sollen und wie die Unterschiede quantifiziert werden sollen.<\/li>\n\n\n\n<li>Die Genauigkeit und Zuverl\u00e4ssigkeit von Forschungsergebnissen kann erheblich durch die Gr\u00f6\u00dfe und Repr\u00e4sentativit\u00e4t der Stichprobe beeinflusst werden. Es kann schwierig sein, eine repr\u00e4sentative Stichprobe des Zielmarktes zu erhalten, was m\u00f6glicherweise zu verzerrten Ergebnissen f\u00fchren kann.<\/li>\n\n\n\n<li>Die Durchf\u00fchrung von Produkt\u00fcberlegenheitsstudien kann kostspielig sein, insbesondere wenn mehrere Produkte bewertet werden und eine gro\u00dfe Stichprobe erforderlich ist. F\u00fcr kleine Unternehmen oder Startups mit begrenzten Ressourcen kann dies eine Herausforderung sein.<\/li>\n\n\n\n<li>Die Bewertung mehrerer Produkte in unterschiedlichen Kategorien kann bei der Untersuchung zur Ermittlung der Produkt\u00fcberlegenheit zeitaufw\u00e4ndig sein. Die Markteinf\u00fchrung eines neuen Produkts oder einer neuen Funktion kann sich verz\u00f6gern, was sich auf die Wettbewerbsf\u00e4higkeit des Unternehmens auswirken kann.<\/li>\n<\/ul>\n\n\n\n<h2 class=\"wp-block-heading\">\u00dcberlegungen zur Durchf\u00fchrung von Marktforschung zur Produkt\u00fcberlegenheit<\/h2>\n\n\n\n<p>Marktforschung zur Produkt\u00fcberlegenheit bietet Unternehmen wichtige Erkenntnisse und einen Wettbewerbsvorteil. Sie bringt jedoch auch gewisse Herausforderungen mit sich und erfordert sorgf\u00e4ltige \u00dcberlegungen. Ber\u00fccksichtigen Sie bei der Durchf\u00fchrung von Marktforschung zur Produkt\u00fcberlegenheit diese Schl\u00fcsselfaktoren:<\/p>\n\n\n\n<ul class=\"wp-block-list\">\n<li>Um eine erfolgreiche Marktforschung zu gew\u00e4hrleisten, ist es wichtig, die Qualit\u00e4t und Genauigkeit der gesammelten Daten sicherzustellen. Um Fehler und Verzerrungen in ihren Daten zu minimieren, sollten Unternehmen zuverl\u00e4ssige Informationsquellen ausw\u00e4hlen und geeignete Stichprobenmethoden verwenden.<\/li>\n\n\n\n<li>Die Durchf\u00fchrung von Marktforschung zur Produkt\u00fcberlegenheit kann ressourcenintensiv sein. Sie erfordert erhebliche Investitionen in Zeit, Technologie und Personal. Um eine erfolgreiche Ressourcenzuweisung und Kostenverwaltung im Gesch\u00e4ftsbetrieb zu erreichen, muss das richtige Gleichgewicht zwischen dem Gewinnen n\u00fctzlicher Erkenntnisse und der Wahrung eines optimalen Budgets gefunden werden.<\/li>\n\n\n\n<li>F\u00fcr Forscher, die jede m\u00f6gliche Beeinflussung ihrer Forschungsergebnisse vermeiden m\u00fcssen, ist es von entscheidender Bedeutung, Objektivit\u00e4t zu wahren und Voreingenommenheit zu vermeiden. Um sicherzustellen, dass die Integrit\u00e4t der Forschung erhalten bleibt, m\u00fcssen Best\u00e4tigungsfehler und Auswahlverzerrungen sowie andere m\u00f6gliche Fallstricke ber\u00fccksichtigt werden.<\/li>\n\n\n\n<li>To stay relevant in today&#8217;s rapidly changing markets, <a href=\"https:\/\/www.sisinternational.com\/de\/losungen\/fintech-strategieberatung-forschung\/betriebsunterbrechungsversicherung-marktforschung-strategieberatung\/\" title=\"Marktforschung und Strategieberatung zur Betriebsunterbrechungsversicherung\"  data-wpil-monitor-id=\"9496\">businesses need to adjust their research strategies<\/a> and methodologies quickly. Updating <a href=\"https:\/\/www.sisinternational.com\/de\/abdeckung\/europa\/marktforschung-liverpool-grosbritannien\/\" title=\"Marktforschung in Liverpool | Fokusgruppen und Datenerfassung in Gro\u00dfbritannien\"  data-wpil-monitor-id=\"9494\">research questions or refining data collection<\/a> methods along with incorporating new technologies can help in staying relevant.<\/li>\n\n\n\n<li>Achieving a comprehensive understanding of the market involves balancing both quantitative and qualitative <a href=\"https:\/\/www.sisinternational.com\/de\/abdeckung\/marktforschung-asien\/marktforschung-in-timor\/\" title=\"Marktforschung in Timor\"  data-wpil-monitor-id=\"4737\">Forschung<\/a> methods in product superiority market research. A complete and accurate perception of their target audience and <a href=\"https:\/\/www.sisinternational.com\/de\/sachverstand\/branchen\/automobilmarktforschung\/statische-vs-dynamische-autokliniken\/\" title=\"Market Research Methods for Automotive Research &#8211; Static vs Dynamic Car Clinics\"  data-wpil-monitor-id=\"9497\">market dynamics<\/a> can be achieved through careful selection and balance of these methods.<\/li>\n\n\n\n<li>Um den Einfluss von Forschungsergebnissen auf Gesch\u00e4ftsentscheidungen zu maximieren, bedarf es einer effektiven Interpretation und Kommunikation. Es ist notwendig, komplexe Daten und Erkenntnisse in einfache Vorschl\u00e4ge umzuwandeln, die Entscheidungstr\u00e4ger problemlos verstehen k\u00f6nnen.<\/li>\n\n\n\n<li>Eine der gr\u00f6\u00dften Herausforderungen bei der Marktforschung zur Produkt\u00fcberlegenheit ist die Nichtverf\u00fcgbarkeit geeigneter Daten. In bestimmten Branchen mangelt es m\u00f6glicherweise an leicht verf\u00fcgbaren Informationen oder die vorhandenen Daten sind m\u00f6glicherweise nicht vertrauensw\u00fcrdig oder pr\u00e4zise.<\/li>\n\n\n\n<li>Der Vergleich von Daten aus mehreren Quellen ist f\u00fcr pr\u00e4zise Unternehmensvergleiche in der Marktforschung zur Produkt\u00fcberlegenheit unerl\u00e4sslich. Die Herausforderung entsteht, wenn die Daten nicht \u00fcber alle Quellen hinweg konsistent oder standardisiert sind.<\/li>\n\n\n\n<li>In bestimmten Situationen kann es sich als schwierig erweisen, eine ausreichend gro\u00dfe Stichprobe zu erhalten, um eine wirksame Marktforschung zur Produkt\u00fcberlegenheit durchzuf\u00fchren.<\/li>\n<\/ul>","protected":false},"excerpt":{"rendered":"<p>Um ihre Marktf\u00fchrerschaft zu untermauern, nutzen Unternehmen Marktforschung zur Produkt\u00fcberlegenheit, um ihre Produkte mit zuverl\u00e4ssigen Forschungsdaten zu untermauern.<\/p>","protected":false},"author":1,"featured_media":68806,"parent":14514,"menu_order":308,"comment_status":"closed","ping_status":"closed","template":"","meta":{"footnotes":""},"class_list":["post-42688","page","type-page","status-publish","has-post-thumbnail"],"_links":{"self":[{"href":"https:\/\/www.sisinternational.com\/de\/wp-json\/wp\/v2\/pages\/42688","targetHints":{"allow":["GET"]}}],"collection":[{"href":"https:\/\/www.sisinternational.com\/de\/wp-json\/wp\/v2\/pages"}],"about":[{"href":"https:\/\/www.sisinternational.com\/de\/wp-json\/wp\/v2\/types\/page"}],"author":[{"embeddable":true,"href":"https:\/\/www.sisinternational.com\/de\/wp-json\/wp\/v2\/users\/1"}],"replies":[{"embeddable":true,"href":"https:\/\/www.sisinternational.com\/de\/wp-json\/wp\/v2\/comments?post=42688"}],"version-history":[{"count":5,"href":"https:\/\/www.sisinternational.com\/de\/wp-json\/wp\/v2\/pages\/42688\/revisions"}],"predecessor-version":[{"id":81585,"href":"https:\/\/www.sisinternational.com\/de\/wp-json\/wp\/v2\/pages\/42688\/revisions\/81585"}],"up":[{"embeddable":true,"href":"https:\/\/www.sisinternational.com\/de\/wp-json\/wp\/v2\/pages\/14514"}],"wp:featuredmedia":[{"embeddable":true,"href":"https:\/\/www.sisinternational.com\/de\/wp-json\/wp\/v2\/media\/68806"}],"wp:attachment":[{"href":"https:\/\/www.sisinternational.com\/de\/wp-json\/wp\/v2\/media?parent=42688"}],"curies":[{"name":"wp","href":"https:\/\/api.w.org\/{rel}","templated":true}]}}