{"id":42686,"date":"2023-05-03T15:49:01","date_gmt":"2023-05-03T19:49:01","guid":{"rendered":"https:\/\/www.sisinternational.com\/?page_id=42686"},"modified":"2026-01-26T17:13:45","modified_gmt":"2026-01-26T22:13:45","slug":"pharmacy-benefit-manager-pbm-marktforschung","status":"publish","type":"page","link":"https:\/\/www.sisinternational.com\/de\/sachverstand\/pharmacy-benefit-manager-pbm-marktforschung\/","title":{"rendered":"Pharmacy Benefit Manager (PBM) Marktforschung"},"content":{"rendered":"<h1 class=\"wp-block-heading\">Pharmacy Benefit Manager (PBM) Marktforschung<\/h1>\n\n\n\n<figure class=\"gb-block-image gb-block-image-581ee796\"><img loading=\"lazy\" decoding=\"async\" width=\"1456\" height=\"816\" class=\"gb-image gb-image-581ee796\" src=\"https:\/\/www.sisinternational.com\/wp-content\/uploads\/2025\/08\/Pharmaceutical-6.jpg\" alt=\"SIS International Marktforschung &amp; Strategie\" title=\"Pharmaceutical (6)\" srcset=\"https:\/\/www.sisinternational.com\/wp-content\/uploads\/2025\/08\/Pharmaceutical-6.jpg 1456w, https:\/\/www.sisinternational.com\/wp-content\/uploads\/2025\/08\/Pharmaceutical-6-300x168.jpg 300w, https:\/\/www.sisinternational.com\/wp-content\/uploads\/2025\/08\/Pharmaceutical-6-1024x574.jpg 1024w, https:\/\/www.sisinternational.com\/wp-content\/uploads\/2025\/08\/Pharmaceutical-6-768x430.jpg 768w, https:\/\/www.sisinternational.com\/wp-content\/uploads\/2025\/08\/Pharmaceutical-6-18x10.jpg 18w\" sizes=\"auto, (max-width: 1456px) 100vw, 1456px\"><\/figure>\n\n\n\n<p><\/p>\n\n\n\n<p>Die PBM-Marktforschung ist ein wichtiges Instrument zum Verst\u00e4ndnis der Dynamik und Trends dieser Branche. PBMs fungieren als Vermittler im Gesundheitssystem und \u00fcbernehmen die Verantwortung f\u00fcr die Verwaltung der Leistungen f\u00fcr verschreibungspflichtige Medikamente f\u00fcr Krankenkassen, Arbeitgeber und staatliche Programme.<\/p>\n\n\n\n<p>Sie verhandeln mit Arzneimittelherstellern \u00fcber die Festlegung von Medikamentenpreisen, erstellen Arzneimittelformeln und \u00fcberwachen Apothekennetzwerke, um eine effiziente und kosteng\u00fcnstige Medikamentenlieferung an Patienten sicherzustellen. Da die Nachfrage nach Gesundheitsdienstleistungen weiter steigt, haben Stakeholder und Investoren daher ein gro\u00dfes Interesse an der PBM-Marktforschung gezeigt.<\/p>\n\n\n\n<h2 class=\"wp-block-heading\">Was ist Pharmacy Benefit Manager (PBM)-Marktforschung?<\/h2>\n\n\n\n<p>Die PBM-Marktforschung umfasst einen methodischen Ansatz zur Erfassung, Analyse und Erfassung von Daten im Zusammenhang mit der Pharmaindustrie. Die Forschung soll n\u00fctzliche Einblicke in den aktuellen Zustand des Marktes bieten, beispielsweise Gr\u00f6\u00dfe, Trends, Wachstumspotenzial, beh\u00f6rdliche Anforderungen, Wettbewerbsumfeld und Verbraucherpr\u00e4ferenzen. Dar\u00fcber hinaus hilft sie dabei, neue Chancen und Hindernisse zu erkennen, die die Branche st\u00fctzen, sodass Entscheidungstr\u00e4ger fundierte Entscheidungen treffen und wirksame Wachstumsstrategien entwickeln k\u00f6nnen, die einen anhaltenden Erfolg sicherstellen.<\/p>\n\n\n\n<p>Aus diesem Grund k\u00f6nnen Organisationen ein tiefes Verst\u00e4ndnis der Faktoren erlangen, die den Wandel in der PBM-Branche vorantreiben, und wertvolle Einblicke in die Zukunft des Marktes gewinnen. Diese Forschung kann insbesondere f\u00fcr Krankenkassen, Arbeitgeber, Beh\u00f6rden, Pharmahersteller und andere Branchenteilnehmer n\u00fctzlich sein, die sich in der komplexen und wettbewerbsintensiven Landschaft des PBM-Marktes zurechtfinden m\u00fcssen.<\/p>\n\n\n\n<h2 class=\"wp-block-heading\">Die entscheidende Rolle der Pharmacy Benefit Manager (PBM)-Marktforschung f\u00fcr Unternehmen<\/h2>\n\n\n\n<figure class=\"gb-block-image gb-block-image-3fac324b\"><img loading=\"lazy\" decoding=\"async\" width=\"1456\" height=\"816\" class=\"gb-image gb-image-3fac324b\" src=\"https:\/\/www.sisinternational.com\/wp-content\/uploads\/2025\/08\/Pharmaceutical-22.jpg\" alt=\"SIS International Marktforschung &amp; Strategie\" title=\"Pharmaceutical (22)\" srcset=\"https:\/\/www.sisinternational.com\/wp-content\/uploads\/2025\/08\/Pharmaceutical-22.jpg 1456w, https:\/\/www.sisinternational.com\/wp-content\/uploads\/2025\/08\/Pharmaceutical-22-300x168.jpg 300w, https:\/\/www.sisinternational.com\/wp-content\/uploads\/2025\/08\/Pharmaceutical-22-1024x574.jpg 1024w, https:\/\/www.sisinternational.com\/wp-content\/uploads\/2025\/08\/Pharmaceutical-22-768x430.jpg 768w, https:\/\/www.sisinternational.com\/wp-content\/uploads\/2025\/08\/Pharmaceutical-22-18x10.jpg 18w\" sizes=\"auto, (max-width: 1456px) 100vw, 1456px\"><\/figure>\n\n\n\n<p><\/p>\n\n\n\n<p>PBM market research empowers stakeholders to make informed decisions, devise effective strategies, and attain sustainable growth. Essentially, it equips businesses with the necessary tools to stay ahead of the curve and succeed in a highly competitive market. The following points highlight the importance of <a href=\"https:\/\/www.sisinternational.com\/de\/sachverstand\/branchen\/point-sale-marktforschung\/\" title=\"Point of Sale-Marktforschung\"  data-wpil-monitor-id=\"4917\">PBM market research<\/a> for businesses:<\/p>\n\n\n\n<ul class=\"wp-block-list\">\n<li><strong>Informierte Entscheidungsfindung:<\/strong> Durch die Durchf\u00fchrung gr\u00fcndlicher Marktforschung erhalten Unternehmen wertvolle Einblicke in den aktuellen Zustand des PBM-Sektors und k\u00f6nnen zuk\u00fcnftige Entwicklungen vorhersagen.<\/li>\n\n\n\n<li><strong>Chancen und Risiken erkennen:<\/strong> Durch die Analyse von Trends und Daten k\u00f6nnen Unternehmen neue M\u00e4rkte, technologische Fortschritte und innovative Serviceangebote identifizieren, die ihren Wettbewerbsvorteil steigern k\u00f6nnen. Mithilfe dieser Informationen k\u00f6nnen Unternehmen diese Aussichten nutzen und ihren Vorsprung auf dem Markt behaupten.<\/li>\n\n\n\n<li><strong>Wettbewerbsvorteil:<\/strong> Durch die Durchf\u00fchrung von PBM-Marktforschung k\u00f6nnen Unternehmen wertvolle Erkenntnisse \u00fcber die Taktiken und Erfolge ihrer Konkurrenten gewinnen und sich so einen Wettbewerbsvorteil verschaffen.<\/li>\n\n\n\n<li><strong>Einhaltung gesetzlicher Vorschriften:<\/strong> Die PBM-Branche operiert in einem stark regulierten Umfeld. \u00c4nderungen der Vorschriften k\u00f6nnen erhebliche Auswirkungen auf die Marktdynamik haben und den Betrieb von Unternehmen in der Branche st\u00f6ren. Um immer einen Schritt voraus zu sein, ist PBM-Marktforschung unerl\u00e4sslich, um auf dem Laufenden zu bleiben und sich rechtzeitig an neue Anforderungen anzupassen.<\/li>\n\n\n\n<li><strong>Risikomanagement:<\/strong> Die Marktforschung von PBM bietet Unternehmen eine ganzheitliche Perspektive auf den Markt, sodass sie potenzielle Gefahren erkennen und wirksame Strategien entwickeln k\u00f6nnen, um ihnen zu begegnen. Dieser proaktive Risikomanagementansatz ist entscheidend f\u00fcr die Gew\u00e4hrleistung der langfristigen Rentabilit\u00e4t eines Unternehmens.<\/li>\n<\/ul>\n\n\n\n<h2 class=\"wp-block-heading\">Wichtige Chancen<\/h2>\n\n\n\n<ul class=\"wp-block-list\">\n<li><strong>Wachstumssegmente identifizieren:<\/strong> Die Durchf\u00fchrung von Marktforschung in der PBM-Branche kann ein effektiver Weg sein, um die wachstumsstarken Segmente zu identifizieren, darunter Spezialapothekendienste, wertorientierte Pflegemodelle und digitale Gesundheitsplattformen. Durch ein umfassendes Verst\u00e4ndnis dieser aufkommenden Trends k\u00f6nnen Unternehmen ihre Ressourcen zuweisen und Strategien entwickeln, um die Bereiche mit dem gr\u00f6\u00dften Expansions- und Rentabilit\u00e4tspotenzial zu nutzen.<\/li>\n\n\n\n<li><strong>Verbesserung des Kundenerlebnisses:<\/strong> Durch die Durchf\u00fchrung von PBM-Marktforschung k\u00f6nnen Unternehmen wertvolle Informationen \u00fcber Kundenpr\u00e4ferenzen, Verhaltensweisen und Unzufriedenheitsbereiche gewinnen. Dieses Wissen kann verwendet werden, um Gesch\u00e4ftsdienste anzupassen und zu verbessern, was zu einer h\u00f6heren Kundenzufriedenheit, Loyalit\u00e4t und einer allgemeinen Steigerung der finanziellen Leistung des Unternehmens f\u00fchrt.<\/li>\n\n\n\n<li><strong>Optimizing cost <\/strong><a href=\"https:\/\/www.sisinternational.com\/de\/der-globale-talentmangel-ein-whitepaper-von-ruth-stanat\/\" title=\"Talent Management Marktforschung\"  data-wpil-monitor-id=\"2198\">management strategies: By undertaking comprehensive market research<\/a>, businesses can uncover valuable insights that can be leveraged to identify cost-saving opportunities and optimize their operations. Some of the strategies that can be adopted to achieve this end include implementing more efficient drug utilization review processes, negotiating better pricing with manufacturers, and using data analytics to identify and address cost drivers.<\/li>\n\n\n\n<li><strong>Nutzung von Datenanalyse und Technologie:<\/strong> Die PBM-Marktforschung hat das Potenzial, ungenutzte Erkenntnisse freizusetzen, um mithilfe von Analysen und Spitzentechnologie Abl\u00e4ufe zu rationalisieren, die Kundenzufriedenheit zu erh\u00f6hen und das Endergebnis zu optimieren. So k\u00f6nnen beispielsweise k\u00fcnstliche Intelligenz und maschinelles Lernen f\u00fcr ein effektives Medikamentennutzungsmanagement genutzt werden, w\u00e4hrend digitale Gesundheitstools eine personalisierte Patienteneinbindung erm\u00f6glichen k\u00f6nnen.<\/li>\n\n\n\n<li><strong>Expansion in neue M\u00e4rkte und Partnerschaften:<\/strong> Die Durchf\u00fchrung von PBM-Marktforschung in der PBM-Branche kann sich f\u00fcr Unternehmen, die ihren Horizont erweitern m\u00f6chten, als wertvolles Gut erweisen. Durch die Analyse von Markttrends und Kundenpr\u00e4ferenzen k\u00f6nnen Unternehmen potenzielle Chancen entdecken, wie z. B. die Expansion in globale M\u00e4rkte, die Bildung von Allianzen mit Gesundheitsdienstleistern oder die Zusammenarbeit mit digitalen Gesundheits-Startups.<\/li>\n\n\n\n<li><strong>F\u00f6rderung von Innovationen in der PBM-Branche:<\/strong> PBM-Marktforschung kann unerf\u00fcllte Bed\u00fcrfnisse und Marktl\u00fccken aufdecken und Innovationen bei Produkten und Dienstleistungen anregen. Durch die Identifizierung dieser M\u00f6glichkeiten k\u00f6nnen Unternehmen innovative L\u00f6sungen entwickeln, die die Probleme der Kunden angehen und sie von der Konkurrenz abheben.<\/li>\n\n\n\n<li><strong>Transparenz und Vertrauen st\u00e4rken:<\/strong> Der Einsatz von PBM-Marktforschung ist eine effektive Strategie f\u00fcr Unternehmen, die nach M\u00f6glichkeiten suchen, die Transparenz ihrer Betriebsabl\u00e4ufe zu erh\u00f6hen, insbesondere in Bereichen wie Arzneimittelpreisen, Rabatten und Arzneimittellistenverwaltung. Mehr Transparenz kann das Vertrauen von Kunden, Patienten und Aufsichtsbeh\u00f6rden st\u00e4rken und letztlich zu gr\u00f6\u00dferen Marktanteilen sowie langfristigem Wachstum und Wohlstand f\u00fchren.<\/li>\n<\/ul>\n\n\n\n<h2 class=\"wp-block-heading\">Die gr\u00f6\u00dften Herausforderungen der PBM-Marktforschung<\/h2>\n\n\n\n<figure class=\"gb-block-image gb-block-image-ff1df4fb\"><img loading=\"lazy\" decoding=\"async\" width=\"1456\" height=\"816\" class=\"gb-image gb-image-ff1df4fb\" src=\"https:\/\/www.sisinternational.com\/wp-content\/uploads\/2025\/08\/Pharmaceutical-14.jpg\" alt=\"SIS International Marktforschung &amp; Strategie\" title=\"Pharmaceutical (14)\" srcset=\"https:\/\/www.sisinternational.com\/wp-content\/uploads\/2025\/08\/Pharmaceutical-14.jpg 1456w, https:\/\/www.sisinternational.com\/wp-content\/uploads\/2025\/08\/Pharmaceutical-14-300x168.jpg 300w, https:\/\/www.sisinternational.com\/wp-content\/uploads\/2025\/08\/Pharmaceutical-14-1024x574.jpg 1024w, https:\/\/www.sisinternational.com\/wp-content\/uploads\/2025\/08\/Pharmaceutical-14-768x430.jpg 768w, https:\/\/www.sisinternational.com\/wp-content\/uploads\/2025\/08\/Pharmaceutical-14-18x10.jpg 18w\" sizes=\"auto, (max-width: 1456px) 100vw, 1456px\"><\/figure>\n\n\n\n<ul class=\"wp-block-list\">\n<li><strong>Eingeschr\u00e4nkter Datenzugriff:<\/strong> Der Bereich der PBM-Marktforschung steht vor mehreren Herausforderungen, wenn es um die Erfassung relevanter Daten geht, da Datenschutzgesetze, Datenschutz und Wettbewerb den Zugriff auf diese wertvollen Informationen einschr\u00e4nken k\u00f6nnen. Forscher k\u00f6nnen auf Hindernisse sto\u00dfen, wenn sie versuchen, Daten zu Medikamentenkonsumtrends, Rabatten, Arzneimittellistendesigns und anderen wichtigen Aspekten der PBM-Marktforschung zu sammeln.<\/li>\n\n\n\n<li><strong>Dynamisches Marktumfeld:<\/strong> The dynamic PBM industry is constantly transforming due to shifts in legislation, regulations, drug pricing, and healthcare consumer behavior. These ongoing changes pose a challenge for <a href=\"https:\/\/www.sisinternational.com\/de\/sachverstand\/branchen\/nudeln-marktforschung\/\" title=\"Marktforschung f\u00fcr Nudeln\"  data-wpil-monitor-id=\"3055\">researchers seeking to obtain up-to-date market<\/a> data, as outdated information can result in flawed market analyses.<\/li>\n\n\n\n<li><strong>Wettbewerb und Markts\u00e4ttigung:<\/strong> Der PBM-Markt ist hart umk\u00e4mpft und wird von mehreren gro\u00dfen Akteuren dominiert. Forscher haben m\u00f6glicherweise Schwierigkeiten, an Informationen zu den Strategien, Gesch\u00e4ftsmodellen und Preisstrategien der Wettbewerber zu gelangen.<\/li>\n\n\n\n<li><strong>Begrenzte Ressourcen:<\/strong> Conducting PBM market <a href=\"https:\/\/www.sisinternational.com\/de\/sachverstand\/branchen\/marktforschung-zur-abfallwirtschaft\/\" title=\"Marktforschung zur Abfallwirtschaft\"  data-wpil-monitor-id=\"5979\">Forschung<\/a> can be costly and require significant resources such as data management and analytics tools. Limited resources can lead to compromised research quality and incomplete data analysis.<\/li>\n<\/ul>\n\n\n\n<h2 class=\"wp-block-heading\">Zuk\u00fcnftige Marktaussichten und Wachstumschancen<\/h2>\n\n\n\n<figure class=\"gb-block-image gb-block-image-27ec4735\"><img loading=\"lazy\" decoding=\"async\" width=\"1456\" height=\"816\" class=\"gb-image gb-image-27ec4735\" src=\"https:\/\/www.sisinternational.com\/wp-content\/uploads\/2025\/08\/Pharmaceutical-29.jpg\" alt=\"SIS International Marktforschung &amp; Strategie\" title=\"Pharmaceutical (29)\" srcset=\"https:\/\/www.sisinternational.com\/wp-content\/uploads\/2025\/08\/Pharmaceutical-29.jpg 1456w, https:\/\/www.sisinternational.com\/wp-content\/uploads\/2025\/08\/Pharmaceutical-29-300x168.jpg 300w, https:\/\/www.sisinternational.com\/wp-content\/uploads\/2025\/08\/Pharmaceutical-29-1024x574.jpg 1024w, https:\/\/www.sisinternational.com\/wp-content\/uploads\/2025\/08\/Pharmaceutical-29-768x430.jpg 768w, https:\/\/www.sisinternational.com\/wp-content\/uploads\/2025\/08\/Pharmaceutical-29-18x10.jpg 18w\" sizes=\"auto, (max-width: 1456px) 100vw, 1456px\"><\/figure>\n\n\n\n<ul class=\"wp-block-list\">\n<li>Es wird erwartet, dass der PBM-Markt auch in Zukunft weiter w\u00e4chst. Grund daf\u00fcr sind Faktoren wie die alternde Bev\u00f6lkerung, die zunehmende Verbreitung chronischer Krankheiten und die steigende Nachfrage nach kosteneffizienten Gesundheitsl\u00f6sungen.<\/li>\n\n\n\n<li>As healthcare systems in developing countries continue to improve, PBMs have the opportunity to enter these <a href=\"https:\/\/www.sisinternational.com\/de\/losungen\/qualitative-quantitative-forschungslosungen\/marktforschung-zum-facility-management\/\" title=\"Marktforschung f\u00fcr das Facility Management\"  data-wpil-monitor-id=\"6453\">markets and provide cost-effective prescription drug management<\/a> services.<\/li>\n\n\n\n<li>Der Einsatz innovativer Technologien wie KI, Big Data-Analyse und Telemedizin kann den PBM-Betrieb optimieren, die Patientenversorgung verbessern und Kosten senken.<\/li>\n\n\n\n<li>Da der Fokus zunehmend auf personalisierter Medizin und Spezialmedikamenten liegt, k\u00f6nnen PBMs von diesem Trend profitieren, indem sie gezielte Dienstleistungen und L\u00f6sungen f\u00fcr die Verwaltung dieser komplexen Therapien anbieten.<\/li>\n<\/ul>\n\n\n\n<p>SIS International bietet quantitative, qualitative und strategische Forschung an. Wir liefern Daten, Tools, Strategien, Berichte und Erkenntnisse zur Entscheidungsfindung. Wir f\u00fchren Interviews, Umfragen, Fokusgruppen und viele andere Methoden und Ans\u00e4tze der Marktforschung durch. Kontaktieren Sie uns f\u00fcr Ihr n\u00e4chstes Marktforschungsprojekt.<\/p>","protected":false},"excerpt":{"rendered":"<p>Die PBM-Marktforschung umfasst einen methodischen Ansatz zur Erfassung, Analyse und zum Verst\u00e4ndnis von Daten aus der Pharmaindustrie.<\/p>","protected":false},"author":1,"featured_media":62853,"parent":14514,"menu_order":307,"comment_status":"closed","ping_status":"closed","template":"","meta":{"footnotes":""},"class_list":["post-42686","page","type-page","status-publish","has-post-thumbnail"],"_links":{"self":[{"href":"https:\/\/www.sisinternational.com\/de\/wp-json\/wp\/v2\/pages\/42686","targetHints":{"allow":["GET"]}}],"collection":[{"href":"https:\/\/www.sisinternational.com\/de\/wp-json\/wp\/v2\/pages"}],"about":[{"href":"https:\/\/www.sisinternational.com\/de\/wp-json\/wp\/v2\/types\/page"}],"author":[{"embeddable":true,"href":"https:\/\/www.sisinternational.com\/de\/wp-json\/wp\/v2\/users\/1"}],"replies":[{"embeddable":true,"href":"https:\/\/www.sisinternational.com\/de\/wp-json\/wp\/v2\/comments?post=42686"}],"version-history":[{"count":8,"href":"https:\/\/www.sisinternational.com\/de\/wp-json\/wp\/v2\/pages\/42686\/revisions"}],"predecessor-version":[{"id":80036,"href":"https:\/\/www.sisinternational.com\/de\/wp-json\/wp\/v2\/pages\/42686\/revisions\/80036"}],"up":[{"embeddable":true,"href":"https:\/\/www.sisinternational.com\/de\/wp-json\/wp\/v2\/pages\/14514"}],"wp:featuredmedia":[{"embeddable":true,"href":"https:\/\/www.sisinternational.com\/de\/wp-json\/wp\/v2\/media\/62853"}],"wp:attachment":[{"href":"https:\/\/www.sisinternational.com\/de\/wp-json\/wp\/v2\/media?parent=42686"}],"curies":[{"name":"wp","href":"https:\/\/api.w.org\/{rel}","templated":true}]}}