{"id":42680,"date":"2023-05-03T14:06:45","date_gmt":"2023-05-03T18:06:45","guid":{"rendered":"https:\/\/www.sisinternational.com\/?page_id=42680"},"modified":"2026-01-25T17:19:14","modified_gmt":"2026-01-25T22:19:14","slug":"next-generation-technologies-market-research","status":"publish","type":"page","link":"https:\/\/www.sisinternational.com\/de\/expertise\/next-generation-technologies-market-research\/","title":{"rendered":"Marktforschung zu Technologien der n\u00e4chsten Generation"},"content":{"rendered":"<h1 class=\"wp-block-heading\">Marktforschung zu Technologien der n\u00e4chsten Generation<\/h1>\n\n\n\n<figure class=\"gb-block-image gb-block-image-aa6b2a93\"><img loading=\"lazy\" decoding=\"async\" width=\"1456\" height=\"816\" class=\"gb-image gb-image-aa6b2a93\" src=\"https:\/\/www.sisinternational.com\/wp-content\/uploads\/2025\/09\/Fintech-4.jpg\" alt=\"SIS International Market Research &amp; Strategy\" title=\"Fintech (4)\" srcset=\"https:\/\/www.sisinternational.com\/wp-content\/uploads\/2025\/09\/Fintech-4.jpg 1456w, https:\/\/www.sisinternational.com\/wp-content\/uploads\/2025\/09\/Fintech-4-300x168.jpg 300w, https:\/\/www.sisinternational.com\/wp-content\/uploads\/2025\/09\/Fintech-4-1024x574.jpg 1024w, https:\/\/www.sisinternational.com\/wp-content\/uploads\/2025\/09\/Fintech-4-768x430.jpg 768w, https:\/\/www.sisinternational.com\/wp-content\/uploads\/2025\/09\/Fintech-4-18x10.jpg 18w\" sizes=\"auto, (max-width: 1456px) 100vw, 1456px\"><\/figure>\n\n\n\n<p><\/p>\n\n\n\n<p>Unter \u201eTechnologien der n\u00e4chsten Generation\u201c versteht man die neuesten technologischen Fortschritte und Innovationen. Sie werden in den kommenden Jahren unser t\u00e4gliches Leben, unsere Arbeit und unsere Gesellschaft beeinflussen. Diese Technologien werden oft als transformativ und disruptiv angesehen. Ein weiteres Merkmal von Technologien der n\u00e4chsten Generation ist, dass sie neue L\u00f6sungen f\u00fcr Probleme bieten oder bestehende verbessern.<\/p>\n\n\n\n<h3 class=\"wp-block-heading\">Einige Beispiele f\u00fcr Technologien der n\u00e4chsten Generation sind:<\/h3>\n\n\n\n<ol class=\"wp-block-list\">\n<li>K\u00fcnstliche Intelligenz (KI) und maschinelles Lernen (ML)<\/li>\n\n\n\n<li>Internet der Dinge (IoT) und Smart Homes<\/li>\n\n\n\n<li>5G-Netzwerke und Edge Computing<\/li>\n\n\n\n<li>Blockchain und Distributed-Ledger-Technologie (DLT)<\/li>\n\n\n\n<li>Quantencomputing und Quantenkryptographie<\/li>\n\n\n\n<li>Erweiterte und virtuelle Realit\u00e4t (AR\/VR)<\/li>\n\n\n\n<li>Biotechnologie und Gentechnik<\/li>\n\n\n\n<li>Erneuerbare Energien und Energiespeichertechnologien<\/li>\n\n\n\n<li>Autonome Fahrzeuge und Drohnen<\/li>\n\n\n\n<li>Nanotechnologie und Materialwissenschaft<\/li>\n<\/ol>\n\n\n\n<p>Ein weiterer wichtiger Punkt ist, dass diese Technologien Innovation und Wachstum in verschiedenen Branchen und Sektoren vorantreiben werden. Tats\u00e4chlich haben Anwender, vom Gesundheitswesen und Finanzwesen bis hin zu Fertigung und Transport, sie als unsch\u00e4tzbar wertvoll empfunden. Sie k\u00f6nnen die Art und Weise, wie wir leben, arbeiten und miteinander interagieren, revolutionieren. Sie werden wahrscheinlich die Zukunft unserer Welt pr\u00e4gen.<\/p>\n\n\n\n<h2 class=\"wp-block-heading\">Warum sind Technologien der n\u00e4chsten Generation wichtig?<\/h2>\n\n\n\n<p>Technologien der n\u00e4chsten Generation sind aus mehreren Gr\u00fcnden unverzichtbar. Erstens verbessern sie sowohl die Effizienz als auch die Produktivit\u00e4t. Viele Technologien der n\u00e4chsten Generation, wie Automatisierung, KI und IoT, k\u00f6nnen sich wiederholende Aufgaben automatisieren. Sie k\u00f6nnen auch Prozesse rationalisieren und Arbeitsabl\u00e4ufe optimieren. Diese Automatisierung und Rationalisierung kann Unternehmen und Organisationen weiter dabei helfen, effizienter und produktiver zu werden. Au\u00dferdem senkt sie die Kosten und erh\u00f6ht die Rentabilit\u00e4t.<\/p>\n\n\n\n<p>Technologien der n\u00e4chsten Generation k\u00f6nnen auch die Lebensqualit\u00e4t des Einzelnen verbessern. Dar\u00fcber hinaus bieten sie neue und bessere L\u00f6sungen f\u00fcr bestehende Probleme. So k\u00f6nnen tragbare Technologien beispielsweise Gesundheit und Fitness \u00fcberwachen. Smart Homes k\u00f6nnen den Komfort und die Energieeffizienz erh\u00f6hen.<\/p>\n\n\n\n<p>Technologien der n\u00e4chsten Generation stellen hinsichtlich Leistungsf\u00e4higkeit und Funktionalit\u00e4t oft einen bedeutenden Fortschritt dar. Dar\u00fcber hinaus treiben sie Innovationen voran und inspirieren zu neuen Ideen und L\u00f6sungen, wodurch neue M\u00f6glichkeiten f\u00fcr Unternehmer und Unternehmen entstehen. Sie tragen dazu bei, das Wirtschaftswachstum anzukurbeln.<\/p>\n\n\n\n<p>Viele der Technologien der n\u00e4chsten Generation konzentrieren sich auf die Bew\u00e4ltigung gesellschaftlicher Herausforderungen. Sie befassen sich beispielsweise mit Klimawandel, Gesundheitsversorgung und Bildung. Sie bieten neue und bessere L\u00f6sungen. So k\u00f6nnen diese Technologien dazu beitragen, eine nachhaltigere und gerechtere Welt zu schaffen.<\/p>\n\n\n\n<p>Schlie\u00dflich sind Technologien der n\u00e4chsten Generation unverzichtbar, um auf einem sich entwickelnden globalen Markt wettbewerbsf\u00e4hig zu bleiben. Unternehmen und L\u00e4nder sollten in diese Technologien investieren. Dadurch haben sie bessere Chancen, an der Spitze zu bleiben. Au\u00dferdem hilft es ihnen, ihren Wettbewerbsvorteil langfristig zu erhalten.<\/p>\n\n\n\n<h2 class=\"wp-block-heading\">Wichtige Berufsbezeichnungen<\/h2>\n\n\n\n<figure class=\"gb-block-image gb-block-image-29281429\"><img loading=\"lazy\" decoding=\"async\" width=\"1456\" height=\"816\" class=\"gb-image gb-image-29281429\" src=\"https:\/\/www.sisinternational.com\/wp-content\/uploads\/2025\/09\/Fintech-5.jpg\" alt=\"SIS International Market Research &amp; Strategy\" title=\"Fintech (5)\" srcset=\"https:\/\/www.sisinternational.com\/wp-content\/uploads\/2025\/09\/Fintech-5.jpg 1456w, https:\/\/www.sisinternational.com\/wp-content\/uploads\/2025\/09\/Fintech-5-300x168.jpg 300w, https:\/\/www.sisinternational.com\/wp-content\/uploads\/2025\/09\/Fintech-5-1024x574.jpg 1024w, https:\/\/www.sisinternational.com\/wp-content\/uploads\/2025\/09\/Fintech-5-768x430.jpg 768w, https:\/\/www.sisinternational.com\/wp-content\/uploads\/2025\/09\/Fintech-5-18x10.jpg 18w\" sizes=\"auto, (max-width: 1456px) 100vw, 1456px\"><\/figure>\n\n\n\n<h2 class=\"wp-block-heading\">Hier sind einige wichtige Berufsbezeichnungen im Zusammenhang mit Technologien der n\u00e4chsten Generation:<\/h2>\n\n\n\n<ol class=\"wp-block-list\">\n<li>Ingenieur f\u00fcr k\u00fcnstliche Intelligenz (KI)<\/li>\n\n\n\n<li>Ingenieur f\u00fcr maschinelles Lernen (ML)<\/li>\n\n\n\n<li>Spezialist f\u00fcr das Internet der Dinge (IoT)<\/li>\n\n\n\n<li>Spezialist f\u00fcr Cybersicherheit<\/li>\n\n\n\n<li>Blockchain-Entwickler<\/li>\n\n\n\n<li>Datenwissenschaftler<\/li>\n\n\n\n<li>Quantencomputer-Ingenieur<\/li>\n\n\n\n<li>AR\/VR-Entwickler<\/li>\n\n\n\n<li>Ingenieur f\u00fcr erneuerbare Energien<\/li>\n\n\n\n<li>Ingenieur f\u00fcr autonome Fahrzeuge<\/li>\n\n\n\n<li>Nanotechnologie-Forscher<\/li>\n\n\n\n<li>Biotechnologieforscher<\/li>\n\n\n\n<li>Robotikingenieur<\/li>\n\n\n\n<li>5G Netzwerkingenieur<\/li>\n\n\n\n<li>Berater f\u00fcr digitale Transformation<\/li>\n<\/ol>\n\n\n\n<h2 class=\"wp-block-heading\">Warum brauchen Unternehmen Technologien der n\u00e4chsten Generation?<\/h2>\n\n\n\n<p>Businesses need Next <a href=\"https:\/\/www.sisinternational.com\/de\/solutions\/ai-market-research-and-strategy-consulting\/generative-ai-market-research\/\" title=\"Generative KI-Marktforschung\"  data-wpil-monitor-id=\"2029\">Generation Technologies Market Research<\/a> for several reasons. The first is that these technologies improve efficiency and productivity. At least, Next Generation Technologies can automate repetitive tasks, streamline processes, and optimize workflows. Thus, they make businesses more efficient and productive, reducing costs and increasing profitability. It also frees employees to focus on higher-value activities.<\/p>\n\n\n\n<p>Technologien der n\u00e4chsten Generation k\u00f6nnen auch das Kundenerlebnis verbessern. Sie helfen Unternehmen dabei, schnellere, personalisiertere und bequemere Dienste bereitzustellen. Chatbots k\u00f6nnen beispielsweise rund um die Uhr Kundensupport bieten. Ebenso k\u00f6nnen IoT-f\u00e4hige Ger\u00e4te Feedback und Warnungen in Echtzeit bereitstellen.<\/p>\n\n\n\n<p>Technologien der n\u00e4chsten Generation k\u00f6nnen Unternehmen einen Wettbewerbsvorteil verschaffen. Sie erm\u00f6glichen es Unternehmen beispielsweise, schneller Innovationen hervorzubringen und auf Marktver\u00e4nderungen zu reagieren. So k\u00f6nnen sie neue Produkte und Dienstleistungen schaffen, mit denen sich Unternehmen von ihren Mitbewerbern abheben k\u00f6nnen. Au\u00dferdem k\u00f6nnen sie so neue Marktchancen nutzen.<\/p>\n\n\n\n<p>Technologien der n\u00e4chsten Generation k\u00f6nnen Unternehmen auch dabei helfen, Kosten zu senken. Dies erreichen sie durch Automatisierung, Optimierung und besseres Ressourcenmanagement. So kann beispielsweise KI-gest\u00fctzte vorausschauende Wartung die Ausfallzeiten von Ger\u00e4ten und die Wartungskosten reduzieren. IoT-f\u00e4hige Sensoren k\u00f6nnen den Energieverbrauch optimieren und die Stromrechnung senken.<\/p>\n\n\n\n<p><a href=\"https:\/\/www.sisinternational.com\/de\/b2b\/\" title=\"Cost-Effective and Actionable Insights to Drive Your Next Strategic Move\"  data-wpil-monitor-id=\"1475\">Next Generation Technologies<\/a> can give businesses new insights into their operations and customers. Thus, it enables them to make more informed decisions. For example, data analytics can identify patterns and trends in customer behavior. AI coupled with ML can provide predictive insights into future demand and market trends.<\/p>\n\n\n\n<h2 class=\"wp-block-heading\">Schl\u00fcsselfaktoren f\u00fcr den Erfolg<\/h2>\n\n\n\n<figure class=\"gb-block-image gb-block-image-4c5a7031\"><img loading=\"lazy\" decoding=\"async\" width=\"1456\" height=\"816\" class=\"gb-image gb-image-4c5a7031\" src=\"https:\/\/www.sisinternational.com\/wp-content\/uploads\/2025\/09\/FinTech-Terch-technology-AI-artificial-intelligence-36.jpg\" alt=\"SIS International Market Research &amp; Strategy\" title=\"FinTech Terch technology AI artificial intelligence (36)\" srcset=\"https:\/\/www.sisinternational.com\/wp-content\/uploads\/2025\/09\/FinTech-Terch-technology-AI-artificial-intelligence-36.jpg 1456w, https:\/\/www.sisinternational.com\/wp-content\/uploads\/2025\/09\/FinTech-Terch-technology-AI-artificial-intelligence-36-300x168.jpg 300w, https:\/\/www.sisinternational.com\/wp-content\/uploads\/2025\/09\/FinTech-Terch-technology-AI-artificial-intelligence-36-1024x574.jpg 1024w, https:\/\/www.sisinternational.com\/wp-content\/uploads\/2025\/09\/FinTech-Terch-technology-AI-artificial-intelligence-36-768x430.jpg 768w, https:\/\/www.sisinternational.com\/wp-content\/uploads\/2025\/09\/FinTech-Terch-technology-AI-artificial-intelligence-36-18x10.jpg 18w\" sizes=\"auto, (max-width: 1456px) 100vw, 1456px\"><\/figure>\n\n\n\n<p><\/p>\n\n\n\n<h3 class=\"wp-block-heading\">Hier sind einige wichtige Erfolgsfaktoren f\u00fcr Technologien der n\u00e4chsten Generation:<\/h3>\n\n\n\n<ol class=\"wp-block-list\">\n<li><strong>Innovation:<\/strong> Bei Technologien der n\u00e4chsten Generation dreht sich alles um Innovation. Unternehmen m\u00fcssen kreativ und innovativ sein, um in diesem Bereich erfolgreich zu sein. Sie m\u00fcssen auch neue und bessere L\u00f6sungen f\u00fcr bestehende Probleme entwickeln.<\/li>\n\n\n\n<li><strong>Talent:<\/strong> Technologien der n\u00e4chsten Generation erfordern spezielle F\u00e4higkeiten und Fachwissen. Unternehmen m\u00fcssen talentierte Fachkr\u00e4fte anwerben und halten. Diese Fachkr\u00e4fte entwerfen, entwickeln und installieren diese Technologien.<\/li>\n\n\n\n<li><strong>Strategische Planung:<\/strong> Die Implementierung von Technologien der n\u00e4chsten Generation erfordert strategische Planung. Unternehmen m\u00fcssen eine klare Vision und einen Fahrplan f\u00fcr die Implementierung dieser Technologien entwickeln. Dieser Fahrplan sollte einen Plan f\u00fcr die Schulung der Mitarbeiter enthalten. Au\u00dferdem m\u00fcssen die Technologien in bestehende Systeme und Prozesse integriert werden.<\/li>\n\n\n\n<li><strong>Zusammenarbeit:<\/strong> Viele Technologien der n\u00e4chsten Generation erfordern die Zusammenarbeit und Partnerschaften mit anderen Organisationen. Unternehmen m\u00fcssen Schl\u00fcsselpartner identifizieren und mit ihnen zusammenarbeiten. Auf diese Weise k\u00f6nnen sie diese Technologien entwickeln und installieren.<\/li>\n\n\n\n<li><strong>Datenmanagement:<\/strong> Technologien der n\u00e4chsten Generation erzeugen riesige Datenmengen. Unternehmen ben\u00f6tigen robuste Datenmanagementsysteme. Damit k\u00f6nnen sie diese Daten sammeln, speichern, analysieren und sichern.<\/li>\n\n\n\n<li><strong>Flexibilit\u00e4t und Agilit\u00e4t:<\/strong> Die Technologien der n\u00e4chsten Generation entwickeln sich weiter. Unternehmen m\u00fcssen flexibel und agil sein und sich an Ver\u00e4nderungen anpassen und neue Technologien \u00fcbernehmen k\u00f6nnen.<\/li>\n\n\n\n<li><strong>Investition:<\/strong> Technologien der n\u00e4chsten Generation erfordern erhebliche Investitionen. Unternehmen m\u00fcssen bereit sein, in die erforderliche Infrastruktur, Technologie und Talente zu investieren. Das ist der beste Weg, diese Technologien umzusetzen.<\/li>\n\n\n\n<li><strong>Benutzererfahrung:<\/strong> Technologien der n\u00e4chsten Generation m\u00fcssen eine positive Benutzererfahrung bieten. Unternehmen m\u00fcssen sich auf die Entwicklung intuitiver und benutzerfreundlicher Schnittstellen konzentrieren. Diese Schnittstellen erleichtern den Benutzern die Interaktion mit diesen Technologien.<\/li>\n<\/ol>\n\n\n\n<h2 class=\"wp-block-heading\">\u00dcber Next Generation Technologies Market Research<\/h2>\n\n\n\n<figure class=\"gb-block-image gb-block-image-d4703231\"><img loading=\"lazy\" decoding=\"async\" width=\"1456\" height=\"816\" class=\"gb-image gb-image-d4703231\" src=\"https:\/\/www.sisinternational.com\/wp-content\/uploads\/2025\/09\/FinTech-Terch-technology-AI-artificial-intelligence-14.jpg\" alt=\"SIS International Market Research &amp; Strategy\" title=\"FinTech Terch technology AI artificial intelligence (14)\" srcset=\"https:\/\/www.sisinternational.com\/wp-content\/uploads\/2025\/09\/FinTech-Terch-technology-AI-artificial-intelligence-14.jpg 1456w, https:\/\/www.sisinternational.com\/wp-content\/uploads\/2025\/09\/FinTech-Terch-technology-AI-artificial-intelligence-14-300x168.jpg 300w, https:\/\/www.sisinternational.com\/wp-content\/uploads\/2025\/09\/FinTech-Terch-technology-AI-artificial-intelligence-14-1024x574.jpg 1024w, https:\/\/www.sisinternational.com\/wp-content\/uploads\/2025\/09\/FinTech-Terch-technology-AI-artificial-intelligence-14-768x430.jpg 768w, https:\/\/www.sisinternational.com\/wp-content\/uploads\/2025\/09\/FinTech-Terch-technology-AI-artificial-intelligence-14-18x10.jpg 18w\" sizes=\"auto, (max-width: 1456px) 100vw, 1456px\"><\/figure>\n\n\n\n<p><\/p>\n\n\n\n<p>Next Generation <a href=\"https:\/\/www.sisinternational.com\/de\/europes-new-global-navigation-technology-gnss\/\" title=\"Was ist die globale GNSS-Navigationstechnologie?\"  data-wpil-monitor-id=\"1766\">Technologies influence global<\/a> organizations in the ever-evolving digital-first business world. SIS International Research tracks different use cases of <a href=\"https:\/\/www.sisinternational.com\/de\/expertise\/industries\/medical-technology-med-tech-market-research\/\" title=\"Marktforschung f\u00fcr Medizintechnik (Med Tech)\"  data-wpil-monitor-id=\"4177\">Next Generation<\/a> Technologies. We also enable global players to channel their innovation and product development activities. We help them achieve stable revenue growth in this dynamic market environment.<\/p>\n\n\n\n<p>SIS provides Qualitative and <a class=\"wpil_keyword_link\" href=\"https:\/\/www.sisinternational.com\/de\/top-5-benefits-of-conducting-quantitative-market-research\/\"   title=\"Top 5 Benefits of Conducting Quantitative Market Research\" data-wpil-keyword-link=\"linked\"  data-wpil-monitor-id=\"684\">Quantitative Marktforschung<\/a>. We also offer UX, Strategy, Market Entry, Market Opportunity, and <a href=\"https:\/\/www.sisinternational.com\/de\/expertise\/industries\/noodles-market-research\/\" title=\"Marktforschung f\u00fcr Nudeln\"  data-wpil-monitor-id=\"3064\">Marktgr\u00f6\u00dfenforschung<\/a>. For instance, we can organize Focus Groups, Surveys, and Interviews. These tools will help with your Competitive Analysis and Go to Market Strategy. Contact us now for a consultation!<\/p>","protected":false},"excerpt":{"rendered":"<p>Unter \u201eNext Gen Tech\u201c versteht man die neuesten Innovationen, die unseren Alltag und Beruf in den kommenden Jahren ma\u00dfgeblich beeinflussen werden.<\/p>","protected":false},"author":1,"featured_media":69520,"parent":14514,"menu_order":304,"comment_status":"closed","ping_status":"closed","template":"","meta":{"footnotes":""},"class_list":["post-42680","page","type-page","status-publish","has-post-thumbnail"],"_links":{"self":[{"href":"https:\/\/www.sisinternational.com\/de\/wp-json\/wp\/v2\/pages\/42680","targetHints":{"allow":["GET"]}}],"collection":[{"href":"https:\/\/www.sisinternational.com\/de\/wp-json\/wp\/v2\/pages"}],"about":[{"href":"https:\/\/www.sisinternational.com\/de\/wp-json\/wp\/v2\/types\/page"}],"author":[{"embeddable":true,"href":"https:\/\/www.sisinternational.com\/de\/wp-json\/wp\/v2\/users\/1"}],"replies":[{"embeddable":true,"href":"https:\/\/www.sisinternational.com\/de\/wp-json\/wp\/v2\/comments?post=42680"}],"version-history":[{"count":10,"href":"https:\/\/www.sisinternational.com\/de\/wp-json\/wp\/v2\/pages\/42680\/revisions"}],"predecessor-version":[{"id":78280,"href":"https:\/\/www.sisinternational.com\/de\/wp-json\/wp\/v2\/pages\/42680\/revisions\/78280"}],"up":[{"embeddable":true,"href":"https:\/\/www.sisinternational.com\/de\/wp-json\/wp\/v2\/pages\/14514"}],"wp:featuredmedia":[{"embeddable":true,"href":"https:\/\/www.sisinternational.com\/de\/wp-json\/wp\/v2\/media\/69520"}],"wp:attachment":[{"href":"https:\/\/www.sisinternational.com\/de\/wp-json\/wp\/v2\/media?parent=42680"}],"curies":[{"name":"wp","href":"https:\/\/api.w.org\/{rel}","templated":true}]}}