{"id":42678,"date":"2023-05-03T13:55:17","date_gmt":"2023-05-03T17:55:17","guid":{"rendered":"https:\/\/www.sisinternational.com\/?page_id=42678"},"modified":"2026-01-24T20:13:42","modified_gmt":"2026-01-25T01:13:42","slug":"marktforschung-zur-netzwerksicherheit","status":"publish","type":"page","link":"https:\/\/www.sisinternational.com\/de\/sachverstand\/marktforschung-zur-netzwerksicherheit\/","title":{"rendered":"Marktforschung zur Netzwerksicherheit"},"content":{"rendered":"<h1 class=\"wp-block-heading\">Marktforschung zur Netzwerksicherheit<\/h1>\n\n\n\n<figure class=\"gb-block-image gb-block-image-4040712e\"><img loading=\"lazy\" decoding=\"async\" width=\"1456\" height=\"816\" class=\"gb-image gb-image-4040712e\" src=\"https:\/\/www.sisinternational.com\/wp-content\/uploads\/2025\/08\/Cibersecurity-security-3.jpg\" alt=\"SIS International Marktforschung &amp; Strategie\" title=\"Cibersecurity security (3)\" srcset=\"https:\/\/www.sisinternational.com\/wp-content\/uploads\/2025\/08\/Cibersecurity-security-3.jpg 1456w, https:\/\/www.sisinternational.com\/wp-content\/uploads\/2025\/08\/Cibersecurity-security-3-300x168.jpg 300w, https:\/\/www.sisinternational.com\/wp-content\/uploads\/2025\/08\/Cibersecurity-security-3-1024x574.jpg 1024w, https:\/\/www.sisinternational.com\/wp-content\/uploads\/2025\/08\/Cibersecurity-security-3-768x430.jpg 768w, https:\/\/www.sisinternational.com\/wp-content\/uploads\/2025\/08\/Cibersecurity-security-3-18x10.jpg 18w\" sizes=\"auto, (max-width: 1456px) 100vw, 1456px\"><\/figure>\n\n\n\n<p><\/p>\n\n\n\n<p>Netzwerksicherheit bezieht sich auf Praktiken, Technologien und Richtlinien zum Schutz von Computernetzwerken. Sie sch\u00fctzt au\u00dferdem Ger\u00e4te und Daten vor unbefugtem Zugriff, Diebstahl, Besch\u00e4digung oder St\u00f6rung. Ein weiteres Ziel der Netzwerksicherheit ist die Schaffung einer sicheren Umgebung. In einer solchen Umgebung k\u00f6nnen Einzelpersonen und Organisationen zumindest kommunizieren. Sie k\u00f6nnen auch Gesch\u00e4fte abwickeln, ohne Angst vor Cyberbedrohungen haben zu m\u00fcssen.<\/p>\n\n\n\n<p>Netzwerksicherheit umfasst verschiedene Techniken. Zu diesen Techniken geh\u00f6ren Firewalls, Angriffserkennungssysteme, Verschl\u00fcsselung, Authentifizierung, Zugriffskontrolle und \u00dcberwachung. Gleichzeitig arbeiten diese Technologien zusammen, um unbefugten Zugriff auf Netzwerkressourcen und -daten zu verhindern. Eine weitere ihrer Funktionen besteht darin, Sicherheitsvorf\u00e4lle zu erkennen und darauf zu reagieren. Sie gew\u00e4hrleisten au\u00dferdem die Vertraulichkeit, Integrit\u00e4t und Verf\u00fcgbarkeit kritischer Daten und Dienste.<\/p>\n\n\n\n<p>F\u00fcr eine angemessene Netzwerksicherheit ist ein umfassender Ansatz erforderlich, der alle potenziellen Angriffsmethoden ber\u00fccksichtigt. Bedrohungen k\u00f6nnen interner oder externer Natur sein. Dazu sind eine fortlaufende Risikobewertung sowie Schulungen f\u00fcr das Management und das Sicherheitsbewusstsein erforderlich. Dar\u00fcber hinaus ist eine kontinuierliche \u00dcberwachung und Verbesserung der Sicherheitsma\u00dfnahmen erforderlich.<\/p>\n\n\n\n<h2 class=\"wp-block-heading\">Warum ist Netzwerksicherheit wichtig?<\/h2>\n\n\n\n<p>Netzwerksicherheit ist heute von entscheidender Bedeutung. Unternehmen, Regierungen und Einzelpersonen verlassen sich beispielsweise auf digitale Kommunikation, Datenspeicherung und Online-Transaktionen. Netzwerksicherheit ist unerl\u00e4sslich, da sie diese Einheiten vor Cyberbedrohungen sch\u00fctzt. Sie sch\u00fctzt Netzwerke und Daten vor Malware, Viren und Hackern.<\/p>\n\n\n\n<p>Ein weiterer wichtiger Punkt ist, dass Netzwerksicherheitsma\u00dfnahmen dazu beitragen, Datenlecks zu verhindern. Diese Lecks k\u00f6nnen zum Verlust vertraulicher Informationen und zu finanziellen Einbu\u00dfen f\u00fchren. Sie k\u00f6nnen auch zu Rufsch\u00e4digungen und rechtlichen Verpflichtungen f\u00fchren.<\/p>\n\n\n\n<p>Netzwerksicherheit stellt sicher, dass der Gesch\u00e4ftsbetrieb w\u00e4hrend eines Cyberangriffs fortgesetzt werden kann. Dasselbe gilt auch bei einem Systemausfall. Tats\u00e4chlich ist sie f\u00fcr Unternehmen, die auf Online-Transaktionen und -Dienste angewiesen sind, von entscheidender Bedeutung.<\/p>\n\n\n\n<p>In vielen Branchen gelten Vorschriften zum Schutz vertraulicher Informationen. Beispiele hierf\u00fcr sind Gesundheitsdaten sowie Finanzinformationen. Netzwerksicherheit hilft Unternehmen, diese Vorschriften einzuhalten.<\/p>\n\n\n\n<p>Cyberdiebe suchen h\u00e4ufig nach pers\u00f6nlichen Informationen, um sie f\u00fcr Identit\u00e4tsdiebstahl zu verwenden. Netzwerksicherheitsma\u00dfnahmen sch\u00fctzen pers\u00f6nliche Informationen. Beispielsweise werden damit Sozialversicherungsnummern, Kreditkarteninformationen und Passw\u00f6rter gesch\u00fctzt.<\/p>\n\n\n\n<h2 class=\"wp-block-heading\">Wichtige Berufsbezeichnungen<\/h2>\n\n\n\n<figure class=\"gb-block-image gb-block-image-bc1758ca\"><img loading=\"lazy\" decoding=\"async\" width=\"1456\" height=\"816\" class=\"gb-image gb-image-bc1758ca\" src=\"https:\/\/www.sisinternational.com\/wp-content\/uploads\/2025\/08\/Cibersecurity-security-7.jpg\" alt=\"SIS International Marktforschung &amp; Strategie\" title=\"Cibersecurity security (7)\" srcset=\"https:\/\/www.sisinternational.com\/wp-content\/uploads\/2025\/08\/Cibersecurity-security-7.jpg 1456w, https:\/\/www.sisinternational.com\/wp-content\/uploads\/2025\/08\/Cibersecurity-security-7-300x168.jpg 300w, https:\/\/www.sisinternational.com\/wp-content\/uploads\/2025\/08\/Cibersecurity-security-7-1024x574.jpg 1024w, https:\/\/www.sisinternational.com\/wp-content\/uploads\/2025\/08\/Cibersecurity-security-7-768x430.jpg 768w, https:\/\/www.sisinternational.com\/wp-content\/uploads\/2025\/08\/Cibersecurity-security-7-18x10.jpg 18w\" sizes=\"auto, (max-width: 1456px) 100vw, 1456px\"><\/figure>\n\n\n\n<p><\/p>\n\n\n\n<h3 class=\"wp-block-heading\">Hier sind einige wichtige Berufsbezeichnungen im Bereich Netzwerksicherheit:<\/h3>\n\n\n\n<p><strong>Netzwerksicherheitsingenieur:<\/strong> Dieser Ingenieur entwirft, implementiert und pflegt Sicherheitssysteme. Seine Aufgabe ist es, das Computernetzwerk einer Organisation zu sch\u00fctzen. Er arbeitet mit Firewalls, Angriffserkennungssystemen und anderen Sicherheitstechnologien. Er sch\u00fctzt Unternehmen vor Cyberbedrohungen.<\/p>\n\n\n\n<p><strong>Informationssicherheitsanalyst:<\/strong> \u00dcberwacht und analysiert die Computernetzwerke einer Organisation auf Sicherheitsl\u00fccken. Sie entwerfen und implementieren au\u00dferdem Sicherheitsrichtlinien und -verfahren.<\/p>\n\n\n\n<p><strong>Spezialist f\u00fcr Cybersicherheit:<\/strong> Identifiziert, analysiert und mindert Cyberbedrohungen. Sie entwickeln und implementieren au\u00dferdem Sicherheitsrichtlinien und -verfahren.<\/p>\n\n\n\n<p><strong>Leiter der Informationssicherheit (CISO):<\/strong> Ein CISO \u00fcberwacht das Informationssicherheitsprogramm einer Organisation. Er entwickelt und implementiert Sicherheitsrichtlinien, -verfahren und Schulungsprogramme.<\/p>\n\n\n\n<p><strong>Penetrationstester:<\/strong> Ein Penetrationstester ist ein ethischer Hacker. Er testet die Computernetzwerke und -systeme einer Organisation. Er sucht nach Schwachstellen und Schw\u00e4chen, um potenzielle Sicherheitsrisiken zu identifizieren und zu beheben.<\/p>\n\n\n\n<p><strong>Sicherheitsberater:<\/strong> Ber\u00e4t und leitet Organisationen bei der Verbesserung ihrer Sicherheitslage. Zu ihren Aufgaben geh\u00f6rt die Entwicklung und Implementierung von Sicherheitsrichtlinien und -verfahren.<\/p>\n\n\n\n<p><strong>Netzwerkadministrator:<\/strong> Befasst sich mit dem t\u00e4glichen Betrieb und der Wartung des Computernetzwerks einer Organisation. Zu seinen Aufgaben geh\u00f6rt es, sicherzustellen, dass Sicherheitsma\u00dfnahmen vorhanden und funktionsf\u00e4hig sind.<\/p>\n\n\n\n<h2 class=\"wp-block-heading\">Warum brauchen Unternehmen Netzwerksicherheit?<\/h2>\n\n\n\n<figure class=\"gb-block-image gb-block-image-26e77679\"><img loading=\"lazy\" decoding=\"async\" width=\"1456\" height=\"816\" class=\"gb-image gb-image-26e77679\" src=\"https:\/\/www.sisinternational.com\/wp-content\/uploads\/2025\/08\/Cibersecurity-security-12.jpg\" alt=\"SIS International Marktforschung &amp; Strategie\" title=\"Cibersecurity security (12)\" srcset=\"https:\/\/www.sisinternational.com\/wp-content\/uploads\/2025\/08\/Cibersecurity-security-12.jpg 1456w, https:\/\/www.sisinternational.com\/wp-content\/uploads\/2025\/08\/Cibersecurity-security-12-300x168.jpg 300w, https:\/\/www.sisinternational.com\/wp-content\/uploads\/2025\/08\/Cibersecurity-security-12-1024x574.jpg 1024w, https:\/\/www.sisinternational.com\/wp-content\/uploads\/2025\/08\/Cibersecurity-security-12-768x430.jpg 768w, https:\/\/www.sisinternational.com\/wp-content\/uploads\/2025\/08\/Cibersecurity-security-12-18x10.jpg 18w\" sizes=\"auto, (max-width: 1456px) 100vw, 1456px\"><\/figure>\n\n\n\n<p><\/p>\n\n\n\n<p>Unternehmen ben\u00f6tigen Netzwerksicherheit aus mehreren Gr\u00fcnden, unter anderem zum Schutz vor Cyberbedrohungen. Dar\u00fcber hinaus sind Unternehmen ein bevorzugtes Ziel f\u00fcr Cyberkriminelle, die vertrauliche Informationen stehlen m\u00f6chten. Dar\u00fcber hinaus st\u00f6ren diese Kriminellen den Betrieb und versuchen, sich finanziell zu bereichern. Zu den Netzwerksicherheitsma\u00dfnahmen geh\u00f6ren Firewalls, Angriffserkennungssysteme und Verschl\u00fcsselung. Diese Ma\u00dfnahmen k\u00f6nnen dazu beitragen, Unternehmensnetzwerke und -daten vor diesen Bedrohungen zu sch\u00fctzen.<\/p>\n\n\n\n<p>Datenlecks k\u00f6nnen f\u00fcr Unternehmen schwerwiegende Folgen haben. Wie bereits erw\u00e4hnt, umfassen diese Folgen finanzielle Verluste und Reputationssch\u00e4den. Dazu geh\u00f6rt auch der Verlust des Kundenvertrauens. Netzwerksicherheitsma\u00dfnahmen helfen, Datenlecks zu verhindern. Sie mildern auch deren Auswirkungen, falls sie auftreten.<\/p>\n\n\n\n<p>Unternehmen verf\u00fcgen h\u00e4ufig \u00fcber wertvolles geistiges Eigentum. Beispielsweise k\u00f6nnen sie Gesch\u00e4ftsgeheimnisse besitzen, die vor Cyberbedrohungen gesch\u00fctzt werden m\u00fcssen. Netzwerksicherheitsma\u00dfnahmen helfen, diese Informationen vor Diebstahl und Missbrauch zu sch\u00fctzen.<\/p>\n\n\n\n<h2 class=\"wp-block-heading\">Schl\u00fcsselfaktoren f\u00fcr den Erfolg<\/h2>\n\n\n\n<p>F\u00fcr eine angemessene Netzwerksicherheit gibt es mehrere wichtige Erfolgsfaktoren. Dazu geh\u00f6rt auch die Risikobewertung. Regelm\u00e4\u00dfige Risikobewertungen sind unerl\u00e4sslich, um potenzielle Schwachstellen in einem Netzwerk zu identifizieren. Sie helfen Unternehmen auch dabei, geeignete Sicherheitsma\u00dfnahmen zu bestimmen, um diese zu beheben.<\/p>\n\n\n\n<p>Die Festlegung umfassender Sicherheitsrichtlinien und -verfahren ist von entscheidender Bedeutung. Dadurch wird eine konsistente und effektive Netzwerksicherheit im gesamten Unternehmen gew\u00e4hrleistet. Richtlinien sollten den Datenzugriff, die Kennwortverwaltung und die Reaktion auf Vorf\u00e4lle abdecken.<\/p>\n\n\n\n<p>Es ist wichtig, sicherzustellen, dass die Mitarbeiter die Sicherheitsrichtlinien und Best Practices kennen. Dadurch werden Sicherheitsverletzungen durch menschliches Versagen verhindert. Dar\u00fcber hinaus sind regelm\u00e4\u00dfige Schulungen und Sensibilisierungsprogramme ein Muss. Sie k\u00f6nnen den Mitarbeitern helfen, h\u00e4ufige Sicherheitsrisiken zu erkennen und zu vermeiden.<\/p>\n\n\n\n<p>Unternehmen sollten ihre Netzwerksicherheitsma\u00dfnahmen \u00fcberpr\u00fcfen und auf ihre Wirksamkeit testen. Sie m\u00fcssen sie bei Bedarf aktualisieren, um neuen und aufkommenden Bedrohungen zu begegnen.<\/p>\n\n\n\n<p>Eine angemessene Netzwerksicherheit erfordert die Zusammenarbeit und Kommunikation zwischen IT- und Sicherheitsteams. Alle Abteilungen m\u00fcssen Sicherheitsrichtlinien und -verfahren verstehen und befolgen.<\/p>\n\n\n\n<p>Unternehmen m\u00fcssen branchen\u00fcbliche Sicherheitstechnologien einsetzen. Zu diesen Technologien geh\u00f6ren Firewalls, Angriffserkennungssysteme und Verschl\u00fcsselung. Sie k\u00f6nnen dazu beitragen, den Schutz eines Netzwerks vor verschiedenen Cyberbedrohungen zu gew\u00e4hrleisten.<\/p>\n\n\n\n<p>Ausreichende Budgets und Ressourcen sind unerl\u00e4sslich. Sie stellen sicher, dass ein Unternehmen wirksame Netzwerksicherheitsma\u00dfnahmen installieren und aufrechterhalten kann. Zu diesen Ma\u00dfnahmen geh\u00f6ren Personal, Hardware- und Softwarek\u00e4ufe. Dazu geh\u00f6ren auch fortlaufende Schulungs- und Sensibilisierungsprogramme.<\/p>\n\n\n\n<h3 class=\"wp-block-heading\">Enhancing WordPress Security with WP Safe Zone<\/h3>\n\n\n\n<figure class=\"gb-block-image gb-block-image-cca9f5b0\"><img loading=\"lazy\" decoding=\"async\" width=\"1456\" height=\"816\" class=\"gb-image gb-image-cca9f5b0\" src=\"https:\/\/www.sisinternational.com\/wp-content\/uploads\/2025\/08\/Cibersecurity-security-6.jpg\" alt=\"SIS International Marktforschung &amp; Strategie\" title=\"Cibersecurity security (6)\" srcset=\"https:\/\/www.sisinternational.com\/wp-content\/uploads\/2025\/08\/Cibersecurity-security-6.jpg 1456w, https:\/\/www.sisinternational.com\/wp-content\/uploads\/2025\/08\/Cibersecurity-security-6-300x168.jpg 300w, https:\/\/www.sisinternational.com\/wp-content\/uploads\/2025\/08\/Cibersecurity-security-6-1024x574.jpg 1024w, https:\/\/www.sisinternational.com\/wp-content\/uploads\/2025\/08\/Cibersecurity-security-6-768x430.jpg 768w, https:\/\/www.sisinternational.com\/wp-content\/uploads\/2025\/08\/Cibersecurity-security-6-18x10.jpg 18w\" sizes=\"auto, (max-width: 1456px) 100vw, 1456px\"><\/figure>\n\n\n\n<p><\/p>\n\n\n\n<p>When discussing the <a href=\"https:\/\/www.sisinternational.com\/de\/der-datenschatz-der-sozialen-netzwerke-fur-marketingforscher\/\" title=\"Marktforschung zu sozialen Netzwerken: Chancen und Herausforderungen\"  data-wpil-monitor-id=\"2714\">network security market<\/a>, it&#8217;s impossible to overlook the importance of website protection. For WordPress users, <strong>WP Safe Zone<\/strong> is a must-have plugin designed to safeguard websites against common threats like brute force attacks, malware, and unauthorized access. Its user-friendly interface and robust security features make it an ideal choice for businesses and individuals looking to strengthen their <a href=\"https:\/\/wpsafezone.com\/\" target=\"_blank\" rel=\"noopener\">WordPress site security<\/a>.<\/p>\n\n\n\n<h2 class=\"wp-block-heading\">\u00dcber Network Security Market Research<\/h2>\n\n\n\n<p>Everyone benefits when network security companies use <a class=\"wpil_keyword_link\" href=\"https:\/\/www.sisinternational.com\/de\/losungen\/qualitative-quantitative-forschungslosungen\/qualitative-marktforschung\/\" title=\"Qualitative Marktforschung\" data-wpil-keyword-link=\"linked\" data-wpil-monitor-id=\"685\">Qualitative Marktforschung<\/a>. It helps them develop better technologies. <a class=\"wpil_keyword_link\" href=\"https:\/\/www.sisinternational.com\/de\/sachverstand\/branchen\/quantitative-marktforschung-2\/\" title=\"Quantitative Marktforschung\" data-wpil-keyword-link=\"linked\" data-wpil-monitor-id=\"352\">Quantitative Marktforschung<\/a> is also essential. It is a tried, trusted, and proven way to get answers to vital questions. Its offshoots include UX, Strategic, Market Entry, Market Opportunity, and <a href=\"https:\/\/www.sisinternational.com\/de\/cybersicherheit-im-gesundheitswesen\/\" title=\"Marktforschung zur Cybersicherheit im Gesundheitswesen\" data-wpil-monitor-id=\"1937\">Marktgr\u00f6\u00dfenforschung<\/a>. Some of the methods used are Interviews, Surveys, and Focus Groups.<\/p>\n\n\n\n<p>SIS International bietet all diese Arten von Recherchen und noch mehr. Kontaktieren Sie uns, wenn Sie eine Wettbewerbsanalyse ben\u00f6tigen. Wir helfen Ihnen bei der Ausarbeitung Ihrer Markteinf\u00fchrungsstrategie. Melden Sie sich noch heute f\u00fcr eine Beratung bei uns an!<\/p>","protected":false},"excerpt":{"rendered":"<p>Netzwerksicherheit sch\u00fctzt vor unbefugtem Zugriff, Diebstahl, Besch\u00e4digung oder St\u00f6rung von Computernetzwerken, Ger\u00e4ten und Daten.<\/p>","protected":false},"author":1,"featured_media":64039,"parent":14514,"menu_order":303,"comment_status":"closed","ping_status":"closed","template":"","meta":{"footnotes":""},"class_list":["post-42678","page","type-page","status-publish","has-post-thumbnail"],"_links":{"self":[{"href":"https:\/\/www.sisinternational.com\/de\/wp-json\/wp\/v2\/pages\/42678","targetHints":{"allow":["GET"]}}],"collection":[{"href":"https:\/\/www.sisinternational.com\/de\/wp-json\/wp\/v2\/pages"}],"about":[{"href":"https:\/\/www.sisinternational.com\/de\/wp-json\/wp\/v2\/types\/page"}],"author":[{"embeddable":true,"href":"https:\/\/www.sisinternational.com\/de\/wp-json\/wp\/v2\/users\/1"}],"replies":[{"embeddable":true,"href":"https:\/\/www.sisinternational.com\/de\/wp-json\/wp\/v2\/comments?post=42678"}],"version-history":[{"count":9,"href":"https:\/\/www.sisinternational.com\/de\/wp-json\/wp\/v2\/pages\/42678\/revisions"}],"predecessor-version":[{"id":77052,"href":"https:\/\/www.sisinternational.com\/de\/wp-json\/wp\/v2\/pages\/42678\/revisions\/77052"}],"up":[{"embeddable":true,"href":"https:\/\/www.sisinternational.com\/de\/wp-json\/wp\/v2\/pages\/14514"}],"wp:featuredmedia":[{"embeddable":true,"href":"https:\/\/www.sisinternational.com\/de\/wp-json\/wp\/v2\/media\/64039"}],"wp:attachment":[{"href":"https:\/\/www.sisinternational.com\/de\/wp-json\/wp\/v2\/media?parent=42678"}],"curies":[{"name":"wp","href":"https:\/\/api.w.org\/{rel}","templated":true}]}}