{"id":42674,"date":"2023-05-02T21:53:32","date_gmt":"2023-05-03T01:53:32","guid":{"rendered":"https:\/\/www.sisinternational.com\/?page_id=42674"},"modified":"2026-01-26T18:17:55","modified_gmt":"2026-01-26T23:17:55","slug":"monadische-vs-sequenzielle-marktforschung","status":"publish","type":"page","link":"https:\/\/www.sisinternational.com\/de\/sachverstand\/monadische-vs-sequenzielle-marktforschung\/","title":{"rendered":"Monadische vs. sequentielle Marktforschung"},"content":{"rendered":"<h1 class=\"wp-block-heading\">Monadische vs. sequentielle Marktforschung<\/h1>\n\n\n\n<figure class=\"gb-block-image gb-block-image-7cc1db0c\"><img loading=\"lazy\" decoding=\"async\" width=\"1456\" height=\"816\" class=\"gb-image gb-image-7cc1db0c\" src=\"https:\/\/www.sisinternational.com\/wp-content\/uploads\/2025\/09\/Research-5.jpg\" alt=\"SIS International Marktforschung &amp; Strategie\" title=\"Research (5)\" srcset=\"https:\/\/www.sisinternational.com\/wp-content\/uploads\/2025\/09\/Research-5.jpg 1456w, https:\/\/www.sisinternational.com\/wp-content\/uploads\/2025\/09\/Research-5-300x168.jpg 300w, https:\/\/www.sisinternational.com\/wp-content\/uploads\/2025\/09\/Research-5-1024x574.jpg 1024w, https:\/\/www.sisinternational.com\/wp-content\/uploads\/2025\/09\/Research-5-768x430.jpg 768w, https:\/\/www.sisinternational.com\/wp-content\/uploads\/2025\/09\/Research-5-18x10.jpg 18w\" sizes=\"auto, (max-width: 1456px) 100vw, 1456px\"><\/figure>\n\n\n\n<p><\/p>\n\n\n\n<p>Unternehmen und Forscher, die aus ihren Studien pr\u00e4zise und n\u00fctzliche Erkenntnisse gewinnen m\u00f6chten, m\u00fcssen monadische und sequentielle Marktforschungsmethoden in Betracht ziehen. Die Auswahl einer geeigneten Forschungsmethode ist f\u00fcr die Gewinnung wertvoller Erkenntnisse von entscheidender Bedeutung, da beide Ans\u00e4tze unterschiedliche Vorteile und Einschr\u00e4nkungen mit sich bringen.<\/p>\n\n\n\n<p>Daher ist der Vergleich monadischer und sequenzieller Marktforschung f\u00fcr Unternehmen von entscheidender Bedeutung, die heute die beste Forschungsmethode ermitteln m\u00f6chten, um umfassende Einblicke in ihre Produktdienstleistungen und ihren Markt zu gewinnen.<\/p>\n\n\n\n<h2 class=\"wp-block-heading\">Monadische Marktforschung<\/h2>\n\n\n\n<p>Bei einem monadischen Marktforschungsdesign bewertet jeder Befragte nur ein Konzept oder Produkt. Bei diesem Ansatz k\u00f6nnen die Forscher eine fokussierte Bewertung vornehmen und potenzielle Verzerrungen, die durch den direkten Vergleich mit anderen Konzepten entstehen k\u00f6nnen, werden minimiert.<\/p>\n\n\n\n<h3 class=\"wp-block-heading\">Vorteile der monadischen Marktforschung<\/h3>\n\n\n\n<ul class=\"wp-block-list\">\n<li><a href=\"https:\/\/www.sisinternational.com\/de\/sachverstand\/branchen\/monadisches-testen-marktforschung\/\" title=\"Monadische Test-Marktforschung\"  data-wpil-monitor-id=\"8767\">Monadic market research<\/a> reduces bias and order effects by presenting only one concept to respondents.<\/li>\n\n\n\n<li>Eine einfachere Erfahrung f\u00fcr die Befragten mit einem einzigen Fokus auf ein Konzept k\u00f6nnte m\u00f6glicherweise die Genauigkeit des aus dem Bewertungsprozess gewonnenen Feedbacks verbessern.<\/li>\n\n\n\n<li>Durch monadische Marktforschung ist es m\u00f6glich, einzelne Ideen intensiv zu untersuchen, was zu einer genaueren Bewertung f\u00fchrt. Durch die Isolierung dieser Ideen von externen Einfl\u00fcssen k\u00f6nnen ihre wahren St\u00e4rken oder Schw\u00e4chen identifiziert werden.<\/li>\n<\/ul>\n\n\n\n<h3 class=\"wp-block-heading\">Nachteile der monadischen Marktforschung:<\/h3>\n\n\n\n<ul class=\"wp-block-list\">\n<li>Da jeder Befragte nur eine Idee beurteilt, ist eine gr\u00f6\u00dfere Stichprobengr\u00f6\u00dfe unabdingbar, um statistisch signifikante Ergebnisse f\u00fcr alle bewerteten Konzepte zu erzielen.<\/li>\n\n\n\n<li>Direct comparison between concepts is not possible through <a href=\"https:\/\/www.sisinternational.com\/de\/losungen\/strategieberatung\/proof-of-concept-forschung\/\" title=\"Proof of Concept-Forschung\"  data-wpil-monitor-id=\"6813\">monadic market research<\/a>, resulting in limited comparative insights and making it more challenging to determine their relative performance in the market.<\/li>\n\n\n\n<li>Da beim monodischen Testen im Vergleich zu den bei sequentiellen Methoden erforderlichen gro\u00dfen Stichprobengr\u00f6\u00dfen eine Rolle spielen, sind wahrscheinlich h\u00f6here Kosten und Verz\u00f6gerungen zu erwarten.<\/li>\n<\/ul>\n\n\n\n<h2 class=\"wp-block-heading\">Sequentielle Marktforschung<\/h2>\n\n\n\n<p>During sequential <a href=\"https:\/\/www.sisinternational.com\/de\/sachverstand\/branchen\/designfirma-marktforschung\/\" title=\"Marktforschung f\u00fcr Designfirmen\"  data-wpil-monitor-id=\"8768\">market research design<\/a>, respondents evaluate multiple concepts or stimuli in a sequence. By utilizing this approach, researchers can enable direct comparison of concepts while offering a broadened perspective to the respondent group.<\/p>\n\n\n\n<h3 class=\"wp-block-heading\">Vorteile der sequentiellen Marktforschung:<\/h3>\n\n\n\n<ul class=\"wp-block-list\">\n<li>Um Leistung und Pr\u00e4ferenz zwischen getesteten Ideen zu bestimmen, erm\u00f6glicht die sequentielle Forschung einen direkten Vergleich mehrerer Konzepte.<\/li>\n\n\n\n<li>Um statistisch signifikante Ergebnisse zu erhalten, bei denen jeder Befragte mehrere Konzepte bewertet, sind kleinere Stichprobengr\u00f6\u00dfen erforderlich.<\/li>\n\n\n\n<li>Durch die Pr\u00e4sentation mehrerer Konzepte erhalten die Befragten einen breiteren Kontext, der es ihnen erm\u00f6glicht, fundiertere Bewertungen vorzunehmen und besseres Feedback zu geben.<\/li>\n<\/ul>\n\n\n\n<h3 class=\"wp-block-heading\">Nachteile der sequentiellen Marktforschung:<\/h3>\n\n\n\n<ul class=\"wp-block-list\">\n<li>Bei der sequenziellen Pr\u00e4sentation von Konzepten ist die Entstehung von Verzerrungen m\u00f6glich. Dies k\u00f6nnte sich auf die Bewertung des Befragten auswirken.<\/li>\n\n\n\n<li>Wenn Befragte mehrere Konzepte bewerten, kann dies zu Komplexit\u00e4t f\u00fchren und zu Erm\u00fcdung oder Verwirrung f\u00fchren, was in ungenauem Feedback m\u00fcndet.<\/li>\n\n\n\n<li>Bei der Bewertung mehrerer Konzepte wird die Isolierung konzeptspezifischer R\u00fcckmeldungen zu einer Herausforderung, da es schwierig ist, zu bestimmen, welche spezifischen Aspekte zur Gesamtbewertung und den Pr\u00e4ferenzen beitragen.<\/li>\n<\/ul>\n\n\n\n<h2 class=\"wp-block-heading\">Bedeutung der Wahl des richtigen Forschungsdesigns<\/h2>\n\n\n\n<p>The accuracy of insights obtained from <a href=\"https:\/\/www.sisinternational.com\/de\/sachverstand\/branchen\/select-service-hotel-marktforschung\/\" title=\"Select Service Hotel Marktforschung\"  data-wpil-monitor-id=\"8770\">market research depends on selecting<\/a> the right research design. In addition to affecting the quality of results obtained from a study, the choice of research design can impact both its efficiency and cost. The importance of choosing the correct research design lies for multiple reasons:<\/p>\n\n\n\n<ul class=\"wp-block-list\">\n<li>Die Optimierung der Ressourcenzuweisung, einschlie\u00dflich Zeit und Geld, f\u00fcr einen maximalen ROI kann durch die Entscheidung f\u00fcr ein geeignetes Forschungsdesign erreicht werden, bei dem die effiziente Beantwortung relevanter Fragen im Vordergrund steht.<\/li>\n\n\n\n<li>Sequenzielle Forschung eignet sich ideal f\u00fcr den direkten Vergleich mehrerer Konzepte, w\u00e4hrend monadische Forschung am besten f\u00fcr die eingehende Bewertung einzelner Konzepte geeignet ist. Daher ist die Wahl zwischen monadischer und sequenzieller Marktforschung entscheidend, je nach Forschungszielen und -zwecken.<\/li>\n\n\n\n<li>Implementing an effective research strategy can unveil deeper insights and encourage a complete grasp of <a href=\"https:\/\/www.sisinternational.com\/de\/global-beverage-market\/\" title=\"Global Beverage Market: Market Dynamics, Growth Projections &amp; Consumer Insights\"  data-wpil-monitor-id=\"8771\">market conditions along with consumer<\/a> choices that drive business accomplishment.<\/li>\n\n\n\n<li>Mit dem richtigen Forschungsdesign k\u00f6nnen Datenanalyse und -interpretation einfacher und aussagekr\u00e4ftiger gestaltet werden. So k\u00f6nnen Unternehmen aus ihren Daten umsetzbare Erkenntnisse und Empfehlungen gewinnen.<\/li>\n\n\n\n<li>Deciding on a <a href=\"https:\/\/www.sisinternational.com\/de\/welche-trends-gibt-es-in-der-marktforschungsbranche\/\" title=\"Welche Trends gibt es in der Marktforschungsbranche?\"  data-wpil-monitor-id=\"8772\">research design in line with industry<\/a> standards and best practices helps maintain the comparability of results across different studies while ensuring consistency over time. This enables effective benchmarking exercises alongside trend analyses.<\/li>\n\n\n\n<li>When a <a href=\"https:\/\/www.sisinternational.com\/de\/losungen\/qualitative-quantitative-forschungslosungen\/marktforschungsdesignunternehmen\/\" title=\"Design-Forschungsunternehmen\"  data-wpil-monitor-id=\"8773\">research study is designed<\/a> properly, it can strengthen the credibility and validity of its results. Therefore, making them more beneficial in terms of decision-making.<\/li>\n<\/ul>\n\n\n\n<h2 class=\"wp-block-heading\">Empfohlene Vorgehensweise<\/h2>\n\n\n\n<p>Die Implementierung von Best Practices f\u00fcr monadische und sequenzielle Forschungsdesigns kann dazu beitragen, dass der Forschungsprozess effizient und pr\u00e4zise ist und umsetzbare Erkenntnisse liefert. Zu den Best Practices f\u00fcr beide Forschungsdesigns geh\u00f6ren<\/p>\n\n\n\n<ul class=\"wp-block-list\">\n<li><strong>Sicherstellung einer klaren und pr\u00e4gnanten Reizpr\u00e4sentation:<\/strong> Unternehmen sollten die Konzepte, Produkte oder Reize klar, pr\u00e4gnant und einheitlich pr\u00e4sentieren, um Verwirrung zu vermeiden und den Befragten eine genaue Bewertung der einzelnen Konzepte zu erm\u00f6glichen.<\/li>\n\n\n\n<li><strong>L\u00e4nge und Komplexit\u00e4t von Umfragen ausbalancieren:<\/strong> Von Unternehmen wird erwartet, dass sie Umfragen so kurz und unkompliziert wie m\u00f6glich halten, um das Engagement der Befragten aufrechtzuerhalten und Erm\u00fcdung zu vermeiden. Lange oder komplexe Umfragen k\u00f6nnen zu mangelndem Engagement und verminderter Datenqualit\u00e4t f\u00fchren.<\/li>\n\n\n\n<li><strong>Randomisierung der Reizreihenfolge bei sequenzieller Forschung:<\/strong> Um Reihenfolgeeffekte und Verzerrungen bei sequenzieller Forschung zu mildern, sollten Forscher die Reihenfolge, in der den Befragten die Konzepte pr\u00e4sentiert werden, zuf\u00e4llig anordnen.<\/li>\n\n\n\n<li><strong>Verwendung eines Mixes aus quantitativen und qualitativen Methoden:<\/strong> Die Kombination quantitativer Daten mit qualitativem Feedback ist ein wichtiger Faktor, um die Wahrnehmungen und Pr\u00e4ferenzen der Befragten umfassend zu verstehen.<\/li>\n\n\n\n<li><strong>Validierung der Ergebnisse durch zus\u00e4tzliche Forschung:<\/strong> Unternehmen sollten zus\u00e4tzliche Untersuchungen in Betracht ziehen, um die Ergebnisse der ersten Studie zu best\u00e4tigen oder zu erweitern. Dies kann dazu beitragen, die Zuverl\u00e4ssigkeit und Robustheit der Erkenntnisse zu verbessern.<\/li>\n\n\n\n<li><strong>Sicherstellung der Datenqualit\u00e4t und Repr\u00e4sentativit\u00e4t der Befragten:<\/strong> <a href=\"https:\/\/www.sisinternational.com\/de\/abdeckung\/europa\/marktforschung-liverpool-grosbritannien\/\" title=\"Marktforschung in Liverpool | Fokusgruppen und Datenerfassung in Gro\u00dfbritannien\"  data-wpil-monitor-id=\"8769\">Researchers must verify that the data collected<\/a> is of high quality and that the respondents are representative of the target population. This can help ensure that the findings are generalizable and relevant to the market.<\/li>\n\n\n\n<li><strong>Wahrung des Datenschutzes und ethischer Standards:<\/strong> Sammeln, speichern und analysieren Sie Daten gem\u00e4\u00df den Datenschutzbestimmungen und ethischen Standards, um die Informationen der Befragten zu sch\u00fctzen und die Integrit\u00e4t des Forschungsprozesses zu wahren.<\/li>\n<\/ul>\n\n\n\n<h2 class=\"wp-block-heading\">Auswahl zwischen monadischer und sequentieller Marktforschung<\/h2>\n\n\n\n<p>Bei der Entscheidung, ob monadische oder sequenzielle Marktforschung eingesetzt werden soll, sind mehrere Aspekte zu ber\u00fccksichtigen, darunter Forschungsziele, Budgetbeschr\u00e4nkungen und Ressourcenverf\u00fcgbarkeit. Daher m\u00fcssen bei der Auswahl des am besten geeigneten Ansatzes f\u00fcr ein Forschungsprojekt verschiedene Faktoren ber\u00fccksichtigt werden.<\/p>\n\n\n\n<ul class=\"wp-block-list\">\n<li><strong>Forschungsschwerpunkte:<\/strong> Um einzelne Ideen im Detail zu untersuchen und externe Einfl\u00fcsse anderer Ideen zu vermeiden, k\u00f6nnten Unternehmen monadische Forschung in Betracht ziehen. Bei direkten Vergleichen mehrerer Konzepte k\u00f6nnte sequenzielle Forschung eine bessere Option sein.<\/li>\n\n\n\n<li><strong>Budget und Ressourcen:<\/strong> Bei monadischer Forschung ist h\u00e4ufig eine gr\u00f6\u00dfere Stichprobengr\u00f6\u00dfe erforderlich, was m\u00f6glicherweise h\u00f6here Kosten oder l\u00e4ngere Zeitpl\u00e4ne zur Folge hat. Die Bewertung des verf\u00fcgbaren Budgets und der Ressourcen hilft bei der Festlegung eines praktikableren Forschungsdesigns.<\/li>\n\n\n\n<li><strong>Zeitplan und Projektumfang:<\/strong> Wenn Unternehmen zwischen monadischer und sequenzieller Marktforschung w\u00e4hlen, ber\u00fccksichtigen sie den Zeitplan und den Umfang des Projekts. W\u00e4hrend monadische Studien m\u00f6glicherweise gr\u00f6\u00dfere Stichproben erfordern, dauert ihre Durchf\u00fchrung m\u00f6glicherweise l\u00e4nger als \u00fcblich. Sequenzielle Studien hingegen sind relativ schnell.<\/li>\n<\/ul>\n\n\n\n<p>Finally, choosing between monadic vs sequential market research designs ultimately depends on evaluating the project&#8217;s objectives and available resources thoroughly. To achieve precise and dependable insights in their market research endeavors, <a href=\"https:\/\/www.sisinternational.com\/de\/sachverstand\/branchen\/forschungstests-zur-hautpflege\/\" title=\"Hautpflegeforschung und -tests\"  data-wpil-monitor-id=\"8775\">researchers need to consider these factors carefully<\/a> when selecting a suitable research design.<\/p>","protected":false},"excerpt":{"rendered":"<p>Unternehmen und Forscher, die aus ihren Studien pr\u00e4zise und n\u00fctzliche Erkenntnisse gewinnen m\u00f6chten, m\u00fcssen monadische und sequenzielle Marktforschung in Betracht ziehen.<\/p>","protected":false},"author":1,"featured_media":69501,"parent":14514,"menu_order":301,"comment_status":"closed","ping_status":"closed","template":"","meta":{"footnotes":""},"class_list":["post-42674","page","type-page","status-publish","has-post-thumbnail"],"_links":{"self":[{"href":"https:\/\/www.sisinternational.com\/de\/wp-json\/wp\/v2\/pages\/42674","targetHints":{"allow":["GET"]}}],"collection":[{"href":"https:\/\/www.sisinternational.com\/de\/wp-json\/wp\/v2\/pages"}],"about":[{"href":"https:\/\/www.sisinternational.com\/de\/wp-json\/wp\/v2\/types\/page"}],"author":[{"embeddable":true,"href":"https:\/\/www.sisinternational.com\/de\/wp-json\/wp\/v2\/users\/1"}],"replies":[{"embeddable":true,"href":"https:\/\/www.sisinternational.com\/de\/wp-json\/wp\/v2\/comments?post=42674"}],"version-history":[{"count":5,"href":"https:\/\/www.sisinternational.com\/de\/wp-json\/wp\/v2\/pages\/42674\/revisions"}],"predecessor-version":[{"id":81471,"href":"https:\/\/www.sisinternational.com\/de\/wp-json\/wp\/v2\/pages\/42674\/revisions\/81471"}],"up":[{"embeddable":true,"href":"https:\/\/www.sisinternational.com\/de\/wp-json\/wp\/v2\/pages\/14514"}],"wp:featuredmedia":[{"embeddable":true,"href":"https:\/\/www.sisinternational.com\/de\/wp-json\/wp\/v2\/media\/69501"}],"wp:attachment":[{"href":"https:\/\/www.sisinternational.com\/de\/wp-json\/wp\/v2\/media?parent=42674"}],"curies":[{"name":"wp","href":"https:\/\/api.w.org\/{rel}","templated":true}]}}