{"id":42672,"date":"2023-05-02T21:39:21","date_gmt":"2023-05-03T01:39:21","guid":{"rendered":"https:\/\/www.sisinternational.com\/?page_id=42672"},"modified":"2026-01-25T19:34:46","modified_gmt":"2026-01-26T00:34:46","slug":"bergbaumarktforschung","status":"publish","type":"page","link":"https:\/\/www.sisinternational.com\/de\/sachverstand\/bergbaumarktforschung\/","title":{"rendered":"Bergbau-Marktforschung"},"content":{"rendered":"<h1 class=\"wp-block-heading\">Bergbau-Marktforschung<\/h1>\n\n\n\n<figure class=\"gb-block-image gb-block-image-47ed78b1\"><img loading=\"lazy\" decoding=\"async\" width=\"1456\" height=\"816\" class=\"gb-image gb-image-47ed78b1\" src=\"https:\/\/www.sisinternational.com\/wp-content\/uploads\/2025\/08\/Supermarket-5.jpg\" alt=\"SIS International Marktforschung &amp; Strategie\" title=\"Supermarket (5)\" srcset=\"https:\/\/www.sisinternational.com\/wp-content\/uploads\/2025\/08\/Supermarket-5.jpg 1456w, https:\/\/www.sisinternational.com\/wp-content\/uploads\/2025\/08\/Supermarket-5-300x168.jpg 300w, https:\/\/www.sisinternational.com\/wp-content\/uploads\/2025\/08\/Supermarket-5-1024x574.jpg 1024w, https:\/\/www.sisinternational.com\/wp-content\/uploads\/2025\/08\/Supermarket-5-768x430.jpg 768w, https:\/\/www.sisinternational.com\/wp-content\/uploads\/2025\/08\/Supermarket-5-18x10.jpg 18w\" sizes=\"auto, (max-width: 1456px) 100vw, 1456px\"><\/figure>\n\n\n\n<p><\/p>\n\n\n\n<p>Die Bergbauindustrie liefert wichtige Rohstoffe f\u00fcr verschiedene Branchen, wie etwa das Baugewerbe und die Fertigung. In diesem Zusammenhang ist die Marktforschung im Bergbau ein wichtiges Instrument f\u00fcr fundierte Entscheidungen und strategische Planungen. Sie hilft den Beteiligten, sich in den Feinheiten dieser Branche zurechtzufinden und trotz Marktver\u00e4nderungen ihre wirtschaftliche Leistung zu verbessern. Da die Nachfrage nach diesen Ressourcen weiter steigt, stehen Bergbauunternehmen vor Herausforderungen, darunter schwankende Rohstoffpreise, Umweltbedenken und sich \u00e4ndernde regulatorische Rahmenbedingungen.<\/p>\n\n\n\n<h2 class=\"wp-block-heading\">Bedeutung der Bergbaumarktforschung<\/h2>\n\n\n\n<p><a href=\"https:\/\/www.sisinternational.com\/de\/sachverstand\/branchen\/marktforschung-zum-weltraumbergbau\/\" title=\"Marktforschung zum Weltraumbergbau\"  data-wpil-monitor-id=\"6305\">Mining market research<\/a> provides valuable insights into market trends, commodity prices, and production data, enabling industry players to make business decisions and develop strategic plans based on accurate and up-to-date information.<\/p>\n\n\n\n<p>Dar\u00fcber hinaus k\u00f6nnen die Beteiligten potenzielle Risiken, darunter wirtschaftliche, \u00f6kologische und soziale Risiken, identifizieren und bewerten. Anhand dieser Informationen k\u00f6nnen sie Strategien zur Risikominderung entwickeln und umsetzen und so die langfristige Rentabilit\u00e4t und Nachhaltigkeit des Bergbaubetriebs sicherstellen.<\/p>\n\n\n\n<p>Dar\u00fcber hinaus hilft das Verst\u00e4ndnis der Marktdynamik und der Ressourcenverf\u00fcgbarkeit Bergbauunternehmen dabei, Ressourcen effizient zuzuweisen und die Minenplanung zu optimieren, um einen nachhaltigeren und kosteng\u00fcnstigeren Abbauprozess sicherzustellen.<\/p>\n\n\n\n<p>Similarly, governments and regulatory bodies can utilize <a href=\"https:\/\/www.sisinternational.com\/de\/sachverstand\/branchen\/marktforschung-der-bundesregierung\/\" title=\"Marktforschung der Bundesregierung\"  data-wpil-monitor-id=\"5768\">Bergbaumarktforschung<\/a> to develop and implement effective policies and regulations that promote responsible mining practices, protect the environment, and safeguard the interests of local communities.<\/p>\n\n\n\n<p>Daher bietet diese Forschung Einblicke in die Umweltauswirkungen von Bergbauaktivit\u00e4ten und hilft Unternehmen, nachhaltigere Praktiken einzuf\u00fchren und ihren \u00f6kologischen Fu\u00dfabdruck zu verringern. Dies tr\u00e4gt zur langfristigen Nachhaltigkeit der Branche bei und mildert potenzielle negative Auswirkungen auf die Umwelt.<\/p>\n\n\n\n<h2 class=\"wp-block-heading\">Schl\u00fcsselkomponenten der Bergbau-Marktforschung<\/h2>\n\n\n\n<p><a href=\"https:\/\/www.sisinternational.com\/de\/venezuela-oil-mining-industry-potential-strategic-forecast-2026-2036\/\" title=\"Venezuela Oil &amp; Mining Industry Potential: Strategic Forecast 2026-2036\"  data-wpil-monitor-id=\"1308\">Mining market research<\/a> provides valuable insights into the industry&#8217;s dynamics, challenges, and opportunities. Some of the key components of mining market research include:<\/p>\n\n\n\n<ul class=\"wp-block-list\">\n<li><strong>Angebots- und Nachfragedynamik:<\/strong> Analyzing the balance between the global supply and demand of various minerals and <a href=\"https:\/\/www.sisinternational.com\/de\/sachverstand\/branchen\/marktforschung-fur-seltenerdmetalle\/\" title=\"Marktforschung f\u00fcr Seltene Erden\"  data-wpil-monitor-id=\"5184\">metals helps identify market<\/a> trends and potential areas of growth (or decline).<\/li>\n\n\n\n<li><strong>Marktsegmentierung:<\/strong> Das Verst\u00e4ndnis der verschiedenen Segmente der Bergbauindustrie wie Edelmetalle, unedle Metalle und Mineralien kann dabei helfen, spezifische Chancen und Herausforderungen f\u00fcr jedes Segment zu erkennen.<\/li>\n\n\n\n<li><strong>Historische Preisanalyse:<\/strong> Die Untersuchung historischer Rohstoffpreisdaten kann Einblicke in Preistrends und -schwankungen liefern und so strategische Entscheidungen und das Risikomanagement unterst\u00fctzen. Obwohl diese Methode nicht perfekt ist und die Vergangenheit nicht immer zuk\u00fcnftige Trends vorhersagt, ist sie eine gute Methode zur Prognose im Bereich der Bergbaumarktforschung.<\/li>\n\n\n\n<li><strong>Preisprognose:<\/strong> Die Vorhersage k\u00fcnftiger Rohstoffpreise auf Grundlage von Markttrends, Konjunkturindikatoren und anderen Faktoren kann den Beteiligten dabei helfen, fundierte Entscheidungen hinsichtlich Investitionen und Produktionsplanung zu treffen.<\/li>\n\n\n\n<li><strong>Produktionsdaten:<\/strong> Durch die Auswertung von Produktionsdaten (einschlie\u00dflich Bergbauleistung, Produktionskosten und Betriebseffizienz) k\u00f6nnen Erkenntnisse \u00fcber die Leistungsf\u00e4higkeit von Bergbauunternehmen und der Branche als Ganzes gewonnen werden.<\/li>\n\n\n\n<li><strong>Bergbauvorschriften:<\/strong> Das Verst\u00e4ndnis des regulatorischen Umfelds in verschiedenen L\u00e4ndern und Regionen ist von entscheidender Bedeutung, um die Einhaltung der Vorschriften sicherzustellen und potenzielle Risiken oder Chancen im Zusammenhang mit Gesetzes\u00e4nderungen zu erkennen.<\/li>\n\n\n\n<li><strong>Bergbautechnologien:<\/strong> Durch die Bewertung der neuesten Fortschritte in der Bergbautechnologie, beispielsweise in den Bereichen Automatisierung, Fernerkundung und Datenanalyse, k\u00f6nnen Unternehmen ihre Betriebseffizienz steigern und ihre Auswirkungen auf die Umwelt verringern.<\/li>\n\n\n\n<li><strong>Umweltbelastung:<\/strong> Durch die Bewertung der Umweltauswirkungen des Bergbaubetriebs k\u00f6nnen Unternehmen nachhaltige Praktiken implementieren, potenzielle Risiken mindern und im Kontext des Klimawandels ihren Ruf als \u00f6kologisch verantwortungsbewusstes Unternehmen wahren.<\/li>\n\n\n\n<li><strong>Sozialer Einfluss:<\/strong> Die Bewertung der sozialen Auswirkungen von Bergbauaktivit\u00e4ten, wie etwa gesellschaftliches Engagement, lokale Besch\u00e4ftigung und Erhaltung des kulturellen Erbes, kann zur Entwicklung von Strategien f\u00fcr verantwortungsvolle Bergbaupraktiken und starke Beziehungen zu den Interessengruppen beitragen.<\/li>\n<\/ul>\n\n\n\n<h2 class=\"wp-block-heading\">Vorteile der Bergbau-Marktforschung f\u00fcr verschiedene Interessengruppen<\/h2>\n\n\n\n<p>Die Marktforschung im Bergbau bietet eine Reihe von Vorteilen f\u00fcr verschiedene Interessengruppen in der Bergbauindustrie, darunter Bergbauunternehmen, Investoren, Regierungen, Umwelt- und Sozialorganisationen sowie lokale Gemeinden. Zu diesen Vorteilen geh\u00f6ren:<\/p>\n\n\n\n<ul class=\"wp-block-list\">\n<li><strong>Verbesserte Entscheidungsfindung:<\/strong> Durch die Marktforschung im Bergbau erhalten Bergbauunternehmen und Investoren die notwendigen Daten und Erkenntnisse, um fundierte Entscheidungen zu treffen und sich auf Ver\u00e4nderungen lokaler Vorschriften und globaler M\u00e4rkte einzustellen.<\/li>\n\n\n\n<li><strong>Verbesserte Wettbewerbsf\u00e4higkeit:<\/strong> Durch das Verst\u00e4ndnis der Marktdynamik, der Rohstoffpreise und der aufkommenden Trends k\u00f6nnen Bergbauunternehmen ihre Wettbewerbsf\u00e4higkeit verbessern und sich an ver\u00e4nderte Branchenbedingungen anpassen.<\/li>\n\n\n\n<li><strong>Optimierter Betrieb:<\/strong> Marktforschung im Bergbau unterst\u00fctzt Unternehmen bei der Optimierung ihrer Betriebsabl\u00e4ufe, von der Ressourcenzuweisung und Minenplanung bis hin zur Einf\u00fchrung innovativer Technologien und nachhaltiger Praktiken.<\/li>\n\n\n\n<li><strong>Effektive Politikentwicklung:<\/strong> Durch Marktforschung im Bergbau werden Regierungen und politische Entscheidungstr\u00e4ger \u00fcber Branchentrends, Herausforderungen und Chancen informiert. So k\u00f6nnen sie wirksame Strategien und Vorschriften entwickeln und implementieren, die eine verantwortungsvolle Bergbaupraxis f\u00f6rdern.<\/li>\n\n\n\n<li><strong>\u00dcberwachung und Durchsetzung:<\/strong> Dar\u00fcber hinaus unterst\u00fctzt die Marktforschung im Bergbau die Regierungen bei der \u00dcberwachung der Einhaltung von Vorschriften durch die Branche und der Durchsetzung von Richtlinien, um den Schutz der Umwelt und das Wohlergehen der \u00f6rtlichen Gemeinden zu gew\u00e4hrleisten.<\/li>\n\n\n\n<li><strong>Zusammenarbeit und Partnerschaft:<\/strong> Indem die Marktforschung im Bergbau ein gemeinsames Verst\u00e4ndnis der Bedingungen und Priorit\u00e4ten der Branche vermittelt, erleichtert sie die Zusammenarbeit und Partnerschaft zwischen verschiedenen Organisationen und Interessengruppen.<\/li>\n<\/ul>\n\n\n\n<h2 class=\"wp-block-heading\">Herausforderungen und Einschr\u00e4nkungen<\/h2>\n\n\n\n<ul class=\"wp-block-list\">\n<li><strong>Eingeschr\u00e4nkter Datenzugriff:<\/strong> Der Zugang zu zuverl\u00e4ssigen und aktuellen Daten kann schwierig sein, insbesondere in L\u00e4ndern mit weniger entwickeltem Bergbausektor oder in L\u00e4ndern, in denen Informationen nicht ohne weiteres verf\u00fcgbar sind. Daten zu Bergbauaktivit\u00e4ten, Ressourcen und Auswirkungen k\u00f6nnen unvollst\u00e4ndig oder veraltet sein, was die Genauigkeit der Marktforschungsergebnisse beeintr\u00e4chtigen kann.<\/li>\n\n\n\n<li><strong>Gesch\u00fctzte Informationen:<\/strong> Bergbauunternehmen z\u00f6gern m\u00f6glicherweise, vertrauliche oder firmeneigene Informationen wie Betriebsdaten, Explorationsergebnisse oder Finanzdaten weiterzugeben, was den Umfang und die Tiefe der Marktforschung einschr\u00e4nken kann.<\/li>\n\n\n\n<li><strong>Gesetzliche und regulatorische Anforderungen:<\/strong> Datenschutzgesetze und -vorschriften k\u00f6nnen die Weitergabe oder Verwendung bestimmter Arten von Informationen einschr\u00e4nken und sich somit auf die Vollst\u00e4ndigkeit der Marktforschung im Bergbau auswirken.<\/li>\n\n\n\n<li><strong>Komplexe und dynamische Branche:<\/strong> Die Bergbauindustrie ist komplex und entwickelt sich st\u00e4ndig weiter. Zahlreiche Faktoren beeinflussen die Marktdynamik und erschweren die Entwicklung genauer und zuverl\u00e4ssiger Prognosemodelle.<\/li>\n\n\n\n<li><strong>Vielf\u00e4ltige und lokalisierte Kontexte:<\/strong> Die Bergbauindustrie ist in unterschiedlichen und lokalen Kontexten t\u00e4tig. Dies kann eine Herausforderung bei der Entwicklung von Forschungsmethoden darstellen, mit denen diese Unterschiede erfasst und verallgemeinerbare Erkenntnisse erzielt werden k\u00f6nnen.<\/li>\n\n\n\n<li><strong>Anwendbarkeit der Erkenntnisse:<\/strong> Die Verallgemeinerbarkeit der Ergebnisse der Bergbaumarktforschung kann eingeschr\u00e4nkt sein, da die Erkenntnisse m\u00f6glicherweise auf bestimmte Regionen, Rohstoffe oder Marktsegmente beschr\u00e4nkt sind.<\/li>\n\n\n\n<li><strong>Forschung in die Tat umsetzen:<\/strong> Transforming <a href=\"https:\/\/www.sisinternational.com\/de\/sachverstand\/branchen\/nudeln-marktforschung\/\" title=\"Marktforschung f\u00fcr Nudeln\"  data-wpil-monitor-id=\"3067\">market<\/a> research insights into actionable strategies and policies can be challenging, particularly in complex and dynamic environments.<\/li>\n\n\n\n<li><strong>Wirkung messen:<\/strong> Die Auswirkungen der Marktforschung im Bergbau auf Praktiken, Richtlinien und Ergebnisse der Branche zu beurteilen, kann schwierig sein, da diese Ergebnisse von zahlreichen Faktoren beeinflusst werden k\u00f6nnen.<\/li>\n<\/ul>\n\n\n\n<p>SIS International bietet quantitative, qualitative und strategische Forschung an. Wir liefern Daten, Tools, Strategien, Berichte und Erkenntnisse zur Entscheidungsfindung. Wir f\u00fchren Interviews, Umfragen, Fokusgruppen und viele andere Methoden und Ans\u00e4tze der Marktforschung durch. Kontaktieren Sie uns f\u00fcr Ihr n\u00e4chstes Marktforschungsprojekt.<\/p>","protected":false},"excerpt":{"rendered":"<p>Die Bergbauindustrie liefert wichtige Rohstoffe f\u00fcr verschiedene Sektoren, beispielsweise die Bau- und Fertigungsindustrie.<\/p>","protected":false},"author":1,"featured_media":63725,"parent":14514,"menu_order":300,"comment_status":"closed","ping_status":"closed","template":"","meta":{"footnotes":""},"class_list":["post-42672","page","type-page","status-publish","has-post-thumbnail"],"_links":{"self":[{"href":"https:\/\/www.sisinternational.com\/de\/wp-json\/wp\/v2\/pages\/42672","targetHints":{"allow":["GET"]}}],"collection":[{"href":"https:\/\/www.sisinternational.com\/de\/wp-json\/wp\/v2\/pages"}],"about":[{"href":"https:\/\/www.sisinternational.com\/de\/wp-json\/wp\/v2\/types\/page"}],"author":[{"embeddable":true,"href":"https:\/\/www.sisinternational.com\/de\/wp-json\/wp\/v2\/users\/1"}],"replies":[{"embeddable":true,"href":"https:\/\/www.sisinternational.com\/de\/wp-json\/wp\/v2\/comments?post=42672"}],"version-history":[{"count":8,"href":"https:\/\/www.sisinternational.com\/de\/wp-json\/wp\/v2\/pages\/42672\/revisions"}],"predecessor-version":[{"id":79888,"href":"https:\/\/www.sisinternational.com\/de\/wp-json\/wp\/v2\/pages\/42672\/revisions\/79888"}],"up":[{"embeddable":true,"href":"https:\/\/www.sisinternational.com\/de\/wp-json\/wp\/v2\/pages\/14514"}],"wp:featuredmedia":[{"embeddable":true,"href":"https:\/\/www.sisinternational.com\/de\/wp-json\/wp\/v2\/media\/63725"}],"wp:attachment":[{"href":"https:\/\/www.sisinternational.com\/de\/wp-json\/wp\/v2\/media?parent=42672"}],"curies":[{"name":"wp","href":"https:\/\/api.w.org\/{rel}","templated":true}]}}