{"id":42670,"date":"2023-05-02T20:50:27","date_gmt":"2023-05-03T00:50:27","guid":{"rendered":"https:\/\/www.sisinternational.com\/?page_id=42670"},"modified":"2026-03-12T12:46:00","modified_gmt":"2026-03-12T16:46:00","slug":"was-ist-medizinische-bildgebung","status":"publish","type":"page","link":"https:\/\/www.sisinternational.com\/de\/losungen\/marktforschung-im-gesundheitswesen-2\/was-ist-medizinische-bildgebung\/","title":{"rendered":"Marktforschung f\u00fcr medizinische Bildgebung"},"content":{"rendered":"<h1 class=\"wp-block-heading\">Marktforschung f\u00fcr medizinische Bildgebung<\/h1>\n\n\n\n<figure class=\"gb-block-image gb-block-image-ba6f9742\"><img loading=\"lazy\" decoding=\"async\" width=\"1456\" height=\"816\" class=\"gb-image gb-image-ba6f9742\" src=\"https:\/\/www.sisinternational.com\/wp-content\/uploads\/2025\/08\/Healthcare-14.jpg\" alt=\"SIS International Marktforschung &amp; Strategie\" title=\"Healthcare (14)\" srcset=\"https:\/\/www.sisinternational.com\/wp-content\/uploads\/2025\/08\/Healthcare-14.jpg 1456w, https:\/\/www.sisinternational.com\/wp-content\/uploads\/2025\/08\/Healthcare-14-300x168.jpg 300w, https:\/\/www.sisinternational.com\/wp-content\/uploads\/2025\/08\/Healthcare-14-1024x574.jpg 1024w, https:\/\/www.sisinternational.com\/wp-content\/uploads\/2025\/08\/Healthcare-14-768x430.jpg 768w, https:\/\/www.sisinternational.com\/wp-content\/uploads\/2025\/08\/Healthcare-14-18x10.jpg 18w\" sizes=\"auto, (max-width: 1456px) 100vw, 1456px\"><\/figure>\n\n\n\n<p><\/p>\n\n\n\n<p>Medizinische Bildgebung ist eine Technik, die von medizinischem Fachpersonal verwendet wird. Sie verwenden sie, um das Innere des menschlichen K\u00f6rpers zu diagnostischen und therapeutischen Zwecken zu untersuchen. Dabei werden visuelle Darstellungen der inneren Strukturen des K\u00f6rpers erstellt. Beispielsweise werden Bilder von Organen, Knochen, Blutgef\u00e4\u00dfen und Geweben angezeigt. Diese Bilder helfen bei der Diagnose und Behandlung verschiedener Erkrankungen.<\/p>\n\n\n\n<p>Medizinische Bildgebungsverfahren verwenden verschiedene Technologien, um Bilder des K\u00f6rpers aufzunehmen. Zu diesen Technologien geh\u00f6ren R\u00f6ntgen, Computertomographie (CT) und Magnetresonanztomographie (MRT). Ultraschall und Nuklearmedizin sind ebenfalls bekannte Bildgebungsverfahren. Diese Bildgebungsverfahren erm\u00f6glichen es dem Gesundheitspersonal, die inneren Strukturen des K\u00f6rpers zu untersuchen. Sie k\u00f6nnen wertvolle Informationen \u00fcber das Vorhandensein von Anomalien oder Krankheiten erhalten. Die medizinische Bildgebung zeigt auch den Ort, die Gr\u00f6\u00dfe und die Merkmale von Anomalien oder Krankheiten.<\/p>\n\n\n\n<p>Medizinische Bildgebung ist f\u00fcr die Diagnose und \u00dcberwachung verschiedener Erkrankungen von entscheidender Bedeutung. Gesundheitsdienstleister nutzen sie bei Patienten mit Krebs, Herz-Kreislauf-Erkrankungen und Erkrankungen des Bewegungsapparats. Sie eignet sich auch hervorragend zur Erkennung neurologischer St\u00f6rungen und vieler anderer Erkrankungen. Sie hilft medizinischem Fachpersonal bei der Diagnose von Krankheiten sowie bei der Planung und Nachverfolgung von Behandlungen. Sie nutzen sie zur Anleitung chirurgischer Eingriffe und zur Beurteilung der Behandlungsreaktion. Medizinische Bildgebung f\u00fchrt zu einer besseren Patientenversorgung und verbesserten Ergebnissen.<\/p>\n\n\n\n<h2 class=\"wp-block-heading\">Warum ist medizinische Bildgebung wichtig?<\/h2>\n\n\n\n<p>Medizinische Bildgebung ist wichtig f\u00fcr die Diagnose und Erkennung. Sie erm\u00f6glicht es medizinischem Fachpersonal, Krankheiten, Leiden und Anomalien zu visualisieren und zu erkennen. Diese Leiden sind mit blo\u00dfem Auge m\u00f6glicherweise nicht erkennbar. Medizinische Bildgebung hilft auch dabei, das Vorhandensein, den Ort, die Gr\u00f6\u00dfe und die Eigenschaften von Tumoren zu identifizieren. Gesundheitsdienstleister verwenden sie, um Frakturen, Infektionen und andere Krankheiten zu erkennen. Eine genaue und fr\u00fchzeitige Diagnose durch medizinische Bildgebung ist entscheidend. Sie kann sich auf die Ergebnisse der Patienten auswirken, indem sie eine rechtzeitige und angemessene Behandlung erm\u00f6glicht.<\/p>\n\n\n\n<p>Medizinische Bildgebung spielt eine entscheidende Rolle bei der Planung und \u00dcberwachung von Behandlungsstrategien. Sie liefert detaillierte Informationen \u00fcber den Ort und das Ausma\u00df von Krankheiten oder Beschwerden. So hilft sie Gesundheitsdienstleistern, gezielte Behandlungspl\u00e4ne zu entwickeln. Gesundheitsdienstleister k\u00f6nnen CT, MRT und Ultraschall auch f\u00fcr andere Zwecke nutzen. Sie k\u00f6nnen sie beispielsweise zur Steuerung minimalinvasiver Eingriffe verwenden. Sie k\u00f6nnen dann Biopsien und Operationen mit gr\u00f6\u00dferer Pr\u00e4zision und geringerem Risiko durchf\u00fchren.<\/p>\n\n\n\n<p>Medizinische Bildgebung erm\u00f6glicht es medizinischem Fachpersonal, ohne invasive Verfahren innere K\u00f6rperbilder zu erhalten. Dadurch wird die Notwendigkeit explorativer Operationen oder anderer invasiver Diagnosetechniken reduziert. Dies minimiert die Beschwerden des Patienten, das Komplikationsrisiko und die Genesungszeit. Die meisten medizinischen Bildgebungsverfahren wie R\u00f6ntgen, CT und MRT sind sicher. Sie m\u00fcssen von geschultem Fachpersonal nach entsprechenden Protokollen durchgef\u00fchrt werden.<\/p>\n\n\n\n<p>Medizinische Bildgebung ist f\u00fcr die \u00dcberwachung des Behandlungsverlaufs unerl\u00e4sslich. Gesundheitsdienstleister nutzen sie auch, um die Wirkung der Behandlung im Laufe der Zeit zu beurteilen. Sie k\u00f6nnen damit die Wirksamkeit von Therapien testen. Sie k\u00f6nnen damit auch Ver\u00e4nderungen in der Gr\u00f6\u00dfe oder den Eigenschaften von L\u00e4sionen verfolgen. Dann k\u00f6nnen sie die Behandlungspl\u00e4ne nach Bedarf anpassen. Medizinische Bildgebung erleichtert auch die langfristige Nachsorge chronischer Erkrankungen. Au\u00dferdem erm\u00f6glicht sie die \u00dcberwachung auf R\u00fcckf\u00e4lle oder Metastasen von Krankheiten wie Krebs.<\/p>\n\n\n\n<p><a href=\"https:\/\/www.sisinternational.com\/de\/sachverstand\/branchen\/medizintechnik-medtech-marktforschung\/\" title=\"Marktforschung f\u00fcr Medizintechnik (Med Tech)\"  data-wpil-monitor-id=\"4182\">Medizinische Bildgebung<\/a> is an evolving field with continuous technological advancements. These advancements improve image quality. They lead to faster acquisition and new imaging modalities. The advancements also allow for more accurate and detailed visualization of internal structures. They enhance diagnostic capabilities and improve patient care.<\/p>\n\n\n\n<p>Zusammenfassend l\u00e4sst sich sagen, dass die medizinische Bildgebung in der modernen Medizin von entscheidender Bedeutung ist. Wir brauchen sie f\u00fcr eine genaue Diagnose und Behandlungsplanung. Sie eignet sich auch hervorragend f\u00fcr die \u00dcberwachung und Nachsorge verschiedener Erkrankungen. Sie ist eine nicht-invasive und sichere M\u00f6glichkeit, das K\u00f6rperinnere zu visualisieren. Die medizinische Bildgebung liefert medizinischem Fachpersonal wertvolle Informationen, damit es fundierte Entscheidungen treffen kann. Sie erm\u00f6glicht ihnen eine optimale Patientenversorgung.<\/p>\n\n\n\n<h2 class=\"wp-block-heading\">Wichtige Berufsbezeichnungen<\/h2>\n\n\n\n<h2 class=\"wp-block-heading\">Im Bereich der medizinischen Bildgebung gibt es viele Berufsbezeichnungen, darunter:<\/h2>\n\n\n\n<figure class=\"gb-block-image gb-block-image-67121d2e\"><img loading=\"lazy\" decoding=\"async\" width=\"1456\" height=\"816\" class=\"gb-image gb-image-67121d2e\" src=\"https:\/\/www.sisinternational.com\/wp-content\/uploads\/2025\/08\/Healthcare-16.jpg\" alt=\"SIS International Marktforschung &amp; Strategie\" title=\"Healthcare (16)\" srcset=\"https:\/\/www.sisinternational.com\/wp-content\/uploads\/2025\/08\/Healthcare-16.jpg 1456w, https:\/\/www.sisinternational.com\/wp-content\/uploads\/2025\/08\/Healthcare-16-300x168.jpg 300w, https:\/\/www.sisinternational.com\/wp-content\/uploads\/2025\/08\/Healthcare-16-1024x574.jpg 1024w, https:\/\/www.sisinternational.com\/wp-content\/uploads\/2025\/08\/Healthcare-16-768x430.jpg 768w, https:\/\/www.sisinternational.com\/wp-content\/uploads\/2025\/08\/Healthcare-16-18x10.jpg 18w\" sizes=\"auto, (max-width: 1456px) 100vw, 1456px\"><\/figure>\n\n\n\n<ol class=\"wp-block-list\">\n<li><strong>Radiologietechnologen:<\/strong> Diese medizinischen Fachkr\u00e4fte, auch R\u00f6ntgenassistenten genannt, f\u00fchren bildgebende Diagnoseverfahren durch. Sie f\u00fchren beispielsweise R\u00f6ntgen-, CT- und MRT-Untersuchungen an Patienten durch. Sie bedienen und warten bildgebende Ger\u00e4te und positionieren Patienten f\u00fcr bildgebende Untersuchungen. Sie stellen auch die Qualit\u00e4t der Bilder sicher.<\/li>\n\n\n\n<li><strong>MRT-Techniker:<\/strong> Spezialisierte Radiologietechniker, die Magnetresonanztomographen (MRT) bedienen. Diese Scanner verwenden Magnetfelder und Radiowellen. Sie erstellen detaillierte Bilder der inneren Strukturen des K\u00f6rpers. MRT-Techniker k\u00f6nnen auch Kontrastmittel zur verbesserten Bildgebung verabreichen. Sie arbeiten mit Radiologen zusammen, um die MRT-Bilder zu interpretieren.<\/li>\n\n\n\n<li><strong>CT-Techniker:<\/strong> auch als Computertomographietechniker bekannt. Sie sind auf die Durchf\u00fchrung von Computertomographie-Scans (CT) spezialisiert. CT-Scans verwenden R\u00f6ntgenstrahlen und Computerverarbeitung, um Querschnittsbilder des K\u00f6rpers zu erstellen. Die Techniker bereiten Patienten auf CT-Scans vor und bedienen die Scanner. Sie k\u00f6nnen Kontrastmittel verabreichen, um die Bildqualit\u00e4t zu verbessern.<\/li>\n\n\n\n<li><strong>Ultraschalldiagnostiker:<\/strong> also known as ultrasound technologists. Sonographers use ultrasound technology to produce images of the body\u2019s internal structures. For example, these scans show the organs, blood vessels, and tissues. Sonographers perform <a href=\"https:\/\/www.sisinternational.com\/de\/sachverstand\/branchen\/marktforschung-fur-diagnostische-bildgebung\/\" title=\"Marktforschung f\u00fcr diagnostische Bildgebung\"  data-wpil-monitor-id=\"6364\">diagnostic ultrasound exams and interpret images<\/a>. They may assist physicians with procedures such as biopsies and drainages.<\/li>\n\n\n\n<li><strong>Nuklearmedizintechniker:<\/strong> verwendet radioaktive Stoffe f\u00fcr diagnostische und therapeutische Verfahren. Sie bereiten radioaktive Medikamente vor und verabreichen sie Patienten. Sie erfassen auch Bilder des radioaktiven Materials im K\u00f6rper. Nuklearmedizintechniker arbeiten mit \u00c4rzten zusammen, um die Bilder zu interpretieren.<\/li>\n\n\n\n<li><strong>Leiter der Radiologie:<\/strong> Radiologiemanager \u00fcberwachen den Betrieb von Radiologieabteilungen oder Bildgebungszentren. Sie verwalten Personal, Budgetierung, Qualit\u00e4tskontrolle und Arbeitsabl\u00e4ufe. Sie sorgen auch f\u00fcr die Einhaltung von Vorschriften und Richtlinien. Sie arbeiten mit anderen Angeh\u00f6rigen der Gesundheitsberufe zusammen, um Bildgebungsdienste zu koordinieren. Die Gew\u00e4hrleistung reibungsloser Abl\u00e4ufe ist eine weitere ihrer Aufgaben.<\/li>\n\n\n\n<li><strong>Radiologen:<\/strong> \u00c4rzte, die sich auf die Interpretation medizinischer Bilder zur Diagnose von Krankheiten und Beschwerden spezialisiert haben. Sie \u00fcberpr\u00fcfen und interpretieren R\u00f6ntgen-, CT-, MRT- und Ultraschallbilder. Sie erstellen auch schriftliche Berichte zur Patientenbehandlung. Radiologen arbeiten h\u00e4ufig mit anderen Leistungserbringern zusammen. Sie neigen dazu, bei der Patientenversorgung einen multidisziplin\u00e4ren Teamansatz zu verfolgen.<\/li>\n\n\n\n<li><strong>Strahlentherapeut:<\/strong> arbeitet mit Krebspatienten. Sie verabreichen die von Strahlenonkologen verschriebenen Behandlungen. Sie bedienen Bestrahlungsger\u00e4te und verabreichen gezielte Strahlendosen an das Krebsgewebe. Sie \u00fcberwachen die Patienten auch w\u00e4hrend der Behandlung und bieten Aufkl\u00e4rung und Unterst\u00fctzung.<\/li>\n<\/ol>\n\n\n\n<p>Dies sind nur einige Beispiele f\u00fcr die vielen Berufsbezeichnungen in der medizinischen Bildgebung. Das vielf\u00e4ltige Feld bietet Karrierem\u00f6glichkeiten f\u00fcr medizinisches Fachpersonal mit Spezialkenntnissen. F\u00fcr die meisten dieser Jobs ist eine Ausbildung in verschiedenen Bildgebungsverfahren ein Muss.<\/p>\n\n\n\n<h2 class=\"wp-block-heading\">Warum brauchen Unternehmen Marktforschung im Bereich der medizinischen Bildgebung?<\/h2>\n\n\n\n<p>Unternehmen k\u00f6nnen aus verschiedenen Gr\u00fcnden medizinische Bildgebung ben\u00f6tigen. Es h\u00e4ngt von ihrer Branche und ihren spezifischen Anforderungen ab. Hier sind einige h\u00e4ufige Szenarien, in denen Unternehmen medizinische Bildgebung ben\u00f6tigen k\u00f6nnen:<\/p>\n\n\n\n<ul class=\"wp-block-list\">\n<li><strong>Gesundheitsdienstleister:<\/strong> Die medizinische Bildgebung ist ein unverzichtbares Werkzeug f\u00fcr Gesundheitsdienstleister. Krankenh\u00e4user, Kliniken und Privatpraxen nutzen alle die medizinische Bildgebung.<\/li>\n\n\n\n<li><strong>Hersteller medizinischer Ger\u00e4te:<\/strong> Bildgebung wird h\u00e4ufig bei der Entwicklung und Pr\u00fcfung medizinischer Ger\u00e4te eingesetzt. Hersteller verwenden sie beispielsweise zum Testen von R\u00f6ntgenger\u00e4ten, CT-, MRT- und anderen Scannern. Sie verwenden sie auch zum Pr\u00fcfen von Ultraschallger\u00e4ten und anderen bildgebenden Ger\u00e4ten. Hersteller medizinischer Ger\u00e4te verwenden Bildgebung, um die Leistung und Sicherheit ihrer Produkte zu beurteilen. Sie verwenden sie auch, um Forschung und Entwicklung durchzuf\u00fchren und beh\u00f6rdliche Genehmigungen einzuholen.<\/li>\n\n\n\n<li><strong>Pharma- und Biotech-Unternehmen:<\/strong> k\u00f6nnen es bei der Arzneimittelentdeckung und -entwicklung verwenden. Es hilft ihnen, die Wirksamkeit und Sicherheit von Arzneimitteln in pr\u00e4klinischen und klinischen Studien zu beurteilen. Sie verwenden es, um den Krankheitsverlauf zu \u00fcberpr\u00fcfen und die Reaktion auf eine Behandlung zu testen. Sie k\u00f6nnen es auch verwenden, um Bildgebungs- oder Kontrastmittel f\u00fcr bildgebende Studien zu entwickeln.<\/li>\n\n\n\n<li><strong>Krankenkassen:<\/strong> Verwenden Sie es, um die medizinische Notwendigkeit von Bildgebungsstudien zu beurteilen. Es ist auch eine gute \u00dcberpr\u00fcfung der Angemessenheit dieser Studien. Diese Unternehmen verwenden es f\u00fcr Deckungs- und Erstattungszwecke. Medizinische Bildgebung kann Versicherungsunternehmen dabei helfen, die medizinische Notwendigkeit von Bildgebungsuntersuchungen zu bestimmen. Sie k\u00f6nnen die Angemessenheit der Bildgebung beurteilen und die Genauigkeit von Anspr\u00fcchen \u00fcberpr\u00fcfen.<\/li>\n\n\n\n<li><strong>Arbeits-und Gesundheitsschutz:<\/strong> Bildgebung ist f\u00fcr Branchen n\u00fctzlich, in denen Arbeitnehmer Strahlung oder anderen Gefahren ausgesetzt sind. Unternehmen k\u00f6nnen medizinische Bildgebung beispielsweise f\u00fcr die \u00dcberpr\u00fcfung vor der Einstellung verwenden. Sie k\u00f6nnen sie auch zur \u00dcberwachung der Gesundheit der Arbeitnehmer einsetzen. Sie ist n\u00fctzlich, um potenzielle arbeitsbedingte Verletzungen oder Erkrankungen zu erkennen. Medizinische Bildgebung ist ideal f\u00fcr Branchen wie Kernenergie, Fertigung und Luftfahrt.<\/li>\n\n\n\n<li><strong>Sportmedizin und Fitness:<\/strong> Sportmedizin- und Fitnessunternehmen nutzen medizinische Bildgebung, um Verletzungen zu beurteilen und zu untersuchen. Sie k\u00f6nnen den Heilungsverlauf verfolgen und die Leistung optimieren. Bildgebungsverfahren wie R\u00f6ntgen, MRT und Ultraschall k\u00f6nnen bei der Diagnose von Sportverletzungen helfen. Diese Techniken leiten auch Behandlungsentscheidungen und unterst\u00fctzen Rehabilitation und Genesung.<\/li>\n\n\n\n<li><strong>Wellness und pr\u00e4ventive Gesundheit:<\/strong> Auch Wellness- und pr\u00e4ventive Gesundheitsprogramme nutzen medizinische Bildgebung. Sie ist n\u00fctzlich f\u00fcr Ganzk\u00f6rperuntersuchungen, Herz-Kreislauf-Untersuchungen und Krebsvorsorgeuntersuchungen. Bildgebungsstudien k\u00f6nnen eine fr\u00fchzeitige Erkennung und Identifizierung potenzieller Gesundheitsrisiken erm\u00f6glichen. Sie erm\u00f6glichen es Einzelpersonen und Unternehmen, proaktive Ma\u00dfnahmen zu ergreifen. Sie helfen ihnen auch, Gesundheitszust\u00e4nde zu verhindern oder zu bew\u00e4ltigen.<\/li>\n<\/ul>\n\n\n\n<h2 class=\"wp-block-heading\">Schl\u00fcsselfaktoren f\u00fcr den Erfolg in der Marktforschung zur medizinischen Bildgebung<\/h2>\n\n\n\n<p>Es gibt mehrere Schl\u00fcsselfaktoren f\u00fcr den Erfolg in der medizinischen Bildgebung. Diese Faktoren sind f\u00fcr optimale Ergebnisse und Leistungen unerl\u00e4sslich. Dazu geh\u00f6rt die technische Kompetenz. Fachleute f\u00fcr medizinische Bildgebung m\u00fcssen \u00fcber die F\u00e4higkeiten und das Fachwissen verf\u00fcgen, um bildgebende Ger\u00e4te zu bedienen. Sie m\u00fcssen wissen, wie Verfahren durchgef\u00fchrt und qualitativ hochwertige Bilder erzeugt werden. Kontinuierliche Weiterbildung und Schulung sind von entscheidender Bedeutung. Fachleute m\u00fcssen auch \u00fcber die neuesten Fortschritte in der Bildgebungstechnologie auf dem Laufenden bleiben. Nur so k\u00f6nnen sie ihre technische Kompetenz aufrechterhalten.<\/p>\n\n\n\n<p>Die Gew\u00e4hrleistung der Qualit\u00e4t und Sicherheit medizinischer Bildgebungsverfahren ist von gr\u00f6\u00dfter Bedeutung. Dazu geh\u00f6rt die Einhaltung etablierter Bildgebungsprotokolle und die Befolgung von Strahlenschutzrichtlinien. Techniker m\u00fcssen auch Ma\u00dfnahmen zur Infektionskontrolle einhalten. Au\u00dferdem m\u00fcssen sie die Identit\u00e4t der Patienten und Untersuchungsanforderungen \u00fcberpr\u00fcfen. Qualit\u00e4tssicherungsprogramme und die Wartung der Ger\u00e4te sind ebenfalls unerl\u00e4sslich. Ebenso wichtig ist die kontinuierliche \u00dcberwachung der Bildgebungsleistung. Diese Ma\u00dfnahmen gew\u00e4hrleisten qualitativ hochwertige Bildgebungsergebnisse.<\/p>\n\n\n\n<p>Fachleute f\u00fcr medizinische Bildgebung und Radiologen m\u00fcssen \u00fcber ausgepr\u00e4gte klinische Urteilsf\u00e4higkeiten verf\u00fcgen. Sie m\u00fcssen Bilder interpretieren, um angemessene Diagnosen und Behandlungsentscheidungen zu treffen. Dies erfordert Kenntnisse in Anatomie, Physiologie, Pathologie und klinischem Kontext. Sie m\u00fcssen auch in der Lage sein, normale und abnormale Befunde zu erkennen. Au\u00dferdem m\u00fcssen sie mit anderen medizinischen Fachkr\u00e4ften kommunizieren.<\/p>\n\n\n\n<p>Effektive Kommunikations- und Kooperationsf\u00e4higkeiten sind im Bereich der medizinischen Bildgebung von entscheidender Bedeutung. Dazu geh\u00f6rt die Erhebung genauer Patientengeschichten und die Erl\u00e4uterung der Verfahren gegen\u00fcber den Patienten. Dazu geh\u00f6rt auch die Einholung einer Einverst\u00e4ndniserkl\u00e4rung und die Bereitstellung klarer Anweisungen w\u00e4hrend bildgebender Untersuchungen. Techniker m\u00fcssen auch wissen, wie sie ihre Ergebnisse dokumentieren. Die Zusammenarbeit mit anderen Mitgliedern des Gesundheitsteams ist f\u00fcr eine koordinierte Patientenversorgung unerl\u00e4sslich. Zu den Teams k\u00f6nnen Radiologen, \u00fcberweisende \u00c4rzte und andere Bildgebungsfachleute geh\u00f6ren.<\/p>\n\n\n\n<p>Fachkr\u00e4fte f\u00fcr medizinische Bildgebung m\u00fcssen eine einf\u00fchlsame und patientenorientierte Betreuung bieten. Dazu geh\u00f6rt, dass sie f\u00fcr den Komfort und die Sicherheit der Patienten sorgen und auf ihre Sorgen und Fragen eingehen. Dazu geh\u00f6rt auch, emotionale Unterst\u00fctzung zu bieten. Patientenaufkl\u00e4rung und -vertretung sind ebenfalls wichtig. Sie helfen den Patienten, den Bildgebungsprozess und die Ergebnisse zu verstehen.<br>Fachkr\u00e4fte f\u00fcr medizinische Bildgebung m\u00fcssen hohe Standards in Bezug auf Professionalit\u00e4t und ethisches Verhalten einhalten. Dazu geh\u00f6rt die Wahrung der Patientenvertraulichkeit und die Einhaltung von Berufsethikkodizes. Sie m\u00fcssen auch \u00fcber professionelle Zertifizierungen und Lizenzen verf\u00fcgen. Dar\u00fcber hinaus m\u00fcssen sie sich kontinuierlich beruflich weiterentwickeln. Professionalit\u00e4t bedeutet auch, mit Kollegen zusammenzuarbeiten und Integrit\u00e4t zu zeigen. Diese Fachkr\u00e4fte m\u00fcssen auch ein respektvolles und integratives Arbeitsumfeld aufrechterhalten.<\/p>\n\n\n\n<p>Fachkr\u00e4fte f\u00fcr medizinische Bildgebung m\u00fcssen anpassungsf\u00e4hig und flexibel sein, um mit Ver\u00e4nderungen Schritt zu halten. Sie m\u00fcssen offen f\u00fcr den Erwerb neuer F\u00e4higkeiten sein. Sie m\u00fcssen auch in der Lage sein, sich an unterschiedliche Bildgebungsmodalit\u00e4ten oder -einstellungen anzupassen.<br>Fachleute f\u00fcr medizinische Bildgebung m\u00fcssen ihre Zeit gut einteilen. Ein gutes Zeitmanagement sorgt f\u00fcr einen reibungslosen Arbeitsablauf und die p\u00fcnktliche Bereitstellung von Bildgebungsdiensten. Dazu geh\u00f6rt die Terminplanung und die Priorisierung von Aufgaben. Dazu geh\u00f6rt auch die Optimierung von Bildgebungsprotokollen und die Verwaltung von Ger\u00e4ten und Ressourcen.<\/p>\n\n\n\n<h2 class=\"wp-block-heading\">\u00dcber Medical Imaging Market Research<\/h2>\n\n\n\n<figure class=\"gb-block-image gb-block-image-7335df7f\"><img loading=\"lazy\" decoding=\"async\" width=\"1456\" height=\"816\" class=\"gb-image gb-image-7335df7f\" src=\"https:\/\/www.sisinternational.com\/wp-content\/uploads\/2025\/08\/Healthcare-11.jpg\" alt=\"SIS International Marktforschung &amp; Strategie\" title=\"Healthcare (11)\" srcset=\"https:\/\/www.sisinternational.com\/wp-content\/uploads\/2025\/08\/Healthcare-11.jpg 1456w, https:\/\/www.sisinternational.com\/wp-content\/uploads\/2025\/08\/Healthcare-11-300x168.jpg 300w, https:\/\/www.sisinternational.com\/wp-content\/uploads\/2025\/08\/Healthcare-11-1024x574.jpg 1024w, https:\/\/www.sisinternational.com\/wp-content\/uploads\/2025\/08\/Healthcare-11-768x430.jpg 768w, https:\/\/www.sisinternational.com\/wp-content\/uploads\/2025\/08\/Healthcare-11-18x10.jpg 18w\" sizes=\"auto, (max-width: 1456px) 100vw, 1456px\"><\/figure>\n\n\n\n<p>Medical Imaging companies do well when they conduct <a class=\"wpil_keyword_link\" href=\"https:\/\/www.sisinternational.com\/de\/losungen\/qualitative-quantitative-forschungslosungen\/qualitative-marktforschung\/\"   title=\"Qualitative Marktforschung\" data-wpil-keyword-link=\"linked\"  data-wpil-monitor-id=\"686\">Qualitative Marktforschung<\/a>. It gives them a chance to understand what their customers want. Qualitative Research tells them if they are fulfilling the needs of the organizations with which they do business. It thereby reduces customer churn. Thus, they keep the brand-consumer relationship.<\/p>\n\n\n\n<p><a class=\"wpil_keyword_link\" href=\"https:\/\/www.sisinternational.com\/de\/sachverstand\/branchen\/quantitative-marktforschung-2\/\"   title=\"Quantitative Marktforschung\" data-wpil-keyword-link=\"linked\"  data-wpil-monitor-id=\"687\">Quantitative Marktforschung<\/a> is also important for Medical Imaging companies. It allows them to measure and analyze numerical data. This enables them to gain insight into consumer preferences and behavior. They can then use these statistics to make data-driven decisions. These stats also inform marketing strategies. Quantitative Market Research often includes Surveys. A survey can provide a representative sample of a population. It can also reveal trends and patterns. Quantitative Research also allows for the testing of hypotheses. Plus, it enables the identification of cause-and-effect relationships. Thus, it can provide a deeper understanding of consumer behavior.<\/p>\n\n\n\n<p>SIS International provides both Qualitative and Quantitative Market Research. We also offer UX Market Research and Competitive Analysis. We can inform your Go-to-Market Strategy with Focus Groups and Interviews. Let SIS handle your Strategy, Market Entry, Market Opportunity, and <a href=\"https:\/\/www.sisinternational.com\/de\/sachverstand\/branchen\/nudeln-marktforschung\/\" title=\"Marktforschung f\u00fcr Nudeln\"  data-wpil-monitor-id=\"3071\">Marktgr\u00f6\u00dfenforschung<\/a>. Contact us now to speak to one of our representatives about how we can serve you.<\/p>","protected":false},"excerpt":{"rendered":"<p>Bei der medizinischen Bildgebung handelt es sich um eine Technik, die von medizinischem Fachpersonal verwendet wird, um das Innere des menschlichen K\u00f6rpers zu diagnostischen und therapeutischen Zwecken zu untersuchen.<\/p>","protected":false},"author":1,"featured_media":62432,"parent":11294,"menu_order":299,"comment_status":"closed","ping_status":"closed","template":"","meta":{"footnotes":""},"class_list":["post-42670","page","type-page","status-publish","has-post-thumbnail"],"_links":{"self":[{"href":"https:\/\/www.sisinternational.com\/de\/wp-json\/wp\/v2\/pages\/42670","targetHints":{"allow":["GET"]}}],"collection":[{"href":"https:\/\/www.sisinternational.com\/de\/wp-json\/wp\/v2\/pages"}],"about":[{"href":"https:\/\/www.sisinternational.com\/de\/wp-json\/wp\/v2\/types\/page"}],"author":[{"embeddable":true,"href":"https:\/\/www.sisinternational.com\/de\/wp-json\/wp\/v2\/users\/1"}],"replies":[{"embeddable":true,"href":"https:\/\/www.sisinternational.com\/de\/wp-json\/wp\/v2\/comments?post=42670"}],"version-history":[{"count":8,"href":"https:\/\/www.sisinternational.com\/de\/wp-json\/wp\/v2\/pages\/42670\/revisions"}],"predecessor-version":[{"id":79947,"href":"https:\/\/www.sisinternational.com\/de\/wp-json\/wp\/v2\/pages\/42670\/revisions\/79947"}],"up":[{"embeddable":true,"href":"https:\/\/www.sisinternational.com\/de\/wp-json\/wp\/v2\/pages\/11294"}],"wp:featuredmedia":[{"embeddable":true,"href":"https:\/\/www.sisinternational.com\/de\/wp-json\/wp\/v2\/media\/62432"}],"wp:attachment":[{"href":"https:\/\/www.sisinternational.com\/de\/wp-json\/wp\/v2\/media?parent=42670"}],"curies":[{"name":"wp","href":"https:\/\/api.w.org\/{rel}","templated":true}]}}