{"id":42646,"date":"2023-05-02T15:13:24","date_gmt":"2023-05-02T19:13:24","guid":{"rendered":"https:\/\/www.sisinternational.com\/?page_id=42646"},"modified":"2026-03-12T12:36:37","modified_gmt":"2026-03-12T16:36:37","slug":"marktforschung-im-gesundheitswesen","status":"publish","type":"page","link":"https:\/\/www.sisinternational.com\/de\/losungen\/marktforschung-im-gesundheitswesen-2\/marktforschung-im-gesundheitswesen\/","title":{"rendered":"Marktforschung im Bereich Gesundheits-IT"},"content":{"rendered":"<h1 class=\"wp-block-heading\">Marktforschung im Bereich Gesundheits-IT<\/h1>\n\n\n\n<figure class=\"gb-block-image gb-block-image-a9fa4426\"><img loading=\"lazy\" decoding=\"async\" width=\"1456\" height=\"816\" class=\"gb-image gb-image-a9fa4426\" src=\"https:\/\/www.sisinternational.com\/wp-content\/uploads\/2025\/08\/Healthcare-16.jpg\" alt=\"SIS International Marktforschung &amp; Strategie\" title=\"Healthcare (16)\" srcset=\"https:\/\/www.sisinternational.com\/wp-content\/uploads\/2025\/08\/Healthcare-16.jpg 1456w, https:\/\/www.sisinternational.com\/wp-content\/uploads\/2025\/08\/Healthcare-16-300x168.jpg 300w, https:\/\/www.sisinternational.com\/wp-content\/uploads\/2025\/08\/Healthcare-16-1024x574.jpg 1024w, https:\/\/www.sisinternational.com\/wp-content\/uploads\/2025\/08\/Healthcare-16-768x430.jpg 768w, https:\/\/www.sisinternational.com\/wp-content\/uploads\/2025\/08\/Healthcare-16-18x10.jpg 18w\" sizes=\"auto, (max-width: 1456px) 100vw, 1456px\"><\/figure>\n\n\n\n<p><\/p>\n\n\n\n<p>Die Gesundheits-IT nutzt Technologie, Software und andere L\u00f6sungen zur Verwaltung von Gesundheitsdaten. Sie verbessert die Patientenversorgung und -ergebnisse und rationalisiert die Abl\u00e4ufe im Gesundheitswesen. Au\u00dferdem verbessert sie die Gesundheitsversorgung f\u00fcr Patienten, Anbieter und andere Interessengruppen.<\/p>\n\n\n\n<p>Ein weiterer Vorteil der Gesundheits-IT besteht darin, dass sie eine breite Palette von Anwendungen und Systemen abdeckt. Dazu geh\u00f6ren beispielsweise elektronische Gesundheitsakten (EHRs) und Telemedizin. Auch der Austausch von Gesundheitsinformationen (HIE) und medizinische Bildgebungssysteme geh\u00f6ren dazu. Klinische Entscheidungsunterst\u00fctzungssysteme (CDSS) fallen ebenfalls unter die Gesundheits-IT. Das Gleiche gilt f\u00fcr Patientenportale.<\/p>\n\n\n\n<p>Der Einsatz von IT im Gesundheitswesen ist in den letzten Jahren unverzichtbar geworden. Einerseits ist es hilfreich, da Gesundheitsorganisationen danach streben, die Patientenversorgung zu verbessern. Es hilft diesen Organisationen auch, Kosten zu senken und gesetzliche Anforderungen zu erf\u00fcllen. Mithilfe der Technologie k\u00f6nnen Anbieter Patientendaten sammeln, speichern und analysieren. Dies f\u00fchrt zu besseren Diagnosen, Behandlungen und Ergebnissen f\u00fcr die Patienten.<\/p>\n\n\n\n<h2 class=\"wp-block-heading\">Warum ist IT im Gesundheitswesen wichtig?<\/h2>\n\n\n\n<p>IT im Gesundheitswesen ist aus mehreren Gr\u00fcnden unverzichtbar. Zum einen verbessert sie die Patientenversorgung und -ergebnisse. EHRs, CDSS und Telemedizin k\u00f6nnen die Genauigkeit und Aktualit\u00e4t von Diagnosen weiter verbessern. Sie erm\u00f6glichen eine schnellere und effektivere Behandlung und f\u00fchren zu besseren Patientenergebnissen. Au\u00dferdem helfen sie Gesundheitsdienstleistern, eine bessere und personalisiertere Patientenversorgung zu bieten.<\/p>\n\n\n\n<p>IT-Systeme im Gesundheitswesen erm\u00f6glichen eine nahtlose Kommunikation und Koordination zwischen den Leistungserbringern. Alle an der Versorgung eines Patienten Beteiligten k\u00f6nnen auf dieselben Informationen zugreifen. So k\u00f6nnen sie zusammenarbeiten, um die bestm\u00f6gliche Versorgung zu gew\u00e4hrleisten.<\/p>\n\n\n\n<p>IT-L\u00f6sungen im Gesundheitswesen k\u00f6nnen viele Verwaltungsaufgaben automatisieren. Sie k\u00f6nnen beispielsweise Termine planen und Patientenakten verwalten. Dar\u00fcber hinaus erm\u00f6glichen sie es Gesundheitsdienstleistern, mehr Zeit und Ressourcen auf die Patientenversorgung zu verwenden.<\/p>\n\n\n\n<p>IT-Systeme im Gesundheitswesen k\u00f6nnen dazu beitragen, das Risiko medizinischer Fehler zu verringern. Sie liefern genaue und aktuelle Informationen zur Krankengeschichte eines Patienten. Sie informieren die Anbieter auch \u00fcber die Medikamenteneinnahme des Patienten. So kennen die Anbieter die kritischen Faktoren, die die Versorgung ihrer Patienten beeinflussen. Die verbesserte Effizienz und das geringere Risiko medizinischer Fehler haben einen weiteren Vorteil. Sie helfen Gesundheitsorganisationen, Kosten zu senken und ihr Endergebnis zu verbessern.<\/p>\n\n\n\n<p>Healthcare organizations must follow many regulations, including HIPAA. These regulations mandate the secure handling of patient data. <a href=\"https:\/\/www.sisinternational.com\/de\/cybersicherheit-im-gesundheitswesen\/\" title=\"Marktforschung zur Cybersicherheit im Gesundheitswesen\"  data-wpil-monitor-id=\"7262\">Healthcare IT solutions ensure the security<\/a> and privacy of patient data. Thus, they can help healthcare organizations meet regulatory requirements.<\/p>\n\n\n\n<h2 class=\"wp-block-heading\">Wichtige Berufsbezeichnungen<\/h2>\n\n\n\n<figure class=\"gb-block-image gb-block-image-d33cd57e\"><img loading=\"lazy\" decoding=\"async\" width=\"1456\" height=\"816\" class=\"gb-image gb-image-d33cd57e\" src=\"https:\/\/www.sisinternational.com\/wp-content\/uploads\/2025\/08\/Healthcare-14.jpg\" alt=\"SIS International Marktforschung &amp; Strategie\" title=\"Healthcare (14)\" srcset=\"https:\/\/www.sisinternational.com\/wp-content\/uploads\/2025\/08\/Healthcare-14.jpg 1456w, https:\/\/www.sisinternational.com\/wp-content\/uploads\/2025\/08\/Healthcare-14-300x168.jpg 300w, https:\/\/www.sisinternational.com\/wp-content\/uploads\/2025\/08\/Healthcare-14-1024x574.jpg 1024w, https:\/\/www.sisinternational.com\/wp-content\/uploads\/2025\/08\/Healthcare-14-768x430.jpg 768w, https:\/\/www.sisinternational.com\/wp-content\/uploads\/2025\/08\/Healthcare-14-18x10.jpg 18w\" sizes=\"auto, (max-width: 1456px) 100vw, 1456px\"><\/figure>\n\n\n\n<p><\/p>\n\n\n\n<h3 class=\"wp-block-heading\">Im Bereich der Gesundheitsinformatik gibt es viele Berufsbezeichnungen. Diese Positionen reichen von technischen Rollen bis hin zu Management- und F\u00fchrungspositionen. Hier sind einige wichtige Berufsbezeichnungen:<\/h3>\n\n\n\n<ul class=\"wp-block-list\">\n<li><strong>Gesundheits-IT-Analyst:<\/strong> Verantwortlich f\u00fcr die Analyse und Nutzung von Gesundheitsdaten zur Verbesserung von Prozessen und Ergebnissen.<\/li>\n\n\n\n<li><strong>Spezialist f\u00fcr klinische Informatik:<\/strong>\u00a0Dieser Spezialist hilft Gesundheitsdienstleistern bei der Einf\u00fchrung klinischer Informationssysteme. Er analysiert diese Systeme auch. Beispiele f\u00fcr diese Systeme sind EHRs und CDSS.<\/li>\n\n\n\n<li><strong>Projektmanager Gesundheits-IT:<\/strong>\u00a0\u00dcberwacht die Planung, Implementierung und Auswertung von IT-Projekten im Gesundheitswesen. Au\u00dferdem stellt er sicher, dass seine Mitarbeiter die Projekte termingerecht und innerhalb des Budgets abschlie\u00dfen.<\/li>\n\n\n\n<li><strong>Chief Information Officer (CIO):<\/strong> Verantwortlich f\u00fcr die IT-Strategie und den IT-Betrieb einer Gesundheitsorganisation. Der CIO \u00fcberwacht au\u00dferdem die Implementierung von IT-Systemen im Gesundheitswesen.<\/li>\n\n\n\n<li><strong>Berater f\u00fcr Gesundheitsinformatik:<\/strong> Dieser Berater bietet fachkundige Beratung und Anleitung zur Strategie, Implementierung und Optimierung der IT im Gesundheitswesen. Er berichtet den Gesundheitsorganisationen \u00fcber seine Ergebnisse.<\/li>\n\n\n\n<li><strong>Trainer f\u00fcr Gesundheitsinformatik:<\/strong> Informiert Gesundheitsdienstleister und Mitarbeiter im Umgang mit IT-Systemen im Gesundheitswesen.<\/li>\n\n\n\n<li><strong>Spezialist f\u00fcr IT-Sicherheit im Gesundheitswesen:<\/strong> Dieser Spezialist sorgt f\u00fcr die Sicherheit und den Datenschutz von Gesundheitsdaten und -systemen. Er verwaltet Sicherheitsprotokolle und reagiert auf Sicherheitsverletzungen.<\/li>\n\n\n\n<li><strong>Spezialist f\u00fcr IT-Support im Gesundheitswesen:<\/strong> Bietet technischen Support f\u00fcr Gesundheitsdienstleister und Mitarbeiter, die IT-Systeme im Gesundheitswesen verwenden.<\/li>\n\n\n\n<li><strong>Klinischer Datenanalyst:<\/strong> Analysiert Gesundheitsdaten, um Trends und Muster zu erkennen. Sie k\u00f6nnen diese Informationen nutzen, um Gesundheitsprozesse und -ergebnisse zu verbessern.<\/li>\n<\/ul>\n\n\n\n<p>Dies sind nur einige Beispiele f\u00fcr die vielen Berufsbezeichnungen im Bereich der Gesundheitsinformatik. Das Feld entwickelt sich weiter und es entstehen neue Rollen und Titel. Dar\u00fcber hinaus ver\u00e4ndert die Technologie die Gesundheitsbranche weiterhin.<\/p>\n\n\n\n<h2 class=\"wp-block-heading\">Warum ben\u00f6tigen Unternehmen Marktforschung im Bereich Gesundheits-IT?<\/h2>\n\n\n\n<figure class=\"gb-block-image gb-block-image-378e966a\"><img loading=\"lazy\" decoding=\"async\" width=\"1456\" height=\"816\" class=\"gb-image gb-image-378e966a\" src=\"https:\/\/www.sisinternational.com\/wp-content\/uploads\/2025\/08\/Healthcare-4.jpg\" alt=\"SIS International Marktforschung &amp; Strategie\" title=\"Healthcare (4)\" srcset=\"https:\/\/www.sisinternational.com\/wp-content\/uploads\/2025\/08\/Healthcare-4.jpg 1456w, https:\/\/www.sisinternational.com\/wp-content\/uploads\/2025\/08\/Healthcare-4-300x168.jpg 300w, https:\/\/www.sisinternational.com\/wp-content\/uploads\/2025\/08\/Healthcare-4-1024x574.jpg 1024w, https:\/\/www.sisinternational.com\/wp-content\/uploads\/2025\/08\/Healthcare-4-768x430.jpg 768w, https:\/\/www.sisinternational.com\/wp-content\/uploads\/2025\/08\/Healthcare-4-18x10.jpg 18w\" sizes=\"auto, (max-width: 1456px) 100vw, 1456px\"><\/figure>\n\n\n\n<p><\/p>\n\n\n\n<p>Zu den Unternehmen im Gesundheitswesen z\u00e4hlen Krankenh\u00e4user, Kliniken und Privatpraxen. Sie ben\u00f6tigen Gesundheits-IT aus mehreren Gr\u00fcnden. Erstens verbessern diese Systeme das Datenmanagement und die Datenanalyse. Sie k\u00f6nnen Gesundheitsorganisationen dabei helfen, gro\u00dfe Datenmengen zu sammeln und zu verwalten. Sie identifizieren auch Trends und Muster, die die Patientenversorgung und -ergebnisse verbessern k\u00f6nnen.<\/p>\n\n\n\n<p>Patientenportale und Telemedizin k\u00f6nnen das Patientenerlebnis ebenfalls verbessern. Warum? Weil sie bequemere und zug\u00e4nglichere Behandlungsm\u00f6glichkeiten bieten.<\/p>\n\n\n\n<h2 class=\"wp-block-heading\">Schl\u00fcsselfaktoren f\u00fcr den Erfolg<\/h2>\n\n\n\n<p>F\u00fcr den Einsatz von IT im Gesundheitswesen sind mehrere Schl\u00fcsselfaktoren von entscheidender Bedeutung. Die ersten beiden sind F\u00fchrung und Governance, die wesentliche Faktoren sind. Sie gew\u00e4hrleisten die erfolgreiche Implementierung und Einf\u00fchrung von IT-L\u00f6sungen im Gesundheitswesen. F\u00fchrungskr\u00e4fte m\u00fcssen sich auf Initiativen im Bereich der IT im Gesundheitswesen konzentrieren und klare Ziele und Vorgaben festlegen. Sie m\u00fcssen auch sicherstellen, dass Projekte mit dem strategischen Plan der Organisation \u00fcbereinstimmen.<\/p>\n\n\n\n<p>Die erfolgreiche Implementierung von IT-L\u00f6sungen im Gesundheitswesen h\u00e4ngt von der Akzeptanz durch die Benutzer ab. Organisationen m\u00fcssen ihre Gesundheitsdienstleister und Mitarbeiter schulen. Sie m\u00fcssen sie in der effektiven und effizienten Nutzung von IT-Systemen im Gesundheitswesen unterweisen. Das ist der beste Weg, um die gew\u00fcnschten Ergebnisse zu erzielen.<\/p>\n\n\n\n<p>IT-L\u00f6sungen im Gesundheitswesen basieren auf genauen und sicheren Gesundheitsdaten. Diese Daten erm\u00f6glichen es dem Gesundheitspersonal, eine angemessene Versorgung zu gew\u00e4hrleisten. Daher sind Datenqualit\u00e4t und -sicherheit wesentliche Erfolgsfaktoren bei der Implementierung von IT im Gesundheitswesen. Gesundheitsorganisationen m\u00fcssen sicherstellen, dass die Daten genau, vollst\u00e4ndig und aktuell sind. Au\u00dferdem m\u00fcssen Sicherheitsprotokolle vorhanden sein. Diese Protokolle sind unerl\u00e4sslich, um Patientendaten vor unbefugtem Zugriff zu sch\u00fctzen.<\/p>\n\n\n\n<p>Interoperabilit\u00e4t ist f\u00fcr IT-L\u00f6sungen im Gesundheitswesen von entscheidender Bedeutung. Sie erm\u00f6glicht den Datenaustausch und die gemeinsame Nutzung zwischen Gesundheitsdienstleistern und -systemen. Gesundheitsorganisationen m\u00fcssen sicherstellen, dass ihre IT-L\u00f6sungen mit anderen Systemen kompatibel sind. Das ist der beste Weg, um die Koordination der Pflege und die Behandlungsergebnisse zu verbessern.<\/p>\n\n\n\n<p>IT-L\u00f6sungen und Technologien im Gesundheitswesen entwickeln sich weiter. Gesundheitsorganisationen m\u00fcssen ihre IT-Systeme testen und verbessern. Auf diese Weise k\u00f6nnen sie sicherstellen, dass sie ihre Ziele erreichen.<\/p>\n\n\n\n<p>Damit IT-L\u00f6sungen im Gesundheitswesen erfolgreich sind, m\u00fcssen sie den Bed\u00fcrfnissen und Erwartungen der Patienten entsprechen. Gesundheitsorganisationen m\u00fcssen bei der Implementierung von IT-L\u00f6sungen das Feedback und die Pr\u00e4ferenzen der Patienten ber\u00fccksichtigen. Auf diese Weise k\u00f6nnen sie das Patientenerlebnis verbessern.<\/p>\n\n\n\n<h2 class=\"wp-block-heading\">\u00dcber Healthcare IT Market Research<\/h2>\n\n\n\n<figure class=\"gb-block-image gb-block-image-fb99ea0e\"><img loading=\"lazy\" decoding=\"async\" width=\"1456\" height=\"816\" class=\"gb-image gb-image-fb99ea0e\" src=\"https:\/\/www.sisinternational.com\/wp-content\/uploads\/2025\/08\/Healthcare-2.jpg\" alt=\"SIS International Marktforschung &amp; Strategie\" title=\"Healthcare (2)\" srcset=\"https:\/\/www.sisinternational.com\/wp-content\/uploads\/2025\/08\/Healthcare-2.jpg 1456w, https:\/\/www.sisinternational.com\/wp-content\/uploads\/2025\/08\/Healthcare-2-300x168.jpg 300w, https:\/\/www.sisinternational.com\/wp-content\/uploads\/2025\/08\/Healthcare-2-1024x574.jpg 1024w, https:\/\/www.sisinternational.com\/wp-content\/uploads\/2025\/08\/Healthcare-2-768x430.jpg 768w, https:\/\/www.sisinternational.com\/wp-content\/uploads\/2025\/08\/Healthcare-2-18x10.jpg 18w\" sizes=\"auto, (max-width: 1456px) 100vw, 1456px\"><\/figure>\n\n\n\n<p><\/p>\n\n\n\n<p>Strategic Market Research can help you make wise decisions. These are the decisions that drive your company forward. It also stops you from making poor ones that can damage your business. <a class=\"wpil_keyword_link\" href=\"https:\/\/www.sisinternational.com\/de\/top-5-benefits-of-conducting-quantitative-market-research\/\"   title=\"Top 5 Benefits of Conducting Quantitative Market Research\" data-wpil-keyword-link=\"linked\"  data-wpil-monitor-id=\"690\">Quantitative Marktforschung<\/a> is another powerful tool for any Healthcare IT company. It helps companies to learn more about their market and customers. So is Qualitative Market Research. These tools allow you to gain objective, reliable insights. You can learn from data and understand patterns and trends.<\/p>\n\n\n\n<p>UX Market Research is another tool to help your <a href=\"https:\/\/www.sisinternational.com\/de\/marktforschung-im-gesundheitswesen-2\/\" title=\"Marktforschung f\u00fcr Pharmazeutika und das Gesundheitswesen\"  data-wpil-monitor-id=\"6627\">Gesundheitswesen<\/a> IT business. You can use it to gain insights, find problems, establish facts, and reach new conclusions. Competitive Analysis is another, helping you get a picture of the competition. You can emulate their success and recognize and avoid their failure.<\/p>\n\n\n\n<p>Successful new businesses enjoy longevity when owners conduct <a class=\"wpil_keyword_link\" href=\"https:\/\/www.sisinternational.com\/de\/losungen\/strategieberatung\/markteintrittsforschung\/\"   title=\"Markteintrittsforschung\" data-wpil-keyword-link=\"linked\"  data-wpil-monitor-id=\"356\">Markteintrittsforschung<\/a>. It helps them understand their target market and identify consumer problems. It also pinpoints realistic competitors. <a href=\"https:\/\/www.sisinternational.com\/de\/sachverstand\/branchen\/kunststoff-marktforschung\/\" title=\"Kunststoffmarktforschung\"  data-wpil-monitor-id=\"3083\">Marktchancenforschung<\/a> enables you to understand the needs and preferences of your customers. It tells you the unmet needs of your target audience. It can give you the pioneer benefit and a competitive edge. <a href=\"https:\/\/www.sisinternational.com\/de\/sachverstand\/branchen\/marktforschung-fur-mais\/\" title=\"Marktforschung f\u00fcr Mais\"  data-wpil-monitor-id=\"3100\">Marktgr\u00f6\u00dfenforschung<\/a> tells you if a market is large enough to be worth your investment. You\u2019ll also learn if your product or service will be viable.<\/p>\n\n\n\n<p>SIS International Research provides all these research services and more. We can also organize Focus Groups, Surveys, and Interviews. These tools inform the Go to <a href=\"https:\/\/www.sisinternational.com\/de\/marktforschung-im-gesundheitswesen-emea\/\" title=\"Marktforschung im Gesundheitswesen in Europa\"  data-wpil-monitor-id=\"6693\">Market Strategy for your Healthcare<\/a> IT business. Call SIS today to schedule a consultation.<\/p>","protected":false},"excerpt":{"rendered":"<p>Die IT im Gesundheitswesen nutzt Technologie, Software und andere L\u00f6sungen, um Daten zu verwalten und gleichzeitig die Patientenversorgung und -ergebnisse zu verbessern.<\/p>","protected":false},"author":1,"featured_media":62434,"parent":11294,"menu_order":296,"comment_status":"closed","ping_status":"closed","template":"","meta":{"footnotes":""},"class_list":["post-42646","page","type-page","status-publish","has-post-thumbnail"],"_links":{"self":[{"href":"https:\/\/www.sisinternational.com\/de\/wp-json\/wp\/v2\/pages\/42646","targetHints":{"allow":["GET"]}}],"collection":[{"href":"https:\/\/www.sisinternational.com\/de\/wp-json\/wp\/v2\/pages"}],"about":[{"href":"https:\/\/www.sisinternational.com\/de\/wp-json\/wp\/v2\/types\/page"}],"author":[{"embeddable":true,"href":"https:\/\/www.sisinternational.com\/de\/wp-json\/wp\/v2\/users\/1"}],"replies":[{"embeddable":true,"href":"https:\/\/www.sisinternational.com\/de\/wp-json\/wp\/v2\/comments?post=42646"}],"version-history":[{"count":10,"href":"https:\/\/www.sisinternational.com\/de\/wp-json\/wp\/v2\/pages\/42646\/revisions"}],"predecessor-version":[{"id":80910,"href":"https:\/\/www.sisinternational.com\/de\/wp-json\/wp\/v2\/pages\/42646\/revisions\/80910"}],"up":[{"embeddable":true,"href":"https:\/\/www.sisinternational.com\/de\/wp-json\/wp\/v2\/pages\/11294"}],"wp:featuredmedia":[{"embeddable":true,"href":"https:\/\/www.sisinternational.com\/de\/wp-json\/wp\/v2\/media\/62434"}],"wp:attachment":[{"href":"https:\/\/www.sisinternational.com\/de\/wp-json\/wp\/v2\/media?parent=42646"}],"curies":[{"name":"wp","href":"https:\/\/api.w.org\/{rel}","templated":true}]}}