{"id":42644,"date":"2023-05-02T14:32:16","date_gmt":"2023-05-02T18:32:16","guid":{"rendered":"https:\/\/www.sisinternational.com\/?page_id=42644"},"modified":"2026-01-25T19:27:53","modified_gmt":"2026-01-26T00:27:53","slug":"getreidemarktforschung","status":"publish","type":"page","link":"https:\/\/www.sisinternational.com\/de\/sachverstand\/getreidemarktforschung\/","title":{"rendered":"Getreidemarktforschung"},"content":{"rendered":"<h1 class=\"wp-block-heading\">Getreidemarktforschung<\/h1>\n\n\n\n<figure class=\"gb-block-image gb-block-image-f2e28518\"><img loading=\"lazy\" decoding=\"async\" width=\"1456\" height=\"816\" class=\"gb-image gb-image-f2e28518\" src=\"https:\/\/www.sisinternational.com\/wp-content\/uploads\/2025\/08\/Bean-soybean-1.jpg\" alt=\"SIS International Marktforschung &amp; Strategie\" title=\"Bean soybean (1)\" srcset=\"https:\/\/www.sisinternational.com\/wp-content\/uploads\/2025\/08\/Bean-soybean-1.jpg 1456w, https:\/\/www.sisinternational.com\/wp-content\/uploads\/2025\/08\/Bean-soybean-1-300x168.jpg 300w, https:\/\/www.sisinternational.com\/wp-content\/uploads\/2025\/08\/Bean-soybean-1-1024x574.jpg 1024w, https:\/\/www.sisinternational.com\/wp-content\/uploads\/2025\/08\/Bean-soybean-1-768x430.jpg 768w, https:\/\/www.sisinternational.com\/wp-content\/uploads\/2025\/08\/Bean-soybean-1-18x10.jpg 18w\" sizes=\"auto, (max-width: 1456px) 100vw, 1456px\"><\/figure>\n\n\n\n<p><\/p>\n\n\n\n<p>Bei der Getreidemarktforschung werden Daten \u00fcber die Getreideindustrie gesammelt und ausgewertet, einschlie\u00dflich Faktoren wie Angebot, Nachfrage, Preisgestaltung und Markttrends. Ziel der Studie ist es, auf Grundlage der Daten und Strategien der Getreidemarktforschung ein besseres Verst\u00e4ndnis der Branche zu erlangen. Diese Forschung soll wertvolle Einblicke in die zahlreichen Faktoren liefern, die den Getreidemarkt beeinflussen, wie Schwankungen der Verbrauchernachfrage, Umweltver\u00e4nderungen, Einhaltung gesetzlicher Vorschriften und St\u00f6rungen in der Lieferkette.<\/p>\n\n\n\n<h2 class=\"wp-block-heading\">Segmentierung der Getreidemarktindustrie<\/h2>\n\n\n\n<p>Wenn Unternehmen die unterschiedlichen Segmente der Getreidebranche verstehen, k\u00f6nnen sie gezielte Marketingstrategien entwickeln, um bestimmte Kundengruppen zu erreichen und ihre allgemeine Marktleistung zu verbessern.<\/p>\n\n\n\n<h3 class=\"wp-block-heading\">Hier sind einige allgemeine M\u00f6glichkeiten zur Kategorisierung der Getreideindustrie:<\/h3>\n\n\n\n<p><strong>Getreidearten \u2013<\/strong> Der Getreidemarkt kann nach Getreideart segmentiert werden, z. B. nach Getreide, Weizen, Mais, Gerste und anderen. Jede Getreideart hat einzigartige Eigenschaften, Verwendungszwecke und Marktnachfrage.<\/p>\n\n\n\n<p><strong>Geografische Region -<\/strong> Der Getreidemarkt kann auch in Untergruppen unterteilt werden, je nachdem, wo er produziert wird, darunter Asien-Pazifik, Nordamerika, Europa und der Rest der Welt. Jede Region hat ihre eigenen, unverwechselbaren Getreidesorten, Essgewohnheiten und Produktionsmethoden.<\/p>\n\n\n\n<p><strong>Vertriebsweg -<\/strong> Der Markt kann au\u00dferdem danach unterteilt werden, in welche M\u00e4rkte Getreideprodukte verkauft werden: Superm\u00e4rkte, Hyperm\u00e4rkte, Fachgesch\u00e4fte und Online-Marktpl\u00e4tze.<\/p>\n\n\n\n<p><strong>Endanwendung \u2013<\/strong> Der Getreidemarkt kann auch nach Endverbrauchsanwendung segmentiert werden, z. B. Lebensmittel, Tierfutter, Biokraftstoffe und industrielle Anwendungen. Unterschiedliche Getreidesorten werden f\u00fcr unterschiedliche Anwendungen verwendet, und die Nachfrage nach jedem Getreide variiert dementsprechend.<\/p>\n\n\n\n<p><strong>Preisklasse -<\/strong> Der Markt kann au\u00dferdem in Segmente unterteilt werden, je nachdem, welche Reisprodukte im oberen, mittleren und unteren Preissegment erh\u00e4ltlich sind.<\/p>\n\n\n\n<h2 class=\"wp-block-heading\">Produkte f\u00fcr die Getreidemarktindustrie<\/h2>\n\n\n\n<figure class=\"gb-block-image gb-block-image-fd36fac4\"><img loading=\"lazy\" decoding=\"async\" width=\"1456\" height=\"816\" class=\"gb-image gb-image-fd36fac4\" src=\"https:\/\/www.sisinternational.com\/wp-content\/uploads\/2025\/08\/Bean-soybean-5.jpg\" alt=\"SIS International Marktforschung &amp; Strategie\" title=\"Bean soybean (5)\" srcset=\"https:\/\/www.sisinternational.com\/wp-content\/uploads\/2025\/08\/Bean-soybean-5.jpg 1456w, https:\/\/www.sisinternational.com\/wp-content\/uploads\/2025\/08\/Bean-soybean-5-300x168.jpg 300w, https:\/\/www.sisinternational.com\/wp-content\/uploads\/2025\/08\/Bean-soybean-5-1024x574.jpg 1024w, https:\/\/www.sisinternational.com\/wp-content\/uploads\/2025\/08\/Bean-soybean-5-768x430.jpg 768w, https:\/\/www.sisinternational.com\/wp-content\/uploads\/2025\/08\/Bean-soybean-5-18x10.jpg 18w\" sizes=\"auto, (max-width: 1456px) 100vw, 1456px\"><\/figure>\n\n\n\n<p><\/p>\n\n\n\n<p>Die Getreideindustrie produziert eine breite Palette von Endprodukten, die f\u00fcr verschiedene Zwecke verwendet werden. Marktforschung bietet Einblicke in einige der g\u00e4ngigsten Endprodukte der Getreideindustrie, darunter unter anderem:<\/p>\n\n\n\n<ul class=\"wp-block-list\">\n<li><strong>Weizen -<\/strong> Ein Getreidekorn, das \u00fcblicherweise zur Herstellung von Mehl, Brot, Nudeln und anderen Backwaren verwendet wird.<\/li>\n\n\n\n<li><strong>Mais \u2013<\/strong> Eine Getreidepflanze, die f\u00fcr den menschlichen Verzehr, als Tierfutter sowie zur Herstellung von Biokraftstoffen und Industrieprodukten verwendet wird.<\/li>\n\n\n\n<li><strong>Reis -<\/strong> Ein Grundnahrungsmittel, das f\u00fcr viele Menschen auf der ganzen Welt die wichtigste Nahrungsquelle darstellt.<\/li>\n\n\n\n<li><strong>Gerste -<\/strong> Ein Getreidekorn, das als Tierfutter, als Nahrung f\u00fcr Menschen sowie zur Herstellung von Bier und Whisky verwendet wird.<\/li>\n\n\n\n<li><strong>Sorghum \u2013<\/strong> Eine Getreidepflanze, die als Tierfutter, als Nahrung f\u00fcr den Menschen und zur Ethanolproduktion verwendet wird.<\/li>\n\n\n\n<li><strong>Hafer -<\/strong> Ein Getreidekorn, das f\u00fcr den menschlichen Verzehr, als Tierfutter und zur Herstellung von Haferflocken und anderen Lebensmitteln verwendet wird.<\/li>\n\n\n\n<li><strong>Roggen \u2013<\/strong> Ein Getreidekorn, das f\u00fcr den menschlichen Verzehr, als Tierfutter und zur Herstellung von Roggenbrot und Whisky verwendet wird.<\/li>\n<\/ul>\n\n\n\n<p>Diese Getreidesorten sind wichtige Rohstoffe auf dem weltweiten Nahrungsmittelmarkt und ihr Wert wird von verschiedenen Faktoren beeinflusst, wie beispielsweise Angebot und Nachfrage, Wetterbedingungen und globale Wirtschaftstrends, um nur einige zu nennen.<\/p>\n\n\n\n<h2 class=\"wp-block-heading\">Faktoren, die die Getreideindustrie beeinflussen<\/h2>\n\n\n\n<h3 class=\"wp-block-heading\">Die Marktforschung zu Getreide kann durch zahlreiche Faktoren beeinflusst werden, beispielsweise:<\/h3>\n\n\n\n<ul class=\"wp-block-list\">\n<li><strong>Klimawandel -<\/strong> Angebot und Nachfrage bei Getreide k\u00f6nnen durch klimatische Ver\u00e4nderungen wie \u00dcberschwemmungen, D\u00fcrren und St\u00fcrme stark beeintr\u00e4chtigt werden, was zu Preisschwankungen f\u00fchren kann.<\/li>\n\n\n\n<li><strong>Globale Nachfrage -<\/strong> Die Nachfrage nach Getreideprodukten, darunter Nahrungsmittel, Tierfutter und Biokraftstoffe, ist ein entscheidender Faktor in der Getreideindustrie. Nachfrageschwankungen k\u00f6nnen Preise und Handelsmuster beeinflussen.<\/li>\n\n\n\n<li><strong>Regierungsgesetze \u2013<\/strong> Die Lieferkette und die Preise auf dem Getreidemarkt k\u00f6nnen durch staatliche Gesetze wie Handelsrichtlinien, Import-\/Exportbestimmungen und Sicherheitsrichtlinien beeinflusst werden.<\/li>\n\n\n\n<li><strong>Technologische Entwicklungen -<\/strong> Technologische Fortschritte in der Landwirtschaft, im Maschinenbau und in der Gentechnik k\u00f6nnen Ernteertr\u00e4ge und Effizienz steigern und sich so auf das Getreideangebot und die Getreidepreise auswirken.<\/li>\n\n\n\n<li><strong>Energiepreise \u2013<\/strong> Die Preise f\u00fcr \u00d6l und andere Energiequellen k\u00f6nnen sich auf die Nachfrage nach Biokraftstoffen auswirken, die oft aus Getreide hergestellt werden.<\/li>\n\n\n\n<li><strong>Marktwettbewerb -<\/strong> Da Unternehmen um Marktanteile konkurrieren, kann sich der Grad des Wettbewerbs auf dem Getreidemarkt auf die Kosten und die Verf\u00fcgbarkeit von Getreideprodukten auswirken.<\/li>\n\n\n\n<li><strong>\u00d6konomische Faktoren -<\/strong> Wirtschaftliche Faktoren wie Inflation, Zinss\u00e4tze und Wechselkurse k\u00f6nnen sich auf die Preisgestaltung sowie die allgemeine Nachfrage nach Getreideprodukten auswirken.<\/li>\n<\/ul>\n\n\n\n<p>Durch das Verst\u00e4ndnis der zahlreichen Elemente, die sich auf die Getreidemarktforschung auswirken, k\u00f6nnen Unternehmen wirksamere Strategien zum Risikomanagement, Erkennen von Chancen und Verbessern ihrer allgemeinen Leistung in der Getreideindustrie entwickeln.<\/p>\n\n\n\n<h2 class=\"wp-block-heading\">Methoden der Getreidemarktforschung<\/h2>\n\n\n\n<figure class=\"gb-block-image gb-block-image-fa55ab7c\"><img loading=\"lazy\" decoding=\"async\" width=\"1456\" height=\"816\" class=\"gb-image gb-image-fa55ab7c\" src=\"https:\/\/www.sisinternational.com\/wp-content\/uploads\/2025\/08\/Bean-soybean-3.jpg\" alt=\"SIS International Marktforschung &amp; Strategie\" title=\"Bean soybean (3)\" srcset=\"https:\/\/www.sisinternational.com\/wp-content\/uploads\/2025\/08\/Bean-soybean-3.jpg 1456w, https:\/\/www.sisinternational.com\/wp-content\/uploads\/2025\/08\/Bean-soybean-3-300x168.jpg 300w, https:\/\/www.sisinternational.com\/wp-content\/uploads\/2025\/08\/Bean-soybean-3-1024x574.jpg 1024w, https:\/\/www.sisinternational.com\/wp-content\/uploads\/2025\/08\/Bean-soybean-3-768x430.jpg 768w, https:\/\/www.sisinternational.com\/wp-content\/uploads\/2025\/08\/Bean-soybean-3-18x10.jpg 18w\" sizes=\"auto, (max-width: 1456px) 100vw, 1456px\"><\/figure>\n\n\n\n<p><\/p>\n\n\n\n<h3 class=\"wp-block-heading\">F\u00fcr die Marktforschung zu Getreide werden verschiedene Techniken eingesetzt, darunter:<\/h3>\n\n\n\n<ul class=\"wp-block-list\">\n<li>Umfragen werden h\u00e4ufig eingesetzt, um Informationen \u00fcber Verbraucherpr\u00e4ferenzen, Kaufmuster und Meinungen zu verschiedenen getreidebezogenen Produkten zu sammeln. Online-Umfragen, telefonische Umfragen oder pers\u00f6nliche Umfragen sind allesamt m\u00f6glich.<\/li>\n\n\n\n<li>Fokusgruppen werden eingesetzt, um detailliertere Informationen \u00fcber die Einstellungen, Handlungen und Meinungen der Kunden zu getreidebezogenen Produkten zu erhalten. Ein Moderator leitet die Diskussion, w\u00e4hrend eine kleine Gruppe von Teilnehmern ihre Meinungen und Erfahrungen \u00e4u\u00dfert.<\/li>\n\n\n\n<li>Um mehr \u00fcber den Getreidemarkt zu erfahren, m\u00fcssen im Rahmen der Sekund\u00e4rforschung bereits ver\u00f6ffentlichte Datenquellen untersucht werden, darunter Regierungsberichte, Fachzeitschriften und Marktforschungsberichte.<\/li>\n\n\n\n<li>To better understand how people engage with various kinds of grain products, observational research entails watching and documenting consumer behavior in real-world situations like <a href=\"https:\/\/www.sisinternational.com\/de\/mystery-shopping-for-restaurants\/\" title=\"Mystery Shopping for Restaurants\"  data-wpil-monitor-id=\"1320\">restaurants and grocery shops<\/a>.<\/li>\n\n\n\n<li>Experimente testen Theorien \u00fcber Verbraucherverhalten oder Markttrends, indem sie eine oder mehrere Variablen \u00e4ndern. Ein Experiment kann beispielsweise die Auswirkungen verschiedener Verpackungs- oder Preisschemata auf die Nachfrage der Verbraucher nach Getreideprodukten untersuchen.<\/li>\n\n\n\n<li>Mithilfe modernster statistischer und rechnergest\u00fctzter Methoden analysiert die Datenanalyse riesige Datens\u00e4tze, um Muster und Trends auf dem Getreidemarkt zu erkennen.<\/li>\n<\/ul>\n\n\n\n<p>Major players and businesses in the grain industry can better understand customer requirements and preferences, market trends, and other elements that have an impact on the grain sector by employing these techniques. Making wise business decisions and improving product development are all possible with the help of data and strategies in <a href=\"https:\/\/www.sisinternational.com\/de\/sachverstand\/branchen\/baumarkt-marktforschung\/\" title=\"Marktforschung f\u00fcr Baum\u00e4rkte und Heimwerkerbedarf\"  data-wpil-monitor-id=\"7056\">Getreidemarktforschung<\/a>.<\/p>\n\n\n\n<h2 class=\"wp-block-heading\">\u00dcber Grain Market Research<\/h2>\n\n\n\n<p>The insights provided by grain market research can inform industry discussions and policy decisions. Stakeholders can be advised of the findings of grain market research through reports, presentations, and visual aids. The information and strategies gleaned from <a href=\"https:\/\/www.sisinternational.com\/de\/sachverstand\/branchen\/chief-information-officer-cio-marktforschung\/\" title=\"Chief Information Officer (CIO) Marktforschung\"  data-wpil-monitor-id=\"5677\">Getreidemarktforschung<\/a> can assist industry leaders in making informed choices. Multiple industries and businesses can improve their production, pricing, and marketing strategies in response to grain market research, resulting in increased profitability and expansion.<\/p>","protected":false},"excerpt":{"rendered":"<p>Bei der Getreidemarktforschung geht es darum, Daten zur Getreideindustrie, einschlie\u00dflich Angebot, Nachfrage, Preisgestaltung und Markttrends, zu sammeln und auszuwerten.<\/p>","protected":false},"author":1,"featured_media":63768,"parent":14514,"menu_order":295,"comment_status":"closed","ping_status":"closed","template":"","meta":{"footnotes":""},"class_list":["post-42644","page","type-page","status-publish","has-post-thumbnail"],"_links":{"self":[{"href":"https:\/\/www.sisinternational.com\/de\/wp-json\/wp\/v2\/pages\/42644","targetHints":{"allow":["GET"]}}],"collection":[{"href":"https:\/\/www.sisinternational.com\/de\/wp-json\/wp\/v2\/pages"}],"about":[{"href":"https:\/\/www.sisinternational.com\/de\/wp-json\/wp\/v2\/types\/page"}],"author":[{"embeddable":true,"href":"https:\/\/www.sisinternational.com\/de\/wp-json\/wp\/v2\/users\/1"}],"replies":[{"embeddable":true,"href":"https:\/\/www.sisinternational.com\/de\/wp-json\/wp\/v2\/comments?post=42644"}],"version-history":[{"count":5,"href":"https:\/\/www.sisinternational.com\/de\/wp-json\/wp\/v2\/pages\/42644\/revisions"}],"predecessor-version":[{"id":80619,"href":"https:\/\/www.sisinternational.com\/de\/wp-json\/wp\/v2\/pages\/42644\/revisions\/80619"}],"up":[{"embeddable":true,"href":"https:\/\/www.sisinternational.com\/de\/wp-json\/wp\/v2\/pages\/14514"}],"wp:featuredmedia":[{"embeddable":true,"href":"https:\/\/www.sisinternational.com\/de\/wp-json\/wp\/v2\/media\/63768"}],"wp:attachment":[{"href":"https:\/\/www.sisinternational.com\/de\/wp-json\/wp\/v2\/media?parent=42644"}],"curies":[{"name":"wp","href":"https:\/\/api.w.org\/{rel}","templated":true}]}}