{"id":42639,"date":"2023-05-01T19:23:55","date_gmt":"2023-05-01T23:23:55","guid":{"rendered":"https:\/\/www.sisinternational.com\/?page_id=42639"},"modified":"2026-01-25T19:05:49","modified_gmt":"2026-01-26T00:05:49","slug":"golfmarktforschung","status":"publish","type":"page","link":"https:\/\/www.sisinternational.com\/de\/sachverstand\/golfmarktforschung\/","title":{"rendered":"Golfmarktforschung"},"content":{"rendered":"<h1 class=\"wp-block-heading\">Golfmarktforschung<\/h1>\n\n\n\n<figure class=\"gb-block-image gb-block-image-3a68c684\"><img loading=\"lazy\" decoding=\"async\" width=\"1456\" height=\"816\" class=\"gb-image gb-image-3a68c684\" src=\"https:\/\/www.sisinternational.com\/wp-content\/uploads\/2025\/08\/Golf-sport-4.jpg\" alt=\"SIS International Marktforschung &amp; Strategie\" title=\"Golf sport (4)\" srcset=\"https:\/\/www.sisinternational.com\/wp-content\/uploads\/2025\/08\/Golf-sport-4.jpg 1456w, https:\/\/www.sisinternational.com\/wp-content\/uploads\/2025\/08\/Golf-sport-4-300x168.jpg 300w, https:\/\/www.sisinternational.com\/wp-content\/uploads\/2025\/08\/Golf-sport-4-1024x574.jpg 1024w, https:\/\/www.sisinternational.com\/wp-content\/uploads\/2025\/08\/Golf-sport-4-768x430.jpg 768w, https:\/\/www.sisinternational.com\/wp-content\/uploads\/2025\/08\/Golf-sport-4-18x10.jpg 18w\" sizes=\"auto, (max-width: 1456px) 100vw, 1456px\"><\/figure>\n\n\n\n<p><\/p>\n\n\n\n<p>Golf war fr\u00fcher eher ein exklusiver Sport, aber in den letzten Jahren gab es eine stetige Entwicklung des Marktes f\u00fcr Golfausr\u00fcstung und der Nutzung von Designer-Golfpl\u00e4tzen. Golf ist ein Sport, der viele M\u00f6glichkeiten bietet, nicht nur finanziell, sondern auch in Bezug auf die Besch\u00e4ftigung. Es ist auch bei Spielern aus vielen verschiedenen wirtschaftlichen Verh\u00e4ltnissen beliebter geworden.<\/p>\n\n\n\n<h2 class=\"wp-block-heading\">\u00dcberblick \u00fcber die Golfmarktforschung<\/h2>\n\n\n\n<p>In the past years, the golf industry has grown in the billions. Not only more <a href=\"https:\/\/www.sisinternational.com\/de\/sachverstand\/branchen\/marktforschung-fur-golfresorts\/\" title=\"Marktforschung f\u00fcr Golfresorts\"  data-wpil-monitor-id=\"4647\">golf courses have sprung up in resorts<\/a> and frequently visited regions, but the consumer base has also increased significantly. Golf is a sport that has seen incredibly high numbers of beginners. Notably, women make up a large part of golf beginners, and there has also been a sharp increase in juniors taking up this sport.<\/p>\n\n\n\n<p>Der Markt bietet noch viel Wachstumspotenzial, da Millionen von Menschen Interesse am Golfsport bekundet haben. Golf hat definitiv an Popularit\u00e4t gewonnen, auch abseits des Golfplatzes.<\/p>\n\n\n\n<p>Zum Golfsport abseits des Golfplatzes k\u00f6nnen Indoor-Simulatoren, eigenst\u00e4ndige Driving Ranges, Jugend- und Schulprogramme abseits des Golfplatzes usw. geh\u00f6ren.<\/p>\n\n\n\n<h2 class=\"wp-block-heading\">Wichtige Trends und Treiber in der Golfbranche<\/h2>\n\n\n\n<figure class=\"gb-block-image gb-block-image-9198c587\"><img loading=\"lazy\" decoding=\"async\" width=\"1456\" height=\"816\" class=\"gb-image gb-image-9198c587\" src=\"https:\/\/www.sisinternational.com\/wp-content\/uploads\/2025\/08\/Golf-sport-1.jpg\" alt=\"SIS International Marktforschung &amp; Strategie\" title=\"Golf sport (1)\" srcset=\"https:\/\/www.sisinternational.com\/wp-content\/uploads\/2025\/08\/Golf-sport-1.jpg 1456w, https:\/\/www.sisinternational.com\/wp-content\/uploads\/2025\/08\/Golf-sport-1-300x168.jpg 300w, https:\/\/www.sisinternational.com\/wp-content\/uploads\/2025\/08\/Golf-sport-1-1024x574.jpg 1024w, https:\/\/www.sisinternational.com\/wp-content\/uploads\/2025\/08\/Golf-sport-1-768x430.jpg 768w, https:\/\/www.sisinternational.com\/wp-content\/uploads\/2025\/08\/Golf-sport-1-18x10.jpg 18w\" sizes=\"auto, (max-width: 1456px) 100vw, 1456px\"><\/figure>\n\n\n\n<p><\/p>\n\n\n\n<p>Die steigende Nachfrage nach Golf bietet der Branche neue M\u00f6glichkeiten und Wachstum. Eine betr\u00e4chtliche Anzahl der Spieler sind Millennials. Mit dieser Verschiebung der Altersgruppen wird es in der Golfbranche bemerkenswerte Ver\u00e4nderungen geben, zum Beispiel in der Art der Speisen, die in Clubh\u00e4usern serviert werden \u2013 mit einem st\u00e4rkeren Fokus auf gesundes Essen \u2013 und auch in der Technologie.<\/p>\n\n\n\n<p>GPS-Ger\u00e4te und Schwunganalysen sind nur zwei Beispiele f\u00fcr Golftechnologie. Sensoren am Golfwagen und Schwungsensoren (die an den Schl\u00e4gern angebracht sind) k\u00f6nnen dabei helfen, das Spiel eines Golfers zu verbessern. Dar\u00fcber hinaus nutzen intelligente Golfb\u00e4lle Technologie, um sich mit einer Telefon-App zu verbinden. Dadurch kann der Spieler Informationen \u00fcber den Kontakt gewinnen, den er mit dem Ball hat.<\/p>\n\n\n\n<p>Da Golf f\u00fcr Spielerinnen immer beliebter wird, steigt auch das Interesse an Golfmode, Accessoires und Ausr\u00fcstung.<\/p>\n\n\n\n<p>Mit anderen Worten: Diese demografischen Ver\u00e4nderungen werden zu mehr Unternehmensgr\u00fcndungen in der Golfbranche f\u00fchren und neue Besch\u00e4ftigungsm\u00f6glichkeiten, Investitionsm\u00f6glichkeiten und Umsatzchancen mit sich bringen.<\/p>\n\n\n\n<h2 class=\"wp-block-heading\">Chancen in der Golfbranche<\/h2>\n\n\n\n<p>Der Bau von Golfpl\u00e4tzen und die h\u00f6here Nachfrage nach Golfausr\u00fcstung bedeuten neue Arbeitsm\u00f6glichkeiten f\u00fcr die Einheimischen. Touristenorte profitieren stark von zus\u00e4tzlichen Golfpl\u00e4tzen, da sie mehr Interesse und Wert bringen und mehr Reisende anziehen, die \u2013 neben dem Golfspielen \u2013 auch die lokalen Sehensw\u00fcrdigkeiten besuchen.<\/p>\n\n\n\n<p>Jack Niklaus, Robert Trent Jones und Tom Weiskopf sind nur einige Namen von Golfpl\u00e4tzen der Weltklasse, die sowohl erfahrene Spieler als auch Anf\u00e4nger ansprechen. Solche renommierten Golfpl\u00e4tze k\u00f6nnen praktisch dauerhafte Arbeitspl\u00e4tze f\u00fcr lokale Arbeitnehmer garantieren.<\/p>\n\n\n\n<p>Die Golfbranche bietet den Einheimischen Arbeit in den folgenden Bereichen: Golfausr\u00fcstungsgesch\u00e4fte, Caddies, Cart-Betreuung, Clubhaus-Aufsicht, Parkservice und Platzpflege (Bew\u00e4sserung bestimmter Bereiche, Beseitigung von Abfall, Sch\u00e4dlingsbek\u00e4mpfung usw.). Einige Stellenangebote im Clubhaus umfassen Bar-, Restaurant- und K\u00fcchenpersonal.<\/p>\n\n\n\n<p>Die Wahl beliebter Touristenorte f\u00fcr Golf wird sicherlich die Zahl der Besucher und Reisenden in diesen Gegenden erh\u00f6hen; zum Beispiel Golfpl\u00e4tze an Klippen oder Gr\u00fcns in W\u00fcstengebieten mit Meerblick, um nur einige zu nennen. Solche dramatischen Landschaften und spektakul\u00e4ren Aussichten machen diese Golfpl\u00e4tze nur noch interessanter.<\/p>\n\n\n\n<h2 class=\"wp-block-heading\">Herausforderungen<\/h2>\n\n\n\n<figure class=\"gb-block-image gb-block-image-fa42d46b\"><img loading=\"lazy\" decoding=\"async\" width=\"1456\" height=\"816\" class=\"gb-image gb-image-fa42d46b\" src=\"https:\/\/www.sisinternational.com\/wp-content\/uploads\/2025\/08\/Golf-sport-6.jpg\" alt=\"SIS International Marktforschung &amp; Strategie\" title=\"Golf sport (6)\" srcset=\"https:\/\/www.sisinternational.com\/wp-content\/uploads\/2025\/08\/Golf-sport-6.jpg 1456w, https:\/\/www.sisinternational.com\/wp-content\/uploads\/2025\/08\/Golf-sport-6-300x168.jpg 300w, https:\/\/www.sisinternational.com\/wp-content\/uploads\/2025\/08\/Golf-sport-6-1024x574.jpg 1024w, https:\/\/www.sisinternational.com\/wp-content\/uploads\/2025\/08\/Golf-sport-6-768x430.jpg 768w, https:\/\/www.sisinternational.com\/wp-content\/uploads\/2025\/08\/Golf-sport-6-18x10.jpg 18w\" sizes=\"auto, (max-width: 1456px) 100vw, 1456px\"><\/figure>\n\n\n\n<p><\/p>\n\n\n\n<p>Financing golf courses is a challenging endeavor. To solve this issue, the following primary funding sources were proposed in golf <a class=\"wpil_keyword_link\" href=\"https:\/\/www.sisinternational.com\/de\/blog\/\"   title=\"Der Blog\" data-wpil-keyword-link=\"linked\"  data-wpil-monitor-id=\"691\">Blog<\/a> posts and articles: conventional financing, investment from life insurance companies, small business administration loans, private equity financing, and commercial mortgage-backed security loans.<\/p>\n\n\n\n<p>Die Besch\u00e4ftigungsm\u00f6glichkeiten k\u00f6nnen auch eine Herausforderung darstellen, wenn man den durchschnittlichen Stundenlohn von Golfplatzpflegern und die strengen Arbeitszeiten ber\u00fccksichtigt. Dies h\u00e4ngt nat\u00fcrlich von dem Land ab, in dem der Golfplatz gebaut wird oder wird. Im Allgemeinen kann dies nur in L\u00e4ndern mit niedriger Arbeitslosigkeit ein Nachteil sein.<\/p>\n\n\n\n<p>Ein weiterer Nachteil der Golfplatzpflege ist der hohe Wasserverbrauch f\u00fcr die Bew\u00e4sserung. Besonders in trockenen Gebieten kann dies negative Folgen f\u00fcr die Umwelt und die lokale Bev\u00f6lkerung haben. Alternativ bietet Abwasser aus nahegelegenen Kl\u00e4ranlagen einen guten und leichter verf\u00fcgbaren Ersatz. Die Bew\u00e4sserung der Gr\u00fcns mit Abwasser statt mit Frischwasser ist eine L\u00f6sung, die heutzutage auf vielen W\u00fcstengolfpl\u00e4tzen angewendet wird. Sogar Golfpl\u00e4tze in gr\u00fcneren Gegenden ziehen diese Option in Betracht. Da die j\u00fcngere Generation der Spieler sich des Klimawandels st\u00e4rker bewusst ist, steigt der Druck zu einem umweltfreundlichen Wassermanagement.<\/p>\n\n\n\n<h2 class=\"wp-block-heading\">Innovationscluster zur Analyse der Golfmarktforschung<\/h2>\n\n\n\n<p>Herausforderungen k\u00f6nnen den Weg f\u00fcr neue Chancen ebnen. Nach der Covid-Pandemie sanken die Geh\u00e4lter vieler Arbeitnehmer, darunter auch Golfer. Um den Verlust ihrer Mitglieder zu verhindern, senkten Golfclubs ihre Mitgliedsbeitr\u00e4ge, sodass bestehende Mitglieder weiterspielen und neue beitreten konnten.<\/p>\n\n\n\n<p>Dar\u00fcber hinaus k\u00f6nnen mehr Menschen eine Partie Golf in ihren Zeitplan integrieren, wenn sie ihren Mitgliedern neun L\u00f6cher statt einer ganzen Runde anbieten. K\u00fcrzere Zeitr\u00e4ume \u2013 nicht nur neun, sondern auch sechs L\u00f6cher \u2013 werden f\u00fcr die breite \u00d6ffentlichkeit immer attraktiver. Wenn die Runden dieser Nachfrage angepasst werden und sogar Golfpl\u00e4tze entworfen werden, die diese W\u00fcnsche erf\u00fcllen, wird dies sicherlich die Attraktivit\u00e4t f\u00fcr breitere Bev\u00f6lkerungsschichten steigern.<\/p>\n\n\n\n<p>Aus Umweltgr\u00fcnden erfreuen sich kohlenstoffpositive Golfpl\u00e4tze zunehmender Beliebtheit. Generell m\u00f6chte die Golfgemeinschaft nicht nur ihr Wassermanagement verbessern, sondern auch ein Vorbild in Sachen Naturschutz und Artenvielfalt werden.<\/p>\n\n\n\n<h2 class=\"wp-block-heading\">Zukunftsausblick<\/h2>\n\n\n\n<figure class=\"gb-block-image gb-block-image-0f5c41b9\"><img loading=\"lazy\" decoding=\"async\" width=\"1456\" height=\"816\" class=\"gb-image gb-image-0f5c41b9\" src=\"https:\/\/www.sisinternational.com\/wp-content\/uploads\/2025\/08\/Golf-sport-5.jpg\" alt=\"SIS International Marktforschung &amp; Strategie\" title=\"Golf sport (5)\" srcset=\"https:\/\/www.sisinternational.com\/wp-content\/uploads\/2025\/08\/Golf-sport-5.jpg 1456w, https:\/\/www.sisinternational.com\/wp-content\/uploads\/2025\/08\/Golf-sport-5-300x168.jpg 300w, https:\/\/www.sisinternational.com\/wp-content\/uploads\/2025\/08\/Golf-sport-5-1024x574.jpg 1024w, https:\/\/www.sisinternational.com\/wp-content\/uploads\/2025\/08\/Golf-sport-5-768x430.jpg 768w, https:\/\/www.sisinternational.com\/wp-content\/uploads\/2025\/08\/Golf-sport-5-18x10.jpg 18w\" sizes=\"auto, (max-width: 1456px) 100vw, 1456px\"><\/figure>\n\n\n\n<p><\/p>\n\n\n\n<p>Regardless of the challenges, golf offers opportunities and has a promising future. Even though the changes in demographics may be a shock to the golfing community (which used to be a middle-aged and older crowd) these changes promote growth and innovation. With the rise in technology, healthier food options, employment opportunities, and the chance to play nine or six holes instead of a full round, the golf <a href=\"https:\/\/www.sisinternational.com\/de\/sachverstand\/branchen\/gaming-und-glucksspielmarktforschung\/\" title=\"Gaming- und Gl\u00fccksspiel-Marktforschung\"  data-wpil-monitor-id=\"5399\">market will prosper and the game<\/a> will become more available and interesting for all.<\/p>\n\n\n\n<p>SIS International bietet quantitative, qualitative und strategische Forschung an. Wir liefern Daten, Tools, Strategien, Berichte und Erkenntnisse zur Entscheidungsfindung. Wir f\u00fchren Interviews, Umfragen, Fokusgruppen und viele andere Methoden und Ans\u00e4tze der Marktforschung durch. Kontaktieren Sie uns f\u00fcr Ihr n\u00e4chstes Marktforschungsprojekt.<\/p>","protected":false},"excerpt":{"rendered":"<p>Die Golfbranche ist erheblich gewachsen und verf\u00fcgt nun \u00fcber mehr Pl\u00e4tze, Resorts und eine vielf\u00e4ltigere Kundenschaft, die mittlerweile Milliarden wert ist.<\/p>","protected":false},"author":1,"featured_media":63666,"parent":14514,"menu_order":294,"comment_status":"closed","ping_status":"closed","template":"","meta":{"footnotes":""},"class_list":["post-42639","page","type-page","status-publish","has-post-thumbnail"],"_links":{"self":[{"href":"https:\/\/www.sisinternational.com\/de\/wp-json\/wp\/v2\/pages\/42639","targetHints":{"allow":["GET"]}}],"collection":[{"href":"https:\/\/www.sisinternational.com\/de\/wp-json\/wp\/v2\/pages"}],"about":[{"href":"https:\/\/www.sisinternational.com\/de\/wp-json\/wp\/v2\/types\/page"}],"author":[{"embeddable":true,"href":"https:\/\/www.sisinternational.com\/de\/wp-json\/wp\/v2\/users\/1"}],"replies":[{"embeddable":true,"href":"https:\/\/www.sisinternational.com\/de\/wp-json\/wp\/v2\/comments?post=42639"}],"version-history":[{"count":6,"href":"https:\/\/www.sisinternational.com\/de\/wp-json\/wp\/v2\/pages\/42639\/revisions"}],"predecessor-version":[{"id":79180,"href":"https:\/\/www.sisinternational.com\/de\/wp-json\/wp\/v2\/pages\/42639\/revisions\/79180"}],"up":[{"embeddable":true,"href":"https:\/\/www.sisinternational.com\/de\/wp-json\/wp\/v2\/pages\/14514"}],"wp:featuredmedia":[{"embeddable":true,"href":"https:\/\/www.sisinternational.com\/de\/wp-json\/wp\/v2\/media\/63666"}],"wp:attachment":[{"href":"https:\/\/www.sisinternational.com\/de\/wp-json\/wp\/v2\/media?parent=42639"}],"curies":[{"name":"wp","href":"https:\/\/api.w.org\/{rel}","templated":true}]}}