{"id":42636,"date":"2023-05-01T19:13:15","date_gmt":"2023-05-01T23:13:15","guid":{"rendered":"https:\/\/www.sisinternational.com\/?page_id=42636"},"modified":"2026-01-24T21:00:29","modified_gmt":"2026-01-25T02:00:29","slug":"tankstellenmarktforschung","status":"publish","type":"page","link":"https:\/\/www.sisinternational.com\/de\/sachverstand\/tankstellenmarktforschung\/","title":{"rendered":"Tankstellenmarktforschung"},"content":{"rendered":"<h1 class=\"wp-block-heading\">Tankstellenmarktforschung<\/h1>\n\n\n\n<figure class=\"gb-block-image gb-block-image-90f9f5d8\"><img loading=\"lazy\" decoding=\"async\" width=\"1456\" height=\"816\" class=\"gb-image gb-image-90f9f5d8\" src=\"https:\/\/www.sisinternational.com\/wp-content\/uploads\/2025\/08\/Gas-station-2.jpg\" alt=\"SIS International Marktforschung &amp; Strategie\" title=\"Gas station (2)\" srcset=\"https:\/\/www.sisinternational.com\/wp-content\/uploads\/2025\/08\/Gas-station-2.jpg 1456w, https:\/\/www.sisinternational.com\/wp-content\/uploads\/2025\/08\/Gas-station-2-300x168.jpg 300w, https:\/\/www.sisinternational.com\/wp-content\/uploads\/2025\/08\/Gas-station-2-1024x574.jpg 1024w, https:\/\/www.sisinternational.com\/wp-content\/uploads\/2025\/08\/Gas-station-2-768x430.jpg 768w, https:\/\/www.sisinternational.com\/wp-content\/uploads\/2025\/08\/Gas-station-2-18x10.jpg 18w\" sizes=\"auto, (max-width: 1456px) 100vw, 1456px\"><\/figure>\n\n\n\n<p><\/p>\n\n\n\n<p>Tankstellen m\u00fcssen in der Lage sein, schnell auf schwankende Markttrends oder \u00c4nderungen der Kundennachfrage zu reagieren. Um in diesem sich st\u00e4ndig ver\u00e4ndernden Umfeld wettbewerbsf\u00e4hig zu bleiben, sollten Tankstellenbesitzer daher vorrangig in Marktforschung investieren, die n\u00fctzliche Informationen \u00fcber die Bed\u00fcrfnisse ihrer Kunden und Branchentrends liefert.<\/p>\n\n\n\n<p>Daher bietet die Tankstellenmarktforschung ein besseres Verst\u00e4ndnis daf\u00fcr, wie wichtig es ist, diesen Markt zu verstehen und Wachstumschancen zu erkennen.<\/p>\n\n\n\n<h2 class=\"wp-block-heading\">Tankstellenmarktforschung: Wichtige Markttrends und Einflussfaktoren<\/h2>\n\n\n\n<p>Die Tankstellenbranche wird von mehreren wichtigen Trends und Faktoren beeinflusst, die das Wettbewerbsumfeld und das Verbraucherverhalten pr\u00e4gen. Das Erkennen und Verstehen dieser Trends ist f\u00fcr Unternehmen von entscheidender Bedeutung, um fundierte Entscheidungen treffen und wettbewerbsf\u00e4hig bleiben zu k\u00f6nnen.<\/p>\n\n\n\n<h3 class=\"wp-block-heading\">Nachfolgend sind einige der wichtigsten Markttrends und Einflussfaktoren in der Tankstellenbranche aufgef\u00fchrt:<\/h3>\n\n\n\n<ul class=\"wp-block-list\">\n<li><strong>Treibstoffpreisschwankungen:<\/strong> Die Bedeutung von Kraftstoffpreis\u00e4nderungen sowie \u00c4nderungen auf den weltweiten Erd\u00f6lm\u00e4rkten wirkt sich stark auf Tankstellen aus. Sie beeinflussen Kaufentscheidungen oder Verbrauchsniveaus sowie die allgemeine finanzielle Leistung.<\/li>\n\n\n\n<li><strong>Technologische Fortschritte:<\/strong> The emergence of electric vehicles (EVs), hydrogen, and biofuel alternatives are playing a significant role in determining <a href=\"https:\/\/www.sisinternational.com\/de\/losungen\/marktforschung-fur-ol-und-gaspipelines\/\" title=\"\u00d6l- und Gaspipeline-Marktforschung\"  data-wpil-monitor-id=\"2164\">Tankstellenmarktforschung<\/a>.<\/li>\n\n\n\n<li><strong>Ver\u00e4nderte Verbraucherpr\u00e4ferenzen:<\/strong> Consumer preferences are changing towards eco-friendly fuel alternatives. The key for gasoline retailers in meeting shifting customer requirements lies in conducting regular <a href=\"https:\/\/www.sisinternational.com\/de\/asiatischer-einzelhandelsmarkt\/\" title=\"Asiatische Einzelhandelsmarktforschung\"  data-wpil-monitor-id=\"2683\">Tankstellenmarktforschung<\/a> to keep up with these trends.<\/li>\n\n\n\n<li><strong>Umweltbelange und Vorschriften:<\/strong> Um den Anforderungen neuer Umweltschutzgesetze gerecht zu werden, ist f\u00fcr Betreiber, die umweltbewusste Kunden gewinnen m\u00f6chten, die Einhaltung der Vorschriften von entscheidender Bedeutung.<\/li>\n\n\n\n<li><strong>Einnahmequellen, die nichts mit Kraftstoff zu tun haben:<\/strong> Tankstellen versuchen, ihre Einnahmequellen zu erweitern, indem sie Autowaschanlagen und andere Dienstleistungen wie Lebensmittelgesch\u00e4fte und Lebensmittelverkaufsstellen anbieten. Wenn Tankstellen, die h\u00f6here Ertr\u00e4ge aus ihren Gesch\u00e4ftst\u00e4tigkeiten erzielen m\u00f6chten, diese M\u00f6glichkeiten richtig erkennen und nutzen, besteht ein erhebliches Potenzial f\u00fcr alternative Einnahmequellen au\u00dferhalb des traditionellen Kraftstoffverkaufs.<\/li>\n\n\n\n<li><strong>Wandel hin zur Digitalisierung:<\/strong> Aufgrund des technologischen Fortschritts hat die Nutzung mobiler Anwendungen und die Umsetzung von Treueprogrammen in Kombination mit digitalen Marketingtaktiken im Tankstellensektor zugenommen.<\/li>\n<\/ul>\n\n\n\n<h2 class=\"wp-block-heading\">M\u00f6gliche Vorteile der Durchf\u00fchrung einer Tankstellen-Marktforschung<\/h2>\n\n\n\n<figure class=\"gb-block-image gb-block-image-04e0ff32\"><img loading=\"lazy\" decoding=\"async\" width=\"1456\" height=\"816\" class=\"gb-image gb-image-04e0ff32\" src=\"https:\/\/www.sisinternational.com\/wp-content\/uploads\/2025\/08\/Gas-station-4.jpg\" alt=\"SIS International Marktforschung &amp; Strategie\" title=\"Gas station (4)\" srcset=\"https:\/\/www.sisinternational.com\/wp-content\/uploads\/2025\/08\/Gas-station-4.jpg 1456w, https:\/\/www.sisinternational.com\/wp-content\/uploads\/2025\/08\/Gas-station-4-300x168.jpg 300w, https:\/\/www.sisinternational.com\/wp-content\/uploads\/2025\/08\/Gas-station-4-1024x574.jpg 1024w, https:\/\/www.sisinternational.com\/wp-content\/uploads\/2025\/08\/Gas-station-4-768x430.jpg 768w, https:\/\/www.sisinternational.com\/wp-content\/uploads\/2025\/08\/Gas-station-4-18x10.jpg 18w\" sizes=\"auto, (max-width: 1456px) 100vw, 1456px\"><\/figure>\n\n\n\n<ul class=\"wp-block-list\">\n<li><a href=\"https:\/\/www.sisinternational.com\/de\/sachverstand\/branchen\/ol-und-gasmarktforschung\/\" title=\"\u00d6l- und Gasmarktforschung\"  data-wpil-monitor-id=\"3085\">Gas station market research<\/a> provides an opportunity for gas station operators to gain insight into the behaviors and requirements of their customers. Through analyzing this data, businesses are able to create effective advertising campaigns aimed at both acquiring new clients and retaining current ones.<\/li>\n\n\n\n<li>Datengest\u00fctzte Erkenntnisse aus umfassender Marktforschung erm\u00f6glichen es Unternehmen, bessere Entscheidungen hinsichtlich Preisstrategien und Produktangeboten zu treffen.<\/li>\n\n\n\n<li>Um Bereiche zu identifizieren, in denen sich die Tankstellen von der Konkurrenz abheben und verbessern k\u00f6nnen, m\u00fcssen sie sich mit der Wettbewerbslandschaft vertraut machen. Dazu geh\u00f6rt auch die Analyse der St\u00e4rken und Schw\u00e4chen der Konkurrenz. Die Nutzung solcher Details hilft dabei, einzigartige Verkaufsargumente zu schaffen.<\/li>\n\n\n\n<li>Durch die Nutzung der Tankstellenmarktforschung zur Analyse von Faktoren wie lokaler Konkurrenz und demografischen Informationen k\u00f6nnen Unternehmen optimale Standorte f\u00fcr neue Tankstellen bestimmen oder den Erfolg bestehender Standorte bewerten.<\/li>\n\n\n\n<li>Durch eine Tankstellenmarktforschung k\u00f6nnen auch Einnahmequellen entdeckt werden, die nicht auf Benzin basieren, wie etwa Convenience Shops und Autowaschanlagen.<\/li>\n\n\n\n<li>Durch die Durchf\u00fchrung gr\u00fcndlicher Marketingstudien k\u00f6nnen m\u00f6gliche Entwicklungsbereiche identifiziert werden, beispielsweise unbefriedigte Kundenbed\u00fcrfnisse oder neue M\u00e4rkte. Unternehmen k\u00f6nnen sowohl ihre Marktanteile steigern als auch in Zukunft nachhaltige Fortschritte erzielen.<\/li>\n\n\n\n<li>Tankstellenbetreiber k\u00f6nnen Gefahren reduzieren und Strategien zur \u00dcberwindung von Hindernissen entwickeln, indem sie eine gr\u00fcndliche Tankstellenmarktforschung durchf\u00fchren, die potenzielle Gefahren und Marktprobleme identifiziert.<\/li>\n<\/ul>\n\n\n\n<h2 class=\"wp-block-heading\">Herausforderungen<\/h2>\n\n\n\n<ul class=\"wp-block-list\">\n<li>Zu den Einfl\u00fcssen auf die Tankstellenbranche z\u00e4hlen Kraftstoffpreise und wirtschaftliche Bedingungen sowie der schnelle technologische Fortschritt.<\/li>\n\n\n\n<li>Der Umgang mit sensiblen Informationen wie Preisstrategien oder Kundendaten macht das Sammeln genauer und zuverl\u00e4ssiger Daten zu einer Herausforderung.<\/li>\n\n\n\n<li>Umweltschutz, Sicherheitsprotokolle und Vertraulichkeitsrichtlinien m\u00fcssen strikt eingehalten werden, und Forscher stehen vor der Herausforderung, diese Vorschriften zu integrieren und gleichzeitig die Einhaltung sicherzustellen.<\/li>\n\n\n\n<li>Um in der Tankstellenbranche wettbewerbsf\u00e4hig zu bleiben, m\u00fcssen Unternehmen ihre Strategien h\u00e4ufig anpassen. Um einen Wettbewerbsvorteil zu erhalten, m\u00fcssen Sie die Aktivit\u00e4ten und Marketingstrategien Ihrer Konkurrenten trotz der damit verbundenen Herausforderungen und des damit verbundenen Zeitaufwands verfolgen.<\/li>\n\n\n\n<li>Die Durchf\u00fchrung einer detaillierten Marktanalyse erfordert einen erheblichen Einsatz wertvoller Verm\u00f6genswerte wie erfahrene Mitarbeiter, Zeit und Kapital. Kleineren Unternehmen fehlen oft die notwendigen Mittel, um intensive Marktforschung durchzuf\u00fchren.<\/li>\n\n\n\n<li>Die Quantifizierung einiger Elemente der Tankstellenbranche, beispielsweise der Kundenzufriedenheit oder der Markenwahrnehmung, kann eine Herausforderung darstellen.<\/li>\n<\/ul>\n\n\n\n<h2 class=\"wp-block-heading\">Zukunftsausblick<\/h2>\n\n\n\n<figure class=\"gb-block-image gb-block-image-531a479b\"><img loading=\"lazy\" decoding=\"async\" width=\"1456\" height=\"816\" class=\"gb-image gb-image-531a479b\" src=\"https:\/\/www.sisinternational.com\/wp-content\/uploads\/2025\/08\/Gas-station-1.jpg\" alt=\"SIS International Marktforschung &amp; Strategie\" title=\"Gas station (1)\" srcset=\"https:\/\/www.sisinternational.com\/wp-content\/uploads\/2025\/08\/Gas-station-1.jpg 1456w, https:\/\/www.sisinternational.com\/wp-content\/uploads\/2025\/08\/Gas-station-1-300x168.jpg 300w, https:\/\/www.sisinternational.com\/wp-content\/uploads\/2025\/08\/Gas-station-1-1024x574.jpg 1024w, https:\/\/www.sisinternational.com\/wp-content\/uploads\/2025\/08\/Gas-station-1-768x430.jpg 768w, https:\/\/www.sisinternational.com\/wp-content\/uploads\/2025\/08\/Gas-station-1-18x10.jpg 18w\" sizes=\"auto, (max-width: 1456px) 100vw, 1456px\"><\/figure>\n\n\n\n<p><\/p>\n\n\n\n<p>Beeinflusst durch verschiedene Faktoren wie sich entwickelnde Verbraucherpr\u00e4ferenzen und technologische Fortschritte sowie Umweltbedenken wird erwartet, dass sich die Zukunftsaussichten der Tankstellenmarktforschung erheblich ver\u00e4ndern werden. Um zu verstehen, wie sich die Tankstellenmarktforschung in Zukunft entwickeln wird, ist es wichtig, diese Schl\u00fcsselfaktoren zu ber\u00fccksichtigen:<\/p>\n\n\n\n<ul class=\"wp-block-list\">\n<li>Alternative Kraftstoffe wie Wasserstoffbrennstoffzellen und Biokraftstoffe erfreuen sich aufgrund der zunehmenden Besorgnis \u00fcber Klimawandel und Luftverschmutzung zunehmender Beliebtheit. Um die Einstellung der Verbraucher gegen\u00fcber alternativen Kraftstoffen und deren Nutzung zu verstehen, ist die Marktforschung an Tankstellen von entscheidender Bedeutung.<\/li>\n\n\n\n<li>Die Einbindung fortschrittlicher Analyseverfahren und die Einf\u00fchrung neuer Technologien wie digitaler Zahlungssysteme und IoT-Ger\u00e4te werden zu weiteren Ver\u00e4nderungen an Tankstellen f\u00fchren und so das Kundenerlebnis verbessern und den Umsatz steigern.<\/li>\n\n\n\n<li>Tankstellen erweitern immer h\u00e4ufiger ihr Convenience-Store-Angebot, um Kunden anzulocken und zus\u00e4tzliche Ums\u00e4tze zu erzielen. Die Tankstellen-Marktforschung spielt eine entscheidende Rolle bei der Identifizierung von Verbraucherpr\u00e4ferenzen und potenziellen Wachstumsbereichen.<\/li>\n\n\n\n<li>In der Tankstellenbranche mit ihrem zunehmend h\u00e4rter werdenden Wettbewerb ist es unerl\u00e4sslich, ein herausragendes Kundenerlebnis zu bieten, um Kunden zu halten und zu gewinnen.<\/li>\n\n\n\n<li>To reduce their carbon footprint and satisfy the rising need for environmentally friendly goods and services, businesses may emphasize sustainability and environmental impact more in <a href=\"https:\/\/www.sisinternational.com\/de\/biokraftstoffe-in-der-luftfahrtindustrie\/\" title=\"Marktforschung zur Nachhaltigkeit bei Fluggesellschaften\"  data-wpil-monitor-id=\"2444\">Tankstellenmarktforschung<\/a> in the future. Moreover, comprehensive market research can provide valuable insights into identifying the best practices as well as understanding consumer preferences and potential growth opportunities within this area.<\/li>\n\n\n\n<li>Incentives for alternative fuel vehicles and government regulations and policies such as emission standards and fuel economy requirements can have a significant impact on the <a href=\"https:\/\/www.sisinternational.com\/de\/das-eu-emissionshandelssystem-verstehen-ein-sis-bericht\/\" title=\"Marktforschung zum Emissionshandel\"  data-wpil-monitor-id=\"1732\">Tankstellenmarktforschung<\/a>. To understand the implications of these policies and develop strategies for adapting to the changing regulatory landscape, it will be crucial to conduct regular market research.<\/li>\n\n\n\n<li>Die Entwicklung der Tankstellenbranche kann zu neuen Gesch\u00e4ftsmodellen f\u00fchren, darunter abonnementbasierte Tankdienste oder Kraftstofflieferungen auf Abruf. Es ist auch m\u00f6glich, dass strategische Partnerschaften mit Einzelh\u00e4ndlern und Dienstleistern h\u00e4ufiger werden. Die Durchf\u00fchrung von Tankstellenmarktforschung ist unerl\u00e4sslich, um die Realisierbarkeit und das Potenzial dieser neuen Gesch\u00e4ftsmodelle zu ermitteln.<\/li>\n<\/ul>","protected":false},"excerpt":{"rendered":"<p>Durch die Marktforschung f\u00fcr Tankstellen wird deutlicher, wie wichtig es ist, den Markt zu verstehen und Wachstumschancen zu erkennen.<\/p>","protected":false},"author":1,"featured_media":63840,"parent":14514,"menu_order":293,"comment_status":"closed","ping_status":"closed","template":"","meta":{"footnotes":""},"class_list":["post-42636","page","type-page","status-publish","has-post-thumbnail"],"_links":{"self":[{"href":"https:\/\/www.sisinternational.com\/de\/wp-json\/wp\/v2\/pages\/42636","targetHints":{"allow":["GET"]}}],"collection":[{"href":"https:\/\/www.sisinternational.com\/de\/wp-json\/wp\/v2\/pages"}],"about":[{"href":"https:\/\/www.sisinternational.com\/de\/wp-json\/wp\/v2\/types\/page"}],"author":[{"embeddable":true,"href":"https:\/\/www.sisinternational.com\/de\/wp-json\/wp\/v2\/users\/1"}],"replies":[{"embeddable":true,"href":"https:\/\/www.sisinternational.com\/de\/wp-json\/wp\/v2\/comments?post=42636"}],"version-history":[{"count":8,"href":"https:\/\/www.sisinternational.com\/de\/wp-json\/wp\/v2\/pages\/42636\/revisions"}],"predecessor-version":[{"id":77383,"href":"https:\/\/www.sisinternational.com\/de\/wp-json\/wp\/v2\/pages\/42636\/revisions\/77383"}],"up":[{"embeddable":true,"href":"https:\/\/www.sisinternational.com\/de\/wp-json\/wp\/v2\/pages\/14514"}],"wp:featuredmedia":[{"embeddable":true,"href":"https:\/\/www.sisinternational.com\/de\/wp-json\/wp\/v2\/media\/63840"}],"wp:attachment":[{"href":"https:\/\/www.sisinternational.com\/de\/wp-json\/wp\/v2\/media?parent=42636"}],"curies":[{"name":"wp","href":"https:\/\/api.w.org\/{rel}","templated":true}]}}