{"id":42632,"date":"2023-05-01T18:33:59","date_gmt":"2023-05-01T22:33:59","guid":{"rendered":"https:\/\/www.sisinternational.com\/?page_id=42632"},"modified":"2026-01-25T18:36:20","modified_gmt":"2026-01-25T23:36:20","slug":"forstmarktforschung","status":"publish","type":"page","link":"https:\/\/www.sisinternational.com\/de\/sachverstand\/forstmarktforschung\/","title":{"rendered":"Forstwirtschaftliche Marktforschung"},"content":{"rendered":"<h1 class=\"wp-block-heading\">Forstwirtschaftliche Marktforschung<\/h1>\n\n\n\n<figure class=\"gb-block-image gb-block-image-666f0a67\"><img loading=\"lazy\" decoding=\"async\" width=\"1456\" height=\"816\" class=\"gb-image gb-image-666f0a67\" src=\"https:\/\/www.sisinternational.com\/wp-content\/uploads\/2025\/08\/Forestry-4.jpg\" alt=\"SIS International Marktforschung &amp; Strategie\" title=\"Forestry (4)\" srcset=\"https:\/\/www.sisinternational.com\/wp-content\/uploads\/2025\/08\/Forestry-4.jpg 1456w, https:\/\/www.sisinternational.com\/wp-content\/uploads\/2025\/08\/Forestry-4-300x168.jpg 300w, https:\/\/www.sisinternational.com\/wp-content\/uploads\/2025\/08\/Forestry-4-1024x574.jpg 1024w, https:\/\/www.sisinternational.com\/wp-content\/uploads\/2025\/08\/Forestry-4-768x430.jpg 768w, https:\/\/www.sisinternational.com\/wp-content\/uploads\/2025\/08\/Forestry-4-18x10.jpg 18w\" sizes=\"auto, (max-width: 1456px) 100vw, 1456px\"><\/figure>\n\n\n\n<p><\/p>\n\n\n\n<p>Die Forstwirtschaft ist f\u00fcr die Bereitstellung wertvoller Ressourcen wie Holz, Papier und anderer Forstprodukte von entscheidender Bedeutung. Da die Nachfrage nach Forstprodukten weiter steigt und Umweltprobleme immer dringlicher werden, ist es f\u00fcr Unternehmen, politische Entscheidungstr\u00e4ger und Interessenvertreter unerl\u00e4sslich, durch Marktforschung im Forstsektor \u00fcber die Dynamik der Branche auf dem Laufenden zu bleiben.<\/p>\n\n\n\n<p>Die Marktforschung im Forstsektor ist ein wichtiges Instrument zum Verst\u00e4ndnis von Markttrends, zum Erkennen neuer Chancen und zum Treffen fundierter Entscheidungen, die nachhaltige Praktiken f\u00f6rdern und die Rentabilit\u00e4t steigern, w\u00e4hrend die Unternehmen gleichzeitig die bew\u00e4hrten Praktiken der Branche einhalten und die geltenden Vorschriften respektieren.<\/p>\n\n\n\n<h2 class=\"wp-block-heading\">Was ist Forstmarktforschung?<\/h2>\n\n\n\n<p>Forestry market research is a systematic process of collecting, analyzing, and drawing conclusions about the forestry industry to provide valuable insights for stakeholders. It studies various aspects of the industry such as <a href=\"https:\/\/www.sisinternational.com\/de\/losungen\/strategieberatung\/markteintritts-machbarkeits-dimensionierungsstudien\/\" title=\"Markteintritts-, Machbarkeits- und Gr\u00f6\u00dfenstudien\"  data-wpil-monitor-id=\"9127\">market size<\/a>, growth trends, product demand, consumer preferences, emerging opportunities, and challenges.<\/p>\n\n\n\n<p>Unternehmen k\u00f6nnen damit auch potenzielle M\u00e4rkte identifizieren, die Konkurrenz verstehen, Strategien f\u00fcr nachhaltiges Wachstum entwickeln und zuk\u00fcnftige Trends vorhersagen. Dar\u00fcber hinaus k\u00f6nnen politische Entscheidungstr\u00e4ger diese Forschung nutzen, um wirksame Strategien zu formulieren, verantwortungsvolle Waldbewirtschaftungspraktiken zu f\u00f6rdern und Umweltprobleme anzugehen.<\/p>\n\n\n\n<h2 class=\"wp-block-heading\">Die Schl\u00fcsselrolle der Unternehmen<\/h2>\n\n\n\n<figure class=\"gb-block-image gb-block-image-fdc93313\"><img loading=\"lazy\" decoding=\"async\" width=\"1456\" height=\"816\" class=\"gb-image gb-image-fdc93313\" src=\"https:\/\/www.sisinternational.com\/wp-content\/uploads\/2025\/08\/Forestry-2.jpg\" alt=\"SIS International Marktforschung &amp; Strategie\" title=\"Forestry (2)\" srcset=\"https:\/\/www.sisinternational.com\/wp-content\/uploads\/2025\/08\/Forestry-2.jpg 1456w, https:\/\/www.sisinternational.com\/wp-content\/uploads\/2025\/08\/Forestry-2-300x168.jpg 300w, https:\/\/www.sisinternational.com\/wp-content\/uploads\/2025\/08\/Forestry-2-1024x574.jpg 1024w, https:\/\/www.sisinternational.com\/wp-content\/uploads\/2025\/08\/Forestry-2-768x430.jpg 768w, https:\/\/www.sisinternational.com\/wp-content\/uploads\/2025\/08\/Forestry-2-18x10.jpg 18w\" sizes=\"auto, (max-width: 1456px) 100vw, 1456px\"><\/figure>\n\n\n\n<p>Marktforschung hilft Unternehmen, sich in der sich st\u00e4ndig weiterentwickelnden Forstwirtschaftsbranche zurechtzufinden. Durch die Bereitstellung wertvoller Erkenntnisse und datengest\u00fctzter Analysen unterst\u00fctzt sie globale Unternehmen dabei, fundierte Entscheidungen zu treffen, die Wachstum, Innovation und Nachhaltigkeit f\u00f6rdern \u2013 und einige der Elemente, die die Marktforschung in der Forstwirtschaft aufdeckt, sind:<\/p>\n\n\n\n<ul class=\"wp-block-list\">\n<li><strong>Chancen erkennen:<\/strong> Mithilfe von Marktforschung im Forstsektor k\u00f6nnen Unternehmen neue Marktchancen wie aufkommende Trends, unerschlossene Nischen oder innovative Produktentwicklungen erkennen. Diese Informationen helfen Unternehmen, ihr Produktangebot zu erweitern, neue M\u00e4rkte zu erschlie\u00dfen und der Konkurrenz einen Schritt voraus zu sein.<\/li>\n\n\n\n<li><strong>Verst\u00e4ndnis <\/strong><a href=\"https:\/\/www.sisinternational.com\/de\/verbraucheranalyse-hypothetische-fallstudie-von-eharmony\/\" title=\"Verbraucheranalyse: Hypothetische Fallstudie von eHarmony\"  data-wpil-monitor-id=\"9129\">consumer preferences: By studying<\/a> consumer preferences and buying behavior, market research allows businesses to tailor their products and marketing strategies to meet customer demands. It builds strong customer relationships, <a href=\"https:\/\/www.sisinternational.com\/de\/verbesserung-der-kundenbeziehungen\/\" title=\"So steigern Sie die Kundenzufriedenheit und begeistern unzufriedene Kunden\"  data-wpil-monitor-id=\"9123\">improves customer satisfaction<\/a>, and increases sales.<\/li>\n\n\n\n<li><strong>Wettbewerbsanalyse:<\/strong> Market research provides businesses with an in-depth understanding of their competitors, including their market share, product offerings, strengths, and weaknesses. With this data, businesses can develop <a href=\"https:\/\/www.sisinternational.com\/de\/die-notwendigkeit-von-wettbewerbsinformationen-in-dieser-rezession\/\" title=\"Die Notwendigkeit von Competitive Intelligence in einer Rezession\"  data-wpil-monitor-id=\"9125\">strategies<\/a> to differentiate themselves and gain a competitive edge.<\/li>\n\n\n\n<li><strong>Risikomanagement und Einhaltung gesetzlicher Vorschriften:<\/strong> Die Forstwirtschaft unterliegt zahlreichen Vorschriften und Umweltbelangen \u2013 und die Marktforschung im Forstsektor hilft Unternehmen dabei, die relevanten Vorschriften zu verstehen und einzuhalten, Risiken zu mindern und nachhaltige Praktiken einzuf\u00fchren, die ihren Ruf und ihren Markenwert steigern.<\/li>\n\n\n\n<li><strong>Strategische Planung:<\/strong> Durch die Analyse historischer Daten und die Identifizierung von Trends unterst\u00fctzt die Marktforschung Unternehmen dabei, zuk\u00fcnftige Entwicklungen auf dem Forstmarkt vorherzusagen und datengest\u00fctzte Entscheidungen zu treffen. Dies erm\u00f6glicht es ihnen, Ressourcen effektiv zuzuweisen, langfristiges Wachstum zu planen und sich an ver\u00e4nderte Marktbedingungen anzupassen.<\/li>\n<\/ul>\n\n\n\n<h2 class=\"wp-block-heading\">Wichtige Markttreiber<\/h2>\n\n\n\n<figure class=\"gb-block-image gb-block-image-0afb418a\"><img loading=\"lazy\" decoding=\"async\" width=\"1456\" height=\"816\" class=\"gb-image gb-image-0afb418a\" src=\"https:\/\/www.sisinternational.com\/wp-content\/uploads\/2025\/08\/Forestry-3.jpg\" alt=\"SIS International Marktforschung &amp; Strategie\" title=\"Forestry (3)\" srcset=\"https:\/\/www.sisinternational.com\/wp-content\/uploads\/2025\/08\/Forestry-3.jpg 1456w, https:\/\/www.sisinternational.com\/wp-content\/uploads\/2025\/08\/Forestry-3-300x168.jpg 300w, https:\/\/www.sisinternational.com\/wp-content\/uploads\/2025\/08\/Forestry-3-1024x574.jpg 1024w, https:\/\/www.sisinternational.com\/wp-content\/uploads\/2025\/08\/Forestry-3-768x430.jpg 768w, https:\/\/www.sisinternational.com\/wp-content\/uploads\/2025\/08\/Forestry-3-18x10.jpg 18w\" sizes=\"auto, (max-width: 1456px) 100vw, 1456px\"><\/figure>\n\n\n\n<p><\/p>\n\n\n\n<p>Die Marktforschung im Forstsektor ist unerl\u00e4sslich, um die Faktoren zu verstehen, die Wachstum und Entwicklung in der Forstwirtschaft vorantreiben. Durch die Untersuchung dieser wichtigen Markttreiber k\u00f6nnen Unternehmen und politische Entscheidungstr\u00e4ger fundierte Entscheidungen treffen, um Chancen zu nutzen und eine profitable Zukunft sicherzustellen.<\/p>\n\n\n\n<ul class=\"wp-block-list\">\n<li><strong>Steigende Nachfrage nach Holzprodukten:<\/strong> Die weltweite Nachfrage nach Holz, Papier und anderen Forstprodukten steigt weiterhin, angetrieben durch Bev\u00f6lkerungswachstum, Urbanisierung und steigende verf\u00fcgbare Einkommen. Daher erm\u00f6glicht die Marktforschung im Forstsektor Unternehmen, Trends und Chancen auf dem Markt zu erkennen, um die wachsende Nachfrage zu decken und gleichzeitig nachhaltige Praktiken beizubehalten.<\/li>\n\n\n\n<li><strong>Nachhaltige Waldbewirtschaftung:<\/strong> As environmental concerns become more prominent, there is an increasing focus on sustainable forest management practices. Market research provides insights into best practices, certification standards, and <a href=\"https:\/\/www.sisinternational.com\/de\/sachverstand\/lebenslaufe\/marktforschung-fur-korperpflegeprodukte\/\" title=\"Marktforschung f\u00fcr K\u00f6rperpflegeprodukte\"  data-wpil-monitor-id=\"9132\">market preferences for sustainably sourced products<\/a>, helping businesses and policymakers adopt responsible forest management strategies. Furthermore, this type of <a href=\"https:\/\/www.sisinternational.com\/de\/sachverstand\/lebenslaufe\/markenforschung\/\" title=\"Markenforschungsunternehmen\"  data-wpil-monitor-id=\"9133\">research helps companies<\/a> to maintain their reputation as eco-friendly and sustainable organizations.<\/li>\n\n\n\n<li><strong>Alternative Energiequellen:<\/strong> The growing need for alternative and renewable energy sources has spurred interest in forest-based bioenergy and biofuels. Forestry market research provides valuable information on the potential of these resources, helping businesses and policymakers explore opportunities and develop strategies to <a href=\"https:\/\/www.sisinternational.com\/de\/losungen\/fintech-strategieberatung-forschung\/kapitalmarktmarktforschung\/\" title=\"Kapitalmarktforschung\"  data-wpil-monitor-id=\"9131\">capitalize on this growing market<\/a> segment.<\/li>\n\n\n\n<li><strong>Klimaschutz:<\/strong> W\u00e4lder spielen eine entscheidende Rolle bei der Eind\u00e4mmung des Klimawandels, da sie Kohlendioxid absorbieren und speichern. W\u00e4hrend Regierungen und Unternehmen versuchen, ihren CO2-Fu\u00dfabdruck zu reduzieren, bietet die Marktforschung im Forstsektor Einblicke in das Potenzial der W\u00e4lder zur Kohlenstoffbindung und zur Entwicklung forstbasierter Kohlenstoffm\u00e4rkte.<\/li>\n<\/ul>\n\n\n\n<h2 class=\"wp-block-heading\">Marktherausforderungen und -beschr\u00e4nkungen, die sich auf die Forstwirtschaft auswirken<\/h2>\n\n\n\n<h3 class=\"wp-block-heading\">Die Forstwirtschaft bietet zwar ein enormes Wachstums- und Nachhaltigkeitspotenzial, steht aber auch vor mehreren Herausforderungen. Einige der wichtigsten Herausforderungen sind:<\/h3>\n\n\n\n<ul class=\"wp-block-list\">\n<li><strong>Abholzung:<\/strong> Die rasche Abholzung der W\u00e4lder stellt eine erhebliche Bedrohung f\u00fcr die Forstwirtschaft dar. Die Marktforschung im Forstsektor hilft den Beteiligten jedoch dabei, das Ausma\u00df dieser Probleme einzusch\u00e4tzen und Strategien f\u00fcr eine nachhaltige Bewirtschaftung und Wiederherstellung der W\u00e4lder zu entwickeln.<\/li>\n\n\n\n<li><strong>Regulatorische Fragen:<\/strong> Die Forstwirtschaft unterliegt zahlreichen Vorschriften und die Bew\u00e4ltigung dieser komplexen Regelungen kann eine Herausforderung und ein hohes Kostenrisiko darstellen. Dies gilt insbesondere, da die Vorschriften aufgrund des Klimawandels immer strenger werden.<\/li>\n\n\n\n<li><strong>Landnutzungskonflikte:<\/strong> Widerspr\u00fcchliche Anspr\u00fcche auf Land k\u00f6nnen zu einem Wettbewerb um Waldressourcen f\u00fchren. Die Marktforschung im Forstsektor hilft den Beteiligten, diese Konflikte zu verstehen und Strategien zu entwickeln, um konkurrierende Landnutzungsanspr\u00fcche auszugleichen und gleichzeitig die Waldressourcen zu erhalten.<\/li>\n\n\n\n<li><strong>Klimawandel:<\/strong> Climate change poses significant threats to forest ecosystems and <a href=\"https:\/\/www.sisinternational.com\/de\/sachverstand\/branchen\/marktforschung-zum-klimawandel\/\" title=\"Marktforschung zum Klimawandel\"  data-wpil-monitor-id=\"4989\">Forstmarktforschung<\/a> helps stakeholders assess the impacts of climate change on forests and develop adaptive management strategies to mitigate these risks.<\/li>\n<\/ul>\n\n\n\n<h2 class=\"wp-block-heading\">Die Aussichten der Forstmarktforschung: Vision f\u00fcr eine nachhaltige und profitable Zukunft<\/h2>\n\n\n\n<figure class=\"gb-block-image gb-block-image-5d90649e\"><img loading=\"lazy\" decoding=\"async\" width=\"1456\" height=\"816\" class=\"gb-image gb-image-5d90649e\" src=\"https:\/\/www.sisinternational.com\/wp-content\/uploads\/2025\/08\/Forestry-1.jpg\" alt=\"SIS International Marktforschung &amp; Strategie\" title=\"Forestry (1)\" srcset=\"https:\/\/www.sisinternational.com\/wp-content\/uploads\/2025\/08\/Forestry-1.jpg 1456w, https:\/\/www.sisinternational.com\/wp-content\/uploads\/2025\/08\/Forestry-1-300x168.jpg 300w, https:\/\/www.sisinternational.com\/wp-content\/uploads\/2025\/08\/Forestry-1-1024x574.jpg 1024w, https:\/\/www.sisinternational.com\/wp-content\/uploads\/2025\/08\/Forestry-1-768x430.jpg 768w, https:\/\/www.sisinternational.com\/wp-content\/uploads\/2025\/08\/Forestry-1-18x10.jpg 18w\" sizes=\"auto, (max-width: 1456px) 100vw, 1456px\"><\/figure>\n\n\n\n<p><\/p>\n\n\n\n<p>Die Aussichten f\u00fcr die Forstmarktforschung sind vielversprechend, da sie auch weiterhin eine wichtige Rolle bei der Gestaltung der Zukunft der Forstwirtschaft spielt.<\/p>\n\n\n\n<ul class=\"wp-block-list\">\n<li>As the demand for forest products continues to grow globally, market research will be crucial in identifying new markets and opportunities for businesses. By understanding regional market dynamics, businesses can tailor their strategies, products, and <a href=\"https:\/\/www.sisinternational.com\/de\/losungen\/fintech-strategieberatung-forschung\/marktforschung-fur-finanzdienstleistungen\/\" title=\"Marktforschung f\u00fcr Finanzdienstleistungen\"  data-wpil-monitor-id=\"9134\">services to meet specific market<\/a> demands, paving the way for global expansion and maintaining steady growth despite industry challenges.<\/li>\n\n\n\n<li>Angesichts der zunehmenden Besorgnis \u00fcber Abholzung und Klimawandel war der Bedarf an nachhaltigen Waldbewirtschaftungsmethoden nie gr\u00f6\u00dfer. Die Marktforschung im Forstsektor wird eine entscheidende Rolle bei der Ermittlung von Best Practices, innovativen L\u00f6sungen und Marktpr\u00e4ferenzen f\u00fcr nachhaltig gewonnene Produkte spielen und es Unternehmen und politischen Entscheidungstr\u00e4gern erm\u00f6glichen, eine verantwortungsvolle Waldbewirtschaftung und -erhaltung zu f\u00f6rdern.<\/li>\n\n\n\n<li>Die Entwicklung neuer Forstprodukte und wertsch\u00f6pfender Verarbeitungstechnologien wie biobasierter Materialien und Chemikalien bietet M\u00f6glichkeiten zur Diversifizierung und zum Wachstum. Folglich hilft die Marktforschung im Forstsektor Unternehmen dabei, diese neuen M\u00f6glichkeiten zu erkennen und sie zu nutzen, um ihr Produktportfolio zu erweitern und ihre Rentabilit\u00e4t zu steigern.<\/li>\n<\/ul>\n\n\n\n<p>SIS International bietet quantitative, qualitative und strategische Forschung an. Wir liefern Daten, Tools, Strategien, Berichte und Erkenntnisse zur Entscheidungsfindung. Wir f\u00fchren Interviews, Umfragen, Fokusgruppen und viele andere Methoden und Ans\u00e4tze der Marktforschung durch. Kontaktieren Sie uns f\u00fcr Ihr n\u00e4chstes Marktforschungsprojekt.<\/p>","protected":false},"excerpt":{"rendered":"<p>Angesichts der wachsenden Nachfrage und der wachsenden Umweltbedenken m\u00fcssen sich Unternehmen mithilfe der Forestry Market Research \u00fcber die Forstwirtschaftsbranche auf dem Laufenden halten.<\/p>","protected":false},"author":1,"featured_media":63807,"parent":14514,"menu_order":292,"comment_status":"closed","ping_status":"closed","template":"","meta":{"footnotes":""},"class_list":["post-42632","page","type-page","status-publish","has-post-thumbnail"],"_links":{"self":[{"href":"https:\/\/www.sisinternational.com\/de\/wp-json\/wp\/v2\/pages\/42632","targetHints":{"allow":["GET"]}}],"collection":[{"href":"https:\/\/www.sisinternational.com\/de\/wp-json\/wp\/v2\/pages"}],"about":[{"href":"https:\/\/www.sisinternational.com\/de\/wp-json\/wp\/v2\/types\/page"}],"author":[{"embeddable":true,"href":"https:\/\/www.sisinternational.com\/de\/wp-json\/wp\/v2\/users\/1"}],"replies":[{"embeddable":true,"href":"https:\/\/www.sisinternational.com\/de\/wp-json\/wp\/v2\/comments?post=42632"}],"version-history":[{"count":5,"href":"https:\/\/www.sisinternational.com\/de\/wp-json\/wp\/v2\/pages\/42632\/revisions"}],"predecessor-version":[{"id":81528,"href":"https:\/\/www.sisinternational.com\/de\/wp-json\/wp\/v2\/pages\/42632\/revisions\/81528"}],"up":[{"embeddable":true,"href":"https:\/\/www.sisinternational.com\/de\/wp-json\/wp\/v2\/pages\/14514"}],"wp:featuredmedia":[{"embeddable":true,"href":"https:\/\/www.sisinternational.com\/de\/wp-json\/wp\/v2\/media\/63807"}],"wp:attachment":[{"href":"https:\/\/www.sisinternational.com\/de\/wp-json\/wp\/v2\/media?parent=42632"}],"curies":[{"name":"wp","href":"https:\/\/api.w.org\/{rel}","templated":true}]}}