{"id":42625,"date":"2023-05-01T15:52:44","date_gmt":"2023-05-01T19:52:44","guid":{"rendered":"https:\/\/www.sisinternational.com\/?page_id=42625"},"modified":"2026-01-26T19:01:41","modified_gmt":"2026-01-27T00:01:41","slug":"diversitat-gleichberechtigung-inklusion-marktforschung","status":"publish","type":"page","link":"https:\/\/www.sisinternational.com\/de\/sachverstand\/diversitat-gleichberechtigung-inklusion-marktforschung\/","title":{"rendered":"Marktforschung zu Diversit\u00e4t, Gerechtigkeit und Inklusion"},"content":{"rendered":"<h1 class=\"wp-block-heading\">Marktforschung zu Diversit\u00e4t, Gerechtigkeit und Inklusion<\/h1>\n\n\n\n<figure class=\"gb-block-image gb-block-image-01da82c1\"><img loading=\"lazy\" decoding=\"async\" width=\"1456\" height=\"816\" class=\"gb-image gb-image-01da82c1\" src=\"https:\/\/www.sisinternational.com\/wp-content\/uploads\/2025\/08\/Inclusion-diversity-4.jpg\" alt=\"SIS International Marktforschung &amp; Strategie\" title=\"Inclusion diversity (4)\" srcset=\"https:\/\/www.sisinternational.com\/wp-content\/uploads\/2025\/08\/Inclusion-diversity-4.jpg 1456w, https:\/\/www.sisinternational.com\/wp-content\/uploads\/2025\/08\/Inclusion-diversity-4-300x168.jpg 300w, https:\/\/www.sisinternational.com\/wp-content\/uploads\/2025\/08\/Inclusion-diversity-4-1024x574.jpg 1024w, https:\/\/www.sisinternational.com\/wp-content\/uploads\/2025\/08\/Inclusion-diversity-4-768x430.jpg 768w, https:\/\/www.sisinternational.com\/wp-content\/uploads\/2025\/08\/Inclusion-diversity-4-18x10.jpg 18w\" sizes=\"auto, (max-width: 1456px) 100vw, 1456px\"><\/figure>\n\n\n\n<p><\/p>\n\n\n\n<p>Um wettbewerbsf\u00e4hig zu bleiben und ihren Ruf in der sich st\u00e4ndig weiterentwickelnden globalen Gesch\u00e4ftslandschaft zu sch\u00fctzen, m\u00fcssen Unternehmen heute Vielfalt, Gerechtigkeit und Inklusion (DEI) priorisieren.<\/p>\n\n\n\n<p>Um ihre DEI-Ziele effektiv zu erreichen, sollten sich Unternehmen auf gr\u00fcndliche Marktforschung st\u00fctzen, die Verbesserungsbereiche identifiziert. Durch die Nutzung dieser Informationen k\u00f6nnen sie ein besseres Arbeitsumfeld schaffen, das Vielfalt sch\u00e4tzt und die heutigen Anforderungen an moderne Unternehmen erf\u00fcllt.<\/p>\n\n\n\n<h2 class=\"wp-block-heading\">Was ist DEI-Marktforschung?<\/h2>\n\n\n\n<p>DEI-Marktforschung ist ein wichtiges Instrument, um wertvolle Erkenntnisse dar\u00fcber zu gewinnen, wie Unternehmen Vielfalt und Inklusion an ihren Arbeitspl\u00e4tzen verbessern k\u00f6nnen. Es handelt sich um einen organisierten Ansatz zum Sammeln, Analysieren und Interpretieren von Daten im Zusammenhang mit der Diversit\u00e4tsgerechtigkeit eines Unternehmens sowie seinen Inklusionsrichtlinien.<\/p>\n\n\n\n<p>Dar\u00fcber hinaus k\u00f6nnen Unternehmen durch diese Art der Untersuchung beurteilen, wo sie im Hinblick auf DEI-Standards stehen. Denn durch die Identifizierung von St\u00e4rken und Schw\u00e4chen im Zusammenhang mit DEI k\u00f6nnen sie gezielt auf Bereiche zielen, die Aufmerksamkeit erfordern. Mit diesem Wissen k\u00f6nnen sie Entscheidungsprozesse verbessern und gleichzeitig eine integrative Arbeitsplatzkultur f\u00f6rdern.<\/p>\n\n\n\n<h2 class=\"wp-block-heading\">Der wachsende Bedarf an DEI-Marktforschung in der modernen Gesch\u00e4ftswelt<\/h2>\n\n\n\n<figure class=\"gb-block-image gb-block-image-a111d754\"><img loading=\"lazy\" decoding=\"async\" width=\"1456\" height=\"816\" class=\"gb-image gb-image-a111d754\" src=\"https:\/\/www.sisinternational.com\/wp-content\/uploads\/2025\/08\/Inclusion-diversity-3.jpg\" alt=\"SIS International Marktforschung &amp; Strategie\" title=\"Inclusion diversity (3)\" srcset=\"https:\/\/www.sisinternational.com\/wp-content\/uploads\/2025\/08\/Inclusion-diversity-3.jpg 1456w, https:\/\/www.sisinternational.com\/wp-content\/uploads\/2025\/08\/Inclusion-diversity-3-300x168.jpg 300w, https:\/\/www.sisinternational.com\/wp-content\/uploads\/2025\/08\/Inclusion-diversity-3-1024x574.jpg 1024w, https:\/\/www.sisinternational.com\/wp-content\/uploads\/2025\/08\/Inclusion-diversity-3-768x430.jpg 768w, https:\/\/www.sisinternational.com\/wp-content\/uploads\/2025\/08\/Inclusion-diversity-3-18x10.jpg 18w\" sizes=\"auto, (max-width: 1456px) 100vw, 1456px\"><\/figure>\n\n\n\n<p><\/p>\n\n\n\n<p>Businesses around the world have made DEI <a href=\"https:\/\/www.sisinternational.com\/de\/sachverstand\/branchen\/over-the-top-medien-ott-marktforschung\/\" title=\"Over the Top Media (OTT) Marktforschung\"  data-wpil-monitor-id=\"6207\">market research a top<\/a> priority. Diversity within organizations has become increasingly valued thanks largely due to its association with positive outcomes and social responsibility practices caused by evolving population growth and economic interdependence between countries. Some of the key drivers of DEI market research are:<\/p>\n\n\n\n<ul class=\"wp-block-list\">\n<li><strong>Demografischer Wandel:<\/strong> Da die Belegschaft vielf\u00e4ltiger wird, m\u00fcssen sich Unternehmen anpassen. Das bedeutet, dass sie eine Reihe von Perspektiven, Erfahrungen und Hintergr\u00fcnden ber\u00fccksichtigen m\u00fcssen. Um Vielfalt zu f\u00f6rdern, sollten Unternehmen daher DEI-Marktforschung nutzen, um die Bed\u00fcrfnisse ihrer vielf\u00e4ltigen Mitarbeiter zu identifizieren und zu erf\u00fcllen.<\/li>\n\n\n\n<li><strong>Globalisierung:<\/strong> Marketplace interconnectivity coupled and increased levels of international trade have created more intricate multinational landscapes for corporations. Thus, understanding cultural differences is key for organizations and DEI <a href=\"https:\/\/www.sisinternational.com\/de\/sachverstand\/branchen\/dei-kommunikationsberatung\/\" title=\"DEI-Kommunikationsberatung\"  data-wpil-monitor-id=\"7190\">Marktforschung<\/a> offers the necessary tools to tailor their strategies and communication styles to reach global audiences.<\/li>\n\n\n\n<li><strong>Erh\u00f6htes Bewusstsein f\u00fcr Fragen der sozialen Gerechtigkeit:<\/strong> Der wachsende \u00f6ffentliche Diskurs \u00fcber Fragen der sozialen Gerechtigkeit hat Unternehmen dazu veranlasst, ihre eigenen DEI-Praktiken genauer unter die Lupe zu nehmen. Mithilfe von DEI-Marktforschung k\u00f6nnen Organisationen die Auswirkungen ihrer Richtlinien auf marginalisierte Gemeinschaften beurteilen und sicherstellen, dass ihre Praktiken mit ihren Verpflichtungen gegen\u00fcber DEI in Einklang stehen.<\/li>\n\n\n\n<li><strong>Nachgewiesene Vorteile einer vielf\u00e4ltigen Belegschaft:<\/strong> Gruppen mit unterschiedlichem Hintergrund schneiden besser ab, wenn es darum geht, Probleme kreativ anzugehen. Das Verst\u00e4ndnis f\u00fcr die Vielfalt der Belegschaft eines Unternehmens wird durch die Durchf\u00fchrung von DEI-Marktforschung verbessert, was dazu f\u00fchrt, dass ihre St\u00e4rken f\u00fcr eine h\u00f6here Produktivit\u00e4t und Rentabilit\u00e4t genutzt werden k\u00f6nnen.<\/li>\n\n\n\n<li><strong>Gesetzliche und regulatorische Anforderungen:<\/strong> Since various countries have issued regulations that compel businesses to endorse diversity, using DEI <a href=\"https:\/\/www.sisinternational.com\/de\/losungen\/legal-market-research\/\" title=\"Legal Market Research\"  data-wpil-monitor-id=\"2979\">market research helps companies minimize legal<\/a> risks and ensure compliance with regulations.<\/li>\n\n\n\n<li><strong>Erwartungen der Verbraucher:<\/strong> Auf dem heutigen sozial bewussten Markt fordern Verbraucher zunehmend von Unternehmen, sich f\u00fcr DEI zu engagieren. Unternehmen, die in DEI-Marktforschung investieren, k\u00f6nnen diese Erwartungen besser verstehen und darauf reagieren, was zu einer h\u00f6heren Kundentreue, einem h\u00f6heren Markenwert und einem gr\u00f6\u00dferen Marktanteil f\u00fchrt.<\/li>\n<\/ul>\n\n\n\n<h2 class=\"wp-block-heading\">Neue Trends<\/h2>\n\n\n\n<ul class=\"wp-block-list\">\n<li><strong>Kulturelle Kompetenz:<\/strong> Cultural Competence means the ability and expertise in dealing proficiently with individuals hailing from varied social or ethnic groups by acknowledging their uniqueness. To ensure that they are able to respectfully and meaningfully interact with diverse consumer groups during their work researchers must possess cultural competence according to DEI <a href=\"https:\/\/www.sisinternational.com\/de\/abdeckung\/marktforschung-asien\/marktforschung-in-timor\/\" title=\"Marktforschung in Timor\"  data-wpil-monitor-id=\"4743\">market<\/a> research.<\/li>\n\n\n\n<li><strong>Schwerpunkt qualitative Forschung:<\/strong> In der DEI-Marktforschung liegt der Schwerpunkt zunehmend auf qualitativen Methoden \u2013 auch wenn quantitative Ans\u00e4tze nach wie vor unverzichtbar sind, um Trends und Muster im Verbraucherverhalten zu verstehen. Qualitative Forschungsans\u00e4tze, einschlie\u00dflich Fokusgruppendiskussionen oder ausf\u00fchrlicher Interviews, k\u00f6nnen einen besseren Einblick in die Erfahrungen und Vorlieben verschiedener ethnischer und sozialer Verbrauchersegmente liefern.<\/li>\n\n\n\n<li><strong>Einsatz der Technologie:<\/strong> Online-Umfragen und virtuelle Fokusgruppen sowie soziale Medien geh\u00f6ren zu den verschiedenen M\u00f6glichkeiten, wie Technologie bei der Durchf\u00fchrung von DEI-Marktforschung helfen kann.<\/li>\n<\/ul>\n\n\n\n<h2 class=\"wp-block-heading\">Daten analysieren<\/h2>\n\n\n\n<ul class=\"wp-block-list\">\n<li><strong>Bewerten Sie den aktuellen Stand von DEI innerhalb der Organisation oder des Marktes:<\/strong> Die Datenanalyse liefert wertvolle Einblicke in die bestehenden Diversity-Initiativen eines Unternehmens. Dabei werden die Forschungsergebnisse mit relevanten Industriestandards und Unternehmens-KPIs verglichen.<\/li>\n\n\n\n<li><strong>Identifizieren Sie Verbesserungsbereiche und potenzielle Chancen:<\/strong> Erkennen Sie Defizite oder Wachstums- und Verbesserungspotenzial in den DEI-Bem\u00fchungen der Organisation durch entsprechende DEI-Marktforschung.<\/li>\n\n\n\n<li><strong>Analysieren Sie die Wirksamkeit bestehender DEI-Initiativen:<\/strong> Beurteilen Sie, ob die aktuellen DEI-Strategien und -Ma\u00dfnahmen der Organisation mit den gew\u00fcnschten Ergebnissen \u00fcbereinstimmen. DEI-Marktforschung kann aufzeigen, ob diese Initiativen erfolgreich positive Ver\u00e4nderungen bewirkt haben oder ob \u00c4nderungen erforderlich sind.<\/li>\n\n\n\n<li><strong>Interpretieren Sie die Ergebnisse mit kultureller Sensibilit\u00e4t:<\/strong> Um DEI-Marktforschungsdaten richtig zu analysieren, m\u00fcssen die kulturellen Nuancen und der Kontext ber\u00fccksichtigt werden. Um zu verhindern, dass kulturelle Faktoren angenommen und Vorurteile in die Forschung einbezogen werden, ist es notwendig, die Erfahrungen unterschiedlicher Einzelpersonen und Gemeinschaften mit kultureller Sensibilit\u00e4t genau widerzuspiegeln.<\/li>\n<\/ul>\n\n\n\n<h2 class=\"wp-block-heading\">Die Zukunft der Marktforschung zu Diversit\u00e4t, Gerechtigkeit und Inklusion<\/h2>\n\n\n\n<figure class=\"gb-block-image gb-block-image-6232ab5a\"><img loading=\"lazy\" decoding=\"async\" width=\"1456\" height=\"816\" class=\"gb-image gb-image-6232ab5a\" src=\"https:\/\/www.sisinternational.com\/wp-content\/uploads\/2025\/08\/Inclusion-diversity-1.jpg\" alt=\"SIS International Marktforschung &amp; Strategie\" title=\"Inclusion diversity (1)\" srcset=\"https:\/\/www.sisinternational.com\/wp-content\/uploads\/2025\/08\/Inclusion-diversity-1.jpg 1456w, https:\/\/www.sisinternational.com\/wp-content\/uploads\/2025\/08\/Inclusion-diversity-1-300x168.jpg 300w, https:\/\/www.sisinternational.com\/wp-content\/uploads\/2025\/08\/Inclusion-diversity-1-1024x574.jpg 1024w, https:\/\/www.sisinternational.com\/wp-content\/uploads\/2025\/08\/Inclusion-diversity-1-768x430.jpg 768w, https:\/\/www.sisinternational.com\/wp-content\/uploads\/2025\/08\/Inclusion-diversity-1-18x10.jpg 18w\" sizes=\"auto, (max-width: 1456px) 100vw, 1456px\"><\/figure>\n\n\n\n<p><\/p>\n\n\n\n<p>Da DEI in der Gesch\u00e4ftswelt immer mehr an Bedeutung gewinnt, wird die DEI-Marktforschung eine immer wichtigere Rolle dabei spielen, Unternehmen dabei zu helfen, die komplexen Dynamiken von Vielfalt, Gerechtigkeit und Inklusion zu verstehen und anzugehen. Folglich wird die Zukunft der DEI-Marktforschung wahrscheinlich von neuen Trends gepr\u00e4gt sein wie:<\/p>\n\n\n\n<ul class=\"wp-block-list\">\n<li><strong>Neue Trends und Herausforderungen:<\/strong> Die DEI-Marktforschung muss mit der sich rasch entwickelnden sozialen, wirtschaftlichen und politischen Landschaft sowie dem Aufkommen neuer Fragen und Herausforderungen im Bereich der sozialen Gerechtigkeit Schritt halten. Forscher m\u00fcssen \u00fcber diese Entwicklungen auf dem Laufenden bleiben und ihre Methoden und Ans\u00e4tze kontinuierlich anpassen, um relevant und effektiv zu bleiben.<\/li>\n\n\n\n<li><strong>Die Rolle der Technologie bei der F\u00f6rderung der DEI-Forschung:<\/strong> Technologische Fortschritte wie k\u00fcnstliche Intelligenz, maschinelles Lernen und Big-Data-Analysen ver\u00e4ndern die Art und Weise, wie Organisationen DEI-Daten sammeln, analysieren und interpretieren. Mit der Weiterentwicklung dieser Technologien wird die DEI-Marktforschung immer ausgefeilter, sodass Organisationen tiefere Einblicke gewinnen und gezieltere DEI-Strategien entwickeln k\u00f6nnen.<\/li>\n\n\n\n<li><strong>Der wachsende Bedarf an DEI-Marktforschung in verschiedenen Branchen:<\/strong> Da immer mehr Branchen die Bedeutung von DEI erkennen, wird die Nachfrage nach DEI-Marktforschung in verschiedenen Sektoren steigen. Forscher m\u00fcssen ma\u00dfgeschneiderte Ans\u00e4tze und Methoden entwickeln, die die einzigartigen Herausforderungen und Chancen jeder Branche ber\u00fccksichtigen.<\/li>\n\n\n\n<li><strong>Inclusive <\/strong><a href=\"https:\/\/www.sisinternational.com\/de\/sachverstand\/branchen\/kunststoff-marktforschung\/\" title=\"Kunststoffmarktforschung\"  data-wpil-monitor-id=\"3087\">research methods: DEI market<\/a> research will continue to prioritize intersectionality, recognizing that individuals&#8217; experiences are shaped by the intersection of multiple aspects of their identity. Researchers will need to adopt more inclusive research methods and approaches that capture the complexity of these experiences and ensure that all voices are heard and represented.<\/li>\n\n\n\n<li><strong>Integration von DEI in alle Aspekte des Gesch\u00e4fts:<\/strong> Da DEI immer tiefer in jeden Aspekt der Gesch\u00e4ftst\u00e4tigkeit integriert wird, wird die DEI-Marktforschung eine immer wichtigere Rolle bei der Entscheidungsfindung und Strategieentwicklung in allen Funktionen spielen, vom Talentmanagement bis hin zu Marketing und Produktentwicklung.<\/li>\n<\/ul>","protected":false},"excerpt":{"rendered":"<p>Um wettbewerbsf\u00e4hig zu bleiben und ihren Ruf zu sch\u00fctzen, m\u00fcssen Unternehmen heute der Marktforschung in den Bereichen Vielfalt, Gerechtigkeit und Inklusion Priorit\u00e4t einr\u00e4umen.<\/p>","protected":false},"author":1,"featured_media":64811,"parent":14514,"menu_order":289,"comment_status":"closed","ping_status":"closed","template":"","meta":{"footnotes":""},"class_list":["post-42625","page","type-page","status-publish","has-post-thumbnail"],"_links":{"self":[{"href":"https:\/\/www.sisinternational.com\/de\/wp-json\/wp\/v2\/pages\/42625","targetHints":{"allow":["GET"]}}],"collection":[{"href":"https:\/\/www.sisinternational.com\/de\/wp-json\/wp\/v2\/pages"}],"about":[{"href":"https:\/\/www.sisinternational.com\/de\/wp-json\/wp\/v2\/types\/page"}],"author":[{"embeddable":true,"href":"https:\/\/www.sisinternational.com\/de\/wp-json\/wp\/v2\/users\/1"}],"replies":[{"embeddable":true,"href":"https:\/\/www.sisinternational.com\/de\/wp-json\/wp\/v2\/comments?post=42625"}],"version-history":[{"count":9,"href":"https:\/\/www.sisinternational.com\/de\/wp-json\/wp\/v2\/pages\/42625\/revisions"}],"predecessor-version":[{"id":80753,"href":"https:\/\/www.sisinternational.com\/de\/wp-json\/wp\/v2\/pages\/42625\/revisions\/80753"}],"up":[{"embeddable":true,"href":"https:\/\/www.sisinternational.com\/de\/wp-json\/wp\/v2\/pages\/14514"}],"wp:featuredmedia":[{"embeddable":true,"href":"https:\/\/www.sisinternational.com\/de\/wp-json\/wp\/v2\/media\/64811"}],"wp:attachment":[{"href":"https:\/\/www.sisinternational.com\/de\/wp-json\/wp\/v2\/media?parent=42625"}],"curies":[{"name":"wp","href":"https:\/\/api.w.org\/{rel}","templated":true}]}}