{"id":42623,"date":"2023-05-01T15:11:26","date_gmt":"2023-05-01T19:11:26","guid":{"rendered":"https:\/\/www.sisinternational.com\/?page_id=42623"},"modified":"2026-01-25T18:15:26","modified_gmt":"2026-01-25T23:15:26","slug":"distributoren-marktforschung","status":"publish","type":"page","link":"https:\/\/www.sisinternational.com\/de\/sachverstand\/distributoren-marktforschung\/","title":{"rendered":"Distributoren-Marktforschung"},"content":{"rendered":"<h1 class=\"wp-block-heading\">Distributoren-Marktforschung<\/h1>\n\n\n\n<figure class=\"gb-block-image gb-block-image-4612a3f9\"><img loading=\"lazy\" decoding=\"async\" width=\"1456\" height=\"816\" class=\"gb-image gb-image-4612a3f9\" src=\"https:\/\/www.sisinternational.com\/wp-content\/uploads\/2025\/09\/Focus-group-4-14.jpg\" alt=\"SIS International Marktforschung &amp; Strategie\" title=\"Focus group 4 (14)\" srcset=\"https:\/\/www.sisinternational.com\/wp-content\/uploads\/2025\/09\/Focus-group-4-14.jpg 1456w, https:\/\/www.sisinternational.com\/wp-content\/uploads\/2025\/09\/Focus-group-4-14-300x168.jpg 300w, https:\/\/www.sisinternational.com\/wp-content\/uploads\/2025\/09\/Focus-group-4-14-1024x574.jpg 1024w, https:\/\/www.sisinternational.com\/wp-content\/uploads\/2025\/09\/Focus-group-4-14-768x430.jpg 768w, https:\/\/www.sisinternational.com\/wp-content\/uploads\/2025\/09\/Focus-group-4-14-18x10.jpg 18w\" sizes=\"auto, (max-width: 1456px) 100vw, 1456px\"><\/figure>\n\n\n\n<p><\/p>\n\n\n\n<p>Da der globale Markt immer wettbewerbsintensiver wird, kann die Bedeutung der Marktforschung bei Vertriebsh\u00e4ndlern nicht untersch\u00e4tzt werden. Sie ist ein entscheidendes Instrument f\u00fcr Unternehmen, die ihre Reichweite vergr\u00f6\u00dfern und langfristigen Erfolg erzielen m\u00f6chten.<\/p>\n\n\n\n<p>Mithilfe der Marktforschung f\u00fcr Vertriebsh\u00e4ndler k\u00f6nnen Unternehmen daher Wachstumschancen erkennen, das Wettbewerbsumfeld bewerten und auf der Grundlage datengesteuerter Erkenntnisse fundierte Entscheidungen \u00fcber Vertriebskan\u00e4le und -partner treffen.<\/p>\n\n\n\n<h2 class=\"wp-block-heading\">Marktforschung bei Distributoren verstehen<\/h2>\n\n\n\n<p>Die Marktforschung f\u00fcr Vertriebsh\u00e4ndler ist ein systematischer Prozess zum Sammeln, Analysieren und Interpretieren von Daten im Zusammenhang mit dem Vertrieb der Produkte oder Dienstleistungen eines Unternehmens. Diese Forschung hilft Unternehmen, fundierte Entscheidungen \u00fcber ihre Vertriebsstrategien zu treffen, neue M\u00f6glichkeiten zu erkennen und ihre Vertriebsnetze zu optimieren. Um die Marktforschung f\u00fcr Vertriebsh\u00e4ndler zu verstehen, ist es wichtig, diese Schl\u00fcsselelemente zu untersuchen:<\/p>\n\n\n\n<ul class=\"wp-block-list\">\n<li><strong>Marktanalyse:<\/strong> An in-depth examination of the target market and its potential for growth, prevalent trends, and consumer behavior empower enterprises to identify prospects, gain new <a href=\"https:\/\/www.sisinternational.com\/de\/global-beverage-market\/\" title=\"Global Beverage Market: Market Dynamics, Growth Projections &amp; Consumer Insights\"  data-wpil-monitor-id=\"9504\">insights into the market dynamics<\/a> and reconfigure their distribution strategies.<\/li>\n\n\n\n<li><strong>Wettbewerbsanalyse:<\/strong> Dazu ist eine sorgf\u00e4ltige Analyse des Wettbewerbsumfelds erforderlich, die eine Bewertung der Marktanteile, der Vertriebskan\u00e4le sowie der St\u00e4rken und Schw\u00e4chen der Konkurrenz umfasst.<\/li>\n\n\n\n<li><strong>H\u00e4ndleridentifikation und -bewertung:<\/strong> Bei der Marktforschung f\u00fcr Vertriebspartner geht es darum, vielversprechende Vertriebspartner zu identifizieren und deren Zuverl\u00e4ssigkeit und Kompatibilit\u00e4t mit den Grunds\u00e4tzen und Zielen des Unternehmens gr\u00fcndlich zu bewerten. Mit diesem systematischen Ansatz k\u00f6nnen Unternehmen ein robustes Vertriebsnetzwerk aufbauen, das ihre Expansion f\u00f6rdert.<\/li>\n\n\n\n<li><strong>Leistungs\u00fcberwachung und -bewertung:<\/strong> Mithilfe von Marktforschung bei Vertriebsh\u00e4ndlern k\u00f6nnen Unternehmen wichtige Leistungskennzahlen genau \u00fcberwachen, Aufstiegsm\u00f6glichkeiten erkennen und Allianzen mit Vertriebsh\u00e4ndlern st\u00e4rken.<\/li>\n<\/ul>\n\n\n\n<h2 class=\"wp-block-heading\">Bedeutung der Distributoren-Marktforschung f\u00fcr Unternehmen<\/h2>\n\n\n\n<p>By conducting distributor market research, <a href=\"https:\/\/www.sisinternational.com\/de\/veroffentlichungen\/skalierbare-geschaftsmarktforschung-7-moglichkeiten-zum-aufbau-eines-skalierbaren-geschafts\/\" title=\"Marktforschung f\u00fcr skalierbare Unternehmen: 7 M\u00f6glichkeiten zum Aufbau eines skalierbaren Unternehmens\"  data-wpil-monitor-id=\"9508\">businesses can better understand market<\/a> dynamics, assess the competitive landscape, and make informed decisions about their distribution strategies. Here are some key reasons why distributor market research is essential for businesses:<\/p>\n\n\n\n<ul class=\"wp-block-list\">\n<li>Durch Marktforschung k\u00f6nnen Unternehmen neue Marktsegmente, ungenutzte Vertriebskan\u00e4le und neue M\u00e4rkte entdecken.<\/li>\n\n\n\n<li>Durch die Nutzung der Marktforschung der Vertriebsh\u00e4ndler k\u00f6nnen Unternehmen gezielte Strategien entwickeln, mit denen sie die Schwachstellen ihrer Konkurrenten wirksam ausnutzen und sich auf dem Markt profilieren.<\/li>\n\n\n\n<li>Durch die Durchf\u00fchrung von Marktforschung gewinnen Unternehmen, die ihre Vertriebskan\u00e4le optimieren m\u00f6chten, wertvolle, datenbasierte Erkenntnisse.<\/li>\n\n\n\n<li>It enables companies to effectively <a href=\"https:\/\/www.sisinternational.com\/de\/sachverstand\/branchen\/trendtracking-marktforschung\/\" title=\"Trend Tracking Marktforschung\"  data-wpil-monitor-id=\"9501\">track market trends<\/a>, determine customer preferences and keep abreast of any changes in the competitive landscape.<\/li>\n\n\n\n<li>Durch Investitionen in die Marktforschung bei Vertriebsh\u00e4ndlern k\u00f6nnen Unternehmen wertvolle Einblicke in die Branche, ihre Kunden und potenziellen Partner gewinnen.<\/li>\n\n\n\n<li>Mithilfe dieser Recherche k\u00f6nnen Unternehmen die am besten geeigneten Vertriebsh\u00e4ndler anhand von Faktoren wie Gr\u00f6\u00dfe, geografischer Reichweite und Produktspezialisierung identifizieren und ausw\u00e4hlen. Dies gew\u00e4hrleistet die Optimierung der Vertriebskan\u00e4le und eine bessere Ausrichtung auf die Unternehmensziele.<\/li>\n\n\n\n<li>Marktforschung \u00fcber Vertriebsh\u00e4ndler kann die Kommunikation und das Verst\u00e4ndnis zwischen Unternehmen und ihren Vertriebspartnern verbessern. Dies ebnet den Weg f\u00fcr den Aufbau stabiler Beziehungen, die F\u00f6rderung gemeinsamer Probleml\u00f6sungen und die F\u00f6rderung von Innovationen.<\/li>\n<\/ul>\n\n\n\n<h2 class=\"wp-block-heading\">So nutzen Sie die Marktforschung von Distributoren<\/h2>\n\n\n\n<h3 class=\"wp-block-heading\">Um die gebotenen Chancen voll auszusch\u00f6pfen, sollten Unternehmen:<\/h3>\n\n\n\n<ul class=\"wp-block-list\">\n<li><strong>Investieren Sie in die Datenerfassung und -analyse:<\/strong> Sammeln und analysieren Sie relevante Daten aus mehreren Quellen wie Verbraucherumfragen, Verkaufsberichten und Branchenberichten, um Trends und Chancen zu erkennen.<\/li>\n\n\n\n<li><strong>Arbeiten Sie mit einem zuverl\u00e4ssigen Marktforschungsunternehmen zusammen:<\/strong> Um die Genauigkeit und Zuverl\u00e4ssigkeit der erfassten Daten sowie der daraus gezogenen Schlussfolgerungen zu gew\u00e4hrleisten, ist die Zusammenarbeit mit einem etablierten Marktforschungsinstitut zwingend erforderlich.<\/li>\n\n\n\n<li><strong>Implementieren Sie einen kontinuierlichen Lernprozess:<\/strong> To <a href=\"https:\/\/www.sisinternational.com\/de\/losungen\/innovation\/wie-man-ein-unternehmen-skaliert\/\" title=\"So skalieren Sie ein Unternehmen | Exponentielles Wachstum erreichen\"  data-wpil-monitor-id=\"9505\">achieve business growth<\/a>, it is crucial to incorporate new findings and insights into distribution strategies regularly. This proactive and adaptive approach ensures that businesses stay ahead of the curve and maintain a competitive edge.<\/li>\n\n\n\n<li><strong>Pflegen Sie enge Beziehungen zu Vertriebspartnern:<\/strong> Um sicherzustellen, dass Daten und Erkenntnisse effektiv ausgetauscht werden, ist es wichtig, eine transparente Kommunikation und Zusammenarbeit mit Vertriebspartnern aufzubauen und aufrechtzuerhalten. Dies f\u00f6rdert eine synergetische Beziehung, in der beide Parteien ihre St\u00e4rken nutzen k\u00f6nnen, um gemeinsamen Erfolg zu erzielen.<\/li>\n<\/ul>\n\n\n\n<h2 class=\"wp-block-heading\">Wichtige Chancen<\/h2>\n\n\n\n<h3 class=\"wp-block-heading\">Durch die Durchf\u00fchrung von Marktforschung bei Vertriebsh\u00e4ndlern k\u00f6nnen Unternehmen unz\u00e4hlige M\u00f6glichkeiten erschlie\u00dfen, darunter:<\/h3>\n\n\n\n<ul class=\"wp-block-list\">\n<li><strong>Identifying <\/strong><a href=\"https:\/\/www.sisinternational.com\/de\/veroffentlichungen\/kauferverhalten-nach-corona-neue-verbraucher\/\" title=\"K\u00e4uferverhalten nach Corona \u2013 Verbrauchermarktforschung\"  data-wpil-monitor-id=\"9506\">market trends and opportunities: Exploring consumer behavior<\/a> patterns, demographics, and purchasing habits can offer businesses an opportunity to identify current market trends and leverage novel opportunities.<\/li>\n\n\n\n<li><strong>Optimierung der Vertriebskan\u00e4le:<\/strong> Die Durchf\u00fchrung von Marktforschungen \u00fcber Vertriebsh\u00e4ndler kann sich f\u00fcr Unternehmen als \u00e4u\u00dferst vorteilhaft erweisen, die die am besten geeigneten Vertriebskan\u00e4le und -partner ermitteln m\u00f6chten. Dies kann zur Rationalisierung ihrer Lieferketten beitragen und letztendlich zu mehr Effizienz und geringeren Kosten f\u00fchren.<\/li>\n\n\n\n<li><strong>Wettbewerbsvorteile erzielen:<\/strong> By leveraging this information, businesses can gain a competitive edge in the market and enhance their overall market position. Additionally, distributor market research can help businesses identify new opportunities and potential growth areas, enabling them to expand their <a href=\"https:\/\/www.sisinternational.com\/de\/sachverstand\/branchen\/baumarkt-marktforschung\/\" title=\"Marktforschung f\u00fcr Baum\u00e4rkte und Heimwerkerbedarf\"  data-wpil-monitor-id=\"9507\">market reach and improve<\/a> their bottom line.<\/li>\n\n\n\n<li><a href=\"https:\/\/www.sisinternational.com\/de\/erweiterung-der-marktreichweite-durch-eine-vielschichtige-marketingstrategie\/\" title=\"Erweiterung der Marktreichweite durch eine vielschichtige Marketingstrategie\"  data-wpil-monitor-id=\"9502\">Expanding market reach: By identifying potential new markets and distribution channels, distributor market research can aid businesses in expanding their reach<\/a> and tapping into untapped markets, ultimately driving growth and revenue.<\/li>\n\n\n\n<li><strong>Verbesserung des Kundenerlebnisses:<\/strong> Um gesch\u00e4ftlichen Erfolg zu erzielen, ist ein tiefes Verst\u00e4ndnis der Bed\u00fcrfnisse und Vorlieben der Kunden erforderlich. Durch Marktforschung k\u00f6nnen H\u00e4ndler wertvolle Erkenntnisse \u00fcber die Erwartungen ihrer Kunden gewinnen.<\/li>\n<\/ul>\n\n\n\n<h2 class=\"wp-block-heading\">Herausforderungen<\/h2>\n\n\n\n<ul class=\"wp-block-list\">\n<li><strong>Fragmentierte M\u00e4rkte:<\/strong> Die Vertriebsbranche ist durch einen hohen Grad an Fragmentierung gekennzeichnet. Es ist \u00fcblich, dass zahlreiche kleine und mittlere Unternehmen im Verbund mit gro\u00dfen Konzernen agieren. Diese komplexe Landschaft stellt hinsichtlich der Datenerfassung, -analyse und Trenderkennung erhebliche Herausforderungen dar. Daher kann es sich als ziemlich schwierig erweisen, umfassende und pr\u00e4zise Informationen \u00fcber den Sektor zu erhalten.<\/li>\n\n\n\n<li><strong>Eingeschr\u00e4nkter Zugang zu Informationen:<\/strong> <a href=\"https:\/\/www.sisinternational.com\/de\/abdeckung\/marktforschung-asien\/grosenanalyse-des-asiatischen-marktes\/\" title=\"Asiatische Marktlandschaft und Gr\u00f6\u00dfenforschung\"  data-wpil-monitor-id=\"9503\">Researching market size<\/a>, competition, and customer preferences can be a challenge for many analysts due to the confidentiality practices of distributors. Oftentimes, distributors opt to keep their business information private, making it difficult for researchers to obtain accurate data.<\/li>\n\n\n\n<li><strong>Hoher Wettbewerb und schnelle Ver\u00e4nderungen:<\/strong> Das dynamische Vertriebsumfeld ist weithin f\u00fcr seine starke Rivalit\u00e4t und raschen Ver\u00e4nderungen bekannt, was dazu f\u00fchren kann, dass Marktforschung in k\u00fcrzester Zeit veraltet ist.<\/li>\n\n\n\n<li><strong>Geografische und kulturelle Unterschiede:<\/strong> Bei der Untersuchung von Vertriebsm\u00e4rkten muss man bedenken, dass sie stark von Standort- und Kulturfaktoren beeinflusst werden. Um genaue Ergebnisse zu erzielen, m\u00fcssen Forscher ihre Methoden so anpassen, dass diese Nuancen ber\u00fccksichtigt werden und die einzigartigen Merkmale jedes lokalen Marktes ber\u00fccksichtigt werden.<\/li>\n\n\n\n<li><strong>Regulatorische und rechtliche Hindernisse:<\/strong> Researchers need to stay informed of the varying regulations that impact <a href=\"https:\/\/www.sisinternational.com\/de\/abdeckung\/marktforschung-asien\/marktforschung-in-timor\/\" title=\"Marktforschung in Timor\"  data-wpil-monitor-id=\"4747\">distributor<\/a> markets across different countries and regions. They can ensure that their research adheres to local laws and guidelines. Researchers must be mindful of these differences to avoid any legal complications and ensure the ethical conduct of their research.<\/li>\n\n\n\n<li><strong>Vertrauen und Glaubw\u00fcrdigkeit aufbauen:<\/strong> Um effektive Marktforschung betreiben zu k\u00f6nnen, ist es entscheidend, Vertrauen und Glaubw\u00fcrdigkeit bei den H\u00e4ndlern aufzubauen. Forscher m\u00fcssen ihr Fachwissen unter Beweis stellen und zeigen, dass sie die besonderen Herausforderungen und Chancen verstehen, denen H\u00e4ndler in ihren jeweiligen Branchen gegen\u00fcberstehen.<\/li>\n\n\n\n<li><strong>Zeit- und Ressourcenbeschr\u00e4nkungen:<\/strong> Die Durchf\u00fchrung einer umfassenden Marktforschung bei Vertriebsh\u00e4ndlern kann zeitaufw\u00e4ndig sein und erhebliche Ressourcen erfordern. Die Forscher m\u00fcssen den Bedarf an umfassenden Informationen mit den Einschr\u00e4nkungen von Zeit und Budget in Einklang bringen.<\/li>\n<\/ul>\n\n\n\n<p>SIS International bietet quantitative, qualitative und strategische Forschung an. Wir liefern Daten, Tools, Strategien, Berichte und Erkenntnisse zur Entscheidungsfindung. Wir f\u00fchren Interviews, Umfragen, Fokusgruppen und viele andere Methoden und Ans\u00e4tze der Marktforschung durch. Kontaktieren Sie uns f\u00fcr Ihr n\u00e4chstes Marktforschungsprojekt.<\/p>","protected":false},"excerpt":{"rendered":"<p>Mithilfe der Distributoren-Marktforschung k\u00f6nnen Unternehmen Wachstumschancen erkennen und \u00fcber Vertriebskan\u00e4le und -partner entscheiden.<\/p>","protected":false},"author":1,"featured_media":66901,"parent":14514,"menu_order":288,"comment_status":"closed","ping_status":"closed","template":"","meta":{"footnotes":""},"class_list":["post-42623","page","type-page","status-publish","has-post-thumbnail"],"_links":{"self":[{"href":"https:\/\/www.sisinternational.com\/de\/wp-json\/wp\/v2\/pages\/42623","targetHints":{"allow":["GET"]}}],"collection":[{"href":"https:\/\/www.sisinternational.com\/de\/wp-json\/wp\/v2\/pages"}],"about":[{"href":"https:\/\/www.sisinternational.com\/de\/wp-json\/wp\/v2\/types\/page"}],"author":[{"embeddable":true,"href":"https:\/\/www.sisinternational.com\/de\/wp-json\/wp\/v2\/users\/1"}],"replies":[{"embeddable":true,"href":"https:\/\/www.sisinternational.com\/de\/wp-json\/wp\/v2\/comments?post=42623"}],"version-history":[{"count":5,"href":"https:\/\/www.sisinternational.com\/de\/wp-json\/wp\/v2\/pages\/42623\/revisions"}],"predecessor-version":[{"id":81586,"href":"https:\/\/www.sisinternational.com\/de\/wp-json\/wp\/v2\/pages\/42623\/revisions\/81586"}],"up":[{"embeddable":true,"href":"https:\/\/www.sisinternational.com\/de\/wp-json\/wp\/v2\/pages\/14514"}],"wp:featuredmedia":[{"embeddable":true,"href":"https:\/\/www.sisinternational.com\/de\/wp-json\/wp\/v2\/media\/66901"}],"wp:attachment":[{"href":"https:\/\/www.sisinternational.com\/de\/wp-json\/wp\/v2\/media?parent=42623"}],"curies":[{"name":"wp","href":"https:\/\/api.w.org\/{rel}","templated":true}]}}