{"id":42620,"date":"2023-05-01T13:12:33","date_gmt":"2023-05-01T17:12:33","guid":{"rendered":"https:\/\/www.sisinternational.com\/?page_id=42620"},"modified":"2026-01-25T19:08:21","modified_gmt":"2026-01-26T00:08:21","slug":"dip-sauce-marktforschung","status":"publish","type":"page","link":"https:\/\/www.sisinternational.com\/de\/sachverstand\/dip-sauce-marktforschung\/","title":{"rendered":"Marktforschung f\u00fcr Dip-Saucen"},"content":{"rendered":"<h1 class=\"wp-block-heading\">Marktforschung f\u00fcr Dip-Saucen<\/h1>\n\n\n\n<figure class=\"gb-block-image gb-block-image-0fa77bf1\"><img loading=\"lazy\" decoding=\"async\" width=\"1456\" height=\"816\" class=\"gb-image gb-image-0fa77bf1\" src=\"https:\/\/www.sisinternational.com\/wp-content\/uploads\/2025\/10\/Dipping-sauce-1.jpg\" alt=\"SIS International Marktforschung &amp; Strategie\" title=\"Dipping sauce (1)\" srcset=\"https:\/\/www.sisinternational.com\/wp-content\/uploads\/2025\/10\/Dipping-sauce-1.jpg 1456w, https:\/\/www.sisinternational.com\/wp-content\/uploads\/2025\/10\/Dipping-sauce-1-300x168.jpg 300w, https:\/\/www.sisinternational.com\/wp-content\/uploads\/2025\/10\/Dipping-sauce-1-1024x574.jpg 1024w, https:\/\/www.sisinternational.com\/wp-content\/uploads\/2025\/10\/Dipping-sauce-1-768x430.jpg 768w, https:\/\/www.sisinternational.com\/wp-content\/uploads\/2025\/10\/Dipping-sauce-1-18x10.jpg 18w\" sizes=\"auto, (max-width: 1456px) 100vw, 1456px\"><\/figure>\n\n\n\n<p><\/p>\n\n\n\n<h2 class=\"wp-block-heading\">Marktforschungs\u00fcbersicht zu Dip-Saucen<\/h2>\n\n\n\n<p>Die Marktforschung f\u00fcr Dip-Saucen liefert Erkenntnisse und strategische Vorteile, die Unternehmen dabei helfen, in der wettbewerbsintensiven und sich st\u00e4ndig weiterentwickelnden Saucenbranche erfolgreich zu sein. Die Dip-Saucen-Branche ist Teil des breiteren Marktes f\u00fcr Gew\u00fcrze und Saucen, der verschiedene Arten von Saucen, Dressings und W\u00fcrzmitteln umfasst, die verwendet werden, um Lebensmitteln Geschmack zu verleihen. Insbesondere Dip-Saucen sind typischerweise dicke oder halbdicke Saucen, die neben Lebensmitteln zum Dippen serviert werden, wie Snacks, Vorspeisen, Fingerfood und Hauptgerichten. Dip-Saucen sind in einer Vielzahl von K\u00fcchen beliebt und werden h\u00e4ufig in Fast Food, Casual Dining und Hausmannskost verwendet.<\/p>\n\n\n\n<h2 class=\"wp-block-heading\">Marktforschungssegmentierung f\u00fcr Dip-Saucen<\/h2>\n\n\n\n<h3 class=\"wp-block-heading\">Die Dip-Saucen-Industrie kann nach mehreren Faktoren segmentiert werden. Hier sind einige verschiedene Produkttypen, die in der Dip-Saucen-Industrie zu finden sind:<\/h3>\n\n\n\n<ul class=\"wp-block-list\">\n<li>Klassische Geschmacksrichtungen wie Ranch-Dressing, Ketchup, Mayonnaise, Senf und Barbecueso\u00dfe.<\/li>\n\n\n\n<li>Spezialgeschmacksrichtungen wie Knoblauch-Aioli, Chipotle, s\u00fc\u00df-sauer, Teriyaki und s\u00fc\u00df-sauer.<\/li>\n\n\n\n<li>Ethnische Aromen wie Hummus, Tzatziki, Pflaumensauce, Sojasauce und Hoisinsauce.<\/li>\n\n\n\n<li>Dips aus Milchprodukten \u2013 K\u00e4sedips, Joghurtdips, Sauerrahmdips usw.<\/li>\n\n\n\n<li>Vegane\/pflanzliche Dips, wie veganes Ranch-Dressing, vegane Mayo und veganes Hummus.<\/li>\n\n\n\n<li>Gesundheitsbewusste Dips, z. B. fettarm, natriumarm, biologisch, glutenfrei, allergenfrei usw.<\/li>\n\n\n\n<li>Dips auf Fruchtbasis, wie etwa Fruchtjoghurt-Dips, Fruchtsalsa und Fruchtchutney.<\/li>\n\n\n\n<li>Dessert-Dips, wie Schokoladen-, Karamell- und Keksbutter-Dips.<\/li>\n\n\n\n<li>Scharfe\/scharfe Saucen, wie beispielsweise Dips mit Jalape\u00f1os oder scharfer Sauce.<\/li>\n\n\n\n<li>Saisonale oder limitierte Dips, wie etwa Preiselbeerso\u00dfe und K\u00fcrbisgew\u00fcrz-Dips.<\/li>\n\n\n\n<li>Als Private-Label- oder ma\u00dfgefertigte Dips werden Dips bezeichnet, die unter der Marke eines bestimmten Einzelh\u00e4ndlers oder Restaurants und nach einzigartigen Rezepturen hergestellt werden.<\/li>\n<\/ul>\n\n\n\n<p>It&#8217;s important to note that these segments may overlap or vary depending on the specific <a href=\"https:\/\/www.sisinternational.com\/de\/veroffentlichungen\/kauferverhalten-nach-corona-neue-verbraucher\/\" title=\"K\u00e4uferverhalten nach Corona \u2013 Verbrauchermarktforschung\"  data-wpil-monitor-id=\"9826\">market and consumer<\/a> preferences. Data and strategies in Dipping Sauce Market Research will help significant players understand the various segments in the Dipping Sauce industry. This can help <a href=\"https:\/\/www.sisinternational.com\/de\/losungen\/fintech-strategieberatung-forschung\/betriebsunterbrechungsversicherung-marktforschung-strategieberatung\/\" title=\"Marktforschung und Strategieberatung zur Betriebsunterbrechungsversicherung\"  data-wpil-monitor-id=\"9824\">businesses tailor their marketing strategies<\/a>, product development, and packaging options to meet the unique needs and likings of different customer groups.<\/p>\n\n\n\n<h2 class=\"wp-block-heading\">Vorteile der Marktforschung zu Dip-Saucen<\/h2>\n\n\n\n<figure class=\"gb-block-image gb-block-image-75ff09d3\"><img loading=\"lazy\" decoding=\"async\" width=\"1456\" height=\"816\" class=\"gb-image gb-image-75ff09d3\" src=\"https:\/\/www.sisinternational.com\/wp-content\/uploads\/2025\/10\/Dipping-sauce-2.jpg\" alt=\"SIS International Marktforschung &amp; Strategie\" title=\"Dipping sauce (2)\" srcset=\"https:\/\/www.sisinternational.com\/wp-content\/uploads\/2025\/10\/Dipping-sauce-2.jpg 1456w, https:\/\/www.sisinternational.com\/wp-content\/uploads\/2025\/10\/Dipping-sauce-2-300x168.jpg 300w, https:\/\/www.sisinternational.com\/wp-content\/uploads\/2025\/10\/Dipping-sauce-2-1024x574.jpg 1024w, https:\/\/www.sisinternational.com\/wp-content\/uploads\/2025\/10\/Dipping-sauce-2-768x430.jpg 768w, https:\/\/www.sisinternational.com\/wp-content\/uploads\/2025\/10\/Dipping-sauce-2-18x10.jpg 18w\" sizes=\"auto, (max-width: 1456px) 100vw, 1456px\"><\/figure>\n\n\n\n<p><\/p>\n\n\n\n<p>Dipping Sauce Market Research provides insights that help businesses in the industry gain a competitive edge. Here are the main benefits of gathering data and strategies in <a href=\"https:\/\/www.sisinternational.com\/de\/abdeckung\/die-amerikaner\/usa-berichterstattung\/marktforschung-in-maine\/\" title=\"Marktforschung in Maine\"  data-wpil-monitor-id=\"5419\">Marktforschung f\u00fcr Dip-Saucen<\/a> for any major player in the industry-<\/p>\n\n\n\n<p><strong>Interkulturelle Vorlieben erkunden<\/strong><\/p>\n\n\n\n<p>Auf der ganzen Welt sind Dip-Saucen in einer Vielzahl von K\u00fcchen und Kulturen \u00fcblich. Marktforschung kann Aufschluss \u00fcber kultur\u00fcbergreifende Dip-Saucen-Vorlieben geben, wie etwa Geschmacksprofile, bevorzugte Zutaten oder Verwendungstrends. Dies kann Unternehmen der Dip-Saucen-Industrie dabei helfen, regional oder kulturell spezifische Dip-Saucen-Angebote zu schaffen, die eine Vielzahl von Verbrauchergeschm\u00e4ckern und -pr\u00e4ferenzen in verschiedenen Bereichen ansprechen.<\/p>\n\n\n\n<p><strong>Marktchancen erkennen<\/strong><\/p>\n\n\n\n<p>In der Dip-Saucen-Branche kann die Marktforschung ungenutzte Marktchancen aufdecken. Durch die Analyse von Markttrends, Angeboten der Konkurrenz und Kundenfeedback k\u00f6nnen Sie Marktl\u00fccken identifizieren, die ausgenutzt werden k\u00f6nnen, um innovative Dip-Saucen-Produkte oder Marketingkampagnen zu entwickeln. Dies kann Unternehmen dabei helfen, wettbewerbsf\u00e4hig zu bleiben und einen gr\u00f6\u00dferen Marktanteil zu erobern.<\/p>\n\n\n\n<p><strong><a href=\"https:\/\/www.sisinternational.com\/de\/losungen\/branding-und-kundenforschungslosungen\/produkttests-marktforschung\/new-product-concept-testing-methods\/\" title=\"New Product Concept Testing Methods\"  data-wpil-monitor-id=\"9820\">Testen von Produktkonzepten<\/a><\/strong><\/p>\n\n\n\n<p>Before launching a new dipping sauce product, it is necessary to evaluate its viability with the target market. Through concept testing, taste tests, and mock trials, data and <a href=\"https:\/\/www.sisinternational.com\/de\/losungen\/sis-globales-wachstum\/strategieberatung-fur-schwellenmarkte\/\" title=\"Strategieberatung f\u00fcr Schwellenm\u00e4rkte\"  data-wpil-monitor-id=\"9827\">strategies in Dipping Sauce Market<\/a> can help garner feedback on product concepts, flavors, packaging, and pricing options. This can provide valuable insights into <a href=\"https:\/\/www.sisinternational.com\/de\/73903-2\/\" title=\"Turn Consumer Flavor Preferences Into Winning Products\"  data-wpil-monitor-id=\"9823\">consumer preferences and assist in refining product<\/a> offerings in order to increase the likelihood of market success.<\/p>\n\n\n\n<p><strong>Beurteilung der Markenwahrnehmung<\/strong><\/p>\n\n\n\n<p>Bevor ein neues Dip-Saucen-Produkt auf den Markt gebracht wird, muss seine Rentabilit\u00e4t ermittelt werden. Durch Konzepttests, Geschmackstests und simulierte Versuche k\u00f6nnen Daten und Strategien zum Dip-Saucen-Markt dabei helfen, Feedback zu Produktkonzepten, Geschmacksrichtungen, Verpackungen und Preisalternativen zu sammeln. Dies kann wertvolle Einblicke in die Verbraucherpr\u00e4ferenzen liefern und dabei helfen, Produktangebote zu verfeinern, um die Wahrscheinlichkeit eines Markterfolgs zu erh\u00f6hen.<\/p>\n\n\n\n<p><strong>Neue Geschmackstrends erkennen<\/strong><\/p>\n\n\n\n<p>Die Marktforschung f\u00fcr Dip-Saucen liefert Erkenntnisse, die bei der Identifizierung neuer Geschmackstrends in der Branche helfen k\u00f6nnen. Indem die Marktforschung \u00fcber Verbraucherpr\u00e4ferenzen, kulinarische Trends und Geschmacksinnovationen auf dem Laufenden bleibt, kann sie einzigartige Geschmacksprofile identifizieren, die m\u00f6glicherweise noch nicht \u00fcberall auf dem Markt erh\u00e4ltlich sind. Dies kann Unternehmen einen fr\u00fchen Vorteil bei der Entwicklung neuer und innovativer Dip-Saucen-Geschm\u00e4cker verschaffen, die die Aufmerksamkeit der Verbraucher erregen und die Nachfrage anregen k\u00f6nnen.<\/p>\n\n\n\n<h2 class=\"wp-block-heading\">Top-Unternehmen<\/h2>\n\n\n\n<p>The Dipping Sauce industry is extremely competitive, with numerous participants operating on a range of scales, from multinational corporations to local or regional brands. On the basis of their market presence, brand recognition, and market share, the following <a href=\"https:\/\/www.sisinternational.com\/de\/top-branchenanalyseunternehmen-in-new-york\/\" title=\"Top-Unternehmen f\u00fcr Branchenanalysen in NY\"  data-wpil-monitor-id=\"9822\">companies are among the industry&#8217;s top<\/a> leaders:<\/p>\n\n\n\n<ul class=\"wp-block-list\">\n<li>Cholula Lebensmittelunternehmen<\/li>\n\n\n\n<li>Conagra Brands Inc.<\/li>\n\n\n\n<li>Del Monte Foods, Inc.<\/li>\n\n\n\n<li>Dr. Oetker GmbH<\/li>\n\n\n\n<li>Frito-Lay, Inc. (eine Tochtergesellschaft von PepsiCo, Inc.)<\/li>\n\n\n\n<li>General Mills Inc.<\/li>\n\n\n\n<li>McCormick &amp; Company, Inc.<\/li>\n\n\n\n<li>Nestl\u00e9 SA<\/li>\n\n\n\n<li>Die Clorox Company<\/li>\n\n\n\n<li>Die Hain Celestial Group, Inc.<\/li>\n\n\n\n<li>Die Kraft Heinz Company<\/li>\n\n\n\n<li>Unilever-Gruppe<\/li>\n\n\n\n<li>Yihai International Holding Ltd<\/li>\n<\/ul>\n\n\n\n<p>F\u00fcr Unternehmen ist es von entscheidender Bedeutung, die wichtigsten Akteure in der Dip-Saucen-Branche zu kennen, denn dadurch k\u00f6nnen sie das Wettbewerbsumfeld verstehen, sich mit den Branchenf\u00fchrern vergleichen und potenzielle Kooperations- oder Partnerschaftsm\u00f6glichkeiten erkennen, um wettbewerbsf\u00e4hig zu bleiben und \u00fcber den Markt informiert zu sein.<\/p>\n\n\n\n<h2 class=\"wp-block-heading\">Wachstumsfaktoren<\/h2>\n\n\n\n<figure class=\"gb-block-image gb-block-image-e4b6aff4\"><img loading=\"lazy\" decoding=\"async\" width=\"1456\" height=\"816\" class=\"gb-image gb-image-e4b6aff4\" src=\"https:\/\/www.sisinternational.com\/wp-content\/uploads\/2025\/10\/Dipping-sauce-3.jpg\" alt=\"SIS International Marktforschung &amp; Strategie\" title=\"Dipping sauce (3)\" srcset=\"https:\/\/www.sisinternational.com\/wp-content\/uploads\/2025\/10\/Dipping-sauce-3.jpg 1456w, https:\/\/www.sisinternational.com\/wp-content\/uploads\/2025\/10\/Dipping-sauce-3-300x168.jpg 300w, https:\/\/www.sisinternational.com\/wp-content\/uploads\/2025\/10\/Dipping-sauce-3-1024x574.jpg 1024w, https:\/\/www.sisinternational.com\/wp-content\/uploads\/2025\/10\/Dipping-sauce-3-768x430.jpg 768w, https:\/\/www.sisinternational.com\/wp-content\/uploads\/2025\/10\/Dipping-sauce-3-18x10.jpg 18w\" sizes=\"auto, (max-width: 1456px) 100vw, 1456px\"><\/figure>\n\n\n\n<p><\/p>\n\n\n\n<p>Es gibt mehrere wichtige Wachstumsfaktoren auf dem Markt f\u00fcr Dip-Saucen. Die Faktoren, die seine Expansion vorantreiben und Chancen f\u00fcr Unternehmen in der Branche schaffen, sind folgende:<\/p>\n\n\n\n<ul class=\"wp-block-list\">\n<li>Die Nachfrage der Verbraucher nach abwechslungsreichen Geschmacksrichtungen, besonderen Kombinationen und hochwertigen Zutaten steigt.<\/li>\n\n\n\n<li>Ver\u00e4nderte Essgewohnheiten und kulinarische Trends wie Snacks und selbst gekochte Mahlzeiten.<\/li>\n\n\n\n<li>Wachsende Vorliebe f\u00fcr ethnische und internationale K\u00fcche.<\/li>\n\n\n\n<li>\u00dcberlegungen zu Gesundheit und Wohlbefinden, wie fettarme, natriumarme, zuckerarme, biologische und pflanzliche Optionen.<\/li>\n\n\n\n<li>Bequemer und unterwegs verzehrbarer Snack, Take-away-Mahlzeiten und Fertiggerichte<\/li>\n\n\n\n<li>Entdeckung innovativer und unverwechselbarer Geschmacksprofile, um neugierige Verbraucher anzusprechen.<\/li>\n\n\n\n<li>Rising demand in the <a href=\"https:\/\/www.sisinternational.com\/de\/lebensmittelindustrie\/\" title=\"Spotlight auf die Foodservice-Branche 2011\"  data-wpil-monitor-id=\"9821\">food service and hospitality industries<\/a>.<\/li>\n\n\n\n<li>Einfacher Zugriff auf E-Commerce und Online-Vertriebskan\u00e4le f\u00fcr eine gro\u00dfe Auswahl an Dip-Saucen.<\/li>\n<\/ul>\n\n\n\n<p>These factors contribute to the expansion of the market for dipping sauces and present opportunities for companies operating in this industry. Understanding these factors and incorporating them into <a href=\"https:\/\/www.sisinternational.com\/de\/losungen\/fintech-strategieberatung-forschung\/kapitalmarktmarktforschung\/\" title=\"Kapitalmarktforschung\"  data-wpil-monitor-id=\"9825\">marketing strategies can assist businesses in capitalizing<\/a> on the increasing demand for dipping sauces and succeeding in the competitive market.<\/p>\n\n\n\n<h2 class=\"wp-block-heading\">\u00dcber die Marktforschung zu Dip-Saucen<\/h2>\n\n\n\n<p>Dipping Sauce market research offers businesses in the Dipping Sauce industry data-driven insights that can guide their decisions. Whether it&#8217;s deciding on new product launches, marketing strategies, pricing, or distribution channels, marketing research can give valuable information to aid in decision-making. Dipping Sauce Market Research provides insights into the information that can reduce the risk of making costly mistakes and increase the chances of success in the market. By utilizing data and strategies in <a href=\"https:\/\/www.sisinternational.com\/de\/sachverstand\/branchen\/marktforschung-zu-versorgungsunternehmen\/\" title=\"Marktforschung zu Versorgungsunternehmen\"  data-wpil-monitor-id=\"4015\">Marktforschung f\u00fcr Dip-Saucen<\/a>, businesses can improve their product offerings, enhance their brand image, and remain ahead of the competition, resulting in increased sales and profits.<\/p>","protected":false},"excerpt":{"rendered":"<p>Die Marktforschung zu Dip-Saucen bietet Erkenntnisse und strategische Vorteile, die Unternehmen in der wettbewerbsintensiven und sich st\u00e4ndig weiterentwickelnden Saucenbranche helfen.<\/p>","protected":false},"author":1,"featured_media":71821,"parent":14514,"menu_order":287,"comment_status":"closed","ping_status":"closed","template":"","meta":{"footnotes":""},"class_list":["post-42620","page","type-page","status-publish","has-post-thumbnail"],"_links":{"self":[{"href":"https:\/\/www.sisinternational.com\/de\/wp-json\/wp\/v2\/pages\/42620","targetHints":{"allow":["GET"]}}],"collection":[{"href":"https:\/\/www.sisinternational.com\/de\/wp-json\/wp\/v2\/pages"}],"about":[{"href":"https:\/\/www.sisinternational.com\/de\/wp-json\/wp\/v2\/types\/page"}],"author":[{"embeddable":true,"href":"https:\/\/www.sisinternational.com\/de\/wp-json\/wp\/v2\/users\/1"}],"replies":[{"embeddable":true,"href":"https:\/\/www.sisinternational.com\/de\/wp-json\/wp\/v2\/comments?post=42620"}],"version-history":[{"count":6,"href":"https:\/\/www.sisinternational.com\/de\/wp-json\/wp\/v2\/pages\/42620\/revisions"}],"predecessor-version":[{"id":81632,"href":"https:\/\/www.sisinternational.com\/de\/wp-json\/wp\/v2\/pages\/42620\/revisions\/81632"}],"up":[{"embeddable":true,"href":"https:\/\/www.sisinternational.com\/de\/wp-json\/wp\/v2\/pages\/14514"}],"wp:featuredmedia":[{"embeddable":true,"href":"https:\/\/www.sisinternational.com\/de\/wp-json\/wp\/v2\/media\/71821"}],"wp:attachment":[{"href":"https:\/\/www.sisinternational.com\/de\/wp-json\/wp\/v2\/media?parent=42620"}],"curies":[{"name":"wp","href":"https:\/\/api.w.org\/{rel}","templated":true}]}}