{"id":42612,"date":"2023-04-30T20:59:12","date_gmt":"2023-05-01T00:59:12","guid":{"rendered":"https:\/\/www.sisinternational.com\/?page_id=42612"},"modified":"2026-01-27T16:48:50","modified_gmt":"2026-01-27T21:48:50","slug":"handlermarktforschung","status":"publish","type":"page","link":"https:\/\/www.sisinternational.com\/de\/sachverstand\/handlermarktforschung\/","title":{"rendered":"H\u00e4ndlermarktforschung"},"content":{"rendered":"<h1 class=\"wp-block-heading\">H\u00e4ndlermarktforschung<\/h1>\n\n\n\n<figure class=\"gb-block-image gb-block-image-31a8fdb2\"><img loading=\"lazy\" decoding=\"async\" width=\"1456\" height=\"816\" class=\"gb-image gb-image-31a8fdb2\" src=\"https:\/\/www.sisinternational.com\/wp-content\/uploads\/2025\/09\/European-food-delivery-2.jpg\" alt=\"SIS International Marktforschung &amp; Strategie\" title=\"European food delivery (2)\" srcset=\"https:\/\/www.sisinternational.com\/wp-content\/uploads\/2025\/09\/European-food-delivery-2.jpg 1456w, https:\/\/www.sisinternational.com\/wp-content\/uploads\/2025\/09\/European-food-delivery-2-300x168.jpg 300w, https:\/\/www.sisinternational.com\/wp-content\/uploads\/2025\/09\/European-food-delivery-2-1024x574.jpg 1024w, https:\/\/www.sisinternational.com\/wp-content\/uploads\/2025\/09\/European-food-delivery-2-768x430.jpg 768w, https:\/\/www.sisinternational.com\/wp-content\/uploads\/2025\/09\/European-food-delivery-2-18x10.jpg 18w\" sizes=\"auto, (max-width: 1456px) 100vw, 1456px\"><\/figure>\n\n\n\n<p><\/p>\n\n\n\n<div>Die Gesch\u00e4ftswelt entwickelt sich st\u00e4ndig weiter. Wer der Konkurrenz einen Schritt voraus sein will, muss das Marktumfeld genau kennen. Die Marktforschung im H\u00e4ndlerbereich bietet eine umfassende Analyse des H\u00e4ndlerumfelds und liefert wertvolle Einblicke in Branchentrends, Kundenpr\u00e4ferenzen und potenzielle Partner. Die Bedeutung dieser Forschung liegt in ihrer F\u00e4higkeit, die strategischen Entscheidungen eines Unternehmens zu beeinflussen, darunter die Auswahl geeigneter H\u00e4ndler, die Verbesserung von H\u00e4ndlernetzwerken und die Optimierung der Kundenzufriedenheit.<\/div>\n\n\n\n<h2 class=\"wp-block-heading\">H\u00e4ndlermarktforschung verstehen<\/h2>\n\n\n\n<p>Die Marktforschung zum H\u00e4ndlermarkt ist ein wesentlicher Faktor f\u00fcr den Gesch\u00e4ftserfolg, da sie Unternehmen dabei hilft, sich in der komplexen Landschaft der H\u00e4ndlernetzwerke zurechtzufinden und sicherstellt, dass sie gut ger\u00fcstet sind, um fundierte Entscheidungen zu treffen.<\/p>\n\n\n\n<p>Um die Marktforschung zu H\u00e4ndlern zu verstehen, ist eine umfassende Untersuchung der H\u00e4ndler erforderlich, beispielsweise hinsichtlich Branchentrends, Kundenpr\u00e4ferenzen, H\u00e4ndlertypen und potenziellen Partnern. Diese Forschung erm\u00f6glicht es Unternehmen auch, fundierte Entscheidungen zu treffen und wirksame Strategien f\u00fcr Wachstum und Erfolg zu entwickeln.<\/p>\n\n\n\n<p>Es hilft Unternehmen, den geeigneten H\u00e4ndler anhand von Faktoren wie Marktpr\u00e4senz, Gr\u00f6\u00dfe des H\u00e4ndlers, geografischer Abdeckung, Produktspektrum und Fachgebiet auszuw\u00e4hlen. Dar\u00fcber hinaus liefert es Branchentrends, Wachstumsraten, Chancen und Herausforderungen, um effektive Strategien zu entwickeln.<\/p>\n\n\n\n<h2 class=\"wp-block-heading\">Die Rolle der H\u00e4ndlermarktforschung f\u00fcr den Gesch\u00e4ftserfolg<\/h2>\n\n\n\n<ul class=\"wp-block-list\">\n<li><strong>Informierte Entscheidungsfindung:<\/strong> Durch Marktforschung im H\u00e4ndlerbereich gewinnen Unternehmen wichtige Erkenntnisse \u00fcber Kundenneigungen und die Taktiken der Wettbewerber und k\u00f6nnen so fundierte Entscheidungen \u00fcber H\u00e4ndlerpartnerschaften, Produktportfolios und Zielsegmente treffen.<\/li>\n\n\n\n<li><strong>Optimale H\u00e4ndlerauswahl:<\/strong> Durch die Durchf\u00fchrung umfassender H\u00e4ndlermarktforschung k\u00f6nnen Unternehmen anhand entscheidender Faktoren wie Gr\u00f6\u00dfe, geografische Reichweite, Produktportfolio und Ansehen innerhalb der Branche gezielt die am besten geeigneten H\u00e4ndlerpartner ermitteln.<\/li>\n\n\n\n<li><strong>Verbesserte Kundenzufriedenheit:<\/strong> Unternehmen k\u00f6nnen wertvolle Einblicke in das Kaufverhalten ihrer Kunden gewinnen. Mit diesen Daten k\u00f6nnen sie ihre Produktangebote und Marketingtaktiken an die Anforderungen ihrer Zielgruppe anpassen.<\/li>\n\n\n\n<li><strong>Erh\u00f6hter Marktanteil:<\/strong> Durch die Identifizierung von Markttrends, ungenutzten Chancen und potenziellen Bedrohungen k\u00f6nnen Unternehmen Wachstumschancen nutzen, ihre Konkurrenten \u00fcbertreffen und ihren Marktanteil erh\u00f6hen.<\/li>\n\n\n\n<li><strong>St\u00e4rkere H\u00e4ndlerbeziehungen:<\/strong> H\u00e4ndlermarktforschung erm\u00f6glicht eine bessere Kommunikation und ein besseres Verst\u00e4ndnis zwischen Unternehmen und ihren H\u00e4ndlerpartnern. Dies f\u00f6rdert st\u00e4rkere Beziehungen, gemeinsame Probleml\u00f6sungen und Innovation.<\/li>\n<\/ul>\n\n\n\n<h2 class=\"wp-block-heading\">Aktuelle Entwicklungen<\/h2>\n\n\n\n<figure class=\"gb-block-image gb-block-image-cab99223\"><img loading=\"lazy\" decoding=\"async\" width=\"1456\" height=\"816\" class=\"gb-image gb-image-cab99223\" src=\"https:\/\/www.sisinternational.com\/wp-content\/uploads\/2025\/09\/European-food-delivery-3.jpg\" alt=\"SIS International Marktforschung &amp; Strategie\" title=\"European food delivery (3)\" srcset=\"https:\/\/www.sisinternational.com\/wp-content\/uploads\/2025\/09\/European-food-delivery-3.jpg 1456w, https:\/\/www.sisinternational.com\/wp-content\/uploads\/2025\/09\/European-food-delivery-3-300x168.jpg 300w, https:\/\/www.sisinternational.com\/wp-content\/uploads\/2025\/09\/European-food-delivery-3-1024x574.jpg 1024w, https:\/\/www.sisinternational.com\/wp-content\/uploads\/2025\/09\/European-food-delivery-3-768x430.jpg 768w, https:\/\/www.sisinternational.com\/wp-content\/uploads\/2025\/09\/European-food-delivery-3-18x10.jpg 18w\" sizes=\"auto, (max-width: 1456px) 100vw, 1456px\"><\/figure>\n\n\n\n<ul class=\"wp-block-list\">\n<li><strong>Verst\u00e4rkter Fokus auf digitale Kan\u00e4le:<\/strong> Aktuelle Marktforschungsstudien der H\u00e4ndler legen inzwischen einen gr\u00f6\u00dferen Schwerpunkt auf digitale Kan\u00e4le, die es ihnen erm\u00f6glichen, das Verhalten, die Vorlieben und die Trends der Online-Kunden genau zu untersuchen.<\/li>\n\n\n\n<li><strong>Nutzung erweiterter Analysen und datengest\u00fctzter Erkenntnisse:<\/strong> Mit dem Aufkommen hochmoderner Big Data- und Advanced-Analytics-Tools ist es Forschern deutlich leichter geworden, riesige Datenmengen zu analysieren und daraus wertvolle, praktische Erkenntnisse zu gewinnen. Als Folge davon hat in der H\u00e4ndlermarktforschung ein Paradigmenwechsel hin zu datengesteuerten Ans\u00e4tzen stattgefunden, bei denen quantitative Analysemethoden im Vordergrund stehen, um Zusammenh\u00e4nge und Muster aufzudecken.<\/li>\n\n\n\n<li><strong>Integration von k\u00fcnstlicher Intelligenz (KI) und maschinellem Lernen (ML):<\/strong> The utilization of AI and ML technologies has become more prevalent in the realm of dealer <a href=\"https:\/\/www.sisinternational.com\/de\/automatisierung-in-der-marktforschung\/\" title=\"Automatisierung in der Marktforschung\"  data-wpil-monitor-id=\"2541\">market research as their ability to automate<\/a> complex data analysis, recognize patterns, and deliver accurate predictions has proven highly effective.<\/li>\n\n\n\n<li><strong>Schwerpunkt auf Kundenerfahrung und -zufriedenheit:<\/strong> Die Marktforschung im Handel konzentriert sich zunehmend darauf, ein tiefes Verst\u00e4ndnis f\u00fcr das Kundenerlebnis zu erlangen. Dazu geh\u00f6rt die sorgf\u00e4ltige Untersuchung verschiedener Kontaktpunkte w\u00e4hrend der gesamten Customer Journey, einschlie\u00dflich Verkaufsinteraktionen, Produktqualit\u00e4t und After-Sales-Support.<\/li>\n\n\n\n<li><strong>H\u00e4ndlersegmentierung und Personalisierung:<\/strong> Um ihre Marketing- und Vertriebsbem\u00fchungen gezielter auszurichten, konzentrieren sich Unternehmen zunehmend auf die Segmentierung ihrer H\u00e4ndlernetzwerke anhand von Faktoren wie Gr\u00f6\u00dfe, Standort und Kundendemografie. Dies erm\u00f6glicht personalisiertere und gezieltere Marketingstrategien, was zu einer verbesserten Leistung der H\u00e4ndler und der Kundenzufriedenheit f\u00fchrt.<\/li>\n\n\n\n<li><strong>Zusammenarbeit zwischen Herstellern und H\u00e4ndlern:<\/strong> Da sich die Handelslandschaft st\u00e4ndig weiterentwickelt, wird immer deutlicher, dass die Zusammenarbeit zwischen Herstellern und H\u00e4ndlern f\u00fcr die Optimierung der Vertriebskan\u00e4le von entscheidender Bedeutung ist. Daher widmen Unternehmen der St\u00e4rkung dieser Partnerschaften durch Strategien wie Informationsaustausch, gemeinsame Marketinginitiativen und leistungsbezogene Anreize gro\u00dfe Aufmerksamkeit.<\/li>\n\n\n\n<li><strong>Fokus auf Nachhaltigkeit und Umweltauswirkungen:<\/strong> Angesichts des wachsenden Bewusstseins f\u00fcr die Bedeutung von Nachhaltigkeit und der Notwendigkeit, die Umweltbelastung zu reduzieren, ber\u00fccksichtigen Unternehmen diese Faktoren bei ihrer Marktforschung f\u00fcr H\u00e4ndler. Dies kann die Analyse der Bem\u00fchungen der H\u00e4ndler umfassen, Abfall zu minimieren, den Kohlenstoffaussto\u00df zu reduzieren und nachhaltige Praktiken in ihren Betrieben zu f\u00f6rdern.<\/li>\n<\/ul>\n\n\n\n<h2 class=\"wp-block-heading\">Gelegenheiten<\/h2>\n\n\n\n<p>Expansion into new markets: Conducting dealer market <a href=\"https:\/\/www.sisinternational.com\/de\/fmcg-markt-in-vietnam\/\" title=\"FMCG-Markt in Vietnam\"  data-wpil-monitor-id=\"7589\">Forschung<\/a> can help businesses identify and capitalize on emerging markets with growth potential. By analyzing local market dynamics and discerning customer preferences, companies can expand their dealer networks and secure a larger market share.<\/p>\n\n\n\n<p>Optimierung der H\u00e4ndlerleistung: Die Durchf\u00fchrung dieser Marktforschung kann dazu beitragen, den Betrieb zu optimieren und die Leistung der H\u00e4ndler zu steigern. Durch diesen Prozess k\u00f6nnen Unternehmen Erkenntnisse gewinnen und wirksame Strategien entwickeln, die auf die Steigerung der Produktivit\u00e4t, die Verbesserung der Kundenbeziehungen und die Erh\u00f6hung der Rentabilit\u00e4t abzielen.<\/p>\n\n\n\n<p>Wettbewerbsvorteil: Unternehmen k\u00f6nnen sich einen Wettbewerbsvorteil sichern, indem sie \u00fcber die Taktiken der Konkurrenz und die Vorlieben ihrer Kunden auf dem Laufenden bleiben. So k\u00f6nnen sie fundierte Entscheidungen treffen und sich umgehend an Marktschwankungen anpassen.<\/p>\n\n\n\n<h2 class=\"wp-block-heading\">Herausforderungen<\/h2>\n\n\n\n<ul class=\"wp-block-list\">\n<li><strong>Verwaltung gro\u00dfer Datenmengen:<\/strong> The vast amount of information gained from <a class=\"wpil_keyword_link\" href=\"https:\/\/www.sisinternational.com\/de\/sachverstand\/branchen\/distributoren-marktforschung\/\"   title=\"Distributoren-Marktforschung\" data-wpil-keyword-link=\"linked\"  data-wpil-monitor-id=\"364\">Distributoren-Marktforschung<\/a> can be a daunting task. To draw meaningful conclusions, it is necessary to use sophisticated analytical tools and skills that are not always readily available.<\/li>\n\n\n\n<li><strong>Mit den sich schnell ver\u00e4ndernden M\u00e4rkten Schritt halten:<\/strong> In der heutigen dynamischen Gesch\u00e4ftswelt m\u00fcssen Unternehmen \u00fcber die neuesten Trends und Entwicklungen auf dem Laufenden bleiben. Da sich die M\u00e4rkte st\u00e4ndig weiterentwickeln, m\u00fcssen Unternehmen regelm\u00e4\u00dfig Marktforschung betreiben, um sich an die Ver\u00e4nderungen anzupassen und ihren Wettbewerbsvorteil aufrechtzuerhalten.<\/li>\n\n\n\n<li><a href=\"https:\/\/www.sisinternational.com\/de\/losungen\/balanced-scorecard-marktforschung\/\" title=\"Balanced Scorecard Marktforschung\"  data-wpil-monitor-id=\"2250\">Balancing costs and benefits: Dealer market research<\/a> can be a costly endeavor, particularly for small and medium-sized businesses.<\/li>\n<\/ul>\n\n\n\n<h2 class=\"wp-block-heading\">Perspektiven f\u00fcr die H\u00e4ndlermarktforschung<\/h2>\n\n\n\n<figure class=\"gb-block-image gb-block-image-b53e5b9c\"><img loading=\"lazy\" decoding=\"async\" width=\"1456\" height=\"816\" class=\"gb-image gb-image-b53e5b9c\" src=\"https:\/\/www.sisinternational.com\/wp-content\/uploads\/2025\/09\/European-food-delivery-1.jpg\" alt=\"SIS International Marktforschung &amp; Strategie\" title=\"European food delivery (1)\" srcset=\"https:\/\/www.sisinternational.com\/wp-content\/uploads\/2025\/09\/European-food-delivery-1.jpg 1456w, https:\/\/www.sisinternational.com\/wp-content\/uploads\/2025\/09\/European-food-delivery-1-300x168.jpg 300w, https:\/\/www.sisinternational.com\/wp-content\/uploads\/2025\/09\/European-food-delivery-1-1024x574.jpg 1024w, https:\/\/www.sisinternational.com\/wp-content\/uploads\/2025\/09\/European-food-delivery-1-768x430.jpg 768w, https:\/\/www.sisinternational.com\/wp-content\/uploads\/2025\/09\/European-food-delivery-1-18x10.jpg 18w\" sizes=\"auto, (max-width: 1456px) 100vw, 1456px\"><\/figure>\n\n\n\n<p><\/p>\n\n\n\n<h3 class=\"wp-block-heading\">Da sich die H\u00e4ndlermarktforschung st\u00e4ndig weiterentwickelt, ist davon auszugehen, dass mehrere wichtige Trends ihre zuk\u00fcnftige Entwicklung pr\u00e4gen werden:<\/h3>\n\n\n\n<ul class=\"wp-block-list\">\n<li><strong>Integration fortschrittlicher Technologien:<\/strong> Der Einsatz von KI- und ML-Technologien in der H\u00e4ndlermarktforschung wird Unternehmen dabei helfen, gro\u00dfe Datenmengen zu analysieren und schnellere, genauere Entscheidungen zu treffen. Diese Integration wird zu effizienteren und effektiveren Marktforschungsmethoden f\u00fchren.<\/li>\n\n\n\n<li><strong>St\u00e4rkerer Fokus auf kundenzentrierte Strategien:<\/strong> Da Unternehmen erkennen, wie wichtig Kundenzufriedenheit und -treue sind, konzentriert sich die Marktforschung der H\u00e4ndler zunehmend auf das Verst\u00e4ndnis der Kundenbed\u00fcrfnisse und -pr\u00e4ferenzen, um gezielte, kundenorientierte Strategien zu entwickeln.<\/li>\n\n\n\n<li><strong>Erweiterte Datenanalysefunktionen:<\/strong> Da Daten f\u00fcr den Gesch\u00e4ftserfolg immer entscheidender werden, wird die H\u00e4ndlermarktforschung fortschrittliche Analysetools nutzen, um Unternehmen tiefere und besser umsetzbare Einblicke in ihre H\u00e4ndlernetzwerke und Kunden zu bieten.<\/li>\n\n\n\n<li><strong>Erh\u00f6hter Schwerpunkt auf Echtzeitdaten:<\/strong> Der wachsende Bedarf an zeitnahen und genauen Informationen wird die Nachfrage nach Echtzeitdaten in der H\u00e4ndlermarktforschung steigern. Dadurch k\u00f6nnen Unternehmen schneller auf Marktver\u00e4nderungen reagieren und fundiertere Entscheidungen treffen.<\/li>\n\n\n\n<li><strong>Zusammenarbeit mit Industriepartnern:<\/strong> Die H\u00e4ndlermarktforschung kann eine verst\u00e4rkte Zusammenarbeit mit Branchenpartnern wie Lieferanten und Herstellern erfordern, um ein umfassenderes Verst\u00e4ndnis des Marktes und seiner Dynamik zu entwickeln.<\/li>\n<\/ul>\n\n\n\n<p>SIS International bietet quantitative, qualitative und strategische Forschung an. Wir liefern Daten, Tools, Strategien, Berichte und Erkenntnisse zur Entscheidungsfindung. Wir f\u00fchren Interviews, Umfragen, Fokusgruppen und viele andere Methoden und Ans\u00e4tze der Marktforschung durch. Kontaktieren Sie uns f\u00fcr Ihr n\u00e4chstes Marktforschungsprojekt.<\/p>","protected":false},"excerpt":{"rendered":"<p>Die Marktforschung zu H\u00e4ndlern ist f\u00fcr den Gesch\u00e4ftserfolg von entscheidender Bedeutung. Sie hilft Unternehmen, sich in der komplexen Landschaft der H\u00e4ndlernetzwerke zurechtzufinden.<\/p>","protected":false},"author":1,"featured_media":66168,"parent":14514,"menu_order":284,"comment_status":"closed","ping_status":"closed","template":"","meta":{"footnotes":""},"class_list":["post-42612","page","type-page","status-publish","has-post-thumbnail"],"_links":{"self":[{"href":"https:\/\/www.sisinternational.com\/de\/wp-json\/wp\/v2\/pages\/42612","targetHints":{"allow":["GET"]}}],"collection":[{"href":"https:\/\/www.sisinternational.com\/de\/wp-json\/wp\/v2\/pages"}],"about":[{"href":"https:\/\/www.sisinternational.com\/de\/wp-json\/wp\/v2\/types\/page"}],"author":[{"embeddable":true,"href":"https:\/\/www.sisinternational.com\/de\/wp-json\/wp\/v2\/users\/1"}],"replies":[{"embeddable":true,"href":"https:\/\/www.sisinternational.com\/de\/wp-json\/wp\/v2\/comments?post=42612"}],"version-history":[{"count":7,"href":"https:\/\/www.sisinternational.com\/de\/wp-json\/wp\/v2\/pages\/42612\/revisions"}],"predecessor-version":[{"id":81212,"href":"https:\/\/www.sisinternational.com\/de\/wp-json\/wp\/v2\/pages\/42612\/revisions\/81212"}],"up":[{"embeddable":true,"href":"https:\/\/www.sisinternational.com\/de\/wp-json\/wp\/v2\/pages\/14514"}],"wp:featuredmedia":[{"embeddable":true,"href":"https:\/\/www.sisinternational.com\/de\/wp-json\/wp\/v2\/media\/66168"}],"wp:attachment":[{"href":"https:\/\/www.sisinternational.com\/de\/wp-json\/wp\/v2\/media?parent=42612"}],"curies":[{"name":"wp","href":"https:\/\/api.w.org\/{rel}","templated":true}]}}