{"id":42609,"date":"2023-04-30T18:43:58","date_gmt":"2023-04-30T22:43:58","guid":{"rendered":"https:\/\/www.sisinternational.com\/?page_id=42609"},"modified":"2026-01-24T20:38:29","modified_gmt":"2026-01-25T01:38:29","slug":"computergestutzte-telefoninterviews-zur-marktforschung","status":"publish","type":"page","link":"https:\/\/www.sisinternational.com\/de\/sachverstand\/computergestutzte-telefoninterviews-zur-marktforschung\/","title":{"rendered":"Computergest\u00fctzte telefonische Befragung Marktforschung"},"content":{"rendered":"<h1 class=\"wp-block-heading\">Computergest\u00fctzte telefonische Befragung Marktforschung<\/h1>\n\n\n\n<figure class=\"gb-block-image gb-block-image-7e87736c\"><img loading=\"lazy\" decoding=\"async\" width=\"1456\" height=\"816\" class=\"gb-image gb-image-7e87736c\" src=\"https:\/\/www.sisinternational.com\/wp-content\/uploads\/2025\/08\/Computer-Assisted-Telephone-Interviewing.jpg\" alt=\"SIS International Marktforschung &amp; Strategie\" title=\"Computer Assisted Telephone Interviewing\" srcset=\"https:\/\/www.sisinternational.com\/wp-content\/uploads\/2025\/08\/Computer-Assisted-Telephone-Interviewing.jpg 1456w, https:\/\/www.sisinternational.com\/wp-content\/uploads\/2025\/08\/Computer-Assisted-Telephone-Interviewing-300x168.jpg 300w, https:\/\/www.sisinternational.com\/wp-content\/uploads\/2025\/08\/Computer-Assisted-Telephone-Interviewing-1024x574.jpg 1024w, https:\/\/www.sisinternational.com\/wp-content\/uploads\/2025\/08\/Computer-Assisted-Telephone-Interviewing-768x430.jpg 768w, https:\/\/www.sisinternational.com\/wp-content\/uploads\/2025\/08\/Computer-Assisted-Telephone-Interviewing-18x10.jpg 18w\" sizes=\"auto, (max-width: 1456px) 100vw, 1456px\"><\/figure>\n\n\n\n<p><\/p>\n\n\n\n<p>Computergest\u00fctzte Telefoninterviews (CATI) sind eine beliebte Methode, um Daten von einer vielf\u00e4ltigen und gro\u00dfen Gruppe von Befragten durch Telefoninterviews zu sammeln. Um die Effizienz und Genauigkeit beim Sammeln von Informationen durch Telefoninterviews zu verbessern, nutzt diese Methode computergest\u00fctzte Technologien, die den Forschern die Durchf\u00fchrung des Forschungsprozesses erleichtern.<\/p>\n\n\n\n<h2 class=\"wp-block-heading\">Was ist CATI-Marktforschung und warum ist sie wichtig?<\/h2>\n\n\n\n<p>CATI-Marktforschung wird mithilfe von Computersoftware durchgef\u00fchrt, die die Forscher bei ihrer Arbeit unterst\u00fctzt. Die systematische Auswahl der Folgefragen erfolgt auf Grundlage der Antworten der Befragten.<\/p>\n\n\n\n<p>Bei der CATI-Marktforschung verwenden die Interviewer ein computergest\u00fctztes System, um den Befragten eine Reihe voreingestellter Fragen zu stellen, ihre Antworten direkt im System aufzuzeichnen und die Daten zur weiteren Analyse zu speichern.<\/p>\n\n\n\n<p>CATI market research facilitates gathering data from a large sample size through telephone interviews and it can enhance the accuracy and representativeness of the collected data. CATI allows real-time data collection, quick analysis, and decision-making, which is convenient for market researchers. It also has the capability of easily collecting <a href=\"https:\/\/www.sisinternational.com\/de\/abdeckung\/europa\/marktforschung-liverpool-grosbritannien\/\" title=\"Marktforschung in Liverpool | Fokusgruppen und Datenerfassung in Gro\u00dfbritannien\"  data-wpil-monitor-id=\"9561\">data<\/a> from people belonging to various demographic groups including those with different ages, incomes, and locations.<\/p>\n\n\n\n<h2 class=\"wp-block-heading\">Vorteile der CATI-Marktforschung<\/h2>\n\n\n\n<h3 class=\"wp-block-heading\">Es gibt mehrere Vorteile gegen\u00fcber anderen Forschungsmethoden, darunter:<\/h3>\n\n\n\n<ul class=\"wp-block-list\">\n<li><strong>Kosteneffektivit\u00e4t:<\/strong> Marktforscher, die ihre Befragungen telefonisch im CATI-Verfahren durchf\u00fchren, k\u00f6nnen von Kosteneinsparungen durch den Wegfall von reisebezogenen Ausgaben profitieren.<\/li>\n\n\n\n<li><strong>H\u00f6here R\u00fccklaufquoten:<\/strong> Telefoninterviews erzielen im Vergleich zu anderen Befragungsmethoden typischerweise h\u00f6here R\u00fccklaufquoten, da sie eine pers\u00f6nliche Interaktion mit den Befragten erm\u00f6glichen.<\/li>\n\n\n\n<li><strong>Gro\u00dfe Stichprobengr\u00f6\u00dfe:<\/strong> Die Durchf\u00fchrung von CATI-Marktforschung mittels Telefoninterviews erm\u00f6glicht eine gr\u00f6\u00dfere Stichprobengr\u00f6\u00dfe und k\u00f6nnte die Pr\u00e4zision und Repr\u00e4sentativit\u00e4t der Informationen verbessern.<\/li>\n\n\n\n<li><strong>Erh\u00f6hte Effizienz:<\/strong> CATI systems can automate several tasks such as dialing phone numbers, scheduling calls, and routing calls to available interviewers. These automated processes help to increase the efficiency of the interviewing process, allowing more <a href=\"https:\/\/www.sisinternational.com\/de\/how-to-conduct-in-depth-interviews-for-market-insights\/\" title=\"So f\u00fchren Sie ausf\u00fchrliche Interviews durch, um Markteinblicke zu gewinnen\"  data-wpil-monitor-id=\"9563\">interviews to be conducted<\/a> in a shorter time frame.<\/li>\n<\/ul>\n\n\n\n<h2 class=\"wp-block-heading\">Aktuelle Trends in der CATI-Marktforschung<\/h2>\n\n\n\n<figure class=\"gb-block-image gb-block-image-f7986725\"><img loading=\"lazy\" decoding=\"async\" width=\"1456\" height=\"816\" class=\"gb-image gb-image-f7986725\" src=\"https:\/\/www.sisinternational.com\/wp-content\/uploads\/2025\/08\/Computer-Assisted-Telephone-Interviewing-6-1.jpg\" alt=\"SIS International Marktforschung &amp; Strategie\" title=\"Computer Assisted Telephone Interviewing 6 (1)\" srcset=\"https:\/\/www.sisinternational.com\/wp-content\/uploads\/2025\/08\/Computer-Assisted-Telephone-Interviewing-6-1.jpg 1456w, https:\/\/www.sisinternational.com\/wp-content\/uploads\/2025\/08\/Computer-Assisted-Telephone-Interviewing-6-1-300x168.jpg 300w, https:\/\/www.sisinternational.com\/wp-content\/uploads\/2025\/08\/Computer-Assisted-Telephone-Interviewing-6-1-1024x574.jpg 1024w, https:\/\/www.sisinternational.com\/wp-content\/uploads\/2025\/08\/Computer-Assisted-Telephone-Interviewing-6-1-768x430.jpg 768w, https:\/\/www.sisinternational.com\/wp-content\/uploads\/2025\/08\/Computer-Assisted-Telephone-Interviewing-6-1-18x10.jpg 18w\" sizes=\"auto, (max-width: 1456px) 100vw, 1456px\"><\/figure>\n\n\n\n<p><\/p>\n\n\n\n<h3 class=\"wp-block-heading\">Die CATI-Marktforschung entwickelt sich st\u00e4ndig weiter und bietet neue Trends und Innovationen. Zu den aktuellen Trends dieser Methodik geh\u00f6ren:<\/h3>\n\n\n\n<ul class=\"wp-block-list\">\n<li><strong>Mobile Optimierung:<\/strong> Mit der zunehmenden Nutzung mobiler Ger\u00e4te bei den Verbrauchern steigt auch die Optimierung der CATI-Marktforschung. So k\u00f6nnen Befragte ganz einfach \u00fcber ihr Smartphone oder Tablet an Umfragen teilnehmen.<\/li>\n\n\n\n<li><strong>Multi-Channel-Ansatz:<\/strong> To contact respondents effectively, <a href=\"https:\/\/www.sisinternational.com\/de\/quantitative-market-research-methods-and-techniques\/\" title=\"Quantitative Market Research Methods and Techniques\"  data-wpil-monitor-id=\"9560\">research firms are using multiple communication methods<\/a> including email and SMS alongside the more traditional telephone interview approach.<\/li>\n\n\n\n<li><strong>KI-gest\u00fctzte Datenanalyse:<\/strong> The process to analyze CATI marketing involves <a href=\"https:\/\/www.sisinternational.com\/de\/losungen\/ai-marktforschung-und-strategieberatung\/versorgungsunternehmen-automatisierung-kunstliche-intelligenz-beratung\/\" title=\"Beratung zu Automatisierung der Versorgungswirtschaft und k\u00fcnstlicher Intelligenz\"  data-wpil-monitor-id=\"9558\">utilizing Artificial Intelligence<\/a> (AI) to make better-informed decisions.<\/li>\n\n\n\n<li><strong>Anpassung und Personalisierung:<\/strong> Customized and personalized surveys are gaining popularity within the CATI market research industry. With personalized research, <a href=\"https:\/\/www.sisinternational.com\/de\/losungen\/strategieberatung\/datenanalyse\/\" title=\"Datenanalyse-Unternehmen\"  data-wpil-monitor-id=\"9562\">companies gain more relevant data<\/a>.<\/li>\n\n\n\n<li><strong>St\u00e4rkere Nutzung der Datenvisualisierung:<\/strong> Um das Verst\u00e4ndnis und die Interpretation von Umfrageergebnissen in der CATI-Marktforschung zu verbessern, wird zunehmend der Einsatz von Datenvisualisierungstools eingesetzt.<\/li>\n<\/ul>\n\n\n\n<h2 class=\"wp-block-heading\">Herausforderungen und Einschr\u00e4nkungen<\/h2>\n\n\n\n<h3 class=\"wp-block-heading\">Zwar bietet die Marktforschung per Telefoninterview (CATI) viele Vorteile, doch es gibt auch einige Herausforderungen und Einschr\u00e4nkungen, darunter:<\/h3>\n\n\n\n<ul class=\"wp-block-list\">\n<li><strong>Sinkende Antwortraten:<\/strong> Im Laufe der Jahre ist die R\u00fccklaufquote bei telefonischen Umfragen zur\u00fcckgegangen. Dies ist auf verschiedene Faktoren zur\u00fcckzuf\u00fchren, unter anderem auf wachsende Bedenken hinsichtlich des Datenschutzes und die zunehmende Verwendung von Mobiltelefonen und Technologien zur Anrufblockierung.<\/li>\n\n\n\n<li><strong>Eingeschr\u00e4nkter Zugang f\u00fcr bestimmte Bev\u00f6lkerungsgruppen:<\/strong> Bei der Durchf\u00fchrung von CATI-Marktforschung kann der telefonische Kontakt problematisch sein, wenn bestimmte Bev\u00f6lkerungsgruppen erreicht werden sollen, z. B. Personen ohne Zugang zu Festnetz- oder Mobiltelefon und junge Menschen, die m\u00f6glicherweise lieber \u00fcber soziale Medien kommunizieren.<\/li>\n\n\n\n<li><strong>Voreingenommenheit des Interviewers:<\/strong> Aufgrund von Faktoren wie der Art und Weise der Fragenstellung und dem Tonfall kann es m\u00f6glicherweise zu einer Voreingenommenheit des Interviewers kommen, die sich auf die Zuverl\u00e4ssigkeit der erfassten Daten auswirken kann.<\/li>\n\n\n\n<li><strong>Zeit- und Kostenbeschr\u00e4nkungen:<\/strong> Obwohl CATI-Marktforschung im Vergleich zu pers\u00f6nlichen Interviews f\u00fcr ihre Effizienz bekannt ist, erfordert sie dennoch einen erheblichen Zeit- und Kostenaufwand, weshalb sie im Vergleich zu anderen Optionen wie Online-Umfragen weniger empfehlenswert ist.<\/li>\n\n\n\n<li><strong>Schwierigkeiten mit komplexen oder sensiblen Themen:<\/strong> Von der Er\u00f6rterung komplexer oder sensibler Themen mittels CATI ist abzuraten, da sich die Befragten bei der Er\u00f6rterung solcher Angelegenheiten am Telefon m\u00f6glicherweise unwohl f\u00fchlen.<\/li>\n\n\n\n<li><strong>Technologische Herausforderungen:<\/strong> <a href=\"https:\/\/www.sisinternational.com\/de\/losungen\/ai-marktforschung-und-strategieberatung\/computer-vision-ki-marktforschung\/\" title=\"Marktforschung f\u00fcr Computer Vision-KI\"  data-wpil-monitor-id=\"2756\">Computer<\/a> systems and telecommunication infrastructure used in CATI market research are prone to technical issues like software glitches or network disruptions.<\/li>\n<\/ul>\n\n\n\n<h2 class=\"wp-block-heading\">Anwendungen der Telefoninterview-CATI-Marktforschung<\/h2>\n\n\n\n<figure class=\"gb-block-image gb-block-image-7e51a6e7\"><img loading=\"lazy\" decoding=\"async\" width=\"1456\" height=\"816\" class=\"gb-image gb-image-7e51a6e7\" src=\"https:\/\/www.sisinternational.com\/wp-content\/uploads\/2025\/08\/Computer-Assisted-Telephone-Interviewing-3.jpg\" alt=\"SIS International Marktforschung &amp; Strategie\" title=\"Computer Assisted Telephone Interviewing (3)\" srcset=\"https:\/\/www.sisinternational.com\/wp-content\/uploads\/2025\/08\/Computer-Assisted-Telephone-Interviewing-3.jpg 1456w, https:\/\/www.sisinternational.com\/wp-content\/uploads\/2025\/08\/Computer-Assisted-Telephone-Interviewing-3-300x168.jpg 300w, https:\/\/www.sisinternational.com\/wp-content\/uploads\/2025\/08\/Computer-Assisted-Telephone-Interviewing-3-1024x574.jpg 1024w, https:\/\/www.sisinternational.com\/wp-content\/uploads\/2025\/08\/Computer-Assisted-Telephone-Interviewing-3-768x430.jpg 768w, https:\/\/www.sisinternational.com\/wp-content\/uploads\/2025\/08\/Computer-Assisted-Telephone-Interviewing-3-18x10.jpg 18w\" sizes=\"auto, (max-width: 1456px) 100vw, 1456px\"><\/figure>\n\n\n\n<p><\/p>\n\n\n\n<h3 class=\"wp-block-heading\">Die Marktforschung per Telefoninterview (CATI) kann in verschiedenen Branchen und Sektoren eingesetzt werden. Zu den h\u00e4ufigsten Anwendungen geh\u00f6ren:<\/h3>\n\n\n\n<ul class=\"wp-block-list\">\n<li><a href=\"https:\/\/www.sisinternational.com\/de\/how-to-conduct-effective-quantitative-market-research\/\" title=\"How to Conduct Effective Quantitative Market Research\"  data-wpil-monitor-id=\"9559\"><strong>Marktsegmentierung:<\/strong> One way to segment a market is through conducting CATI marketing research<\/a> which allows for categorization based on demographics alongside psychographics and behaviors.<\/li>\n\n\n\n<li><strong>Kundenzufriedenheit und Feedback:<\/strong> Um Feedback zu sammeln und den Grad der Kundenzufriedenheit zu messen, nutzen Unternehmen Telefoninterviews, um den allgemeinen Grad der Kundenzufriedenheit zu steigern.<\/li>\n\n\n\n<li><strong>Produkttests und -entwicklung:<\/strong> Das Sammeln von Kundenfeedback durch CATI-Marktforschung hilft Unternehmen, ihre bestehenden Produkte zu verbessern oder bessere zu entwickeln.<\/li>\n\n\n\n<li><strong>Meinungsforschung:<\/strong> Durch die Durchf\u00fchrung von CATI-Marktforschung kann die \u00f6ffentliche Meinung zu verschiedenen relevanten Themen, einschlie\u00dflich sozialer und \u00f6kologischer Probleme, erfasst werden.<\/li>\n\n\n\n<li><strong>Markttrends und Einblicke:<\/strong> To make informed business decisions companies use CATI <a href=\"https:\/\/www.sisinternational.com\/de\/losungen\/qualitative-quantitative-forschungslosungen\/telefoninterviews-marktforschung\/\" title=\"Telefonische Tiefeninterviews Marktforschung\"  data-wpil-monitor-id=\"9557\">market research through telephone interviews<\/a> to gather insights on industry changes and market trends.<\/li>\n<\/ul>\n\n\n\n<h2 class=\"wp-block-heading\">Zukunftsausblick<\/h2>\n\n\n\n<ul class=\"wp-block-list\">\n<li>Die CATI-Marktforschung wird durch den Einsatz von KI, maschinellem Lernen und Spracherkennungssystemen verbessert und gleichzeitig menschliche Fehler und Voreingenommenheit der Interviewer reduziert.<\/li>\n\n\n\n<li>Die Integration der CATI-Marktforschung in andere Methoden wie Online-Umfragen oder mobile Forschung erfreut sich bei Forschern, die ein tieferes Verst\u00e4ndnis der Meinungen und Vorlieben der Verbraucher gewinnen m\u00f6chten, zunehmender Beliebtheit.<\/li>\n\n\n\n<li>Um relevant zu bleiben, muss sich die CATI-Marktforschung an ver\u00e4nderte Kommunikationspr\u00e4ferenzen anpassen, um die Antwortraten zu verbessern und einen gr\u00f6\u00dferen Kreis von Befragten zu erreichen.<\/li>\n\n\n\n<li>Targeting niche markets is becoming more common in the <a href=\"https:\/\/www.sisinternational.com\/de\/sachverstand\/branchen\/\" title=\"Branchen\"  data-wpil-monitor-id=\"9556\">market research industry<\/a>, and CATI market research can help reach hard-to-reach or underserved communities to gather insights from these target groups effectively.<\/li>\n\n\n\n<li>Bei dieser Art der Forschung wird voraussichtlich ein st\u00e4rkerer Schwerpunkt auf die Personalisierung gelegt, indem die Umfragefragen auf der Grundlage der vorherigen Antworten der einzelnen Befragten individuell zugeschnitten werden oder indem ansprechendere und interaktivere Frageformate verwendet werden.<\/li>\n<\/ul>","protected":false},"excerpt":{"rendered":"<p>Computergest\u00fctzte Telefoninterviews (CATI) in der Marktforschung sind eine beliebte Methode zur Datenerfassung durch Telefoninterviews.<\/p>","protected":false},"author":1,"featured_media":64210,"parent":14514,"menu_order":283,"comment_status":"closed","ping_status":"closed","template":"","meta":{"footnotes":""},"class_list":["post-42609","page","type-page","status-publish","has-post-thumbnail"],"_links":{"self":[{"href":"https:\/\/www.sisinternational.com\/de\/wp-json\/wp\/v2\/pages\/42609","targetHints":{"allow":["GET"]}}],"collection":[{"href":"https:\/\/www.sisinternational.com\/de\/wp-json\/wp\/v2\/pages"}],"about":[{"href":"https:\/\/www.sisinternational.com\/de\/wp-json\/wp\/v2\/types\/page"}],"author":[{"embeddable":true,"href":"https:\/\/www.sisinternational.com\/de\/wp-json\/wp\/v2\/users\/1"}],"replies":[{"embeddable":true,"href":"https:\/\/www.sisinternational.com\/de\/wp-json\/wp\/v2\/comments?post=42609"}],"version-history":[{"count":5,"href":"https:\/\/www.sisinternational.com\/de\/wp-json\/wp\/v2\/pages\/42609\/revisions"}],"predecessor-version":[{"id":81593,"href":"https:\/\/www.sisinternational.com\/de\/wp-json\/wp\/v2\/pages\/42609\/revisions\/81593"}],"up":[{"embeddable":true,"href":"https:\/\/www.sisinternational.com\/de\/wp-json\/wp\/v2\/pages\/14514"}],"wp:featuredmedia":[{"embeddable":true,"href":"https:\/\/www.sisinternational.com\/de\/wp-json\/wp\/v2\/media\/64210"}],"wp:attachment":[{"href":"https:\/\/www.sisinternational.com\/de\/wp-json\/wp\/v2\/media?parent=42609"}],"curies":[{"name":"wp","href":"https:\/\/api.w.org\/{rel}","templated":true}]}}