{"id":42607,"date":"2023-04-30T18:20:44","date_gmt":"2023-04-30T22:20:44","guid":{"rendered":"https:\/\/www.sisinternational.com\/?page_id=42607"},"modified":"2026-01-24T21:02:06","modified_gmt":"2026-01-25T02:02:06","slug":"marktforschung-zur-kommunikationsinfrastruktur","status":"publish","type":"page","link":"https:\/\/www.sisinternational.com\/de\/sachverstand\/marktforschung-zur-kommunikationsinfrastruktur\/","title":{"rendered":"Marktforschung f\u00fcr Kommunikationsinfrastruktur"},"content":{"rendered":"<h1 class=\"wp-block-heading\">Marktforschung f\u00fcr Kommunikationsinfrastruktur<\/h1>\n\n\n\n<figure class=\"gb-block-image gb-block-image-232dc930\"><img loading=\"lazy\" decoding=\"async\" width=\"1456\" height=\"816\" class=\"gb-image gb-image-232dc930\" src=\"https:\/\/www.sisinternational.com\/wp-content\/uploads\/2025\/08\/Communications-Infrastructure-3.jpg\" alt=\"SIS International Marktforschung &amp; Strategie\" title=\"Communications Infrastructure (3)\" srcset=\"https:\/\/www.sisinternational.com\/wp-content\/uploads\/2025\/08\/Communications-Infrastructure-3.jpg 1456w, https:\/\/www.sisinternational.com\/wp-content\/uploads\/2025\/08\/Communications-Infrastructure-3-300x168.jpg 300w, https:\/\/www.sisinternational.com\/wp-content\/uploads\/2025\/08\/Communications-Infrastructure-3-1024x574.jpg 1024w, https:\/\/www.sisinternational.com\/wp-content\/uploads\/2025\/08\/Communications-Infrastructure-3-768x430.jpg 768w, https:\/\/www.sisinternational.com\/wp-content\/uploads\/2025\/08\/Communications-Infrastructure-3-18x10.jpg 18w\" sizes=\"auto, (max-width: 1456px) 100vw, 1456px\"><\/figure>\n\n\n\n<p><\/p>\n\n\n\n<p>Unter Kommunikationsinfrastruktur versteht man physische und virtuelle Systeme, Netzwerke und Technologien. Diese Systeme erleichtern den Informations- und Datentransfer zwischen Einzelpersonen, Organisationen und Ger\u00e4ten. Sie bilden die Grundlage f\u00fcr moderne Kommunikation. Sie erm\u00f6glicht auch den Austausch von Sprache, Daten, Videos und anderen Formen von Informationen. Diese Informationen k\u00f6nnen nun detailliert \u00fcber lokale, regionale, nationale und globale Netzwerke \u00fcbertragen werden.<\/p>\n\n\n\n<h3 class=\"wp-block-heading\">Die Kommunikationsinfrastruktur umfasst ein breites Spektrum an Komponenten, darunter:<\/h3>\n\n\n\n<ul class=\"wp-block-list\">\n<li><strong>Physische Infrastruktur:<\/strong> umfasst physische Anlagen wie Kabel, Dr\u00e4hte und Glasfaserleitungen. Dazu geh\u00f6ren auch Antennen, Satellitensysteme, Router, Switches und Rechenzentren. Unternehmen der Kommunikationsinfrastruktur verwenden diese Systeme zum Senden und Verarbeiten von Daten.<\/li>\n\n\n\n<li><strong>Netzwerkinfrastruktur:<\/strong> umfasst miteinander verbundene Systeme und Netzwerke. Beispiele f\u00fcr Netzwerkinfrastruktur sind das Internet und drahtlose Netzwerke. Weitere Beispiele sind Festnetz- und Datennetze. Diese Netzwerke erm\u00f6glichen die Kommunikation zwischen verschiedenen Standorten, Ger\u00e4ten und Benutzern.<\/li>\n\n\n\n<li><strong>Software-Infrastruktur:<\/strong> umfasst Softwareanwendungen, Protokolle und Standards. Diese Anwendungen erm\u00f6glichen Kommunikation und Daten\u00fcbertragung. Beispiele sind E-Mail-Systeme, Messaging-Apps, Social-Media-Plattformen und andere Kommunikationssoftware.<\/li>\n\n\n\n<li><strong>Dienstleister:<\/strong> die Unternehmen und anderen Stellen, die die Netzwerke und Infrastruktur pflegen. Zu diesen Stellen geh\u00f6ren Internetdienstanbieter (ISPs) und Telekommunikationsunternehmen. Auch Mobilfunkanbieter fallen unter den Begriff der Dienstanbieter.<\/li>\n\n\n\n<li><strong>Ger\u00e4te und Endpunkte:<\/strong> die Ger\u00e4te, Endpunkte und Ausr\u00fcstung, die f\u00fcr den Zugriff auf Netzwerke verwendet werden. Beispiele sind Smartphones, Tablets, Computer, Server und andere verbundene Ger\u00e4te.<\/li>\n<\/ul>\n\n\n\n<h2 class=\"wp-block-heading\">Warum ist die Kommunikationsinfrastruktur wichtig?<\/h2>\n\n\n\n<p>Die Kommunikationsinfrastruktur ist f\u00fcr die moderne Gesellschaft und die globale Wirtschaft von entscheidender Bedeutung. Mit anderen Worten: Sie ist f\u00fcr verschiedene Sektoren von entscheidender Bedeutung, darunter Telekommunikation und Informationstechnologie. Sie ist auch f\u00fcr Medien, Unterhaltung, Transport, Finanzen, Gesundheitswesen und Regierung von entscheidender Bedeutung. Ein weiterer Vorteil der Kommunikationsinfrastruktur besteht darin, dass sie Kommunikation, Zusammenarbeit und Informationsaustausch erm\u00f6glicht. Diese Komponenten sind f\u00fcr die moderne Gesellschaft von entscheidender Bedeutung, ganz zu schweigen von der globalen Wirtschaft. Sie entwickelt sich mit dem technologischen Fortschritt weiter. Sie ist entscheidend f\u00fcr die Gestaltung der Kommunikation und Interaktion der Menschen im digitalen Zeitalter.<\/p>\n\n\n\n<p>Die Kommunikationsinfrastruktur hat viele wichtige Funktionen und Vorteile. Sie erleichtert beispielsweise die Kommunikation. Sie erm\u00f6glicht es Menschen, Organisationen und Ger\u00e4ten, Informationen in Echtzeit auszutauschen. Dies ist \u00fcber lokale, regionale, nationale und globale Netzwerke m\u00f6glich. Sie erm\u00f6glicht die \u00dcbertragung verschiedener Formen von Informationen, wie Sprache, Daten und Video. Um es klarzustellen: Sie erm\u00f6glicht Kommunikation in verschiedenen Formen. Beispielsweise sind Telefonanrufe, E-Mails, soziale Medien und Videokonferenzen m\u00f6glich. Diese Infrastruktur erm\u00f6glicht es Unternehmen, Regierungen und Einzelpersonen, sich zu vernetzen, zusammenzuarbeiten und Informationen auszutauschen. Diese Aktionen sind f\u00fcr wirtschaftliche, soziale und kulturelle Interaktionen von wesentlicher Bedeutung.<\/p>\n\n\n\n<p>Die Kommunikationsinfrastruktur katalysiert das Wirtschaftswachstum. Sie erleichtert Handel, Gewerbe und Gesch\u00e4ftstransaktionen im In- und Ausland. Sie erm\u00f6glicht beispielsweise E-Commerce, Online-Banking, digitale Zahlungen und Lieferkettenmanagement. Die Kommunikationsinfrastruktur erleichtert auch andere Gesch\u00e4ftsaktivit\u00e4ten, die die wirtschaftliche Entwicklung vorantreiben und Arbeitspl\u00e4tze schaffen. Die Kommunikationsinfrastruktur f\u00f6rdert auch Innovationen. Zumindest bietet sie eine Plattform f\u00fcr Forschung, Entwicklung und Verbreitung von Wissen und Informationen.<\/p>\n\n\n\n<p>Die Kommunikationsinfrastruktur erm\u00f6glicht den Zugang zu Informationen und Diensten, die f\u00fcr Einzelpersonen und Gemeinschaften von entscheidender Bedeutung sind. Sie f\u00f6rdert beispielsweise Bildung, Gesundheitsversorgung, staatliche Dienste, Nachrichten und Unterhaltung. Dar\u00fcber hinaus erm\u00f6glicht sie Fernunterricht, Telemedizin, E-Government und andere Online-Dienste. Gleichzeitig verbessern diese Dienste den Zugang zu Ressourcen, Chancen und Vorteilen. Sie sind insbesondere f\u00fcr unterversorgte Bev\u00f6lkerungsgruppen und abgelegene Gebiete von Interesse.<br>Die Kommunikationsinfrastruktur spielt im Notfall- und Katastrophenmanagement eine entscheidende Rolle. Sie stellt beispielsweise zuverl\u00e4ssige Kommunikationskan\u00e4le f\u00fcr Rettungsdienste, Ersthelfer und betroffene Gemeinden bereit. Sie erm\u00f6glicht die zeitnahe Verbreitung von Informationen, die Koordinierung von Ressourcen und Reaktionsma\u00dfnahmen. Sie ist bei Krisen, Naturkatastrophen und anderen Notf\u00e4llen von entscheidender Bedeutung.<\/p>\n\n\n\n<p>Die Kommunikationsinfrastruktur erm\u00f6glicht soziale Verbindungen und kulturellen Austausch. Dar\u00fcber hinaus erleichtert sie die Kommunikation und Interaktion zwischen Menschen aus verschiedenen geografischen Regionen. Menschen mit unterschiedlichem kulturellen Hintergrund und unterschiedlichen Perspektiven k\u00f6nnen ebenfalls interagieren. Dar\u00fcber hinaus f\u00f6rdert sie Vielfalt, Inklusivit\u00e4t und Verst\u00e4ndnis und erm\u00f6glicht den Austausch von Ideen und Erfahrungen. Sie f\u00f6rdert auch den sozialen Zusammenhalt und die kulturelle Bereicherung.<\/p>\n\n\n\n<p>Die Kommunikationsinfrastruktur dient als Plattform f\u00fcr technologische Innovationen. Dar\u00fcber hinaus bildet sie die Grundlage f\u00fcr die Entwicklung und Bereitstellung neuer Kommunikationstechnologien und -dienste. Sie erm\u00f6glicht Fortschritte bei 5G und dem Internet der Dinge (IoT). Die Kommunikationsinfrastruktur verbessert auch k\u00fcnstliche Intelligenz (KI), Cloud Computing und virtuelle Realit\u00e4t (VR). Diese Fortschritte treiben Innovationen in verschiedenen Sektoren voran. Sie k\u00f6nnen Branchen, Volkswirtschaften und Gesellschaften ver\u00e4ndern.<\/p>\n\n\n\n<h2 class=\"wp-block-heading\">Wichtige Berufsbezeichnungen<\/h2>\n\n\n\n<ol class=\"wp-block-list\">\n<li><strong>Netzwerkadministrator:<\/strong> Verwaltet und wartet die Netzwerkinfrastruktur einer Organisation. Der Netzwerkadministrator konfiguriert, \u00fcberwacht, behebt Probleme und optimiert Netzwerksysteme, -ger\u00e4te und -dienste.<\/li>\n\n\n\n<li><strong>Telekommunikations-Ingenieur:<\/strong> Entwirft, implementiert und verwaltet Telekommunikationssysteme. Zu diesen Systemen geh\u00f6ren Sprach- und Datennetze, drahtlose Netzwerke und andere Kommunikationstechnologien.<\/li>\n\n\n\n<li><strong>Spezialist f\u00fcr Informationssicherheit:<\/strong> Gew\u00e4hrleistet die Sicherheit der Kommunikationsinfrastruktur. Dieser Spezialist implementiert und verwaltet Sicherheitsma\u00dfnahmen. Er arbeitet mit Firewalls, Verschl\u00fcsselung, Authentifizierung und \u00dcberwachung. Diese Systeme sch\u00fctzen vor Cyberbedrohungen und unbefugtem Zugriff.<\/li>\n\n\n\n<li><strong>Netzwerkarchitekt:<\/strong> Entwirft die Struktur und das Layout der Netzwerkinfrastruktur einer Organisation. Sie definieren Netzwerkanforderungen, w\u00e4hlen geeignete Technologien aus und entwerfen Netzwerke und Dokumentation.<\/li>\n\n\n\n<li><strong>VoIP-Techniker:<\/strong> Spezialisiert auf VoIP-Technologien (Voice-over-Internet Protocol). Sie verwalten die Entwicklung, Implementierung und Wartung von VoIP-Systemen, einschlie\u00dflich IP-basierter Telefonsysteme, Unified Communications und Videokonferenzen.<\/li>\n\n\n\n<li><strong>Ingenieur f\u00fcr Cloud-Kommunikation:<\/strong> Entwirft und implementiert cloudbasierte Kommunikationsl\u00f6sungen. Sie verwalten cloudbasierte Telefonsysteme, Messaging, Videokonferenzen und andere Kommunikationsdienste.<\/li>\n\n\n\n<li><strong>Techniker im Rechenzentrum:<\/strong> Verwaltet und wartet Rechenzentrumseinrichtungen, Server und Netzwerkger\u00e4te. Sie warten auch Strom- und K\u00fchlsysteme und andere Infrastrukturkomponenten. Sie sorgen f\u00fcr zuverl\u00e4ssige Kommunikation und Daten\u00fcbertragung.<\/li>\n\n\n\n<li><strong>Ingenieur f\u00fcr drahtlose Netzwerke:<\/strong> Entwirft, implementiert und verwaltet drahtlose Netzwerke. Sie arbeiten mit Wi-Fi, Mobilfunk und anderen drahtlosen Kommunikationstechnologien. Sie bieten drahtlose Konnektivit\u00e4t und Unterst\u00fctzung f\u00fcr mobile und IoT-Ger\u00e4te.<\/li>\n\n\n\n<li><strong>Ingenieur im Network Operations Center (NOC):<\/strong> \u00dcberwacht und verwaltet die Netzwerkinfrastruktur einer Organisation. Sie identifizieren und l\u00f6sen Netzwerkprobleme, f\u00fchren Leistungsanalysen durch und pflegen die Dokumentation.<\/li>\n\n\n\n<li><strong>Kommunikationssystemanalytiker:<\/strong> Analysiert den Kommunikationsbedarf einer Organisation und ermittelt die Kommunikationsanforderungen. Au\u00dferdem empfiehlt er Kommunikationstechnologien und -l\u00f6sungen, um diese Anforderungen zu erf\u00fcllen. Diese L\u00f6sungen umfassen Sprach-, Daten-, Video- und andere Kommunikationsdienste.<\/li>\n<\/ol>\n\n\n\n<h2 class=\"wp-block-heading\">Warum brauchen Unternehmen Marktforschung zur Kommunikationsinfrastruktur?<\/h2>\n\n\n\n<figure class=\"gb-block-image gb-block-image-ad84a492\"><img loading=\"lazy\" decoding=\"async\" width=\"1456\" height=\"816\" class=\"gb-image gb-image-ad84a492\" src=\"https:\/\/www.sisinternational.com\/wp-content\/uploads\/2025\/08\/Communications-Infrastructure-2.jpg\" alt=\"SIS International Marktforschung &amp; Strategie\" title=\"Communications Infrastructure (2)\" srcset=\"https:\/\/www.sisinternational.com\/wp-content\/uploads\/2025\/08\/Communications-Infrastructure-2.jpg 1456w, https:\/\/www.sisinternational.com\/wp-content\/uploads\/2025\/08\/Communications-Infrastructure-2-300x168.jpg 300w, https:\/\/www.sisinternational.com\/wp-content\/uploads\/2025\/08\/Communications-Infrastructure-2-1024x574.jpg 1024w, https:\/\/www.sisinternational.com\/wp-content\/uploads\/2025\/08\/Communications-Infrastructure-2-768x430.jpg 768w, https:\/\/www.sisinternational.com\/wp-content\/uploads\/2025\/08\/Communications-Infrastructure-2-18x10.jpg 18w\" sizes=\"auto, (max-width: 1456px) 100vw, 1456px\"><\/figure>\n\n\n\n<p><\/p>\n\n\n\n<h3 class=\"wp-block-heading\">Unternehmen ben\u00f6tigen aus mehreren wichtigen Gr\u00fcnden eine Kommunikationsinfrastruktur:<\/h3>\n\n\n\n<p>Effektive Kommunikation ist f\u00fcr den Betrieb von Unternehmen von entscheidender Bedeutung. Die Kommunikationsinfrastruktur erm\u00f6glicht es Unternehmen, zuverl\u00e4ssige und sichere Kommunikationskan\u00e4le einzurichten. Sie erm\u00f6glicht eine nahtlose Kommunikation zwischen Mitarbeitern, Abteilungen und Standorten. Eine solche Kommunikation erm\u00f6glicht eine effiziente Aufgabenkoordination, Informationsfreigabe und Entscheidungsfindung. Sie f\u00fchrt zu erh\u00f6hter Produktivit\u00e4t und optimierten Abl\u00e4ufen.<\/p>\n\n\n\n<p>Ein weiterer wichtiger Punkt ist, dass Unternehmen mit Kunden, Lieferanten und Partnern kommunizieren m\u00fcssen. Sie m\u00fcssen auch Kontakt zu anderen Stakeholdern au\u00dferhalb der Organisation aufnehmen. Die Kommunikationsinfrastruktur erm\u00f6glicht es Unternehmen, Kommunikationskan\u00e4le mit externen Parteien aufzubauen und aufrechtzuerhalten. Sie erleichtert den Vertrieb, den Kundensupport, das Supply Chain Management und andere Gesch\u00e4ftsinteraktionen.<\/p>\n\n\n\n<p>Eine Kommunikationsinfrastruktur erm\u00f6glicht es Unternehmen, die Zusammenarbeit und Teamarbeit zwischen Mitarbeitern zu erleichtern. Das funktioniert sogar, wenn sie sich nicht in der N\u00e4he voneinander befinden. Tats\u00e4chlich erm\u00f6glichen diese Dienste Teams, in Echtzeit zusammenzuarbeiten. Sie k\u00f6nnen Ideen austauschen, gemeinsam an Dokumenten arbeiten und Entscheidungen treffen, unabh\u00e4ngig von ihrem physischen Standort. Eine gute Kommunikationsinfrastruktur f\u00f6rdert somit Innovation, Kreativit\u00e4t und Effizienz innerhalb der Organisation.<\/p>\n\n\n\n<p>Im heutigen digitalen Zeitalter werden Remote- und flexible Arbeitsvereinbarungen immer \u00fcblicher. Die Kommunikationsinfrastruktur erm\u00f6glicht es Unternehmen, Remote-Arbeit zu unterst\u00fctzen. Sie bietet Kommunikationstools, mit denen Mitarbeiter jederzeit und \u00fcberall kommunizieren und zusammenarbeiten k\u00f6nnen. Diese Tools erm\u00f6glichen eine gr\u00f6\u00dfere Flexibilit\u00e4t der Belegschaft sowie den Zugang zu Talenten \u00fcber geografische Grenzen hinweg. Dies f\u00fchrt zu einer h\u00f6heren Mitarbeiterzufriedenheit.<\/p>\n\n\n\n<p>Unternehmen m\u00fcssen mit ihren Kunden kommunizieren, um Beziehungen aufzubauen und zu pflegen. Sie m\u00fcssen auch Kundensupport bieten und einen hervorragenden Kundenservice liefern. Die Kommunikationsinfrastruktur erm\u00f6glicht es Unternehmen, Kommunikationskan\u00e4le einzurichten, um mit Kunden in Kontakt zu treten. Sie erm\u00f6glicht es ihnen, auf ihre Anfragen zu reagieren und auf ihre Bed\u00fcrfnisse einzugehen.<\/p>\n\n\n\n<p>Eine zuverl\u00e4ssige Kommunikationsinfrastruktur ist f\u00fcr die Gew\u00e4hrleistung der Gesch\u00e4ftskontinuit\u00e4t von entscheidender Bedeutung. St\u00f6rungen und Notf\u00e4lle wie Naturkatastrophen, Stromausf\u00e4lle und Netzwerkfehler k\u00f6nnen immer wieder auftreten. Mithilfe einer Kommunikationsinfrastruktur k\u00f6nnen Unternehmen Kommunikationskan\u00e4le aufrechterhalten und Notfallma\u00dfnahmen koordinieren. Sie k\u00f6nnen damit auch kritische Gesch\u00e4ftsabl\u00e4ufe fortf\u00fchren. Sie k\u00f6nnen ihre Kunden auch unter schwierigen Umst\u00e4nden bedienen.<\/p>\n\n\n\n<p>Die Kommunikationsinfrastruktur ist f\u00fcr Unternehmen unerl\u00e4sslich, um wettbewerbsf\u00e4hig und innovativ zu bleiben. Sie erm\u00f6glicht es Unternehmen, neue Kommunikationstechnologien zu nutzen. Sie k\u00f6nnen neue Produkte und Dienste mithilfe von 5G, IoT, KI und Cloud Computing entwickeln. Dar\u00fcber hinaus verbessert die Infrastruktur die Betriebseffizienz. Sie hilft Unternehmen, einen Wettbewerbsvorteil auf dem Markt zu erlangen. Sie erm\u00f6glicht ihnen auch, sich an ver\u00e4nderte Kundenpr\u00e4ferenzen und Marktdynamiken anzupassen.<\/p>\n\n\n\n<h2 class=\"wp-block-heading\">Schl\u00fcsselfaktoren f\u00fcr den Erfolg<\/h2>\n\n\n\n<figure class=\"gb-block-image gb-block-image-929a4999\"><img loading=\"lazy\" decoding=\"async\" width=\"1456\" height=\"816\" class=\"gb-image gb-image-929a4999\" src=\"https:\/\/www.sisinternational.com\/wp-content\/uploads\/2025\/08\/Communications-Infrastructure-1.jpg\" alt=\"SIS International Marktforschung &amp; Strategie\" title=\"Communications Infrastructure (1)\" srcset=\"https:\/\/www.sisinternational.com\/wp-content\/uploads\/2025\/08\/Communications-Infrastructure-1.jpg 1456w, https:\/\/www.sisinternational.com\/wp-content\/uploads\/2025\/08\/Communications-Infrastructure-1-300x168.jpg 300w, https:\/\/www.sisinternational.com\/wp-content\/uploads\/2025\/08\/Communications-Infrastructure-1-1024x574.jpg 1024w, https:\/\/www.sisinternational.com\/wp-content\/uploads\/2025\/08\/Communications-Infrastructure-1-768x430.jpg 768w, https:\/\/www.sisinternational.com\/wp-content\/uploads\/2025\/08\/Communications-Infrastructure-1-18x10.jpg 18w\" sizes=\"auto, (max-width: 1456px) 100vw, 1456px\"><\/figure>\n\n\n\n<p><\/p>\n\n\n\n<h3 class=\"wp-block-heading\">Es gibt mehrere kritische Erfolgsfaktoren f\u00fcr den Einsatz einer Kommunikationsinfrastruktur in einem Unternehmen.<\/h3>\n\n\n\n<p>Die erste besteht darin, eine robuste und zuverl\u00e4ssige Infrastruktur zu entwerfen, zu installieren und zu warten. Das gew\u00e4hrleistet unterbrechungsfreie Kommunikationsdienste. Dazu geh\u00f6ren redundante Systeme, Notstromversorgungen, Netzwerk\u00fcberwachung und proaktive Wartung. Auf diese Weise reduzieren Sie Ausfallzeiten und maximieren die Zuverl\u00e4ssigkeit.<\/p>\n\n\n\n<p>Die Kommunikationsinfrastruktur sollte skalierbar und flexibel sein. Sie muss in der Lage sein, sich den sich \u00e4ndernden Anforderungen des Unternehmens anzupassen. Sie muss den steigenden Kommunikationsanforderungen gerecht werden, wenn das Unternehmen w\u00e4chst. Die Kommunikationsinfrastruktur sollte sich auch an neue Technologien und Kommunikationsplattformen anpassen.<\/p>\n\n\n\n<p>Am besten sichern Sie Ihre Kommunikationsinfrastruktur vor unbefugtem Zugriff und Datenlecks. Zum Schutz Ihrer Infrastruktur geh\u00f6rt die Implementierung geeigneter Sicherheitsma\u00dfnahmen wie Firewalls, Verschl\u00fcsselung, Authentifizierung und \u00dcberwachung. Auf diese Weise k\u00f6nnen Sie vertrauliche Informationen sch\u00fctzen und die Einhaltung der Datenschutzbestimmungen gew\u00e4hrleisten.<\/p>\n\n\n\n<p>Die Integration der Kommunikationsinfrastruktur in andere Gesch\u00e4ftssysteme und -anwendungen ist unerl\u00e4sslich. Unternehmen sollten versuchen, sie in Customer-Relationship-Management-Systeme (CRM) zu integrieren. Dasselbe sollten sie mit Enterprise-Resource-Planning-Systemen und Collaboration-Tools tun. Die Integration erm\u00f6glicht eine nahtlose Kommunikation und einen nahtlosen Datenaustausch zwischen verschiedenen Systemen und verbessert so die Gesch\u00e4ftseffizienz.<\/p>\n\n\n\n<p>Qualifiziertes und sachkundiges Personal ist von entscheidender Bedeutung. Dieses Team sollte auch mit der Verwaltung und Nutzung der Kommunikationsinfrastruktur vertraut sein. Die Gruppe umfasst Netzwerkadministratoren, Telekommunikationsingenieure, Sicherheitsspezialisten und andere relevante Rollen. Sie sollten in der Lage sein, die Kommunikationsinfrastruktur zu konfigurieren, zu \u00fcberpr\u00fcfen, Fehler zu beheben und zu optimieren.<\/p>\n\n\n\n<p>Unternehmen sollten die Infrastruktur an ihren strategischen Zielen ausrichten. Dazu geh\u00f6rt eine klar definierte Kommunikationsstrategie und ein Governance-Rahmenwerk. Richtlinien sollten auch die Verwaltung und Nutzung der Kommunikationsinfrastruktur leiten. Sie sollten immer im Einklang mit den Gesch\u00e4ftspriorit\u00e4ten stehen.<\/p>\n\n\n\n<p>Unternehmen sollten ihre Kommunikationsinfrastruktur auf Leistung, Sicherheit und Konformit\u00e4t testen. Sie sollten bei Bedarf Verbesserungen vornehmen. Unternehmen m\u00fcssen regelm\u00e4\u00dfige Bewertungen durchf\u00fchren und Best Practices implementieren. Sie m\u00fcssen \u00fcber die neuesten Technologien und Trends in der Kommunikationsinfrastruktur auf dem Laufenden bleiben.<\/p>\n\n\n\n<p>Die Akzeptanz und Schulung der Benutzer sind entscheidende Erfolgsfaktoren f\u00fcr die Kommunikationsinfrastruktur. Unternehmen sollten ihre Mitarbeiter im Umgang mit Kommunikationstools und -plattformen schulen. Sie sollten ihre Mitarbeiter auch dazu ermutigen, diese in ihrer t\u00e4glichen Arbeit zu nutzen. Es ist wichtig, Benutzerfeedback zu sammeln und es in laufende Verbesserungen einflie\u00dfen zu lassen. Auf diese Weise k\u00f6nnen sie sicherstellen, dass die Infrastruktur den Anforderungen des Unternehmens und seiner Benutzer entspricht.<\/p>\n\n\n\n<p>Ist das Unternehmen bei der Bereitstellung von Kommunikationsinfrastrukturdiensten auf Drittanbieter angewiesen? Dann ist ein effektives Lieferantenmanagement von entscheidender Bedeutung. Unternehmen m\u00fcssen zuverl\u00e4ssige Lieferanten ausw\u00e4hlen und klare Service Level Agreements (SLAs) festlegen. Dazu geh\u00f6rt auch die Pflege starker Lieferantenbeziehungen. Auf diese Weise k\u00f6nnen sie die Bereitstellung der Dienste gem\u00e4\u00df den vereinbarten Standards sicherstellen.<br>F\u00fcr die Kommunikationsinfrastruktur ist ein solider Notfallwiederherstellungs- und Gesch\u00e4ftskontinuit\u00e4tsplan unerl\u00e4sslich. Dieser Plan sollte Sicherungs- und Wiederherstellungsmechanismen, redundante Systeme und Notfallpl\u00e4ne umfassen. So kann das Unternehmen im Falle von St\u00f6rungen oder Notf\u00e4llen die Kommunikationsdienste wiederherstellen.<\/p>\n\n\n\n<p>In short, it\u2019s essential to manage and leverage communications infrastructure. Businesses can improve internal and external communication and enhance collaboration and innovation. Communications <a class=\"wpil_keyword_link\" href=\"https:\/\/www.sisinternational.com\/de\/sachverstand\/branchen\/infrastrukturmarktforschung\/\"   title=\"Infrastruktur-Marktforschung\" data-wpil-keyword-link=\"linked\"  data-wpil-monitor-id=\"366\">Infrastruktur-Marktforschung<\/a> helps them gain a competitive edge in today\u2019s fast-paced business environment.<\/p>\n\n\n\n<h2 class=\"wp-block-heading\">\u00dcber Marktforschung zur Kommunikationsinfrastruktur<\/h2>\n\n\n\n<p>SIS International <a href=\"https:\/\/www.sisinternational.com\/de\/sachverstand\/branchen\/geflugelmarktforschung\/\" title=\"Gefl\u00fcgelmarktforschung\"  data-wpil-monitor-id=\"3094\">Research covers various market<\/a> studies in the Communications Infrastructure industry. For example, we offer Qualitative, Quantitative, UX, and Strategy Market Research. We also provide Competitive Analysis, Market Entry, Market Sizing, and <a href=\"https:\/\/www.sisinternational.com\/de\/sachverstand\/branchen\/motel-marktforschung\/\" title=\"Motel-Marktforschung\"  data-wpil-monitor-id=\"3105\">Marktchancenforschung<\/a>. You can use Focus Groups, Surveys, and Interviews organized by SIS. These tools will inform your Go to Market Strategy.<\/p>\n\n\n\n<p>SIS bietet die Daten, Erkenntnisse und Plattformen, die Sie ben\u00f6tigen. Wir k\u00f6nnen Ihnen helfen, Ihre strategischen und gesch\u00e4ftlichen Ziele zu erreichen. Hunderte von Unternehmen weltweit vertrauen auf SIS International. Wir verf\u00fcgen \u00fcber jahrzehntelange Erfahrung in der Bereitstellung pr\u00e4ziser und zeitnaher Marktforschung. Sie k\u00f6nnen diese Erkenntnisse jetzt nutzen und Ihre Produktpositionierung und -botschaft st\u00e4rken. Nutzen Sie die globale Kundenreichweite von SIS und ein erstklassiges Analystenteam. Kontaktieren Sie uns noch heute!<\/p>","protected":false},"excerpt":{"rendered":"<p>Die Kommunikationsinfrastruktur ist f\u00fcr die moderne Weltwirtschaft von entscheidender Bedeutung und von entscheidender Bedeutung f\u00fcr die Telekommunikation und Informationstechnologie.<\/p>","protected":false},"author":1,"featured_media":64238,"parent":14514,"menu_order":282,"comment_status":"closed","ping_status":"closed","template":"","meta":{"footnotes":""},"class_list":["post-42607","page","type-page","status-publish","has-post-thumbnail"],"_links":{"self":[{"href":"https:\/\/www.sisinternational.com\/de\/wp-json\/wp\/v2\/pages\/42607","targetHints":{"allow":["GET"]}}],"collection":[{"href":"https:\/\/www.sisinternational.com\/de\/wp-json\/wp\/v2\/pages"}],"about":[{"href":"https:\/\/www.sisinternational.com\/de\/wp-json\/wp\/v2\/types\/page"}],"author":[{"embeddable":true,"href":"https:\/\/www.sisinternational.com\/de\/wp-json\/wp\/v2\/users\/1"}],"replies":[{"embeddable":true,"href":"https:\/\/www.sisinternational.com\/de\/wp-json\/wp\/v2\/comments?post=42607"}],"version-history":[{"count":6,"href":"https:\/\/www.sisinternational.com\/de\/wp-json\/wp\/v2\/pages\/42607\/revisions"}],"predecessor-version":[{"id":77401,"href":"https:\/\/www.sisinternational.com\/de\/wp-json\/wp\/v2\/pages\/42607\/revisions\/77401"}],"up":[{"embeddable":true,"href":"https:\/\/www.sisinternational.com\/de\/wp-json\/wp\/v2\/pages\/14514"}],"wp:featuredmedia":[{"embeddable":true,"href":"https:\/\/www.sisinternational.com\/de\/wp-json\/wp\/v2\/media\/64238"}],"wp:attachment":[{"href":"https:\/\/www.sisinternational.com\/de\/wp-json\/wp\/v2\/media?parent=42607"}],"curies":[{"name":"wp","href":"https:\/\/api.w.org\/{rel}","templated":true}]}}