{"id":42600,"date":"2023-04-30T17:27:55","date_gmt":"2023-04-30T21:27:55","guid":{"rendered":"https:\/\/www.sisinternational.com\/?page_id=42600"},"modified":"2025-10-18T19:08:20","modified_gmt":"2025-10-18T23:08:20","slug":"cisco-marktforschung","status":"publish","type":"page","link":"https:\/\/www.sisinternational.com\/de\/sachverstand\/cisco-marktforschung\/","title":{"rendered":"CISO-Marktforschung"},"content":{"rendered":"<h1 class=\"wp-block-heading\">CISO-Marktforschung<\/h1>\n\n\n\n<figure class=\"gb-block-image gb-block-image-19648e25\"><img loading=\"lazy\" decoding=\"async\" width=\"1456\" height=\"816\" class=\"gb-image gb-image-19648e25\" src=\"https:\/\/www.sisinternational.com\/wp-content\/uploads\/2025\/08\/Cibersecurity-security-1.jpg\" alt=\"SIS International Marktforschung &amp; Strategie\" title=\"Cibersecurity security (1)\" srcset=\"https:\/\/www.sisinternational.com\/wp-content\/uploads\/2025\/08\/Cibersecurity-security-1.jpg 1456w, https:\/\/www.sisinternational.com\/wp-content\/uploads\/2025\/08\/Cibersecurity-security-1-300x168.jpg 300w, https:\/\/www.sisinternational.com\/wp-content\/uploads\/2025\/08\/Cibersecurity-security-1-1024x574.jpg 1024w, https:\/\/www.sisinternational.com\/wp-content\/uploads\/2025\/08\/Cibersecurity-security-1-768x430.jpg 768w, https:\/\/www.sisinternational.com\/wp-content\/uploads\/2025\/08\/Cibersecurity-security-1-18x10.jpg 18w\" sizes=\"auto, (max-width: 1456px) 100vw, 1456px\"><\/figure>\n\n\n\n<p><\/p>\n\n\n\n<p>Da die Gesellschaft technologisch immer st\u00e4rker vernetzt ist, hat der Schutz vertraulicher Informationen f\u00fcr Unternehmen h\u00f6chste Priorit\u00e4t. Der Chief Information Security Officer (CISO) ist daf\u00fcr verantwortlich, dass die Informationen sicher sind.<\/p>\n\n\n\n<p>Der CISO ist f\u00fcr den Schutz von Daten und die Schaffung sicherer Systeme verantwortlich, die Cyberbedrohungen und potenziellen Sicherheitsverletzungen standhalten k\u00f6nnen. Aufgrund der Bedeutung dieser Rolle steigt die Nachfrage nach qualifizierten und erfahrenen CISOs. F\u00fcr Unternehmen, die diese Position besetzen m\u00f6chten, oder f\u00fcr Fachkr\u00e4fte, die in dieses Feld einsteigen m\u00f6chten, ist es von entscheidender Bedeutung, die CISO-Marktforschungslandschaft zu verstehen, um wertvolle Einblicke in Einstellungstrends, Gehaltsvorstellungen und die erforderlichen F\u00e4higkeiten und Erfahrungen zu erhalten, die f\u00fcr den Erfolg in dieser wichtigen Rolle erforderlich sind.<\/p>\n\n\n\n<h2 class=\"wp-block-heading\">Was ist CISO-Marktforschung?<\/h2>\n\n\n\n<p>Die CISO-Marktforschung umfasst einen methodischen Prozess zum Sammeln, Analysieren und Verstehen von Daten zu CISOs. Diese Forschung umfasst in der Regel mehrere Facetten des CISO-Berufs, darunter den Bedarf an kompetenten CISOs, die erforderlichen spezifischen Qualifikationen und F\u00e4higkeiten, die verschiedenen Branchen, in denen CISOs besch\u00e4ftigt sind, die vorherrschenden Trends bei der Verg\u00fctung sowie die Schwierigkeiten und Aussichten, denen CISOs in ihren Positionen begegnen.<\/p>\n\n\n\n<h3 class=\"wp-block-heading\">Insbesondere hilft die CISO-Marktforschung Organisationen, Fachleuten und Interessenvertretern in der Cybersicherheitsbranche dabei:<\/h3>\n\n\n\n<ul class=\"wp-block-list\">\n<li>Understand the current <a href=\"https:\/\/www.sisinternational.com\/de\/abdeckung\/die-amerikaner\/usa-berichterstattung\/marktforschung-im-staat-new-york\/\" title=\"Marktforschung im Staat New York\"  data-wpil-monitor-id=\"8446\">state of the CISO job market<\/a>, including the size, growth rate, and geographic distribution of demand for CISOs.<\/li>\n\n\n\n<li>Identifizieren Sie neue Trends und Herausforderungen in der Cybersicherheitslandschaft, die sich auf die Rolle und Verantwortlichkeiten von CISOs auswirken k\u00f6nnen.<\/li>\n\n\n\n<li>Bestimmen Sie die wichtigsten F\u00e4higkeiten und Qualifikationen, die CISOs ben\u00f6tigen, um in ihrer Rolle erfolgreich zu sein, und die Herausforderungen im Zusammenhang mit der Rekrutierung und Bindung der besten Talente.<\/li>\n\n\n\n<li>Bewerten Sie die Wirksamkeit vorhandener Schulungs- und Entwicklungsprogramme f\u00fcr CISOs und identifizieren Sie Verbesserungsm\u00f6glichkeiten.<\/li>\n\n\n\n<li>Inform strategic decision-making related to <a href=\"https:\/\/www.sisinternational.com\/de\/losungen\/fintech-strategieberatung-forschung\/marktforschung-fur-investmenttechnologien\/\" title=\"Marktforschung f\u00fcr Investmenttechnologien\"  data-wpil-monitor-id=\"8447\">investments in cybersecurity technologies<\/a>, personnel, and initiatives.<\/li>\n<\/ul>\n\n\n\n<h2 class=\"wp-block-heading\">Die Bedeutung der CISO-Marktforschung in der aktuellen Gesch\u00e4ftslandschaft<\/h2>\n\n\n\n<figure class=\"gb-block-image gb-block-image-56a7052e\"><img loading=\"lazy\" decoding=\"async\" width=\"1456\" height=\"816\" class=\"gb-image gb-image-56a7052e\" src=\"https:\/\/www.sisinternational.com\/wp-content\/uploads\/2025\/08\/Cibersecurity-security-7.jpg\" alt=\"SIS International Marktforschung &amp; Strategie\" title=\"Cibersecurity security (7)\" srcset=\"https:\/\/www.sisinternational.com\/wp-content\/uploads\/2025\/08\/Cibersecurity-security-7.jpg 1456w, https:\/\/www.sisinternational.com\/wp-content\/uploads\/2025\/08\/Cibersecurity-security-7-300x168.jpg 300w, https:\/\/www.sisinternational.com\/wp-content\/uploads\/2025\/08\/Cibersecurity-security-7-1024x574.jpg 1024w, https:\/\/www.sisinternational.com\/wp-content\/uploads\/2025\/08\/Cibersecurity-security-7-768x430.jpg 768w, https:\/\/www.sisinternational.com\/wp-content\/uploads\/2025\/08\/Cibersecurity-security-7-18x10.jpg 18w\" sizes=\"auto, (max-width: 1456px) 100vw, 1456px\"><\/figure>\n\n\n\n<p><\/p>\n\n\n\n<p>Die heutige Gesch\u00e4ftswelt ist von einer wachsenden Zahl zunehmend komplexer Cyberbedrohungen und Datenschutzverletzungen betroffen. Daher ist es f\u00fcr Unternehmen unerl\u00e4sslich, die CISO-Marktforschung vollst\u00e4ndig zu verstehen, um ihre digitalen Verm\u00f6genswerte zu sch\u00fctzen. Hier sind einige wichtige Gr\u00fcnde, warum CISO-Marktforschung im aktuellen Gesch\u00e4ftsumfeld von entscheidender Bedeutung ist:<\/p>\n\n\n\n<ul class=\"wp-block-list\">\n<li><strong>Ermittlung des Talentbedarfs:<\/strong> Mithilfe von CISO-Marktforschung k\u00f6nnen Unternehmen die spezifischen F\u00e4higkeiten und Qualifikationen ermitteln, die ein erfolgreicher CISO ben\u00f6tigt. Indem sie sich \u00fcber Markttrends auf dem Laufenden halten, k\u00f6nnen Unternehmen sicherstellen, dass sie die qualifiziertesten Kandidaten rekrutieren und behalten, um ihre digitalen Assets zu sch\u00fctzen.<\/li>\n\n\n\n<li><strong>Neuen Bedrohungen immer einen Schritt voraus:<\/strong> Die Marktforschung f\u00fcr CISOs liefert Einblicke in neu auftretende Bedrohungen, neue Technologien und die neuesten Cybersicherheitsstrategien. Indem sie sich \u00fcber diese Entwicklungen auf dem Laufenden halten, k\u00f6nnen Unternehmen Bedrohungen besser vorhersehen und darauf reagieren und so das Potenzial f\u00fcr kostspielige Datenlecks und Cyberangriffe minimieren.<\/li>\n\n\n\n<li><strong>Fundierte Anlageentscheidungen:<\/strong> Mithilfe der CISO-Marktforschung k\u00f6nnen Unternehmen bei der Ressourcenzuweisung f\u00fcr ihre Cybersicherheitsinitiativen datengesteuerte Entscheidungen treffen und sicherstellen, dass sie in die effektivsten L\u00f6sungen und das effektivste Personal investieren.<\/li>\n<\/ul>\n\n\n\n<h2 class=\"wp-block-heading\">Neue Trends<\/h2>\n\n\n\n<p>The CISO <a href=\"https:\/\/www.sisinternational.com\/de\/losungen\/sis-globales-wachstum\/strategieberatung-fur-schwellenmarkte\/\" title=\"Strategieberatung f\u00fcr Schwellenm\u00e4rkte\"  data-wpil-monitor-id=\"8448\">market is experiencing several emerging<\/a> trends that are shaping the cybersecurity landscape. Some of the key emerging trends in CISO market research are:<\/p>\n\n\n\n<ul class=\"wp-block-list\">\n<li><strong>Der Aufstieg der k\u00fcnstlichen Intelligenz (KI) und des maschinellen Lernens (ML):<\/strong> KI- und ML-Technologien werden zunehmend eingesetzt, um Cybersicherheitsma\u00dfnahmen zu verbessern und es Organisationen zu erm\u00f6glichen, Bedrohungen effizienter zu erkennen und darauf zu reagieren. CISOs m\u00fcssen \u00fcber die neuesten Fortschritte in den Bereichen KI und ML auf dem Laufenden bleiben, um sicherzustellen, dass ihre Organisationen diese Technologien effektiv nutzen.<\/li>\n\n\n\n<li><strong>Verst\u00e4rkter Fokus auf Datenschutz und Compliance:<\/strong> Mit der Einf\u00fchrung von Vorschriften wie der DSGVO und dem CCPA werden Unternehmen nun einer verst\u00e4rkten Kontrolle ihrer Datenschutzpraktiken ausgesetzt. CISOs m\u00fcssen Datenschutz und Compliance priorisieren, um hohe Geldstrafen und Reputationssch\u00e4den zu vermeiden.<\/li>\n\n\n\n<li><strong>Qualifikationsl\u00fccke im Bereich Cybersicherheit:<\/strong> Die Nachfrage nach qualifizierten Cybersicherheitsexperten \u00fcbersteigt weiterhin das Angebot, was zu einer Talentl\u00fccke in der Branche f\u00fchrt. Um dieser Herausforderung zu begegnen, m\u00fcssen CISOs innovative Strategien f\u00fcr die Rekrutierung, Bindung und Schulung von Cybersicherheitstalenten entwickeln. Da menschliches Versagen nach wie vor ein wesentlicher Faktor bei Datenschutzverletzungen ist, legen CISOs mehr Wert auf Schulungen und Sensibilisierungsprogramme f\u00fcr Mitarbeiter im Bereich Cybersicherheit.<\/li>\n\n\n\n<li><strong>Erh\u00f6hte Nachfrage nach CISOs:<\/strong> Angesichts der wachsenden Bedeutung der Cybersicherheit in Organisationen jeder Gr\u00f6\u00dfe besteht ein erh\u00f6hter Bedarf an CISOs, die die F\u00fchrung bei der Entwicklung und Implementierung umfassender Sicherheitsstrategien \u00fcbernehmen.<\/li>\n\n\n\n<li><strong>Wachsende Aufmerksamkeit f\u00fcr Insider-Bedrohungen:<\/strong> CISOs konzentrieren sich zunehmend auf die Erkennung und Verhinderung von Insider-Bedrohungen, egal ob b\u00f6swillig oder unbeabsichtigt, durch die Implementierung robuster Benutzer.<\/li>\n<\/ul>\n\n\n\n<h2 class=\"wp-block-heading\">Die Zukunft<\/h2>\n\n\n\n<figure class=\"gb-block-image gb-block-image-e9024cc4\"><img loading=\"lazy\" decoding=\"async\" width=\"1456\" height=\"816\" class=\"gb-image gb-image-e9024cc4\" src=\"https:\/\/www.sisinternational.com\/wp-content\/uploads\/2025\/08\/Cibersecurity-security-9.jpg\" alt=\"SIS International Marktforschung &amp; Strategie\" title=\"Cibersecurity security (9)\" srcset=\"https:\/\/www.sisinternational.com\/wp-content\/uploads\/2025\/08\/Cibersecurity-security-9.jpg 1456w, https:\/\/www.sisinternational.com\/wp-content\/uploads\/2025\/08\/Cibersecurity-security-9-300x168.jpg 300w, https:\/\/www.sisinternational.com\/wp-content\/uploads\/2025\/08\/Cibersecurity-security-9-1024x574.jpg 1024w, https:\/\/www.sisinternational.com\/wp-content\/uploads\/2025\/08\/Cibersecurity-security-9-768x430.jpg 768w, https:\/\/www.sisinternational.com\/wp-content\/uploads\/2025\/08\/Cibersecurity-security-9-18x10.jpg 18w\" sizes=\"auto, (max-width: 1456px) 100vw, 1456px\"><\/figure>\n\n\n\n<p><\/p>\n\n\n\n<p>The ever-evolving digital arena and the emergence of advanced cyber threats will lead to significant <a href=\"https:\/\/www.sisinternational.com\/de\/losungen\/marktforschung-zur-geschaftstransformation\/\" title=\"Business Transformation Marktforschung\"  data-wpil-monitor-id=\"8449\">transformations in the CISO market<\/a>. To prepare for the future, both organizations and cybersecurity professionals must gain an in-depth understanding of the potential changes in the CISO market. Here are some prospects for the future of CISO market research:<\/p>\n\n\n\n<ul class=\"wp-block-list\">\n<li><strong>Continued <\/strong><a href=\"https:\/\/www.sisinternational.com\/de\/losungen\/reise-tourismus-und-gastgewerbeberatung\/marktforschung-fur-reiseleiterunternehmen\/\" title=\"Marktforschung f\u00fcr Reiseleiterunternehmen\"  data-wpil-monitor-id=\"8450\">market growth: As companies<\/a> continue to prioritize cybersecurity, the need for capable and seasoned CISOs is projected to steadily increase. This recognition of the significance of robust cybersecurity leadership is anticipated to intensify the competition for top CISO talent and result in higher compensation packages.<\/li>\n\n\n\n<li><strong>Die sich entwickelnde Rolle von CISOs:<\/strong> Da sich die Sicherheitslandschaft weiterentwickelt, \u00e4ndern sich auch die Erwartungen an CISOs. Diese F\u00fchrungskr\u00e4fte m\u00fcssen sich auf strategische Planung, Risikomanagement und funktions\u00fcbergreifende Zusammenarbeit konzentrieren, um sicherzustellen, dass ihre Organisationen gut gegen wachsende Bedrohungen gesch\u00fctzt sind. CISOs m\u00fcssen sich in bestimmten Bereichen wie Cloud-Sicherheit, dem Schutz kritischer Infrastrukturen oder der Einhaltung von Vorschriften zum Datenschutz auskennen.<\/li>\n\n\n\n<li><strong>Gr\u00f6\u00dferer Schwerpunkt auf Automatisierung und KI:<\/strong> In der sich st\u00e4ndig weiterentwickelnden Cybersicherheitslandschaft von heute setzen Unternehmen auf KI- und Automatisierungstechnologien, um ihre Abwehrsysteme zu st\u00e4rken. Daher m\u00fcssen CISOs \u00fcber die neuesten Entwicklungen auf dem Laufenden bleiben und sicherstellen, dass ihre Teams diese Tools effektiv nutzen.<\/li>\n\n\n\n<li><strong>Steigende Nachfrage nach Soft Skills:<\/strong> Die Rolle eines CISO entwickelt sich weiter und geht \u00fcber technisches Wissen hinaus. Heutzutage wird von CISOs erwartet, dass sie \u00fcber gut ausgepr\u00e4gte Soft Skills verf\u00fcgen, darunter effektive Kommunikation, F\u00fchrungsqualit\u00e4ten und Verhandlungsgeschick. Dieser Trend wird durch den wachsenden Bedarf an Zusammenarbeit und Teamwork zwischen CISOs und verschiedenen Stakeholdern im gesamten Unternehmen vorangetrieben. Um in dieser Rolle erfolgreich zu sein, m\u00fcssen CISOs \u00fcber eine ausgewogene Mischung aus technischen und Soft Skills verf\u00fcgen, wobei letztere f\u00fcr den Erfolg immer wichtiger werden.<\/li>\n<\/ul>\n\n\n\n<p><a href=\"https:\/\/www.sisinternational.com\/de\/sis-stellt-plattform-fur-datenwissenschaft-und-quantitative-analyse-vor\/\" title=\"SIS stellt Plattform f\u00fcr Data Science und quantitative Analytik vor\"  data-wpil-monitor-id=\"8443\">SIS International offers Quantitative<\/a>, Qualitative, and Strategy Research. We provide data, tools, strategies, reports and insights for decision-making. We conduct interviews, surveys, <a href=\"https:\/\/www.sisinternational.com\/de\/losungen\/fokusgruppen-marktforschung\/\" title=\"Fokusgruppe Marktforschung\"  data-wpil-monitor-id=\"8444\">focus groups and many other Market Research<\/a> methods and approaches. Contact us for your <a href=\"https:\/\/www.sisinternational.com\/de\/sachverstand\/branchen\/marktforschung-zu-technologien-der-nachsten-generation\/\" title=\"Marktforschung zu Technologien der n\u00e4chsten Generation\"  data-wpil-monitor-id=\"8445\">next Market Research<\/a> Projekt.<\/p>\n\n\n\n<p><\/p>\n\n\n\n<p><\/p>","protected":false},"excerpt":{"rendered":"<p>Durch die CISO-Marktforschung werden wertvolle Erkenntnisse zu Einstellungstrends, Gehaltsvorstellungen und den f\u00fcr den Erfolg erforderlichen F\u00e4higkeiten und Erfahrungen gewonnen.<\/p>","protected":false},"author":1,"featured_media":64037,"parent":14514,"menu_order":279,"comment_status":"closed","ping_status":"closed","template":"","meta":{"footnotes":""},"class_list":["post-42600","page","type-page","status-publish","has-post-thumbnail"],"_links":{"self":[{"href":"https:\/\/www.sisinternational.com\/de\/wp-json\/wp\/v2\/pages\/42600","targetHints":{"allow":["GET"]}}],"collection":[{"href":"https:\/\/www.sisinternational.com\/de\/wp-json\/wp\/v2\/pages"}],"about":[{"href":"https:\/\/www.sisinternational.com\/de\/wp-json\/wp\/v2\/types\/page"}],"author":[{"embeddable":true,"href":"https:\/\/www.sisinternational.com\/de\/wp-json\/wp\/v2\/users\/1"}],"replies":[{"embeddable":true,"href":"https:\/\/www.sisinternational.com\/de\/wp-json\/wp\/v2\/comments?post=42600"}],"version-history":[{"count":4,"href":"https:\/\/www.sisinternational.com\/de\/wp-json\/wp\/v2\/pages\/42600\/revisions"}],"predecessor-version":[{"id":81417,"href":"https:\/\/www.sisinternational.com\/de\/wp-json\/wp\/v2\/pages\/42600\/revisions\/81417"}],"up":[{"embeddable":true,"href":"https:\/\/www.sisinternational.com\/de\/wp-json\/wp\/v2\/pages\/14514"}],"wp:featuredmedia":[{"embeddable":true,"href":"https:\/\/www.sisinternational.com\/de\/wp-json\/wp\/v2\/media\/64037"}],"wp:attachment":[{"href":"https:\/\/www.sisinternational.com\/de\/wp-json\/wp\/v2\/media?parent=42600"}],"curies":[{"name":"wp","href":"https:\/\/api.w.org\/{rel}","templated":true}]}}