{"id":42598,"date":"2023-04-30T17:01:18","date_gmt":"2023-04-30T21:01:18","guid":{"rendered":"https:\/\/www.sisinternational.com\/?page_id=42598"},"modified":"2026-01-25T19:13:22","modified_gmt":"2026-01-26T00:13:22","slug":"chief-investment-officer-cio-fur-marktforschung","status":"publish","type":"page","link":"https:\/\/www.sisinternational.com\/de\/sachverstand\/chief-investment-officer-cio-fur-marktforschung\/","title":{"rendered":"Chief Investment Officer (CIO) Marktforschung"},"content":{"rendered":"<h1 class=\"wp-block-heading\">Chief Investment Officer (CIO) Marktforschung<\/h1>\n\n\n\n<figure class=\"gb-block-image gb-block-image-f81175a7\"><img loading=\"lazy\" decoding=\"async\" width=\"1456\" height=\"816\" class=\"gb-image gb-image-f81175a7\" src=\"https:\/\/www.sisinternational.com\/wp-content\/uploads\/2025\/08\/CEO-CIO-manager-4.jpg\" alt=\"SIS International Marktforschung &amp; Strategie\" title=\"CEO CIO manager (4)\" srcset=\"https:\/\/www.sisinternational.com\/wp-content\/uploads\/2025\/08\/CEO-CIO-manager-4.jpg 1456w, https:\/\/www.sisinternational.com\/wp-content\/uploads\/2025\/08\/CEO-CIO-manager-4-300x168.jpg 300w, https:\/\/www.sisinternational.com\/wp-content\/uploads\/2025\/08\/CEO-CIO-manager-4-1024x574.jpg 1024w, https:\/\/www.sisinternational.com\/wp-content\/uploads\/2025\/08\/CEO-CIO-manager-4-768x430.jpg 768w, https:\/\/www.sisinternational.com\/wp-content\/uploads\/2025\/08\/CEO-CIO-manager-4-18x10.jpg 18w\" sizes=\"auto, (max-width: 1456px) 100vw, 1456px\"><\/figure>\n\n\n\n<p><\/p>\n\n\n\n<p>Da sich die Finanzwelt st\u00e4ndig weiterentwickelt, ist die Rolle des Chief Investment Officer wichtiger denn je. Diese Fachleute sind f\u00fcr die \u00dcberwachung und Weiterentwicklung des Anlageportfolios eines Unternehmens verantwortlich und spielen eine entscheidende Rolle bei der Schaffung und Aufrechterhaltung finanzieller Stabilit\u00e4t und des Wachstums.<\/p>\n\n\n\n<p>Daher ist es f\u00fcr Unternehmen und Einzelpersonen in der Finanzbranche von entscheidender Bedeutung, sich ein umfassendes Bild vom Marktforschungsumfeld f\u00fcr Chief Investment Officers zu machen.<\/p>\n\n\n\n<h2 class=\"wp-block-heading\">Was ist Chief Investment Officer-Marktforschung?<\/h2>\n\n\n\n<p>Chief investment officers have a major responsibility in managing and refining a company&#8217;s investment portfolio, making crucial decisions, and ensuring the financial prosperity and security of the organization. Chief <a href=\"https:\/\/www.sisinternational.com\/de\/sachverstand\/branchen\/esg-investmentmarktforschung\/\" title=\"ESG-Investment-Marktforschung\"  data-wpil-monitor-id=\"4891\">investment officer market research<\/a> typically covers various aspects of the chief investment officer profession such as:<\/p>\n\n\n\n<ul class=\"wp-block-list\">\n<li>Eine umfassende Analyse der Gr\u00f6\u00dfe der weltweiten Chief Information Officer-Branche, um die Gesamtzahl der verf\u00fcgbaren CIO-Positionen anzuzeigen.<\/li>\n\n\n\n<li>Diese Analyse umfasst Branchen, in denen Chief Information Officers besch\u00e4ftigt sind, unter anderem Verm\u00f6gensverwaltungsfirmen, Banken, Versicherungsunternehmen und Pensionsfonds. Sie untersucht auch die besonderen Hindernisse und Aussichten, denen Chief Information Officers in den jeweiligen Branchen begegnen.<\/li>\n\n\n\n<li>Eine Aufschl\u00fcsselung der Nachfrage nach Chief Information Officers in verschiedenen Regionen und L\u00e4ndern unter Ber\u00fccksichtigung von Faktoren wie regionaler Wirtschaftsentwicklung, Investitionstrends und lokalen Vorschriften.<br>Eine Analyse der den Chief Information Officers angebotenen Verg\u00fctungspakete, einschlie\u00dflich Grundgehalt, Boni, Gewinnbeteiligung und Zusatzleistungen, sowie der Faktoren, die diese Trends beeinflussen.<\/li>\n\n\n\n<li>Ein \u00dcberblick \u00fcber die wesentlichen F\u00e4higkeiten und Qualifikationen, die Chief Information Officers ben\u00f6tigen, von Finanzkompetenz und Erfahrung im Investmentmanagement bis hin zu F\u00fchrungsqualit\u00e4ten, Kommunikationsf\u00e4higkeiten und strategischem Denkverm\u00f6gen.<\/li>\n<\/ul>\n\n\n\n<h2 class=\"wp-block-heading\">Aktuelle Trends in der Chief Investment Officer-Marktforschung<\/h2>\n\n\n\n<p>Understanding the latest market trends can help companies stay competitive in the ever-changing investment management industry. Here are some key current trends in chief <a href=\"https:\/\/www.sisinternational.com\/de\/return-on-investment-in-der-marktforschung\/\" title=\"Return on Investment in der Marktforschung\"  data-wpil-monitor-id=\"5479\">investment officer market research<\/a>:<\/p>\n\n\n\n<ul class=\"wp-block-list\">\n<li><strong>Technologische Fortschritte:<\/strong> Da die Technologie die Finanzbranche weiterhin revolutioniert, nutzen Chief Investment Officers zunehmend fortschrittliche Tools wie k\u00fcnstliche Intelligenz (KI), maschinelles Lernen (ML) und Big Data Analytics, um Anlageentscheidungen zu treffen, Portfolios zu optimieren und das Risikomanagement zu verbessern. Die anhaltende digitale Transformation in der Finanzbranche ver\u00e4ndert die Arbeitsweise von Chief Investment Officers. Dazu geh\u00f6rt die Einf\u00fchrung digitaler Plattformen, Tools und Prozesse f\u00fcr das Anlagemanagement sowie die Notwendigkeit, digitale Anlagestrategien zu entwickeln.<\/li>\n\n\n\n<li><strong>Alternative Investitionen:<\/strong> Um eine st\u00e4rkere Diversifizierung und potenziell h\u00f6here Renditen zu erreichen, erkunden Anlagechefs alternative Anlageformen wie Private Equity, Risikokapital, Immobilien und Rohstoffe. Dieser Trend spiegelt ein wachsendes Interesse an nicht-traditionellen Anlageklassen als Mittel zur Risikominderung und Verbesserung der Portfolio-Performance wider.<\/li>\n\n\n\n<li><strong>Risikomanagement und Einhaltung gesetzlicher Vorschriften:<\/strong> Angesichts der zunehmenden Komplexit\u00e4t der Finanzm\u00e4rkte und der strengeren regulatorischen Anforderungen legen Chief Investment Officers einen gr\u00f6\u00dferen Wert auf Risikomanagement und Compliance. Dazu geh\u00f6rt es, die Marktentwicklungen genau zu beobachten, robuste Risikomanagementrahmen zu implementieren und sich \u00fcber die sich entwickelnde regulatorische Landschaft auf dem Laufenden zu halten.<\/li>\n<\/ul>\n\n\n\n<h2 class=\"wp-block-heading\">Gelegenheiten und Herausforderungen<\/h2>\n\n\n\n<figure class=\"gb-block-image gb-block-image-202810a7\"><img loading=\"lazy\" decoding=\"async\" width=\"1456\" height=\"816\" class=\"gb-image gb-image-202810a7\" src=\"https:\/\/www.sisinternational.com\/wp-content\/uploads\/2025\/08\/CEO-CIO-manager-7.jpg\" alt=\"SIS International Marktforschung &amp; Strategie\" title=\"CEO CIO manager (7)\" srcset=\"https:\/\/www.sisinternational.com\/wp-content\/uploads\/2025\/08\/CEO-CIO-manager-7.jpg 1456w, https:\/\/www.sisinternational.com\/wp-content\/uploads\/2025\/08\/CEO-CIO-manager-7-300x168.jpg 300w, https:\/\/www.sisinternational.com\/wp-content\/uploads\/2025\/08\/CEO-CIO-manager-7-1024x574.jpg 1024w, https:\/\/www.sisinternational.com\/wp-content\/uploads\/2025\/08\/CEO-CIO-manager-7-768x430.jpg 768w, https:\/\/www.sisinternational.com\/wp-content\/uploads\/2025\/08\/CEO-CIO-manager-7-18x10.jpg 18w\" sizes=\"auto, (max-width: 1456px) 100vw, 1456px\"><\/figure>\n\n\n\n<p><\/p>\n\n\n\n<p><a href=\"https:\/\/www.sisinternational.com\/de\/sachverstand\/branchen\/chief-information-officer-cio-marktforschung\/\" title=\"Chief Information Officer (CIO) Marktforschung\"  data-wpil-monitor-id=\"5653\">Chief investment officer market research<\/a> presents a wealth of data on the investment management industry. It provides unique insights into market opportunities and potential growth, while also identifying areas of concern and potential risks. Here are some key opportunities and challenges associated with <a href=\"https:\/\/www.sisinternational.com\/de\/abdeckung\/die-amerikaner\/usa-berichterstattung\/marktforschung-in-key-west-florida\/\" title=\"Marktforschung in Key West, Florida\"  data-wpil-monitor-id=\"7153\">Chief Investment Officer (CIO) f\u00fcr Marktforschung<\/a>:<\/p>\n\n\n\n<h3 class=\"wp-block-heading\">Gelegenheiten<\/h3>\n\n\n\n<ul class=\"wp-block-list\">\n<li>Durch das Verst\u00e4ndnis der neuesten Trends und Entwicklungen auf dem Markt f\u00fcr Chief Investment Officers k\u00f6nnen Unternehmen fundiertere Entscheidungen hinsichtlich ihrer Anlagestrategien, Ressourcenzuweisung sowie der Rekrutierung und Bindung von Chief Investment Officers treffen.<\/li>\n\n\n\n<li>Erkenntnisse aus der Marktforschung k\u00f6nnen Unternehmen dabei helfen, die F\u00e4higkeiten und Qualifikationen zu identifizieren, die ein erfolgreicher Chief Investment Officer ben\u00f6tigt.<\/li>\n\n\n\n<li>Die Marktforschung f\u00fcr Chief Investment Officers liefert Einblicke in neue Trends, Herausforderungen und Chancen im Investmentmanagement. Indem sie sich \u00fcber diese Entwicklungen auf dem Laufenden halten, k\u00f6nnen Unternehmen Marktver\u00e4nderungen besser vorhersehen und darauf reagieren und so sicherstellen, dass sie flexibel und anpassungsf\u00e4hig bleiben.<\/li>\n<\/ul>\n\n\n\n<h3 class=\"wp-block-heading\">Herausforderungen<\/h3>\n\n\n\n<ul class=\"wp-block-list\">\n<li>Die Investmentmanagementbranche ist ein komplexer und sich st\u00e4ndig weiterentwickelnder Bereich, der von einer Vielzahl von Faktoren wie technologischen Fortschritten, regulatorischen Ver\u00e4nderungen und globaler Marktvolatilit\u00e4t beeinflusst wird. F\u00fcr Unternehmen kann es eine Herausforderung sein, \u00fcber die neuesten Trends und Entwicklungen in der Branche auf dem Laufenden zu bleiben, insbesondere angesichts des Mangels an qualifizierten Fachkr\u00e4ften in diesem Bereich. Daher besteht f\u00fcr Unternehmen ein wachsender Bedarf an umfassender Marktforschung.<\/li>\n\n\n\n<li>Die Erkenntnisse und Daten aus der Marktforschung sind f\u00fcr Unternehmen von gro\u00dfem Wert. Die praktische Umsetzung dieser Erkenntnisse kann jedoch mit Herausforderungen verbunden sein, die eine Zusammenarbeit der F\u00fchrungsteams und anderer Interessengruppen innerhalb des Unternehmens erfordern.<\/li>\n\n\n\n<li>Marktforschung f\u00fcr Chief Investment Officers zeigt h\u00e4ufig sowohl kurzfristige als auch langfristige Trends und Herausforderungen in der Investmentmanagementbranche auf. Diese konkurrierenden Priorit\u00e4ten auszubalancieren und gleichzeitig die allgemeinen finanziellen Ziele des Unternehmens im Auge zu behalten, kann sowohl f\u00fcr Chief Investment Officers als auch f\u00fcr die von ihnen betreuten Unternehmen eine Herausforderung sein.<\/li>\n<\/ul>\n\n\n\n<h2 class=\"wp-block-heading\">Perspektiven der Chief Investment Officer Marktforschung<\/h2>\n\n\n\n<figure class=\"gb-block-image gb-block-image-83d04cb0\"><img loading=\"lazy\" decoding=\"async\" width=\"1456\" height=\"816\" class=\"gb-image gb-image-83d04cb0\" src=\"https:\/\/www.sisinternational.com\/wp-content\/uploads\/2025\/08\/CEO-CIO-manager-5.jpg\" alt=\"SIS International Marktforschung &amp; Strategie\" title=\"CEO CIO manager (5)\" srcset=\"https:\/\/www.sisinternational.com\/wp-content\/uploads\/2025\/08\/CEO-CIO-manager-5.jpg 1456w, https:\/\/www.sisinternational.com\/wp-content\/uploads\/2025\/08\/CEO-CIO-manager-5-300x168.jpg 300w, https:\/\/www.sisinternational.com\/wp-content\/uploads\/2025\/08\/CEO-CIO-manager-5-1024x574.jpg 1024w, https:\/\/www.sisinternational.com\/wp-content\/uploads\/2025\/08\/CEO-CIO-manager-5-768x430.jpg 768w, https:\/\/www.sisinternational.com\/wp-content\/uploads\/2025\/08\/CEO-CIO-manager-5-18x10.jpg 18w\" sizes=\"auto, (max-width: 1456px) 100vw, 1456px\"><\/figure>\n\n\n\n<p><\/p>\n\n\n\n<p>Dank der wachsenden Bedeutung der Marktforschung f\u00fcr Chief Investment Officers kann die Finanzbranche eine gl\u00e4nzende Zukunft erwarten. Die sich wandelnde Natur des Investmentmanagements hat einen dringenden Bedarf an umfassender Marktforschung geschaffen, die Organisationen, Fachleuten und Stakeholdern gro\u00dfe Chancen bietet. Hier sind einige wichtige Aussichten f\u00fcr die Zukunft des Chief Investment Officers:<\/p>\n\n\n\n<ul class=\"wp-block-list\">\n<li><strong>Verbesserte Datenanalyse und KI:<\/strong> Die Integration fortschrittlicher Datenanalyse-, KI- und ML-Techniken erm\u00f6glicht genauere Vorhersagen und tiefere Einblicke in die Marktforschung von Chief Investment Officers. Diese Technologien k\u00f6nnen dabei helfen, Muster, Trends und Zusammenh\u00e4nge zu erkennen, die bisher verborgen waren, sodass Unternehmen fundiertere Entscheidungen treffen und gezielte Anlagestrategien entwickeln k\u00f6nnen.<\/li>\n\n\n\n<li><strong>Erweiterung des Verantwortungsbereichs des CIO:<\/strong> W\u00e4hrend sich die Position des Chief Investment Officer allm\u00e4hlich wandelt, wird sich auch der Bereich der Marktforschung des Chief Investment Officer um neue Verantwortungsfelder wie digitale Transformation, Innovation und Risikomanagement erweitern.<\/li>\n\n\n\n<li><strong>Erh\u00f6hte Nachfrage nach ma\u00dfgeschneiderter Forschung:<\/strong> To enhance their investment strategies, organizations are increasingly looking for customized <a href=\"https:\/\/www.sisinternational.com\/de\/sachverstand\/branchen\/marktforschung-fur-organische-chemikalien\/\" title=\"Marktforschung f\u00fcr organische Chemikalien\"  data-wpil-monitor-id=\"3321\">Chief Investment Officer (CIO) f\u00fcr Marktforschung<\/a> that is tailored to specific industries, regions, or investment approaches. This personalized research is crucial for gaining a comprehensive understanding of the market context and developing effective investment strategies that cater to the specific needs of each organization.<\/li>\n<\/ul>\n\n\n\n<p>SIS International bietet quantitative, qualitative und strategische Forschung an. Wir liefern Daten, Tools, Strategien, Berichte und Erkenntnisse zur Entscheidungsfindung. Wir f\u00fchren Interviews, Umfragen, Fokusgruppen und viele andere Methoden und Ans\u00e4tze der Marktforschung durch. Kontaktieren Sie uns f\u00fcr Ihr n\u00e4chstes Marktforschungsprojekt.<\/p>","protected":false},"excerpt":{"rendered":"<p>Die Marktforschung f\u00fcr Chief Investment Officers deckt Aspekte des Berufs des Chief Investment Officers ab und hilft Unternehmen, wettbewerbsf\u00e4hig zu bleiben.<\/p>","protected":false},"author":1,"featured_media":64026,"parent":14514,"menu_order":278,"comment_status":"closed","ping_status":"closed","template":"","meta":{"footnotes":""},"class_list":["post-42598","page","type-page","status-publish","has-post-thumbnail"],"_links":{"self":[{"href":"https:\/\/www.sisinternational.com\/de\/wp-json\/wp\/v2\/pages\/42598","targetHints":{"allow":["GET"]}}],"collection":[{"href":"https:\/\/www.sisinternational.com\/de\/wp-json\/wp\/v2\/pages"}],"about":[{"href":"https:\/\/www.sisinternational.com\/de\/wp-json\/wp\/v2\/types\/page"}],"author":[{"embeddable":true,"href":"https:\/\/www.sisinternational.com\/de\/wp-json\/wp\/v2\/users\/1"}],"replies":[{"embeddable":true,"href":"https:\/\/www.sisinternational.com\/de\/wp-json\/wp\/v2\/comments?post=42598"}],"version-history":[{"count":8,"href":"https:\/\/www.sisinternational.com\/de\/wp-json\/wp\/v2\/pages\/42598\/revisions"}],"predecessor-version":[{"id":80717,"href":"https:\/\/www.sisinternational.com\/de\/wp-json\/wp\/v2\/pages\/42598\/revisions\/80717"}],"up":[{"embeddable":true,"href":"https:\/\/www.sisinternational.com\/de\/wp-json\/wp\/v2\/pages\/14514"}],"wp:featuredmedia":[{"embeddable":true,"href":"https:\/\/www.sisinternational.com\/de\/wp-json\/wp\/v2\/media\/64026"}],"wp:attachment":[{"href":"https:\/\/www.sisinternational.com\/de\/wp-json\/wp\/v2\/media?parent=42598"}],"curies":[{"name":"wp","href":"https:\/\/api.w.org\/{rel}","templated":true}]}}