{"id":42589,"date":"2023-04-29T22:40:41","date_gmt":"2023-04-30T02:40:41","guid":{"rendered":"https:\/\/www.sisinternational.com\/?page_id=42589"},"modified":"2026-01-27T16:48:50","modified_gmt":"2026-01-27T21:48:50","slug":"frachtmarktforschung","status":"publish","type":"page","link":"https:\/\/www.sisinternational.com\/de\/sachverstand\/frachtmarktforschung\/","title":{"rendered":"Frachtmarktforschung"},"content":{"rendered":"<h1 class=\"wp-block-heading\">Frachtmarktforschung<\/h1>\n\n\n\n<figure class=\"gb-block-image gb-block-image-11d69482\"><img loading=\"lazy\" decoding=\"async\" width=\"1456\" height=\"816\" class=\"gb-image gb-image-11d69482\" src=\"https:\/\/www.sisinternational.com\/wp-content\/uploads\/2025\/08\/Dropshipping-2.jpg\" alt=\"SIS International Marktforschung &amp; Strategie\" title=\"Dropshipping (2)\" srcset=\"https:\/\/www.sisinternational.com\/wp-content\/uploads\/2025\/08\/Dropshipping-2.jpg 1456w, https:\/\/www.sisinternational.com\/wp-content\/uploads\/2025\/08\/Dropshipping-2-300x168.jpg 300w, https:\/\/www.sisinternational.com\/wp-content\/uploads\/2025\/08\/Dropshipping-2-1024x574.jpg 1024w, https:\/\/www.sisinternational.com\/wp-content\/uploads\/2025\/08\/Dropshipping-2-768x430.jpg 768w, https:\/\/www.sisinternational.com\/wp-content\/uploads\/2025\/08\/Dropshipping-2-18x10.jpg 18w\" sizes=\"auto, (max-width: 1456px) 100vw, 1456px\"><\/figure>\n\n\n\n<p><\/p>\n\n\n\n<p>Der Frachtmarkt war zu Beginn des 21. Jahrhunderts Jahr f\u00fcr Jahr deutlich gewachsen. Die Weltwirtschaft ist die Hauptkomponente des schnellen Wachstums. L\u00e4nder treiben Handel miteinander, um mit verschiedenen Branchen und M\u00e4rkten zu handeln, wie etwa der Produktionsindustrie, dem Arbeitsmarkt und den Rohstoffm\u00e4rkten. Der kontinuierliche Hin- und Her-Zyklus von Angebot und Nachfrage von einem Land zum anderen wird durch effiziente Frachttransportmittel erm\u00f6glicht.<\/p>\n\n\n\n<p>Es stehen verschiedene Frachttr\u00e4ger zur Verf\u00fcgung, von Luftfracht bis hin zu Wasserfracht, was es zu einer lukrativen Investitionsbranche macht. Es wird erwartet, dass der Markt sein Wachstum beibeh\u00e4lt, da die Bev\u00f6lkerung und der Bedarf an Grundbed\u00fcrfnissen weiter steigen.<\/p>\n\n\n\n<h2 class=\"wp-block-heading\">Einf\u00fchrung in den Frachtmarkt<\/h2>\n\n\n\n<p>Cargo, commonly known as freight, describes the goods and produce hauled from one place to another using different modes of transportation, either by air, water, or land. Cargo carriers are different from passenger carriers and don&#8217;t fall under the same market. Businesses engaged in the cargo <a href=\"https:\/\/www.sisinternational.com\/de\/sachverstand\/branchen\/marktforschung-fur-drittanbieterlogistik\/\" title=\"Marktforschung f\u00fcr Drittanbieterlogistik\"  data-wpil-monitor-id=\"7591\">market offer logistics<\/a> and supply chain solutions.<\/p>\n\n\n\n<p>The market heavily relies on these cargo carriers and all their consequences. Technically, the cargo <a href=\"https:\/\/www.sisinternational.com\/de\/krankentransport\/\" title=\"Marktforschung f\u00fcr Krankentransporte\"  data-wpil-monitor-id=\"6971\">market also falls under the transportation<\/a> industry. However, even as a stand-alone market, it contributes trillions of dollars every year. It is even anticipated to grow twice in the next 10 years.<\/p>\n\n\n\n<h2 class=\"wp-block-heading\">Arten von Frachtf\u00fchrern<\/h2>\n\n\n\n<p><\/p>\n\n\n\n<p>Der Frachtmarkt kann in drei Hauptkomponenten unterteilt werden: Frachtschifffahrt, Luftfracht und Landlogistik. Jede Abteilung konzentriert sich auf die jeweilige Frachttransportart. Lassen Sie uns im Folgenden die einzelnen Komponenten n\u00e4her erl\u00e4utern:<\/p>\n\n\n\n<p><strong>Frachtschifffahrtsmarkt:<\/strong> Als Transportmittel werden Schiffe und\/oder andere Wasserfahrzeuge eingesetzt. Einer der Vorteile der Frachtschifffahrt ist die M\u00f6glichkeit, sperrige G\u00fcter zu transportieren, die per Land- oder Luftfracht nicht transportiert werden k\u00f6nnen. Der Schifffahrtsmarkt ist je nach verwendetem Schiff weiter in verschiedene Arten unterteilt.<\/p>\n\n\n\n<p>Sein gr\u00f6\u00dfter Nachteil ist, dass es langsamer ist als andere Tr\u00e4gerarten.<\/p>\n\n\n\n<p><strong>Luftfrachtmarkt:<\/strong> Kommerzielle oder Charterfluggesellschaften sind mit ihren schnellen Sendungen ideal f\u00fcr den internationalen Transport von G\u00fctern. Das macht die Fluggesellschaft ideal f\u00fcr den Transport verderblicher G\u00fcter wie Obst und Gem\u00fcse und wertvoller Dinge wie Schmuck und Medikamente.<\/p>\n\n\n\n<p>\u00c4hnlich wie beim Frachttransport kann der Luftfrachtmarkt weiter segmentiert werden. Zu den Segmenten geh\u00f6ren Express, Fracht und Post.<\/p>\n\n\n\n<p><strong>Markt f\u00fcr Landtransporte:<\/strong> Der am h\u00e4ufigsten genutzte Transportdienst auf dem Markt. Er deckt sowohl Kleinstlieferungen wie Lebensmittellieferungen als auch Gro\u00dfbestellungen wie Autotransportanh\u00e4nger ab. Die Gr\u00f6\u00dfe der Fahrzeuge dieses Transportdienstes variiert daher von Motorrad bis LKW.<\/p>\n\n\n\n<p>Allerdings kann dieses Segment des Frachtmarktes auch problemlos der Lkw-Branche zugeordnet werden.<\/p>\n\n\n\n<h2 class=\"wp-block-heading\">Bedeutung der Frachtmarktforschung<\/h2>\n\n\n\n<p>The cargo <a href=\"https:\/\/www.sisinternational.com\/de\/sachverstand\/branchen\/motel-marktforschung\/\" title=\"Motel-Marktforschung\"  data-wpil-monitor-id=\"3113\">market requires detailed research<\/a> to understand. The said industry relies heavily on economic growth, international trade, government initiatives, and political influences, all of which can be hard to understand and analyze by a layman.<\/p>\n\n\n\n<p>Bei der Frachtmarktforschung werden alle Details vereinfacht und alle verf\u00fcgbaren Informationen pr\u00e4sentiert. Der Schwerpunkt liegt auf relevanten Daten und die nicht relevanten werden ausgesondert.<\/p>\n\n\n\n<p>Gleichzeitig bietet der Frachtmarkt ein breites Spektrum. Investoren k\u00f6nnen sich auf das jeweilige Segment konzentrieren und Einblicke in die Marktlandschaft und die Wahrnehmung des Markenimages der Unternehmen durch die Verbraucher gewinnen.<\/p>\n\n\n\n<p>Dar\u00fcber hinaus kann die Frachtmarktforschung auch Einblicke in die Zielgruppe der Branche und aktuelle On-Demand-Marketingstrategien geben, die Marktf\u00e4higkeit bestimmen usw.<\/p>\n\n\n\n<p>Alles in allem empfiehlt es Anlegern, einen wohl\u00fcberlegten Investitionsschritt in Richtung Frachtmarkt zu unternehmen.<\/p>\n\n\n\n<h2 class=\"wp-block-heading\">Trends und Chancen<\/h2>\n\n\n\n<p>Der Frachtmarkt hat im Laufe der Jahre seine Widerstandsf\u00e4higkeit unter Beweis gestellt. Und angesichts des Aufstiegs des E-Commerce, der eine Vielzahl von Branchen beeinflusst, darunter auch den Frachtmarkt, wird erwartet, dass dieser sein Wachstum beibeh\u00e4lt.<\/p>\n\n\n\n<p>Es gibt jedoch noch weitere Trends und Chancen auf dem Frachtmarkt. Hier sind einige davon:<\/p>\n\n\n\n<ul class=\"wp-block-list\">\n<li><strong>Aufstieg des Einzelhandels:<\/strong> Der E-Commerce entwickelt sich trotz der sich st\u00e4ndig \u00e4ndernden Wirtschaft weiterhin positiv. Die Nachfrage, insbesondere im Modebereich, sichert der Frachtindustrie durch den kontinuierlichen Lieferfluss von einem Land oder einer Stadt in eine andere.<\/li>\n\n\n\n<li><strong>Verbesserungen und Infrastruktur:<\/strong> Ein weiterer kritischer Faktor ist die Einrichtung neuer Frachtzentren. Diese Art von Infrastrukturen wurden durch die steigende Nachfrage nach Speditionsdienstleistungen, insbesondere von Anbietern, vorangetrieben. Folglich wirkt sich dies auf die Entwicklung besserer Navigationssysteme, spezieller Frachten f\u00fcr unterschiedliche Waren, besserer Lieferrouten und anderer damit verbundener Faktoren aus.<\/li>\n\n\n\n<li><strong>Forderung nach schnellerer Lieferung pharmazeutischer G\u00fcter:<\/strong> W\u00e4hrend der Pandemie wurde die sofortige Lieferung von Impfstoffen, Sauerstoffflaschen und anderen medizinischen G\u00fctern zur Priorit\u00e4t. Ein solcher Lieferservice ist nach wie vor von gr\u00f6\u00dfter Bedeutung. Bei den meisten dieser G\u00fcter sind aufgrund der Zeitempfindlichkeit, der Temperatur und des Wertes des Medikaments besondere Vorkehrungen f\u00fcr die Fracht zu treffen. Ein Frachtservice von gleichbleibender Qualit\u00e4t bewahrt den Wert und die Integrit\u00e4t des medizinischen Produkts.<\/li>\n\n\n\n<li><strong>Kommerzialisierung autonomer Fahrzeuge:<\/strong> Viele Autohersteller haben ihre selbstfahrenden autonomen Fahrzeuge f\u00fcr den Einsatz in Lager- und Logistikdienstleistungen weiterentwickelt.<\/li>\n<\/ul>\n\n\n\n<h2 class=\"wp-block-heading\">Probleme f\u00fcr den Frachtmarkt<\/h2>\n\n\n\n<p>Die anhaltende Nachfrage nach Frachtdiensten und die Erwartungen nach innovativeren Strategien bedeuten jedoch auch, dass der Frachtmarkt, insbesondere f\u00fcr verschiedene Transportunternehmen, vor st\u00e4ndigen Herausforderungen steht.<\/p>\n\n\n\n<p>Verst\u00e4ndlicherweise m\u00fcssen diese Herausforderungen auf der Investitionsseite ber\u00fccksichtigt werden, um fatale Finanzierungsentscheidungen zu vermeiden. Einige dieser Herausforderungen sind:<\/p>\n\n\n\n<ul class=\"wp-block-list\">\n<li><strong>\u00d6lpreisanstieg:<\/strong> Die \u00fcberh\u00f6hten Preise erh\u00f6hen die Betriebskosten der Frachtunternehmen. F\u00fcr gr\u00f6\u00dfere Fahrzeuge, Schiffe und Flugzeuge bedeutet dies auch h\u00f6here Kosten, da gr\u00f6\u00dfere Schiffe einen h\u00f6heren \u00d6lverbrauch bedeuten.<\/li>\n\n\n\n<li><strong>Frachtabfertigung:<\/strong> Da die Zahl der Lieferungen und Transporte zunimmt, wird eine effizientere Frachtabfertigung erwartet. Allerdings wird nicht von allen Lager- und Spediteurmitarbeitern erwartet, dass sie sich angesichts des pl\u00f6tzlichen Zustroms an Lieferungen sofort an die Ver\u00e4nderung anpassen. Es besteht die M\u00f6glichkeit einer falschen Handhabung von Paketen, die sowohl f\u00fcr Spediteure als auch f\u00fcr Lieferanten kostspielige R\u00fccksendungen und Geb\u00fchren nach sich ziehen kann.<\/li>\n\n\n\n<li><strong>Schlechte Wettervorhersagen:<\/strong> Das Wetter beeinflusst die Verkehrsbedingungen und kann zu rutschigen Stra\u00dfen, rauer See und Flugausf\u00e4llen f\u00fchren. Eine falsche Wettervorhersage gef\u00e4hrdet die Sicherheit des Zustellers und die Unversehrtheit der Pakete.<\/li>\n<\/ul>","protected":false},"excerpt":{"rendered":"<p>Der Frachtmarkt war zu Beginn des 21. Jahrhunderts erheblich gewachsen. Die Weltwirtschaft ist die Hauptursache f\u00fcr das schnelle Wachstum.<\/p>","protected":false},"author":1,"featured_media":64794,"parent":14514,"menu_order":275,"comment_status":"closed","ping_status":"closed","template":"","meta":{"footnotes":""},"class_list":["post-42589","page","type-page","status-publish","has-post-thumbnail"],"_links":{"self":[{"href":"https:\/\/www.sisinternational.com\/de\/wp-json\/wp\/v2\/pages\/42589","targetHints":{"allow":["GET"]}}],"collection":[{"href":"https:\/\/www.sisinternational.com\/de\/wp-json\/wp\/v2\/pages"}],"about":[{"href":"https:\/\/www.sisinternational.com\/de\/wp-json\/wp\/v2\/types\/page"}],"author":[{"embeddable":true,"href":"https:\/\/www.sisinternational.com\/de\/wp-json\/wp\/v2\/users\/1"}],"replies":[{"embeddable":true,"href":"https:\/\/www.sisinternational.com\/de\/wp-json\/wp\/v2\/comments?post=42589"}],"version-history":[{"count":6,"href":"https:\/\/www.sisinternational.com\/de\/wp-json\/wp\/v2\/pages\/42589\/revisions"}],"predecessor-version":[{"id":81214,"href":"https:\/\/www.sisinternational.com\/de\/wp-json\/wp\/v2\/pages\/42589\/revisions\/81214"}],"up":[{"embeddable":true,"href":"https:\/\/www.sisinternational.com\/de\/wp-json\/wp\/v2\/pages\/14514"}],"wp:featuredmedia":[{"embeddable":true,"href":"https:\/\/www.sisinternational.com\/de\/wp-json\/wp\/v2\/media\/64794"}],"wp:attachment":[{"href":"https:\/\/www.sisinternational.com\/de\/wp-json\/wp\/v2\/media?parent=42589"}],"curies":[{"name":"wp","href":"https:\/\/api.w.org\/{rel}","templated":true}]}}