{"id":42586,"date":"2023-04-29T22:25:09","date_gmt":"2023-04-30T02:25:09","guid":{"rendered":"https:\/\/www.sisinternational.com\/?page_id=42586"},"modified":"2026-03-12T13:28:31","modified_gmt":"2026-03-12T17:28:31","slug":"kuchen-marktforschung","status":"publish","type":"page","link":"https:\/\/www.sisinternational.com\/de\/losungen\/marktforschung-fur-die-lebensmittel-und-getrankeindustrie\/kuchen-marktforschung\/","title":{"rendered":"Kuchenmarktforschung"},"content":{"rendered":"<h1 class=\"wp-block-heading\">Kuchenmarktforschung<\/h1>\n\n\n\n<figure class=\"gb-block-image gb-block-image-87a748d3\"><img loading=\"lazy\" decoding=\"async\" width=\"1456\" height=\"816\" class=\"gb-image gb-image-87a748d3\" src=\"https:\/\/www.sisinternational.com\/wp-content\/uploads\/2025\/08\/Cake-4.jpg\" alt=\"SIS International Marktforschung &amp; Strategie\" title=\"Cake (4)\" srcset=\"https:\/\/www.sisinternational.com\/wp-content\/uploads\/2025\/08\/Cake-4.jpg 1456w, https:\/\/www.sisinternational.com\/wp-content\/uploads\/2025\/08\/Cake-4-300x168.jpg 300w, https:\/\/www.sisinternational.com\/wp-content\/uploads\/2025\/08\/Cake-4-1024x574.jpg 1024w, https:\/\/www.sisinternational.com\/wp-content\/uploads\/2025\/08\/Cake-4-768x430.jpg 768w, https:\/\/www.sisinternational.com\/wp-content\/uploads\/2025\/08\/Cake-4-18x10.jpg 18w\" sizes=\"auto, (max-width: 1456px) 100vw, 1456px\"><\/figure>\n\n\n\n<p><\/p>\n\n\n\n<p>Die Marktforschung f\u00fcr Kuchen ist ein wichtiger Prozess, der Einblicke in den Kuchenmarkt\u00fcberblick, das Kuchenmarktsegment, das Produktangebot auf dem Kuchenmarkt und die Markttreiber der Kuchenbranche bietet. Das Verst\u00e4ndnis von Daten und Strategien in der Kuchenmarktforschung ist f\u00fcr Branchenakteure von entscheidender Bedeutung, um wettbewerbsf\u00e4hig zu bleiben und die sich st\u00e4ndig weiterentwickelnden Bed\u00fcrfnisse der Verbraucher zu erf\u00fcllen. Angesichts der steigenden Nachfrage nach hochwertigen, erschwinglichen Kuchen ist der Kuchenmarkt in den kommenden Jahren auf weiteres Wachstum und weitere Entwicklung eingestellt.<\/p>\n\n\n\n<h2 class=\"wp-block-heading\">Kuchenmarkt \u00dcbersicht<\/h2>\n\n\n\n<p>Die Kuchenindustrie ist ein dynamischer und wachsender Sektor, der den Verbrauchern eine breite Produktpalette bietet. Der Kuchenmarkt ist ein hart umk\u00e4mpfter Markt mit zahlreichen Akteuren, von gro\u00dfen multinationalen Konzernen bis hin zu kleinen lokalen B\u00e4ckereien. Der Kuchenmarkt wird durch die wachsende Nachfrage nach hochwertigen, erschwinglichen Kuchen angetrieben, die in einer Vielzahl von Geschmacksrichtungen und Designs erh\u00e4ltlich sind.<\/p>\n\n\n\n<h2 class=\"wp-block-heading\">Produkt\u00fcbersicht<\/h2>\n\n\n\n<p>Das Produktangebot auf dem Kuchenmarkt umfasst eine breite Palette von Kuchen, die unterschiedliche Geschm\u00e4cker und Vorlieben ansprechen. Das Produktangebot auf dem Kuchenmarkt umfasst Premium-Kuchen, normale Kuchen und Budget-Kuchen. Premium-Kuchen sind High-End-Produkte, die einzigartige und anspruchsvolle Aromen und Designs bieten. Normale Kuchen sind die g\u00e4ngigsten Kuchen, die auf dem Markt weit verbreitet sind. Budget-Kuchen sind kosteng\u00fcnstige Produkte, die f\u00fcr einen gr\u00f6\u00dferen Verbraucherkreis erschwinglich sind. Das Produktangebot auf dem Kuchenmarkt variiert je nach Kuchenmarktsegment und Zielgruppe.<\/p>\n\n\n\n<p>Die Markttreiber der Kuchenindustrie sind Faktoren, die das Wachstum und die Entwicklung des Kuchenmarktes beeinflussen.<\/p>\n\n\n\n<h2 class=\"wp-block-heading\">Marktsegment Kuchen<\/h2>\n\n\n\n<p>Segmenting the industry is an essential aspect of cake market research. The cake market is segmented based on the type of cake, the occasion, and the distribution channel. The type of cake includes sponge cakes, cheesecakes, fruit cakes, and others. The occasion includes birthdays, weddings, festivals, and others. The distribution channel includes supermarkets, hypermarkets, online stores, and others. <a href=\"https:\/\/www.sisinternational.com\/de\/sis-fallstudie-zu-store-insights-weltweit\/\" title=\"Einblicke in die Kundenerfahrung im Gesch\u00e4ft \u2013 Fallstudie zur Marktforschung\"  data-wpil-monitor-id=\"9733\">Market research provides insights<\/a> into the various market segments that way, industry players can tailor their products and marketing strategies to meet the needs of specific target audiences.<\/p>\n\n\n\n<h2 class=\"wp-block-heading\">Branchentreiber<\/h2>\n\n\n\n<figure class=\"gb-block-image gb-block-image-c3b6ba03\"><img loading=\"lazy\" decoding=\"async\" width=\"1456\" height=\"816\" class=\"gb-image gb-image-c3b6ba03\" src=\"https:\/\/www.sisinternational.com\/wp-content\/uploads\/2025\/08\/Cake-1.jpg\" alt=\"SIS International Marktforschung &amp; Strategie\" title=\"Cake (1)\" srcset=\"https:\/\/www.sisinternational.com\/wp-content\/uploads\/2025\/08\/Cake-1.jpg 1456w, https:\/\/www.sisinternational.com\/wp-content\/uploads\/2025\/08\/Cake-1-300x168.jpg 300w, https:\/\/www.sisinternational.com\/wp-content\/uploads\/2025\/08\/Cake-1-1024x574.jpg 1024w, https:\/\/www.sisinternational.com\/wp-content\/uploads\/2025\/08\/Cake-1-768x430.jpg 768w, https:\/\/www.sisinternational.com\/wp-content\/uploads\/2025\/08\/Cake-1-18x10.jpg 18w\" sizes=\"auto, (max-width: 1456px) 100vw, 1456px\"><\/figure>\n\n\n\n<p><\/p>\n\n\n\n<h3 class=\"wp-block-heading\">Die Marktforschung bietet Einblicke in die Markttreiber der Kuchenindustrie, zu denen unter anderem die folgenden Punkte geh\u00f6ren:<\/h3>\n\n\n\n<ul class=\"wp-block-list\">\n<li>Steigende Nachfrage nach Kuchen. Die steigende Bev\u00f6lkerungszahl, die Urbanisierung und das zunehmende Bewusstsein, dass Kuchen eine Form des Genusses ist, treiben die Nachfrage nach Kuchen an.<\/li>\n\n\n\n<li>Ver\u00e4nderte Verbraucherpr\u00e4ferenzen. Verbraucher verlangen ges\u00fcndere Kuchenoptionen, einzigartige und innovative Geschmacksrichtungen und ma\u00dfgeschneiderte Kuchen, die ihren individuellen Geschmack und Vorlieben entsprechen.<\/li>\n\n\n\n<li>Steigendes verf\u00fcgbares Einkommen. Mit steigendem verf\u00fcgbaren Einkommen sind die Verbraucher eher bereit, Geld f\u00fcr Premium-Kuchen und High-End-Produkte auszugeben.<\/li>\n\n\n\n<li>Technological advancements. The cake industry is leveraging advanced equipment, software, and <a href=\"https:\/\/www.sisinternational.com\/de\/sachverstand\/branchen\/digitale-identitat-marktforschung-strategieberatung\/\" title=\"Marktforschung und Strategieberatung f\u00fcr digitale Identit\u00e4ten\"  data-wpil-monitor-id=\"9729\">digital marketing strategies<\/a> to improve the quality of cakes and reach a wider audience.<\/li>\n\n\n\n<li>Umstellung auf Online-Verk\u00e4ufe. Der Trend zum Online-Verkauf von Kuchen nimmt zu, da Verbraucher immer h\u00e4ufiger den Komfort des Einkaufens von zu Hause aus und die Lieferung ihrer Bestellungen \u00fcber Lieferdienste sch\u00e4tzen.<\/li>\n\n\n\n<li><a href=\"https:\/\/www.sisinternational.com\/de\/losungen\/branding-und-kundenforschungslosungen\/was-ist-influencer-marketing\/\" title=\"Was ist Influencer-Marketing? Social-Media-Marketing?\"  data-wpil-monitor-id=\"9731\">Influence of social media<\/a>. Social media channels are playing an increasingly important role in shaping consumer preferences and driving demand for cakes through the sharing of cake-related content, reviews, and recommendations.<\/li>\n\n\n\n<li>Zunehmender Wettbewerb. Die Kuchenbranche wird immer wettbewerbsintensiver. Neue Unternehmen dr\u00e4ngen auf den Markt und etablierte Unternehmen versuchen, sich durch innovative Produkte, Marketingstrategien und Kundenerlebnisse von der Konkurrenz abzuheben.<\/li>\n<\/ul>\n\n\n\n<h2 class=\"wp-block-heading\">Methodologien<\/h2>\n\n\n\n<p>Es gibt eine Vielzahl von Forschungsmethoden, die bei der Marktforschung zu Kuchen eingesetzt werden k\u00f6nnen. Diese Forschungsverfahren umfassen quantitative und qualitative Methoden.<\/p>\n\n\n\n<h3 class=\"wp-block-heading\">Hier sind f\u00fcnf relevante Forschungsmethoden f\u00fcr die Kuchenindustrie mit Beispielen:<\/h3>\n\n\n\n<ol class=\"wp-block-list\">\n<li>Using questionnaires to capture data and strategies in cake market research from a sample of individuals, surveys are a <a href=\"https:\/\/www.sisinternational.com\/de\/quantitative-market-research-methods-and-techniques\/\" title=\"Quantitative Market Research Methods and Techniques\"  data-wpil-monitor-id=\"9724\">quantitative research method<\/a>. In the cake industry, surveys can be used to collect data on consumer preferences, purchasing patterns, and product satisfaction. For instance, a survey can be conducted to determine which variety of cake is the most well-liked among consumers in a particular region.<\/li>\n\n\n\n<li>Data analysis is a quantitative <a href=\"https:\/\/www.sisinternational.com\/de\/b2b-market-research-strategies-and-techniques\/\" title=\"B2B Market Research Strategies and Techniques\"  data-wpil-monitor-id=\"9727\">research strategy that employs statistical techniques<\/a> to analyze numerical data. In the cake industry, data analysis can be used to comprehend sales trends, consumer behavior, and other crucial market metrics. For instance, data analysis can be used to determine the most popular cake flavors among consumers in a particular region.<\/li>\n\n\n\n<li>Interviews are a <a href=\"https:\/\/www.sisinternational.com\/de\/sampling-techniques-in-qualitative-research-the-complete-guide-to-choosing-the-right-method\/\" title=\"Sampling Techniques in Qualitative Research: The Complete Guide to Choosing the Right Method\"  data-wpil-monitor-id=\"9725\">qualitative research method<\/a> involving one-on-one conversations between a researcher and a participant. In the cake industry, interviews can be used to gain a deeper knowledge of consumer behavior, purchasing preferences, and opinions regarding various cake products. For instance, professional cake decorators can be interviewed to gain insight into their perspectives on the latest cake industry trends.<\/li>\n\n\n\n<li>Another qualitative research method that can be used is utilizing focus groups, where a group of people is gathered to discuss their opinions, attitudes, and experiences regarding a specific cake product. <a href=\"https:\/\/www.sisinternational.com\/de\/focus-groups-that-deliver-real-voices-real-insight-real-advantage\/\" title=\"Focus Groups That Deliver Real Voices, Real Insight, Real Advantage\"  data-wpil-monitor-id=\"9736\">Schwerpunktgruppen<\/a> can be utilized in the cake industry to gain insight into consumer preferences, flavors, and opinions regarding specific cake products. For instance, a focus group can be used to determine why gluten-free pastries are becoming increasingly popular among consumers.<\/li>\n\n\n\n<li>Beobachtungen sind eine qualitative Forschungsmethode, die die Beobachtung und Aufzeichnung von Verhalten in seiner nat\u00fcrlichen Umgebung umfasst. Beobachtungen k\u00f6nnen in der Kuchenindustrie verwendet werden, um das Verbraucherverhalten und die Vorlieben in einer B\u00e4ckerei oder Konditorei zu verstehen. Beobachtungen k\u00f6nnen beispielsweise verwendet werden, um festzustellen, wie Kunden mit verschiedenen Kuchenprodukten in einer B\u00e4ckerei oder einem Konditoreigesch\u00e4ft interagieren.<\/li>\n<\/ol>\n\n\n\n<p>Durch die Kombination dieser Methoden k\u00f6nnen wichtige Akteure und Branchenf\u00fchrer der Kuchenindustrie Daten und Strategien f\u00fcr die Kuchenmarktforschung erhalten, die wertvolle Einblicke in das Verbraucherverhalten, die Vorlieben und die Marktdynamik bieten k\u00f6nnen.<\/p>\n\n\n\n<h2 class=\"wp-block-heading\">\u00dcber Cake Market Research<\/h2>\n\n\n\n<figure class=\"gb-block-image gb-block-image-fe41981b\"><img loading=\"lazy\" decoding=\"async\" width=\"1456\" height=\"816\" class=\"gb-image gb-image-fe41981b\" src=\"https:\/\/www.sisinternational.com\/wp-content\/uploads\/2025\/08\/Cake-3.jpg\" alt=\"SIS International Marktforschung &amp; Strategie\" title=\"Cake (3)\" srcset=\"https:\/\/www.sisinternational.com\/wp-content\/uploads\/2025\/08\/Cake-3.jpg 1456w, https:\/\/www.sisinternational.com\/wp-content\/uploads\/2025\/08\/Cake-3-300x168.jpg 300w, https:\/\/www.sisinternational.com\/wp-content\/uploads\/2025\/08\/Cake-3-1024x574.jpg 1024w, https:\/\/www.sisinternational.com\/wp-content\/uploads\/2025\/08\/Cake-3-768x430.jpg 768w, https:\/\/www.sisinternational.com\/wp-content\/uploads\/2025\/08\/Cake-3-18x10.jpg 18w\" sizes=\"auto, (max-width: 1456px) 100vw, 1456px\"><\/figure>\n\n\n\n<p><\/p>\n\n\n\n<p>Cake market research can benefit various stakeholders in the cake industry, including cake manufacturers, cake suppliers, cake retailers, and consumers. <a href=\"https:\/\/www.sisinternational.com\/de\/sachverstand\/branchen\/marktforschung-zur-herstellung-von-nahrungsmitteln-und-getranken\/\" title=\"Marktforschung zur Lebensmittel- und Getr\u00e4nkeherstellung\"  data-wpil-monitor-id=\"9726\">Market research provides insights so manufacturers<\/a> and suppliers can gain better understanding into consumer preferences, trends, and behaviors to develop new products that meet the evolving needs of the market. Retailers can use <a href=\"https:\/\/www.sisinternational.com\/de\/rabatte-bei-super-luxus-einzelhandlern\/\" title=\"Rabatte bei Luxush\u00e4ndlern\"  data-wpil-monitor-id=\"2104\">market research to improve their marketing strategies<\/a> and product offerings to attract and retain customers. For consumers, market research can help to ensure that they have access to high-quality and affordable cake products that meet their preferences and needs.<\/p>\n\n\n\n<p>Ultimately, the benefits of cake <a href=\"https:\/\/www.sisinternational.com\/de\/non-profit-market-research\/\" title=\"Non-Profit-Marktforschung\"  data-wpil-monitor-id=\"1011\">market research include increased profitability<\/a>, improved customer satisfaction, and a better understanding of the market dynamics, which can help to inform decision-making and drive growth in the cake industry.<\/p>","protected":false},"excerpt":{"rendered":"<p>Angesichts der steigenden Nachfrage nach qualitativ hochwertigen und preisg\u00fcnstigen Kuchen ist f\u00fcr den Kuchenmarkt in den kommenden Jahren weiteres Wachstum und weitere Entwicklung zu erwarten.<\/p>","protected":false},"author":1,"featured_media":63933,"parent":22018,"menu_order":274,"comment_status":"closed","ping_status":"closed","template":"","meta":{"footnotes":""},"class_list":["post-42586","page","type-page","status-publish","has-post-thumbnail"],"_links":{"self":[{"href":"https:\/\/www.sisinternational.com\/de\/wp-json\/wp\/v2\/pages\/42586","targetHints":{"allow":["GET"]}}],"collection":[{"href":"https:\/\/www.sisinternational.com\/de\/wp-json\/wp\/v2\/pages"}],"about":[{"href":"https:\/\/www.sisinternational.com\/de\/wp-json\/wp\/v2\/types\/page"}],"author":[{"embeddable":true,"href":"https:\/\/www.sisinternational.com\/de\/wp-json\/wp\/v2\/users\/1"}],"replies":[{"embeddable":true,"href":"https:\/\/www.sisinternational.com\/de\/wp-json\/wp\/v2\/comments?post=42586"}],"version-history":[{"count":6,"href":"https:\/\/www.sisinternational.com\/de\/wp-json\/wp\/v2\/pages\/42586\/revisions"}],"predecessor-version":[{"id":81620,"href":"https:\/\/www.sisinternational.com\/de\/wp-json\/wp\/v2\/pages\/42586\/revisions\/81620"}],"up":[{"embeddable":true,"href":"https:\/\/www.sisinternational.com\/de\/wp-json\/wp\/v2\/pages\/22018"}],"wp:featuredmedia":[{"embeddable":true,"href":"https:\/\/www.sisinternational.com\/de\/wp-json\/wp\/v2\/media\/63933"}],"wp:attachment":[{"href":"https:\/\/www.sisinternational.com\/de\/wp-json\/wp\/v2\/media?parent=42586"}],"curies":[{"name":"wp","href":"https:\/\/api.w.org\/{rel}","templated":true}]}}