{"id":42582,"date":"2023-04-29T19:07:03","date_gmt":"2023-04-29T23:07:03","guid":{"rendered":"https:\/\/www.sisinternational.com\/?page_id=42582"},"modified":"2026-03-12T20:01:04","modified_gmt":"2026-03-13T00:01:04","slug":"markenmessung-marktforschung","status":"publish","type":"page","link":"https:\/\/www.sisinternational.com\/de\/losungen\/branding-und-kundenforschungslosungen\/markenmessung-marktforschung\/","title":{"rendered":"Marktforschung zur Markenmessung"},"content":{"rendered":"<h1 class=\"wp-block-heading\">Marktforschung zur Markenmessung<\/h1>\n\n\n\n<figure class=\"gb-block-image gb-block-image-81ad583d\"><img loading=\"lazy\" decoding=\"async\" width=\"1456\" height=\"816\" class=\"gb-image gb-image-81ad583d\" src=\"https:\/\/www.sisinternational.com\/wp-content\/uploads\/2025\/09\/Branding-2.jpg\" alt=\"SIS International Marktforschung &amp; Strategie\" title=\"Branding (2)\" srcset=\"https:\/\/www.sisinternational.com\/wp-content\/uploads\/2025\/09\/Branding-2.jpg 1456w, https:\/\/www.sisinternational.com\/wp-content\/uploads\/2025\/09\/Branding-2-300x168.jpg 300w, https:\/\/www.sisinternational.com\/wp-content\/uploads\/2025\/09\/Branding-2-1024x574.jpg 1024w, https:\/\/www.sisinternational.com\/wp-content\/uploads\/2025\/09\/Branding-2-768x430.jpg 768w, https:\/\/www.sisinternational.com\/wp-content\/uploads\/2025\/09\/Branding-2-18x10.jpg 18w\" sizes=\"auto, (max-width: 1456px) 100vw, 1456px\"><\/figure>\n\n\n\n<p><\/p>\n\n\n\n<p>In today&#8217;s fiercely competitive business world, comprehending and enhancing brand performance is essential. Brand measurement market research assesses branding effectiveness and identifies improvement opportunities.<\/p>\n\n\n\n<p>That\u2019s why brand measurement market research is key to making data-driven decisions and empowering organizations to enhance brand perception and foster customer loyalty, which drives business growth.<\/p>\n\n\n\n<h2 class=\"wp-block-heading\">Bedeutung der Marktforschung zur Markenmessung im heutigen Wettbewerbsmarkt<\/h2>\n\n\n\n<p>In a crowded marketplace where multiple brands compete for consumers&#8217; attention, measuring brand awareness and visibility is critical. By conducting <a href=\"https:\/\/www.sisinternational.com\/de\/stellen-sie-sicher-dass-sich-ihre-botschaft-an-die-kunden-erinnert\/\" title=\"Marktforschung zur Markenaktivierung\"  data-wpil-monitor-id=\"2280\">Markenmessung, Marktforschung<\/a>, businesses can identify gaps in awareness. This helps them develop targeted marketing campaigns and outreach strategies that increase visibility and attract potential customers.<\/p>\n\n\n\n<p>Additionally, people&#8217;s prior experiences with certain brands may strongly shape how they make future purchasing choices. <a href=\"https:\/\/www.sisinternational.com\/de\/losungen\/branding-und-kundenforschungslosungen\/markendifferenzierung-marktforschung\/\" title=\"Marktforschung zur Markendifferenzierung\"  data-wpil-monitor-id=\"2851\">Brand measurement market research<\/a> assists organizations in measuring consumer perceptions and associations towards their brand. Through this process, they are able to recognize both positive aspects and areas that require improvement, which will help refine the organization&#8217;s overall branding position.<\/p>\n\n\n\n<p>Durch <a href=\"https:\/\/www.sisinternational.com\/de\/sachverstand\/branchen\/marktforschung-fur-alternde-marken\/\" title=\"Marktforschung f\u00fcr alternde Marken\"  data-wpil-monitor-id=\"3706\">Markenmessung, Marktforschung<\/a> businesses can evaluate their brand equity and analyze the monetary effects of their branding activities. This assists in making informed decisions regarding resource allocation and strategic planning.<\/p>\n\n\n\n<h2 class=\"wp-block-heading\">Marktforschung zur Markenmessung verstehen<\/h2>\n\n\n\n<p><a href=\"https:\/\/www.sisinternational.com\/de\/sachverstand\/branchen\/markenmarktforschung\/\" title=\"Markenmarktforschung\"  data-wpil-monitor-id=\"6733\">Brand measurement market research<\/a> is the process of gathering information to enhance brand performance. By analyzing different components associated with branding, such as awareness, perception, loyalty, and equity, businesses can obtain significant knowledge that improves their branding and increases business growth.<\/p>\n\n\n\n<h3 class=\"wp-block-heading\">Zu den Schl\u00fcsselelementen f\u00fcr das umfassende Verst\u00e4ndnis der Marktforschung zur Markenmessung geh\u00f6ren:<\/h3>\n\n\n\n<ul class=\"wp-block-list\">\n<li><strong>Markenbekanntheit:<\/strong> Brand measurement <a href=\"https:\/\/www.sisinternational.com\/de\/losungen\/ai-marktforschung-und-strategieberatung\/marktforschung-zur-gesichtserkennung\/\" title=\"Marktforschung zur Gesichtserkennung\"  data-wpil-monitor-id=\"2023\">market research can measure the brand&#8217;s recognition<\/a> by consumers since it studies the impact of customer preference and purchase decision-making processes directly.<\/li>\n\n\n\n<li><strong>Markenloyalit\u00e4t:<\/strong> <a href=\"https:\/\/www.sisinternational.com\/de\/sis-markenforschung-und-kundenbindung\/\" title=\"Markenmarktforschung und Kundenbindung\"  data-wpil-monitor-id=\"2492\">Brand measurement market research<\/a> evaluates the probability of customers remaining loyal to a particular brand despite having other options available. Analyzing <a href=\"https:\/\/www.sisinternational.com\/de\/schaffung-einer-globalen-marke-fur-china\/\" title=\"Aufbau chinesischer Marken\"  data-wpil-monitor-id=\"3663\">brand<\/a> loyalty enables businesses to identify the contributing factors of customer retention and create plans for building lasting connections.<\/li>\n\n\n\n<li><strong>Markenwert:<\/strong> Es beschreibt, welchen Wert ein bestimmter Markenartikel aus verschiedenen Blickwinkeln hat. Durch die Durchf\u00fchrung von Marktforschung zur Markenmessung k\u00f6nnen Unternehmen den Wert ihrer Marke bestimmen, um Entscheidungen zur strategischen Planung zu treffen.<\/li>\n<\/ul>\n\n\n\n<h2 class=\"wp-block-heading\">Opportunities and Benefits of Brand Measurement Market Research<\/h2>\n\n\n\n<figure class=\"wp-block-image\"><img decoding=\"async\" src=\"https:\/\/www.sisinternational.com\/wp-content\/uploads\/2024\/09\/pexels-enginakyurt-1437318.jpg\" alt=\"SIS International Marktforschung &amp; Strategie\" class=\"wp-image-53276\"><\/figure>\n\n\n\n<p><\/p>\n\n\n\n<p>To understand and optimize their brand performance effectively. Businesses should consider utilizing the benefits offered by <a href=\"https:\/\/www.sisinternational.com\/de\/sachverstand\/branchen\/marktforschung-zu-versorgungsunternehmen\/\" title=\"Marktforschung zu Versorgungsunternehmen\"  data-wpil-monitor-id=\"4019\">Markenmessung, Marktforschung<\/a>. Some of the opportunities and benefits are as follows:<\/p>\n\n\n\n<ul class=\"wp-block-list\">\n<li><strong>Wettbewerbsanalyse:<\/strong> Durch die Durchf\u00fchrung von Marktforschung zur Markenmessung k\u00f6nnen Unternehmen beurteilen, wie sie im Vergleich zu ihren Mitbewerbern abschneiden. Die durch diesen Prozess gewonnenen wertvollen Erkenntnisse helfen dabei, die Marktpositionierung zu verstehen und Bereiche zu identifizieren, in denen Verbesserungen erforderlich sind oder potenzielle Differenzierungsm\u00f6glichkeiten bestehen.<\/li>\n\n\n\n<li><strong>Kundenwahrnehmung und Stimmungsanalyse:<\/strong> Developing successful branding strategies relies heavily on understanding customer perceptions of the company\u2019s products or services. Thus, conducting market research makes tailoring messaging and product offerings according to customer feedback easier and provides businesses with important insights into what customers want.<\/li>\n\n\n\n<li><span style=\"box-sizing: border-box; margin: 0px; padding: 0px;\"><strong>Verfolgen Sie die Markengesundheit:<\/strong> The general health of a business&#8217; brands, including its attributes like customer loyalty and satisfaction, along with its branding equity, can be monitored through regular measurement processes.<\/span><\/li>\n\n\n\n<li><strong>Kundensegmente identifizieren:<\/strong> By conducting brand measurement research, businesses can pinpoint their most significant customer segments and gain insight into their unique requirements and preferences. This information enables the creation of specific advertising methods and personalization of consumer engagement.<\/li>\n\n\n\n<li><strong>Produktangebot optimieren:<\/strong> Durch die Analyse der Kundenwahrnehmung der Produkte\/Dienstleistungen eines Unternehmens k\u00f6nnen Unternehmen Defizite ermitteln und ihr Angebot verbessern. Das Ergebnis sind zufriedenere und treuere Kunden.<\/li>\n\n\n\n<li><strong>Entscheidungsunterst\u00fctzung:<\/strong> Market research&#8217;s ability to obtain data-driven insights can help businesses make informed decisions about various aspects, including, but not limited to, product development, pricing strategies, or even marketing\/communication planning.<\/li>\n\n\n\n<li><strong>ROI messen:<\/strong> Um den Return on Investment (ROI) ihrer Marketingaktivit\u00e4ten zu bewerten und bei Bedarf die erforderlichen Anpassungen vorzunehmen, m\u00fcssen Unternehmen beurteilen, wie sich ihre Branding-Bem\u00fchungen auf das Verbraucherverhalten und die Ums\u00e4tze auswirken.<\/li>\n\n\n\n<li><strong>Markentreue st\u00e4rken:<\/strong> Understanding the factors contributing to brand loyalty enables businesses to develop effective strategies for fostering customer loyalty.<\/li>\n<\/ul>\n\n\n\n<h2 class=\"wp-block-heading\">Herausforderungen und Einschr\u00e4nkungen<\/h2>\n\n\n\n<p>Die Marktforschung zur Markenmessung bietet zwar zahlreiche Vorteile und Chancen, bringt aber auch Herausforderungen und Einschr\u00e4nkungen mit sich, die Unternehmen ber\u00fccksichtigen m\u00fcssen:<\/p>\n\n\n\n<ul class=\"wp-block-list\">\n<li><strong>Subjektivit\u00e4t:<\/strong> Pers\u00f6nliche Erfahrungen und Werte beeinflussen die Interpretation von Marken durch Einzelpersonen, was zu einer subjektiven Markenwahrnehmung f\u00fchrt. Subjektivit\u00e4t kann die Erlangung konsistenter und zuverl\u00e4ssiger Messungen behindern.<\/li>\n\n\n\n<li><strong>Kosten- und zeitintensiv:<\/strong> Umfassende Markenforschung erfordert h\u00e4ufig erhebliche Ressourcen wie finanzielle Investitionen und qualifiziertes Personal. Die Bereitstellung der f\u00fcr solche Vorhaben erforderlichen Mittel und Arbeitskr\u00e4fte kann sich insbesondere f\u00fcr kleinere Unternehmen als schwierig erweisen.<\/li>\n\n\n\n<li><strong>Schwierigkeit beim Isolieren von Variablen:<\/strong> Marken agieren h\u00e4ufig in dynamischen Umgebungen mit zahlreichen externen Faktoren, die die Wahrnehmung der Verbraucher beeinflussen k\u00f6nnen, wie z. B. wirtschaftliche Bedingungen oder Aktivit\u00e4ten der Konkurrenz. Es kann eine Herausforderung sein, die Auswirkungen bestimmter Markenma\u00dfnahmen von diesen externen Faktoren zu isolieren.<\/li>\n\n\n\n<li><strong>Schnell wechselnde Markttrends:<\/strong> Fast-paced changes in consumers&#8217; preferences and market trends can render previous branding metrics useless. Sustaining relevant perspectives could require persistent research endeavors.<\/li>\n\n\n\n<li><strong>Datengenauigkeit und Zuverl\u00e4ssigkeit:<\/strong> Stichprobenfehler oder Antwortverzerrungen k\u00f6nnen die Genauigkeit und Zuverl\u00e4ssigkeit der Markenforschung beeintr\u00e4chtigen.<\/li>\n\n\n\n<li><strong>Schwierigkeit bei der Messung langfristiger Auswirkungen:<\/strong> Bei der Markenmessung stehen im Allgemeinen kurzfristige Leistungen als Hauptindikator im Mittelpunkt. Die Auswirkungen von Markenma\u00dfnahmen auf die Kundentreue und -f\u00fcrsprache im Laufe der Zeit zu messen, kann eine Herausforderung sein.<\/li>\n\n\n\n<li><strong>Datenschutzbedenken und -bestimmungen:<\/strong> Brand measurement research that involves gathering consumer data should consider privacy concerns and adhere to relevant data protection regulations like GDPR. It is important to follow the given rules strictly to prevent any legal or financial issues.<\/li>\n\n\n\n<li><strong>Umsetzbarkeit der Erkenntnisse:<\/strong> Durch die Durchf\u00fchrung einer Markenmessungsstudie k\u00f6nnen Unternehmen zwar wichtige Erkenntnisse gewinnen, bei der Umsetzung dieser Erkenntnisse in umsetzbare Pl\u00e4ne k\u00f6nnen sie jedoch auf Herausforderungen sto\u00dfen, was zu einer ineffektiven Nutzung solcher Studien f\u00fchren kann.<\/li>\n<\/ul>\n\n\n\n<h2 class=\"wp-block-heading\">How SIS International\u2019s Brand Measurement Market Research Helps Businesses<\/h2>\n\n\n\n<figure class=\"wp-block-image\"><img decoding=\"async\" src=\"https:\/\/www.sisinternational.com\/wp-content\/uploads\/2024\/07\/Brand-awareness-market-research.jpg\" alt=\"SIS International Marktforschung &amp; Strategie\" class=\"wp-image-52718\"><\/figure>\n\n\n\n<p><\/p>\n\n\n\n<p>Bei <a href=\"https:\/\/www.linkedin.com\/company\/sisinternationalresearch\/\" target=\"_blank\" rel=\"noopener\"><span style=\"font-weight: 400;\">SIS International<\/span><\/a>, our brand measurement market research services are designed to empower businesses with the insights they need to build and sustain strong, competitive brands in the global marketplace. Here\u2019s how our brand measurement market research&nbsp;helps businesses achieve their goals:<\/p>\n\n\n\n<ul class=\"wp-block-list\">\n<li><strong>In-Depth Brand Analysis<\/strong>\n<ul class=\"wp-block-list\">\n<li><strong>We conduct<\/strong> thorough evaluations of your brand\u2019s current market position, identifying strengths, weaknesses, opportunities, and threats.<\/li>\n\n\n\n<li><strong>Unsere Marktforschung<\/strong> utilizes both qualitative and quantitative data to provide a holistic view of your brand\u2019s performance.<\/li>\n\n\n\n<li><strong>Our team delivers<\/strong> detailed reports that highlight key metrics such as brand awareness, brand perception, and brand loyalty.<\/li>\n<\/ul>\n<\/li>\n\n\n\n<li><strong>Wettbewerbsvergleich<\/strong>\n<ul class=\"wp-block-list\">\n<li><strong>SIS does<\/strong> comparative analysis to measure your brand against industry competitors, identifying areas where you excel and where improvement is needed.<\/li>\n\n\n\n<li><strong>Unser <\/strong><a href=\"https:\/\/www.sisinternational.com\/de\/welt-autismus-tag\/\" title=\"Marktforschungsstudien zum Thema Autismus\" data-wpil-monitor-id=\"7441\">market research includes benchmarking studies<\/a> that track your brand\u2019s performance over time relative to key competitors.<\/li>\n\n\n\n<li><strong>We conduct<\/strong> assessments that reveal competitive advantages and potential threats, enabling strategic decision-making.<\/li>\n<\/ul>\n<\/li>\n\n\n\n<li><strong>Kundeneinblicke und Segmentierung<\/strong>\n<ul class=\"wp-block-list\">\n<li><strong>Our team delivers<\/strong> comprehensive customer insights by analyzing demographic, psychographic, and behavioral data.<\/li>\n\n\n\n<li><strong>We conduct<\/strong> segmentation studies to identify distinct customer groups, allowing for targeted brand measurement market research.<\/li>\n\n\n\n<li><strong>Unsere Marktforschung<\/strong> helps businesses understand the unique needs and preferences of different customer segments, enhancing personalized marketing efforts.<\/li>\n<\/ul>\n<\/li>\n\n\n\n<li><strong>Brand Equity Measurement<\/strong>\n<ul class=\"wp-block-list\">\n<li><strong>SIS does<\/strong> assess the value of your brand through metrics such as brand equity, which includes brand loyalty, brand associations, and perceived quality.<\/li>\n\n\n\n<li><strong>Unsere Marktforschung<\/strong> employs advanced techniques to quantify the intangible assets of your brand, providing a clear picture of its market value.<\/li>\n\n\n\n<li><strong>We conduct<\/strong> longitudinal studies to track changes in brand equity over time, helping businesses measure the impact of their branding strategies.<\/li>\n<\/ul>\n<\/li>\n\n\n\n<li><strong>Markttrendanalyse<\/strong>\n<ul class=\"wp-block-list\">\n<li><strong>Unsere Marktforschung<\/strong> monitors emerging trends and shifts in consumer behavior that influence brand performance.<\/li>\n\n\n\n<li><strong>We conduct<\/strong> trend analyses to anticipate future market conditions, allowing businesses to proactively adjust their brand strategies.<\/li>\n\n\n\n<li><strong>Our team delivers<\/strong> actionable insights on how to align your brand with current and future market trends, ensuring relevance and competitiveness.<\/li>\n<\/ul>\n<\/li>\n\n\n\n<li><strong>Brand Health Tracking<\/strong>\n<ul class=\"wp-block-list\">\n<li><strong>SIS does<\/strong> continuous monitoring of your brand\u2019s health through regular surveys and feedback mechanisms.<\/li>\n\n\n\n<li><strong>Unsere Marktforschung<\/strong> provides real-time data on key performance indicators such as customer satisfaction, brand recall, and net promoter scores (NPS).<\/li>\n\n\n\n<li><strong>We conduct<\/strong> ongoing assessments to identify potential issues early, enabling timely interventions to maintain brand health.<\/li>\n<\/ul>\n<\/li>\n\n\n\n<li><strong>Strategische Empfehlungen<\/strong>\n<ul class=\"wp-block-list\">\n<li><strong>Our team delivers<\/strong> expert recommendations based on brand measurement market research\u00a0findings, <a href=\"https:\/\/www.sisinternational.com\/de\/brand-audit-in-new-york-the-complete-guide-to-strengthening-your-brand\/\" title=\"Brand Audit in New York: The Complete Guide to Strengthening Your Brand\" data-wpil-monitor-id=\"1379\">guiding strategic initiatives to strengthen your brand<\/a>.<\/li>\n\n\n\n<li><strong>We conduct<\/strong> workshops and strategy sessions to help businesses implement data-driven branding strategies effectively.<\/li>\n\n\n\n<li><strong>Unsere Marktforschung<\/strong> supports the development of innovative branding campaigns that resonate with target audiences and drive business growth.<\/li>\n<\/ul>\n<\/li>\n\n\n\n<li><strong>Customized Reporting and Visualization<\/strong>\n<ul class=\"wp-block-list\">\n<li><strong>SIS does<\/strong> provide tailored reports that present brand measurement market research\u00a0data in a clear and actionable format.<\/li>\n\n\n\n<li><strong>Unsere Marktforschung<\/strong> includes intuitive visualizations such as dashboards and infographics, making complex data easily understandable for stakeholders.<\/li>\n\n\n\n<li><strong>We conduct<\/strong> presentations and briefings to ensure that key insights are effectively communicated and integrated into your business strategies.<\/li>\n<\/ul>\n<\/li>\n<\/ul>\n\n\n\n<h2 class=\"wp-block-heading\"><strong>\u00dcber SIS International<\/strong><\/h2>\n\n\n\n<p><a href=\"https:\/\/www.sisinternational.com\/de\/\"><span style=\"font-weight: 400;\">SIS International<\/span><\/a><span style=\"font-weight: 400;\"> bietet quantitative, qualitative und strategische Forschung an. Wir liefern Daten, Tools, Strategien, Berichte und Erkenntnisse zur Entscheidungsfindung. Wir f\u00fchren auch Interviews, Umfragen, Fokusgruppen und andere Methoden und Ans\u00e4tze der Marktforschung durch.<\/span><a href=\"https:\/\/www.sisinternational.com\/de\/uber-sis-international-research\/contact-sis-international-market-research\/\"><span style=\"font-weight: 400;\"> Kontakt<\/span><\/a><span style=\"font-weight: 400;\"> f\u00fcr Ihr n\u00e4chstes Marktforschungsprojekt.<\/span><\/p>","protected":false},"excerpt":{"rendered":"<p>Die Marktforschung zur Markenmessung ist der Schl\u00fcssel zur Verbesserung der Markenwahrnehmung und zur F\u00f6rderung der Kundentreue zur F\u00f6rderung des Gesch\u00e4ftswachstums.<\/p>","protected":false},"author":1,"featured_media":69131,"parent":14650,"menu_order":273,"comment_status":"closed","ping_status":"closed","template":"","meta":{"footnotes":""},"class_list":["post-42582","page","type-page","status-publish","has-post-thumbnail"],"_links":{"self":[{"href":"https:\/\/www.sisinternational.com\/de\/wp-json\/wp\/v2\/pages\/42582","targetHints":{"allow":["GET"]}}],"collection":[{"href":"https:\/\/www.sisinternational.com\/de\/wp-json\/wp\/v2\/pages"}],"about":[{"href":"https:\/\/www.sisinternational.com\/de\/wp-json\/wp\/v2\/types\/page"}],"author":[{"embeddable":true,"href":"https:\/\/www.sisinternational.com\/de\/wp-json\/wp\/v2\/users\/1"}],"replies":[{"embeddable":true,"href":"https:\/\/www.sisinternational.com\/de\/wp-json\/wp\/v2\/comments?post=42582"}],"version-history":[{"count":14,"href":"https:\/\/www.sisinternational.com\/de\/wp-json\/wp\/v2\/pages\/42582\/revisions"}],"predecessor-version":[{"id":81072,"href":"https:\/\/www.sisinternational.com\/de\/wp-json\/wp\/v2\/pages\/42582\/revisions\/81072"}],"up":[{"embeddable":true,"href":"https:\/\/www.sisinternational.com\/de\/wp-json\/wp\/v2\/pages\/14650"}],"wp:featuredmedia":[{"embeddable":true,"href":"https:\/\/www.sisinternational.com\/de\/wp-json\/wp\/v2\/media\/69131"}],"wp:attachment":[{"href":"https:\/\/www.sisinternational.com\/de\/wp-json\/wp\/v2\/media?parent=42582"}],"curies":[{"name":"wp","href":"https:\/\/api.w.org\/{rel}","templated":true}]}}