{"id":42576,"date":"2023-04-28T18:39:51","date_gmt":"2023-04-28T22:39:51","guid":{"rendered":"https:\/\/www.sisinternational.com\/?page_id=42576"},"modified":"2026-01-25T18:15:28","modified_gmt":"2026-01-25T23:15:28","slug":"kekse-marktforschung","status":"publish","type":"page","link":"https:\/\/www.sisinternational.com\/de\/sachverstand\/kekse-marktforschung\/","title":{"rendered":"Kekse Marktforschung"},"content":{"rendered":"<h1 class=\"wp-block-heading\">Kekse Marktforschung<\/h1>\n\n\n\n<figure class=\"gb-block-image gb-block-image-88ed290d\"><img loading=\"lazy\" decoding=\"async\" width=\"1456\" height=\"816\" class=\"gb-image gb-image-88ed290d\" src=\"https:\/\/www.sisinternational.com\/wp-content\/uploads\/2025\/08\/Cookies-biscuit-8.jpg\" alt=\"SIS International Marktforschung &amp; Strategie\" title=\"Cookies biscuit (8)\" srcset=\"https:\/\/www.sisinternational.com\/wp-content\/uploads\/2025\/08\/Cookies-biscuit-8.jpg 1456w, https:\/\/www.sisinternational.com\/wp-content\/uploads\/2025\/08\/Cookies-biscuit-8-300x168.jpg 300w, https:\/\/www.sisinternational.com\/wp-content\/uploads\/2025\/08\/Cookies-biscuit-8-1024x574.jpg 1024w, https:\/\/www.sisinternational.com\/wp-content\/uploads\/2025\/08\/Cookies-biscuit-8-768x430.jpg 768w, https:\/\/www.sisinternational.com\/wp-content\/uploads\/2025\/08\/Cookies-biscuit-8-18x10.jpg 18w\" sizes=\"auto, (max-width: 1456px) 100vw, 1456px\"><\/figure>\n\n\n\n<p><\/p>\n\n\n\n<p>Die Marktforschung f\u00fcr Kekse umfasst die systematische Sammlung, Analyse und Interpretation von Daten und Strategien in der Marktforschung f\u00fcr Kekse, wie Markttrends, Verbraucherverhalten, Wettbewerbsumfeld und andere relevante Faktoren. Sie hilft Unternehmen dabei, den aktuellen Stand und die Zukunftsprognose des Keksmarktes zu verstehen sowie Chancen zu erkennen und Risiken zu reduzieren. Durch den Einsatz prim\u00e4rer und sekund\u00e4rer Forschungstechniken wie Umfragen, Interviews, Fokusgruppen, Datenanalysen und Marktberichte kann man Marktforschung f\u00fcr Kekse betreiben.<\/p>\n\n\n\n<p>Biscuits market research provides insights into the industry and plays a crucial role in helping businesses gain a competitive advantage in the biscuit industry. By conducting comprehensive research, businesses can gain insights into key areas such as the size and <a href=\"https:\/\/www.sisinternational.com\/de\/losungen\/internationale-unternehmenswachstumsmarktforschung\/\" title=\"Internationale Marktforschung zum Unternehmenswachstum\"  data-wpil-monitor-id=\"9852\">growth potential of the market<\/a>, consumer preferences, and the competitive landscape. With data and strategies in biscuits market research, businesses can develop effective ways to optimize their operations.<\/p>\n\n\n\n<h2 class=\"wp-block-heading\">\u00dcberblick \u00fcber die Keksindustrie<\/h2>\n\n\n\n<p>Ein Keks ist ein gebackenes, knuspriges oder weiches und oft s\u00fc\u00dfes oder herzhaftes kleines Fladenbrot, das normalerweise aus Mehl, Zucker und Butter oder \u00d6l hergestellt wird. Es gibt ihn in verschiedenen Formen, Gr\u00f6\u00dfen und Geschmacksrichtungen und er kann andere Zutaten wie Schokoladenst\u00fcckchen, N\u00fcsse, Rosinen oder Gew\u00fcrze enthalten. Kekse werden h\u00e4ufig als Snack oder zu Tee\/Kaffee gegessen und sind weltweit ein beliebtes Nahrungsmittel.<\/p>\n\n\n\n<h3 class=\"wp-block-heading\">Hier sind die verschiedenen Kekssorten, die in der Marktforschung ber\u00fccksichtigt wurden:<\/h3>\n\n\n\n<ul class=\"wp-block-list\">\n<li>S\u00fc\u00dfe Kekse sind s\u00fc\u00dfe Kekse, die normalerweise zum Tee oder Kaffee gegessen werden.<\/li>\n\n\n\n<li>Pikante Kekse haben einen herzhaften Geschmack und enthalten oft Kr\u00e4uter oder Gew\u00fcrze.<\/li>\n\n\n\n<li>Cracker sind trockene, knusprige Kekse, die h\u00e4ufig mit K\u00e4se und anderen Bel\u00e4gen gegessen werden.<\/li>\n\n\n\n<li>Cookies sind s\u00fc\u00dfe Kekse mit einer weichen oder z\u00e4hen Textur.<\/li>\n\n\n\n<li>Waffeln sind leichte, d\u00fcnne und knusprige Kekse mit zarter Textur.<\/li>\n\n\n\n<li>Keksriegel haben die Form von Riegeln und werden h\u00e4ufig mit zus\u00e4tzlichen Zutaten wie Schokolade oder Mandeln aromatisiert.<\/li>\n\n\n\n<li>Keks-Sandwiches sind Kekse mit einer dazwischenliegenden F\u00fcllung, beispielsweise Sahne oder Marmelade.<\/li>\n\n\n\n<li>Gesundheits- und Spezialkekse werden hergestellt, um besondere Ern\u00e4hrungs- oder Gesundheitsanforderungen zu erf\u00fcllen, beispielsweise sind sie zuckerfrei, glutenfrei oder biologisch angebaut.<\/li>\n<\/ul>\n\n\n\n<p>Businesses must understand these various types of products&nbsp;in the biscuits market in order to create efficient <a href=\"https:\/\/www.sisinternational.com\/de\/losungen\/strategieberatung\/produkthaftung-marktforschung-strategieberatung\/\" title=\"Produkthaftung Marktforschung und Strategieberatung\"  data-wpil-monitor-id=\"9851\">product strategies<\/a>, promotional initiatives, and distribution channels that will satisfy the unique requirements and tastes of their target clients.<\/p>\n\n\n\n<h2 class=\"wp-block-heading\">Methodologien<\/h2>\n\n\n\n<h3 class=\"wp-block-heading\">F\u00fcr die Keksindustrie k\u00f6nnen verschiedene Arten der Marktforschung durchgef\u00fchrt werden. Diese bestehen aus den folgenden:<\/h3>\n\n\n\n<figure class=\"gb-block-image gb-block-image-47f298a5\"><img loading=\"lazy\" decoding=\"async\" width=\"1456\" height=\"816\" class=\"gb-image gb-image-47f298a5\" src=\"https:\/\/www.sisinternational.com\/wp-content\/uploads\/2025\/08\/Cookies-biscuit-6.jpg\" alt=\"SIS International Marktforschung &amp; Strategie\" title=\"Cookies biscuit (6)\" srcset=\"https:\/\/www.sisinternational.com\/wp-content\/uploads\/2025\/08\/Cookies-biscuit-6.jpg 1456w, https:\/\/www.sisinternational.com\/wp-content\/uploads\/2025\/08\/Cookies-biscuit-6-300x168.jpg 300w, https:\/\/www.sisinternational.com\/wp-content\/uploads\/2025\/08\/Cookies-biscuit-6-1024x574.jpg 1024w, https:\/\/www.sisinternational.com\/wp-content\/uploads\/2025\/08\/Cookies-biscuit-6-768x430.jpg 768w, https:\/\/www.sisinternational.com\/wp-content\/uploads\/2025\/08\/Cookies-biscuit-6-18x10.jpg 18w\" sizes=\"auto, (max-width: 1456px) 100vw, 1456px\"><\/figure>\n\n\n\n<p><\/p>\n\n\n\n<p><strong>Quantitative Analyse<\/strong><\/p>\n\n\n\n<p>In order to quantify market trends, customer preferences, and other pertinent elements, this form of research entails gathering and evaluating numerical data. Surveys, questionnaires, and data analysis are all examples of quantitative research techniques. Businesses are given <a href=\"https:\/\/www.sisinternational.com\/de\/sachverstand\/branchen\/quantitative-marktforschung-2\/\" title=\"Quantitative Marktforschung\"  data-wpil-monitor-id=\"9855\">quantitative insights into the market&#8217;s<\/a> size, consumer preferences, purchasing patterns, and other information that might assist them in making decisions.<\/p>\n\n\n\n<p><strong>Qualitative Analyse<\/strong><\/p>\n\n\n\n<p>This kind of study involves gathering and examining non-numerical data to learn more about the attitudes, actions, and motivations of consumers toward biscuits. The techniques used in qualitative <a href=\"https:\/\/www.sisinternational.com\/de\/losungen\/fokusgruppen-marktforschung\/\" title=\"Fokusgruppe Marktforschung\"  data-wpil-monitor-id=\"9849\">research are focus groups<\/a>, interviews, and observation. Qualitative research offers detailed insights that can direct product development, marketing plans, and brand positioning and helps firms understand the &#8220;why&#8221; behind consumer actions.<\/p>\n\n\n\n<p><strong><a href=\"https:\/\/www.sisinternational.com\/de\/losungen\/internationale-verbraucherforschung\/\" title=\"Internationale Verbraucherforschung\"  data-wpil-monitor-id=\"9856\">Research on Consumer<\/a> Segmentierung<\/strong><\/p>\n\n\n\n<p>Based on variables including demographics, psychographics, behaviors, and preferences, this sort of <a href=\"https:\/\/www.sisinternational.com\/de\/sachverstand\/branchen\/motel-marktforschung\/\" title=\"Motel-Marktforschung\"  data-wpil-monitor-id=\"3117\">research entails segmenting the market<\/a> into several consumer groups. By better comprehending the various market segments for biscuits, businesses can better target particular <a href=\"https:\/\/www.sisinternational.com\/de\/sachverstand\/branchen\/marktforschung-zu-stimme-des-kunden-im-lebensmittel-und-getrankebereich\/\" title=\"Marktforschung zur Stimme des Kunden im Lebensmittel- und Getr\u00e4nkebereich\"  data-wpil-monitor-id=\"9858\">customer segments with their marketing<\/a> initiatives, product lines, and messaging.<\/p>\n\n\n\n<p><strong>Wettbewerbsforschung<\/strong><\/p>\n\n\n\n<p>Bei dieser Art der Forschung wird das Wettbewerbsumfeld des Kekssektors analysiert, einschlie\u00dflich der Identifizierung der Hauptkonkurrenten, ihrer Marktanteile, Schw\u00e4chen und Taktiken. Unternehmen k\u00f6nnen aus der Wettbewerbsanalyse Erkenntnisse \u00fcber die Positionierung, Produktangebote, Preise und Marketingstrategien ihrer Konkurrenten gewinnen. Daten und Strategien der Keksmarktforschung k\u00f6nnen Unternehmen dabei helfen, ihre Leistung zu vergleichen, Entwicklungsbereiche zu erkennen und Pl\u00e4ne zu formulieren, um einen Wettbewerbsvorteil zu erlangen.<\/p>\n\n\n\n<p><strong>Trend analysen<\/strong><\/p>\n\n\n\n<p>Analysis of market trends, customer preferences, and business developments that could affect the biscuit market is part of this type of <a href=\"https:\/\/www.sisinternational.com\/de\/abdeckung\/marktforschung-asien\/marktforschung-in-timor\/\" title=\"Marktforschung in Timor\"  data-wpil-monitor-id=\"4755\">Forschung<\/a>. New flavors, packaging innovations, dietary preferences, and sustainability issues are just a few examples of developing trends that can influence product development, marketing tactics, and overall business strategies. Trend analysis enables organizations to remain ahead of these trends.<\/p>\n\n\n\n<p><strong>Analyse der Vertriebskan\u00e4le<\/strong><\/p>\n\n\n\n<p>Diese Art der Marktforschung bietet Einblicke in die Vertriebskan\u00e4le Einzelhandel, E-Commerce und Gastronomie im Kekssektor. Sie hilft Unternehmen dabei, die Verbraucherpr\u00e4ferenzen f\u00fcr verschiedene Vertriebskan\u00e4le, den Marktanteil dieser Kan\u00e4le und Vertriebsmustertrends zu verstehen. Mithilfe der Vertriebskanalanalyse k\u00f6nnen Unternehmen ihre Zielgruppen effizienter erreichen, ihr Vertriebsnetz verbessern und ihre Vertriebsstrategie optimieren.<\/p>\n\n\n\n<p><strong>Preisanalyse<\/strong><\/p>\n\n\n\n<p>This kind of study examines biscuit industry pricing patterns and tactics, including profitability analysis, rival pricing, and customer price sensitivity. Pricing <a href=\"https:\/\/www.sisinternational.com\/de\/sachverstand\/lebenslaufe\/markenforschung\/\" title=\"Markenforschungsunternehmen\"  data-wpil-monitor-id=\"9857\">research aids companies<\/a> in refining their pricing tactics, choosing the right price points for their goods, and ensuring profitability while maintaining market competitiveness.<\/p>\n\n\n\n<p><strong>Strategie Forschung<\/strong><\/p>\n\n\n\n<p>Strategieforschung ist ein systematischer Ansatz zur Untersuchung und Analyse der Ziele, Zielsetzungen, St\u00e4rken, Schw\u00e4chen, Chancen und Risiken eines Unternehmens, um effektive Gesch\u00e4ftsstrategien zu entwickeln. Im Rahmen der Marktforschung f\u00fcr Kekse kann Strategieforschung Unternehmen dabei helfen, Markttrends zu erkennen, den Wettbewerb einzusch\u00e4tzen und Strategien zur Optimierung des Betriebs, Verbesserung des Produktangebots und Steigerung des Marktanteils zu entwickeln.<\/p>\n\n\n\n<h2 class=\"wp-block-heading\">\u00dcber Biscuits Market Research<\/h2>\n\n\n\n<figure class=\"gb-block-image gb-block-image-41e917d8\"><img loading=\"lazy\" decoding=\"async\" width=\"1456\" height=\"816\" class=\"gb-image gb-image-41e917d8\" src=\"https:\/\/www.sisinternational.com\/wp-content\/uploads\/2025\/08\/Cookies-biscuit-7.jpg\" alt=\"SIS International Marktforschung &amp; Strategie\" title=\"Cookies biscuit (7)\" srcset=\"https:\/\/www.sisinternational.com\/wp-content\/uploads\/2025\/08\/Cookies-biscuit-7.jpg 1456w, https:\/\/www.sisinternational.com\/wp-content\/uploads\/2025\/08\/Cookies-biscuit-7-300x168.jpg 300w, https:\/\/www.sisinternational.com\/wp-content\/uploads\/2025\/08\/Cookies-biscuit-7-1024x574.jpg 1024w, https:\/\/www.sisinternational.com\/wp-content\/uploads\/2025\/08\/Cookies-biscuit-7-768x430.jpg 768w, https:\/\/www.sisinternational.com\/wp-content\/uploads\/2025\/08\/Cookies-biscuit-7-18x10.jpg 18w\" sizes=\"auto, (max-width: 1456px) 100vw, 1456px\"><\/figure>\n\n\n\n<p><\/p>\n\n\n\n<p>Einer der Hauptvorteile der Marktforschung f\u00fcr Kekse besteht darin, dass sie Unternehmen ein Verst\u00e4ndnis f\u00fcr die sich entwickelnden Bed\u00fcrfnisse und Vorlieben der Verbraucher vermittelt. Diese Informationen k\u00f6nnen Unternehmen dabei helfen, ihr Produktangebot an die sich \u00e4ndernden Anforderungen und Vorlieben der Verbraucher anzupassen, was zu h\u00f6heren Ums\u00e4tzen und einer besseren Kundenzufriedenheit f\u00fchrt.<\/p>\n\n\n\n<p>Dar\u00fcber hinaus liefert die Marktforschung Einblicke in Informationen, die Unternehmen dabei helfen k\u00f6nnen, \u00fcber Verbrauchertrends auf dem Laufenden zu bleiben. Daten und Strategien in der Marktforschung f\u00fcr Kekse k\u00f6nnen auch wertvolle Informationen \u00fcber die Preis- und Vertriebsstrategien der Konkurrenz liefern. Mit diesem Wissen k\u00f6nnen Unternehmen effektive Preisstrategien und Vertriebskan\u00e4le entwickeln, um sich einen Wettbewerbsvorteil auf dem Markt zu verschaffen.<\/p>\n\n\n\n<p>Moreover, biscuit market research is a powerful tool so that businesses can stay ahead of the curve, especially when it comes to product innovation. By understanding consumer preferences and identifying gaps in the market, businesses can develop new products that meet the changing needs of consumers, not just resulting in increased market share and revenue but also in <a href=\"https:\/\/www.sisinternational.com\/de\/schockwerbung-und-schockmarketing\/\" title=\"Schockvertising und Schockmarketing\"  data-wpil-monitor-id=\"9847\">brand<\/a> recognition.<\/p>","protected":false},"excerpt":{"rendered":"<p>Die Marktforschung zum Thema Kekse bietet Erkenntnisse und tr\u00e4gt entscheidend dazu bei, Unternehmen dabei zu helfen, sich einen Vorteil in der Keksbranche zu verschaffen.<\/p>","protected":false},"author":1,"featured_media":64608,"parent":14514,"menu_order":271,"comment_status":"closed","ping_status":"closed","template":"","meta":{"footnotes":""},"class_list":["post-42576","page","type-page","status-publish","has-post-thumbnail"],"_links":{"self":[{"href":"https:\/\/www.sisinternational.com\/de\/wp-json\/wp\/v2\/pages\/42576","targetHints":{"allow":["GET"]}}],"collection":[{"href":"https:\/\/www.sisinternational.com\/de\/wp-json\/wp\/v2\/pages"}],"about":[{"href":"https:\/\/www.sisinternational.com\/de\/wp-json\/wp\/v2\/types\/page"}],"author":[{"embeddable":true,"href":"https:\/\/www.sisinternational.com\/de\/wp-json\/wp\/v2\/users\/1"}],"replies":[{"embeddable":true,"href":"https:\/\/www.sisinternational.com\/de\/wp-json\/wp\/v2\/comments?post=42576"}],"version-history":[{"count":6,"href":"https:\/\/www.sisinternational.com\/de\/wp-json\/wp\/v2\/pages\/42576\/revisions"}],"predecessor-version":[{"id":81636,"href":"https:\/\/www.sisinternational.com\/de\/wp-json\/wp\/v2\/pages\/42576\/revisions\/81636"}],"up":[{"embeddable":true,"href":"https:\/\/www.sisinternational.com\/de\/wp-json\/wp\/v2\/pages\/14514"}],"wp:featuredmedia":[{"embeddable":true,"href":"https:\/\/www.sisinternational.com\/de\/wp-json\/wp\/v2\/media\/64608"}],"wp:attachment":[{"href":"https:\/\/www.sisinternational.com\/de\/wp-json\/wp\/v2\/media?parent=42576"}],"curies":[{"name":"wp","href":"https:\/\/api.w.org\/{rel}","templated":true}]}}