{"id":42572,"date":"2023-04-28T17:48:35","date_gmt":"2023-04-28T21:48:35","guid":{"rendered":"https:\/\/www.sisinternational.com\/?page_id=42572"},"modified":"2026-01-24T21:02:09","modified_gmt":"2026-01-25T02:02:09","slug":"biotechnologie-marktforschung","status":"publish","type":"page","link":"https:\/\/www.sisinternational.com\/de\/sachverstand\/biotechnologie-marktforschung\/","title":{"rendered":"Marktforschung im Bereich Biotechnologie"},"content":{"rendered":"<h1 class=\"wp-block-heading\">Marktforschung im Bereich Biotechnologie<\/h1>\n\n\n\n<figure class=\"gb-block-image gb-block-image-e7020e19\"><img loading=\"lazy\" decoding=\"async\" width=\"1456\" height=\"816\" class=\"gb-image gb-image-e7020e19\" src=\"https:\/\/www.sisinternational.com\/wp-content\/uploads\/2025\/08\/Biofurl-2.jpg\" alt=\"SIS International Marktforschung &amp; Strategie\" title=\"Biofurl (2)\" srcset=\"https:\/\/www.sisinternational.com\/wp-content\/uploads\/2025\/08\/Biofurl-2.jpg 1456w, https:\/\/www.sisinternational.com\/wp-content\/uploads\/2025\/08\/Biofurl-2-300x168.jpg 300w, https:\/\/www.sisinternational.com\/wp-content\/uploads\/2025\/08\/Biofurl-2-1024x574.jpg 1024w, https:\/\/www.sisinternational.com\/wp-content\/uploads\/2025\/08\/Biofurl-2-768x430.jpg 768w, https:\/\/www.sisinternational.com\/wp-content\/uploads\/2025\/08\/Biofurl-2-18x10.jpg 18w\" sizes=\"auto, (max-width: 1456px) 100vw, 1456px\"><\/figure>\n\n\n\n<p><\/p>\n\n\n\n<p>Biotechnologie ist ein Wissenschaftsbereich, der lebende Organismen oder deren Teile verwendet. Biotechnologie entwickelt oder ver\u00e4ndert Produkte, Prozesse oder Technologien f\u00fcr bestimmte Anwendungen. Sie umfasst verschiedene Disziplinen, darunter Biologie, Genetik, Biochemie, Mikrobiologie und Ingenieurwissenschaften. Sie findet Anwendung in zahlreichen Bereichen, wie etwa Landwirtschaft und Medizin. Auch Umweltwissenschaften und industrielle Fertigung nutzen Biotechnologie.<\/p>\n\n\n\n<p>Wir k\u00f6nnen die Biotechnologie in zwei Hauptbereiche unterteilen: traditionell und modern. Die traditionelle Biotechnologie nutzt nat\u00fcrliche biologische Prozesse wie Fermentation. Techniker verwenden sie, um Lebensmittel, Getr\u00e4nke und andere Produkte herzustellen. Beispiele hierf\u00fcr sind die Herstellung von K\u00e4se, Joghurt und Bier.<\/p>\n\n\n\n<p>Modern Biotechnology involves the manipulation of living organisms at the molecular level. We use it to develop new products, processes, or technologies, including genetic engineering, where scientists change DNA. Or they may transfer it from one organism to another. The result is for it to produce desired traits or characteristics. Modern Biotechnology has led to <a href=\"https:\/\/www.sisinternational.com\/de\/sachverstand\/branchen\/marktforschung-fur-lebensmittel-und-getranke-mit-gentechnisch-veranderten-organismen\/\" title=\"Marktforschung f\u00fcr Lebensmittel und Getr\u00e4nke mit gentechnisch ver\u00e4nderten Organismen\"  data-wpil-monitor-id=\"9422\">genetically modified organisms<\/a> (GMOs). It also ushered in gene editing technologies like CRISPR-Cas9. Finally, it has led to biopharmaceuticals such as insulin and vaccines.<\/p>\n\n\n\n<p>Biotechnologie findet in vielen verschiedenen Bereichen Anwendung. In der Landwirtschaft nutzen Wissenschaftler sie, um gentechnisch ver\u00e4nderte Pflanzen zu entwickeln. Diese Pflanzen sind resistent gegen Sch\u00e4dlinge, Krankheiten und Umwelteinfl\u00fcsse. So f\u00fchrt Biotechnologie zu h\u00f6heren Ernteertr\u00e4gen und einem geringeren Einsatz von Pestiziden.<\/p>\n\n\n\n<p>Ein weiterer Einsatzbereich der Biotechnologie ist die Entwicklung neuer Medikamente und Therapien f\u00fcr Krankheiten in der Medizin. So gibt es beispielsweise Gentherapien f\u00fcr genetische St\u00f6rungen und Krebsimmuntherapien. In den Umweltwissenschaften nutzen wir Biotechnologie zur Entwicklung von Biokraftstoffen und Bioremediationsprozessen. Wir nutzen sie auch f\u00fcr nachhaltige Abfallmanagementl\u00f6sungen. In der industriellen Fertigung wird Biotechnologie au\u00dferdem zur Produktion von Enzymen eingesetzt. Wir nutzen sie auch f\u00fcr biobasierte Materialien und Biokunststoffe.<\/p>\n\n\n\n<h2 class=\"wp-block-heading\">Warum ist Biotechnologie wichtig?<\/h2>\n\n\n\n<p>Biotechnologie ist aus mehreren Gr\u00fcnden unverzichtbar. Der erste Grund ist die Verbesserung der menschlichen Gesundheit. Die Biotechnologie hat die Medizin und das Gesundheitswesen revolutioniert. Sie erm\u00f6glicht zumindest die Entwicklung neuer Medikamente, Therapien und medizinischer Technologien. Biotechnologie spielt auch in der Diagnostik, der personalisierten Medizin und der regenerativen Medizin eine entscheidende Rolle. Dar\u00fcber hinaus bietet sie neue M\u00f6glichkeiten zur Diagnose, Behandlung und Vorbeugung von Krankheiten.<\/p>\n\n\n\n<p>Biotechnologie kann viele Aspekte unseres Lebens revolutionieren. Sie hat ethische, soziale und regulatorische Bedenken aufgeworfen. Dar\u00fcber hinaus hat sie das Potenzial, zur L\u00f6sung globaler Herausforderungen beizutragen. Sie kann beispielsweise zur Nahrungsmittelsicherheit, Ausrottung von Krankheiten und \u00f6kologischer Nachhaltigkeit beitragen. Dabei m\u00fcssen jedoch die Sicherheits-, Ethik- und gesellschaftlichen Auswirkungen sorgf\u00e4ltig gepr\u00fcft werden. Wissenschaftler k\u00f6nnen gentechnisch ver\u00e4nderte Pflanzen so z\u00fcchten, dass sie Sch\u00e4dlingen, Krankheiten und Umweltbedingungen widerstehen. Sie verbessert die landwirtschaftlichen Ertr\u00e4ge und verringert den Bedarf an chemischen Pestiziden. Biotechnologie wird auch zur Entwicklung von Biokraftstoffen, Biokunststoffen und anderen nachhaltigen Materialien eingesetzt. Gleichzeitig bietet sie eine Alternative zu fossilen Brennstoffen und verringert die Umweltauswirkungen.<\/p>\n\n\n\n<p>Biotechnology has applications in various industrial processes, including enzyme production, fermentation, and bio-processing. It can lead to more efficient and sustainable manufacturing practices. Many industries use enzymes produced through biotechnology. These <a href=\"https:\/\/www.sisinternational.com\/de\/losungen\/marktforschung-fur-die-lebensmittel-und-getrankeindustrie\/\" title=\"Lebensmittel- und Getr\u00e4nkeindustrie Marktforschung\"  data-wpil-monitor-id=\"9425\">industries include food and beverage<\/a>, detergents, textiles, and biofuels. They use enzymes to improve processes, reduce waste, and enhance product quality.<\/p>\n\n\n\n<p>Die Biotechnologie stellt wichtige Werkzeuge und Techniken f\u00fcr die wissenschaftliche Forschung bereit. Wissenschaftler haben heute Zugang zur Gentechnik in Verbindung mit Genbearbeitungstechnologien wie CRISPR-Cas9. Diese und andere biotechnologische Werkzeuge erm\u00f6glichen es ihnen, Gene zu manipulieren und zu untersuchen. Sie k\u00f6nnen diese Werkzeuge auch nutzen, um mehr \u00fcber Proteine und andere biologische Molek\u00fcle zu erfahren. Die Werkzeuge f\u00fchren zu Durchbr\u00fcchen im Verst\u00e4ndnis grundlegender Biologie, Genetik und Krankheitsmechanismen.<\/p>\n\n\n\n<p>Biotechnologie ist eine expandierende Branche, die Wirtschaftswachstum und Innovation f\u00f6rdert. Tats\u00e4chlich hat sie das Potenzial, neue Arbeitspl\u00e4tze zu schaffen und die wirtschaftliche Entwicklung anzukurbeln. Sie kann auch den technologischen Fortschritt vorantreiben. Viele Biotechnologieunternehmen stehen an der Spitze der Innovation. Sie entwickeln neue Produkte, Prozesse und Technologien mit kommerziellen Anwendungen und wirtschaftlichem Wert.<\/p>\n\n\n\n<p>Ein weiterer wichtiger Punkt der Biotechnologie ist, dass sie das Potenzial hat, eine nachhaltige Landwirtschaft zu f\u00f6rdern. Dies geschieht durch die Reduzierung des Einsatzes chemischer D\u00fcngemittel und Pestizide. Au\u00dferdem verbessert sie die Ernteertr\u00e4ge und schont nat\u00fcrliche Ressourcen. Die Biotechnologie spielt auch eine Rolle beim Umweltschutz durch Bioremediation. Bei dieser Methode werden lebende Organismen verwendet, um Boden-, Wasser- und Luftschadstoffe zu beseitigen. Diese alternative Methode funktioniert durch die Entwicklung biobasierter Materialien und Prozesse. Diese Techniken sind umweltfreundlicher als herk\u00f6mmliche Methoden.<\/p>\n\n\n\n<h2 class=\"wp-block-heading\">Wichtige Berufsbezeichnungen<\/h2>\n\n\n\n<figure class=\"gb-block-image gb-block-image-111c67a4\"><img loading=\"lazy\" decoding=\"async\" width=\"1456\" height=\"816\" class=\"gb-image gb-image-111c67a4\" src=\"https:\/\/www.sisinternational.com\/wp-content\/uploads\/2025\/08\/Biofurl-3.jpg\" alt=\"SIS International Marktforschung &amp; Strategie\" title=\"Biofurl (3)\" srcset=\"https:\/\/www.sisinternational.com\/wp-content\/uploads\/2025\/08\/Biofurl-3.jpg 1456w, https:\/\/www.sisinternational.com\/wp-content\/uploads\/2025\/08\/Biofurl-3-300x168.jpg 300w, https:\/\/www.sisinternational.com\/wp-content\/uploads\/2025\/08\/Biofurl-3-1024x574.jpg 1024w, https:\/\/www.sisinternational.com\/wp-content\/uploads\/2025\/08\/Biofurl-3-768x430.jpg 768w, https:\/\/www.sisinternational.com\/wp-content\/uploads\/2025\/08\/Biofurl-3-18x10.jpg 18w\" sizes=\"auto, (max-width: 1456px) 100vw, 1456px\"><\/figure>\n\n\n\n<p><\/p>\n\n\n\n<p>Im Bereich Biotechnologie gibt es verschiedene Berufsbezeichnungen. Diese Titel umfassen ein breites Spektrum an Rollen und Verantwortlichkeiten. Einige wichtige Berufsbezeichnungen in der Biotechnologie sind:<\/p>\n\n\n\n<ul class=\"wp-block-list\">\n<li><strong>Biomedizinischer Wissenschaftler:<\/strong> Conducts <a href=\"https:\/\/www.sisinternational.com\/de\/sachverstand\/lebenslaufe\/lebenslauf-mit-erfahrungen-im-bereich-ethnographie\/\" title=\"Ethnographie Marktforschung Erfahrung\"  data-wpil-monitor-id=\"9426\">research and experiments<\/a> on human health and medicine. Job includes developing and testing new drugs, therapies, and medical technologies.<\/li>\n\n\n\n<li><strong>Genetiker:<\/strong> Untersucht Gene und genetische Merkmale und f\u00fchrt genetische Forschung durch. Kann Gentechnik betreiben und mit Technologien zur Genomeditierung arbeiten.<\/li>\n\n\n\n<li><strong>Biotechnologe:<\/strong> Wendet Prinzipien und Techniken an, um neue Produkte, Prozesse oder Technologien zu entwickeln. Arbeitet in den Bereichen Landwirtschaft, Medizin, Umweltwissenschaften oder industrielle Fertigung.<\/li>\n\n\n\n<li><strong>Biochemiker:<\/strong> Untersucht die chemischen Prozesse und Substanzen, die in lebenden Organismen vorkommen. M\u00f6glicherweise forscht er im Zusammenhang mit Enzymen, Proteinen und anderen biologischen Molek\u00fclen.<\/li>\n\n\n\n<li><strong>Mikrobiologe:<\/strong> Untersucht Mikroorganismen wie Bakterien, Viren und Pilze. F\u00fchrt m\u00f6glicherweise Forschungen im Zusammenhang mit Fermentation, Bioremediation und anderen mikrobiologischen Prozessen durch.<\/li>\n\n\n\n<li><strong>Forschungswissenschaftler:<\/strong> F\u00fchrt Forschung in einem bestimmten Bereich der Biotechnologie durch. Sie k\u00f6nnen beispielsweise genetische Analysen, Arzneimittelentwicklung oder Agrarbiotechnologie durchf\u00fchren. Sie k\u00f6nnen in der Wissenschaft, der Regierung oder der Industrie arbeiten.<\/li>\n\n\n\n<li><strong>Spezialist f\u00fcr Bioinformatik:<\/strong> Verwendet computergest\u00fctzte Werkzeuge und Techniken zur Analyse biologischer Daten. Sie k\u00f6nnen beispielsweise mit DNA-Sequenzen und Proteinstrukturen arbeiten. Sie k\u00f6nnen auch genetische Daten, Arzneimittelentdeckungen und andere bioinformatische Anwendungen analysieren.<\/li>\n\n\n\n<li><strong>Bioprozessingenieur:<\/strong> Entwickelt und optimiert Techniken und Ger\u00e4te f\u00fcr Biopharmazeutika. Ein Bioprozessingenieur arbeitet auch mit Enzymen und anderen biotechnologischen Produkten.<\/li>\n\n\n\n<li><strong>Spezialist f\u00fcr regulatorische Angelegenheiten:<\/strong> Stellt die Einhaltung gesetzlicher Vorschriften sicher. Der Regulatory Affairs-Spezialist kennt die Richtlinien f\u00fcr die Entwicklung, Herstellung und Vermarktung biotechnologischer Produkte. Er kann beh\u00f6rdliche Genehmigungen f\u00fcr neue Medikamente, Therapien oder gentechnisch ver\u00e4nderte Organismen einholen.<\/li>\n\n\n\n<li><strong>Leiter Gesch\u00e4ftsentwicklung:<\/strong> Identifiziert Gesch\u00e4ftsm\u00f6glichkeiten und entwickelt Partnerschaften. Der Business Development Manager k\u00fcmmert sich um die Beziehungen zu Stakeholdern in der Biotechnologiebranche, darunter Investoren, Kunden und Partner.<\/li>\n\n\n\n<li><strong>Spezialist f\u00fcr Qualit\u00e4tskontrolle\/Qualit\u00e4tssicherung:<\/strong> Gew\u00e4hrleistet die Qualit\u00e4t und Sicherheit biotechnologischer Produkte. Dies kann durch Tests, Inspektionen und die Einhaltung gesetzlicher Anforderungen geschehen.<\/li>\n\n\n\n<li><strong>Klinischer Forschungsmitarbeiter:<\/strong> F\u00fchrt klinische Studien durch und testet die Sicherheit und Wirksamkeit von Biopharmazeutika und anderen medizinischen Produkten. Dieser Mitarbeiter arbeitet m\u00f6glicherweise mit Gesundheitsdienstleistern, Patienten und Aufsichtsbeh\u00f6rden zusammen.<\/li>\n<\/ul>\n\n\n\n<h2 class=\"wp-block-heading\">Warum brauchen Unternehmen Biotechnologie?<\/h2>\n\n\n\n<h3 class=\"wp-block-heading\">Unternehmen brauchen Biotechnologie aus mehreren Gr\u00fcnden.<\/h3>\n\n\n\n<p>Mithilfe der Biotechnologie k\u00f6nnen Unternehmen innovative Produkte, Verfahren und Technologien entwickeln. Diese Produkte, Verfahren und Technologien k\u00f6nnen einen Wettbewerbsvorteil auf dem Markt bieten. Biotechnologische Fortschritte k\u00f6nnen zur Entwicklung neuartiger Medikamente, Therapien und landwirtschaftlicher Produkte f\u00fchren. Sie k\u00f6nnen Unternehmen auch dazu inspirieren, industrielle Enzyme und andere Bioprodukte herzustellen. Diese Produkte k\u00f6nnen verbesserte Eigenschaften aufweisen, wie z. B. eine h\u00f6here Stabilit\u00e4t, Spezifit\u00e4t und Effizienz. Sie k\u00f6nnen unerf\u00fcllte Bed\u00fcrfnisse befriedigen. Sie k\u00f6nnen auch die Leistung verschiedener industrieller Verfahren und Produkte verbessern. Biotechnologie kann ein Unternehmen von seinen Mitbewerbern abheben.<\/p>\n\n\n\n<p>Mithilfe der Biotechnologie k\u00f6nnen Unternehmen die Leistung und Qualit\u00e4t ihrer Produkte verbessern. Agrarunternehmen k\u00f6nnen beispielsweise Gentechnik und Gen-Editierung nutzen. Sie k\u00f6nnen Nutzpflanzen mit verbesserten Eigenschaften wie Krankheitsresistenz entwickeln. Oder sie k\u00f6nnen den N\u00e4hrstoffgehalt und die Haltbarkeit der Nutzpflanzen verbessern.<\/p>\n\n\n\n<p>Mithilfe der Biotechnologie k\u00f6nnen Unternehmen nachhaltige L\u00f6sungen entwickeln, die die Umwelt nicht sch\u00e4digen. Sie k\u00f6nnen die Biotechnologie beispielsweise nutzen, um biobasierte Materialien und Biokraftstoffe herzustellen. Sie k\u00f6nnen auch biologisch abbaubare Kunststoffe herstellen, die weniger Umweltauswirkungen haben als herk\u00f6mmliche Materialien. Biotechnologie kann auch den Einsatz chemischer Pestizide und D\u00fcngemittel in der Landwirtschaft reduzieren. Sie kann zu nachhaltigeren und umweltfreundlicheren landwirtschaftlichen Praktiken f\u00fchren.<\/p>\n\n\n\n<p>Biotechnologie kann Unternehmen dabei helfen, kosteng\u00fcnstige und effiziente Prozesse zu entwickeln. Sie k\u00f6nnen diese Prozesse f\u00fcr die Produktentwicklung, Herstellung und andere Vorg\u00e4nge nutzen. Bioverarbeitung kann beispielsweise die Produktion komplexer Biopharmazeutika und Enzyme erm\u00f6glichen. Dies wird durch skalierbare und effiziente Fermentationsprozesse m\u00f6glich. Biotechnologie kann auch zu rationalisierten Prozessen f\u00fcr genetische Tests und Diagnostik f\u00fchren. Diese Prozesse senken die Kosten und erh\u00f6hen die Effizienz.<\/p>\n\n\n\n<p>Biotechnologieunternehmen m\u00fcssen sich in komplexen Regulierungslandschaften zurechtfinden, um die Einhaltung verschiedener Vorschriften sicherzustellen. Die Einhaltung der Vorschriften erm\u00f6glicht es ihnen, Produktzulassungen zu erhalten. Spezialisten f\u00fcr regulatorische Angelegenheiten sind von entscheidender Bedeutung, um Unternehmen dabei zu helfen, die regulatorischen Anforderungen zu verstehen und einzuhalten. Biotechnologieunternehmen m\u00fcssen in der Lage sein, sich in Regulierungsprozessen zurechtzufinden und die erforderlichen Lizenzen zu erhalten. Dadurch sind sie besser in der Lage, M\u00e4rkte zu erschlie\u00dfen, Investoren anzuziehen und kommerziellen Erfolg zu erzielen.<\/p>\n\n\n\n<p>Biotechnologieunternehmen ben\u00f6tigen h\u00e4ufig Kooperationen und Partnerschaften mit Forschungseinrichtungen. Sie k\u00f6nnen auch mit akademischen Zentren, Gesundheitsdienstleistern und anderen Interessengruppen zusammenarbeiten. Durch die Zusammenarbeit kann Zugang zu Fachwissen, Ressourcen und Finanzierung geschaffen werden. Sie kann auch die Umsetzung von Forschungsergebnissen in kommerzielle Produkte erleichtern. Gesch\u00e4ftsentwicklungsmanager und andere Fachleute sind unverzichtbar. Sie k\u00f6nnen dabei helfen, strategische Kooperationen und Partnerschaften zu identifizieren und aufzubauen.<\/p>\n\n\n\n<p>Biotechnologieunternehmen ben\u00f6tigen qualifizierte und sachkundige Mitarbeiter mit Fachwissen in verschiedenen Bereichen. Sie sollten sich beispielsweise mit Molekularbiologie, Genetik, Biochemie, Bioinformatik und regulatorischen Angelegenheiten auskennen. Auf diese Weise k\u00f6nnen sie biotechnologische Produkte und Technologien entwickeln und vermarkten. Die Gewinnung und Bindung von Top-Talenten mit dem erforderlichen Fachwissen in der Biotechnologie ist von entscheidender Bedeutung. Dies kann zum Erfolg eines Biotechnologieunternehmens f\u00fchren. Unternehmen ben\u00f6tigen qualifizierte, motivierte Mitarbeiter, die sich der Mission und den Zielen des Unternehmens verpflichtet f\u00fchlen. Eine solche Belegschaft kann Innovation, Produktivit\u00e4t und Erfolg vorantreiben.<\/p>\n\n\n\n<h2 class=\"wp-block-heading\">Schl\u00fcsselfaktoren f\u00fcr den Erfolg<\/h2>\n\n\n\n<figure class=\"gb-block-image gb-block-image-5b8c80af\"><img loading=\"lazy\" decoding=\"async\" width=\"1456\" height=\"816\" class=\"gb-image gb-image-5b8c80af\" src=\"https:\/\/www.sisinternational.com\/wp-content\/uploads\/2025\/08\/Biofurl-1.jpg\" alt=\"SIS International Marktforschung &amp; Strategie\" title=\"Biofurl (1)\" srcset=\"https:\/\/www.sisinternational.com\/wp-content\/uploads\/2025\/08\/Biofurl-1.jpg 1456w, https:\/\/www.sisinternational.com\/wp-content\/uploads\/2025\/08\/Biofurl-1-300x168.jpg 300w, https:\/\/www.sisinternational.com\/wp-content\/uploads\/2025\/08\/Biofurl-1-1024x574.jpg 1024w, https:\/\/www.sisinternational.com\/wp-content\/uploads\/2025\/08\/Biofurl-1-768x430.jpg 768w, https:\/\/www.sisinternational.com\/wp-content\/uploads\/2025\/08\/Biofurl-1-18x10.jpg 18w\" sizes=\"auto, (max-width: 1456px) 100vw, 1456px\"><\/figure>\n\n\n\n<p><\/p>\n\n\n\n<p>Biotechnologie ist ein Spezialgebiet. Sie erfordert ein tiefes Verst\u00e4ndnis wissenschaftlicher und technologischer Prinzipien. Ein Team mit Fachkenntnissen in Molekularbiologie, Genetik, Bioinformatik und Biochemie ist unverzichtbar. Diese Disziplinen sind f\u00fcr den Erfolg eines Biotechnologieunternehmens von entscheidender Bedeutung. Dieses Fachwissen erm\u00f6glicht es Unternehmen, innovative Produkte, Technologien und Prozesse zu entwickeln. So k\u00f6nnen sie unerf\u00fcllte Bed\u00fcrfnisse ansprechen, ihre Leistung verbessern und auf dem Biotechnologiemarkt erfolgreich sein.<\/p>\n\n\n\n<p>Innovation ist das Herzst\u00fcck der Biotechnologie. Unternehmen m\u00fcssen in Forschung und Entwicklung (F&amp;E) investieren. Auf diese Weise k\u00f6nnen sie neue Produkte, Prozesse und Technologien entwickeln. Innovations- und F&amp;E-F\u00e4higkeiten sind von entscheidender Bedeutung. Sie k\u00f6nnen einem Biotech-Unternehmen einen Wettbewerbsvorteil auf dem Markt verschaffen. Zu diesen F\u00e4higkeiten geh\u00f6ren robuste Prozesse zur Ideenfindung, Validierung und Kommerzialisierung.<\/p>\n\n\n\n<p>Der Schutz des geistigen Eigentums (IP) ist im Bereich der Biotechnologie von entscheidender Bedeutung. Er hilft Unternehmen, ihre Erfindungen, Produkte und Technologien zu sch\u00fctzen. Er verhindert, dass Wettbewerber sie kopieren oder verwenden. Die Sicherung von Patenten, Marken, Urheberrechten und anderen Formen des IP-Schutzes ist von wesentlicher Bedeutung. Diese Instrumente k\u00f6nnen Unternehmen exklusive Rechte an ihren Innovationen verschaffen. Sie k\u00f6nnen auch eine Barriere f\u00fcr Wettbewerber darstellen. Somit verschaffen sie den Patent-\/Markeninhabern einen Wettbewerbsvorteil.<\/p>\n\n\n\n<p>Biotechnologieunternehmen m\u00fcssen sich in einem komplexen regulatorischen Umfeld zurechtfinden. Dazu geh\u00f6ren Vorschriften in Bezug auf Produktentwicklung, Herstellung, Sicherheit und Umweltauswirkungen. Die Einhaltung der Gesetze ist f\u00fcr den Erfolg eines Biotechnologieunternehmens von entscheidender Bedeutung. Dies gilt auch f\u00fcr die Einholung der erforderlichen Genehmigungen. Die Nichteinhaltung von Vorschriften kann zu Verz\u00f6gerungen, Geldstrafen und Reputationssch\u00e4den f\u00fchren.<\/p>\n\n\n\n<p>Biotechnology businesses must identify and address real market needs. They must also validate their products or technologies with customers. Understanding customer requirements and <a href=\"https:\/\/www.sisinternational.com\/de\/how-to-conduct-effective-quantitative-market-research\/\" title=\"How to Conduct Effective Quantitative Market Research\"  data-wpil-monitor-id=\"9423\">conducting market research<\/a> are essential. So is obtaining feedback from potential customers. It can help businesses develop products and technologies that meet market demand. It also ensures that these products are viable, giving them a higher chance of success in the market.<\/p>\n\n\n\n<p>Having a well-defined business strategy is essential for success in biotech. This strategy should align with the company\u2019s vision, goals, and market opportunities. It is crucial for success in biotechnology. This includes developing a comprehensive commercialization plan. This plan should cover pricing, distribution, marketing, and sales strategies. Strategic <a href=\"https:\/\/www.sisinternational.com\/de\/veroffentlichungen\/skalierbare-geschaftsmarktforschung-7-moglichkeiten-zum-aufbau-eines-skalierbaren-geschafts\/\" title=\"Marktforschung f\u00fcr skalierbare Unternehmen: 7 M\u00f6glichkeiten zum Aufbau eines skalierbaren Unternehmens\"  data-wpil-monitor-id=\"9424\">Market Research can help your business<\/a> in this regard. It allows you to develop a robust business strategy and effective commercialization plan. Thus, you can penetrate the market, generate revenue, and achieve profitability.<\/p>\n\n\n\n<p>Biotechnologieunternehmen ben\u00f6tigen h\u00e4ufig erhebliche finanzielle Mittel. Sie m\u00fcssen Forschung und Entwicklung, Produktentwicklung, Herstellung, Einhaltung gesetzlicher Vorschriften und Vermarktungsbem\u00fchungen finanzieren. Der Zugang zu angemessenen Finanzmitteln ist f\u00fcr den Erfolg eines Biotechnologieunternehmens von entscheidender Bedeutung. Diese Finanzierung kann durch interne Ressourcen, Risikokapital und staatliche Zusch\u00fcsse erfolgen. Sie kann auch aus anderen Quellen stammen.<\/p>\n\n\n\n<p>Die Biotechnologie ist ein sich entwickelndes Feld und Unternehmen m\u00fcssen flexibel sein. Sie m\u00fcssen sich an die sich \u00e4ndernde Marktdynamik, den technologischen Fortschritt und die regulatorischen Anforderungen anpassen. Die F\u00e4higkeit, sich neu auszurichten, Strategien anzupassen und neue Chancen zu nutzen, ist von entscheidender Bedeutung. Sie erm\u00f6glicht den Erfolg eines Biotech-Unternehmens in einer dynamischen und sich st\u00e4ndig ver\u00e4ndernden Branche.<\/p>\n\n\n\n<h2 class=\"wp-block-heading\">\u00dcber Biotechnology Market Research<\/h2>\n\n\n\n<p>At SIS International, we offer a variety of biotechnology market research reports. These reports provide valuable insights and data on critical segments worldwide. We also offer Quantitative and <a href=\"https:\/\/www.sisinternational.com\/de\/tools-and-resources-for-qualitative-market-research\/\" title=\"Tools and Resources for Qualitative Market Research\"  data-wpil-monitor-id=\"9420\">Qualitative Market research<\/a>, UX, and Strategy Market Research. We do Competitive Analysis, Market Entry, Market Opportunity, and <a href=\"https:\/\/www.sisinternational.com\/de\/sachverstand\/branchen\/motel-marktforschung\/\" title=\"Motel-Marktforschung\"  data-wpil-monitor-id=\"3119\">Marktgr\u00f6\u00dfenforschung<\/a>. SIS also <a href=\"https:\/\/www.sisinternational.com\/de\/losungen\/strategieberatung\/sales-enablement-marktforschung-strategieberatung\/\" title=\"Sales Enablement Marktforschung und Strategieberatung\"  data-wpil-monitor-id=\"9421\">enables forming a Go to Market Strategy<\/a>. How? By using information gleaned from Interviews, Surveys, and Focus Groups.<\/p>\n\n\n\n<p><a href=\"https:\/\/www.sisinternational.com\/de\/kontaktieren-sie-sis-international-market-research\/\" title=\"Kontaktiere uns\"  data-wpil-monitor-id=\"9419\">SIS International Forschung<\/a> is a trusted source of business intelligence. We\u2019ve been doing it for over 40 years. If you need help, our team of knowledgeable research specialists is available.<\/p>","protected":false},"excerpt":{"rendered":"<p>Die Biotechnologie ist f\u00fcr die Verbesserung der menschlichen Gesundheit von entscheidender Bedeutung und hat die Medizin und das Gesundheitswesen revolutioniert.<\/p>","protected":false},"author":1,"featured_media":63777,"parent":14514,"menu_order":270,"comment_status":"closed","ping_status":"closed","template":"","meta":{"footnotes":""},"class_list":["post-42572","page","type-page","status-publish","has-post-thumbnail"],"_links":{"self":[{"href":"https:\/\/www.sisinternational.com\/de\/wp-json\/wp\/v2\/pages\/42572","targetHints":{"allow":["GET"]}}],"collection":[{"href":"https:\/\/www.sisinternational.com\/de\/wp-json\/wp\/v2\/pages"}],"about":[{"href":"https:\/\/www.sisinternational.com\/de\/wp-json\/wp\/v2\/types\/page"}],"author":[{"embeddable":true,"href":"https:\/\/www.sisinternational.com\/de\/wp-json\/wp\/v2\/users\/1"}],"replies":[{"embeddable":true,"href":"https:\/\/www.sisinternational.com\/de\/wp-json\/wp\/v2\/comments?post=42572"}],"version-history":[{"count":5,"href":"https:\/\/www.sisinternational.com\/de\/wp-json\/wp\/v2\/pages\/42572\/revisions"}],"predecessor-version":[{"id":81574,"href":"https:\/\/www.sisinternational.com\/de\/wp-json\/wp\/v2\/pages\/42572\/revisions\/81574"}],"up":[{"embeddable":true,"href":"https:\/\/www.sisinternational.com\/de\/wp-json\/wp\/v2\/pages\/14514"}],"wp:featuredmedia":[{"embeddable":true,"href":"https:\/\/www.sisinternational.com\/de\/wp-json\/wp\/v2\/media\/63777"}],"wp:attachment":[{"href":"https:\/\/www.sisinternational.com\/de\/wp-json\/wp\/v2\/media?parent=42572"}],"curies":[{"name":"wp","href":"https:\/\/api.w.org\/{rel}","templated":true}]}}