{"id":42567,"date":"2023-04-28T16:57:47","date_gmt":"2023-04-28T20:57:47","guid":{"rendered":"https:\/\/www.sisinternational.com\/?page_id=42567"},"modified":"2025-10-17T00:03:32","modified_gmt":"2025-10-17T04:03:32","slug":"biokraftstoff-marktforschung","status":"publish","type":"page","link":"https:\/\/www.sisinternational.com\/de\/sachverstand\/biokraftstoff-marktforschung\/","title":{"rendered":"Biokraftstoff-Marktforschung"},"content":{"rendered":"<h1 class=\"wp-block-heading\">Biokraftstoff-Marktforschung<\/h1>\n\n\n\n<figure class=\"gb-block-image gb-block-image-4dae92a0\"><img loading=\"lazy\" decoding=\"async\" width=\"1456\" height=\"816\" class=\"gb-image gb-image-4dae92a0\" src=\"https:\/\/www.sisinternational.com\/wp-content\/uploads\/2025\/08\/Agriculture-19.jpg\" alt=\"SIS International Marktforschung &amp; Strategie\" title=\"Agriculture (19)\" srcset=\"https:\/\/www.sisinternational.com\/wp-content\/uploads\/2025\/08\/Agriculture-19.jpg 1456w, https:\/\/www.sisinternational.com\/wp-content\/uploads\/2025\/08\/Agriculture-19-300x168.jpg 300w, https:\/\/www.sisinternational.com\/wp-content\/uploads\/2025\/08\/Agriculture-19-1024x574.jpg 1024w, https:\/\/www.sisinternational.com\/wp-content\/uploads\/2025\/08\/Agriculture-19-768x430.jpg 768w, https:\/\/www.sisinternational.com\/wp-content\/uploads\/2025\/08\/Agriculture-19-18x10.jpg 18w\" sizes=\"auto, (max-width: 1456px) 100vw, 1456px\"><\/figure>\n\n\n\n<p><\/p>\n\n\n\n<p>Energy from renewable sources is expected to put less strain on the environment and the already limited supply of fossil fuels. Pure biofuels produce fewer emissions than their fossil-derived equivalents. With the many environmental concerns and climate threats, changing to biofuels looks like the more responsible choice. Before diving into this market, one should address which type of biofuel works best, based on a company\u2019s needs and goals. The pros outweigh the cons, and to tackle the cons and integrate positive changes, it is best to prepare with <a href=\"https:\/\/www.sisinternational.com\/de\/regierungsmasnahmen-fur-biokraftstoffe\/\" title=\"Marktforschung f\u00fcr Biokraftstoffe\"  data-wpil-monitor-id=\"1721\">Biofuels market research<\/a>.<\/p>\n\n\n\n<h2 class=\"wp-block-heading\">\u00dcberblick \u00fcber die Marktforschung zu Biokraftstoffen<\/h2>\n\n\n\n<p>In den letzten Jahrzehnten haben sich Unternehmen in eine nachhaltigere Richtung bewegt, vor allem bei der Herstellung von Produkten, aber auch bei der Verringerung ihrer j\u00e4hrlichen Emissionen.<\/p>\n\n\n\n<p>Die Verbraucher sind sich der Auswirkungen fossiler Brennstoffe zunehmend bewusst. Sie sind sich auch dar\u00fcber im Klaren, welche Unternehmen am meisten \u2013 oder am wenigsten \u2013 zur Umweltsch\u00e4digung beitragen. Die Zahl ethisch verantwortungsbewusster Verbraucher ist gestiegen und kann nicht l\u00e4nger ignoriert werden.<\/p>\n\n\n\n<p>Generell wird ein umweltbewusstes Unternehmen mehr Kunden anziehen. Menschen geben eher Geld f\u00fcr Produkte aus, die mit Biokraftstoffen hergestellt wurden. Auf diese Weise verringern sowohl das Unternehmen als auch der Kunde ihren CO2-Fu\u00dfabdruck.<\/p>\n\n\n\n<h2 class=\"wp-block-heading\">Wichtige Trends und Treiber in der Biokraftstoffindustrie<\/h2>\n\n\n\n<p>Biodiesel has become an attractive replacement for fossil fuels. Being biodegradable, non-toxic renewable, and eco-friendly (they burn cleaner than fossil fuels), the raw materials for this alternative are more affordable. Nonetheless, its synthesis is rather costly and may not necessarily <a href=\"https:\/\/www.sisinternational.com\/de\/b2b-leadgenerierung-marktforschung\/\" title=\"Marktforschung zur B2B-Leadgenerierung\"  data-wpil-monitor-id=\"9357\">lead to an immediately lucrative market<\/a>. Despite the high costs, though, Europe still is the largest producer of biodiesel. Regardless, one can expect biodiesel (made from plant-based oil seeds) to increase. Especially airlines are interested in using biofuels.<\/p>\n\n\n\n<p>Plant and refinery industries will grow as the need for them rises. These <a href=\"https:\/\/www.sisinternational.com\/de\/venezuela-oil-mining-industry-potential-strategic-forecast-2026-2036\/\" title=\"Venezuela Oil &amp; Mining Industry Potential: Strategic Forecast 2026-2036\"  data-wpil-monitor-id=\"9360\">industries strip the oil<\/a> from plants for reuse. Especially in the regions where canola and sunflower are grown, one can expect those facilities to pop up.<\/p>\n\n\n\n<p>Neben Biodiesel wird auch Ethanol in gro\u00dfen Mengen produziert. Mais, aber auch Zuckerrohr sind beliebte Rohstoffe f\u00fcr die Herstellung dieses Kraftstoffs. \u00dcber Ethanol \u2013 das meist als Bestandteil von Benzin verwendet wird \u2013 gibt es unterschiedliche Meinungen. Ein gro\u00dfer Vorteil ist, dass Ethanol eine h\u00f6here Oktanzahl als Benzin hat, was die Kraftstoffqualit\u00e4t verbessert und f\u00fcr gute Fahreigenschaften sorgt.<\/p>\n\n\n\n<p>Buthanol ist Ethanol \u00e4hnlich, weist jedoch eine h\u00f6here Energiedichte und einen niedrigeren Dampfdruck auf, was es zu einem besseren Kandidat f\u00fcr Biokraftstoffe macht als Ethanol.<\/p>\n\n\n\n<p>Methanol ist in der Herstellung billiger als Ethanol und wird auch gerne als Biokraftstoff verwendet. Leider ist es nicht nur giftiger, sondern hat auch eine geringere Energiedichte als Benzin.<\/p>\n\n\n\n<p>Biogas ist eine weitere umweltfreundliche, erneuerbare Energiequelle, die aus dem Abbau organischer Stoffe wie Abfall, Mist, Essensresten, Pflanzenmaterial und Abwasser entsteht.<\/p>\n\n\n\n<h2 class=\"wp-block-heading\">Gelegenheiten<\/h2>\n\n\n\n<p>Der Aufschwung bei alternativen Biokraftstoffen und die Erforschung der Kraftstoffprozesse werden zweifellos viele interessante Karrierechancen er\u00f6ffnen, und das Wachstum der Anlagen- und Raffinerieindustrie wird f\u00fcr mehr Besch\u00e4ftigung sorgen.<\/p>\n\n\n\n<h3 class=\"wp-block-heading\">Einige der Karrieren in dieser Branche sind die folgenden:<\/h3>\n\n\n\n<p><strong>Wissenschaftliche Forschung<\/strong><\/p>\n\n\n\n<ul class=\"wp-block-list\">\n<li>Biochemiker, Biophysiker, Mikrobiologen, Chemiker und Labortechniker,<\/li>\n<\/ul>\n\n\n\n<p><strong>Technik<\/strong><\/p>\n\n\n\n<ul class=\"wp-block-list\">\n<li>Bauingenieure, Umweltingenieure, Wirtschaftsingenieure, Maschinenbauingenieure und Elektroingenieure<\/li>\n<\/ul>\n\n\n\n<p><strong>Landwirtschaft<\/strong><\/p>\n\n\n\n<p><strong>Verarbeitungsanlagen und Raffinerien<\/strong><\/p>\n\n\n\n<p><strong>Bauwesen<\/strong><\/p>\n\n\n\n<p><strong>Verk\u00e4ufe<\/strong><\/p>\n\n\n\n<p>Viele der oben genannten Sektoren bieten offene Stellen in unterschiedlichen Bereichen, beispielsweise als Manager, als Ger\u00e4tebediener, als Arbeiter, als Z\u00fcchter, als Eink\u00e4ufer, als Gro\u00dfhandelsvertreter usw.<\/p>\n\n\n\n<h2 class=\"wp-block-heading\">Herausforderungen<\/h2>\n\n\n\n<p>Obwohl Biokraftstoffe mehrere Vorteile bieten, k\u00f6nnen sie teuer sein. Die Arbeitskosten sind hoch und leider ben\u00f6tigen sie auch viel Platz f\u00fcr die Lagerung.<\/p>\n\n\n\n<p>Ironischerweise beansprucht der Anbau von Pflanzen f\u00fcr Biokraftstoffe eine betr\u00e4chtliche Menge Land und kann zudem negative Ver\u00e4nderungen in der Landnutzung verursachen. F\u00fcr den Anbau von Pflanzen f\u00fcr Kraftstoffe m\u00fcssen B\u00e4ume gerodet werden, um den frei gewordenen Platz f\u00fcr Ackerland zu nutzen. Die Abholzung von W\u00e4ldern und auch von Gr\u00fcnland kann jedoch mehr Kohlenstoff freisetzen, was dem urspr\u00fcnglichen Zweck der Schaffung dieser Ackerfl\u00e4chen zuwiderl\u00e4uft.<\/p>\n\n\n\n<p>Biokraftstoffe erfordern zudem einen h\u00f6heren Wasserverbrauch. In trockenen Regionen kann dies nicht nur f\u00fcr die Natur, sondern auch f\u00fcr die Menschen sch\u00e4dliche Folgen haben.<\/p>\n\n\n\n<p>Aus diesen Gr\u00fcnden sind Biokraftstoffe noch nicht vollst\u00e4ndig nachhaltig und k\u00f6nnen f\u00fcr manche immer noch ein kontroverses Thema sein.<\/p>\n\n\n\n<h2 class=\"wp-block-heading\">Innovationscluster analysieren Marktforschung zu Biokraftstoffen<\/h2>\n\n\n\n<p>Wie bereits erw\u00e4hnt, enth\u00e4lt Benzin einen Biokraftstoff, obwohl man sagen muss, dass diese aktualisierte Version in neueren Autos besser funktioniert. Autoh\u00e4user und Mechaniker sind weniger begeistert davon, diesen Kraftstoff in \u00e4ltere Fahrzeuge zu mischen, da diese m\u00f6glicherweise nicht damit kompatibel sind.<\/p>\n\n\n\n<p>Im Allgemeinen werden die meisten Biokraftstoffe f\u00fcr den Transport verwendet, sie k\u00f6nnen aber auch zum Heizen und zur Stromerzeugung genutzt werden. Weitere g\u00e4ngige Verwendungszwecke sind: Laden von Elektronik, Reinigen von \u00d6lverschmutzungen und Fett, Schmieren, Kochen, Entfernen von Farbe und Klebstoff sowie die Reduzierung des Bedarfs (und der Kosten) an importiertem \u00d6l.<\/p>\n\n\n\n<ul class=\"wp-block-list\">\n<li>Aufladen von Elektronik: Brennstoffzellen aus Speise\u00f6l und Zucker k\u00f6nnen zum Aufladen von Mobiltelefonen, Laptops und elektronischen Ger\u00e4ten im Allgemeinen verwendet werden.<\/li>\n\n\n\n<li>Reinigung von \u00d6lverschmutzungen und Fett. Dies ist eine interessante und sehr n\u00fctzliche Anwendung, um Umweltkatastrophen abzuwenden. Da Biokraftstoff ungiftig ist, kann er als Reinigungsmittel f\u00fcr \u00d6lverschmutzungen eingesetzt werden.<\/li>\n\n\n\n<li>Biokraftstoff kann in \u00d6fen verwendet werden und eignet sich daher hervorragend zum Kochen.<\/li>\n\n\n\n<li>Schmieren: h\u00e4lt den Automotor funktionsf\u00e4hig und in Schuss<\/li>\n\n\n\n<li>Die \u00fcblichen Produkte zum Entfernen von Farbe und Klebstoff sind sehr giftig und es empfiehlt sich, sie durch Biokraftstoffe zu ersetzen. Diese sind genauso wirksam.<\/li>\n\n\n\n<li>Es ist allgemein bekannt, dass der Import von \u00d6l teuer ist und dass es der Welt langsam zur Neige geht. Es versteht sich von selbst, dass die \u00d6lindustrie auch zahlreiche katastrophale Auswirkungen auf die Umwelt hat. Daher sind Biokraftstoffe die beste Alternative \u2013 und angesichts der steigenden Nachfrage nach Kraftstoffen auch die lukrativste.<\/li>\n<\/ul>\n\n\n\n<h2 class=\"wp-block-heading\">Zukunftsaussichten der Biokraftstoffmarktforschung<\/h2>\n\n\n\n<p>Despite a drop in the biofuels market during the covid pandemic \u2013 figures are expected to increase in the <a href=\"https:\/\/www.sisinternational.com\/de\/sachverstand\/branchen\/automobilmarktforschung\/zukunft-der-elektrofahrzeuge-in-den-usa\/\" title=\"The Future of Electric Vehicles in the USA &#8211; The Next 5 Years\"  data-wpil-monitor-id=\"9358\">next coming years<\/a>. Even though biofuels need improvement \u2013 for example, the reduction of land use for production \u2013 they provide a welcome and environmentally-friendly alternative. Most <a href=\"https:\/\/www.sisinternational.com\/de\/73903-2\/\" title=\"Turn Consumer Flavor Preferences Into Winning Products\"  data-wpil-monitor-id=\"9361\">consumers care about the environment and prefer<\/a> to spend money on responsibly-sourced goods. Combining these demands with the trend (and need) to use biofuels and the many new career and employment <a href=\"https:\/\/www.sisinternational.com\/de\/chancen-und-hindernisse-des-islamischen-bankwesens-fur-die-us-finanzbranche\/\" title=\"Islamic Banking: Chancen und Hindernisse f\u00fcr die US-Finanzbranche\"  data-wpil-monitor-id=\"9362\">opportunities this industry<\/a> provides, is a win-win for everyone.<\/p>\n\n\n\n<p><a href=\"https:\/\/www.sisinternational.com\/de\/sis-application-of-quantitative-data-analytics-to-sensory-testing\/\" title=\"SIS Application of Quantitative Data Analytics to Sensory Testing\"  data-wpil-monitor-id=\"9359\">SIS International offers Quantitative<\/a>, Qualitative, and Strategy Research. We provide data, tools, strategies, reports, and insights for decision-making. We conduct interviews, surveys, focus groups, and many other Biofuels Market Research methods and approaches. Contact us for your next Biofuels Market Research project.<\/p>","protected":false},"excerpt":{"rendered":"<p>Alternative Biokraftstoffe und das Studium von Kraftstoffprozessen er\u00f6ffnen interessante Karrierem\u00f6glichkeiten. Am besten bereiten Sie sich mit einer Marktforschung zu Biokraftstoffen vor.<\/p>","protected":false},"author":1,"featured_media":63143,"parent":14514,"menu_order":269,"comment_status":"closed","ping_status":"closed","template":"","meta":{"footnotes":""},"class_list":["post-42567","page","type-page","status-publish","has-post-thumbnail"],"_links":{"self":[{"href":"https:\/\/www.sisinternational.com\/de\/wp-json\/wp\/v2\/pages\/42567","targetHints":{"allow":["GET"]}}],"collection":[{"href":"https:\/\/www.sisinternational.com\/de\/wp-json\/wp\/v2\/pages"}],"about":[{"href":"https:\/\/www.sisinternational.com\/de\/wp-json\/wp\/v2\/types\/page"}],"author":[{"embeddable":true,"href":"https:\/\/www.sisinternational.com\/de\/wp-json\/wp\/v2\/users\/1"}],"replies":[{"embeddable":true,"href":"https:\/\/www.sisinternational.com\/de\/wp-json\/wp\/v2\/comments?post=42567"}],"version-history":[{"count":5,"href":"https:\/\/www.sisinternational.com\/de\/wp-json\/wp\/v2\/pages\/42567\/revisions"}],"predecessor-version":[{"id":81564,"href":"https:\/\/www.sisinternational.com\/de\/wp-json\/wp\/v2\/pages\/42567\/revisions\/81564"}],"up":[{"embeddable":true,"href":"https:\/\/www.sisinternational.com\/de\/wp-json\/wp\/v2\/pages\/14514"}],"wp:featuredmedia":[{"embeddable":true,"href":"https:\/\/www.sisinternational.com\/de\/wp-json\/wp\/v2\/media\/63143"}],"wp:attachment":[{"href":"https:\/\/www.sisinternational.com\/de\/wp-json\/wp\/v2\/media?parent=42567"}],"curies":[{"name":"wp","href":"https:\/\/api.w.org\/{rel}","templated":true}]}}