{"id":42561,"date":"2023-04-28T15:44:45","date_gmt":"2023-04-28T19:44:45","guid":{"rendered":"https:\/\/www.sisinternational.com\/?page_id=42561"},"modified":"2026-01-27T16:48:51","modified_gmt":"2026-01-27T21:48:51","slug":"asien-ethnographie-marktforschung","status":"publish","type":"page","link":"https:\/\/www.sisinternational.com\/de\/abdeckung\/marktforschung-asien\/asien-ethnographie-marktforschung\/","title":{"rendered":"Asiatische Ethnographie Marktforschung"},"content":{"rendered":"<h1 class=\"wp-block-heading\">Asiatische Ethnographie Marktforschung<\/h1>\n\n\n\n<figure class=\"gb-block-image gb-block-image-f55cd3ef\"><img loading=\"lazy\" decoding=\"async\" width=\"1456\" height=\"816\" class=\"gb-image gb-image-f55cd3ef\" src=\"https:\/\/www.sisinternational.com\/wp-content\/uploads\/2025\/09\/Asia-33.jpg\" alt=\"SIS International Marktforschung &amp; Strategie\" title=\"Asia (33)\" srcset=\"https:\/\/www.sisinternational.com\/wp-content\/uploads\/2025\/09\/Asia-33.jpg 1456w, https:\/\/www.sisinternational.com\/wp-content\/uploads\/2025\/09\/Asia-33-300x168.jpg 300w, https:\/\/www.sisinternational.com\/wp-content\/uploads\/2025\/09\/Asia-33-1024x574.jpg 1024w, https:\/\/www.sisinternational.com\/wp-content\/uploads\/2025\/09\/Asia-33-768x430.jpg 768w, https:\/\/www.sisinternational.com\/wp-content\/uploads\/2025\/09\/Asia-33-18x10.jpg 18w\" sizes=\"auto, (max-width: 1456px) 100vw, 1456px\"><\/figure>\n\n\n\n<div><\/div>\n\n\n\n<div>&nbsp;<\/div>\n\n\n\n<div><hr><\/div>\n\n\n\n<div>The ability to comprehend the sociocultural and economic traits of Asian markets has become indispensable for companies seeking success in them. Therefore, the importance of having targeted and localized marketing strategies has increased significantly with the multiple cultural variations and traditions in Asia\u2014and Asia ethnography market research focuses on understanding the unique cultural landscape of the targeted market.<\/div>\n\n\n\n<h2 class=\"wp-block-heading\">Die Rolle der asiatischen Ethnographie-Marktforschung in der aktuellen Gesch\u00e4ftslandschaft<\/h2>\n\n\n\n<p>Es hilft Unternehmen, ihre Gesch\u00e4ftst\u00e4tigkeit durch die Erschlie\u00dfung neuer M\u00e4rkte kontinuierlich \u00fcber Grenzen hinweg auszuweiten. Diese Expansion erfordert, dass Unternehmen ihre Dienstleistungen auf regionale Pr\u00e4ferenzen zuschneiden und gleichzeitig die Feinheiten interkultureller Unterschiede bew\u00e4ltigen.<\/p>\n\n\n\n<p>To address these challenges and ensure business success in this fiercely competitive landscape, it is necessary to conduct Asia <a class=\"wpil_keyword_link\" href=\"https:\/\/www.sisinternational.com\/de\/losungen\/qualitative-quantitative-forschungslosungen\/ethnographie\/\"   title=\"Ethnographie Marktforschung\" data-wpil-keyword-link=\"linked\"  data-wpil-monitor-id=\"370\">ethnography market research<\/a> to remain competitive amidst rising competition from other firms that are also expanding their reach across Asia.<\/p>\n\n\n\n<p>Dar\u00fcber hinaus, <a href=\"https:\/\/www.sisinternational.com\/de\/wie-man-recherchen-fur-japanische-kulturangelegenheiten-anstellt\/\" title=\"So gestalten Sie Recherchen f\u00fcr Japan: Kultur ist wichtig!\"  data-wpil-monitor-id=\"4407\">Asia ethnography market research<\/a> is key to understanding cultural variations and their target audiences better as well as the particular obstacles they encounter in every market. Employing ethnographic research methods allows companies to acquire important knowledge about consumer attitudes and behavior in specific cultural settings.<\/p>\n\n\n\n<h2 class=\"wp-block-heading\">Key Countries and Regions for Asia Ethnography Market Research Landscape<\/h2>\n\n\n\n<ul class=\"wp-block-list\">\n<li><strong>China:<\/strong> China ist die zweitst\u00e4rkste Volkswirtschaft der Welt und bietet Unternehmen endlose M\u00f6glichkeiten. Um sich in diesem komplexen Land mit seiner ausgepr\u00e4gten Kultur und seinem regulatorischen Umfeld zurechtzufinden, m\u00fcssen Unternehmen umfassende ethnografische Forschung betreiben.<\/li>\n\n\n\n<li><strong>Indien:<\/strong> As more people join the country&#8217;s burgeoning middle-class each, this creates vast opportunities for firms looking to explore this market \u2013 and <a href=\"https:\/\/www.sisinternational.com\/de\/die-stimme-der-indischen-verbraucher\/\" title=\"Die Stimme der indischen Verbraucher\"  data-wpil-monitor-id=\"2423\">Asia ethnography market research<\/a> is a major tool for understanding consumer behavior in this heterogeneous market.<\/li>\n\n\n\n<li><strong>Japan:<\/strong> Da Japan eine etablierte, modernisierte Gesellschaft hat, die auf High-Tech-Fortschritten und traditionellen Werten basiert, streben zahlreiche Unternehmen einen erfolgreichen Markteintritt in Japan an.<\/li>\n\n\n\n<li><strong>S\u00fcdostasien:<\/strong> The presence of Indonesia, Malaysia, the Philippines, Singapore, Thailand, and Vietnam makes Southeast Asia a culturally diverse and rapidly growing region. To comprehend distinctive customer behavior patterns across several nations or areas companies must conduct important Asia <a href=\"https:\/\/www.sisinternational.com\/de\/sachverstand\/lebenslaufe\/lebenslauf-mit-erfahrungen-im-bereich-ethnographie\/\" title=\"Ethnographie Marktforschung Erfahrung\"  data-wpil-monitor-id=\"6351\">ethnography market research<\/a>.<\/li>\n<\/ul>\n\n\n\n<h2 class=\"wp-block-heading\">Erfolgreiche ethnographische Marktforschungspraktiken<\/h2>\n\n\n\n<p>Um bei dieser Art von Forschung erfolgreiche Ergebnisse zu erzielen, ist eine enge Zusammenarbeit mit lokalen Forschern von entscheidender Bedeutung. Die Zusammenarbeit mit lokalen Forschern, die \u00fcber Kenntnisse aus erster Hand \u00fcber die Sprache, Kultur und Gemeinschaft verf\u00fcgen, kann dazu beitragen, Sprach- und Kommunikationsbarrieren sowie kulturelle Missverst\u00e4ndnisse zu \u00fcberwinden. Sie kann den Zugang zu Gemeinschaften und Umgebungen erleichtern, die sonst m\u00f6glicherweise schwer zu erreichen w\u00e4ren.<\/p>\n\n\n\n<p>Dar\u00fcber hinaus kann das Akzeptieren von Unsicherheit und die iterative Natur der ethnografischen Forschung zu einem umfassenderen, differenzierteren Verst\u00e4ndnis der Zielgruppe und des Marktes f\u00fchren. Dies wird erreicht, indem Respekt f\u00fcr lokale Br\u00e4uche, \u00dcberzeugungen und Praktiken gezeigt wird, was f\u00fcr den Aufbau von Vertrauen und Harmonie mit Teilnehmern und Gemeinschaften von entscheidender Bedeutung ist.<\/p>\n\n\n\n<p>Dar\u00fcber hinaus ist es von entscheidender Bedeutung, eine Kombination aus Forschungsmethoden einzusetzen, die am besten zum jeweiligen kulturellen Kontext passen, und die Forschungsziele k\u00f6nnen die Qualit\u00e4t und Tiefe der gesammelten Daten verbessern.<\/p>\n\n\n\n<h2 class=\"wp-block-heading\">Vorteile<\/h2>\n\n\n\n<p>By studying people and cultures within Asian societies at a deep level through <a href=\"https:\/\/www.sisinternational.com\/de\/asiatischer-einzelhandelsmarkt\/\" title=\"Asiatische Einzelhandelsmarktforschung\"  data-wpil-monitor-id=\"2686\">Asia ethnography market research<\/a>, businesses aim to understand their behaviors and beliefs which can provide valuable insights to enter or expand in the Asian market.<\/p>\n\n\n\n<ul class=\"wp-block-list\">\n<li>Durch ethnographische Forschung in Asien k\u00f6nnen Wissenschaftler ein tiefes Verst\u00e4ndnis f\u00fcr die komplexen kulturellen Nuancen und Werte gewinnen, die in verschiedenen asiatischen Gesellschaften existieren und die f\u00fcr den Erfolg von Unternehmen in der Region von entscheidender Bedeutung sind.<\/li>\n\n\n\n<li>The use of Asia <a href=\"https:\/\/www.sisinternational.com\/de\/losungen\/branding-und-kundenforschungslosungen\/videoethnographieforschung\/\" title=\"Video-Ethnographie-Forschung\"  data-wpil-monitor-id=\"6792\">ethnography market research<\/a> helps to expose the underlying motivations and drivers behind consumer behavior that cannot be identified through quantitative research methods.<\/li>\n\n\n\n<li>It uncovers unmet needs and gaps in the market. <a href=\"https:\/\/www.sisinternational.com\/de\/marktchancen-in-sudostasien\/\" title=\"Marktchancenforschung in S\u00fcdostasien\"  data-wpil-monitor-id=\"2463\">Asia ethnography market research<\/a> can benefit businesses looking to capitalize on these opportunities and understand consumer pain points and desires.<\/li>\n\n\n\n<li>Durch die Schaffung von Empathie mittels ethnografischer Forschung k\u00f6nnen Unternehmen st\u00e4rkere Verbindungen zu ihren Zielkunden aufbauen und Vertrauen f\u00f6rdern, w\u00e4hrend sie gleichzeitig benutzerorientiertere Produkte und Dienstleistungen entwickeln und Marketingbotschaften erstellen, die beim Publikum wirklich Anklang finden.<\/li>\n\n\n\n<li><a href=\"https:\/\/www.sisinternational.com\/de\/marktforschung-in-chinas-stadten-zweiter-kategorie\/\" title=\"Marktforschung in Chinas zweitklassigen St\u00e4dten\"  data-wpil-monitor-id=\"7611\">Asia ethnography market research<\/a> can provide businesses with rich and qualitative data that can inform their strategic decision-making when entering or expanding into the region. Making use of this data helps companies improve their decision-making processes for product development along with marketing and customer service strategies.<\/li>\n\n\n\n<li>Gaining insight into competitor strategies and consumer perceptions of their products and services is possible through <a href=\"https:\/\/www.sisinternational.com\/de\/kennzeichnung-von-nahrungsmitteln-in-asien\/\" title=\"Kennzeichnung und Ern\u00e4hrungsprodukte in Asien Marktforschung\"  data-wpil-monitor-id=\"2478\">Asia ethnography market research<\/a> which offers businesses the opportunity to distinguish themselves from other companies and obtain a competitive advantage.<\/li>\n<\/ul>\n\n\n\n<h2 class=\"wp-block-heading\">Herausforderungen<\/h2>\n\n\n\n<p>Despite the numerous benefits of ethnographic <a href=\"https:\/\/www.sisinternational.com\/de\/sachverstand\/branchen\/motel-marktforschung\/\" title=\"Motel-Marktforschung\"  data-wpil-monitor-id=\"3127\">research in the Asian market<\/a>, researchers face several challenges in conducting such studies such as:<\/p>\n\n\n\n<ul class=\"wp-block-list\">\n<li><strong>Sprach- und Kommunikationsbarrieren:<\/strong> Die Vielfalt der in Asien gesprochenen Sprachen kann f\u00fcr Forscher, die Einblicke in die lokalen Gemeinschaften gewinnen m\u00f6chten, eine gro\u00dfe Herausforderung darstellen. Daher ist die Gew\u00e4hrleistung genauer \u00dcbersetzungen und Interpretationen von entscheidender Bedeutung, um die Integrit\u00e4t der Forschungsergebnisse zu wahren.<\/li>\n\n\n\n<li><strong>Kulturelle Unterschiede und Empfindlichkeiten:<\/strong> Die enorme kulturelle Vielfalt in Asien erfordert ein tiefes Verst\u00e4ndnis der \u00f6rtlichen Sitten, Glaubensvorstellungen und Praktiken, um Teilnehmer nicht unbeabsichtigt zu beleidigen.<\/li>\n\n\n\n<li><strong>Ethische \u00dcberlegungen:<\/strong> F\u00fcr die Durchf\u00fchrung ethischer Forschung ist es von entscheidender Bedeutung, dass die Teilnehmer ihre Einwilligung nach erfolgter Aufkl\u00e4rung sowie die Vertraulichkeit und Anonymit\u00e4t wahren.<\/li>\n\n\n\n<li><a href=\"https:\/\/www.sisinternational.com\/de\/sachverstand\/branchen\/marktforschung-fur-drittanbieterlogistik\/\" title=\"Marktforschung f\u00fcr Drittanbieterlogistik\"  data-wpil-monitor-id=\"7594\">Logistical challenges: Conducting ethnographic research<\/a> in Asia may involve traveling to remote locations and navigating unfamiliar environments, which can be time-consuming and resource-intensive.<\/li>\n<\/ul>\n\n\n\n<h2 class=\"wp-block-heading\">Zukunftsaussichten der asiatischen Ethnographie-Marktforschung<\/h2>\n\n\n\n<p>Neue Technologien wie virtuelle Realit\u00e4t und k\u00fcnstliche Intelligenz werden voraussichtlich einen gro\u00dfen Einfluss auf die ethnografische Marktforschung in Asien haben. Sie werden zu einer effizienteren Datenerfassung und -analyse bei ethnografischen Studien f\u00fchren.<\/p>\n\n\n\n<p>Combining multiple research methodologies like quantitative and qualitative approaches along with digital methods is likely to be seen in the future of <a href=\"https:\/\/www.sisinternational.com\/de\/sachverstand\/branchen\/marktforschung-fur-kalidunger\/\" title=\"Marktforschung f\u00fcr Kalid\u00fcngemittel\"  data-wpil-monitor-id=\"3132\">Asia ethnography<\/a> market research as it leads to a more comprehensive understanding of consumer behavior and preferences.<\/p>\n\n\n\n<p>Da die L\u00e4nder in der Region weiterhin ein Wirtschaftswachstum verzeichnen, ist mit einer verst\u00e4rkten Fokussierung auf die Schwellenm\u00e4rkte im Asien-Pazifik-Raum zu rechnen.<\/p>\n\n\n\n<h2 class=\"wp-block-heading\">\u00dcber SIS International<\/h2>\n\n\n\n<p><a href=\"https:\/\/www.linkedin.com\/company\/sisinternationalresearch\/\" target=\"_blank\" rel=\"noopener\"><span style=\"font-weight: 400;\">SIS International<\/span><\/a> offers Quantitative, Qualitative, and Strategy Research. We provide data, tools, strategies, reports and insights for decision-making. We conduct interviews, surveys, focus groups and many other Market Research methods and approaches. Contact us for your next Market Research project<\/p>","protected":false},"excerpt":{"rendered":"<p>Die asiatische ethnographische Marktforschung konzentriert sich auf das Verst\u00e4ndnis der einzigartigen kulturellen Landschaft des Zielmarktes.<\/p>","protected":false},"author":1,"featured_media":65765,"parent":14508,"menu_order":86,"comment_status":"closed","ping_status":"closed","template":"","meta":{"_uag_custom_page_level_css":"","footnotes":""},"class_list":["post-42561","page","type-page","status-publish","has-post-thumbnail"],"uagb_featured_image_src":{"full":["https:\/\/www.sisinternational.com\/wp-content\/uploads\/2025\/09\/Asia-33.jpg",1456,816,false],"thumbnail":["https:\/\/www.sisinternational.com\/wp-content\/uploads\/2025\/09\/Asia-33-150x150.jpg",150,150,true],"medium":["https:\/\/www.sisinternational.com\/wp-content\/uploads\/2025\/09\/Asia-33-300x168.jpg",300,168,true],"medium_large":["https:\/\/www.sisinternational.com\/wp-content\/uploads\/2025\/09\/Asia-33-768x430.jpg",768,430,true],"large":["https:\/\/www.sisinternational.com\/wp-content\/uploads\/2025\/09\/Asia-33-1024x574.jpg",1024,574,true],"1536x1536":["https:\/\/www.sisinternational.com\/wp-content\/uploads\/2025\/09\/Asia-33.jpg",1456,816,false],"2048x2048":["https:\/\/www.sisinternational.com\/wp-content\/uploads\/2025\/09\/Asia-33.jpg",1456,816,false],"trp-custom-language-flag":["https:\/\/www.sisinternational.com\/wp-content\/uploads\/2025\/09\/Asia-33-18x10.jpg",18,10,true]},"uagb_author_info":{"display_name":"Ruth Stanat","author_link":"https:\/\/www.sisinternational.com\/de\/author\/expert\/"},"uagb_comment_info":0,"uagb_excerpt":"Asia ethnography market research focuses on understanding the unique cultural landscape of the targeted market.","_links":{"self":[{"href":"https:\/\/www.sisinternational.com\/de\/wp-json\/wp\/v2\/pages\/42561","targetHints":{"allow":["GET"]}}],"collection":[{"href":"https:\/\/www.sisinternational.com\/de\/wp-json\/wp\/v2\/pages"}],"about":[{"href":"https:\/\/www.sisinternational.com\/de\/wp-json\/wp\/v2\/types\/page"}],"author":[{"embeddable":true,"href":"https:\/\/www.sisinternational.com\/de\/wp-json\/wp\/v2\/users\/1"}],"replies":[{"embeddable":true,"href":"https:\/\/www.sisinternational.com\/de\/wp-json\/wp\/v2\/comments?post=42561"}],"version-history":[{"count":17,"href":"https:\/\/www.sisinternational.com\/de\/wp-json\/wp\/v2\/pages\/42561\/revisions"}],"predecessor-version":[{"id":81234,"href":"https:\/\/www.sisinternational.com\/de\/wp-json\/wp\/v2\/pages\/42561\/revisions\/81234"}],"up":[{"embeddable":true,"href":"https:\/\/www.sisinternational.com\/de\/wp-json\/wp\/v2\/pages\/14508"}],"wp:featuredmedia":[{"embeddable":true,"href":"https:\/\/www.sisinternational.com\/de\/wp-json\/wp\/v2\/media\/65765"}],"wp:attachment":[{"href":"https:\/\/www.sisinternational.com\/de\/wp-json\/wp\/v2\/media?parent=42561"}],"curies":[{"name":"wp","href":"https:\/\/api.w.org\/{rel}","templated":true}]}}