{"id":42412,"date":"2023-04-16T15:12:17","date_gmt":"2023-04-16T19:12:17","guid":{"rendered":"https:\/\/www.sisinternational.com\/?page_id=42412"},"modified":"2026-03-12T12:49:45","modified_gmt":"2026-03-12T16:49:45","slug":"marktforschung-fur-operationsroboter","status":"publish","type":"page","link":"https:\/\/www.sisinternational.com\/de\/losungen\/marktforschung-im-gesundheitswesen-2\/marktforschung-fur-operationsroboter\/","title":{"rendered":"Marktforschung f\u00fcr Operationsroboter"},"content":{"rendered":"<h1 class=\"wp-block-heading\">Marktforschung f\u00fcr Operationsroboter<\/h1>\n\n\n\n<figure class=\"gb-block-image gb-block-image-acb65840\"><img loading=\"lazy\" decoding=\"async\" width=\"1456\" height=\"816\" class=\"gb-image gb-image-acb65840\" src=\"https:\/\/www.sisinternational.com\/wp-content\/uploads\/2025\/08\/Surgical-robot-3.jpg\" alt=\"SIS International Marktforschung &amp; Strategie\" title=\"Surgical robot (3)\" srcset=\"https:\/\/www.sisinternational.com\/wp-content\/uploads\/2025\/08\/Surgical-robot-3.jpg 1456w, https:\/\/www.sisinternational.com\/wp-content\/uploads\/2025\/08\/Surgical-robot-3-300x168.jpg 300w, https:\/\/www.sisinternational.com\/wp-content\/uploads\/2025\/08\/Surgical-robot-3-1024x574.jpg 1024w, https:\/\/www.sisinternational.com\/wp-content\/uploads\/2025\/08\/Surgical-robot-3-768x430.jpg 768w, https:\/\/www.sisinternational.com\/wp-content\/uploads\/2025\/08\/Surgical-robot-3-18x10.jpg 18w\" sizes=\"auto, (max-width: 1456px) 100vw, 1456px\"><\/figure>\n\n\n\n<p><\/p>\n\n\n\n<p>Der Bereich Robotik hat in den letzten Jahren enorme Fortschritte gemacht, die vielen Branchen Innovationen beschert und die Produktivit\u00e4t gesteigert haben. Insbesondere im Gesundheitswesen hat die Robotik durch die Entwicklung und Implementierung von Operationsrobotern gro\u00dfe Auswirkungen gehabt.<\/p>\n\n\n\n<p>Aus diesem Grund spielt die Marktforschung f\u00fcr Operationsroboter eine entscheidende Rolle beim Verst\u00e4ndnis der aktuellen Trends, der aufkommenden Technologien und des zuk\u00fcnftigen Potenzials dieser sich rasch entwickelnden Branche \u2013 und eine umfassende Analyse des Marktes f\u00fcr Operationsroboter ist f\u00fcr Unternehmen unabdingbar, um fundierte Entscheidungen zu treffen und der Konkurrenz einen Schritt voraus zu sein.<\/p>\n\n\n\n<h2 class=\"wp-block-heading\">Die Bedeutung der Marktforschung f\u00fcr Operationsroboter in der aktuellen Gesch\u00e4ftslandschaft<\/h2>\n\n\n\n<p>As the healthcare industry continues to evolve, the demand for more advanced and efficient surgical solutions has grown, paving the way for the rapid development and adoption of surgical robots. That\u2019s why surgical <a href=\"https:\/\/www.sisinternational.com\/de\/sachverstand\/branchen\/robotik-marktforschung\/\" title=\"Robotik-Marktforschung\"  data-wpil-monitor-id=\"5950\">robot market research<\/a> is relevant for several stakeholders such as manufacturers, healthcare providers, investors, and policymakers; to understand and capitalize on the opportunities surgical robots present.<\/p>\n\n\n\n<p>Marktforschung f\u00fcr Operationsroboter ist besonders wichtig, um auf einem Markt wettbewerbsf\u00e4hig zu bleiben, der von Unternehmen wie Intuitive Surgical, Stryker Corporation, Medtronic, Smith &amp; Nephew und Zimmer Biomet dominiert wird. Diese Unternehmen verf\u00fcgen \u00fcber eine starke Marktpr\u00e4senz, umfangreiche Produktportfolios und erhebliche Investitionen in Forschung und Entwicklung.<\/p>\n\n\n\n<p>In any case, some key reasons why surgical robot <a href=\"https:\/\/www.sisinternational.com\/de\/sachverstand\/branchen\/marktforschung-fur-fast-casual-restaurants\/\" title=\"Marktforschung f\u00fcr Fast-Casual-Restaurants\"  data-wpil-monitor-id=\"5939\">market research is growing so fast<\/a> are the following:<\/p>\n\n\n\n<ul class=\"wp-block-list\">\n<li><strong>Markttrends erkennen:<\/strong> Um wettbewerbsf\u00e4hig zu bleiben, ist es f\u00fcr Unternehmen unerl\u00e4sslich, detaillierte Einblicke in die neuesten Trends und technologischen Fortschritte in der Branche der Operationsroboter zu erhalten. Die Marktforschung f\u00fcr Operationsroboter zielt darauf ab, diese Trends zu identifizieren und es Unternehmen zu erm\u00f6glichen, innovative Produkte und L\u00f6sungen zu entwickeln, die den sich entwickelnden Anforderungen der Gesundheitsdienstleister gerecht werden.<\/li>\n\n\n\n<li><strong>Marktdynamik verstehen:<\/strong> Die Branche der Operationsroboter wird von Faktoren wie gesetzlichen Vorschriften und der Pr\u00e4valenz chronischer Krankheiten bestimmt. Die Marktforschung zu Operationsrobotern bietet wertvolle Einblicke in diese Faktoren und unterst\u00fctzt globale Unternehmen dabei, fundierte Entscheidungen zu treffen.<\/li>\n\n\n\n<li><strong>Einsch\u00e4tzung des Marktpotenzials:<\/strong> Mithilfe der Marktforschung f\u00fcr Operationsroboter k\u00f6nnen sich Unternehmen ein Bild von der Marktgr\u00f6\u00dfe, dem Wachstumspotenzial und der zuk\u00fcnftigen Nachfrage nach robotergest\u00fctzten Operationsl\u00f6sungen machen. Diese Daten sind f\u00fcr Unternehmen, die ihre Marktpr\u00e4senz ausbauen und in diese Branche investieren m\u00f6chten, von entscheidender Bedeutung.<\/li>\n\n\n\n<li><strong>Wettbewerbsanalyse:<\/strong> Es hilft Unternehmen dabei, die St\u00e4rken und Schw\u00e4chen ihrer Konkurrenten durch eine eingehende Analyse der wichtigsten Akteure auf dem Markt, ihrer Produktangebote und ihrer Marktstrategien zu verstehen.<\/li>\n\n\n\n<li><strong>Wachstumschancen erkennen:<\/strong> Mithilfe der Marktforschung f\u00fcr Operationsroboter k\u00f6nnen Unternehmen unerschlossene M\u00e4rkte, Nischensegmente und neue Anwendungen identifizieren, die erhebliche Wachstumschancen bieten k\u00f6nnen.<\/li>\n<\/ul>\n\n\n\n<h2 class=\"wp-block-heading\">Marktforschung f\u00fcr Operationsroboter: Trends und Treiber<\/h2>\n\n\n\n<figure class=\"gb-block-image gb-block-image-04ced8d8\"><img loading=\"lazy\" decoding=\"async\" width=\"1456\" height=\"816\" class=\"gb-image gb-image-04ced8d8\" src=\"https:\/\/www.sisinternational.com\/wp-content\/uploads\/2025\/08\/Surgical-robot-5.jpg\" alt=\"SIS International Marktforschung &amp; Strategie\" title=\"Surgical robot (5)\" srcset=\"https:\/\/www.sisinternational.com\/wp-content\/uploads\/2025\/08\/Surgical-robot-5.jpg 1456w, https:\/\/www.sisinternational.com\/wp-content\/uploads\/2025\/08\/Surgical-robot-5-300x168.jpg 300w, https:\/\/www.sisinternational.com\/wp-content\/uploads\/2025\/08\/Surgical-robot-5-1024x574.jpg 1024w, https:\/\/www.sisinternational.com\/wp-content\/uploads\/2025\/08\/Surgical-robot-5-768x430.jpg 768w, https:\/\/www.sisinternational.com\/wp-content\/uploads\/2025\/08\/Surgical-robot-5-18x10.jpg 18w\" sizes=\"auto, (max-width: 1456px) 100vw, 1456px\"><\/figure>\n\n\n\n<ul class=\"wp-block-list\">\n<li>Kontinuierliche Innovationen in der Robotertechnologie treiben den Markt f\u00fcr Operationsroboter voran. Entwicklungen wie 3D-Visualisierung, k\u00fcnstliche Intelligenz (KI) und maschinelles Lernen (ML) revolutionieren chirurgische Eingriffe, indem sie Anleitung und Entscheidungsunterst\u00fctzung in Echtzeit bieten.<\/li>\n\n\n\n<li>Minimalinvasive Operationen werden immer beliebter und Operationsroboter sind f\u00fcr diese Aufgaben gut geeignet. Sie bieten h\u00f6here Pr\u00e4zision und Kontrolle und sind daher f\u00fcr Chirurgen, die komplexe Eingriffe durchf\u00fchren, eine attraktive Option.<\/li>\n\n\n\n<li>Die zunehmende Verbreitung chronischer Krankheiten wie Krebs und Fettleibigkeit hat zu einer wachsenden Nachfrage nach chirurgischen Eingriffen gef\u00fchrt. Die Marktforschung f\u00fcr Operationsroboter k\u00f6nnte eine Alternative f\u00fcr effiziente und pr\u00e4zise chirurgische L\u00f6sungen sein.<\/li>\n\n\n\n<li>Regierungen und private Gesundheitsdienstleister investieren in eine fortschrittliche Gesundheitsinfrastruktur, um die Qualit\u00e4t der Patientenversorgung zu verbessern \u2013 und die Marktforschung zu chirurgischen Robotern tr\u00e4gt dazu bei, die Einf\u00fchrung modernster Technologien voranzutreiben.<\/li>\n\n\n\n<li>Unternehmen auf dem Markt f\u00fcr Operationsroboter gehen zunehmend Partnerschaften und Kooperationen ein, um das Fachwissen, die Ressourcen und die Marktpr\u00e4senz des jeweils anderen zu nutzen. Diese Kooperationen konzentrieren sich h\u00e4ufig auf die Entwicklung neuer Technologien, die Erweiterung des Produktangebots oder den Eintritt in neue M\u00e4rkte.<\/li>\n<\/ul>\n\n\n\n<h2 class=\"wp-block-heading\">Marktherausforderungen<\/h2>\n\n\n\n<ul class=\"wp-block-list\">\n<li><strong>Hohe Kosten f\u00fcr Operationsroboter:<\/strong> Die f\u00fcr den Kauf eines chirurgischen Robotersystems erforderliche Anfangsinvestition ist f\u00fcr viele Gesundheitseinrichtungen, insbesondere in Schwellenl\u00e4ndern, kostspielig.<\/li>\n\n\n\n<li><strong>Begrenzte Bekanntheit in den Schwellenm\u00e4rkten:<\/strong> Trotz der steigenden Nachfrage nach fortschrittlichen chirurgischen L\u00f6sungen sind die Bekanntheit und Akzeptanz von Operationsrobotern in vielen Schwellenm\u00e4rkten noch immer gering.<\/li>\n\n\n\n<li><strong>Regulatorische Bedenken:<\/strong> Der Markt f\u00fcr Operationsroboter unterliegt strengen beh\u00f6rdlichen Auflagen und strenger Kontrolle, da Patientensicherheit und Operationsergebnisse von gr\u00f6\u00dfter Bedeutung sind. Der Genehmigungsprozess f\u00fcr neue Robotersysteme und -technologien kann langwierig und komplex sein, was den Markteintritt m\u00f6glicherweise verz\u00f6gert und das Gesamtwachstum der Branche beeintr\u00e4chtigt.<\/li>\n\n\n\n<li><strong>Bedenken hinsichtlich der Cybersicherheit:<\/strong> Da Operationsroboter zunehmend vernetzt und in Gesundheitssysteme integriert werden, treten Bedenken hinsichtlich der Cybersicherheit und des Datenschutzes auf.<\/li>\n<\/ul>\n\n\n\n<h2 class=\"wp-block-heading\">M\u00f6glichkeiten in der Marktforschung f\u00fcr Operationsroboter<\/h2>\n\n\n\n<figure class=\"gb-block-image gb-block-image-4284349a\"><img loading=\"lazy\" decoding=\"async\" width=\"1456\" height=\"816\" class=\"gb-image gb-image-4284349a\" src=\"https:\/\/www.sisinternational.com\/wp-content\/uploads\/2025\/08\/Surgical-robot-4.jpg\" alt=\"SIS International Marktforschung &amp; Strategie\" title=\"Surgical robot (4)\" srcset=\"https:\/\/www.sisinternational.com\/wp-content\/uploads\/2025\/08\/Surgical-robot-4.jpg 1456w, https:\/\/www.sisinternational.com\/wp-content\/uploads\/2025\/08\/Surgical-robot-4-300x168.jpg 300w, https:\/\/www.sisinternational.com\/wp-content\/uploads\/2025\/08\/Surgical-robot-4-1024x574.jpg 1024w, https:\/\/www.sisinternational.com\/wp-content\/uploads\/2025\/08\/Surgical-robot-4-768x430.jpg 768w, https:\/\/www.sisinternational.com\/wp-content\/uploads\/2025\/08\/Surgical-robot-4-18x10.jpg 18w\" sizes=\"auto, (max-width: 1456px) 100vw, 1456px\"><\/figure>\n\n\n\n<p><\/p>\n\n\n\n<p>Der Markt f\u00fcr Operationsroboter wird voraussichtlich ein deutliches Wachstum verzeichnen, das durch technologische Fortschritte, eine steigende Nachfrage nach minimalinvasiven Operationen und eine zunehmende Alterung der Bev\u00f6lkerung angetrieben wird. Daher wird die Marktforschung f\u00fcr Operationsroboter in den folgenden Bereichen eine wichtige Rolle spielen:<\/p>\n\n\n\n<ul class=\"wp-block-list\">\n<li><strong>Expansion in Schwellenm\u00e4rkte:<\/strong> The surgical robot market is expected to experience considerable growth in emerging markets such as Asia-Pacific, Latin America, and <a href=\"https:\/\/www.sisinternational.com\/de\/marktforschung-im-gesundheitswesen-emea\/\" title=\"Marktforschung im Gesundheitswesen in Europa\"  data-wpil-monitor-id=\"7040\">Africa since healthcare<\/a> infrastructure in these regions continues to improve. Companies can capitalize on this opportunity by expanding their presence in these markets and tailoring their offerings to meet local needs.<\/li>\n\n\n\n<li><strong>Weitere Integration von KI und ML:<\/strong> Die Integration von KI und ML in chirurgische Robotersysteme hat das Potenzial, die Branche zu revolutionieren. Diese Technologien k\u00f6nnen die F\u00e4higkeiten chirurgischer Roboter verbessern, indem sie Echtzeitf\u00fchrung, pr\u00e4diktive Analysen und Entscheidungsunterst\u00fctzung bieten und so die Operationsergebnisse und die Patientenversorgung verbessern.<\/li>\n\n\n\n<li><strong>Entwicklung kosteng\u00fcnstiger Operationsroboter:<\/strong> Die hohen Kosten f\u00fcr Operationsroboter sind ein Hindernis f\u00fcr ihre breite Einf\u00fchrung. Unternehmen, die erschwinglichere und kosteneffizientere Robotersysteme entwickeln und dabei Qualit\u00e4t und Leistung beibehalten k\u00f6nnen, sind gut positioniert, um einen gr\u00f6\u00dferen Marktanteil zu erobern und die Einf\u00fchrung zu steigern.<\/li>\n\n\n\n<li><strong>Fortschritte in der Fernchirurgie:<\/strong> Mit der zunehmenden Verbreitung der Telemedizin und dem steigenden Bedarf an L\u00f6sungen f\u00fcr ferngesteuerte Operationen besteht ein erhebliches Wachstumspotenzial bei der Entwicklung von Operationsrobotern, die ferngesteuerte Eingriffe durchf\u00fchren k\u00f6nnen.<\/li>\n\n\n\n<li><strong>Erkundung neuer Anwendungen:<\/strong> Da sich die Technologien f\u00fcr Operationsroboter st\u00e4ndig weiterentwickeln, k\u00f6nnen neue Anwendungen und medizinische Fachgebiete von der Einf\u00fchrung von Roboterl\u00f6sungen profitieren. Unternehmen k\u00f6nnen diese neuen Bereiche erkunden, ungedeckte Bed\u00fcrfnisse identifizieren und spezielle Operationsroboter f\u00fcr bestimmte Verfahren oder Patientengruppen entwickeln und so ihre Marktreichweite und ihr Produktangebot erweitern.<\/li>\n<\/ul>\n\n\n\n<p>SIS International bietet quantitative, qualitative und strategische Forschung an. Wir liefern Daten, Tools, Strategien, Berichte und Erkenntnisse zur Entscheidungsfindung. Wir f\u00fchren Interviews, Umfragen, Fokusgruppen und viele andere Methoden und Ans\u00e4tze der Marktforschung durch. Kontaktieren Sie uns f\u00fcr Ihr n\u00e4chstes Marktforschungsprojekt.<\/p>","protected":false},"excerpt":{"rendered":"<p>Die Robotik hat durch die Entwicklung und Implementierung chirurgischer Roboter einen erheblichen Einfluss auf das Gesundheitswesen gehabt.<\/p>","protected":false},"author":1,"featured_media":64588,"parent":11294,"menu_order":267,"comment_status":"closed","ping_status":"closed","template":"","meta":{"_uag_custom_page_level_css":"","footnotes":""},"class_list":["post-42412","page","type-page","status-publish","has-post-thumbnail"],"uagb_featured_image_src":{"full":["https:\/\/www.sisinternational.com\/wp-content\/uploads\/2025\/08\/Surgical-robot-3.jpg",1456,816,false],"thumbnail":["https:\/\/www.sisinternational.com\/wp-content\/uploads\/2025\/08\/Surgical-robot-3-150x150.jpg",150,150,true],"medium":["https:\/\/www.sisinternational.com\/wp-content\/uploads\/2025\/08\/Surgical-robot-3-300x168.jpg",300,168,true],"medium_large":["https:\/\/www.sisinternational.com\/wp-content\/uploads\/2025\/08\/Surgical-robot-3-768x430.jpg",768,430,true],"large":["https:\/\/www.sisinternational.com\/wp-content\/uploads\/2025\/08\/Surgical-robot-3-1024x574.jpg",1024,574,true],"1536x1536":["https:\/\/www.sisinternational.com\/wp-content\/uploads\/2025\/08\/Surgical-robot-3.jpg",1456,816,false],"2048x2048":["https:\/\/www.sisinternational.com\/wp-content\/uploads\/2025\/08\/Surgical-robot-3.jpg",1456,816,false],"trp-custom-language-flag":["https:\/\/www.sisinternational.com\/wp-content\/uploads\/2025\/08\/Surgical-robot-3-18x10.jpg",18,10,true]},"uagb_author_info":{"display_name":"Ruth Stanat","author_link":"https:\/\/www.sisinternational.com\/de\/author\/expert\/"},"uagb_comment_info":0,"uagb_excerpt":"Robotics has made a significant impact in healthcare through the development and implementation of surgical robots.","_links":{"self":[{"href":"https:\/\/www.sisinternational.com\/de\/wp-json\/wp\/v2\/pages\/42412","targetHints":{"allow":["GET"]}}],"collection":[{"href":"https:\/\/www.sisinternational.com\/de\/wp-json\/wp\/v2\/pages"}],"about":[{"href":"https:\/\/www.sisinternational.com\/de\/wp-json\/wp\/v2\/types\/page"}],"author":[{"embeddable":true,"href":"https:\/\/www.sisinternational.com\/de\/wp-json\/wp\/v2\/users\/1"}],"replies":[{"embeddable":true,"href":"https:\/\/www.sisinternational.com\/de\/wp-json\/wp\/v2\/comments?post=42412"}],"version-history":[{"count":6,"href":"https:\/\/www.sisinternational.com\/de\/wp-json\/wp\/v2\/pages\/42412\/revisions"}],"predecessor-version":[{"id":80604,"href":"https:\/\/www.sisinternational.com\/de\/wp-json\/wp\/v2\/pages\/42412\/revisions\/80604"}],"up":[{"embeddable":true,"href":"https:\/\/www.sisinternational.com\/de\/wp-json\/wp\/v2\/pages\/11294"}],"wp:featuredmedia":[{"embeddable":true,"href":"https:\/\/www.sisinternational.com\/de\/wp-json\/wp\/v2\/media\/64588"}],"wp:attachment":[{"href":"https:\/\/www.sisinternational.com\/de\/wp-json\/wp\/v2\/media?parent=42412"}],"curies":[{"name":"wp","href":"https:\/\/api.w.org\/{rel}","templated":true}]}}