{"id":42406,"date":"2023-04-16T14:33:23","date_gmt":"2023-04-16T18:33:23","guid":{"rendered":"https:\/\/www.sisinternational.com\/?page_id=42406"},"modified":"2026-01-26T14:31:14","modified_gmt":"2026-01-26T19:31:14","slug":"stickstoff-marktforschung","status":"publish","type":"page","link":"https:\/\/www.sisinternational.com\/de\/sachverstand\/stickstoff-marktforschung\/","title":{"rendered":"Stickstoff-Marktforschung"},"content":{"rendered":"<h1 class=\"wp-block-heading\">Stickstoff-Marktforschung<\/h1>\n\n\n\n<figure class=\"gb-block-image gb-block-image-ee5e0d34\"><img loading=\"lazy\" decoding=\"async\" width=\"1456\" height=\"816\" class=\"gb-image gb-image-ee5e0d34\" src=\"https:\/\/www.sisinternational.com\/wp-content\/uploads\/2025\/08\/Hydrogen-nitrogen-1.jpg\" alt=\"SIS International Marktforschung &amp; Strategie\" title=\"Hydrogen nitrogen (1)\" srcset=\"https:\/\/www.sisinternational.com\/wp-content\/uploads\/2025\/08\/Hydrogen-nitrogen-1.jpg 1456w, https:\/\/www.sisinternational.com\/wp-content\/uploads\/2025\/08\/Hydrogen-nitrogen-1-300x168.jpg 300w, https:\/\/www.sisinternational.com\/wp-content\/uploads\/2025\/08\/Hydrogen-nitrogen-1-1024x574.jpg 1024w, https:\/\/www.sisinternational.com\/wp-content\/uploads\/2025\/08\/Hydrogen-nitrogen-1-768x430.jpg 768w, https:\/\/www.sisinternational.com\/wp-content\/uploads\/2025\/08\/Hydrogen-nitrogen-1-18x10.jpg 18w\" sizes=\"auto, (max-width: 1456px) 100vw, 1456px\"><\/figure>\n\n\n\n<p><\/p>\n\n\n\n<p>Stickstoff ist ein essentielles Element und wird unter anderem in der Landwirtschaft, in industriellen Prozessen sowie in der Lebensmittel- und Getr\u00e4nkeindustrie verwendet. Da Stickstoff f\u00fcr die Produktion in mehreren Branchen von grundlegender Bedeutung ist, erm\u00f6glichen die Erkenntnisse aus der Stickstoff-Marktforschung den Branchenbeteiligten, fundierte Entscheidungen zu treffen, Wachstumschancen zu erkennen und die Herausforderungen in diesem sich st\u00e4ndig weiterentwickelnden Markt zu meistern.<\/p>\n\n\n\n<h2 class=\"wp-block-heading\">Was ist Stickstoffmarktforschung?<\/h2>\n\n\n\n<p>Bei der Stickstoffmarktforschung handelt es sich um den Prozess der systematischen Datenerfassung, Datenanalyse und Bereitstellung von Schlussfolgerungen zu Markttrends, Herausforderungen und Chancen.<\/p>\n\n\n\n<p>Diese Forschung ist f\u00fcr Unternehmen von gr\u00f6\u00dfter Bedeutung, da sie wertvolle Erkenntnisse und Daten liefert, um den Betrieb zu optimieren und Wachstumschancen zu nutzen. Durch die Analyse des Stickstoffmarktes k\u00f6nnen die Beteiligten die Dynamik, Herausforderungen und Trends der Branche besser verstehen und sich so letztendlich einen Wettbewerbsvorteil verschaffen.<\/p>\n\n\n\n<h3 class=\"wp-block-heading\">Es deckt verschiedene Aspekte des Stickstoffmarktes ab, darunter:<\/h3>\n\n\n\n<ul class=\"wp-block-list\">\n<li><strong>Marktwachstumsrate:<\/strong> Es hilft, die globale Marktgr\u00f6\u00dfe und das Marktwachstumspotenzial abzusch\u00e4tzen.<\/li>\n\n\n\n<li>Prominent producers and consumers: Identifying the top producers and consumers of nitrogen provides key <a href=\"https:\/\/www.sisinternational.com\/de\/how-to-conduct-in-depth-interviews-for-market-insights\/\" title=\"So f\u00fchren Sie ausf\u00fchrliche Interviews durch, um Markteinblicke zu gewinnen\"  data-wpil-monitor-id=\"9835\">insights into the market&#8217;s<\/a> supply and demand dynamics, highlighting potential areas for expansion or investment.<\/li>\n\n\n\n<li><strong>Wichtige Anwendungsbereiche:<\/strong> Untersucht werden die wichtigsten Branchen und Anwendungen, in denen Stickstoff eingesetzt wird, wie etwa Landwirtschaft, industrielle Prozesse und Lebensmittelkonservierung. Dies hilft den Beteiligten, die Faktoren zu verstehen, die die Nachfrage antreiben, und neue Anwendungen zu erkunden.<\/li>\n\n\n\n<li><strong>Markt-Trends:<\/strong> Durch die Analyse der neuesten Trends auf dem Stickstoffmarkt, beispielsweise technologischer Fortschritte, neuer Branchen und Nachhaltigkeitsbem\u00fchungen, k\u00f6nnen die Beteiligten der Konkurrenz immer einen Schritt voraus sein und sich an die sich entwickelnde Gesch\u00e4ftslandschaft anpassen.<\/li>\n\n\n\n<li><strong>Marktherausforderungen:<\/strong> Durch die Identifizierung der wichtigsten Herausforderungen, denen sich die Branche gegen\u00fcbersieht, k\u00f6nnen die Beteiligten Strategien entwickeln, um die Risiken zu mindern und diese Herausforderungen zu bew\u00e4ltigen.<\/li>\n\n\n\n<li><strong>Wettbewerbslandschaft:<\/strong> Durch die Analyse des Wettbewerbsumfelds, einschlie\u00dflich der wichtigsten Marktteilnehmer, ihrer Strategien und der j\u00fcngsten Entwicklungen, k\u00f6nnen die Beteiligten Wettbewerbsstrategien entwickeln und ihren Vorsprung auf dem Markt behaupten.<\/li>\n<\/ul>\n\n\n\n<h2 class=\"wp-block-heading\">Markttrends in der Stickstoffmarktforschung<\/h2>\n\n\n\n<figure class=\"gb-block-image gb-block-image-fdf6de3a\"><img loading=\"lazy\" decoding=\"async\" width=\"1456\" height=\"816\" class=\"gb-image gb-image-fdf6de3a\" src=\"https:\/\/www.sisinternational.com\/wp-content\/uploads\/2025\/08\/Hydrogen-nitrogen-2.jpg\" alt=\"SIS International Marktforschung &amp; Strategie\" title=\"Hydrogen nitrogen (2)\" srcset=\"https:\/\/www.sisinternational.com\/wp-content\/uploads\/2025\/08\/Hydrogen-nitrogen-2.jpg 1456w, https:\/\/www.sisinternational.com\/wp-content\/uploads\/2025\/08\/Hydrogen-nitrogen-2-300x168.jpg 300w, https:\/\/www.sisinternational.com\/wp-content\/uploads\/2025\/08\/Hydrogen-nitrogen-2-1024x574.jpg 1024w, https:\/\/www.sisinternational.com\/wp-content\/uploads\/2025\/08\/Hydrogen-nitrogen-2-768x430.jpg 768w, https:\/\/www.sisinternational.com\/wp-content\/uploads\/2025\/08\/Hydrogen-nitrogen-2-18x10.jpg 18w\" sizes=\"auto, (max-width: 1456px) 100vw, 1456px\"><\/figure>\n\n\n\n<ul class=\"wp-block-list\">\n<li>Angesichts zunehmender Umweltbedenken l\u00e4sst die Stickstoffmarktforschung einen wachsenden Trend zur Einf\u00fchrung nachhaltiger und energieeffizienter L\u00f6sungen bei der Stickstoffproduktion und -nutzung erkennen.<\/li>\n\n\n\n<li>Die Stickstoffmarktforschung unterstreicht den Einfluss staatlicher Richtlinien und Vorschriften auf die Marktlandschaft. Dazu k\u00f6nnen Anreize f\u00fcr nachhaltige Produktionsmethoden, Beschr\u00e4nkungen bei der Verwendung bestimmter Chemikalien oder Prozesse sowie Emissionsreduktionsziele geh\u00f6ren. \u00dcber diese Richtlinien auf dem Laufenden zu bleiben und sich entsprechend anzupassen, ist f\u00fcr Unternehmen heutzutage entscheidend, um auf dem Stickstoffmarkt erfolgreich zu sein.<\/li>\n\n\n\n<li>Die Stickstoffmarktforschung unterstreicht den wachsenden Trend zur Verwendung stickstoffbasierter D\u00fcngemittel in der Pr\u00e4zisionslandwirtschaft. Bei diesem Ansatz werden D\u00fcngemittel gezielt eingesetzt, um die Ernteertr\u00e4ge zu steigern und gleichzeitig die Umweltbelastung zu minimieren, was zu nachhaltigeren landwirtschaftlichen Praktiken f\u00fchrt.<\/li>\n\n\n\n<li>The use of nitrogen in the <a href=\"https:\/\/www.sisinternational.com\/de\/losungen\/marktforschung-fur-die-lebensmittel-und-getrankeindustrie\/\" title=\"Lebensmittel- und Getr\u00e4nkeindustrie Marktforschung\"  data-wpil-monitor-id=\"9834\">food and beverage industry<\/a> is growing, particularly in food packaging and preservation applications.<\/li>\n<\/ul>\n\n\n\n<h2 class=\"wp-block-heading\">Marktchancen<\/h2>\n\n\n\n<p>Die Stickstoffmarktforschung ist entscheidend f\u00fcr die Identifizierung potenzieller Marktchancen, die Branchenbeteiligte f\u00fcr Wachstum und Expansion nutzen k\u00f6nnen. Diese Chancen ergeben sich aus neuen Trends, technologischen Fortschritten und sich \u00e4ndernder Branchendynamik. Einige der wichtigsten Marktchancen, die durch die Stickstoffmarktforschung aufgedeckt wurden, sind die folgenden:<\/p>\n\n\n\n<ul class=\"wp-block-list\">\n<li>Stickstoffrecycling: Da Umweltbedenken immer wichtiger werden, besteht in der Stickstoffindustrie eine steigende Nachfrage nach nachhaltigen L\u00f6sungen. Stickstoffmarktforschungen weisen darauf hin, dass die M\u00f6glichkeit zur Entwicklung effizienter Stickstoffr\u00fcckgewinnungs- und -recyclingtechnologien den Ressourcenverbrauch minimieren, Abfall reduzieren und die Umweltbelastung verringern kann.<\/li>\n\n\n\n<li>Erforschung alternativer Produktionsmethoden: Die Stickstoffmarktforschung zeigt das Potenzial der Erforschung alternativer Quellen und innovativer Produktionsmethoden auf, um den wachsenden Bedarf an Stickstoff zu decken.<\/li>\n\n\n\n<li>M\u00f6gliche Anwendungen in neuen Branchen: W\u00e4hrend sich Branchen weiterentwickeln und neue Sektoren entstehen, zeigt die Stickstoffmarktforschung das Potenzial f\u00fcr eine Ausweitung der Stickstoffnutzung in neuen Branchen und Anwendungen. Dies kann Bereiche wie die Speicherung erneuerbarer Energien, fortschrittliche Materialien und Biotechnologie umfassen.<\/li>\n\n\n\n<li>Expanding into emerging markets: Nitrogen <a href=\"https:\/\/www.sisinternational.com\/de\/estlands-wirtschaft\/\" title=\"\u00d6konomische Marktforschung in Estland\"  data-wpil-monitor-id=\"2946\">market research identifies emerging<\/a> markets with high growth potential, which can present significant opportunities for industry stakeholders. By expanding into these markets, businesses can tap into new customer bases and diversify their revenue streams.<\/li>\n<\/ul>\n\n\n\n<h2 class=\"wp-block-heading\">Herausforderungen<\/h2>\n\n\n\n<p>Stickstoffmarktforschung ist unerl\u00e4sslich, um die Herausforderungen zu identifizieren und zu verstehen, denen sich die Interessenvertreter der Branche gegen\u00fcbersehen. Wenn sich die Interessenvertreter dieser Herausforderungen bewusst sind, k\u00f6nnen sie Strategien entwickeln, um Risiken zu mindern und Hindernisse zu \u00fcberwinden. Einige der aufgedeckten Marktherausforderungen sind die folgenden:<\/p>\n\n\n\n<ul class=\"wp-block-list\">\n<li><strong>Volatility in raw <\/strong><a href=\"https:\/\/www.sisinternational.com\/de\/sachverstand\/branchen\/marktforschung-zur-materialhandhabung\/\" title=\"Marktforschung zur Materialhandhabung\"  data-wpil-monitor-id=\"6044\">material prices: Nitrogen market research<\/a> reveals that the challenge of fluctuating raw material prices can impact the cost of production and the overall profitability of businesses in the nitrogen industry. This volatility may result from changes in global economic conditions, supply chain disruptions, or geopolitical factors.<\/li>\n\n\n\n<li><strong>Umweltbedenken und neue Vorschriften:<\/strong> Aufgrund der Umweltauswirkungen von Produktion und Verbrauch steht die Stickstoffindustrie zunehmend unter Beobachtung. Die Stickstoffmarktforschung betont die Herausforderung, strenge Umweltauflagen einzuhalten, die zu h\u00f6heren Betriebskosten und m\u00f6glichen Strafen bei Nichteinhaltung f\u00fchren k\u00f6nnen.<\/li>\n\n\n\n<li><strong>Transportkosten:<\/strong> Die Produktion und der Transport von Stickstoff k\u00f6nnen energieintensiv und kostspielig sein und stellen eine Herausforderung f\u00fcr die Beteiligten der Branche dar. Stickstoff-Marktforschungen zeigen, dass Unternehmen in Forschung und Entwicklung investieren m\u00fcssen, um Produktionsprozesse zu verbessern, den Energieverbrauch zu senken und die Transportlogistik zu optimieren, um diese Herausforderung zu meistern.<\/li>\n\n\n\n<li><strong>Konkurrenz durch alternative Produkte und Technologien:<\/strong> Die Stickstoffmarktforschung erkennt die Herausforderung der Konkurrenz durch alternative Produkte und Technologien, die den Stickstoffbedarf in bestimmten Anwendungen potenziell ersetzen oder reduzieren k\u00f6nnen.<\/li>\n<\/ul>\n\n\n\n<h2 class=\"wp-block-heading\">Perspektiven der Stickstoffmarktforschung<\/h2>\n\n\n\n<figure class=\"gb-block-image gb-block-image-9c14c858\"><img loading=\"lazy\" decoding=\"async\" width=\"1456\" height=\"816\" class=\"gb-image gb-image-9c14c858\" src=\"https:\/\/www.sisinternational.com\/wp-content\/uploads\/2025\/08\/Hydrogen-nitrogen-4.jpg\" alt=\"SIS International Marktforschung &amp; Strategie\" title=\"Hydrogen nitrogen (4)\" srcset=\"https:\/\/www.sisinternational.com\/wp-content\/uploads\/2025\/08\/Hydrogen-nitrogen-4.jpg 1456w, https:\/\/www.sisinternational.com\/wp-content\/uploads\/2025\/08\/Hydrogen-nitrogen-4-300x168.jpg 300w, https:\/\/www.sisinternational.com\/wp-content\/uploads\/2025\/08\/Hydrogen-nitrogen-4-1024x574.jpg 1024w, https:\/\/www.sisinternational.com\/wp-content\/uploads\/2025\/08\/Hydrogen-nitrogen-4-768x430.jpg 768w, https:\/\/www.sisinternational.com\/wp-content\/uploads\/2025\/08\/Hydrogen-nitrogen-4-18x10.jpg 18w\" sizes=\"auto, (max-width: 1456px) 100vw, 1456px\"><\/figure>\n\n\n\n<ul class=\"wp-block-list\">\n<li>As developing economies continue to grow and modernize their agricultural sectors, the demand for nitrogen-based fertilizers and other products will increase. <a href=\"https:\/\/www.sisinternational.com\/de\/losungen\/strategieberatung\/marktchancenforschung\/\" title=\"Marktchancenforschung\"  data-wpil-monitor-id=\"9833\">Market research can help identify opportunities<\/a> in these regions, offering insights into local market dynamics, consumer preferences, and potential barriers to entry.<\/li>\n\n\n\n<li>Increasing demand for nitrogen in industries such as pharmaceuticals, electronics, and environmental remediation presents new growth opportunities. Market research will be essential in uncovering these applications and understanding their potential impact on the <a href=\"https:\/\/www.sisinternational.com\/de\/billigflieger-in-der-luftfahrtindustrie\/\" title=\"Marktforschung f\u00fcr Billigflieger\"  data-wpil-monitor-id=\"9828\">allgemein<\/a> nitrogen market.<\/li>\n\n\n\n<li>The adoption of precision agriculture technologies such as advanced sensors, drones and GPS-enabled equipment, has been transforming the way farmers use fertilizers. Market research will need to keep pace with these <a href=\"https:\/\/www.sisinternational.com\/de\/sis-bringt-neue-digitale-forschungslosungen-auf-den-markt\/\" title=\"SIS f\u00fchrt neue Digital Research-L\u00f6sungen ein\"  data-wpil-monitor-id=\"9829\">innovations<\/a>, assessing the impact of precision agriculture on nitrogen demand and identifying opportunities for new product development and tailored fertilizer solutions.<\/li>\n\n\n\n<li>Wachsende Bedenken hinsichtlich der Umweltauswirkungen traditioneller Stickstoffproduktionsmethoden treiben die Nachfrage nach nachhaltigeren und energieeffizienteren Alternativen voran. Marktforschung wird eine entscheidende Rolle bei der \u00dcberwachung und Prognose der Einf\u00fchrung dieser umweltfreundlichen Technologien spielen und den Beteiligten helfen, fundierte Entscheidungen \u00fcber Investitionen in neue Produktionsprozesse und -anlagen zu treffen.<\/li>\n<\/ul>\n\n\n\n<p><a href=\"https:\/\/www.sisinternational.com\/de\/sis-stellt-plattform-fur-datenwissenschaft-und-quantitative-analyse-vor\/\" title=\"SIS stellt Plattform f\u00fcr Data Science und quantitative Analytik vor\"  data-wpil-monitor-id=\"9830\">SIS International offers Quantitative<\/a>, Qualitative, and Strategy Research. We provide data, tools, strategies, reports and insights for decision-making. We conduct interviews, surveys, <a href=\"https:\/\/www.sisinternational.com\/de\/losungen\/fokusgruppen-marktforschung\/\" title=\"Fokusgruppe Marktforschung\"  data-wpil-monitor-id=\"9831\">focus groups and many other Market Research<\/a> methods and approaches. Contact us for your <a href=\"https:\/\/www.sisinternational.com\/de\/sachverstand\/branchen\/marktforschung-zu-technologien-der-nachsten-generation\/\" title=\"Marktforschung zu Technologien der n\u00e4chsten Generation\"  data-wpil-monitor-id=\"9832\">next Market Research<\/a> Projekt.<\/p>","protected":false},"excerpt":{"rendered":"<p>Stickstoff ist ein lebenswichtiges Element und wird h\u00e4ufig in der Landwirtschaft, in industriellen Prozessen sowie in der Lebensmittel- und Getr\u00e4nkeindustrie verwendet.<\/p>","protected":false},"author":1,"featured_media":64073,"parent":14514,"menu_order":265,"comment_status":"closed","ping_status":"closed","template":"","meta":{"footnotes":""},"class_list":["post-42406","page","type-page","status-publish","has-post-thumbnail"],"_links":{"self":[{"href":"https:\/\/www.sisinternational.com\/de\/wp-json\/wp\/v2\/pages\/42406","targetHints":{"allow":["GET"]}}],"collection":[{"href":"https:\/\/www.sisinternational.com\/de\/wp-json\/wp\/v2\/pages"}],"about":[{"href":"https:\/\/www.sisinternational.com\/de\/wp-json\/wp\/v2\/types\/page"}],"author":[{"embeddable":true,"href":"https:\/\/www.sisinternational.com\/de\/wp-json\/wp\/v2\/users\/1"}],"replies":[{"embeddable":true,"href":"https:\/\/www.sisinternational.com\/de\/wp-json\/wp\/v2\/comments?post=42406"}],"version-history":[{"count":6,"href":"https:\/\/www.sisinternational.com\/de\/wp-json\/wp\/v2\/pages\/42406\/revisions"}],"predecessor-version":[{"id":81633,"href":"https:\/\/www.sisinternational.com\/de\/wp-json\/wp\/v2\/pages\/42406\/revisions\/81633"}],"up":[{"embeddable":true,"href":"https:\/\/www.sisinternational.com\/de\/wp-json\/wp\/v2\/pages\/14514"}],"wp:featuredmedia":[{"embeddable":true,"href":"https:\/\/www.sisinternational.com\/de\/wp-json\/wp\/v2\/media\/64073"}],"wp:attachment":[{"href":"https:\/\/www.sisinternational.com\/de\/wp-json\/wp\/v2\/media?parent=42406"}],"curies":[{"name":"wp","href":"https:\/\/api.w.org\/{rel}","templated":true}]}}