{"id":42404,"date":"2023-04-16T14:06:43","date_gmt":"2023-04-16T18:06:43","guid":{"rendered":"https:\/\/www.sisinternational.com\/?page_id=42404"},"modified":"2026-01-26T18:35:32","modified_gmt":"2026-01-26T23:35:32","slug":"helium-marktforschung","status":"publish","type":"page","link":"https:\/\/www.sisinternational.com\/de\/sachverstand\/helium-marktforschung\/","title":{"rendered":"Helium Marktforschung"},"content":{"rendered":"<h1 class=\"wp-block-heading\">Helium Marktforschung<\/h1>\n\n\n\n<figure class=\"gb-block-image gb-block-image-411522a8\"><img loading=\"lazy\" decoding=\"async\" width=\"1456\" height=\"816\" class=\"gb-image gb-image-411522a8\" src=\"https:\/\/www.sisinternational.com\/wp-content\/uploads\/2025\/08\/Butane-1.jpg\" alt=\"SIS International Marktforschung &amp; Strategie\" title=\"Butane (1)\" srcset=\"https:\/\/www.sisinternational.com\/wp-content\/uploads\/2025\/08\/Butane-1.jpg 1456w, https:\/\/www.sisinternational.com\/wp-content\/uploads\/2025\/08\/Butane-1-300x168.jpg 300w, https:\/\/www.sisinternational.com\/wp-content\/uploads\/2025\/08\/Butane-1-1024x574.jpg 1024w, https:\/\/www.sisinternational.com\/wp-content\/uploads\/2025\/08\/Butane-1-768x430.jpg 768w, https:\/\/www.sisinternational.com\/wp-content\/uploads\/2025\/08\/Butane-1-18x10.jpg 18w\" sizes=\"auto, (max-width: 1456px) 100vw, 1456px\"><\/figure>\n\n\n\n<p><\/p>\n\n\n\n<p>Der globale Heliummarkt hat in den letzten Jahren aufgrund seiner vielf\u00e4ltigen Anwendungsm\u00f6glichkeiten in unterschiedlichen Branchen ein deutliches Wachstum erlebt.<\/p>\n\n\n\n<p>Tats\u00e4chlich spielt Helium in Branchen wie dem Gesundheitswesen, der Luft- und Raumfahrt und der Halbleiterherstellung eine entscheidende Rolle. Daher ist eine umfassende Helium-Marktforschung f\u00fcr Branchenteilnehmer relevant, um die aktuelle Marktdynamik, Trends und zuk\u00fcnftigen Wachstumsaussichten zu verstehen.<\/p>\n\n\n\n<h2 class=\"wp-block-heading\">Bedeutung der Helium-Marktforschung f\u00fcr Branchenteilnehmer<\/h2>\n\n\n\n<p>Market research provides an analysis of the market&#8217;s growth drivers, challenges, and emerging opportunities in the helium Industry. This information enables stakeholders to identify areas of potential growth and develop <a href=\"https:\/\/www.sisinternational.com\/de\/die-rolle-der-prozess-und-systementwicklung-fur-den-unternehmenserfolg\/\" title=\"Organisationsdesign Marktforschung\"  data-wpil-monitor-id=\"8232\">strategies to capture a larger market<\/a> share.<\/p>\n\n\n\n<p>Furthermore, helium market research helps businesses gain an understanding of the competitive landscape, including the key players, their market share, and recent developments. This knowledge allows businesses to adapt their strategies and better <a href=\"https:\/\/www.sisinternational.com\/de\/losungen\/branding-und-kundenforschungslosungen\/marktforschung-zur-markenpositionierung\/\" title=\"Marktforschung zur Markenpositionierung\"  data-wpil-monitor-id=\"8248\">position themselves within the market<\/a>.<\/p>\n\n\n\n<p>It also provides stakeholders with an in-depth comprehension of the regional dynamics of the helium market. This includes insights into regional demand patterns, supply chain disruptions, and <a href=\"https:\/\/www.sisinternational.com\/de\/sachverstand\/branchen\/marktforschung-der-bundesregierung\/\" title=\"Marktforschung der Bundesregierung\"  data-wpil-monitor-id=\"8246\">government policies that can influence market<\/a> growth.<\/p>\n\n\n\n<h3 class=\"wp-block-heading\">Helium-Markttrends<\/h3>\n\n\n\n<ul class=\"wp-block-list\">\n<li><strong>Technologische Fortschritte bei der Heliumgewinnung und -produktion:<\/strong> Recent innovations in extraction and production technologies have made it more efficient and cost-effective to obtain helium from various sources. Helium market research highlights these advancements, enabling <a href=\"https:\/\/www.sisinternational.com\/de\/losungen\/ai-marktforschung-und-strategieberatung\/technologie-industrie-automatisierung-kunstliche-intelligenz-beratung\/\" title=\"Beratung zur Automatisierung der Technologiebranche und zu k\u00fcnstlicher Intelligenz\"  data-wpil-monitor-id=\"8250\">industry players to adopt new technologies<\/a> and improve their production processes.<\/li>\n\n\n\n<li><strong>Wachsende Nachfrage in aufstrebenden Branchen:<\/strong> Helium market research reveals an increasing demand for helium in emerging industries such as renewable energy, advanced manufacturing, and electronics. Understanding this trend allows stakeholders to tap into new <a href=\"https:\/\/www.sisinternational.com\/de\/sachverstand\/lebenslaufe\/marktforschung-fur-korperpflegeprodukte\/\" title=\"Marktforschung f\u00fcr K\u00f6rperpflegeprodukte\"  data-wpil-monitor-id=\"8234\">markets and diversify their product<\/a> offerings.<\/li>\n\n\n\n<li><strong>Umstellung auf energieeffiziente L\u00f6sungen:<\/strong> Angesichts der wachsenden Umweltbedenken suchen Industrien zunehmend nach nachhaltigen und energieeffizienten Alternativen. Die Helium-Marktforschung identifiziert diesen Trend und seine Auswirkungen auf die Nachfrage nach Helium in Anwendungen wie Kryotechnik und Lecksuche.<\/li>\n\n\n\n<li><strong>Regierungsrichtlinien und -vorschriften:<\/strong> Die Marktforschung von Helium hilft Stakeholdern, \u00fcber die neuesten Regierungsrichtlinien und -vorschriften informiert zu bleiben, die die Branche beeinflussen k\u00f6nnen. Diese Informationen sind f\u00fcr Unternehmen von entscheidender Bedeutung, um die Einhaltung der Vorschriften sicherzustellen und Strategien zu entwickeln, um potenzielle Herausforderungen durch regulatorische \u00c4nderungen zu meistern.<\/li>\n<\/ul>\n\n\n\n<h2 class=\"wp-block-heading\">Marktchancen<\/h2>\n\n\n\n<ul class=\"wp-block-list\">\n<li>Angesichts des wachsenden Bewusstseins f\u00fcr die begrenzte Heliumversorgung und die steigende Nachfrage haben sich Recycling und R\u00fcckgewinnung von Helium als bedeutende Marktchancen herauskristallisiert. Die Helium-Marktforschung beleuchtet Technologien und Prozesse, die eine effiziente R\u00fcckgewinnung und Wiederverwendung von Helium erm\u00f6glichen, wodurch Abfall reduziert und die Abh\u00e4ngigkeit von Naturschutzgebieten verringert wird.<\/li>\n\n\n\n<li>Fortschritte in der Produktionstechnologie k\u00f6nnen zu effizienteren und kosteng\u00fcnstigeren Methoden der Heliumgewinnung und -reinigung f\u00fchren. Die Helium-Marktforschung identifiziert die neuesten Innovationen in der Produktionstechnologie und bietet Branchenteilnehmern die M\u00f6glichkeit, ihre Prozesse zu verbessern und einen Wettbewerbsvorteil zu erhalten.<\/li>\n\n\n\n<li>Mit der Entstehung neuer Branchen und Anwendungen d\u00fcrfte die Nachfrage nach Helium steigen. Die Helium-Marktforschung bietet Einblicke in potenzielle Anwendungen in Sektoren wie erneuerbare Energien, fortschrittliche Materialien und Quantencomputer.<\/li>\n<\/ul>\n\n\n\n<h2 class=\"wp-block-heading\">Marktherausforderungen<\/h2>\n\n\n\n<ul class=\"wp-block-list\">\n<li>Eine der gr\u00f6\u00dften Herausforderungen f\u00fcr den Heliummarkt ist die Ersch\u00f6pfung der nat\u00fcrlichen Heliumreserven. Dies unterstreicht die wachsende Besorgnis \u00fcber die Endlichkeit der Ressourcen und die Notwendigkeit nachhaltiger L\u00f6sungen wie Recycling und die Erschlie\u00dfung alternativer Quellen zur Sicherung der Heliumversorgung.<\/li>\n\n\n\n<li>Geopolitische Spannungen und Konflikte k\u00f6nnen zu St\u00f6rungen der Lieferkette f\u00fchren, die sich auf die Verf\u00fcgbarkeit und den Preis von Helium auswirken. Helium-Marktforschung hilft den Beteiligten, diese Herausforderungen zu verstehen und Strategien zu entwickeln, um eine stabile Versorgung sicherzustellen und die Auswirkungen von St\u00f6rungen auf ihren Betrieb zu minimieren.<\/li>\n\n\n\n<li>Die Heliumindustrie unterliegt strengen Umweltvorschriften, die f\u00fcr Unternehmen eine Herausforderung darstellen k\u00f6nnen. Helium-Marktforschung erm\u00f6glicht es den Beteiligten, \u00fcber die neuesten Vorschriften auf dem Laufenden zu bleiben, die Einhaltung sicherzustellen und das Risiko von Strafen oder Betriebsst\u00f6rungen zu verringern.<\/li>\n<\/ul>\n\n\n\n<h2 class=\"wp-block-heading\">Das Wettbewerbsumfeld der Helium-Marktforschung verstehen<\/h2>\n\n\n\n<p>Helium-Marktforschung ist unerl\u00e4sslich, um das Wettbewerbsumfeld der Branche zu verstehen, das die wichtigsten Marktteilnehmer, ihre Strategien und die j\u00fcngsten Entwicklungen umfasst. Indem sie \u00fcber das Wettbewerbsumfeld auf dem Laufenden bleiben, k\u00f6nnen Branchenbeteiligte ihre Strategien anpassen, um einen Wettbewerbsvorteil zu erhalten und Wachstumschancen zu nutzen. Einige der wichtigsten zu ber\u00fccksichtigenden Faktoren sind die folgenden:<\/p>\n\n\n\n<ul class=\"wp-block-list\">\n<li><strong>Wichtige Marktteilnehmer:<\/strong> Helium market research identifies the leading companies operating in the industry, their market share, and core competencies. This information enables stakeholders to <a href=\"https:\/\/www.sisinternational.com\/de\/losungen\/strategieberatung\/marktforschung\/\" title=\"Marktforschung\"  data-wpil-monitor-id=\"8237\">assess their position in the market<\/a> and develop strategies to compete effectively against other players.<\/li>\n\n\n\n<li><a href=\"https:\/\/www.sisinternational.com\/de\/losungen\/strategieberatung\/identifizierung-von-fusions-und-ubernahmezielen\/\" title=\"Fusions- und \u00dcbernahmeforschung\"  data-wpil-monitor-id=\"6950\">Mergers and acquisitions: Helium market research<\/a> provides insights into recent mergers, acquisitions, and collaborations in the industry, which can reshape the competitive landscape and offer growth opportunities for businesses.<\/li>\n\n\n\n<li><strong>Markteintrittsbarrieren und -chancen:<\/strong> Die Helium-Marktforschung zeigt die Markteintrittsbarrieren f\u00fcr neue Akteure auf, wie z. B. hohe Kapitalanforderungen, technologische Herausforderungen und die Einhaltung gesetzlicher Vorschriften. Gleichzeitig werden Marktchancen identifiziert, die von neuen Marktteilnehmern oder bestehenden Akteuren genutzt werden k\u00f6nnen, die ihre Pr\u00e4senz ausbauen m\u00f6chten.<\/li>\n<\/ul>\n\n\n\n<h2 class=\"wp-block-heading\">Helium-Marktforschungsprognose<\/h2>\n\n\n\n<ul class=\"wp-block-list\">\n<li>Helium market research offers projections for the global demand and supply of helium, taking into account factors such as the growth of key industries, technological advancements, and alternative sources. These projections enable stakeholders to assess the <a href=\"https:\/\/www.sisinternational.com\/de\/losungen\/strategieberatung\/marktforschung-fur-minimal-funktionsfahige-produkte\/\" title=\"Marktforschung f\u00fcr minimal funktionsf\u00e4hige Produkte\"  data-wpil-monitor-id=\"8240\">market&#8217;s future potential and plan their production<\/a> capacities accordingly.<\/li>\n\n\n\n<li>Da Regierungen weltweit strengere Umweltschutzbestimmungen erlassen, k\u00f6nnte die Heliumindustrie zunehmend unter Druck geraten, ihren \u00f6kologischen Fu\u00dfabdruck zu verringern. Dies k\u00f6nnte sich auf die Produktionskosten und die Marktdynamik auswirken.<\/li>\n\n\n\n<li>Helium is used in the <a href=\"https:\/\/www.sisinternational.com\/de\/losungen\/branding-und-kundenforschungslosungen\/produkttests-marktforschung\/\" title=\"Produkttests Marktforschung\"  data-wpil-monitor-id=\"8243\">production and testing<\/a> of aerospace and defense equipment, including satellite and rocket launch systems. As space exploration and defense spending increase globally, so too will the demand for helium.<\/li>\n\n\n\n<li>Der Heliummarkt wird voraussichtlich in Schwellenl\u00e4nder expandieren, wo die zunehmende Industrialisierung und der technologische Fortschritt neue M\u00f6glichkeiten f\u00fcr den Heliumverbrauch schaffen. Da sich L\u00e4nder wie China, Indien und Brasilien weiter entwickeln, wird ihre Nachfrage nach Helium wahrscheinlich steigen und zum Marktwachstum beitragen.<\/li>\n\n\n\n<li>Da die Nachfrage nach Helium steigt, werden Fortschritte in der Heliumverfl\u00fcssigungstechnologie eine wichtige Rolle bei der Verbesserung der Produktionseffizienz und der Kostensenkung spielen. Verbesserte Verfl\u00fcssigungsprozesse k\u00f6nnen zu einem geringeren Energieverbrauch und h\u00f6heren Heliumr\u00fcckgewinnungsraten f\u00fchren.<\/li>\n\n\n\n<li>Da der Heliummarkt weiter w\u00e4chst, k\u00f6nnten gr\u00f6\u00dfere Akteure versuchen, ihre Positionen durch Fusionen und \u00dcbernahmen zu konsolidieren. Dieser Trend k\u00f6nnte zur Gr\u00fcndung vertikal integrierterer Unternehmen f\u00fchren, die Heliumversorgungskette rationalisieren und m\u00f6glicherweise die Preise stabilisieren.<\/li>\n<\/ul>\n\n\n\n<p>SIS International bietet quantitative, qualitative und strategische Forschung an. Wir liefern Daten, Tools, Strategien, Berichte und Erkenntnisse zur Entscheidungsfindung. Wir f\u00fchren Interviews, Umfragen, Fokusgruppen und viele andere Methoden und Ans\u00e4tze der Marktforschung durch. Kontaktieren Sie uns f\u00fcr Ihr n\u00e4chstes Marktforschungsprojekt.<\/p>\n\n\n\n<p><\/p>","protected":false},"excerpt":{"rendered":"<p>Helium ist im Gesundheitswesen, in der Luft- und Raumfahrt sowie in der Halbleiterherstellung von entscheidender Bedeutung. Der Markt hat in den letzten Jahren ein deutliches Wachstum erlebt.<\/p>","protected":false},"author":1,"featured_media":63922,"parent":14514,"menu_order":264,"comment_status":"closed","ping_status":"closed","template":"","meta":{"footnotes":""},"class_list":["post-42404","page","type-page","status-publish","has-post-thumbnail"],"_links":{"self":[{"href":"https:\/\/www.sisinternational.com\/de\/wp-json\/wp\/v2\/pages\/42404","targetHints":{"allow":["GET"]}}],"collection":[{"href":"https:\/\/www.sisinternational.com\/de\/wp-json\/wp\/v2\/pages"}],"about":[{"href":"https:\/\/www.sisinternational.com\/de\/wp-json\/wp\/v2\/types\/page"}],"author":[{"embeddable":true,"href":"https:\/\/www.sisinternational.com\/de\/wp-json\/wp\/v2\/users\/1"}],"replies":[{"embeddable":true,"href":"https:\/\/www.sisinternational.com\/de\/wp-json\/wp\/v2\/comments?post=42404"}],"version-history":[{"count":5,"href":"https:\/\/www.sisinternational.com\/de\/wp-json\/wp\/v2\/pages\/42404\/revisions"}],"predecessor-version":[{"id":81384,"href":"https:\/\/www.sisinternational.com\/de\/wp-json\/wp\/v2\/pages\/42404\/revisions\/81384"}],"up":[{"embeddable":true,"href":"https:\/\/www.sisinternational.com\/de\/wp-json\/wp\/v2\/pages\/14514"}],"wp:featuredmedia":[{"embeddable":true,"href":"https:\/\/www.sisinternational.com\/de\/wp-json\/wp\/v2\/media\/63922"}],"wp:attachment":[{"href":"https:\/\/www.sisinternational.com\/de\/wp-json\/wp\/v2\/media?parent=42404"}],"curies":[{"name":"wp","href":"https:\/\/api.w.org\/{rel}","templated":true}]}}