{"id":42386,"date":"2023-04-14T16:14:40","date_gmt":"2023-04-14T20:14:40","guid":{"rendered":"https:\/\/www.sisinternational.com\/?page_id=42386"},"modified":"2026-01-24T21:08:38","modified_gmt":"2026-01-25T02:08:38","slug":"marktforschung-zur-wasserschlammbehandlung","status":"publish","type":"page","link":"https:\/\/www.sisinternational.com\/de\/sachverstand\/marktforschung-zur-wasserschlammbehandlung\/","title":{"rendered":"Marktforschung zur Wasser- und Schlammbehandlung"},"content":{"rendered":"<h1 class=\"wp-block-heading\">Marktforschung zur Wasser- und Schlammbehandlung<\/h1>\n\n\n\n<figure class=\"gb-block-image gb-block-image-6c5f11c5\"><img loading=\"lazy\" decoding=\"async\" width=\"1456\" height=\"816\" class=\"gb-image gb-image-6c5f11c5\" src=\"https:\/\/www.sisinternational.com\/wp-content\/uploads\/2025\/08\/Water-28.jpg\" alt=\"SIS International Marktforschung &amp; Strategie\" title=\"Water (28)\" srcset=\"https:\/\/www.sisinternational.com\/wp-content\/uploads\/2025\/08\/Water-28.jpg 1456w, https:\/\/www.sisinternational.com\/wp-content\/uploads\/2025\/08\/Water-28-300x168.jpg 300w, https:\/\/www.sisinternational.com\/wp-content\/uploads\/2025\/08\/Water-28-1024x574.jpg 1024w, https:\/\/www.sisinternational.com\/wp-content\/uploads\/2025\/08\/Water-28-768x430.jpg 768w, https:\/\/www.sisinternational.com\/wp-content\/uploads\/2025\/08\/Water-28-18x10.jpg 18w\" sizes=\"auto, (max-width: 1456px) 100vw, 1456px\"><\/figure>\n\n\n\n<p><\/p>\n\n\n\n<p>Durch die Wasser- und Schlammbehandlung werden Schadstoffe aus Abwasser und Schlamm entfernt. Durch diesen Prozess wird das Abwasser sicher f\u00fcr die Entsorgung oder Wiederverwendung gemacht.<\/p>\n\n\n\n<p>Wir erzeugen Abwasser aus h\u00e4uslichen, industriellen und landwirtschaftlichen T\u00e4tigkeiten. Es enth\u00e4lt eine Vielzahl von Schadstoffen, darunter organische und anorganische Verbindungen. Es enth\u00e4lt auch Schwebstoffe, Krankheitserreger und Schwermetalle. Schlamm ist der halbfeste R\u00fcckstand, der nach dem Abwasserbehandlungsprozess \u00fcbrig bleibt.<\/p>\n\n\n\n<p>Die Wasser- und Schlammbehandlung umfasst verschiedene physikalische, chemische und biologische Prozesse. Diese Prozesse entfernen die Schadstoffe aus dem Abwasser und dem Schlamm. Einige Standardbehandlungsmethoden umfassen Sedimentation, Filtration, nat\u00fcrliche Behandlung, chemische Behandlung und Desinfektion. Die jeweils verwendete Behandlungsmethode h\u00e4ngt von Faktoren ab wie:<\/p>\n\n\n\n<ol class=\"wp-block-list\">\n<li>Art und Konzentration der Schadstoffe im Abwasser und Schlamm.<\/li>\n\n\n\n<li>Das gew\u00fcnschte Behandlungsniveau.<\/li>\n<\/ol>\n\n\n\n<p>Ein weiterer wichtiger Punkt ist, dass die Wasser- und Schlammbehandlung dem Schutz der \u00f6ffentlichen Gesundheit und der Umwelt dient. Sie reduziert die Schadstoffe im Abwasser und Schlamm auf ein sicheres Niveau. Das behandelte Wasser k\u00f6nnen wir dann ablassen. Oder wir k\u00f6nnen es f\u00fcr verschiedene Zwecke wiederverwenden, beispielsweise zur Bew\u00e4sserung oder f\u00fcr industrielle Prozesse. Den behandelten Schlamm k\u00f6nnen wir als D\u00fcnger verwenden oder sicher entsorgen.<\/p>\n\n\n\n<h2 class=\"wp-block-heading\">Warum ist die Wasser- und Schlammbehandlung wichtig?<\/h2>\n\n\n\n<p>Die Wasser- und Schlammbehandlung ist aus mehreren Gr\u00fcnden unerl\u00e4sslich. Abwasser und Schlamm k\u00f6nnen sch\u00e4dliche Schadstoffe wie Bakterien, Viren und Chemikalien enthalten. Dar\u00fcber hinaus k\u00f6nnen diese Schadstoffe, wenn sie unbehandelt bleiben, Wasserquellen verunreinigen. Eine Verunreinigung f\u00fchrt zur Verbreitung von Krankheiten und Leiden.<\/p>\n\n\n\n<p>Unbehandeltes Abwasser und Schlamm k\u00f6nnen auch die Umwelt sch\u00e4digen. Sie sch\u00e4digen beispielsweise das Leben im Wasser und verschmutzen Wasserquellen. Eine ordnungsgem\u00e4\u00dfe Behandlung von Abwasser und Schlamm tr\u00e4gt dazu bei, diese Auswirkungen zu verringern. Auf diese Weise wird die Umwelt gesch\u00fctzt.<\/p>\n\n\n\n<p>Wasser ist eine begrenzte Ressource, und eine ordnungsgem\u00e4\u00dfe Abwasserbehandlung kann helfen, es zu schonen. Deshalb sollten wir es f\u00fcr Bew\u00e4sserungs- und Industrieprozesse wiederverwenden. Wir k\u00f6nnen auch Schlamm behandeln und als D\u00fcnger verwenden. Auf diese Weise reduzieren wir den Bedarf an synthetischen D\u00fcngemitteln. Au\u00dferdem schonen wir nat\u00fcrliche Ressourcen.<\/p>\n\n\n\n<p>In vielen L\u00e4ndern gibt es Vorschriften, die eine Abwasser- und Schlammbehandlung vorschreiben. In diesen L\u00e4ndern m\u00fcssen Abwasser und Schlamm vor der Einleitung oder Wiederverwendung behandelt werden. Tats\u00e4chlich ist die Einhaltung dieser Vorschriften unerl\u00e4sslich, um Geldbu\u00dfen und rechtliche Strafen zu vermeiden.<\/p>\n\n\n\n<h2 class=\"wp-block-heading\">Wichtige Berufsbezeichnungen<\/h2>\n\n\n\n<figure class=\"gb-block-image gb-block-image-388f2c45\"><img loading=\"lazy\" decoding=\"async\" width=\"1456\" height=\"816\" class=\"gb-image gb-image-388f2c45\" src=\"https:\/\/www.sisinternational.com\/wp-content\/uploads\/2025\/08\/Water-19.jpg\" alt=\"SIS International Marktforschung &amp; Strategie\" title=\"Water (19)\" srcset=\"https:\/\/www.sisinternational.com\/wp-content\/uploads\/2025\/08\/Water-19.jpg 1456w, https:\/\/www.sisinternational.com\/wp-content\/uploads\/2025\/08\/Water-19-300x168.jpg 300w, https:\/\/www.sisinternational.com\/wp-content\/uploads\/2025\/08\/Water-19-1024x574.jpg 1024w, https:\/\/www.sisinternational.com\/wp-content\/uploads\/2025\/08\/Water-19-768x430.jpg 768w, https:\/\/www.sisinternational.com\/wp-content\/uploads\/2025\/08\/Water-19-18x10.jpg 18w\" sizes=\"auto, (max-width: 1456px) 100vw, 1456px\"><\/figure>\n\n\n\n<p><\/p>\n\n\n\n<h3 class=\"wp-block-heading\">Hier sind einige wichtige Berufsbezeichnungen im Zusammenhang mit der Wasser- und Schlammbehandlung:<\/h3>\n\n\n\n<ul class=\"wp-block-list\">\n<li><strong>Betreiber einer Wasser-\/Abwasseraufbereitungsanlage:<\/strong> Betreibt und wartet Ger\u00e4te zur Aufbereitung und Reinigung von Wasser und Abwasser.<\/li>\n\n\n\n<li><strong>Umweltingenieur:<\/strong> Konzipiert und entwickelt Verfahren und Anlagen zur Abwasser- und Schlammbehandlung. Der Ingenieur achtet zudem auf die Einhaltung von Umweltauflagen.<\/li>\n\n\n\n<li><a href=\"https:\/\/www.sisinternational.com\/de\/losungen\/geschmackstest\/sparkling-water-taste-testing\/\" title=\"Sparkling Water Taste Testing\"  data-wpil-monitor-id=\"9853\">Water Quality Analyst\/Chemist: Tests<\/a> and analyzes water as well as wastewater samples. In that way, they can determine the samples\u2019 chemical and biological composition. They can also ensure that the water meets regulatory requirements.<\/li>\n\n\n\n<li><strong>Betreiber einer Kl\u00e4ranlage:<\/strong> Betreibt und wartet Ger\u00e4te zur Behandlung und Verarbeitung von Schlamm. Zu diesen Ger\u00e4ten geh\u00f6ren Entw\u00e4sserungs-, Trocknungs- und Verbrennungssysteme.<\/li>\n\n\n\n<li><strong>Spezialist f\u00fcr Umweltgesundheit und -sicherheit:<\/strong> Dieser Spezialist stellt die Einhaltung der Umwelt-, Gesundheits- und Sicherheitsvorschriften sicher. Er \u00fcberpr\u00fcft auch, ob die Anlage die Richtlinien in Bezug auf Behandlungsprozesse und -einrichtungen befolgt.<\/li>\n\n\n\n<li><strong>Water <\/strong><a href=\"https:\/\/www.sisinternational.com\/de\/losungen\/ai-marktforschung-und-strategieberatung\/personalwesen-talentmanagement-automatisierung-kunstliche-intelligenz-beratung\/\" title=\"Automatisierung des Personal- und Talentmanagements und KI-Beratung\"  data-wpil-monitor-id=\"9846\">Resource Specialist: This specialist manages<\/a> and coordinates the use of water resources. These resources include water treatment, storage, distribution, and conservation.<\/li>\n\n\n\n<li><a href=\"https:\/\/www.sisinternational.com\/de\/sachverstand\/branchen\/marktforschung-im-industriedesign\/\" title=\"Marktforschung f\u00fcr Industriedesign\"  data-wpil-monitor-id=\"9845\">Industrial Wastewater Treatment Specialist: Designs<\/a> and operates treatment systems for industrial wastewater. This type of wastewater may contain specialized pollutants and need technical treatment processes.<\/li>\n\n\n\n<li><strong>Verfahrenstechniker:<\/strong> Designs and optimizes water and sludge treatment processes and puts them in place. This engineer also conducts process analysis to improve efficiency and <a href=\"https:\/\/www.sisinternational.com\/de\/how-to-conduct-effective-desk-research\/\" title=\"How to Conduct Effective Desk Research\"  data-wpil-monitor-id=\"9854\">effectiveness<\/a>.<\/li>\n<\/ul>\n\n\n\n<h2 class=\"wp-block-heading\">Warum ben\u00f6tigen Unternehmen eine Wasser- und Schlammbehandlung?<\/h2>\n\n\n\n<ul class=\"wp-block-list\">\n<li>Unternehmen ben\u00f6tigen aus verschiedenen Gr\u00fcnden eine Wasser- und Schlammbehandlung. Viele Branchen m\u00fcssen Umweltvorschriften hinsichtlich der Einleitung von Abwasser und Schlamm einhalten. Eine ordnungsgem\u00e4\u00dfe Behandlung ist notwendig, um die Einhaltung sicherzustellen und rechtliche Strafen zu vermeiden.<\/li>\n\n\n\n<li>Umweltbewusste Unternehmen m\u00fcssen nachhaltige Praktiken f\u00f6rdern. Durch die Einhaltung dieser Praktiken k\u00f6nnen sie ihr \u00f6ffentliches Image und ihren Ruf verbessern.<\/li>\n\n\n\n<li>Durch die Behandlung von Abwasser und Schlamm l\u00e4sst sich die Abfallmenge verringern. Auch die damit verbundenen Entsorgungskosten k\u00f6nnen dadurch gesenkt werden. Dar\u00fcber hinaus k\u00f6nnen wir das behandelte Wasser f\u00fcr verschiedene Zwecke wiederverwenden. Durch die Wiederverwendung muss weniger neues Wasser gekauft werden, was wiederum die Kosten senkt.<\/li>\n\n\n\n<li>Durch die ordnungsgem\u00e4\u00dfe Behandlung von Abwasser und Schlamm k\u00f6nnen nat\u00fcrliche Ressourcen geschont werden. So werden beispielsweise Wasser und Energie gespart. Dies geschieht, indem der Bedarf an neuen Ressourcen verringert und die Nachhaltigkeit gef\u00f6rdert wird.<\/li>\n\n\n\n<li>Abwasser und Schlamm k\u00f6nnen sch\u00e4dliche Schadstoffe enthalten. Diese Schadstoffe k\u00f6nnen Gesundheits- und Sicherheitsrisiken f\u00fcr Mitarbeiter und die \u00d6ffentlichkeit darstellen. Eine ordnungsgem\u00e4\u00dfe Behandlung tr\u00e4gt dazu bei, diese Risiken zu verringern und die \u00f6ffentliche Gesundheit zu sch\u00fctzen.<\/li>\n\n\n\n<li>Viele Industrien ben\u00f6tigen f\u00fcr ihre Produkte und Prozesse hochwertiges Wasser. Eine ordnungsgem\u00e4\u00dfe Wasseraufbereitung stellt sicher, dass das Wasser die geforderten Qualit\u00e4tsstandards erf\u00fcllt. Die Aufbereitung f\u00fchrt zu einer besseren Produktqualit\u00e4t.<\/li>\n<\/ul>\n\n\n\n<h2 class=\"wp-block-heading\">Schl\u00fcsselfaktoren f\u00fcr den Erfolg<\/h2>\n\n\n\n<ul class=\"wp-block-list\">\n<li>Zu den entscheidenden Erfolgsfaktoren f\u00fcr die Wasser- und Schlammbehandlung geh\u00f6ren wirksame Behandlungsverfahren. Die eingesetzten Behandlungsverfahren m\u00fcssen Schadstoffe aus dem Wasser und dem Schlamm entfernen. Das behandelte Wasser und der Schlamm m\u00fcssen den gesetzlichen Anforderungen entsprechen. So wissen wir, dass sie f\u00fcr die Einleitung oder Wiederverwendung unbedenklich sind.<\/li>\n\n\n\n<li>Ein weiterer entscheidender Erfolgsfaktor ist qualifiziertes Personal. Dieses ist f\u00fcr den Betrieb und die Wartung von Behandlungssystemen erforderlich. Es muss sicherstellen, dass diese Systeme praktisch und effizient sind. Um Ausfallzeiten und das Ausfallrisiko zu verringern, ist regelm\u00e4\u00dfige Wartung erforderlich.<\/li>\n\n\n\n<li>Ein weiterer entscheidender Erfolgsfaktor ist die Einhaltung von Umweltvorschriften und -standards. Sie ist f\u00fcr den Erfolg jedes Wasser- und Schlammbehandlungsprogramms erforderlich. Die Nichteinhaltung kann rechtliche Sanktionen und Reputationssch\u00e4den nach sich ziehen.<\/li>\n\n\n\n<li>Eine kontinuierliche \u00dcberwachung und Pr\u00fcfung von Wasser- und Schlammproben ist unerl\u00e4sslich. Sie stellt sicher, dass die Aufbereitungsprozesse wirksam sind. Sie best\u00e4tigt auch, dass das aufbereitete Wasser und der aufbereitete Schlamm den Qualit\u00e4tsstandards entsprechen.<\/li>\n\n\n\n<li>The ability to <a href=\"https:\/\/www.sisinternational.com\/de\/losungen\/technologische-innovation\/\" title=\"SIS Technology &amp; Innovation Solutions\"  data-wpil-monitor-id=\"9848\">innovate and adapt to new technologies<\/a> and processes is also essential. It leads to further improvement. It also fosters the ability to meet changing regulatory requirements.<\/li>\n\n\n\n<li>Gute Beziehungen zu Interessengruppen wie Aufsichtsbeh\u00f6rden, Kunden und Lieferanten sind von entscheidender Bedeutung. Sie stellen sicher, dass das Wasser- und Schlammbehandlungsprogramm erfolgreich und nachhaltig ist.<\/li>\n<\/ul>\n\n\n\n<h2 class=\"wp-block-heading\">\u00dcber Marktforschung zur Wasser- und Schlammbehandlung<\/h2>\n\n\n\n<figure class=\"gb-block-image gb-block-image-c7c592b4\"><img loading=\"lazy\" decoding=\"async\" width=\"1456\" height=\"816\" class=\"gb-image gb-image-c7c592b4\" src=\"https:\/\/www.sisinternational.com\/wp-content\/uploads\/2025\/08\/Water-18.jpg\" alt=\"SIS International Marktforschung &amp; Strategie\" title=\"Water (18)\" srcset=\"https:\/\/www.sisinternational.com\/wp-content\/uploads\/2025\/08\/Water-18.jpg 1456w, https:\/\/www.sisinternational.com\/wp-content\/uploads\/2025\/08\/Water-18-300x168.jpg 300w, https:\/\/www.sisinternational.com\/wp-content\/uploads\/2025\/08\/Water-18-1024x574.jpg 1024w, https:\/\/www.sisinternational.com\/wp-content\/uploads\/2025\/08\/Water-18-768x430.jpg 768w, https:\/\/www.sisinternational.com\/wp-content\/uploads\/2025\/08\/Water-18-18x10.jpg 18w\" sizes=\"auto, (max-width: 1456px) 100vw, 1456px\"><\/figure>\n\n\n\n<p><\/p>\n\n\n\n<p>It\u2019s not enough to do water and sludge treatment in a vacuum. You must also understand the market in which you will operate. That\u2019s where Quantitative and Qualitative Market Research comes in. Using techniques such as UX Market Research is critical. It lets you pinpoint the customer most likely to buy in and remain loyal to your brand. Strategy Research, Competitive Analysis, and <a href=\"https:\/\/www.sisinternational.com\/de\/sachverstand\/branchen\/marktforschung-fur-kalidunger\/\" title=\"Marktforschung f\u00fcr Kalid\u00fcngemittel\"  data-wpil-monitor-id=\"3136\">Markteintrittsforschung<\/a> are equally important. So are <a href=\"https:\/\/www.sisinternational.com\/de\/sachverstand\/branchen\/kultiviertes-fleisch-zellbasiertes-fleisch-marktforschung\/\" title=\"Marktforschung f\u00fcr kultiviertes Fleisch (zellbasiertes Fleisch)\"  data-wpil-monitor-id=\"3164\">Marktchancenforschung<\/a> and Market Sizing Research.<\/p>\n\n\n\n<p><a href=\"https:\/\/www.sisinternational.com\/de\/kontaktieren-sie-sis-international-market-research\/\" title=\"Kontaktiere uns\"  data-wpil-monitor-id=\"9844\">Contact our team at SIS International Research<\/a> if you need help with your Go to Market Strategy. We can organize Focus Groups, Interviews, and Surveys. We work with you to strengthen your <a href=\"https:\/\/www.sisinternational.com\/de\/losungen\/geschmackstest\/produkttestdienste-in-new-york\/\" title=\"Produkttestdienste in New York\"  data-wpil-monitor-id=\"9850\">products and services<\/a>. SIS has four decades of experience designing Market Research projects. Moreover, we get actionable results that increase ROI, making us the best people to help you, too!<\/p>","protected":false},"excerpt":{"rendered":"<p>Abwasser und Schlamm k\u00f6nnen sch\u00e4dliche Schadstoffe wie Bakterien, Viren und Chemikalien enthalten. Verunreinigungen f\u00fchren zu Krankheiten und Beschwerden.<\/p>","protected":false},"author":1,"featured_media":63551,"parent":14514,"menu_order":259,"comment_status":"closed","ping_status":"closed","template":"","meta":{"footnotes":""},"class_list":["post-42386","page","type-page","status-publish","has-post-thumbnail"],"_links":{"self":[{"href":"https:\/\/www.sisinternational.com\/de\/wp-json\/wp\/v2\/pages\/42386","targetHints":{"allow":["GET"]}}],"collection":[{"href":"https:\/\/www.sisinternational.com\/de\/wp-json\/wp\/v2\/pages"}],"about":[{"href":"https:\/\/www.sisinternational.com\/de\/wp-json\/wp\/v2\/types\/page"}],"author":[{"embeddable":true,"href":"https:\/\/www.sisinternational.com\/de\/wp-json\/wp\/v2\/users\/1"}],"replies":[{"embeddable":true,"href":"https:\/\/www.sisinternational.com\/de\/wp-json\/wp\/v2\/comments?post=42386"}],"version-history":[{"count":7,"href":"https:\/\/www.sisinternational.com\/de\/wp-json\/wp\/v2\/pages\/42386\/revisions"}],"predecessor-version":[{"id":81635,"href":"https:\/\/www.sisinternational.com\/de\/wp-json\/wp\/v2\/pages\/42386\/revisions\/81635"}],"up":[{"embeddable":true,"href":"https:\/\/www.sisinternational.com\/de\/wp-json\/wp\/v2\/pages\/14514"}],"wp:featuredmedia":[{"embeddable":true,"href":"https:\/\/www.sisinternational.com\/de\/wp-json\/wp\/v2\/media\/63551"}],"wp:attachment":[{"href":"https:\/\/www.sisinternational.com\/de\/wp-json\/wp\/v2\/media?parent=42386"}],"curies":[{"name":"wp","href":"https:\/\/api.w.org\/{rel}","templated":true}]}}