{"id":42373,"date":"2023-04-14T13:56:41","date_gmt":"2023-04-14T17:56:41","guid":{"rendered":"https:\/\/www.sisinternational.com\/?page_id=42373"},"modified":"2026-01-26T16:54:14","modified_gmt":"2026-01-26T21:54:14","slug":"select-service-hotel-marktforschung","status":"publish","type":"page","link":"https:\/\/www.sisinternational.com\/de\/sachverstand\/select-service-hotel-marktforschung\/","title":{"rendered":"Select Service Hotel Marktforschung"},"content":{"rendered":"<h1 class=\"wp-block-heading\">Select Service Hotel Marktforschung<\/h1>\n\n\n\n<figure class=\"gb-block-image gb-block-image-a964e7b0\"><img loading=\"lazy\" decoding=\"async\" width=\"1456\" height=\"816\" class=\"gb-image gb-image-a964e7b0\" src=\"https:\/\/www.sisinternational.com\/wp-content\/uploads\/2025\/08\/hotel-13.jpg\" alt=\"SIS International Marktforschung &amp; Strategie\" title=\"hotel (13)\" srcset=\"https:\/\/www.sisinternational.com\/wp-content\/uploads\/2025\/08\/hotel-13.jpg 1456w, https:\/\/www.sisinternational.com\/wp-content\/uploads\/2025\/08\/hotel-13-300x168.jpg 300w, https:\/\/www.sisinternational.com\/wp-content\/uploads\/2025\/08\/hotel-13-1024x574.jpg 1024w, https:\/\/www.sisinternational.com\/wp-content\/uploads\/2025\/08\/hotel-13-768x430.jpg 768w, https:\/\/www.sisinternational.com\/wp-content\/uploads\/2025\/08\/hotel-13-18x10.jpg 18w\" sizes=\"auto, (max-width: 1456px) 100vw, 1456px\"><\/figure>\n\n\n\n<p><\/p>\n\n\n\n<p>In einer sich schnell ver\u00e4ndernden Hotelbranche ist es unerl\u00e4sslich, mit den Trends und Erwartungen der Reisenden Schritt zu halten \u2013 und ausgew\u00e4hlte Servicehotels sind eine beliebte Wahl f\u00fcr preisbewusste Touristen, die nach Unterk\u00fcnften h\u00f6chster Qualit\u00e4t suchen, ohne auf Luxus verzichten zu m\u00fcssen. Sie bieten optimale Serviceunterk\u00fcnfte zu angemessenen Preisen und verzichten auf teure Extras.<\/p>\n\n\n\n<p>Daher zielt die Marktforschung f\u00fcr Select-Service-Hotels darauf ab, eine umfassende Analyse des Select-Service-Hotelsektors bereitzustellen, der aufgrund seines ausgewogenen Angebots an wichtigen Annehmlichkeiten und Dienstleistungen zu erschwinglichen Preisen immer beliebter wird.<\/p>\n\n\n\n<h2 class=\"wp-block-heading\">Was ist Marktforschung f\u00fcr Select-Service-Hotels?<\/h2>\n\n\n\n<p>The in-depth select service <a class=\"wpil_keyword_link\" href=\"https:\/\/www.sisinternational.com\/de\/sachverstand\/branchen\/hotelmarktforschung\/\"   title=\"Hotelmarktforschung\" data-wpil-keyword-link=\"linked\"  data-wpil-monitor-id=\"695\">Hotelmarktforschung<\/a> involves the meticulous collection, examination, and understanding of relevant data and information related to the industry. The primary objective of this <a href=\"https:\/\/www.sisinternational.com\/de\/sachverstand\/branchen\/marktforschung-fur-kalidunger\/\" title=\"Marktforschung f\u00fcr Kalid\u00fcngemittel\"  data-wpil-monitor-id=\"3139\">research is to discern the prevailing market<\/a> trends, customer biases, competitive landscape, viable prospects, and challenges potentially affecting the performance and expansion of select service hotels.<\/p>\n\n\n\n<p>With select service <a href=\"https:\/\/www.sisinternational.com\/de\/losungen\/reise-tourismus-und-gastgewerbeberatung\/marktforschung-fur-hotelketten\/\" title=\"Marktforschung f\u00fcr Hotelketten\"  data-wpil-monitor-id=\"3004\">Hotelmarktforschung<\/a>, stakeholders can strengthen their business strategies by leveraging the results of these hotels&#8217; research.<\/p>\n\n\n\n<h2 class=\"wp-block-heading\">Bedeutung der Marktforschung f\u00fcr ausgew\u00e4hlte Servicehotels<\/h2>\n\n\n\n<ul class=\"wp-block-list\">\n<li>By utilizing select service <a href=\"https:\/\/www.sisinternational.com\/de\/sachverstand\/branchen\/marktforschung-fur-hotelmobel\/\" title=\"Marktforschung f\u00fcr Hotelm\u00f6bel\"  data-wpil-monitor-id=\"3828\">Hotelmarktforschung<\/a>, hoteliers can gain insight into the exact requirements and expectations of different customer segments to create personalized offerings that meet their needs. This not only increases guest satisfaction but also enhances service delivery.<\/li>\n\n\n\n<li>Durch die Beobachtung der neuesten Trends im Sektor der Select-Service-Hotellerie, beispielsweise technologischer Durchbr\u00fcche und \u00f6kologischer Initiativen, k\u00f6nnen Hoteliers einen Wettbewerbsvorteil erlangen und gleichzeitig die sich \u00e4ndernden Bed\u00fcrfnisse der Reisenden erf\u00fcllen.<\/li>\n\n\n\n<li>Comprehensive select <a href=\"https:\/\/www.sisinternational.com\/de\/sachverstand\/branchen\/marktforschung-fur-kommunikationsdienstleistungen\/\" title=\"Marktforschung f\u00fcr Kommunikationsdienste\"  data-wpil-monitor-id=\"5695\">service hotel market research<\/a> offers valuable insights into the competitive landscape, unveiling the strengths and weaknesses of prominent players in the industry. These findings enable hoteliers to devise unique and effective strategies that set them apart from their competitors.<\/li>\n\n\n\n<li>Select service <a href=\"https:\/\/www.sisinternational.com\/de\/sachverstand\/branchen\/hotelumfrage-marktforschung\/\" title=\"Hotelumfrage Marktforschung\"  data-wpil-monitor-id=\"6264\">Hotelmarktforschung<\/a> helps discover potential chances for development such as rising markets and new niches, in addition to challenges that could influence the industry like financial changes.<br>Mithilfe von Marktforschung f\u00fcr ausgew\u00e4hlte Servicehotels k\u00f6nnen Hoteliers und Investoren datengest\u00fctzte Entscheidungen treffen, um das Wachstum in der ausgew\u00e4hlten Servicehotelbranche voranzutreiben.<\/li>\n\n\n\n<li>Durch die \u00dcberwachung ihrer Leistung im Vergleich zu Branchenstandards und die Analyse der Konkurrenz k\u00f6nnen ausgew\u00e4hlte Servicehotels Verbesserungsbereiche identifizieren, um eine bessere Position auf dem Markt zu festigen. Auf diese Weise k\u00f6nnen sie \u00c4nderungen vornehmen, die ihre Position als f\u00fchrendes Gastgewerbe ausbauen.<\/li>\n<\/ul>\n\n\n\n<h2 class=\"wp-block-heading\">Aktuelle Trends in der Marktforschung f\u00fcr ausgew\u00e4hlte Servicehotels<\/h2>\n\n\n\n<figure class=\"gb-block-image gb-block-image-69a99df0\"><img loading=\"lazy\" decoding=\"async\" width=\"1456\" height=\"816\" class=\"gb-image gb-image-69a99df0\" src=\"https:\/\/www.sisinternational.com\/wp-content\/uploads\/2025\/08\/hotel-14.jpg\" alt=\"SIS International Marktforschung &amp; Strategie\" title=\"hotel (14)\" srcset=\"https:\/\/www.sisinternational.com\/wp-content\/uploads\/2025\/08\/hotel-14.jpg 1456w, https:\/\/www.sisinternational.com\/wp-content\/uploads\/2025\/08\/hotel-14-300x168.jpg 300w, https:\/\/www.sisinternational.com\/wp-content\/uploads\/2025\/08\/hotel-14-1024x574.jpg 1024w, https:\/\/www.sisinternational.com\/wp-content\/uploads\/2025\/08\/hotel-14-768x430.jpg 768w, https:\/\/www.sisinternational.com\/wp-content\/uploads\/2025\/08\/hotel-14-18x10.jpg 18w\" sizes=\"auto, (max-width: 1456px) 100vw, 1456px\"><\/figure>\n\n\n\n<p><\/p>\n\n\n\n<p>Die Studie deckt die neuesten und aufkommenden Trends in ausgew\u00e4hlten Servicehotels auf und zeigt eine Reihe von Faktoren auf, die die aktuelle Dynamik der Branche sowie ihre zuk\u00fcnftige Ausrichtung pr\u00e4gen. Einige wichtige Beispiele sind:<\/p>\n\n\n\n<ul class=\"wp-block-list\">\n<li><strong>Personalisierung:<\/strong> Im Zeitalter der Personalisierung geben sich Reisende nicht mehr mit Standardservices zufrieden. Select-Service-Hotels haben sich weiterentwickelt, um diesen Bed\u00fcrfnissen mit hochgradig personalisierten Angeboten gerecht zu werden, die die Zufriedenheit der G\u00e4ste gew\u00e4hrleisten.<\/li>\n\n\n\n<li><strong>Technologieintegration:<\/strong> Die Hotelbranche erlebt derzeit eine gro\u00dfe Revolution, um das G\u00e4steerlebnis zu verbessern. Intelligente Zimmerfunktionen, kontaktlose Zahlungsl\u00f6sungen und mobile Check-in\/Check-out-Systeme sind nur einige Beispiele daf\u00fcr, wie dieser Sektor seine Abl\u00e4ufe verbessert und den G\u00e4sten gleichzeitig ein noch nie dagewesenes Erlebnis bietet.<\/li>\n\n\n\n<li><strong>Nachhaltigkeit:<\/strong> Da das Umweltbewusstsein zunimmt, nutzen ausgew\u00e4hlte Servicehotels nachhaltige Praktiken, um umweltbewusste Reisende anzulocken und ihr Markenimage weiter zu verbessern. Dazu geh\u00f6ren Abfallminimierung, Energieeinsparung und die Verwendung umweltfreundlicher Produkte.<\/li>\n\n\n\n<li><strong>Gesundheit und Wellness:<\/strong> Die zunehmende Bedeutung von Gesundheit und Wohlbefinden unter Reisenden hat ausgew\u00e4hlte Servicehotels dazu veranlasst, Dienstleistungen anzubieten, bei denen das Wohlbefinden im Vordergrund steht, wie etwa Fitnesscenter und Chill-out-Zonen zum Stressabbau.<\/li>\n\n\n\n<li><strong>Coworking- und Hybridr\u00e4ume:<\/strong> Ausgew\u00e4hlte Servicehotels haben den Trend zur Telearbeit aufgegriffen und multifunktionale Coworking-Bereiche geschaffen, um Gesch\u00e4fts- und Urlaubsreisenden flexiblere Arbeitsbereiche zu bieten.<\/li>\n\n\n\n<li><strong>Strategische Partnerschaften und Allianzen:<\/strong> Um den Kundenbed\u00fcrfnissen noch besser gerecht zu werden, gehen ausgew\u00e4hlte Servicehotels aktiv vorteilhafte Partnerschaften mit Fluggesellschaften, Autovermietungen und lokalen Reiseveranstaltern ein.<\/li>\n<\/ul>\n\n\n\n<h2 class=\"wp-block-heading\">Chancen und Herausforderungen der Select-Service-Hotelmarktforschung<\/h2>\n\n\n\n<p>Die Marktforschung f\u00fcr ausgew\u00e4hlte Servicehotels bietet sowohl Chancen als auch Herausforderungen f\u00fcr Hoteliers, Investoren und Branchenteilnehmer. Einige der wichtigsten Chancen und Herausforderungen sind die folgenden:<\/p>\n\n\n\n<h3 class=\"wp-block-heading\">Gelegenheiten<\/h3>\n\n\n\n<ul class=\"wp-block-list\">\n<li><strong>Schwellenl\u00e4nder:<\/strong> Die Erschlie\u00dfung neuer M\u00e4rkte k\u00f6nnte Service-Hotels ein au\u00dferordentliches Wachstumspotenzial und eine gr\u00f6\u00dfere Kundenbasis bieten.<\/li>\n\n\n\n<li><strong>Technologische Fortschritte:<\/strong> Durch die Integration modernster Technologien k\u00f6nnen ausgew\u00e4hlte Servicehotels das G\u00e4steerlebnis auf die n\u00e4chste Stufe heben, gleichzeitig ihre Betriebsabl\u00e4ufe optimieren und der Konkurrenz einen Schritt voraus sein.<\/li>\n\n\n\n<li><strong>Nischenm\u00e4rkte:<\/strong> Durch die gezielte Ansprache und Anpassung an M\u00e4rkte, die Umweltbewusste, Gesch\u00e4ftsnomaden oder andere spezielle Segmente von Reisenden ansprechen, k\u00f6nnen ausgew\u00e4hlte Servicehotels ein einzigartiges Verkaufsargument schaffen und treue Kunden gewinnen.<\/li>\n\n\n\n<li><strong>Strategische Partnerschaft:<\/strong> Durch Partnerschaften mit Unternehmen verwandter Branchen k\u00f6nnen ausgew\u00e4hlte Servicehotels ihren Kunden erweiterte Dienstleistungen anbieten, unerschlossene M\u00e4rkte erschlie\u00dfen und sich einen Wettbewerbsvorteil verschaffen. Strategische Allianzen sind f\u00fcr diese Unternehmen eine effektive M\u00f6glichkeit, sich von der Masse abzuheben.<\/li>\n\n\n\n<li><strong>Anpassung an ver\u00e4nderte Vorlieben:<\/strong> Ausgew\u00e4hlte Servicehotels sind in Bezug auf Kundenanforderungen und Trends immer einen Schritt voraus und k\u00f6nnen ihre Dienstleistungen und Annehmlichkeiten st\u00e4ndig weiterentwickeln, um den Bed\u00fcrfnissen ihrer G\u00e4ste gerecht zu werden.<\/li>\n<\/ul>\n\n\n\n<h3 class=\"wp-block-heading\">Herausforderungen<\/h3>\n\n\n\n<ul class=\"wp-block-list\">\n<li><strong>Konjunkturelle Schwankungen:<\/strong> Die Hotellerie mit exklusivem Service ist besonders anf\u00e4llig f\u00fcr Konjunkturschwankungen, die die Verbraucherausgaben und die Nachfrage nach Unterk\u00fcnften erheblich beeinflussen k\u00f6nnen. Hotels m\u00fcssen daher darauf vorbereitet sein, schnell zu reagieren, wenn sich die Marktbedingungen unerwartet \u00e4ndern.<\/li>\n\n\n\n<li><strong>Wettbewerb:<\/strong> Um erfolgreich zu bleiben, m\u00fcssen sich ausgew\u00e4hlte Servicehotels von traditionellen Beherbergungssegmenten und modernen Alternativen wie Ferienwohnungen und gro\u00dfen Sharing-Economy-Plattformen abheben. Um auf dem Markt relevant zu bleiben, ist es unerl\u00e4sslich, ihr Angebot weiterzuentwickeln, um Markttrends gerecht zu werden.<\/li>\n\n\n\n<li><strong>Herausforderungen bei der Personalbesetzung:<\/strong> F\u00fcr Hotels mit begrenztem Service kann es schwierig sein, talentierte Mitarbeiter zu gewinnen und zu halten. Gl\u00fccklicherweise kann dieses Problem gemildert werden, indem man wettbewerbsf\u00e4hige Verg\u00fctungspl\u00e4ne und Mitarbeitervorteile anbietet und eine positive Arbeitsatmosph\u00e4re schafft.<\/li>\n\n\n\n<li><strong>Einhaltung gesetzlicher Vorschriften:<\/strong> Servicehotels m\u00fcssen eine Vielzahl von Vorschriften und Branchenstandards sorgf\u00e4ltig gegeneinander abw\u00e4gen, um die Einhaltung sicherzustellen und so hohe Geldstrafen oder ernsthafte Reputationssch\u00e4den zu vermeiden.<\/li>\n<\/ul>\n\n\n\n<h2 class=\"wp-block-heading\">Zukunftsaussichten der Marktforschung f\u00fcr Select-Service-Hotels<\/h2>\n\n\n\n<figure class=\"gb-block-image gb-block-image-75110c95\"><img loading=\"lazy\" decoding=\"async\" width=\"1456\" height=\"816\" class=\"gb-image gb-image-75110c95\" src=\"https:\/\/www.sisinternational.com\/wp-content\/uploads\/2025\/08\/hotel-12.jpg\" alt=\"SIS International Marktforschung &amp; Strategie\" title=\"hotel (12)\" srcset=\"https:\/\/www.sisinternational.com\/wp-content\/uploads\/2025\/08\/hotel-12.jpg 1456w, https:\/\/www.sisinternational.com\/wp-content\/uploads\/2025\/08\/hotel-12-300x168.jpg 300w, https:\/\/www.sisinternational.com\/wp-content\/uploads\/2025\/08\/hotel-12-1024x574.jpg 1024w, https:\/\/www.sisinternational.com\/wp-content\/uploads\/2025\/08\/hotel-12-768x430.jpg 768w, https:\/\/www.sisinternational.com\/wp-content\/uploads\/2025\/08\/hotel-12-18x10.jpg 18w\" sizes=\"auto, (max-width: 1456px) 100vw, 1456px\"><\/figure>\n\n\n\n<p><\/p>\n\n\n\n<p>Die Zukunft der Marktforschung f\u00fcr Select-Service-Hotels wird voraussichtlich von mehreren Trends und Faktoren bestimmt, die ihr Wachstum steuern werden. Einige wichtige Elemente, die diesen Sektor wahrscheinlich pr\u00e4gen werden, sind:<\/p>\n\n\n\n<ul class=\"wp-block-list\">\n<li><strong>Kontinuierlicher Fokus auf Personalisierung:<\/strong> Da sich die Erwartungen der Reisenden weiterentwickeln und \u00e4ndern, sollten ausgew\u00e4hlte Servicehotels der Personalisierung so viel wie m\u00f6glich Priorit\u00e4t einr\u00e4umen. Sie m\u00fcssen datengesteuerte Erkenntnisse und Technologien nutzen, um ma\u00dfgeschneiderte Erlebnisse zu schaffen, die die individuellen Bed\u00fcrfnisse jedes Gastes erf\u00fcllen.<\/li>\n\n\n\n<li><strong>Einsatz modernster Technologie:<\/strong> Mit der zunehmenden Verbreitung moderner Technologien werden ausgew\u00e4hlte Servicehotels wahrscheinlich von diesem Zustrom profitieren, indem sie KI, IoT und maschinelles Lernen integrieren. Diese Technologien k\u00f6nnen das G\u00e4steerlebnis revolutionieren, die Betriebseffizienz optimieren und durch pr\u00e4diktive Analysen wertvolle Erkenntnisse f\u00fcr eine bessere Entscheidungsfindung liefern.<\/li>\n\n\n\n<li><strong>Aufstieg der Sharing Economy:<\/strong> Da die Sharing Economy, wie beispielsweise Airbnb, weiterhin die Trends im Gastgewerbe pr\u00e4gt, m\u00fcssen sich ausgew\u00e4hlte Servicehotels weiterentwickeln, indem sie einzigartige Wertangebote machen und sich von anderen Unterkunftsm\u00f6glichkeiten abheben.<\/li>\n\n\n\n<li><strong>Schwerpunkt auf Nachhaltigkeit und sozialer Verantwortung:<\/strong> Das wachsende Umweltbewusstsein und die zunehmende soziale Verantwortung werden ausgew\u00e4hlte Servicehotels dazu bewegen, nachhaltigere Praktiken einzuf\u00fchren und sich an Initiativen zur sozialen Verantwortung des Unternehmens zu beteiligen, um umwelt- und sozialbewusste Reisende anzusprechen.<\/li>\n\n\n\n<li><strong>Steigende Nachfrage nach Erlebnisreisen:<\/strong> Da immer mehr Touristen auf ihrer Reise nach exklusiven, authentischen Erlebnissen suchen, m\u00fcssen ausgew\u00e4hlte Servicehotels diesen Trend nutzen, indem sie umfassende lokale Ausfl\u00fcge anbieten, bei denen das Erbe und die Sehensw\u00fcrdigkeiten des Reiseziels im Mittelpunkt stehen.<\/li>\n<\/ul>\n\n\n\n<p>SIS International bietet quantitative, qualitative und strategische Forschung an. Wir liefern Daten, Tools, Strategien, Berichte und Erkenntnisse zur Entscheidungsfindung. Wir f\u00fchren Interviews, Umfragen, Fokusgruppen und viele andere Methoden und Ans\u00e4tze der Marktforschung durch. Kontaktieren Sie uns f\u00fcr Ihr n\u00e4chstes Marktforschungsprojekt.<\/p>","protected":false},"excerpt":{"rendered":"<p>Ausgew\u00e4hlte Servicehotels sind eine beliebte Wahl f\u00fcr preisbewusste Touristen, die eine hochwertige Unterkunft suchen, ohne auf Luxus verzichten zu m\u00fcssen.<\/p>","protected":false},"author":1,"featured_media":63513,"parent":14514,"menu_order":255,"comment_status":"closed","ping_status":"closed","template":"","meta":{"footnotes":""},"class_list":["post-42373","page","type-page","status-publish","has-post-thumbnail"],"_links":{"self":[{"href":"https:\/\/www.sisinternational.com\/de\/wp-json\/wp\/v2\/pages\/42373","targetHints":{"allow":["GET"]}}],"collection":[{"href":"https:\/\/www.sisinternational.com\/de\/wp-json\/wp\/v2\/pages"}],"about":[{"href":"https:\/\/www.sisinternational.com\/de\/wp-json\/wp\/v2\/types\/page"}],"author":[{"embeddable":true,"href":"https:\/\/www.sisinternational.com\/de\/wp-json\/wp\/v2\/users\/1"}],"replies":[{"embeddable":true,"href":"https:\/\/www.sisinternational.com\/de\/wp-json\/wp\/v2\/comments?post=42373"}],"version-history":[{"count":9,"href":"https:\/\/www.sisinternational.com\/de\/wp-json\/wp\/v2\/pages\/42373\/revisions"}],"predecessor-version":[{"id":79848,"href":"https:\/\/www.sisinternational.com\/de\/wp-json\/wp\/v2\/pages\/42373\/revisions\/79848"}],"up":[{"embeddable":true,"href":"https:\/\/www.sisinternational.com\/de\/wp-json\/wp\/v2\/pages\/14514"}],"wp:featuredmedia":[{"embeddable":true,"href":"https:\/\/www.sisinternational.com\/de\/wp-json\/wp\/v2\/media\/63513"}],"wp:attachment":[{"href":"https:\/\/www.sisinternational.com\/de\/wp-json\/wp\/v2\/media?parent=42373"}],"curies":[{"name":"wp","href":"https:\/\/api.w.org\/{rel}","templated":true}]}}