{"id":42362,"date":"2023-04-13T19:20:35","date_gmt":"2023-04-13T23:20:35","guid":{"rendered":"https:\/\/www.sisinternational.com\/?page_id=42362"},"modified":"2026-01-26T16:58:36","modified_gmt":"2026-01-26T21:58:36","slug":"marktforschung-fur-tiernahrung","status":"publish","type":"page","link":"https:\/\/www.sisinternational.com\/de\/sachverstand\/marktforschung-fur-tiernahrung\/","title":{"rendered":"Marktforschung f\u00fcr Tiernahrung"},"content":{"rendered":"<h1 class=\"wp-block-heading\">Marktforschung f\u00fcr Tiernahrung<\/h1>\n\n\n\n<figure class=\"gb-block-image gb-block-image-15f078a1\"><img loading=\"lazy\" decoding=\"async\" width=\"1456\" height=\"816\" class=\"gb-image gb-image-15f078a1\" src=\"https:\/\/www.sisinternational.com\/wp-content\/uploads\/2025\/08\/Pets-dogs-cats-5.jpg\" alt=\"SIS International Marktforschung &amp; Strategie\" title=\"Pets dogs cats (5)\" srcset=\"https:\/\/www.sisinternational.com\/wp-content\/uploads\/2025\/08\/Pets-dogs-cats-5.jpg 1456w, https:\/\/www.sisinternational.com\/wp-content\/uploads\/2025\/08\/Pets-dogs-cats-5-300x168.jpg 300w, https:\/\/www.sisinternational.com\/wp-content\/uploads\/2025\/08\/Pets-dogs-cats-5-1024x574.jpg 1024w, https:\/\/www.sisinternational.com\/wp-content\/uploads\/2025\/08\/Pets-dogs-cats-5-768x430.jpg 768w, https:\/\/www.sisinternational.com\/wp-content\/uploads\/2025\/08\/Pets-dogs-cats-5-18x10.jpg 18w\" sizes=\"auto, (max-width: 1456px) 100vw, 1456px\"><\/figure>\n\n\n\n<p><\/p>\n\n\n\n<p>Die Marktforschung f\u00fcr Tiernahrung ist eine methodische Methode zum Sammeln, Analysieren und Interpretieren von Statistiken und Informationen im Zusammenhang mit der Tiernahrungsbranche. Die Marktforschung bietet Einblicke in verschiedene Aspekte des Tiernahrungsmarktes, darunter Marktgr\u00f6\u00dfe, Verbraucherpr\u00e4ferenzen, Trends, Wettbewerbsumfeld, wichtige Akteure, Vertriebskan\u00e4le und mehr. Daten und Strategien der Marktforschung f\u00fcr Tiernahrung decken die Herstellung und Vermarktung von Futterprodukten f\u00fcr Haustiere ab, haupts\u00e4chlich Katzen und Hunde, aber auch Futter f\u00fcr andere Haustiere wie V\u00f6gel, Fische und Kleins\u00e4uger.<\/p>\n\n\n\n<p>Pet <a href=\"https:\/\/www.sisinternational.com\/de\/losungen\/qsr-lebensmittelmarktforschung\/\" title=\"QSR Food Marktforschung\"  data-wpil-monitor-id=\"2310\">food market research<\/a> provides insights to pet food manufacturers, retailers, and other stakeholders to make informed decisions, develop effective marketing strategies, and identify opportunities for growth in the dynamic and competitive pet food market.<\/p>\n\n\n\n<h2 class=\"wp-block-heading\">Branchen\u00fcbersicht zur Marktforschung f\u00fcr Tiernahrung<\/h2>\n\n\n\n<p>According to data and strategies in pet <a href=\"https:\/\/www.sisinternational.com\/de\/sachverstand\/branchen\/marktforschung-fur-tiefkuhlkost\/\" title=\"Marktforschung f\u00fcr Tiefk\u00fchlkost\"  data-wpil-monitor-id=\"3120\">food market research<\/a>, the pet food market worldwide is highly competitive, with several key players dominating the industry. The pet food market has experienced increasing growth in recent years, driven by the growing demands for pet ownership, changing consumer preferences, and evolving pet food trends.<\/p>\n\n\n\n<p>Pet <a href=\"https:\/\/www.sisinternational.com\/de\/sachverstand\/branchen\/marktforschung-fur-fast-food-franchises\/\" title=\"Marktforschung f\u00fcr Fast-Food-Franchises\"  data-wpil-monitor-id=\"3998\">food market research<\/a> provides insights into the industry&#8217;s overall landscape, including its size, segmentation, key players, and trends that can impact its growth. The industry overview of the pet food market, along with the trends that are driving its growth are discussed below.<\/p>\n\n\n\n<h2 class=\"wp-block-heading\">Produkttypen<\/h2>\n\n\n\n<figure class=\"gb-block-image gb-block-image-f2693169\"><img loading=\"lazy\" decoding=\"async\" width=\"1456\" height=\"816\" class=\"gb-image gb-image-f2693169\" src=\"https:\/\/www.sisinternational.com\/wp-content\/uploads\/2025\/08\/Pets-dogs-cats-8.jpg\" alt=\"SIS International Marktforschung &amp; Strategie\" title=\"Pets dogs cats (8)\" srcset=\"https:\/\/www.sisinternational.com\/wp-content\/uploads\/2025\/08\/Pets-dogs-cats-8.jpg 1456w, https:\/\/www.sisinternational.com\/wp-content\/uploads\/2025\/08\/Pets-dogs-cats-8-300x168.jpg 300w, https:\/\/www.sisinternational.com\/wp-content\/uploads\/2025\/08\/Pets-dogs-cats-8-1024x574.jpg 1024w, https:\/\/www.sisinternational.com\/wp-content\/uploads\/2025\/08\/Pets-dogs-cats-8-768x430.jpg 768w, https:\/\/www.sisinternational.com\/wp-content\/uploads\/2025\/08\/Pets-dogs-cats-8-18x10.jpg 18w\" sizes=\"auto, (max-width: 1456px) 100vw, 1456px\"><\/figure>\n\n\n\n<p><\/p>\n\n\n\n<p>Below are some of the categories of pet food that cater to different types of pets and their specific nutritional requirements. Collection of data and strategies in Pet <a href=\"https:\/\/www.sisinternational.com\/de\/sachverstand\/branchen\/marktforschung-zu-diatnahrung-und-gewichtsverlust\/\" title=\"Marktforschung f\u00fcr Di\u00e4tnahrung und Gewichtsabnahme\"  data-wpil-monitor-id=\"5657\">Food Market Research<\/a> include some of the common categories of pet food include, but are not limited to, the following:<\/p>\n\n\n\n<p><strong>Nasses Tierfutter<\/strong><\/p>\n\n\n\n<p>Nassfutter, auch als Dosen- oder Feuchtfutter bezeichnet, hat einen h\u00f6heren Feuchtigkeitsgehalt als Trockenfutter. Es hat normalerweise eine weichere Textur und ist in Dosen oder Beuteln verpackt. Haustiere finden Nassfutter m\u00f6glicherweise appetitlicher und verlockender, insbesondere solche, die Zahnprobleme haben oder mehr Fl\u00fcssigkeit ben\u00f6tigen.<\/p>\n\n\n\n<p><strong>Trockenfutter f\u00fcr Haustiere<\/strong><\/p>\n\n\n\n<p>Normalerweise als Trockenfutter bezeichnet, ist es die am h\u00e4ufigsten verwendete und am leichtesten erh\u00e4ltliche Art von Tierfutter. Es ist normalerweise in Form von trockenen Pellets oder Nuggets erh\u00e4ltlich und hat eine lange Haltbarkeit. Trockenfutter ist praktisch, wirtschaftlich und bietet Tieren eine ausgewogene Ern\u00e4hrung.<\/p>\n\n\n\n<p><strong>Gefriergetrocknetes oder dehydriertes Tierfutter<\/strong><\/p>\n\n\n\n<p>Bei der Herstellung dieser Art von Tierfutter wird den Rohbestandteilen die Feuchtigkeit entzogen, normalerweise durch Gefriertrocknung oder Dehydratisierung. Dadurch ist das Futter nicht nur l\u00e4nger haltbar und praktischer zu lagern, sondern der N\u00e4hrstoffgehalt des Rohfutters bleibt auch erhalten.<\/p>\n\n\n\n<p><strong>Rohes Tierfutter<\/strong><\/p>\n\n\n\n<p>Rohes Tierfutter ist eine besondere Art von Tierfutter, das oft als Rohfutter oder BARF (Biologically Appropriate Raw Food) bezeichnet wird. Es wird aus rohen, ungekochten Nahrungsmitteln wie Fleisch, Knochen und Gem\u00fcse hergestellt. Es ist bei Tierbesitzern beliebt, die ein nat\u00fcrlicheres und unverarbeitetes Futter f\u00fcr ihre Tiere w\u00e4hlen, da es die nat\u00fcrliche Ern\u00e4hrung von Haustieren in der Wildnis nachahmt.<\/p>\n\n\n\n<p><strong>Biologisches oder nat\u00fcrliches Tierfutter<\/strong><\/p>\n\n\n\n<p>Diese Kategorie von Tiernahrung wird ohne den Einsatz k\u00fcnstlicher Konservierungsstoffe, Farbstoffe oder Aromen hergestellt und besteht aus Produkten, die entweder biologisch zertifiziert sind oder nur minimal verarbeitet wurden. Sie wird h\u00e4ufig als ges\u00fcndere und umweltfreundlichere L\u00f6sung f\u00fcr Haustiere beworben und lockt damit Tierbesitzer an, denen die Umwelt am Herzen liegt.<\/p>\n\n\n\n<p><strong>Getreidefreies oder zutatenarmes Tierfutter<\/strong><\/p>\n\n\n\n<p>Haustiere mit Nahrungsmittelunvertr\u00e4glichkeiten, Allergien oder di\u00e4tetischen Einschr\u00e4nkungen k\u00f6nnen getreidefreies oder zutatenarmes Tierfutter fressen, da es nur aus wenigen Zutaten besteht. Es wird h\u00e4ufig als Premium- oder Spezialprodukt f\u00fcr Tiere mit bestimmten Ern\u00e4hrungsbed\u00fcrfnissen beworben.<\/p>\n\n\n\n<p>Dies sind einige der g\u00e4ngigen Kategorien von Tierfutter auf dem Markt, die jeweils auf unterschiedliche Tierarten, Ern\u00e4hrungsbed\u00fcrfnisse und Verbraucherpr\u00e4ferenzen zugeschnitten sind. Marktforschung liefert Erkenntnisse dar\u00fcber, wie wichtig es ist, die spezifischen Bed\u00fcrfnisse und Vorlieben von Haustieren sowie die Vorlieben der Tierbesitzer zu ber\u00fccksichtigen, wenn die geeignete Kategorie von Tierfutter f\u00fcr ein bestimmtes Marktsegment oder eine bestimmte Zielgruppe ausgew\u00e4hlt wird.<\/p>\n\n\n\n<h2 class=\"wp-block-heading\"><strong>Trends, die die Tierfutterindustrie vorantreiben<\/strong><\/h2>\n\n\n\n<figure class=\"gb-block-image gb-block-image-edf6883c\"><img loading=\"lazy\" decoding=\"async\" width=\"1456\" height=\"816\" class=\"gb-image gb-image-edf6883c\" src=\"https:\/\/www.sisinternational.com\/wp-content\/uploads\/2025\/08\/Pets-dogs-cats-3.jpg\" alt=\"SIS International Marktforschung &amp; Strategie\" title=\"Pets dogs cats (3)\" srcset=\"https:\/\/www.sisinternational.com\/wp-content\/uploads\/2025\/08\/Pets-dogs-cats-3.jpg 1456w, https:\/\/www.sisinternational.com\/wp-content\/uploads\/2025\/08\/Pets-dogs-cats-3-300x168.jpg 300w, https:\/\/www.sisinternational.com\/wp-content\/uploads\/2025\/08\/Pets-dogs-cats-3-1024x574.jpg 1024w, https:\/\/www.sisinternational.com\/wp-content\/uploads\/2025\/08\/Pets-dogs-cats-3-768x430.jpg 768w, https:\/\/www.sisinternational.com\/wp-content\/uploads\/2025\/08\/Pets-dogs-cats-3-18x10.jpg 18w\" sizes=\"auto, (max-width: 1456px) 100vw, 1456px\"><\/figure>\n\n\n\n<p><\/p>\n\n\n\n<p>Der Fortschritt des Tierfuttermarktes wird durch eine Reihe von Faktoren beschleunigt. Die wesentlichen Faktoren, die das Wachstum dieses dynamischen Marktes ankurbeln, werden untersucht.<\/p>\n\n\n\n<p><strong>Vermenschlichung von Haustieren<\/strong><\/p>\n\n\n\n<p>Tierbesitzer behandeln ihre Tiere immer h\u00e4ufiger als Familienmitglieder und suchen nach Tierfutter, das in Bezug auf N\u00e4hrstoffe und Qualit\u00e4t mit menschlicher Nahrung vergleichbar ist. Dieses Muster hat die Nachfrage nach hochwertigen, rein nat\u00fcrlichen Tierfutterprodukten erh\u00f6ht, die aus erstklassigen Zutaten und frei von k\u00fcnstlichen Zusatzstoffen, Konservierungsmitteln und F\u00fcllstoffen hergestellt werden. Wenn Futter die Verdauung, das Gewichtskontrolle und die allgemeine Gesundheit unterst\u00fctzt, sind Tierbesitzer bereit, f\u00fcr ihre Tiere mehr Geld auszugeben.<\/p>\n\n\n\n<p><strong>Fokus auf Gesundheit und Wohlbefinden von Haustieren<\/strong><\/p>\n\n\n\n<p>Die Nachfrage nach Tiernahrung wird durch die stetig steigende Zahl von Haustierbesitzern weltweit angetrieben. Seit der COVID-19-Pandemie, als viele Menschen Trost in der Haustierhaltung suchten, werden Haustiere heute als Freunde angesehen, die emotionale Unterst\u00fctzung und Gesellschaft bieten. Aufgrund des wachsenden Trends zur Haustierhaltung haben Tierfutterhersteller heute einen breiteren Kundenstamm, was das Marktwachstum und den Umsatz verbessert hat.<\/p>\n\n\n\n<p><strong>Zunehmende Haustierhaltung<\/strong><\/p>\n\n\n\n<p>Die Zahl der Haustierbesitzer weltweit nimmt stetig zu, was die Nachfrage nach Tierfutterprodukten antreibt. Haustiere werden heute als Gef\u00e4hrten betrachtet, die emotionale Unterst\u00fctzung und Gesellschaft bieten, insbesondere w\u00e4hrend der COVID-19-Pandemie, als viele Menschen sich aus Trost an Haustiere klammerten. Der steigende Trend zur Haustierhaltung hat eine gr\u00f6\u00dfere Kundenbasis f\u00fcr Tierfutterhersteller geschaffen, was zu h\u00f6heren Ums\u00e4tzen und Marktwachstum gef\u00fchrt hat.<\/p>\n\n\n\n<p><strong>E-Commerce und digitales Marketing<\/strong><\/p>\n\n\n\n<p>Aufgrund der Zunahme von Online-K\u00e4ufen von Tiernahrung hat sich der Tiernahrungssektor deutlich in Richtung E-Commerce und digitales Marketing gewandelt. Internet-Einzelhandelskan\u00e4le bieten Komfort, einfachen Zugang zu einer Vielzahl von Waren und erschwingliche Preise. Um Verbraucher erfolgreich anzusprechen und mit ihnen zu interagieren, nutzen Tiernahrungsunternehmen digitale Marketingtaktiken wie Social-Media-Marketing, Influencer-Kooperationen und Online-Werbung.<\/p>\n\n\n\n<p><strong>Anpassung und Personalisierung<\/strong><\/p>\n\n\n\n<p>Tierbesitzer suchen nach Tierfutter, das auf die speziellen Bed\u00fcrfnisse, den Geschmack und die Ern\u00e4hrungsbed\u00fcrfnisse ihrer Tiere abgestimmt ist. Daraus ergibt sich der Bedarf an spezialisiertem und ma\u00dfgeschneidertem Tierfutter mit Alternativen f\u00fcr verschiedene Tierrassen, -altersstufen, -gr\u00f6\u00dfen und -gesundheitszust\u00e4nde. Unternehmen, die Tierfutter herstellen, nutzen datengesteuerte Erkenntnisse und Technologien, um individuelle Tierfutterrezepturen, Portionsgr\u00f6\u00dfen und Lieferoptionen zu entwickeln, die auf die Bed\u00fcrfnisse bestimmter Haustiere zugeschnitten sind.<\/p>\n\n\n\n<p><strong>Um <a href=\"https:\/\/www.sisinternational.com\/de\/sachverstand\/branchen\/marktforschung-fur-heimtierpflege\/\" title=\"Marktforschung f\u00fcr Heimtierpflege\"  data-wpil-monitor-id=\"6316\">Marktforschung f\u00fcr Tiernahrung<\/a><\/strong><\/p>\n\n\n\n<p>Marktforschung f\u00fcr Tiernahrung ist f\u00fcr Tierfutterunternehmen von entscheidender Bedeutung, da sie wichtige Informationen zu Marktdynamik, Verbraucherpr\u00e4ferenzen, Trends und Wettbewerb liefert und ihnen hilft, fundierte Entscheidungen zu treffen und wirksame Marketingstrategien zu entwickeln. Sie hilft dabei, Marktchancen zu erkennen, Kundenbed\u00fcrfnisse zu verstehen, Produktangebote, Preise und Vertriebskan\u00e4le zu optimieren und der Konkurrenz einen Schritt voraus zu sein. Marktforschung f\u00fcr Tiernahrung erm\u00f6glicht es Unternehmensinhabern, datengesteuerte Entscheidungen zu treffen, Risiken zu minimieren und ihre Erfolgschancen in der wettbewerbsintensiven Tierfutterbranche zu maximieren.<\/p>","protected":false},"excerpt":{"rendered":"<p>Durch Marktforschung im Bereich Tiernahrung erhalten Tierfutterhersteller, Einzelh\u00e4ndler und andere Interessengruppen Einblicke in die Entscheidungsfindung.<\/p>","protected":false},"author":1,"featured_media":63854,"parent":14514,"menu_order":252,"comment_status":"closed","ping_status":"closed","template":"","meta":{"footnotes":""},"class_list":["post-42362","page","type-page","status-publish","has-post-thumbnail"],"_links":{"self":[{"href":"https:\/\/www.sisinternational.com\/de\/wp-json\/wp\/v2\/pages\/42362","targetHints":{"allow":["GET"]}}],"collection":[{"href":"https:\/\/www.sisinternational.com\/de\/wp-json\/wp\/v2\/pages"}],"about":[{"href":"https:\/\/www.sisinternational.com\/de\/wp-json\/wp\/v2\/types\/page"}],"author":[{"embeddable":true,"href":"https:\/\/www.sisinternational.com\/de\/wp-json\/wp\/v2\/users\/1"}],"replies":[{"embeddable":true,"href":"https:\/\/www.sisinternational.com\/de\/wp-json\/wp\/v2\/comments?post=42362"}],"version-history":[{"count":8,"href":"https:\/\/www.sisinternational.com\/de\/wp-json\/wp\/v2\/pages\/42362\/revisions"}],"predecessor-version":[{"id":79899,"href":"https:\/\/www.sisinternational.com\/de\/wp-json\/wp\/v2\/pages\/42362\/revisions\/79899"}],"up":[{"embeddable":true,"href":"https:\/\/www.sisinternational.com\/de\/wp-json\/wp\/v2\/pages\/14514"}],"wp:featuredmedia":[{"embeddable":true,"href":"https:\/\/www.sisinternational.com\/de\/wp-json\/wp\/v2\/media\/63854"}],"wp:attachment":[{"href":"https:\/\/www.sisinternational.com\/de\/wp-json\/wp\/v2\/media?parent=42362"}],"curies":[{"name":"wp","href":"https:\/\/api.w.org\/{rel}","templated":true}]}}